{"id":3822,"date":"2023-05-19T16:36:58","date_gmt":"2023-05-19T08:36:58","guid":{"rendered":"http:\/\/qingdaohf.com\/?post_type=product&#038;p=3822"},"modified":"2025-11-13T09:05:11","modified_gmt":"2025-11-13T01:05:11","slug":"g215-shackle","status":"publish","type":"product","link":"https:\/\/qingdaohf.com\/hu\/termek\/g213-g215-horganyzott-bilincs\/","title":{"rendered":"G215 Horganyzott bilincs"},"content":{"rendered":"<p class=\"\" data-start=\"525\" data-end=\"1183\">A G215 bilincs a robusztus m\u00e9rn\u00f6ki munka \u00e9s a kifinomult k\u00e9zm\u0171vess\u00e9g kever\u00e9k\u00e9t testes\u00edti meg, amely sz\u00e1mos ipari alkalmaz\u00e1shoz k\u00e9sz\u00fclt. A r\u00e9szletekre val\u00f3 apr\u00f3l\u00e9kos odafigyel\u00e9ssel k\u00e9sz\u00fclt term\u00e9ket \u00fagy fejlesztett\u00e9k ki, hogy megfeleljen a szigor\u00fa min\u0151s\u00e9g-ellen\u0151rz\u00e9si el\u0151\u00edr\u00e1soknak, mik\u00f6zben praktikus megold\u00e1st k\u00edn\u00e1l az \u00f6sszetett k\u00f6t\u00e9lzeti ig\u00e9nyekre. Az ellen\u00e1ll\u00f3 k\u00e9pess\u00e9gre tervezett G215 Shackle kiv\u00e9teles egyens\u00falyt mutat a teherb\u00edr\u00f3 er\u0151 \u00e9s a m\u0171k\u00f6d\u00e9si hat\u00e9konys\u00e1g k\u00f6z\u00f6tt, \u00e9s megfelel a neh\u00e9z feladatok sor\u00e1n felmer\u00fcl\u0151 k\u00fcl\u00f6nf\u00e9le kih\u00edv\u00e1soknak. Kialak\u00edt\u00e1sa az anyagtudom\u00e1ny leg\u00fajabb v\u00edvm\u00e1nyait t\u00fckr\u00f6zi, biztos\u00edtva, hogy minden egys\u00e9g megb\u00edzhat\u00f3an teljes\u00edtsen kedvez\u0151tlen k\u00f6r\u00fclm\u00e9nyek k\u00f6z\u00f6tt is.<\/p>\n<h2 class=\"\" data-start=\"1185\" data-end=\"1223\">Specifik\u00e1ci\u00f3k \u00e9s tervez\u00e9si r\u00e9szletek<\/h2>\n<p class=\"\" data-start=\"1224\" data-end=\"1898\">Ez a k\u00f6t\u00e9lzeti tartoz\u00e9k els\u0151sorban pr\u00e9mium \u00f6tv\u00f6z\u00f6tt ac\u00e9lb\u00f3l k\u00e9sz\u00fcl, amely nemcsak kiv\u00e1l\u00f3 szil\u00e1rds\u00e1g-t\u00f6meg ar\u00e1nyt garant\u00e1l, hanem kiv\u00e1l\u00f3 kop\u00e1s- \u00e9s korr\u00f3zi\u00f3\u00e1ll\u00f3s\u00e1got is biztos\u00edt. A G215 bilincset prec\u00edzen tervezt\u00e9k, hogy a k\u00fcl\u00f6nb\u00f6z\u0151 \u00fczemeltet\u00e9si ig\u00e9nyeknek megfelel\u0151 speci\u00e1lis terhel\u00e9si kapacit\u00e1sokhoz igazodjon. M\u00e9reteit \u00e9s t\u0171r\u00e9seit szigor\u00faan tesztelt\u00e9k \u00e9s finom\u00edtott\u00e1k, biztos\u00edtva, hogy a bilincs optim\u00e1lisan m\u0171k\u00f6dj\u00f6n m\u00e9g akkor is, ha ism\u00e9tl\u0151d\u0151 \u00e9s nagy ig\u00e9nybev\u00e9telnek van kit\u00e9ve. A term\u00e9k m\u00f6g\u00f6tt \u00e1ll\u00f3 m\u00e9rn\u00f6ki tervez\u00e9s olyan fejlett tervez\u00e9si elemeket tartalmaz, amelyek minimaliz\u00e1lj\u00e1k a terhel\u00e9s alatti esetleges deform\u00e1ci\u00f3t, ez\u00e1ltal fokozva az \u00e1ltal\u00e1nos biztons\u00e1got \u00e9s az \u00fczemeltet\u00e9si k\u00f6vetkezetess\u00e9get.<\/p>\n<h2 class=\"\" data-start=\"1900\" data-end=\"1940\">Anyag\u00f6sszet\u00e9tel \u00e9s tart\u00f3ss\u00e1g<\/h2>\n<p class=\"\" data-start=\"1941\" data-end=\"2764\">A G215 Shackle teljes\u00edtm\u00e9ny\u00e9nek k\u00f6z\u00e9ppontj\u00e1ban a kiv\u00e1l\u00f3 anyag\u00f6sszet\u00e9tel \u00e1ll. A gy\u00e1rt\u00e1s sor\u00e1n felhaszn\u00e1lt kiv\u00e1l\u00f3 min\u0151s\u00e9g\u0171 \u00f6tv\u00f6z\u00f6tt ac\u00e9l kiv\u00e9teles mechanikai tulajdons\u00e1gai miatt ker\u00fclt kiv\u00e1laszt\u00e1sra, bele\u00e9rtve a nagy szak\u00edt\u00f3szil\u00e1rds\u00e1got \u00e9s a k\u00f6rnyezeti k\u00e1rosod\u00e1ssal szembeni ellen\u00e1ll\u00e1st. Ez az anyagv\u00e1laszt\u00e1s hozz\u00e1j\u00e1rul a bilincs leny\u0171g\u00f6z\u0151 tart\u00f3ss\u00e1g\u00e1hoz \u00e9s hossz\u00fa \u00e9lettartam\u00e1hoz, m\u00e9g az ingadoz\u00f3 id\u0151j\u00e1r\u00e1si k\u00f6r\u00fclm\u00e9nyek \u00e9s a zord ipari k\u00f6rnyezetnek val\u00f3 kitetts\u00e9g eset\u00e9n is. A modern metallurgiai technik\u00e1kkal tov\u00e1bbfejlesztett anyag nem csak megfelel, hanem meg is haladja a nemzetk\u00f6zi szabv\u00e1nyokat, \u00edgy a bilincs sz\u00e1mos tan\u00fas\u00edtv\u00e1nyt kapott, amelyek tan\u00fas\u00edtj\u00e1k min\u0151s\u00e9g\u00e9t \u00e9s megb\u00edzhat\u00f3s\u00e1g\u00e1t. Az akkredit\u00e1lt szervek \u00e1ltal v\u00e9gzett szigor\u00fa min\u0151s\u00e9gellen\u0151rz\u00e9si tesztek m\u00e9g ink\u00e1bb igazolj\u00e1k a bilincs azon k\u00e9pess\u00e9g\u00e9t, hogy hossz\u00fa haszn\u00e1lati id\u0151n kereszt\u00fcl is k\u00e9pes meg\u0151rizni a teljes\u00edtm\u00e9ny integrit\u00e1s\u00e1t.<\/p>\n<h2 class=\"\" data-start=\"2766\" data-end=\"2799\">Alkalmaz\u00e1s \u00e9s ipari felhaszn\u00e1l\u00e1s<\/h2>\n<p class=\"\" data-start=\"2800\" data-end=\"3604\">A G215 Shackle sokoldal\u00fas\u00e1ga nyilv\u00e1nval\u00f3 a k\u00fcl\u00f6nb\u00f6z\u0151 ipar\u00e1gakban val\u00f3 sz\u00e9les k\u00f6r\u0171 alkalmaz\u00e1sban. Az \u00e9p\u00edt\u0151iparban, a haj\u00f3z\u00e1si m\u0171veletekben \u00e9s a neh\u00e9zg\u00e9p-\u00e1gazatban dolgoz\u00f3 szakemberek \u00fagy tal\u00e1lt\u00e1k, hogy innovat\u00edv kialak\u00edt\u00e1sa hat\u00e9konyan kezeli a kritikus biztons\u00e1gi szempontokat \u00e9s a m\u0171k\u00f6d\u00e9si k\u00f6vetelm\u00e9nyeket. Prec\u00edz m\u00e9rn\u00f6ki munk\u00e1ja lehet\u0151v\u00e9 teszi a m\u00e1s k\u00f6t\u00e9lzeti alkatr\u00e9szekkel val\u00f3 z\u00f6kken\u0151mentes integr\u00e1ci\u00f3t, ez\u00e1ltal racionaliz\u00e1lva a folyamatokat \u00e9s cs\u00f6kkentve a meghib\u00e1sod\u00e1s kock\u00e1zat\u00e1t az intenz\u00edv feladatok sor\u00e1n. Azokban a forgat\u00f3k\u00f6nyvekben, ahol a megb\u00edzhat\u00f3s\u00e1g a legfontosabb, a G215 Shackle olyan term\u00e9kk\u00e9nt t\u0171nik ki, amely egyszerre biztos\u00edtja a biztons\u00e1got \u00e9s a hat\u00e9konys\u00e1got. A term\u00e9k robusztus fel\u00e9p\u00edt\u00e9se \u00e9s a glob\u00e1lis szabv\u00e1nyoknak val\u00f3 megfelel\u00e9se biztos\u00edtja a felhaszn\u00e1l\u00f3k sz\u00e1m\u00e1ra, hogy a term\u00e9k k\u00e9pes megbirk\u00f3zni a k\u00fcl\u00f6nf\u00e9le kih\u00edv\u00e1sokkal, a rutinm\u0171veletekt\u0151l a legig\u00e9nyesebb ipari projektekig.<\/p>\n<p><img fetchpriority=\"high\" decoding=\"async\" class=\"alignnone size-full wp-image-3828\" src=\"http:\/\/qingdaohf.com\/wp-content\/uploads\/2023\/05\/G213-G215.jpg\" alt=\"G213 G215 bilincs\" width=\"1000\" height=\"1281\" srcset=\"https:\/\/qingdaohf.com\/wp-content\/uploads\/2023\/05\/G213-G215.jpg 1000w, https:\/\/qingdaohf.com\/wp-content\/uploads\/2023\/05\/G213-G215-234x300.jpg 234w, https:\/\/qingdaohf.com\/wp-content\/uploads\/2023\/05\/G213-G215-799x1024.jpg 799w, https:\/\/qingdaohf.com\/wp-content\/uploads\/2023\/05\/G213-G215-768x984.jpg 768w\" sizes=\"(max-width: 1000px) 100vw, 1000px\" \/><\/p>\n<h2 class=\"\" data-start=\"3606\" data-end=\"3644\">A H&amp;F-fel val\u00f3 partners\u00e9g el\u0151nyei<\/h2>\n<p class=\"\" data-start=\"3645\" data-end=\"4834\">A megb\u00edzhat\u00f3 k\u00f6t\u00e9lzeti hardverek beszerz\u00e9s\u00e9n\u00e9l a H&amp;F-fel val\u00f3 egy\u00fcttm\u0171k\u00f6d\u00e9s olyan el\u0151ny\u00f6ket k\u00edn\u00e1l, amelyek megk\u00fcl\u00f6nb\u00f6ztetik a v\u00e1llalatot a t\u00f6bbit\u0151l. A vev\u0151k nagyra \u00e9rt\u00e9kelik a ny\u00fajtott \u00e1tfog\u00f3 t\u00e1mogat\u00e1st, az ingyenes mint\u00e1k rendelkez\u00e9sre \u00e1ll\u00e1s\u00e1t\u00f3l kezdve az egy\u00e9ni ig\u00e9nyeknek megfelel\u0151, szem\u00e9lyes \u00fcgyf\u00e9lszolg\u00e1latig. A H&amp;F min\u0151s\u00e9g \u00e9s szolg\u00e1ltat\u00e1s ir\u00e1nti elk\u00f6telezetts\u00e9ge a h\u00e1zt\u00f3l h\u00e1zig sz\u00e1ll\u00edt\u00e1si lehet\u0151s\u00e9gben is megmutatkozik, amely biztos\u00edtja a term\u00e9kek id\u0151ben t\u00f6rt\u00e9n\u0151 \u00e9s biztons\u00e1gos meg\u00e9rkez\u00e9s\u00e9t. B\u00e1r sok term\u00e9ket k\u00fcls\u0151 fejleszt\u0151kt\u0151l szereznek be, a H&amp;F szigor\u00fa ellen\u0151rz\u00e9si folyamatot \u00e9s min\u0151s\u00e9gellen\u0151rz\u00e9si rendszert tart fenn, amely garant\u00e1lja, hogy minden egys\u00e9g megfelel a sz\u00fcks\u00e9ges tan\u00fas\u00edtv\u00e1nyoknak. A v\u00e1llalat proakt\u00edv hozz\u00e1\u00e1ll\u00e1sa az \u00fcgyf\u00e9lkiszolg\u00e1l\u00e1shoz \u00e9s a szem\u00e9lyre szabott megold\u00e1sok el\u0151seg\u00edt\u00e9se ir\u00e1nti elk\u00f6telezetts\u00e9ge seg\u00edt a bizalmon \u00e9s a k\u00f6lcs\u00f6n\u00f6s sikeren alapul\u00f3 tart\u00f3s kapcsolatok ki\u00e9p\u00edt\u00e9s\u00e9ben. Az \u00fcgyfelek megtapasztalhatj\u00e1k a szak\u00e9rt\u0151i \u00fatmutat\u00e1s \u00e9s az innovat\u00edv term\u00e9kek kever\u00e9k\u00e9t, amelyek leegyszer\u0171s\u00edtik az ipari k\u00f6t\u00e9lzet\u00e9p\u00edt\u00e9s \u00f6sszetetts\u00e9g\u00e9t. Ez a kiv\u00e1l\u00f3s\u00e1g ir\u00e1nti elk\u00f6telezetts\u00e9g a szolg\u00e1ltat\u00e1s minden aspektus\u00e1ban t\u00fckr\u00f6z\u0151dik, biztos\u00edtva, hogy az \u00fcgyfelek nem csak egy olyan kiv\u00e1l\u00f3 min\u0151s\u00e9g\u0171 term\u00e9ket kapnak, mint a G215 Shackle, hanem egy \u00e1tfog\u00f3 t\u00e1mogat\u00e1si rendszert is, amely n\u00f6veli az \u00e1ltal\u00e1nos m\u0171k\u00f6d\u00e9si hat\u00e9konys\u00e1got.<\/p>\n<p class=\"\" data-start=\"4836\" data-end=\"5432\">A G215 Shackle r\u00e9szletes elemz\u00e9se kiemeli a kiv\u00e1l\u00f3 m\u00e9rn\u00f6ki munk\u00e1t, a kiv\u00e9teles anyagmin\u0151s\u00e9get \u00e9s a szigor\u00fa min\u0151s\u00e9gi szabv\u00e1nyok betart\u00e1s\u00e1t. Pontos kialak\u00edt\u00e1sa miatt a megb\u00edzhat\u00f3s\u00e1got \u00e9s teljes\u00edtm\u00e9nyt ig\u00e9nyl\u0151 \u00e1gazatok szakemberei sz\u00e1m\u00e1ra el\u0151ny\u00f6s v\u00e1laszt\u00e1s. Tov\u00e1bb\u00e1 a H&amp;F \u00e1ltal k\u00edn\u00e1lt strat\u00e9giai el\u0151ny\u00f6k, bele\u00e9rtve a szem\u00e9lyre szabott \u00fcgyf\u00e9lszolg\u00e1latot \u00e9s a hat\u00e9kony sz\u00e1ll\u00edt\u00e1si rendszereket, meger\u0151s\u00edtik a term\u00e9k v\u00e1laszt\u00e1s\u00e1nak \u00e9rt\u00e9k\u00e9t. A biztons\u00e1gra, tart\u00f3ss\u00e1gra \u00e9s \u00fcgyf\u00e9lk\u00f6zpont\u00fa t\u00e1mogat\u00e1sra helyezett hangs\u00falyt a G215 bilincs megb\u00edzhat\u00f3 megold\u00e1st jelent a modern ipari k\u00f6rnyezetben.<\/p>","protected":false},"excerpt":{"rendered":"<p>A G215 Shackle egy prec\u00edzi\u00f3san megtervezett, nagy ig\u00e9nybev\u00e9tel\u0171 alkalmaz\u00e1sokhoz apr\u00f3l\u00e9kosan megtervezett k\u00f6t\u00e9lzeti tartoz\u00e9k. A kiv\u00e1l\u00f3 min\u0151s\u00e9g\u0171 \u00f6tv\u00f6z\u00f6tt ac\u00e9lb\u00f3l k\u00e9sz\u00fclt \u00e9s a min\u0151s\u00e9g \u00e9s biztons\u00e1g szempontj\u00e1b\u00f3l szigor\u00faan tesztelt bilincs kiv\u00e9teles tart\u00f3ss\u00e1got \u00e9s megb\u00edzhat\u00f3s\u00e1got biztos\u00edt ig\u00e9nyes ipari k\u00f6rnyezetben. Sokoldal\u00fa kialak\u00edt\u00e1sa \u00e9s a nemzetk\u00f6zi tan\u00fas\u00edtv\u00e1nyok szigor\u00fa betart\u00e1sa ide\u00e1lis v\u00e1laszt\u00e1ss\u00e1 teszi a megb\u00edzhat\u00f3 teljes\u00edtm\u00e9nyt \u00e9s egyedi megold\u00e1sokat keres\u0151 szakemberek sz\u00e1m\u00e1ra.<\/p>","protected":false},"featured_media":6333,"comment_status":"open","ping_status":"closed","template":"","meta":{"site-sidebar-layout":"default","site-content-layout":"default","ast-site-content-layout":"default","site-content-style":"default","site-sidebar-style":"default","ast-global-header-display":"","ast-banner-title-visibility":"","ast-main-header-display":"","ast-hfb-above-header-display":"","ast-hfb-below-header-display":"","ast-hfb-mobile-header-display":"","site-post-title":"","ast-breadcrumbs-content":"","ast-featured-img":"","footer-sml-layout":"","theme-transparent-header-meta":"default","adv-header-id-meta":"","stick-header-meta":"default","header-above-stick-meta":"","header-main-stick-meta":"","header-below-stick-meta":"","astra-migrate-meta-layouts":"set","ast-page-background-enabled":"default","ast-page-background-meta":{"desktop":{"background-color":"","background-image":"","background-repeat":"repeat","background-position":"center center","background-size":"auto","background-attachment":"scroll","background-type":"","background-media":"","overlay-type":"","overlay-color":"","overlay-opacity":"","overlay-gradient":""},"tablet":{"background-color":"","background-image":"","background-repeat":"repeat","background-position":"center center","background-size":"auto","background-attachment":"scroll","background-type":"","background-media":"","overlay-type":"","overlay-color":"","overlay-opacity":"","overlay-gradient":""},"mobile":{"background-color":"","background-image":"","background-repeat":"repeat","background-position":"center center","background-size":"auto","background-attachment":"scroll","background-type":"","background-media":"","overlay-type":"","overlay-color":"","overlay-opacity":"","overlay-gradient":""}},"ast-content-background-meta":{"desktop":{"background-color":"var(--ast-global-color-5)","background-image":"","background-repeat":"repeat","background-position":"center center","background-size":"auto","background-attachment":"scroll","background-type":"","background-media":"","overlay-type":"","overlay-color":"","overlay-opacity":"","overlay-gradient":""},"tablet":{"background-color":"var(--ast-global-color-5)","background-image":"","background-repeat":"repeat","background-position":"center center","background-size":"auto","background-attachment":"scroll","background-type":"","background-media":"","overlay-type":"","overlay-color":"","overlay-opacity":"","overlay-gradient":""},"mobile":{"background-color":"var(--ast-global-color-5)","background-image":"","background-repeat":"repeat","background-position":"center center","background-size":"auto","background-attachment":"scroll","background-type":"","background-media":"","overlay-type":"","overlay-color":"","overlay-opacity":"","overlay-gradient":""}}},"product_brand":[],"product_cat":[43,54],"product_tag":[],"class_list":{"0":"post-3822","1":"product","2":"type-product","3":"status-publish","4":"has-post-thumbnail","6":"product_cat-rigging-hardware","7":"product_cat-shackle","8":"desktop-align-left","9":"tablet-align-left","10":"mobile-align-left","11":"ast-product-gallery-layout-horizontal-slider","12":"ast-product-gallery-with-no-image","13":"ast-product-tabs-layout-horizontal","15":"first","16":"instock","17":"shipping-taxable","18":"purchasable","19":"product-type-simple"},"yoast_head":"<!-- This site is optimized with the Yoast SEO plugin v25.2 - https:\/\/yoast.com\/wordpress\/plugins\/seo\/ -->\n<title>G215 Galvanized Shackle<\/title>\n<meta name=\"description\" content=\"The G213 Galvanized Shackle and G215 Galvanized Shackle are two types of shackles commonly used in rigging and lifting operations. These shackles provide a secure connection point between various components such as chains, slings, and wire ropes.\" \/>\n<meta name=\"robots\" content=\"index, follow, max-snippet:-1, max-image-preview:large, max-video-preview:-1\" \/>\n<link rel=\"canonical\" href=\"https:\/\/qingdaohf.com\/hu\/termek\/g213-g215-horganyzott-bilincs\/\" \/>\n<meta property=\"og:locale\" content=\"hu_HU\" \/>\n<meta property=\"og:type\" content=\"article\" \/>\n<meta property=\"og:title\" content=\"G215 Galvanized Shackle\" \/>\n<meta property=\"og:description\" content=\"The G213 Galvanized Shackle and G215 Galvanized Shackle are two types of shackles commonly used in rigging and lifting operations. These shackles provide a secure connection point between various components such as chains, slings, and wire ropes.\" \/>\n<meta property=\"og:url\" content=\"https:\/\/qingdaohf.com\/hu\/termek\/g213-g215-horganyzott-bilincs\/\" \/>\n<meta property=\"og:site_name\" content=\"Concrete Form &amp; Rigging Hardware Supplier\" \/>\n<meta property=\"article:publisher\" content=\"https:\/\/www.facebook.com\/qingdaohf\" \/>\n<meta property=\"article:modified_time\" content=\"2025-11-13T01:05:11+00:00\" \/>\n<meta property=\"og:image\" content=\"https:\/\/qingdaohf.com\/wp-content\/uploads\/2023\/05\/shackle-G215.jpg\" \/>\n\t<meta property=\"og:image:width\" content=\"1000\" \/>\n\t<meta property=\"og:image:height\" content=\"1000\" \/>\n\t<meta property=\"og:image:type\" content=\"image\/jpeg\" \/>\n<meta name=\"twitter:card\" content=\"summary_large_image\" \/>\n<meta name=\"twitter:label1\" content=\"Becs\u00fclt olvas\u00e1si id\u0151\" \/>\n\t<meta name=\"twitter:data1\" content=\"4 perc\" \/>\n<script type=\"application\/ld+json\" class=\"yoast-schema-graph\">{\"@context\":\"https:\/\/schema.org\",\"@graph\":[{\"@type\":\"WebPage\",\"@id\":\"https:\/\/qingdaohf.com\/product\/g215-shackle\/\",\"url\":\"https:\/\/qingdaohf.com\/product\/g215-shackle\/\",\"name\":\"G215 Galvanized Shackle\",\"isPartOf\":{\"@id\":\"https:\/\/qingdaohf.com\/bg\/#website\"},\"primaryImageOfPage\":{\"@id\":\"https:\/\/qingdaohf.com\/product\/g215-shackle\/#primaryimage\"},\"image\":{\"@id\":\"https:\/\/qingdaohf.com\/product\/g215-shackle\/#primaryimage\"},\"thumbnailUrl\":\"https:\/\/qingdaohf.com\/wp-content\/uploads\/2023\/05\/shackle-G215.jpg\",\"datePublished\":\"2023-05-19T08:36:58+00:00\",\"dateModified\":\"2025-11-13T01:05:11+00:00\",\"description\":\"The G213 Galvanized Shackle and G215 Galvanized Shackle are two types of shackles commonly used in rigging and lifting operations. These shackles provide a secure connection point between various components such as chains, slings, and wire ropes.\",\"breadcrumb\":{\"@id\":\"https:\/\/qingdaohf.com\/product\/g215-shackle\/#breadcrumb\"},\"inLanguage\":\"hu\",\"potentialAction\":[{\"@type\":\"ReadAction\",\"target\":[\"https:\/\/qingdaohf.com\/product\/g215-shackle\/\"]}]},{\"@type\":\"ImageObject\",\"inLanguage\":\"hu\",\"@id\":\"https:\/\/qingdaohf.com\/product\/g215-shackle\/#primaryimage\",\"url\":\"https:\/\/qingdaohf.com\/wp-content\/uploads\/2023\/05\/shackle-G215.jpg\",\"contentUrl\":\"https:\/\/qingdaohf.com\/wp-content\/uploads\/2023\/05\/shackle-G215.jpg\",\"width\":1000,\"height\":1000,\"caption\":\"shackle G215\"},{\"@type\":\"BreadcrumbList\",\"@id\":\"https:\/\/qingdaohf.com\/product\/g215-shackle\/#breadcrumb\",\"itemListElement\":[{\"@type\":\"ListItem\",\"position\":1,\"name\":\"Home\",\"item\":\"https:\/\/qingdaohf.com\/\"},{\"@type\":\"ListItem\",\"position\":2,\"name\":\"Concrete Forming Accessories and Rigging Hardware\",\"item\":\"https:\/\/qingdaohf.com\/bg\/?page_id=944\"},{\"@type\":\"ListItem\",\"position\":3,\"name\":\"G215 Galvanized Shackle\"}]},{\"@type\":\"WebSite\",\"@id\":\"https:\/\/qingdaohf.com\/bg\/#website\",\"url\":\"https:\/\/qingdaohf.com\/bg\/\",\"name\":\"Concrete Form & Rigging Hardware Supplier\",\"description\":\"\",\"publisher\":{\"@id\":\"https:\/\/qingdaohf.com\/bg\/#organization\"},\"potentialAction\":[{\"@type\":\"SearchAction\",\"target\":{\"@type\":\"EntryPoint\",\"urlTemplate\":\"https:\/\/qingdaohf.com\/bg\/?s={search_term_string}\"},\"query-input\":{\"@type\":\"PropertyValueSpecification\",\"valueRequired\":true,\"valueName\":\"search_term_string\"}}],\"inLanguage\":\"hu\"},{\"@type\":\"Organization\",\"@id\":\"https:\/\/qingdaohf.com\/bg\/#organization\",\"name\":\"Qingdao H&F\",\"url\":\"https:\/\/qingdaohf.com\/bg\/\",\"logo\":{\"@type\":\"ImageObject\",\"inLanguage\":\"hu\",\"@id\":\"https:\/\/qingdaohf.com\/bg\/#\/schema\/logo\/image\/\",\"url\":\"https:\/\/qingdaohf.com\/wp-content\/uploads\/2022\/12\/cropped-HF-LOGO.png\",\"contentUrl\":\"https:\/\/qingdaohf.com\/wp-content\/uploads\/2022\/12\/cropped-HF-LOGO.png\",\"width\":391,\"height\":249,\"caption\":\"Qingdao H&F\"},\"image\":{\"@id\":\"https:\/\/qingdaohf.com\/bg\/#\/schema\/logo\/image\/\"},\"sameAs\":[\"https:\/\/www.facebook.com\/qingdaohf\"]}]}<\/script>\n<!-- \/ Yoast SEO plugin. -->","yoast_head_json":{"title":"G215 Galvanized Shackle","description":"The G213 Galvanized Shackle and G215 Galvanized Shackle are two types of shackles commonly used in rigging and lifting operations. These shackles provide a secure connection point between various components such as chains, slings, and wire ropes.","robots":{"index":"index","follow":"follow","max-snippet":"max-snippet:-1","max-image-preview":"max-image-preview:large","max-video-preview":"max-video-preview:-1"},"canonical":"https:\/\/qingdaohf.com\/hu\/termek\/g213-g215-horganyzott-bilincs\/","og_locale":"hu_HU","og_type":"article","og_title":"G215 Galvanized Shackle","og_description":"The G213 Galvanized Shackle and G215 Galvanized Shackle are two types of shackles commonly used in rigging and lifting operations. These shackles provide a secure connection point between various components such as chains, slings, and wire ropes.","og_url":"https:\/\/qingdaohf.com\/hu\/termek\/g213-g215-horganyzott-bilincs\/","og_site_name":"Concrete Form &amp; Rigging Hardware Supplier","article_publisher":"https:\/\/www.facebook.com\/qingdaohf","article_modified_time":"2025-11-13T01:05:11+00:00","og_image":[{"width":1000,"height":1000,"url":"https:\/\/qingdaohf.com\/wp-content\/uploads\/2023\/05\/shackle-G215.jpg","type":"image\/jpeg"}],"twitter_card":"summary_large_image","twitter_misc":{"Becs\u00fclt olvas\u00e1si id\u0151":"4 perc"},"schema":{"@context":"https:\/\/schema.org","@graph":[{"@type":"WebPage","@id":"https:\/\/qingdaohf.com\/product\/g215-shackle\/","url":"https:\/\/qingdaohf.com\/product\/g215-shackle\/","name":"G215 Galvanized Shackle","isPartOf":{"@id":"https:\/\/qingdaohf.com\/bg\/#website"},"primaryImageOfPage":{"@id":"https:\/\/qingdaohf.com\/product\/g215-shackle\/#primaryimage"},"image":{"@id":"https:\/\/qingdaohf.com\/product\/g215-shackle\/#primaryimage"},"thumbnailUrl":"https:\/\/qingdaohf.com\/wp-content\/uploads\/2023\/05\/shackle-G215.jpg","datePublished":"2023-05-19T08:36:58+00:00","dateModified":"2025-11-13T01:05:11+00:00","description":"The G213 Galvanized Shackle and G215 Galvanized Shackle are two types of shackles commonly used in rigging and lifting operations. These shackles provide a secure connection point between various components such as chains, slings, and wire ropes.","breadcrumb":{"@id":"https:\/\/qingdaohf.com\/product\/g215-shackle\/#breadcrumb"},"inLanguage":"hu","potentialAction":[{"@type":"ReadAction","target":["https:\/\/qingdaohf.com\/product\/g215-shackle\/"]}]},{"@type":"ImageObject","inLanguage":"hu","@id":"https:\/\/qingdaohf.com\/product\/g215-shackle\/#primaryimage","url":"https:\/\/qingdaohf.com\/wp-content\/uploads\/2023\/05\/shackle-G215.jpg","contentUrl":"https:\/\/qingdaohf.com\/wp-content\/uploads\/2023\/05\/shackle-G215.jpg","width":1000,"height":1000,"caption":"shackle G215"},{"@type":"BreadcrumbList","@id":"https:\/\/qingdaohf.com\/product\/g215-shackle\/#breadcrumb","itemListElement":[{"@type":"ListItem","position":1,"name":"Home","item":"https:\/\/qingdaohf.com\/"},{"@type":"ListItem","position":2,"name":"Concrete Forming Accessories and Rigging Hardware","item":"https:\/\/qingdaohf.com\/bg\/?page_id=944"},{"@type":"ListItem","position":3,"name":"G215 Galvanized Shackle"}]},{"@type":"WebSite","@id":"https:\/\/qingdaohf.com\/bg\/#website","url":"https:\/\/qingdaohf.com\/bg\/","name":"Concrete Form & Rigging Hardware Supplier","description":"","publisher":{"@id":"https:\/\/qingdaohf.com\/bg\/#organization"},"potentialAction":[{"@type":"SearchAction","target":{"@type":"EntryPoint","urlTemplate":"https:\/\/qingdaohf.com\/bg\/?s={search_term_string}"},"query-input":{"@type":"PropertyValueSpecification","valueRequired":true,"valueName":"search_term_string"}}],"inLanguage":"hu"},{"@type":"Organization","@id":"https:\/\/qingdaohf.com\/bg\/#organization","name":"Qingdao H&F","url":"https:\/\/qingdaohf.com\/bg\/","logo":{"@type":"ImageObject","inLanguage":"hu","@id":"https:\/\/qingdaohf.com\/bg\/#\/schema\/logo\/image\/","url":"https:\/\/qingdaohf.com\/wp-content\/uploads\/2022\/12\/cropped-HF-LOGO.png","contentUrl":"https:\/\/qingdaohf.com\/wp-content\/uploads\/2022\/12\/cropped-HF-LOGO.png","width":391,"height":249,"caption":"Qingdao H&F"},"image":{"@id":"https:\/\/qingdaohf.com\/bg\/#\/schema\/logo\/image\/"},"sameAs":["https:\/\/www.facebook.com\/qingdaohf"]}]}},"_links":{"self":[{"href":"https:\/\/qingdaohf.com\/hu\/wp-json\/wp\/v2\/product\/3822","targetHints":{"allow":["GET"]}}],"collection":[{"href":"https:\/\/qingdaohf.com\/hu\/wp-json\/wp\/v2\/product"}],"about":[{"href":"https:\/\/qingdaohf.com\/hu\/wp-json\/wp\/v2\/types\/product"}],"replies":[{"embeddable":true,"href":"https:\/\/qingdaohf.com\/hu\/wp-json\/wp\/v2\/comments?post=3822"}],"version-history":[{"count":2,"href":"https:\/\/qingdaohf.com\/hu\/wp-json\/wp\/v2\/product\/3822\/revisions"}],"predecessor-version":[{"id":9455,"href":"https:\/\/qingdaohf.com\/hu\/wp-json\/wp\/v2\/product\/3822\/revisions\/9455"}],"wp:featuredmedia":[{"embeddable":true,"href":"https:\/\/qingdaohf.com\/hu\/wp-json\/wp\/v2\/media\/6333"}],"wp:attachment":[{"href":"https:\/\/qingdaohf.com\/hu\/wp-json\/wp\/v2\/media?parent=3822"}],"wp:term":[{"taxonomy":"product_brand","embeddable":true,"href":"https:\/\/qingdaohf.com\/hu\/wp-json\/wp\/v2\/product_brand?post=3822"},{"taxonomy":"product_cat","embeddable":true,"href":"https:\/\/qingdaohf.com\/hu\/wp-json\/wp\/v2\/product_cat?post=3822"},{"taxonomy":"product_tag","embeddable":true,"href":"https:\/\/qingdaohf.com\/hu\/wp-json\/wp\/v2\/product_tag?post=3822"}],"curies":[{"name":"wp","href":"https:\/\/api.w.org\/{rel}","templated":true}]}}