{"id":3830,"date":"2023-05-19T16:48:13","date_gmt":"2023-05-19T08:48:13","guid":{"rendered":"http:\/\/qingdaohf.com\/?post_type=product&#038;p=3830"},"modified":"2025-11-13T09:05:11","modified_gmt":"2025-11-13T01:05:11","slug":"g2140-shackle","status":"publish","type":"product","link":"https:\/\/qingdaohf.com\/hu\/termek\/g2140-bilincs\/","title":{"rendered":"G2140 Horganyzott bilincs"},"content":{"rendered":"<p>A kiv\u00e1l\u00f3 min\u0151s\u00e9g\u0171 ac\u00e9lb\u00f3l k\u00e9sz\u00fclt G2140 galvaniz\u00e1lt bilincs a korr\u00f3zi\u00f3\u00e1ll\u00f3s\u00e1g \u00e9s a tart\u00f3ss\u00e1g n\u00f6vel\u00e9se \u00e9rdek\u00e9ben galvaniz\u00e1l\u00e1si elj\u00e1r\u00e1son megy kereszt\u00fcl. A galvaniz\u00e1l\u00e1s sor\u00e1n a bilincset egy cinkr\u00e9teggel vonj\u00e1k be, amely kiv\u00e1l\u00f3 v\u00e9delmet ny\u00fajt a rozsda \u00e9s a korr\u00f3zi\u00f3 m\u00e1s form\u00e1i ellen. Ez\u00e1ltal a bilincs j\u00f3l haszn\u00e1lhat\u00f3 k\u00fclt\u00e9ri, tengeri \u00e9s korr\u00f3zi\u00f3s k\u00f6rnyezetben, ahol gyakori a nedvess\u00e9gnek \u00e9s kem\u00e9ny k\u00f6r\u00fclm\u00e9nyeknek val\u00f3 kitetts\u00e9g.<\/p>\n<p>A G2140 horganyzott bilincs \u00edj alak\u00fa kialak\u00edt\u00e1s\u00fa, menetes csap vagy csavar a biztons\u00e1gos r\u00f6gz\u00edt\u00e9shez. Az \u00edves forma lehet\u0151v\u00e9 teszi az emel\u0151elemek k\u00f6nny\u0171 r\u00f6gz\u00edt\u00e9s\u00e9t \u00e9s lev\u00e1laszt\u00e1s\u00e1t, m\u00edg a menetes csap biztos\u00edtja a szoros \u00e9s megb\u00edzhat\u00f3 z\u00e1r\u00e1st, maximaliz\u00e1lva a biztons\u00e1got az emel\u00e9si m\u0171veletek sor\u00e1n. A bilincsen \u00e1ltal\u00e1ban fel van t\u00fcntetve a munkaterhel\u00e9si hat\u00e1r\u00e9rt\u00e9k (WLL) \u00e9s egy\u00e9b vonatkoz\u00f3 specifik\u00e1ci\u00f3k a megfelel\u0151 \u00e9s biztons\u00e1gos haszn\u00e1lat \u00e9rdek\u00e9ben.<\/p>\n<p>A k\u00fcl\u00f6nb\u00f6z\u0151 m\u00e9retekben \u00e9s konfigur\u00e1ci\u00f3kban kaphat\u00f3 G2140 horganyzott bilincs k\u00fcl\u00f6nb\u00f6z\u0151 munkaterhel\u00e9si hat\u00e1r\u00e9rt\u00e9keket tud befogadni, lehet\u0151v\u00e9 t\u00e9ve, hogy a megfelel\u0151 bilincset v\u00e1lassza ki az \u00d6n egyedi emel\u00e9si k\u00f6vetelm\u00e9nyeihez. Az optim\u00e1lis teljes\u00edtm\u00e9ny \u00e9s biztons\u00e1g \u00e9rdek\u00e9ben elengedhetetlen, hogy a megfelel\u0151 bilincset a tervezett terhel\u00e9s \u00e9s alkalmaz\u00e1s alapj\u00e1n v\u00e1lassza ki.<\/p>\n<p>Robusztus fel\u00e9p\u00edt\u00e9s\u00e9vel \u00e9s horganyzott bevonat\u00e1val a G2140 horganyzott bilincs megb\u00edzhat\u00f3 v\u00e1laszt\u00e1s a nagy teherb\u00edr\u00e1s\u00fa k\u00f6t\u00e9lzethez \u00e9s emel\u00e9si alkalmaz\u00e1sokhoz. Biztons\u00e1gos \u00e9s tart\u00f3s kapcsolatot biztos\u00edt, \u00edgy megb\u00edzhat\u00f3 alkatr\u00e9sz a k\u00fcl\u00f6nb\u00f6z\u0151 ipar\u00e1gakban, ahol az er\u0151 \u00e9s a biztons\u00e1g a legfontosabb.<\/p>\n<p><img fetchpriority=\"high\" decoding=\"async\" class=\"alignnone size-full wp-image-3833\" src=\"http:\/\/qingdaohf.com\/wp-content\/uploads\/2023\/05\/G2140.jpg\" alt=\"G2140 bilincs\" width=\"1000\" height=\"1202\" srcset=\"https:\/\/qingdaohf.com\/wp-content\/uploads\/2023\/05\/G2140.jpg 1000w, https:\/\/qingdaohf.com\/wp-content\/uploads\/2023\/05\/G2140-250x300.jpg 250w, https:\/\/qingdaohf.com\/wp-content\/uploads\/2023\/05\/G2140-852x1024.jpg 852w, https:\/\/qingdaohf.com\/wp-content\/uploads\/2023\/05\/G2140-768x923.jpg 768w\" sizes=\"(max-width: 1000px) 100vw, 1000px\" \/><\/p>\n<p><img decoding=\"async\" class=\"alignnone size-full wp-image-3838\" src=\"http:\/\/qingdaohf.com\/wp-content\/uploads\/2023\/05\/G2140E.jpg\" alt=\"G2140E\" width=\"1000\" height=\"848\" srcset=\"https:\/\/qingdaohf.com\/wp-content\/uploads\/2023\/05\/G2140E.jpg 1000w, https:\/\/qingdaohf.com\/wp-content\/uploads\/2023\/05\/G2140E-300x254.jpg 300w, https:\/\/qingdaohf.com\/wp-content\/uploads\/2023\/05\/G2140E-768x651.jpg 768w\" sizes=\"(max-width: 1000px) 100vw, 1000px\" \/><\/p>","protected":false},"excerpt":{"rendered":"<p>A G2140 horganyzott bilincs egy nagy teherb\u00edr\u00e1s\u00fa k\u00f6t\u00e9lzeti alkatr\u00e9sz, amelyet \u00e1ltal\u00e1ban emel\u00e9si \u00e9s r\u00f6gz\u00edt\u00e9si m\u0171veletekn\u00e9l haszn\u00e1lnak. Ezt a bilincset \u00fagy tervezt\u00e9k, hogy er\u0151s \u00e9s megb\u00edzhat\u00f3 csatlakoz\u00e1si pontot biztos\u00edtson a k\u00fcl\u00f6nb\u00f6z\u0151 emel\u0151elemek, k\u00f6zt\u00fck l\u00e1ncok, dr\u00f3tk\u00f6telek \u00e9s hevederek k\u00f6z\u00f6tt.<\/p>\n<p>K\u00f6z\u00f6s modell: 1021110<\/p>","protected":false},"featured_media":6330,"comment_status":"open","ping_status":"closed","template":"","meta":{"site-sidebar-layout":"default","site-content-layout":"default","ast-site-content-layout":"default","site-content-style":"default","site-sidebar-style":"default","ast-global-header-display":"","ast-banner-title-visibility":"","ast-main-header-display":"","ast-hfb-above-header-display":"","ast-hfb-below-header-display":"","ast-hfb-mobile-header-display":"","site-post-title":"","ast-breadcrumbs-content":"","ast-featured-img":"","footer-sml-layout":"","theme-transparent-header-meta":"default","adv-header-id-meta":"","stick-header-meta":"default","header-above-stick-meta":"","header-main-stick-meta":"","header-below-stick-meta":"","astra-migrate-meta-layouts":"set","ast-page-background-enabled":"default","ast-page-background-meta":{"desktop":{"background-color":"","background-image":"","background-repeat":"repeat","background-position":"center center","background-size":"auto","background-attachment":"scroll","background-type":"","background-media":"","overlay-type":"","overlay-color":"","overlay-opacity":"","overlay-gradient":""},"tablet":{"background-color":"","background-image":"","background-repeat":"repeat","background-position":"center center","background-size":"auto","background-attachment":"scroll","background-type":"","background-media":"","overlay-type":"","overlay-color":"","overlay-opacity":"","overlay-gradient":""},"mobile":{"background-color":"","background-image":"","background-repeat":"repeat","background-position":"center center","background-size":"auto","background-attachment":"scroll","background-type":"","background-media":"","overlay-type":"","overlay-color":"","overlay-opacity":"","overlay-gradient":""}},"ast-content-background-meta":{"desktop":{"background-color":"var(--ast-global-color-5)","background-image":"","background-repeat":"repeat","background-position":"center center","background-size":"auto","background-attachment":"scroll","background-type":"","background-media":"","overlay-type":"","overlay-color":"","overlay-opacity":"","overlay-gradient":""},"tablet":{"background-color":"var(--ast-global-color-5)","background-image":"","background-repeat":"repeat","background-position":"center center","background-size":"auto","background-attachment":"scroll","background-type":"","background-media":"","overlay-type":"","overlay-color":"","overlay-opacity":"","overlay-gradient":""},"mobile":{"background-color":"var(--ast-global-color-5)","background-image":"","background-repeat":"repeat","background-position":"center center","background-size":"auto","background-attachment":"scroll","background-type":"","background-media":"","overlay-type":"","overlay-color":"","overlay-opacity":"","overlay-gradient":""}}},"product_brand":[],"product_cat":[54],"product_tag":[],"class_list":{"0":"post-3830","1":"product","2":"type-product","3":"status-publish","4":"has-post-thumbnail","6":"product_cat-shackle","7":"desktop-align-left","8":"tablet-align-left","9":"mobile-align-left","10":"ast-product-gallery-layout-horizontal-slider","11":"ast-product-gallery-with-no-image","12":"ast-product-tabs-layout-horizontal","14":"first","15":"instock","16":"shipping-taxable","17":"purchasable","18":"product-type-simple"},"yoast_head":"<!-- This site is optimized with the Yoast SEO plugin v25.2 - https:\/\/yoast.com\/wordpress\/plugins\/seo\/ -->\n<title>G2140 Galvanized Shackle<\/title>\n<meta name=\"description\" content=\"The G2140 Galvanized Shackle is a heavy-duty rigging component commonly used in lifting and securing operations. This shackle is designed to provide a strong and reliable connection point between various lifting components, including chains, wire ropes, and slings.\" \/>\n<meta name=\"robots\" content=\"index, follow, max-snippet:-1, max-image-preview:large, max-video-preview:-1\" \/>\n<link rel=\"canonical\" href=\"https:\/\/qingdaohf.com\/hu\/termek\/g2140-bilincs\/\" \/>\n<meta property=\"og:locale\" content=\"hu_HU\" \/>\n<meta property=\"og:type\" content=\"article\" \/>\n<meta property=\"og:title\" content=\"G2140 Galvanized Shackle\" \/>\n<meta property=\"og:description\" content=\"The G2140 Galvanized Shackle is a heavy-duty rigging component commonly used in lifting and securing operations. This shackle is designed to provide a strong and reliable connection point between various lifting components, including chains, wire ropes, and slings.\" \/>\n<meta property=\"og:url\" content=\"https:\/\/qingdaohf.com\/hu\/termek\/g2140-bilincs\/\" \/>\n<meta property=\"og:site_name\" content=\"Concrete Form &amp; Rigging Hardware Supplier\" \/>\n<meta property=\"article:publisher\" content=\"https:\/\/www.facebook.com\/qingdaohf\" \/>\n<meta property=\"article:modified_time\" content=\"2025-11-13T01:05:11+00:00\" \/>\n<meta property=\"og:image\" content=\"https:\/\/qingdaohf.com\/wp-content\/uploads\/2023\/05\/G2140-SHACKLE-1.jpg\" \/>\n\t<meta property=\"og:image:width\" content=\"1000\" \/>\n\t<meta property=\"og:image:height\" content=\"1000\" \/>\n\t<meta property=\"og:image:type\" content=\"image\/jpeg\" \/>\n<meta name=\"twitter:card\" content=\"summary_large_image\" \/>\n<meta name=\"twitter:label1\" content=\"Becs\u00fclt olvas\u00e1si id\u0151\" \/>\n\t<meta name=\"twitter:data1\" content=\"2 perc\" \/>\n<script type=\"application\/ld+json\" class=\"yoast-schema-graph\">{\"@context\":\"https:\/\/schema.org\",\"@graph\":[{\"@type\":\"WebPage\",\"@id\":\"https:\/\/qingdaohf.com\/product\/g2140-shackle\/\",\"url\":\"https:\/\/qingdaohf.com\/product\/g2140-shackle\/\",\"name\":\"G2140 Galvanized Shackle\",\"isPartOf\":{\"@id\":\"https:\/\/qingdaohf.com\/bg\/#website\"},\"primaryImageOfPage\":{\"@id\":\"https:\/\/qingdaohf.com\/product\/g2140-shackle\/#primaryimage\"},\"image\":{\"@id\":\"https:\/\/qingdaohf.com\/product\/g2140-shackle\/#primaryimage\"},\"thumbnailUrl\":\"https:\/\/qingdaohf.com\/wp-content\/uploads\/2023\/05\/G2140-SHACKLE-1.jpg\",\"datePublished\":\"2023-05-19T08:48:13+00:00\",\"dateModified\":\"2025-11-13T01:05:11+00:00\",\"description\":\"The G2140 Galvanized Shackle is a heavy-duty rigging component commonly used in lifting and securing operations. This shackle is designed to provide a strong and reliable connection point between various lifting components, including chains, wire ropes, and slings.\",\"breadcrumb\":{\"@id\":\"https:\/\/qingdaohf.com\/product\/g2140-shackle\/#breadcrumb\"},\"inLanguage\":\"hu\",\"potentialAction\":[{\"@type\":\"ReadAction\",\"target\":[\"https:\/\/qingdaohf.com\/product\/g2140-shackle\/\"]}]},{\"@type\":\"ImageObject\",\"inLanguage\":\"hu\",\"@id\":\"https:\/\/qingdaohf.com\/product\/g2140-shackle\/#primaryimage\",\"url\":\"https:\/\/qingdaohf.com\/wp-content\/uploads\/2023\/05\/G2140-SHACKLE-1.jpg\",\"contentUrl\":\"https:\/\/qingdaohf.com\/wp-content\/uploads\/2023\/05\/G2140-SHACKLE-1.jpg\",\"width\":1000,\"height\":1000,\"caption\":\"G2140 SHACKLE\"},{\"@type\":\"BreadcrumbList\",\"@id\":\"https:\/\/qingdaohf.com\/product\/g2140-shackle\/#breadcrumb\",\"itemListElement\":[{\"@type\":\"ListItem\",\"position\":1,\"name\":\"Home\",\"item\":\"https:\/\/qingdaohf.com\/\"},{\"@type\":\"ListItem\",\"position\":2,\"name\":\"Concrete Forming Accessories and Rigging Hardware\",\"item\":\"https:\/\/qingdaohf.com\/bg\/?page_id=944\"},{\"@type\":\"ListItem\",\"position\":3,\"name\":\"G2140 Galvanized Shackle\"}]},{\"@type\":\"WebSite\",\"@id\":\"https:\/\/qingdaohf.com\/bg\/#website\",\"url\":\"https:\/\/qingdaohf.com\/bg\/\",\"name\":\"Concrete Form & Rigging Hardware Supplier\",\"description\":\"\",\"publisher\":{\"@id\":\"https:\/\/qingdaohf.com\/bg\/#organization\"},\"potentialAction\":[{\"@type\":\"SearchAction\",\"target\":{\"@type\":\"EntryPoint\",\"urlTemplate\":\"https:\/\/qingdaohf.com\/bg\/?s={search_term_string}\"},\"query-input\":{\"@type\":\"PropertyValueSpecification\",\"valueRequired\":true,\"valueName\":\"search_term_string\"}}],\"inLanguage\":\"hu\"},{\"@type\":\"Organization\",\"@id\":\"https:\/\/qingdaohf.com\/bg\/#organization\",\"name\":\"Qingdao H&F\",\"url\":\"https:\/\/qingdaohf.com\/bg\/\",\"logo\":{\"@type\":\"ImageObject\",\"inLanguage\":\"hu\",\"@id\":\"https:\/\/qingdaohf.com\/bg\/#\/schema\/logo\/image\/\",\"url\":\"https:\/\/qingdaohf.com\/wp-content\/uploads\/2022\/12\/cropped-HF-LOGO.png\",\"contentUrl\":\"https:\/\/qingdaohf.com\/wp-content\/uploads\/2022\/12\/cropped-HF-LOGO.png\",\"width\":391,\"height\":249,\"caption\":\"Qingdao H&F\"},\"image\":{\"@id\":\"https:\/\/qingdaohf.com\/bg\/#\/schema\/logo\/image\/\"},\"sameAs\":[\"https:\/\/www.facebook.com\/qingdaohf\"]}]}<\/script>\n<!-- \/ Yoast SEO plugin. -->","yoast_head_json":{"title":"G2140 Galvanized Shackle","description":"The G2140 Galvanized Shackle is a heavy-duty rigging component commonly used in lifting and securing operations. This shackle is designed to provide a strong and reliable connection point between various lifting components, including chains, wire ropes, and slings.","robots":{"index":"index","follow":"follow","max-snippet":"max-snippet:-1","max-image-preview":"max-image-preview:large","max-video-preview":"max-video-preview:-1"},"canonical":"https:\/\/qingdaohf.com\/hu\/termek\/g2140-bilincs\/","og_locale":"hu_HU","og_type":"article","og_title":"G2140 Galvanized Shackle","og_description":"The G2140 Galvanized Shackle is a heavy-duty rigging component commonly used in lifting and securing operations. This shackle is designed to provide a strong and reliable connection point between various lifting components, including chains, wire ropes, and slings.","og_url":"https:\/\/qingdaohf.com\/hu\/termek\/g2140-bilincs\/","og_site_name":"Concrete Form &amp; Rigging Hardware Supplier","article_publisher":"https:\/\/www.facebook.com\/qingdaohf","article_modified_time":"2025-11-13T01:05:11+00:00","og_image":[{"width":1000,"height":1000,"url":"https:\/\/qingdaohf.com\/wp-content\/uploads\/2023\/05\/G2140-SHACKLE-1.jpg","type":"image\/jpeg"}],"twitter_card":"summary_large_image","twitter_misc":{"Becs\u00fclt olvas\u00e1si id\u0151":"2 perc"},"schema":{"@context":"https:\/\/schema.org","@graph":[{"@type":"WebPage","@id":"https:\/\/qingdaohf.com\/product\/g2140-shackle\/","url":"https:\/\/qingdaohf.com\/product\/g2140-shackle\/","name":"G2140 Galvanized Shackle","isPartOf":{"@id":"https:\/\/qingdaohf.com\/bg\/#website"},"primaryImageOfPage":{"@id":"https:\/\/qingdaohf.com\/product\/g2140-shackle\/#primaryimage"},"image":{"@id":"https:\/\/qingdaohf.com\/product\/g2140-shackle\/#primaryimage"},"thumbnailUrl":"https:\/\/qingdaohf.com\/wp-content\/uploads\/2023\/05\/G2140-SHACKLE-1.jpg","datePublished":"2023-05-19T08:48:13+00:00","dateModified":"2025-11-13T01:05:11+00:00","description":"The G2140 Galvanized Shackle is a heavy-duty rigging component commonly used in lifting and securing operations. This shackle is designed to provide a strong and reliable connection point between various lifting components, including chains, wire ropes, and slings.","breadcrumb":{"@id":"https:\/\/qingdaohf.com\/product\/g2140-shackle\/#breadcrumb"},"inLanguage":"hu","potentialAction":[{"@type":"ReadAction","target":["https:\/\/qingdaohf.com\/product\/g2140-shackle\/"]}]},{"@type":"ImageObject","inLanguage":"hu","@id":"https:\/\/qingdaohf.com\/product\/g2140-shackle\/#primaryimage","url":"https:\/\/qingdaohf.com\/wp-content\/uploads\/2023\/05\/G2140-SHACKLE-1.jpg","contentUrl":"https:\/\/qingdaohf.com\/wp-content\/uploads\/2023\/05\/G2140-SHACKLE-1.jpg","width":1000,"height":1000,"caption":"G2140 SHACKLE"},{"@type":"BreadcrumbList","@id":"https:\/\/qingdaohf.com\/product\/g2140-shackle\/#breadcrumb","itemListElement":[{"@type":"ListItem","position":1,"name":"Home","item":"https:\/\/qingdaohf.com\/"},{"@type":"ListItem","position":2,"name":"Concrete Forming Accessories and Rigging Hardware","item":"https:\/\/qingdaohf.com\/bg\/?page_id=944"},{"@type":"ListItem","position":3,"name":"G2140 Galvanized Shackle"}]},{"@type":"WebSite","@id":"https:\/\/qingdaohf.com\/bg\/#website","url":"https:\/\/qingdaohf.com\/bg\/","name":"Concrete Form & Rigging Hardware Supplier","description":"","publisher":{"@id":"https:\/\/qingdaohf.com\/bg\/#organization"},"potentialAction":[{"@type":"SearchAction","target":{"@type":"EntryPoint","urlTemplate":"https:\/\/qingdaohf.com\/bg\/?s={search_term_string}"},"query-input":{"@type":"PropertyValueSpecification","valueRequired":true,"valueName":"search_term_string"}}],"inLanguage":"hu"},{"@type":"Organization","@id":"https:\/\/qingdaohf.com\/bg\/#organization","name":"Qingdao H&F","url":"https:\/\/qingdaohf.com\/bg\/","logo":{"@type":"ImageObject","inLanguage":"hu","@id":"https:\/\/qingdaohf.com\/bg\/#\/schema\/logo\/image\/","url":"https:\/\/qingdaohf.com\/wp-content\/uploads\/2022\/12\/cropped-HF-LOGO.png","contentUrl":"https:\/\/qingdaohf.com\/wp-content\/uploads\/2022\/12\/cropped-HF-LOGO.png","width":391,"height":249,"caption":"Qingdao H&F"},"image":{"@id":"https:\/\/qingdaohf.com\/bg\/#\/schema\/logo\/image\/"},"sameAs":["https:\/\/www.facebook.com\/qingdaohf"]}]}},"_links":{"self":[{"href":"https:\/\/qingdaohf.com\/hu\/wp-json\/wp\/v2\/product\/3830","targetHints":{"allow":["GET"]}}],"collection":[{"href":"https:\/\/qingdaohf.com\/hu\/wp-json\/wp\/v2\/product"}],"about":[{"href":"https:\/\/qingdaohf.com\/hu\/wp-json\/wp\/v2\/types\/product"}],"replies":[{"embeddable":true,"href":"https:\/\/qingdaohf.com\/hu\/wp-json\/wp\/v2\/comments?post=3830"}],"version-history":[{"count":4,"href":"https:\/\/qingdaohf.com\/hu\/wp-json\/wp\/v2\/product\/3830\/revisions"}],"predecessor-version":[{"id":6455,"href":"https:\/\/qingdaohf.com\/hu\/wp-json\/wp\/v2\/product\/3830\/revisions\/6455"}],"wp:featuredmedia":[{"embeddable":true,"href":"https:\/\/qingdaohf.com\/hu\/wp-json\/wp\/v2\/media\/6330"}],"wp:attachment":[{"href":"https:\/\/qingdaohf.com\/hu\/wp-json\/wp\/v2\/media?parent=3830"}],"wp:term":[{"taxonomy":"product_brand","embeddable":true,"href":"https:\/\/qingdaohf.com\/hu\/wp-json\/wp\/v2\/product_brand?post=3830"},{"taxonomy":"product_cat","embeddable":true,"href":"https:\/\/qingdaohf.com\/hu\/wp-json\/wp\/v2\/product_cat?post=3830"},{"taxonomy":"product_tag","embeddable":true,"href":"https:\/\/qingdaohf.com\/hu\/wp-json\/wp\/v2\/product_tag?post=3830"}],"curies":[{"name":"wp","href":"https:\/\/api.w.org\/{rel}","templated":true}]}}