{"id":3839,"date":"2023-05-19T17:06:54","date_gmt":"2023-05-19T09:06:54","guid":{"rendered":"http:\/\/qingdaohf.com\/?post_type=product&#038;p=3839"},"modified":"2025-11-13T09:05:11","modified_gmt":"2025-11-13T01:05:11","slug":"g2160-galvanized-shackle","status":"publish","type":"product","link":"https:\/\/qingdaohf.com\/hu\/termek\/g2160-horganyzott-bilincs\/","title":{"rendered":"G2160 S2160 Horganyzott sz\u00e9les karossz\u00e9ria bilincs"},"content":{"rendered":"<p>A kiv\u00e1l\u00f3 min\u0151s\u00e9g\u0171 ac\u00e9lb\u00f3l k\u00e9sz\u00fclt G2160 galvaniz\u00e1lt bilincs a korr\u00f3zi\u00f3\u00e1ll\u00f3s\u00e1g \u00e9s az \u00e1ltal\u00e1nos tart\u00f3ss\u00e1g n\u00f6vel\u00e9se \u00e9rdek\u00e9ben galvaniz\u00e1l\u00e1si elj\u00e1r\u00e1son megy kereszt\u00fcl. A horganyzott bevonat, amely egy v\u00e9d\u0151 cinkr\u00e9tegb\u0151l \u00e1ll, seg\u00edt megv\u00e9deni a bilincset a rozsd\u00e1t\u00f3l \u00e9s a korr\u00f3zi\u00f3t\u00f3l, \u00edgy alkalmas ig\u00e9nyes k\u00f6rnyezetben, t\u00f6bbek k\u00f6z\u00f6tt k\u00fclt\u00e9ri \u00e9s tengeri alkalmaz\u00e1sokban val\u00f3 haszn\u00e1latra.<\/p>\n<p>A G2160 horganyzott bilincs \u00edj alak\u00fa kialak\u00edt\u00e1ssal rendelkezik, amely lehet\u0151v\u00e9 teszi az emel\u0151elemek, p\u00e9ld\u00e1ul l\u00e1ncok, dr\u00f3tk\u00f6telek \u00e9s hevederek k\u00f6nny\u0171 r\u00f6gz\u00edt\u00e9s\u00e9t \u00e9s lev\u00e1laszt\u00e1s\u00e1t. A biztons\u00e1gos r\u00f6gz\u00edt\u00e9shez menetes csapot vagy csavart tartalmaz, amely megb\u00edzhat\u00f3 \u00e9s szoros z\u00e1r\u00e1st biztos\u00edt az emel\u00e9si m\u0171veletek sor\u00e1n. A bilincsre jellemz\u0151en fel van t\u00fcntetve a munkaterhel\u00e9si hat\u00e1r\u00e9rt\u00e9k (WLL) \u00e9s egy\u00e9b vonatkoz\u00f3 specifik\u00e1ci\u00f3k a biztons\u00e1gos \u00e9s megfelel\u0151 haszn\u00e1lat biztos\u00edt\u00e1sa \u00e9rdek\u00e9ben.<\/p>\n<p>A k\u00fcl\u00f6nb\u00f6z\u0151 m\u00e9retekben \u00e9s konfigur\u00e1ci\u00f3kban kaphat\u00f3 G2160 horganyzott bilincs a munkaterhel\u00e9si hat\u00e1r\u00e9rt\u00e9kek sz\u00e9les sk\u00e1l\u00e1j\u00e1t k\u00e9pes befogadni, lehet\u0151v\u00e9 t\u00e9ve a rugalmass\u00e1got a k\u00fcl\u00f6nb\u00f6z\u0151 emel\u00e9si alkalmaz\u00e1sokban. Az optim\u00e1lis biztons\u00e1g \u00e9s teljes\u00edtm\u00e9ny biztos\u00edt\u00e1sa \u00e9rdek\u00e9ben elengedhetetlen a megfelel\u0151 bilincs kiv\u00e1laszt\u00e1sa a konkr\u00e9t terhel\u00e9si k\u00f6vetelm\u00e9nyek \u00e9s munkak\u00f6r\u00fclm\u00e9nyek alapj\u00e1n.<\/p>\n<p>A G2160 horganyzott bilincs robusztus fel\u00e9p\u00edt\u00e9s\u00e9vel \u00e9s horganyzott bevonat\u00e1val megb\u00edzhat\u00f3 \u00e9s tart\u00f3s megold\u00e1st ny\u00fajt a nagy ig\u00e9nybev\u00e9tel\u0171 k\u00f6t\u00e9lzethez. Er\u0151ss\u00e9ge \u00e9s korr\u00f3zi\u00f3\u00e1ll\u00f3s\u00e1ga megb\u00edzhat\u00f3 v\u00e1laszt\u00e1ss\u00e1 teszi a szakemberek sz\u00e1m\u00e1ra, akik biztons\u00e1gos \u00e9s tart\u00f3s csatlakoz\u00e1si pontot keresnek emel\u00e9si \u00e9s r\u00f6gz\u00edt\u00e9si m\u0171veleteikhez.<\/p>\n<p><img fetchpriority=\"high\" decoding=\"async\" class=\"alignnone size-full wp-image-3842\" src=\"http:\/\/qingdaohf.com\/wp-content\/uploads\/2023\/05\/G2160.jpg\" alt=\"G2160 bilincs\" width=\"1000\" height=\"1219\" srcset=\"https:\/\/qingdaohf.com\/wp-content\/uploads\/2023\/05\/G2160.jpg 1000w, https:\/\/qingdaohf.com\/wp-content\/uploads\/2023\/05\/G2160-246x300.jpg 246w, https:\/\/qingdaohf.com\/wp-content\/uploads\/2023\/05\/G2160-840x1024.jpg 840w, https:\/\/qingdaohf.com\/wp-content\/uploads\/2023\/05\/G2160-768x936.jpg 768w\" sizes=\"(max-width: 1000px) 100vw, 1000px\" \/><\/p>\n<p><img decoding=\"async\" class=\"alignnone size-full wp-image-3843\" src=\"http:\/\/qingdaohf.com\/wp-content\/uploads\/2023\/05\/G2160E.jpg\" alt=\"G2160E\" width=\"1000\" height=\"895\" srcset=\"https:\/\/qingdaohf.com\/wp-content\/uploads\/2023\/05\/G2160E.jpg 1000w, https:\/\/qingdaohf.com\/wp-content\/uploads\/2023\/05\/G2160E-300x269.jpg 300w, https:\/\/qingdaohf.com\/wp-content\/uploads\/2023\/05\/G2160E-768x687.jpg 768w\" sizes=\"(max-width: 1000px) 100vw, 1000px\" \/><\/p>","protected":false},"excerpt":{"rendered":"<p>A G2160 horganyzott bilincs egy nagy teherb\u00edr\u00e1s\u00fa k\u00f6t\u00e9lzeti alkatr\u00e9sz, amelyet megb\u00edzhat\u00f3 \u00e9s biztons\u00e1gos csatlakoz\u00e1sokhoz terveztek az emel\u00e9si \u00e9s r\u00f6gz\u00edt\u00e9si m\u0171veletek sor\u00e1n. Ezt a bilincset sz\u00e9les k\u00f6rben haszn\u00e1lj\u00e1k olyan ipar\u00e1gakban, mint az \u00e9p\u00edt\u0151ipar, a haj\u00f3z\u00e1s \u00e9s a sz\u00e1ll\u00edt\u00e1s, ahol robusztus k\u00f6t\u00e9lzetre van sz\u00fcks\u00e9g.<\/p>","protected":false},"featured_media":4563,"comment_status":"open","ping_status":"closed","template":"","meta":{"site-sidebar-layout":"default","site-content-layout":"default","ast-site-content-layout":"default","site-content-style":"default","site-sidebar-style":"default","ast-global-header-display":"","ast-banner-title-visibility":"","ast-main-header-display":"","ast-hfb-above-header-display":"","ast-hfb-below-header-display":"","ast-hfb-mobile-header-display":"","site-post-title":"","ast-breadcrumbs-content":"","ast-featured-img":"","footer-sml-layout":"","theme-transparent-header-meta":"default","adv-header-id-meta":"","stick-header-meta":"default","header-above-stick-meta":"","header-main-stick-meta":"","header-below-stick-meta":"","astra-migrate-meta-layouts":"set","ast-page-background-enabled":"default","ast-page-background-meta":{"desktop":{"background-color":"","background-image":"","background-repeat":"repeat","background-position":"center center","background-size":"auto","background-attachment":"scroll","background-type":"","background-media":"","overlay-type":"","overlay-color":"","overlay-opacity":"","overlay-gradient":""},"tablet":{"background-color":"","background-image":"","background-repeat":"repeat","background-position":"center center","background-size":"auto","background-attachment":"scroll","background-type":"","background-media":"","overlay-type":"","overlay-color":"","overlay-opacity":"","overlay-gradient":""},"mobile":{"background-color":"","background-image":"","background-repeat":"repeat","background-position":"center center","background-size":"auto","background-attachment":"scroll","background-type":"","background-media":"","overlay-type":"","overlay-color":"","overlay-opacity":"","overlay-gradient":""}},"ast-content-background-meta":{"desktop":{"background-color":"var(--ast-global-color-5)","background-image":"","background-repeat":"repeat","background-position":"center center","background-size":"auto","background-attachment":"scroll","background-type":"","background-media":"","overlay-type":"","overlay-color":"","overlay-opacity":"","overlay-gradient":""},"tablet":{"background-color":"var(--ast-global-color-5)","background-image":"","background-repeat":"repeat","background-position":"center center","background-size":"auto","background-attachment":"scroll","background-type":"","background-media":"","overlay-type":"","overlay-color":"","overlay-opacity":"","overlay-gradient":""},"mobile":{"background-color":"var(--ast-global-color-5)","background-image":"","background-repeat":"repeat","background-position":"center center","background-size":"auto","background-attachment":"scroll","background-type":"","background-media":"","overlay-type":"","overlay-color":"","overlay-opacity":"","overlay-gradient":""}}},"product_brand":[],"product_cat":[54],"product_tag":[],"class_list":{"0":"post-3839","1":"product","2":"type-product","3":"status-publish","4":"has-post-thumbnail","6":"product_cat-shackle","7":"desktop-align-left","8":"tablet-align-left","9":"mobile-align-left","10":"ast-product-gallery-layout-horizontal-slider","11":"ast-product-tabs-layout-horizontal","13":"first","14":"instock","15":"shipping-taxable","16":"purchasable","17":"product-type-simple"},"yoast_head":"<!-- This site is optimized with the Yoast SEO plugin v25.2 - https:\/\/yoast.com\/wordpress\/plugins\/seo\/ -->\n<title>G2160 S2160 Galvanized Wide Body Shackle<\/title>\n<meta name=\"description\" content=\"G2160 Shackle is a heavy-duty rigging component designed for reliable and secure connections in lifting and securing operations.\" \/>\n<meta name=\"robots\" content=\"index, follow, max-snippet:-1, max-image-preview:large, max-video-preview:-1\" \/>\n<link rel=\"canonical\" href=\"https:\/\/qingdaohf.com\/hu\/termek\/g2160-horganyzott-bilincs\/\" \/>\n<meta property=\"og:locale\" content=\"hu_HU\" \/>\n<meta property=\"og:type\" content=\"article\" \/>\n<meta property=\"og:title\" content=\"G2160 S2160 Galvanized Wide Body Shackle\" \/>\n<meta property=\"og:description\" content=\"G2160 Shackle is a heavy-duty rigging component designed for reliable and secure connections in lifting and securing operations.\" \/>\n<meta property=\"og:url\" content=\"https:\/\/qingdaohf.com\/hu\/termek\/g2160-horganyzott-bilincs\/\" \/>\n<meta property=\"og:site_name\" content=\"Concrete Form &amp; Rigging Hardware Supplier\" \/>\n<meta property=\"article:publisher\" content=\"https:\/\/www.facebook.com\/qingdaohf\" \/>\n<meta property=\"article:modified_time\" content=\"2025-11-13T01:05:11+00:00\" \/>\n<meta property=\"og:image\" content=\"https:\/\/qingdaohf.com\/wp-content\/uploads\/2023\/05\/1-2-2.jpg\" \/>\n\t<meta property=\"og:image:width\" content=\"1000\" \/>\n\t<meta property=\"og:image:height\" content=\"1000\" \/>\n\t<meta property=\"og:image:type\" content=\"image\/jpeg\" \/>\n<meta name=\"twitter:card\" content=\"summary_large_image\" \/>\n<meta name=\"twitter:label1\" content=\"Becs\u00fclt olvas\u00e1si id\u0151\" \/>\n\t<meta name=\"twitter:data1\" content=\"2 perc\" \/>\n<script type=\"application\/ld+json\" class=\"yoast-schema-graph\">{\"@context\":\"https:\/\/schema.org\",\"@graph\":[{\"@type\":\"WebPage\",\"@id\":\"https:\/\/qingdaohf.com\/product\/g2160-galvanized-shackle\/\",\"url\":\"https:\/\/qingdaohf.com\/product\/g2160-galvanized-shackle\/\",\"name\":\"G2160 S2160 Galvanized Wide Body Shackle\",\"isPartOf\":{\"@id\":\"https:\/\/qingdaohf.com\/bg\/#website\"},\"primaryImageOfPage\":{\"@id\":\"https:\/\/qingdaohf.com\/product\/g2160-galvanized-shackle\/#primaryimage\"},\"image\":{\"@id\":\"https:\/\/qingdaohf.com\/product\/g2160-galvanized-shackle\/#primaryimage\"},\"thumbnailUrl\":\"https:\/\/qingdaohf.com\/wp-content\/uploads\/2023\/05\/1-2-2.jpg\",\"datePublished\":\"2023-05-19T09:06:54+00:00\",\"dateModified\":\"2025-11-13T01:05:11+00:00\",\"description\":\"G2160 Shackle is a heavy-duty rigging component designed for reliable and secure connections in lifting and securing operations.\",\"breadcrumb\":{\"@id\":\"https:\/\/qingdaohf.com\/product\/g2160-galvanized-shackle\/#breadcrumb\"},\"inLanguage\":\"hu\",\"potentialAction\":[{\"@type\":\"ReadAction\",\"target\":[\"https:\/\/qingdaohf.com\/product\/g2160-galvanized-shackle\/\"]}]},{\"@type\":\"ImageObject\",\"inLanguage\":\"hu\",\"@id\":\"https:\/\/qingdaohf.com\/product\/g2160-galvanized-shackle\/#primaryimage\",\"url\":\"https:\/\/qingdaohf.com\/wp-content\/uploads\/2023\/05\/1-2-2.jpg\",\"contentUrl\":\"https:\/\/qingdaohf.com\/wp-content\/uploads\/2023\/05\/1-2-2.jpg\",\"width\":1000,\"height\":1000,\"caption\":\"shackle\"},{\"@type\":\"BreadcrumbList\",\"@id\":\"https:\/\/qingdaohf.com\/product\/g2160-galvanized-shackle\/#breadcrumb\",\"itemListElement\":[{\"@type\":\"ListItem\",\"position\":1,\"name\":\"Home\",\"item\":\"https:\/\/qingdaohf.com\/\"},{\"@type\":\"ListItem\",\"position\":2,\"name\":\"Concrete Forming Accessories and Rigging Hardware\",\"item\":\"https:\/\/qingdaohf.com\/bg\/?page_id=944\"},{\"@type\":\"ListItem\",\"position\":3,\"name\":\"G2160 S2160 Galvanized Wide Body Shackle\"}]},{\"@type\":\"WebSite\",\"@id\":\"https:\/\/qingdaohf.com\/bg\/#website\",\"url\":\"https:\/\/qingdaohf.com\/bg\/\",\"name\":\"Concrete Form & Rigging Hardware Supplier\",\"description\":\"\",\"publisher\":{\"@id\":\"https:\/\/qingdaohf.com\/bg\/#organization\"},\"potentialAction\":[{\"@type\":\"SearchAction\",\"target\":{\"@type\":\"EntryPoint\",\"urlTemplate\":\"https:\/\/qingdaohf.com\/bg\/?s={search_term_string}\"},\"query-input\":{\"@type\":\"PropertyValueSpecification\",\"valueRequired\":true,\"valueName\":\"search_term_string\"}}],\"inLanguage\":\"hu\"},{\"@type\":\"Organization\",\"@id\":\"https:\/\/qingdaohf.com\/bg\/#organization\",\"name\":\"Qingdao H&F\",\"url\":\"https:\/\/qingdaohf.com\/bg\/\",\"logo\":{\"@type\":\"ImageObject\",\"inLanguage\":\"hu\",\"@id\":\"https:\/\/qingdaohf.com\/bg\/#\/schema\/logo\/image\/\",\"url\":\"https:\/\/qingdaohf.com\/wp-content\/uploads\/2022\/12\/cropped-HF-LOGO.png\",\"contentUrl\":\"https:\/\/qingdaohf.com\/wp-content\/uploads\/2022\/12\/cropped-HF-LOGO.png\",\"width\":391,\"height\":249,\"caption\":\"Qingdao H&F\"},\"image\":{\"@id\":\"https:\/\/qingdaohf.com\/bg\/#\/schema\/logo\/image\/\"},\"sameAs\":[\"https:\/\/www.facebook.com\/qingdaohf\"]}]}<\/script>\n<!-- \/ Yoast SEO plugin. -->","yoast_head_json":{"title":"G2160 S2160 Galvanized Wide Body Shackle","description":"G2160 Shackle is a heavy-duty rigging component designed for reliable and secure connections in lifting and securing operations.","robots":{"index":"index","follow":"follow","max-snippet":"max-snippet:-1","max-image-preview":"max-image-preview:large","max-video-preview":"max-video-preview:-1"},"canonical":"https:\/\/qingdaohf.com\/hu\/termek\/g2160-horganyzott-bilincs\/","og_locale":"hu_HU","og_type":"article","og_title":"G2160 S2160 Galvanized Wide Body Shackle","og_description":"G2160 Shackle is a heavy-duty rigging component designed for reliable and secure connections in lifting and securing operations.","og_url":"https:\/\/qingdaohf.com\/hu\/termek\/g2160-horganyzott-bilincs\/","og_site_name":"Concrete Form &amp; Rigging Hardware Supplier","article_publisher":"https:\/\/www.facebook.com\/qingdaohf","article_modified_time":"2025-11-13T01:05:11+00:00","og_image":[{"width":1000,"height":1000,"url":"https:\/\/qingdaohf.com\/wp-content\/uploads\/2023\/05\/1-2-2.jpg","type":"image\/jpeg"}],"twitter_card":"summary_large_image","twitter_misc":{"Becs\u00fclt olvas\u00e1si id\u0151":"2 perc"},"schema":{"@context":"https:\/\/schema.org","@graph":[{"@type":"WebPage","@id":"https:\/\/qingdaohf.com\/product\/g2160-galvanized-shackle\/","url":"https:\/\/qingdaohf.com\/product\/g2160-galvanized-shackle\/","name":"G2160 S2160 Galvanized Wide Body Shackle","isPartOf":{"@id":"https:\/\/qingdaohf.com\/bg\/#website"},"primaryImageOfPage":{"@id":"https:\/\/qingdaohf.com\/product\/g2160-galvanized-shackle\/#primaryimage"},"image":{"@id":"https:\/\/qingdaohf.com\/product\/g2160-galvanized-shackle\/#primaryimage"},"thumbnailUrl":"https:\/\/qingdaohf.com\/wp-content\/uploads\/2023\/05\/1-2-2.jpg","datePublished":"2023-05-19T09:06:54+00:00","dateModified":"2025-11-13T01:05:11+00:00","description":"G2160 Shackle is a heavy-duty rigging component designed for reliable and secure connections in lifting and securing operations.","breadcrumb":{"@id":"https:\/\/qingdaohf.com\/product\/g2160-galvanized-shackle\/#breadcrumb"},"inLanguage":"hu","potentialAction":[{"@type":"ReadAction","target":["https:\/\/qingdaohf.com\/product\/g2160-galvanized-shackle\/"]}]},{"@type":"ImageObject","inLanguage":"hu","@id":"https:\/\/qingdaohf.com\/product\/g2160-galvanized-shackle\/#primaryimage","url":"https:\/\/qingdaohf.com\/wp-content\/uploads\/2023\/05\/1-2-2.jpg","contentUrl":"https:\/\/qingdaohf.com\/wp-content\/uploads\/2023\/05\/1-2-2.jpg","width":1000,"height":1000,"caption":"shackle"},{"@type":"BreadcrumbList","@id":"https:\/\/qingdaohf.com\/product\/g2160-galvanized-shackle\/#breadcrumb","itemListElement":[{"@type":"ListItem","position":1,"name":"Home","item":"https:\/\/qingdaohf.com\/"},{"@type":"ListItem","position":2,"name":"Concrete Forming Accessories and Rigging Hardware","item":"https:\/\/qingdaohf.com\/bg\/?page_id=944"},{"@type":"ListItem","position":3,"name":"G2160 S2160 Galvanized Wide Body Shackle"}]},{"@type":"WebSite","@id":"https:\/\/qingdaohf.com\/bg\/#website","url":"https:\/\/qingdaohf.com\/bg\/","name":"Concrete Form & Rigging Hardware Supplier","description":"","publisher":{"@id":"https:\/\/qingdaohf.com\/bg\/#organization"},"potentialAction":[{"@type":"SearchAction","target":{"@type":"EntryPoint","urlTemplate":"https:\/\/qingdaohf.com\/bg\/?s={search_term_string}"},"query-input":{"@type":"PropertyValueSpecification","valueRequired":true,"valueName":"search_term_string"}}],"inLanguage":"hu"},{"@type":"Organization","@id":"https:\/\/qingdaohf.com\/bg\/#organization","name":"Qingdao H&F","url":"https:\/\/qingdaohf.com\/bg\/","logo":{"@type":"ImageObject","inLanguage":"hu","@id":"https:\/\/qingdaohf.com\/bg\/#\/schema\/logo\/image\/","url":"https:\/\/qingdaohf.com\/wp-content\/uploads\/2022\/12\/cropped-HF-LOGO.png","contentUrl":"https:\/\/qingdaohf.com\/wp-content\/uploads\/2022\/12\/cropped-HF-LOGO.png","width":391,"height":249,"caption":"Qingdao H&F"},"image":{"@id":"https:\/\/qingdaohf.com\/bg\/#\/schema\/logo\/image\/"},"sameAs":["https:\/\/www.facebook.com\/qingdaohf"]}]}},"_links":{"self":[{"href":"https:\/\/qingdaohf.com\/hu\/wp-json\/wp\/v2\/product\/3839","targetHints":{"allow":["GET"]}}],"collection":[{"href":"https:\/\/qingdaohf.com\/hu\/wp-json\/wp\/v2\/product"}],"about":[{"href":"https:\/\/qingdaohf.com\/hu\/wp-json\/wp\/v2\/types\/product"}],"replies":[{"embeddable":true,"href":"https:\/\/qingdaohf.com\/hu\/wp-json\/wp\/v2\/comments?post=3839"}],"version-history":[{"count":2,"href":"https:\/\/qingdaohf.com\/hu\/wp-json\/wp\/v2\/product\/3839\/revisions"}],"predecessor-version":[{"id":6449,"href":"https:\/\/qingdaohf.com\/hu\/wp-json\/wp\/v2\/product\/3839\/revisions\/6449"}],"wp:featuredmedia":[{"embeddable":true,"href":"https:\/\/qingdaohf.com\/hu\/wp-json\/wp\/v2\/media\/4563"}],"wp:attachment":[{"href":"https:\/\/qingdaohf.com\/hu\/wp-json\/wp\/v2\/media?parent=3839"}],"wp:term":[{"taxonomy":"product_brand","embeddable":true,"href":"https:\/\/qingdaohf.com\/hu\/wp-json\/wp\/v2\/product_brand?post=3839"},{"taxonomy":"product_cat","embeddable":true,"href":"https:\/\/qingdaohf.com\/hu\/wp-json\/wp\/v2\/product_cat?post=3839"},{"taxonomy":"product_tag","embeddable":true,"href":"https:\/\/qingdaohf.com\/hu\/wp-json\/wp\/v2\/product_tag?post=3839"}],"curies":[{"name":"wp","href":"https:\/\/api.w.org\/{rel}","templated":true}]}}