{"id":4003,"date":"2023-05-25T16:09:31","date_gmt":"2023-05-25T08:09:31","guid":{"rendered":"http:\/\/qingdaohf.com\/?post_type=product&#038;p=4003"},"modified":"2025-11-13T09:04:44","modified_gmt":"2025-11-13T01:04:44","slug":"jaw-eye-turnbuckle","status":"publish","type":"product","link":"https:\/\/qingdaohf.com\/hu\/termek\/allkapocs-szemforgato-bilincs\/","title":{"rendered":"\u00c1llkapocs \u00e9s szemcsat"},"content":{"rendered":"<p>Az \u00e1llkapocs-szem csavark\u00f6t\u0151 egy f\u00e9mtestb\u0151l \u00e1ll, amelynek egyik v\u00e9g\u00e9n bels\u0151 menet van, a m\u00e1sik v\u00e9g\u00e9n pedig egy \u00e1llkapocs, valamint egy szemes r\u00f6gz\u00edt\u00e9si pont. A pofa v\u00e9ge egy megfog\u00f3 mechanizmussal rendelkezik, jellemz\u0151en pof\u00e1k vagy bilincsek form\u00e1j\u00e1ban, amelyeket a t\u00e1rgyak biztons\u00e1gos megtart\u00e1s\u00e1ra terveztek. A f\u0171z\u0151lyuk egy hurkot vagy gy\u0171r\u0171t biztos\u00edt k\u00f6telek, k\u00e1belek vagy m\u00e1s r\u00f6gz\u00edt\u00e9si pontok befogad\u00e1s\u00e1ra. A bels\u0151 menetek lehet\u0151v\u00e9 teszik, hogy a csavark\u00f6t\u0151 a test elforgat\u00e1s\u00e1val meghosszabb\u00edthat\u00f3 vagy visszah\u00fazhat\u00f3 legyen, lehet\u0151v\u00e9 t\u00e9ve a pontos fesz\u00edt\u00e9st \u00e9s be\u00e1ll\u00edt\u00e1st.<\/p>\n<p>Az \u00e1llkapocs-szem elford\u00edt\u00f3 els\u0151dleges funkci\u00f3ja az \u00e1llkapocsfoganty\u00fa \u00e9s a szemes r\u00f6gz\u00edt\u00e9si pont k\u00f6z\u00f6tti kapcsolat feszess\u00e9g\u00e9nek l\u00e9trehoz\u00e1sa vagy hossz\u00e1nak be\u00e1ll\u00edt\u00e1sa. A csavark\u00f6t\u0151 test\u00e9nek elforgat\u00e1s\u00e1val a menetes v\u00e9g mozog, hat\u00e9konyan n\u00f6velve vagy cs\u00f6kkentve a t\u00e1vols\u00e1got az \u00e1llkapocs \u00e9s a f\u0171z\u0151lyuk k\u00f6z\u00f6tt. Ez a mechanizmus lehet\u0151v\u00e9 teszi a csatlakoztatott t\u00e1rgyak pontos fesz\u00edt\u00e9s\u00e9t \u00e9s be\u00e1ll\u00edt\u00e1s\u00e1t.<\/p>\n<p>A pofaszem\u0171 elford\u00edt\u00f3szerkezetek szerkezete \u00e1ltal\u00e1ban tart\u00f3s anyagokat, p\u00e9ld\u00e1ul ac\u00e9lt vagy rozsdamentes ac\u00e9lt tartalmaz, hogy biztos\u00edtsa az er\u0151t, a tart\u00f3ss\u00e1got \u00e9s a korr\u00f3zi\u00f3val szembeni ellen\u00e1ll\u00e1st. K\u00fcl\u00f6nb\u00f6z\u0151 m\u00e9retekben \u00e9s s\u00falykapacit\u00e1sokban kaphat\u00f3, hogy megfeleljen a k\u00fcl\u00f6nb\u00f6z\u0151 alkalmaz\u00e1soknak \u00e9s k\u00f6vetelm\u00e9nyeknek.<\/p>\n<p><img fetchpriority=\"high\" decoding=\"async\" class=\"alignnone wp-image-4574 size-full\" src=\"http:\/\/qingdaohf.com\/wp-content\/uploads\/2023\/05\/jaweye.webp\" alt=\"\u00e1llkapocs \u00e9s szemforgat\u00f3 bilincs\" width=\"1000\" height=\"1298\" srcset=\"https:\/\/qingdaohf.com\/wp-content\/uploads\/2023\/05\/jaweye.webp 1000w, https:\/\/qingdaohf.com\/wp-content\/uploads\/2023\/05\/jaweye-231x300.webp 231w, https:\/\/qingdaohf.com\/wp-content\/uploads\/2023\/05\/jaweye-789x1024.webp 789w, https:\/\/qingdaohf.com\/wp-content\/uploads\/2023\/05\/jaweye-768x997.webp 768w\" sizes=\"(max-width: 1000px) 100vw, 1000px\" \/><\/p>","protected":false},"excerpt":{"rendered":"<p>Az \u00e1llkapocs-szem\u0171 csavark\u00f6t\u0151 egy olyan hardverelem, amelyet \u00e1ltal\u00e1ban olyan alkalmaz\u00e1sokban haszn\u00e1lnak, ahol k\u00e9t k\u00fcl\u00f6nb\u00f6z\u0151 r\u00f6gz\u00edt\u00e9si ponttal rendelkez\u0151 t\u00e1rgyat kell fesz\u00edteni, be\u00e1ll\u00edtani vagy \u00f6sszek\u00f6tni. Biztons\u00e1gos \u00e9s \u00e1ll\u00edthat\u00f3 kapcsolatot biztos\u00edt, mik\u00f6zben lehet\u0151v\u00e9 teszi a kapcsolat meghosszabb\u00edt\u00e1s\u00e1t vagy ler\u00f6vid\u00edt\u00e9s\u00e9t.<\/p>","protected":false},"featured_media":3974,"comment_status":"open","ping_status":"closed","template":"","meta":{"site-sidebar-layout":"default","site-content-layout":"default","ast-site-content-layout":"default","site-content-style":"default","site-sidebar-style":"default","ast-global-header-display":"","ast-banner-title-visibility":"","ast-main-header-display":"","ast-hfb-above-header-display":"","ast-hfb-below-header-display":"","ast-hfb-mobile-header-display":"","site-post-title":"","ast-breadcrumbs-content":"","ast-featured-img":"","footer-sml-layout":"","theme-transparent-header-meta":"default","adv-header-id-meta":"","stick-header-meta":"default","header-above-stick-meta":"","header-main-stick-meta":"","header-below-stick-meta":"","astra-migrate-meta-layouts":"set","ast-page-background-enabled":"default","ast-page-background-meta":{"desktop":{"background-color":"","background-image":"","background-repeat":"repeat","background-position":"center center","background-size":"auto","background-attachment":"scroll","background-type":"","background-media":"","overlay-type":"","overlay-color":"","overlay-opacity":"","overlay-gradient":""},"tablet":{"background-color":"","background-image":"","background-repeat":"repeat","background-position":"center center","background-size":"auto","background-attachment":"scroll","background-type":"","background-media":"","overlay-type":"","overlay-color":"","overlay-opacity":"","overlay-gradient":""},"mobile":{"background-color":"","background-image":"","background-repeat":"repeat","background-position":"center center","background-size":"auto","background-attachment":"scroll","background-type":"","background-media":"","overlay-type":"","overlay-color":"","overlay-opacity":"","overlay-gradient":""}},"ast-content-background-meta":{"desktop":{"background-color":"var(--ast-global-color-5)","background-image":"","background-repeat":"repeat","background-position":"center center","background-size":"auto","background-attachment":"scroll","background-type":"","background-media":"","overlay-type":"","overlay-color":"","overlay-opacity":"","overlay-gradient":""},"tablet":{"background-color":"var(--ast-global-color-5)","background-image":"","background-repeat":"repeat","background-position":"center center","background-size":"auto","background-attachment":"scroll","background-type":"","background-media":"","overlay-type":"","overlay-color":"","overlay-opacity":"","overlay-gradient":""},"mobile":{"background-color":"var(--ast-global-color-5)","background-image":"","background-repeat":"repeat","background-position":"center center","background-size":"auto","background-attachment":"scroll","background-type":"","background-media":"","overlay-type":"","overlay-color":"","overlay-opacity":"","overlay-gradient":""}}},"product_brand":[],"product_cat":[56],"product_tag":[],"class_list":{"0":"post-4003","1":"product","2":"type-product","3":"status-publish","4":"has-post-thumbnail","6":"product_cat-turnbuckle","7":"desktop-align-left","8":"tablet-align-left","9":"mobile-align-left","10":"ast-product-gallery-layout-horizontal-slider","11":"ast-product-gallery-with-no-image","12":"ast-product-tabs-layout-horizontal","14":"first","15":"instock","16":"shipping-taxable","17":"purchasable","18":"product-type-simple"},"yoast_head":"<!-- This site is optimized with the Yoast SEO plugin v25.2 - https:\/\/yoast.com\/wordpress\/plugins\/seo\/ -->\n<title>Jaw &amp; Eye Turnbuckle<\/title>\n<meta name=\"description\" content=\"A Jaw-Eye Turnbuckle is a hardware component commonly used in applications that require tensioning, adjusting, or connecting two objects with different attachment points.\" \/>\n<meta name=\"robots\" content=\"index, follow, max-snippet:-1, max-image-preview:large, max-video-preview:-1\" \/>\n<link rel=\"canonical\" href=\"https:\/\/qingdaohf.com\/hu\/termek\/allkapocs-szemforgato-bilincs\/\" \/>\n<meta property=\"og:locale\" content=\"hu_HU\" \/>\n<meta property=\"og:type\" content=\"article\" \/>\n<meta property=\"og:title\" content=\"Jaw &amp; Eye Turnbuckle\" \/>\n<meta property=\"og:description\" content=\"A Jaw-Eye Turnbuckle is a hardware component commonly used in applications that require tensioning, adjusting, or connecting two objects with different attachment points.\" \/>\n<meta property=\"og:url\" content=\"https:\/\/qingdaohf.com\/hu\/termek\/allkapocs-szemforgato-bilincs\/\" \/>\n<meta property=\"og:site_name\" content=\"Concrete Form &amp; Rigging Hardware Supplier\" \/>\n<meta property=\"article:publisher\" content=\"https:\/\/www.facebook.com\/qingdaohf\" \/>\n<meta property=\"article:modified_time\" content=\"2025-11-13T01:04:44+00:00\" \/>\n<meta property=\"og:image\" content=\"https:\/\/qingdaohf.com\/wp-content\/uploads\/2023\/05\/turnbuckle-1.jpg\" \/>\n\t<meta property=\"og:image:width\" content=\"1000\" \/>\n\t<meta property=\"og:image:height\" content=\"1000\" \/>\n\t<meta property=\"og:image:type\" content=\"image\/jpeg\" \/>\n<meta name=\"twitter:card\" content=\"summary_large_image\" \/>\n<meta name=\"twitter:label1\" content=\"Becs\u00fclt olvas\u00e1si id\u0151\" \/>\n\t<meta name=\"twitter:data1\" content=\"2 perc\" \/>\n<script type=\"application\/ld+json\" class=\"yoast-schema-graph\">{\"@context\":\"https:\/\/schema.org\",\"@graph\":[{\"@type\":\"WebPage\",\"@id\":\"https:\/\/qingdaohf.com\/product\/jaw-eye-turnbuckle\/\",\"url\":\"https:\/\/qingdaohf.com\/product\/jaw-eye-turnbuckle\/\",\"name\":\"Jaw & Eye Turnbuckle\",\"isPartOf\":{\"@id\":\"https:\/\/qingdaohf.com\/bg\/#website\"},\"primaryImageOfPage\":{\"@id\":\"https:\/\/qingdaohf.com\/product\/jaw-eye-turnbuckle\/#primaryimage\"},\"image\":{\"@id\":\"https:\/\/qingdaohf.com\/product\/jaw-eye-turnbuckle\/#primaryimage\"},\"thumbnailUrl\":\"https:\/\/qingdaohf.com\/wp-content\/uploads\/2023\/05\/turnbuckle-1.jpg\",\"datePublished\":\"2023-05-25T08:09:31+00:00\",\"dateModified\":\"2025-11-13T01:04:44+00:00\",\"description\":\"A Jaw-Eye Turnbuckle is a hardware component commonly used in applications that require tensioning, adjusting, or connecting two objects with different attachment points.\",\"breadcrumb\":{\"@id\":\"https:\/\/qingdaohf.com\/product\/jaw-eye-turnbuckle\/#breadcrumb\"},\"inLanguage\":\"hu\",\"potentialAction\":[{\"@type\":\"ReadAction\",\"target\":[\"https:\/\/qingdaohf.com\/product\/jaw-eye-turnbuckle\/\"]}]},{\"@type\":\"ImageObject\",\"inLanguage\":\"hu\",\"@id\":\"https:\/\/qingdaohf.com\/product\/jaw-eye-turnbuckle\/#primaryimage\",\"url\":\"https:\/\/qingdaohf.com\/wp-content\/uploads\/2023\/05\/turnbuckle-1.jpg\",\"contentUrl\":\"https:\/\/qingdaohf.com\/wp-content\/uploads\/2023\/05\/turnbuckle-1.jpg\",\"width\":1000,\"height\":1000,\"caption\":\"JAW&Eye Turnbuckle\"},{\"@type\":\"BreadcrumbList\",\"@id\":\"https:\/\/qingdaohf.com\/product\/jaw-eye-turnbuckle\/#breadcrumb\",\"itemListElement\":[{\"@type\":\"ListItem\",\"position\":1,\"name\":\"Home\",\"item\":\"https:\/\/qingdaohf.com\/\"},{\"@type\":\"ListItem\",\"position\":2,\"name\":\"Concrete Forming Accessories and Rigging Hardware\",\"item\":\"https:\/\/qingdaohf.com\/bg\/?page_id=944\"},{\"@type\":\"ListItem\",\"position\":3,\"name\":\"Jaw &#038; Eye Turnbuckle\"}]},{\"@type\":\"WebSite\",\"@id\":\"https:\/\/qingdaohf.com\/bg\/#website\",\"url\":\"https:\/\/qingdaohf.com\/bg\/\",\"name\":\"Concrete Form & Rigging Hardware Supplier\",\"description\":\"\",\"publisher\":{\"@id\":\"https:\/\/qingdaohf.com\/bg\/#organization\"},\"potentialAction\":[{\"@type\":\"SearchAction\",\"target\":{\"@type\":\"EntryPoint\",\"urlTemplate\":\"https:\/\/qingdaohf.com\/bg\/?s={search_term_string}\"},\"query-input\":{\"@type\":\"PropertyValueSpecification\",\"valueRequired\":true,\"valueName\":\"search_term_string\"}}],\"inLanguage\":\"hu\"},{\"@type\":\"Organization\",\"@id\":\"https:\/\/qingdaohf.com\/bg\/#organization\",\"name\":\"Qingdao H&F\",\"url\":\"https:\/\/qingdaohf.com\/bg\/\",\"logo\":{\"@type\":\"ImageObject\",\"inLanguage\":\"hu\",\"@id\":\"https:\/\/qingdaohf.com\/bg\/#\/schema\/logo\/image\/\",\"url\":\"https:\/\/qingdaohf.com\/wp-content\/uploads\/2022\/12\/cropped-HF-LOGO.png\",\"contentUrl\":\"https:\/\/qingdaohf.com\/wp-content\/uploads\/2022\/12\/cropped-HF-LOGO.png\",\"width\":391,\"height\":249,\"caption\":\"Qingdao H&F\"},\"image\":{\"@id\":\"https:\/\/qingdaohf.com\/bg\/#\/schema\/logo\/image\/\"},\"sameAs\":[\"https:\/\/www.facebook.com\/qingdaohf\"]}]}<\/script>\n<!-- \/ Yoast SEO plugin. -->","yoast_head_json":{"title":"Jaw & Eye Turnbuckle","description":"A Jaw-Eye Turnbuckle is a hardware component commonly used in applications that require tensioning, adjusting, or connecting two objects with different attachment points.","robots":{"index":"index","follow":"follow","max-snippet":"max-snippet:-1","max-image-preview":"max-image-preview:large","max-video-preview":"max-video-preview:-1"},"canonical":"https:\/\/qingdaohf.com\/hu\/termek\/allkapocs-szemforgato-bilincs\/","og_locale":"hu_HU","og_type":"article","og_title":"Jaw & Eye Turnbuckle","og_description":"A Jaw-Eye Turnbuckle is a hardware component commonly used in applications that require tensioning, adjusting, or connecting two objects with different attachment points.","og_url":"https:\/\/qingdaohf.com\/hu\/termek\/allkapocs-szemforgato-bilincs\/","og_site_name":"Concrete Form &amp; Rigging Hardware Supplier","article_publisher":"https:\/\/www.facebook.com\/qingdaohf","article_modified_time":"2025-11-13T01:04:44+00:00","og_image":[{"width":1000,"height":1000,"url":"https:\/\/qingdaohf.com\/wp-content\/uploads\/2023\/05\/turnbuckle-1.jpg","type":"image\/jpeg"}],"twitter_card":"summary_large_image","twitter_misc":{"Becs\u00fclt olvas\u00e1si id\u0151":"2 perc"},"schema":{"@context":"https:\/\/schema.org","@graph":[{"@type":"WebPage","@id":"https:\/\/qingdaohf.com\/product\/jaw-eye-turnbuckle\/","url":"https:\/\/qingdaohf.com\/product\/jaw-eye-turnbuckle\/","name":"Jaw & Eye Turnbuckle","isPartOf":{"@id":"https:\/\/qingdaohf.com\/bg\/#website"},"primaryImageOfPage":{"@id":"https:\/\/qingdaohf.com\/product\/jaw-eye-turnbuckle\/#primaryimage"},"image":{"@id":"https:\/\/qingdaohf.com\/product\/jaw-eye-turnbuckle\/#primaryimage"},"thumbnailUrl":"https:\/\/qingdaohf.com\/wp-content\/uploads\/2023\/05\/turnbuckle-1.jpg","datePublished":"2023-05-25T08:09:31+00:00","dateModified":"2025-11-13T01:04:44+00:00","description":"A Jaw-Eye Turnbuckle is a hardware component commonly used in applications that require tensioning, adjusting, or connecting two objects with different attachment points.","breadcrumb":{"@id":"https:\/\/qingdaohf.com\/product\/jaw-eye-turnbuckle\/#breadcrumb"},"inLanguage":"hu","potentialAction":[{"@type":"ReadAction","target":["https:\/\/qingdaohf.com\/product\/jaw-eye-turnbuckle\/"]}]},{"@type":"ImageObject","inLanguage":"hu","@id":"https:\/\/qingdaohf.com\/product\/jaw-eye-turnbuckle\/#primaryimage","url":"https:\/\/qingdaohf.com\/wp-content\/uploads\/2023\/05\/turnbuckle-1.jpg","contentUrl":"https:\/\/qingdaohf.com\/wp-content\/uploads\/2023\/05\/turnbuckle-1.jpg","width":1000,"height":1000,"caption":"JAW&Eye Turnbuckle"},{"@type":"BreadcrumbList","@id":"https:\/\/qingdaohf.com\/product\/jaw-eye-turnbuckle\/#breadcrumb","itemListElement":[{"@type":"ListItem","position":1,"name":"Home","item":"https:\/\/qingdaohf.com\/"},{"@type":"ListItem","position":2,"name":"Concrete Forming Accessories and Rigging Hardware","item":"https:\/\/qingdaohf.com\/bg\/?page_id=944"},{"@type":"ListItem","position":3,"name":"Jaw &#038; Eye Turnbuckle"}]},{"@type":"WebSite","@id":"https:\/\/qingdaohf.com\/bg\/#website","url":"https:\/\/qingdaohf.com\/bg\/","name":"Concrete Form & Rigging Hardware Supplier","description":"","publisher":{"@id":"https:\/\/qingdaohf.com\/bg\/#organization"},"potentialAction":[{"@type":"SearchAction","target":{"@type":"EntryPoint","urlTemplate":"https:\/\/qingdaohf.com\/bg\/?s={search_term_string}"},"query-input":{"@type":"PropertyValueSpecification","valueRequired":true,"valueName":"search_term_string"}}],"inLanguage":"hu"},{"@type":"Organization","@id":"https:\/\/qingdaohf.com\/bg\/#organization","name":"Qingdao H&F","url":"https:\/\/qingdaohf.com\/bg\/","logo":{"@type":"ImageObject","inLanguage":"hu","@id":"https:\/\/qingdaohf.com\/bg\/#\/schema\/logo\/image\/","url":"https:\/\/qingdaohf.com\/wp-content\/uploads\/2022\/12\/cropped-HF-LOGO.png","contentUrl":"https:\/\/qingdaohf.com\/wp-content\/uploads\/2022\/12\/cropped-HF-LOGO.png","width":391,"height":249,"caption":"Qingdao H&F"},"image":{"@id":"https:\/\/qingdaohf.com\/bg\/#\/schema\/logo\/image\/"},"sameAs":["https:\/\/www.facebook.com\/qingdaohf"]}]}},"_links":{"self":[{"href":"https:\/\/qingdaohf.com\/hu\/wp-json\/wp\/v2\/product\/4003","targetHints":{"allow":["GET"]}}],"collection":[{"href":"https:\/\/qingdaohf.com\/hu\/wp-json\/wp\/v2\/product"}],"about":[{"href":"https:\/\/qingdaohf.com\/hu\/wp-json\/wp\/v2\/types\/product"}],"replies":[{"embeddable":true,"href":"https:\/\/qingdaohf.com\/hu\/wp-json\/wp\/v2\/comments?post=4003"}],"version-history":[{"count":2,"href":"https:\/\/qingdaohf.com\/hu\/wp-json\/wp\/v2\/product\/4003\/revisions"}],"predecessor-version":[{"id":8699,"href":"https:\/\/qingdaohf.com\/hu\/wp-json\/wp\/v2\/product\/4003\/revisions\/8699"}],"wp:featuredmedia":[{"embeddable":true,"href":"https:\/\/qingdaohf.com\/hu\/wp-json\/wp\/v2\/media\/3974"}],"wp:attachment":[{"href":"https:\/\/qingdaohf.com\/hu\/wp-json\/wp\/v2\/media?parent=4003"}],"wp:term":[{"taxonomy":"product_brand","embeddable":true,"href":"https:\/\/qingdaohf.com\/hu\/wp-json\/wp\/v2\/product_brand?post=4003"},{"taxonomy":"product_cat","embeddable":true,"href":"https:\/\/qingdaohf.com\/hu\/wp-json\/wp\/v2\/product_cat?post=4003"},{"taxonomy":"product_tag","embeddable":true,"href":"https:\/\/qingdaohf.com\/hu\/wp-json\/wp\/v2\/product_tag?post=4003"}],"curies":[{"name":"wp","href":"https:\/\/api.w.org\/{rel}","templated":true}]}}