{"id":4004,"date":"2023-05-25T16:15:58","date_gmt":"2023-05-25T08:15:58","guid":{"rendered":"http:\/\/qingdaohf.com\/?post_type=product&#038;p=4004"},"modified":"2025-11-13T09:04:44","modified_gmt":"2025-11-13T01:04:44","slug":"jaw-jaw-turnbuckle","status":"publish","type":"product","link":"https:\/\/qingdaohf.com\/hu\/termek\/allkapocs-allkapocs-csavarhuzo\/","title":{"rendered":"\u00c1llkapocs \u00e9s \u00e1llkapocs csavarkulcs"},"content":{"rendered":"<p>A pofa \u00e9s pof\u00e1s csavarkulcs egy f\u00e9mtestb\u0151l \u00e1ll, amelynek mindk\u00e9t v\u00e9g\u00e9n bels\u0151 menetek \u00e9s pof\u00e1k vannak. A pof\u00e1kat \u00fagy tervezt\u00e9k, hogy biztons\u00e1gosan megragadj\u00e1k a t\u00e1rgyakat, megb\u00edzhat\u00f3 r\u00f6gz\u00edt\u00e9si pontot biztos\u00edtva. A bels\u0151 menetek lehet\u0151v\u00e9 teszik, hogy a csavarcsat a test elforgat\u00e1s\u00e1val kih\u00fazhat\u00f3 vagy beh\u00fazhat\u00f3 legyen, lehet\u0151v\u00e9 t\u00e9ve a csatlakoztatott t\u00e1rgyak pontos fesz\u00edt\u00e9s\u00e9t \u00e9s be\u00e1ll\u00edt\u00e1s\u00e1t.<\/p>\n<p>Az \u00e1llkapocs \u00e9s \u00e1llkapocs csavarkulcs els\u0151dleges funkci\u00f3ja a k\u00e9t \u00e1llkapocs st\u00edlus\u00fa r\u00f6gz\u00edt\u00e9si pont k\u00f6z\u00f6tti kapcsolat feszess\u00e9g\u00e9nek l\u00e9trehoz\u00e1sa vagy hossz\u00e1nak be\u00e1ll\u00edt\u00e1sa. A csavark\u00f6t\u0151 test\u00e9nek elforgat\u00e1s\u00e1val a menetes v\u00e9gek ellent\u00e9tes ir\u00e1nyba mozognak, hat\u00e9konyan n\u00f6velve vagy cs\u00f6kkentve a pof\u00e1k k\u00f6z\u00f6tti t\u00e1vols\u00e1got. Ez a mechanizmus lehet\u0151v\u00e9 teszi a csatlakoztatott t\u00e1rgyak pontos fesz\u00edt\u00e9s\u00e9t \u00e9s be\u00e1ll\u00edt\u00e1s\u00e1t.<\/p>\n<p>A pofa- \u00e9s pofaszor\u00edt\u00f3szerkezetek szerkezete \u00e1ltal\u00e1ban tart\u00f3s anyagokat, p\u00e9ld\u00e1ul ac\u00e9lt vagy rozsdamentes ac\u00e9lt tartalmaz az er\u0151ss\u00e9g \u00e9s a tart\u00f3ss\u00e1g biztos\u00edt\u00e1sa \u00e9rdek\u00e9ben. K\u00fcl\u00f6nb\u00f6z\u0151 m\u00e9retekben \u00e9s s\u00falykapacit\u00e1sokban kaphat\u00f3, hogy megfeleljen a k\u00fcl\u00f6nb\u00f6z\u0151 alkalmaz\u00e1soknak \u00e9s k\u00f6vetelm\u00e9nyeknek.<\/p>\n<p><img fetchpriority=\"high\" decoding=\"async\" class=\"alignnone size-full wp-image-4579\" src=\"http:\/\/qingdaohf.com\/wp-content\/uploads\/2023\/05\/Jaw-Jaw-Turnbuckle.webp\" alt=\"\u00c1llkapocs \u00e9s \u00e1llkapocs csavarkulcs\" width=\"1000\" height=\"1299\" srcset=\"https:\/\/qingdaohf.com\/wp-content\/uploads\/2023\/05\/Jaw-Jaw-Turnbuckle.webp 1000w, https:\/\/qingdaohf.com\/wp-content\/uploads\/2023\/05\/Jaw-Jaw-Turnbuckle-231x300.webp 231w, https:\/\/qingdaohf.com\/wp-content\/uploads\/2023\/05\/Jaw-Jaw-Turnbuckle-788x1024.webp 788w, https:\/\/qingdaohf.com\/wp-content\/uploads\/2023\/05\/Jaw-Jaw-Turnbuckle-768x998.webp 768w\" sizes=\"(max-width: 1000px) 100vw, 1000px\" \/><\/p>\n<p>&nbsp;<\/p>","protected":false},"excerpt":{"rendered":"<p>A pofa- \u00e9s pofaszor\u00edt\u00f3 csavarkulcs egy gyakran haszn\u00e1lt hardverelem olyan alkalmaz\u00e1sokban, amelyekben k\u00e9t t\u00e1rgyat kell fesz\u00edteni, be\u00e1ll\u00edtani vagy \u00f6sszek\u00f6tni pofaszer\u0171 r\u00f6gz\u00edt\u00e9si pontokkal. Biztons\u00e1gos \u00e9s \u00e1ll\u00edthat\u00f3 kapcsolatot biztos\u00edt, mik\u00f6zben lehet\u0151v\u00e9 teszi a kapcsolat meghosszabb\u00edt\u00e1s\u00e1t vagy ler\u00f6vid\u00edt\u00e9s\u00e9t.<\/p>","protected":false},"featured_media":3970,"comment_status":"open","ping_status":"closed","template":"","meta":{"site-sidebar-layout":"default","site-content-layout":"default","ast-site-content-layout":"default","site-content-style":"default","site-sidebar-style":"default","ast-global-header-display":"","ast-banner-title-visibility":"","ast-main-header-display":"","ast-hfb-above-header-display":"","ast-hfb-below-header-display":"","ast-hfb-mobile-header-display":"","site-post-title":"","ast-breadcrumbs-content":"","ast-featured-img":"","footer-sml-layout":"","theme-transparent-header-meta":"default","adv-header-id-meta":"","stick-header-meta":"default","header-above-stick-meta":"","header-main-stick-meta":"","header-below-stick-meta":"","astra-migrate-meta-layouts":"set","ast-page-background-enabled":"default","ast-page-background-meta":{"desktop":{"background-color":"","background-image":"","background-repeat":"repeat","background-position":"center center","background-size":"auto","background-attachment":"scroll","background-type":"","background-media":"","overlay-type":"","overlay-color":"","overlay-opacity":"","overlay-gradient":""},"tablet":{"background-color":"","background-image":"","background-repeat":"repeat","background-position":"center center","background-size":"auto","background-attachment":"scroll","background-type":"","background-media":"","overlay-type":"","overlay-color":"","overlay-opacity":"","overlay-gradient":""},"mobile":{"background-color":"","background-image":"","background-repeat":"repeat","background-position":"center center","background-size":"auto","background-attachment":"scroll","background-type":"","background-media":"","overlay-type":"","overlay-color":"","overlay-opacity":"","overlay-gradient":""}},"ast-content-background-meta":{"desktop":{"background-color":"var(--ast-global-color-5)","background-image":"","background-repeat":"repeat","background-position":"center center","background-size":"auto","background-attachment":"scroll","background-type":"","background-media":"","overlay-type":"","overlay-color":"","overlay-opacity":"","overlay-gradient":""},"tablet":{"background-color":"var(--ast-global-color-5)","background-image":"","background-repeat":"repeat","background-position":"center center","background-size":"auto","background-attachment":"scroll","background-type":"","background-media":"","overlay-type":"","overlay-color":"","overlay-opacity":"","overlay-gradient":""},"mobile":{"background-color":"var(--ast-global-color-5)","background-image":"","background-repeat":"repeat","background-position":"center center","background-size":"auto","background-attachment":"scroll","background-type":"","background-media":"","overlay-type":"","overlay-color":"","overlay-opacity":"","overlay-gradient":""}}},"product_brand":[],"product_cat":[56],"product_tag":[],"class_list":{"0":"post-4004","1":"product","2":"type-product","3":"status-publish","4":"has-post-thumbnail","6":"product_cat-turnbuckle","7":"desktop-align-left","8":"tablet-align-left","9":"mobile-align-left","10":"ast-product-gallery-layout-horizontal-slider","11":"ast-product-gallery-with-no-image","12":"ast-product-tabs-layout-horizontal","14":"first","15":"instock","16":"shipping-taxable","17":"purchasable","18":"product-type-simple"},"yoast_head":"<!-- This site is optimized with the Yoast SEO plugin v25.2 - https:\/\/yoast.com\/wordpress\/plugins\/seo\/ -->\n<title>Jaw &amp; Jaw Turnbuckle<\/title>\n<meta name=\"description\" content=\"The Jaw &amp; Jaw Turnbuckle is a commonly used hardware component in applications that require tensioning, adjusting, or connecting two objects with jaw-style attachment points.\" \/>\n<meta name=\"robots\" content=\"index, follow, max-snippet:-1, max-image-preview:large, max-video-preview:-1\" \/>\n<link rel=\"canonical\" href=\"https:\/\/qingdaohf.com\/hu\/termek\/allkapocs-allkapocs-csavarhuzo\/\" \/>\n<meta property=\"og:locale\" content=\"hu_HU\" \/>\n<meta property=\"og:type\" content=\"article\" \/>\n<meta property=\"og:title\" content=\"Jaw &amp; Jaw Turnbuckle\" \/>\n<meta property=\"og:description\" content=\"The Jaw &amp; Jaw Turnbuckle is a commonly used hardware component in applications that require tensioning, adjusting, or connecting two objects with jaw-style attachment points.\" \/>\n<meta property=\"og:url\" content=\"https:\/\/qingdaohf.com\/hu\/termek\/allkapocs-allkapocs-csavarhuzo\/\" \/>\n<meta property=\"og:site_name\" content=\"Concrete Form &amp; Rigging Hardware Supplier\" \/>\n<meta property=\"article:publisher\" content=\"https:\/\/www.facebook.com\/qingdaohf\" \/>\n<meta property=\"article:modified_time\" content=\"2025-11-13T01:04:44+00:00\" \/>\n<meta property=\"og:image\" content=\"https:\/\/qingdaohf.com\/wp-content\/uploads\/2023\/05\/turnbuckle-6.jpg\" \/>\n\t<meta property=\"og:image:width\" content=\"1000\" \/>\n\t<meta property=\"og:image:height\" content=\"1000\" \/>\n\t<meta property=\"og:image:type\" content=\"image\/jpeg\" \/>\n<meta name=\"twitter:card\" content=\"summary_large_image\" \/>\n<meta name=\"twitter:label1\" content=\"Becs\u00fclt olvas\u00e1si id\u0151\" \/>\n\t<meta name=\"twitter:data1\" content=\"2 perc\" \/>\n<script type=\"application\/ld+json\" class=\"yoast-schema-graph\">{\"@context\":\"https:\/\/schema.org\",\"@graph\":[{\"@type\":\"WebPage\",\"@id\":\"https:\/\/qingdaohf.com\/product\/jaw-jaw-turnbuckle\/\",\"url\":\"https:\/\/qingdaohf.com\/product\/jaw-jaw-turnbuckle\/\",\"name\":\"Jaw & Jaw Turnbuckle\",\"isPartOf\":{\"@id\":\"https:\/\/qingdaohf.com\/bg\/#website\"},\"primaryImageOfPage\":{\"@id\":\"https:\/\/qingdaohf.com\/product\/jaw-jaw-turnbuckle\/#primaryimage\"},\"image\":{\"@id\":\"https:\/\/qingdaohf.com\/product\/jaw-jaw-turnbuckle\/#primaryimage\"},\"thumbnailUrl\":\"https:\/\/qingdaohf.com\/wp-content\/uploads\/2023\/05\/turnbuckle-6.jpg\",\"datePublished\":\"2023-05-25T08:15:58+00:00\",\"dateModified\":\"2025-11-13T01:04:44+00:00\",\"description\":\"The Jaw & Jaw Turnbuckle is a commonly used hardware component in applications that require tensioning, adjusting, or connecting two objects with jaw-style attachment points.\",\"breadcrumb\":{\"@id\":\"https:\/\/qingdaohf.com\/product\/jaw-jaw-turnbuckle\/#breadcrumb\"},\"inLanguage\":\"hu\",\"potentialAction\":[{\"@type\":\"ReadAction\",\"target\":[\"https:\/\/qingdaohf.com\/product\/jaw-jaw-turnbuckle\/\"]}]},{\"@type\":\"ImageObject\",\"inLanguage\":\"hu\",\"@id\":\"https:\/\/qingdaohf.com\/product\/jaw-jaw-turnbuckle\/#primaryimage\",\"url\":\"https:\/\/qingdaohf.com\/wp-content\/uploads\/2023\/05\/turnbuckle-6.jpg\",\"contentUrl\":\"https:\/\/qingdaohf.com\/wp-content\/uploads\/2023\/05\/turnbuckle-6.jpg\",\"width\":1000,\"height\":1000,\"caption\":\"turnbuckle\"},{\"@type\":\"BreadcrumbList\",\"@id\":\"https:\/\/qingdaohf.com\/product\/jaw-jaw-turnbuckle\/#breadcrumb\",\"itemListElement\":[{\"@type\":\"ListItem\",\"position\":1,\"name\":\"Home\",\"item\":\"https:\/\/qingdaohf.com\/\"},{\"@type\":\"ListItem\",\"position\":2,\"name\":\"Concrete Forming Accessories and Rigging Hardware\",\"item\":\"https:\/\/qingdaohf.com\/bg\/?page_id=944\"},{\"@type\":\"ListItem\",\"position\":3,\"name\":\"Jaw &#038; Jaw Turnbuckle\"}]},{\"@type\":\"WebSite\",\"@id\":\"https:\/\/qingdaohf.com\/bg\/#website\",\"url\":\"https:\/\/qingdaohf.com\/bg\/\",\"name\":\"Concrete Form & Rigging Hardware Supplier\",\"description\":\"\",\"publisher\":{\"@id\":\"https:\/\/qingdaohf.com\/bg\/#organization\"},\"potentialAction\":[{\"@type\":\"SearchAction\",\"target\":{\"@type\":\"EntryPoint\",\"urlTemplate\":\"https:\/\/qingdaohf.com\/bg\/?s={search_term_string}\"},\"query-input\":{\"@type\":\"PropertyValueSpecification\",\"valueRequired\":true,\"valueName\":\"search_term_string\"}}],\"inLanguage\":\"hu\"},{\"@type\":\"Organization\",\"@id\":\"https:\/\/qingdaohf.com\/bg\/#organization\",\"name\":\"Qingdao H&F\",\"url\":\"https:\/\/qingdaohf.com\/bg\/\",\"logo\":{\"@type\":\"ImageObject\",\"inLanguage\":\"hu\",\"@id\":\"https:\/\/qingdaohf.com\/bg\/#\/schema\/logo\/image\/\",\"url\":\"https:\/\/qingdaohf.com\/wp-content\/uploads\/2022\/12\/cropped-HF-LOGO.png\",\"contentUrl\":\"https:\/\/qingdaohf.com\/wp-content\/uploads\/2022\/12\/cropped-HF-LOGO.png\",\"width\":391,\"height\":249,\"caption\":\"Qingdao H&F\"},\"image\":{\"@id\":\"https:\/\/qingdaohf.com\/bg\/#\/schema\/logo\/image\/\"},\"sameAs\":[\"https:\/\/www.facebook.com\/qingdaohf\"]}]}<\/script>\n<!-- \/ Yoast SEO plugin. -->","yoast_head_json":{"title":"Jaw & Jaw Turnbuckle","description":"The Jaw & Jaw Turnbuckle is a commonly used hardware component in applications that require tensioning, adjusting, or connecting two objects with jaw-style attachment points.","robots":{"index":"index","follow":"follow","max-snippet":"max-snippet:-1","max-image-preview":"max-image-preview:large","max-video-preview":"max-video-preview:-1"},"canonical":"https:\/\/qingdaohf.com\/hu\/termek\/allkapocs-allkapocs-csavarhuzo\/","og_locale":"hu_HU","og_type":"article","og_title":"Jaw & Jaw Turnbuckle","og_description":"The Jaw & Jaw Turnbuckle is a commonly used hardware component in applications that require tensioning, adjusting, or connecting two objects with jaw-style attachment points.","og_url":"https:\/\/qingdaohf.com\/hu\/termek\/allkapocs-allkapocs-csavarhuzo\/","og_site_name":"Concrete Form &amp; Rigging Hardware Supplier","article_publisher":"https:\/\/www.facebook.com\/qingdaohf","article_modified_time":"2025-11-13T01:04:44+00:00","og_image":[{"width":1000,"height":1000,"url":"https:\/\/qingdaohf.com\/wp-content\/uploads\/2023\/05\/turnbuckle-6.jpg","type":"image\/jpeg"}],"twitter_card":"summary_large_image","twitter_misc":{"Becs\u00fclt olvas\u00e1si id\u0151":"2 perc"},"schema":{"@context":"https:\/\/schema.org","@graph":[{"@type":"WebPage","@id":"https:\/\/qingdaohf.com\/product\/jaw-jaw-turnbuckle\/","url":"https:\/\/qingdaohf.com\/product\/jaw-jaw-turnbuckle\/","name":"Jaw & Jaw Turnbuckle","isPartOf":{"@id":"https:\/\/qingdaohf.com\/bg\/#website"},"primaryImageOfPage":{"@id":"https:\/\/qingdaohf.com\/product\/jaw-jaw-turnbuckle\/#primaryimage"},"image":{"@id":"https:\/\/qingdaohf.com\/product\/jaw-jaw-turnbuckle\/#primaryimage"},"thumbnailUrl":"https:\/\/qingdaohf.com\/wp-content\/uploads\/2023\/05\/turnbuckle-6.jpg","datePublished":"2023-05-25T08:15:58+00:00","dateModified":"2025-11-13T01:04:44+00:00","description":"The Jaw & Jaw Turnbuckle is a commonly used hardware component in applications that require tensioning, adjusting, or connecting two objects with jaw-style attachment points.","breadcrumb":{"@id":"https:\/\/qingdaohf.com\/product\/jaw-jaw-turnbuckle\/#breadcrumb"},"inLanguage":"hu","potentialAction":[{"@type":"ReadAction","target":["https:\/\/qingdaohf.com\/product\/jaw-jaw-turnbuckle\/"]}]},{"@type":"ImageObject","inLanguage":"hu","@id":"https:\/\/qingdaohf.com\/product\/jaw-jaw-turnbuckle\/#primaryimage","url":"https:\/\/qingdaohf.com\/wp-content\/uploads\/2023\/05\/turnbuckle-6.jpg","contentUrl":"https:\/\/qingdaohf.com\/wp-content\/uploads\/2023\/05\/turnbuckle-6.jpg","width":1000,"height":1000,"caption":"turnbuckle"},{"@type":"BreadcrumbList","@id":"https:\/\/qingdaohf.com\/product\/jaw-jaw-turnbuckle\/#breadcrumb","itemListElement":[{"@type":"ListItem","position":1,"name":"Home","item":"https:\/\/qingdaohf.com\/"},{"@type":"ListItem","position":2,"name":"Concrete Forming Accessories and Rigging Hardware","item":"https:\/\/qingdaohf.com\/bg\/?page_id=944"},{"@type":"ListItem","position":3,"name":"Jaw &#038; Jaw Turnbuckle"}]},{"@type":"WebSite","@id":"https:\/\/qingdaohf.com\/bg\/#website","url":"https:\/\/qingdaohf.com\/bg\/","name":"Concrete Form & Rigging Hardware Supplier","description":"","publisher":{"@id":"https:\/\/qingdaohf.com\/bg\/#organization"},"potentialAction":[{"@type":"SearchAction","target":{"@type":"EntryPoint","urlTemplate":"https:\/\/qingdaohf.com\/bg\/?s={search_term_string}"},"query-input":{"@type":"PropertyValueSpecification","valueRequired":true,"valueName":"search_term_string"}}],"inLanguage":"hu"},{"@type":"Organization","@id":"https:\/\/qingdaohf.com\/bg\/#organization","name":"Qingdao H&F","url":"https:\/\/qingdaohf.com\/bg\/","logo":{"@type":"ImageObject","inLanguage":"hu","@id":"https:\/\/qingdaohf.com\/bg\/#\/schema\/logo\/image\/","url":"https:\/\/qingdaohf.com\/wp-content\/uploads\/2022\/12\/cropped-HF-LOGO.png","contentUrl":"https:\/\/qingdaohf.com\/wp-content\/uploads\/2022\/12\/cropped-HF-LOGO.png","width":391,"height":249,"caption":"Qingdao H&F"},"image":{"@id":"https:\/\/qingdaohf.com\/bg\/#\/schema\/logo\/image\/"},"sameAs":["https:\/\/www.facebook.com\/qingdaohf"]}]}},"_links":{"self":[{"href":"https:\/\/qingdaohf.com\/hu\/wp-json\/wp\/v2\/product\/4004","targetHints":{"allow":["GET"]}}],"collection":[{"href":"https:\/\/qingdaohf.com\/hu\/wp-json\/wp\/v2\/product"}],"about":[{"href":"https:\/\/qingdaohf.com\/hu\/wp-json\/wp\/v2\/types\/product"}],"replies":[{"embeddable":true,"href":"https:\/\/qingdaohf.com\/hu\/wp-json\/wp\/v2\/comments?post=4004"}],"version-history":[{"count":1,"href":"https:\/\/qingdaohf.com\/hu\/wp-json\/wp\/v2\/product\/4004\/revisions"}],"predecessor-version":[{"id":8700,"href":"https:\/\/qingdaohf.com\/hu\/wp-json\/wp\/v2\/product\/4004\/revisions\/8700"}],"wp:featuredmedia":[{"embeddable":true,"href":"https:\/\/qingdaohf.com\/hu\/wp-json\/wp\/v2\/media\/3970"}],"wp:attachment":[{"href":"https:\/\/qingdaohf.com\/hu\/wp-json\/wp\/v2\/media?parent=4004"}],"wp:term":[{"taxonomy":"product_brand","embeddable":true,"href":"https:\/\/qingdaohf.com\/hu\/wp-json\/wp\/v2\/product_brand?post=4004"},{"taxonomy":"product_cat","embeddable":true,"href":"https:\/\/qingdaohf.com\/hu\/wp-json\/wp\/v2\/product_cat?post=4004"},{"taxonomy":"product_tag","embeddable":true,"href":"https:\/\/qingdaohf.com\/hu\/wp-json\/wp\/v2\/product_tag?post=4004"}],"curies":[{"name":"wp","href":"https:\/\/api.w.org\/{rel}","templated":true}]}}