{"id":4018,"date":"2023-05-25T17:17:08","date_gmt":"2023-05-25T09:17:08","guid":{"rendered":"http:\/\/qingdaohf.com\/?post_type=product&#038;p=4018"},"modified":"2025-11-13T09:04:44","modified_gmt":"2025-11-13T01:04:44","slug":"duplex-wire-rope-clip","status":"publish","type":"product","link":"https:\/\/qingdaohf.com\/hu\/termek\/duplex-drotkotel-klipsz\/","title":{"rendered":"Rozsdamentes ac\u00e9l duplex dr\u00f3tk\u00f6t\u00e9l klipsz"},"content":{"rendered":"<div class=\"ast-oembed-container\" style=\"height: 100%;\"><iframe title=\"Duplex dr\u00f3tk\u00f6t\u00e9l klipsz\" width=\"500\" height=\"375\" src=\"https:\/\/www.youtube.com\/embed\/zOdHzdudyVo?feature=oembed\" frameborder=\"0\" allow=\"accelerometer; autoplay; clipboard-write; encrypted-media; gyroscope; picture-in-picture; web-share\" referrerpolicy=\"strict-origin-when-cross-origin\" allowfullscreen><\/iframe><\/div>\n<p>Duplex dr\u00f3tk\u00f6t\u00e9l klipsz Kiv\u00e1l\u00f3s\u00e1g: A Duplex dr\u00f3tk\u00f6t\u00e9l-kapcsok t\u00f6k\u00e9letesre vannak tervezve pr\u00e9mium min\u0151s\u00e9g\u0171 anyagok felhaszn\u00e1l\u00e1s\u00e1val, biztos\u00edtva a kiv\u00e1l\u00f3 szil\u00e1rds\u00e1got, tart\u00f3ss\u00e1got \u00e9s biztons\u00e1got. Minden egyes klipsz szigor\u00fa tesztel\u00e9sen megy kereszt\u00fcl, hogy megfeleljen \u00e9s meghaladja az ipar\u00e1gi szabv\u00e1nyokat, \u00edgy biztos\u00edtva megb\u00edzhat\u00f3 teljes\u00edtm\u00e9nyt a legig\u00e9nyesebb k\u00f6rnyezetben is.<\/p>\n<p>Sokoldal\u00fa alkalmaz\u00e1sok: Duplex dr\u00f3tk\u00f6t\u00e9lklipszeink ide\u00e1lisak az \u00e9p\u00edt\u0151iparban, a tenger\u00e9szetben, az olaj- \u00e9s g\u00e1ziparban, valamint a k\u00fcl\u00f6nb\u00f6z\u0151 ipari \u00e1gazatokban. Biztons\u00e1gos \u00e9s hat\u00e9kony k\u00f6t\u00e9lk\u00f6t\u00e9si megold\u00e1st ny\u00fajtanak a legk\u00fcl\u00f6nf\u00e9l\u00e9bb projektekhez.<\/p>\n<p>Szem\u00e9lyre szabott \u00fcgyf\u00e9lszolg\u00e1lat: Az \u00fcgyf\u00e9lkiszolg\u00e1l\u00e1st szem\u00e9lyre szabottan helyezz\u00fck el\u0151t\u00e9rbe. Magasan k\u00e9pzett csapatunk szorosan egy\u00fcttm\u0171k\u00f6dik minden egyes \u00fcgyf\u00e9llel, hogy meg\u00e9rtse egyedi ig\u00e9nyeiket, \u00e9s a legmegfelel\u0151bb Duplex dr\u00f3tk\u00f6t\u00e9l kapcsokat aj\u00e1nlja az alkalmaz\u00e1sukhoz.<\/p>\n<p>P\u00e1ratlan \u00e9rt\u00e9kes\u00edt\u00e9s ut\u00e1ni t\u00e1mogat\u00e1s: Az \u00d6n ir\u00e1nti elk\u00f6telezetts\u00e9g\u00fcnk nem \u00e9r v\u00e9get az elad\u00e1ssal. B\u00fcszk\u00e9k vagyunk arra, hogy \u00e1tfog\u00f3 \u00e9rt\u00e9kes\u00edt\u00e9s ut\u00e1ni t\u00e1mogat\u00e1st ny\u00fajtunk, \u00e9s azonnal v\u00e1laszolunk minden k\u00e9rd\u00e9s\u00e9re vagy probl\u00e9m\u00e1j\u00e1ra. Az \u00d6n el\u00e9gedetts\u00e9ge a legfontosabb sz\u00e1munkra.<\/p>\n<p>Versenyk\u00e9pes \u00e1rk\u00e9pz\u00e9s, fokozott megtakar\u00edt\u00e1s: A kompromisszumok n\u00e9lk\u00fcli term\u00e9kmin\u0151s\u00e9g fenntart\u00e1sa mellett hisz\u00fcnk abban, hogy \u00e9rt\u00e9kes \u00fcgyfeleinknek nagyobb haszonkulcsot biztos\u00edtunk. Hat\u00e9kony gy\u00e1rt\u00e1si folyamataink \u00e9s er\u0151s besz\u00e1ll\u00edt\u00f3i kapcsolataink lehet\u0151v\u00e9 teszik sz\u00e1munkra, hogy versenyk\u00e9pes \u00e1rakat k\u00edn\u00e1ljunk a kiv\u00e1l\u00f3s\u00e1g kompromisszumai n\u00e9lk\u00fcl.<\/p>\n<p>\u00c9vtizedes szak\u00e9rtelem: Csapatunk 20 \u00e9ves tapasztalattal rendelkezik a k\u00f6t\u00e9lzeti iparban, \u00edgy sz\u00e9les k\u00f6r\u0171 ismeretekkel \u00e9s szak\u00e9rtelemmel rendelkezik. Folyamatosan naprak\u00e9szek vagyunk a leg\u00fajabb fejleszt\u00e9sekkel \u00e9s ipar\u00e1gi trendekkel, hogy korszer\u0171 megold\u00e1sokat ny\u00fajthassunk \u00fcgyfeleinknek.<\/p>\n<p>Megb\u00edzhat\u00f3 eloszt\u00f3h\u00e1l\u00f3zat: Duplex dr\u00f3tk\u00f6t\u00e9l-kapcsok gyors \u00e9s megb\u00edzhat\u00f3 sz\u00e1ll\u00edt\u00e1s\u00e1t biztos\u00edtja, f\u00fcggetlen\u00fcl att\u00f3l, hogy \u00d6n hol tal\u00e1lhat\u00f3.<\/p>\n<h3>Mi\u00e9rt v\u00e1lasszon minket?<\/h3>\n<p>Bizony\u00edtott eredm\u00e9nyek: Az \u00e9vek sor\u00e1n sz\u00e1mtalan el\u00e9gedett \u00fcgyf\u00e9l bizalm\u00e1ra \u00e9s h\u0171s\u00e9g\u00e9re alapozva szil\u00e1rd h\u00edrnevet szerezt\u00fcnk. A min\u0151s\u00e9g \u00e9s a megb\u00edzhat\u00f3s\u00e1g ir\u00e1nti k\u00f6vetkezetes elk\u00f6telezetts\u00e9g\u00fcnk a siker\u00fcnk sarokk\u00f6ve.<\/p>\n<p>A biztons\u00e1g mint priorit\u00e1s: A biztons\u00e1g a legfontosabb sz\u00e1munkra. Duplex dr\u00f3tk\u00f6t\u00e9lklipszeinket szigor\u00fa teszteknek vetj\u00fck al\u00e1, \u00e9s megfelelnek az ipar\u00e1gi biztons\u00e1gi szabv\u00e1nyoknak, \u00edgy biztos\u00edtva \u00d6nnek a kritikus alkalmaz\u00e1sokhoz sz\u00fcks\u00e9ges bizalmat \u00e9s biztons\u00e1got.<\/p>\n<p>Testre szabott megold\u00e1sok: Felismerj\u00fck, hogy minden projekt egyedi. Csapatunk egy\u00fcttm\u0171k\u00f6dik \u00d6nnel, hogy olyan szem\u00e9lyre szabott megold\u00e1sokat k\u00edn\u00e1ljon, amelyek a legjobban megfelelnek az \u00d6n egyedi k\u00f6vetelm\u00e9nyeinek, \u00e9s minden alkalommal optim\u00e1lis eredm\u00e9nyt biztos\u00edtanak.<\/p>\n<p>\u00dcgyf\u00e9lk\u00f6zpont\u00fa megk\u00f6zel\u00edt\u00e9s: \u00dcgyfeleink \u00e1llnak minden tev\u00e9kenys\u00e9g\u00fcnk k\u00f6z\u00e9ppontj\u00e1ban. B\u00fcszk\u00e9k vagyunk kiv\u00e9teles \u00fcgyf\u00e9lszolg\u00e1latunkra, \u00e1tl\u00e1that\u00f3 kommunik\u00e1ci\u00f3nkra \u00e9s arra, hogy hajland\u00f3ak vagyunk mindent megtenni az \u00d6n el\u00e9gedetts\u00e9ge \u00e9rdek\u00e9ben.<\/p>","protected":false},"excerpt":{"rendered":"<p>K\u00f6zvetlen gy\u00e1rt\u00f3k\u00e9nt \u00e9s nagykeresked\u0151k\u00e9nt versenyk\u00e9pes \u00e1rakat k\u00edn\u00e1lunk an\u00e9lk\u00fcl, hogy kompromisszumot k\u00f6tn\u00e9nk a term\u00e9k min\u0151s\u00e9g\u00e9ben.Duplex dr\u00f3tk\u00f6t\u00e9l kapcsok kiv\u00e9teles megb\u00edzhat\u00f3s\u00e1got \u00e9s biztons\u00e1gos r\u00f6gz\u00edt\u00e9si megold\u00e1sokat k\u00edn\u00e1lnak k\u00fcl\u00f6nb\u00f6z\u0151 alkalmaz\u00e1sokhoz, \u00edgy ide\u00e1lis v\u00e1laszt\u00e1s a k\u00fcl\u00f6nb\u00f6z\u0151 ig\u00e9nyek kiel\u00e9g\u00edt\u00e9s\u00e9re.<\/p>","protected":false},"featured_media":4020,"comment_status":"open","ping_status":"closed","template":"","meta":{"site-sidebar-layout":"default","site-content-layout":"default","ast-site-content-layout":"default","site-content-style":"default","site-sidebar-style":"default","ast-global-header-display":"","ast-banner-title-visibility":"","ast-main-header-display":"","ast-hfb-above-header-display":"","ast-hfb-below-header-display":"","ast-hfb-mobile-header-display":"","site-post-title":"","ast-breadcrumbs-content":"","ast-featured-img":"","footer-sml-layout":"","theme-transparent-header-meta":"default","adv-header-id-meta":"","stick-header-meta":"default","header-above-stick-meta":"","header-main-stick-meta":"","header-below-stick-meta":"","astra-migrate-meta-layouts":"set","ast-page-background-enabled":"default","ast-page-background-meta":{"desktop":{"background-color":"","background-image":"","background-repeat":"repeat","background-position":"center center","background-size":"auto","background-attachment":"scroll","background-type":"","background-media":"","overlay-type":"","overlay-color":"","overlay-opacity":"","overlay-gradient":""},"tablet":{"background-color":"","background-image":"","background-repeat":"repeat","background-position":"center center","background-size":"auto","background-attachment":"scroll","background-type":"","background-media":"","overlay-type":"","overlay-color":"","overlay-opacity":"","overlay-gradient":""},"mobile":{"background-color":"","background-image":"","background-repeat":"repeat","background-position":"center center","background-size":"auto","background-attachment":"scroll","background-type":"","background-media":"","overlay-type":"","overlay-color":"","overlay-opacity":"","overlay-gradient":""}},"ast-content-background-meta":{"desktop":{"background-color":"var(--ast-global-color-5)","background-image":"","background-repeat":"repeat","background-position":"center center","background-size":"auto","background-attachment":"scroll","background-type":"","background-media":"","overlay-type":"","overlay-color":"","overlay-opacity":"","overlay-gradient":""},"tablet":{"background-color":"var(--ast-global-color-5)","background-image":"","background-repeat":"repeat","background-position":"center center","background-size":"auto","background-attachment":"scroll","background-type":"","background-media":"","overlay-type":"","overlay-color":"","overlay-opacity":"","overlay-gradient":""},"mobile":{"background-color":"var(--ast-global-color-5)","background-image":"","background-repeat":"repeat","background-position":"center center","background-size":"auto","background-attachment":"scroll","background-type":"","background-media":"","overlay-type":"","overlay-color":"","overlay-opacity":"","overlay-gradient":""}}},"product_brand":[],"product_cat":[51,37,43],"product_tag":[],"class_list":{"0":"post-4018","1":"product","2":"type-product","3":"status-publish","4":"has-post-thumbnail","6":"product_cat-riggging-hardware","7":"product_cat-wire-rope","8":"product_cat-rigging-hardware","9":"desktop-align-left","10":"tablet-align-left","11":"mobile-align-left","12":"ast-product-gallery-layout-horizontal-slider","13":"ast-product-tabs-layout-horizontal","15":"first","16":"instock","17":"shipping-taxable","18":"purchasable","19":"product-type-simple"},"yoast_head":"<!-- This site is optimized with the Yoast SEO plugin v25.2 - https:\/\/yoast.com\/wordpress\/plugins\/seo\/ -->\n<title>Stainless Steel Duplex Wire Rope Clip<\/title>\n<meta name=\"description\" content=\"As a direct manufacturer and wholesaler, we offer competitive pricing without compromising on product quality.\" \/>\n<meta name=\"robots\" content=\"index, follow, max-snippet:-1, max-image-preview:large, max-video-preview:-1\" \/>\n<link rel=\"canonical\" href=\"https:\/\/qingdaohf.com\/hu\/termek\/duplex-drotkotel-klipsz\/\" \/>\n<meta property=\"og:locale\" content=\"hu_HU\" \/>\n<meta property=\"og:type\" content=\"article\" \/>\n<meta property=\"og:title\" content=\"Stainless Steel Duplex Wire Rope Clip\" \/>\n<meta property=\"og:description\" content=\"As a direct manufacturer and wholesaler, we offer competitive pricing without compromising on product quality.\" \/>\n<meta property=\"og:url\" content=\"https:\/\/qingdaohf.com\/hu\/termek\/duplex-drotkotel-klipsz\/\" \/>\n<meta property=\"og:site_name\" content=\"Concrete Form &amp; Rigging Hardware Supplier\" \/>\n<meta property=\"article:publisher\" content=\"https:\/\/www.facebook.com\/qingdaohf\" \/>\n<meta property=\"article:modified_time\" content=\"2025-11-13T01:04:44+00:00\" \/>\n<meta property=\"og:image\" content=\"https:\/\/qingdaohf.com\/wp-content\/uploads\/2023\/05\/duplex-wire-rope-clip-11.jpg\" \/>\n\t<meta property=\"og:image:width\" content=\"1000\" \/>\n\t<meta property=\"og:image:height\" content=\"1000\" \/>\n\t<meta property=\"og:image:type\" content=\"image\/jpeg\" \/>\n<meta name=\"twitter:card\" content=\"summary_large_image\" \/>\n<meta name=\"twitter:label1\" content=\"Becs\u00fclt olvas\u00e1si id\u0151\" \/>\n\t<meta name=\"twitter:data1\" content=\"2 perc\" \/>\n<script type=\"application\/ld+json\" class=\"yoast-schema-graph\">{\"@context\":\"https:\/\/schema.org\",\"@graph\":[{\"@type\":\"WebPage\",\"@id\":\"https:\/\/qingdaohf.com\/product\/duplex-wire-rope-clip\/\",\"url\":\"https:\/\/qingdaohf.com\/product\/duplex-wire-rope-clip\/\",\"name\":\"Stainless Steel Duplex Wire Rope Clip\",\"isPartOf\":{\"@id\":\"https:\/\/qingdaohf.com\/bg\/#website\"},\"primaryImageOfPage\":{\"@id\":\"https:\/\/qingdaohf.com\/product\/duplex-wire-rope-clip\/#primaryimage\"},\"image\":{\"@id\":\"https:\/\/qingdaohf.com\/product\/duplex-wire-rope-clip\/#primaryimage\"},\"thumbnailUrl\":\"https:\/\/qingdaohf.com\/wp-content\/uploads\/2023\/05\/duplex-wire-rope-clip-11.jpg\",\"datePublished\":\"2023-05-25T09:17:08+00:00\",\"dateModified\":\"2025-11-13T01:04:44+00:00\",\"description\":\"As a direct manufacturer and wholesaler, we offer competitive pricing without compromising on product quality.\",\"breadcrumb\":{\"@id\":\"https:\/\/qingdaohf.com\/product\/duplex-wire-rope-clip\/#breadcrumb\"},\"inLanguage\":\"hu\",\"potentialAction\":[{\"@type\":\"ReadAction\",\"target\":[\"https:\/\/qingdaohf.com\/product\/duplex-wire-rope-clip\/\"]}]},{\"@type\":\"ImageObject\",\"inLanguage\":\"hu\",\"@id\":\"https:\/\/qingdaohf.com\/product\/duplex-wire-rope-clip\/#primaryimage\",\"url\":\"https:\/\/qingdaohf.com\/wp-content\/uploads\/2023\/05\/duplex-wire-rope-clip-11.jpg\",\"contentUrl\":\"https:\/\/qingdaohf.com\/wp-content\/uploads\/2023\/05\/duplex-wire-rope-clip-11.jpg\",\"width\":1000,\"height\":1000,\"caption\":\"duplex wire rope clip\"},{\"@type\":\"BreadcrumbList\",\"@id\":\"https:\/\/qingdaohf.com\/product\/duplex-wire-rope-clip\/#breadcrumb\",\"itemListElement\":[{\"@type\":\"ListItem\",\"position\":1,\"name\":\"Home\",\"item\":\"https:\/\/qingdaohf.com\/\"},{\"@type\":\"ListItem\",\"position\":2,\"name\":\"Concrete Forming Accessories and Rigging Hardware\",\"item\":\"https:\/\/qingdaohf.com\/bg\/?page_id=944\"},{\"@type\":\"ListItem\",\"position\":3,\"name\":\"Stainless Steel Duplex Wire Rope Clip\"}]},{\"@type\":\"WebSite\",\"@id\":\"https:\/\/qingdaohf.com\/bg\/#website\",\"url\":\"https:\/\/qingdaohf.com\/bg\/\",\"name\":\"Concrete Form & Rigging Hardware Supplier\",\"description\":\"\",\"publisher\":{\"@id\":\"https:\/\/qingdaohf.com\/bg\/#organization\"},\"potentialAction\":[{\"@type\":\"SearchAction\",\"target\":{\"@type\":\"EntryPoint\",\"urlTemplate\":\"https:\/\/qingdaohf.com\/bg\/?s={search_term_string}\"},\"query-input\":{\"@type\":\"PropertyValueSpecification\",\"valueRequired\":true,\"valueName\":\"search_term_string\"}}],\"inLanguage\":\"hu\"},{\"@type\":\"Organization\",\"@id\":\"https:\/\/qingdaohf.com\/bg\/#organization\",\"name\":\"Qingdao H&F\",\"url\":\"https:\/\/qingdaohf.com\/bg\/\",\"logo\":{\"@type\":\"ImageObject\",\"inLanguage\":\"hu\",\"@id\":\"https:\/\/qingdaohf.com\/bg\/#\/schema\/logo\/image\/\",\"url\":\"https:\/\/qingdaohf.com\/wp-content\/uploads\/2022\/12\/cropped-HF-LOGO.png\",\"contentUrl\":\"https:\/\/qingdaohf.com\/wp-content\/uploads\/2022\/12\/cropped-HF-LOGO.png\",\"width\":391,\"height\":249,\"caption\":\"Qingdao H&F\"},\"image\":{\"@id\":\"https:\/\/qingdaohf.com\/bg\/#\/schema\/logo\/image\/\"},\"sameAs\":[\"https:\/\/www.facebook.com\/qingdaohf\"]}]}<\/script>\n<!-- \/ Yoast SEO plugin. -->","yoast_head_json":{"title":"Stainless Steel Duplex Wire Rope Clip","description":"As a direct manufacturer and wholesaler, we offer competitive pricing without compromising on product quality.","robots":{"index":"index","follow":"follow","max-snippet":"max-snippet:-1","max-image-preview":"max-image-preview:large","max-video-preview":"max-video-preview:-1"},"canonical":"https:\/\/qingdaohf.com\/hu\/termek\/duplex-drotkotel-klipsz\/","og_locale":"hu_HU","og_type":"article","og_title":"Stainless Steel Duplex Wire Rope Clip","og_description":"As a direct manufacturer and wholesaler, we offer competitive pricing without compromising on product quality.","og_url":"https:\/\/qingdaohf.com\/hu\/termek\/duplex-drotkotel-klipsz\/","og_site_name":"Concrete Form &amp; Rigging Hardware Supplier","article_publisher":"https:\/\/www.facebook.com\/qingdaohf","article_modified_time":"2025-11-13T01:04:44+00:00","og_image":[{"width":1000,"height":1000,"url":"https:\/\/qingdaohf.com\/wp-content\/uploads\/2023\/05\/duplex-wire-rope-clip-11.jpg","type":"image\/jpeg"}],"twitter_card":"summary_large_image","twitter_misc":{"Becs\u00fclt olvas\u00e1si id\u0151":"2 perc"},"schema":{"@context":"https:\/\/schema.org","@graph":[{"@type":"WebPage","@id":"https:\/\/qingdaohf.com\/product\/duplex-wire-rope-clip\/","url":"https:\/\/qingdaohf.com\/product\/duplex-wire-rope-clip\/","name":"Stainless Steel Duplex Wire Rope Clip","isPartOf":{"@id":"https:\/\/qingdaohf.com\/bg\/#website"},"primaryImageOfPage":{"@id":"https:\/\/qingdaohf.com\/product\/duplex-wire-rope-clip\/#primaryimage"},"image":{"@id":"https:\/\/qingdaohf.com\/product\/duplex-wire-rope-clip\/#primaryimage"},"thumbnailUrl":"https:\/\/qingdaohf.com\/wp-content\/uploads\/2023\/05\/duplex-wire-rope-clip-11.jpg","datePublished":"2023-05-25T09:17:08+00:00","dateModified":"2025-11-13T01:04:44+00:00","description":"As a direct manufacturer and wholesaler, we offer competitive pricing without compromising on product quality.","breadcrumb":{"@id":"https:\/\/qingdaohf.com\/product\/duplex-wire-rope-clip\/#breadcrumb"},"inLanguage":"hu","potentialAction":[{"@type":"ReadAction","target":["https:\/\/qingdaohf.com\/product\/duplex-wire-rope-clip\/"]}]},{"@type":"ImageObject","inLanguage":"hu","@id":"https:\/\/qingdaohf.com\/product\/duplex-wire-rope-clip\/#primaryimage","url":"https:\/\/qingdaohf.com\/wp-content\/uploads\/2023\/05\/duplex-wire-rope-clip-11.jpg","contentUrl":"https:\/\/qingdaohf.com\/wp-content\/uploads\/2023\/05\/duplex-wire-rope-clip-11.jpg","width":1000,"height":1000,"caption":"duplex wire rope clip"},{"@type":"BreadcrumbList","@id":"https:\/\/qingdaohf.com\/product\/duplex-wire-rope-clip\/#breadcrumb","itemListElement":[{"@type":"ListItem","position":1,"name":"Home","item":"https:\/\/qingdaohf.com\/"},{"@type":"ListItem","position":2,"name":"Concrete Forming Accessories and Rigging Hardware","item":"https:\/\/qingdaohf.com\/bg\/?page_id=944"},{"@type":"ListItem","position":3,"name":"Stainless Steel Duplex Wire Rope Clip"}]},{"@type":"WebSite","@id":"https:\/\/qingdaohf.com\/bg\/#website","url":"https:\/\/qingdaohf.com\/bg\/","name":"Concrete Form & Rigging Hardware Supplier","description":"","publisher":{"@id":"https:\/\/qingdaohf.com\/bg\/#organization"},"potentialAction":[{"@type":"SearchAction","target":{"@type":"EntryPoint","urlTemplate":"https:\/\/qingdaohf.com\/bg\/?s={search_term_string}"},"query-input":{"@type":"PropertyValueSpecification","valueRequired":true,"valueName":"search_term_string"}}],"inLanguage":"hu"},{"@type":"Organization","@id":"https:\/\/qingdaohf.com\/bg\/#organization","name":"Qingdao H&F","url":"https:\/\/qingdaohf.com\/bg\/","logo":{"@type":"ImageObject","inLanguage":"hu","@id":"https:\/\/qingdaohf.com\/bg\/#\/schema\/logo\/image\/","url":"https:\/\/qingdaohf.com\/wp-content\/uploads\/2022\/12\/cropped-HF-LOGO.png","contentUrl":"https:\/\/qingdaohf.com\/wp-content\/uploads\/2022\/12\/cropped-HF-LOGO.png","width":391,"height":249,"caption":"Qingdao H&F"},"image":{"@id":"https:\/\/qingdaohf.com\/bg\/#\/schema\/logo\/image\/"},"sameAs":["https:\/\/www.facebook.com\/qingdaohf"]}]}},"_links":{"self":[{"href":"https:\/\/qingdaohf.com\/hu\/wp-json\/wp\/v2\/product\/4018","targetHints":{"allow":["GET"]}}],"collection":[{"href":"https:\/\/qingdaohf.com\/hu\/wp-json\/wp\/v2\/product"}],"about":[{"href":"https:\/\/qingdaohf.com\/hu\/wp-json\/wp\/v2\/types\/product"}],"replies":[{"embeddable":true,"href":"https:\/\/qingdaohf.com\/hu\/wp-json\/wp\/v2\/comments?post=4018"}],"version-history":[{"count":2,"href":"https:\/\/qingdaohf.com\/hu\/wp-json\/wp\/v2\/product\/4018\/revisions"}],"predecessor-version":[{"id":6105,"href":"https:\/\/qingdaohf.com\/hu\/wp-json\/wp\/v2\/product\/4018\/revisions\/6105"}],"wp:featuredmedia":[{"embeddable":true,"href":"https:\/\/qingdaohf.com\/hu\/wp-json\/wp\/v2\/media\/4020"}],"wp:attachment":[{"href":"https:\/\/qingdaohf.com\/hu\/wp-json\/wp\/v2\/media?parent=4018"}],"wp:term":[{"taxonomy":"product_brand","embeddable":true,"href":"https:\/\/qingdaohf.com\/hu\/wp-json\/wp\/v2\/product_brand?post=4018"},{"taxonomy":"product_cat","embeddable":true,"href":"https:\/\/qingdaohf.com\/hu\/wp-json\/wp\/v2\/product_cat?post=4018"},{"taxonomy":"product_tag","embeddable":true,"href":"https:\/\/qingdaohf.com\/hu\/wp-json\/wp\/v2\/product_tag?post=4018"}],"curies":[{"name":"wp","href":"https:\/\/api.w.org\/{rel}","templated":true}]}}