{"id":4039,"date":"2023-05-26T09:33:35","date_gmt":"2023-05-26T01:33:35","guid":{"rendered":"http:\/\/qingdaohf.com\/?post_type=product&#038;p=4039"},"modified":"2025-11-13T09:04:43","modified_gmt":"2025-11-13T01:04:43","slug":"weldless-round-ring","status":"publish","type":"product","link":"https:\/\/qingdaohf.com\/hu\/termek\/hegesztes-nelkuli-kerek-gyuru\/","title":{"rendered":"Hegeszt\u00e9s n\u00e9lk\u00fcli kerek gy\u0171r\u0171"},"content":{"rendered":"<p>A hegeszt\u00e9s n\u00e9lk\u00fcli kerek gy\u0171r\u0171 \u00e1ltal\u00e1ban kiv\u00e1l\u00f3 min\u0151s\u00e9g\u0171 anyagokb\u00f3l, p\u00e9ld\u00e1ul rozsdamentes ac\u00e9lb\u00f3l, sz\u00e9nac\u00e9lb\u00f3l vagy \u00f6tv\u00f6z\u00f6tt ac\u00e9lb\u00f3l k\u00e9sz\u00fcl. Tervez\u00e9se \u00e9s gy\u00e1rt\u00e1si folyamata kov\u00e1csol\u00e1st foglal mag\u00e1ban, ami a f\u00e9m h\u0151 \u00e9s nyom\u00e1s alatti alak\u00edt\u00e1s\u00e1t jelenti, hogy n\u00f6velje annak szil\u00e1rds\u00e1g\u00e1t \u00e9s integrit\u00e1s\u00e1t.<\/p>\n<p><img fetchpriority=\"high\" decoding=\"async\" class=\"alignnone size-full wp-image-4044\" src=\"http:\/\/qingdaohf.com\/wp-content\/uploads\/2023\/05\/weldless-link-5-1.jpg\" alt=\"hegeszt\u00e9s n\u00e9lk\u00fcli bordagy\u0171r\u0171\" width=\"1000\" height=\"579\" srcset=\"https:\/\/qingdaohf.com\/wp-content\/uploads\/2023\/05\/weldless-link-5-1.jpg 1000w, https:\/\/qingdaohf.com\/wp-content\/uploads\/2023\/05\/weldless-link-5-1-300x174.jpg 300w, https:\/\/qingdaohf.com\/wp-content\/uploads\/2023\/05\/weldless-link-5-1-768x445.jpg 768w\" sizes=\"(max-width: 1000px) 100vw, 1000px\" \/><\/p>","protected":false},"excerpt":{"rendered":"<p>A hegeszt\u00e9s n\u00e9lk\u00fcli k\u00f6rgy\u0171r\u0171, m\u00e1s n\u00e9ven varrat n\u00e9lk\u00fcli k\u00f6rgy\u0171r\u0171 vagy kov\u00e1csolt k\u00f6rgy\u0171r\u0171 egy sokoldal\u00fa \u00e9s tart\u00f3s alkatr\u00e9sz, amelyet gyakran haszn\u00e1lnak k\u00fcl\u00f6nb\u00f6z\u0151 ipar\u00e1gakban \u00e9s alkalmaz\u00e1sokban. Ez egy k\u00f6r alak\u00fa f\u00e9mgy\u0171r\u0171, amely folyamatos, varrat n\u00e9lk\u00fcli konstrukci\u00f3val rendelkezik, azaz nincsenek hegesztett illeszt\u00e9sei vagy varratai.<\/p>","protected":false},"featured_media":4040,"comment_status":"open","ping_status":"closed","template":"","meta":{"site-sidebar-layout":"default","site-content-layout":"default","ast-site-content-layout":"default","site-content-style":"default","site-sidebar-style":"default","ast-global-header-display":"","ast-banner-title-visibility":"","ast-main-header-display":"","ast-hfb-above-header-display":"","ast-hfb-below-header-display":"","ast-hfb-mobile-header-display":"","site-post-title":"","ast-breadcrumbs-content":"","ast-featured-img":"","footer-sml-layout":"","theme-transparent-header-meta":"default","adv-header-id-meta":"","stick-header-meta":"default","header-above-stick-meta":"","header-main-stick-meta":"","header-below-stick-meta":"","astra-migrate-meta-layouts":"set","ast-page-background-enabled":"default","ast-page-background-meta":{"desktop":{"background-color":"","background-image":"","background-repeat":"repeat","background-position":"center center","background-size":"auto","background-attachment":"scroll","background-type":"","background-media":"","overlay-type":"","overlay-color":"","overlay-opacity":"","overlay-gradient":""},"tablet":{"background-color":"","background-image":"","background-repeat":"repeat","background-position":"center center","background-size":"auto","background-attachment":"scroll","background-type":"","background-media":"","overlay-type":"","overlay-color":"","overlay-opacity":"","overlay-gradient":""},"mobile":{"background-color":"","background-image":"","background-repeat":"repeat","background-position":"center center","background-size":"auto","background-attachment":"scroll","background-type":"","background-media":"","overlay-type":"","overlay-color":"","overlay-opacity":"","overlay-gradient":""}},"ast-content-background-meta":{"desktop":{"background-color":"var(--ast-global-color-5)","background-image":"","background-repeat":"repeat","background-position":"center center","background-size":"auto","background-attachment":"scroll","background-type":"","background-media":"","overlay-type":"","overlay-color":"","overlay-opacity":"","overlay-gradient":""},"tablet":{"background-color":"var(--ast-global-color-5)","background-image":"","background-repeat":"repeat","background-position":"center center","background-size":"auto","background-attachment":"scroll","background-type":"","background-media":"","overlay-type":"","overlay-color":"","overlay-opacity":"","overlay-gradient":""},"mobile":{"background-color":"var(--ast-global-color-5)","background-image":"","background-repeat":"repeat","background-position":"center center","background-size":"auto","background-attachment":"scroll","background-type":"","background-media":"","overlay-type":"","overlay-color":"","overlay-opacity":"","overlay-gradient":""}}},"product_brand":[],"product_cat":[43],"product_tag":[],"class_list":{"0":"post-4039","1":"product","2":"type-product","3":"status-publish","4":"has-post-thumbnail","6":"product_cat-rigging-hardware","7":"desktop-align-left","8":"tablet-align-left","9":"mobile-align-left","10":"ast-product-gallery-layout-horizontal-slider","11":"ast-product-tabs-layout-horizontal","13":"first","14":"instock","15":"shipping-taxable","16":"purchasable","17":"product-type-simple"},"yoast_head":"<!-- This site is optimized with the Yoast SEO plugin v25.2 - https:\/\/yoast.com\/wordpress\/plugins\/seo\/ -->\n<title>Weldless Round Ring<\/title>\n<meta name=\"description\" content=\"The Weldless Round Ring, also known as a seamless round ring or a forged round ring, is a versatile and durable component commonly used in various industries and applications.\" \/>\n<meta name=\"robots\" content=\"index, follow, max-snippet:-1, max-image-preview:large, max-video-preview:-1\" \/>\n<link rel=\"canonical\" href=\"https:\/\/qingdaohf.com\/hu\/termek\/hegesztes-nelkuli-kerek-gyuru\/\" \/>\n<meta property=\"og:locale\" content=\"hu_HU\" \/>\n<meta property=\"og:type\" content=\"article\" \/>\n<meta property=\"og:title\" content=\"Weldless Round Ring\" \/>\n<meta property=\"og:description\" content=\"The Weldless Round Ring, also known as a seamless round ring or a forged round ring, is a versatile and durable component commonly used in various industries and applications.\" \/>\n<meta property=\"og:url\" content=\"https:\/\/qingdaohf.com\/hu\/termek\/hegesztes-nelkuli-kerek-gyuru\/\" \/>\n<meta property=\"og:site_name\" content=\"Concrete Form &amp; Rigging Hardware Supplier\" \/>\n<meta property=\"article:publisher\" content=\"https:\/\/www.facebook.com\/qingdaohf\" \/>\n<meta property=\"article:modified_time\" content=\"2025-11-13T01:04:43+00:00\" \/>\n<meta property=\"og:image\" content=\"https:\/\/qingdaohf.com\/wp-content\/uploads\/2023\/05\/Weldless-Round-Ring-2.jpg\" \/>\n\t<meta property=\"og:image:width\" content=\"1000\" \/>\n\t<meta property=\"og:image:height\" content=\"1000\" \/>\n\t<meta property=\"og:image:type\" content=\"image\/jpeg\" \/>\n<meta name=\"twitter:card\" content=\"summary_large_image\" \/>\n<meta name=\"twitter:label1\" content=\"Becs\u00fclt olvas\u00e1si id\u0151\" \/>\n\t<meta name=\"twitter:data1\" content=\"1 perc\" \/>\n<script type=\"application\/ld+json\" class=\"yoast-schema-graph\">{\"@context\":\"https:\/\/schema.org\",\"@graph\":[{\"@type\":\"WebPage\",\"@id\":\"https:\/\/qingdaohf.com\/product\/weldless-round-ring\/\",\"url\":\"https:\/\/qingdaohf.com\/product\/weldless-round-ring\/\",\"name\":\"Weldless Round Ring\",\"isPartOf\":{\"@id\":\"https:\/\/qingdaohf.com\/bg\/#website\"},\"primaryImageOfPage\":{\"@id\":\"https:\/\/qingdaohf.com\/product\/weldless-round-ring\/#primaryimage\"},\"image\":{\"@id\":\"https:\/\/qingdaohf.com\/product\/weldless-round-ring\/#primaryimage\"},\"thumbnailUrl\":\"https:\/\/qingdaohf.com\/wp-content\/uploads\/2023\/05\/Weldless-Round-Ring-2.jpg\",\"datePublished\":\"2023-05-26T01:33:35+00:00\",\"dateModified\":\"2025-11-13T01:04:43+00:00\",\"description\":\"The Weldless Round Ring, also known as a seamless round ring or a forged round ring, is a versatile and durable component commonly used in various industries and applications.\",\"breadcrumb\":{\"@id\":\"https:\/\/qingdaohf.com\/product\/weldless-round-ring\/#breadcrumb\"},\"inLanguage\":\"hu\",\"potentialAction\":[{\"@type\":\"ReadAction\",\"target\":[\"https:\/\/qingdaohf.com\/product\/weldless-round-ring\/\"]}]},{\"@type\":\"ImageObject\",\"inLanguage\":\"hu\",\"@id\":\"https:\/\/qingdaohf.com\/product\/weldless-round-ring\/#primaryimage\",\"url\":\"https:\/\/qingdaohf.com\/wp-content\/uploads\/2023\/05\/Weldless-Round-Ring-2.jpg\",\"contentUrl\":\"https:\/\/qingdaohf.com\/wp-content\/uploads\/2023\/05\/Weldless-Round-Ring-2.jpg\",\"width\":1000,\"height\":1000,\"caption\":\"Weldless Round Ring\"},{\"@type\":\"BreadcrumbList\",\"@id\":\"https:\/\/qingdaohf.com\/product\/weldless-round-ring\/#breadcrumb\",\"itemListElement\":[{\"@type\":\"ListItem\",\"position\":1,\"name\":\"Home\",\"item\":\"https:\/\/qingdaohf.com\/\"},{\"@type\":\"ListItem\",\"position\":2,\"name\":\"Concrete Forming Accessories and Rigging Hardware\",\"item\":\"https:\/\/qingdaohf.com\/bg\/?page_id=944\"},{\"@type\":\"ListItem\",\"position\":3,\"name\":\"Weldless Round Ring\"}]},{\"@type\":\"WebSite\",\"@id\":\"https:\/\/qingdaohf.com\/bg\/#website\",\"url\":\"https:\/\/qingdaohf.com\/bg\/\",\"name\":\"Concrete Form & Rigging Hardware Supplier\",\"description\":\"\",\"publisher\":{\"@id\":\"https:\/\/qingdaohf.com\/bg\/#organization\"},\"potentialAction\":[{\"@type\":\"SearchAction\",\"target\":{\"@type\":\"EntryPoint\",\"urlTemplate\":\"https:\/\/qingdaohf.com\/bg\/?s={search_term_string}\"},\"query-input\":{\"@type\":\"PropertyValueSpecification\",\"valueRequired\":true,\"valueName\":\"search_term_string\"}}],\"inLanguage\":\"hu\"},{\"@type\":\"Organization\",\"@id\":\"https:\/\/qingdaohf.com\/bg\/#organization\",\"name\":\"Qingdao H&F\",\"url\":\"https:\/\/qingdaohf.com\/bg\/\",\"logo\":{\"@type\":\"ImageObject\",\"inLanguage\":\"hu\",\"@id\":\"https:\/\/qingdaohf.com\/bg\/#\/schema\/logo\/image\/\",\"url\":\"https:\/\/qingdaohf.com\/wp-content\/uploads\/2022\/12\/cropped-HF-LOGO.png\",\"contentUrl\":\"https:\/\/qingdaohf.com\/wp-content\/uploads\/2022\/12\/cropped-HF-LOGO.png\",\"width\":391,\"height\":249,\"caption\":\"Qingdao H&F\"},\"image\":{\"@id\":\"https:\/\/qingdaohf.com\/bg\/#\/schema\/logo\/image\/\"},\"sameAs\":[\"https:\/\/www.facebook.com\/qingdaohf\"]}]}<\/script>\n<!-- \/ Yoast SEO plugin. -->","yoast_head_json":{"title":"Weldless Round Ring","description":"The Weldless Round Ring, also known as a seamless round ring or a forged round ring, is a versatile and durable component commonly used in various industries and applications.","robots":{"index":"index","follow":"follow","max-snippet":"max-snippet:-1","max-image-preview":"max-image-preview:large","max-video-preview":"max-video-preview:-1"},"canonical":"https:\/\/qingdaohf.com\/hu\/termek\/hegesztes-nelkuli-kerek-gyuru\/","og_locale":"hu_HU","og_type":"article","og_title":"Weldless Round Ring","og_description":"The Weldless Round Ring, also known as a seamless round ring or a forged round ring, is a versatile and durable component commonly used in various industries and applications.","og_url":"https:\/\/qingdaohf.com\/hu\/termek\/hegesztes-nelkuli-kerek-gyuru\/","og_site_name":"Concrete Form &amp; Rigging Hardware Supplier","article_publisher":"https:\/\/www.facebook.com\/qingdaohf","article_modified_time":"2025-11-13T01:04:43+00:00","og_image":[{"width":1000,"height":1000,"url":"https:\/\/qingdaohf.com\/wp-content\/uploads\/2023\/05\/Weldless-Round-Ring-2.jpg","type":"image\/jpeg"}],"twitter_card":"summary_large_image","twitter_misc":{"Becs\u00fclt olvas\u00e1si id\u0151":"1 perc"},"schema":{"@context":"https:\/\/schema.org","@graph":[{"@type":"WebPage","@id":"https:\/\/qingdaohf.com\/product\/weldless-round-ring\/","url":"https:\/\/qingdaohf.com\/product\/weldless-round-ring\/","name":"Weldless Round Ring","isPartOf":{"@id":"https:\/\/qingdaohf.com\/bg\/#website"},"primaryImageOfPage":{"@id":"https:\/\/qingdaohf.com\/product\/weldless-round-ring\/#primaryimage"},"image":{"@id":"https:\/\/qingdaohf.com\/product\/weldless-round-ring\/#primaryimage"},"thumbnailUrl":"https:\/\/qingdaohf.com\/wp-content\/uploads\/2023\/05\/Weldless-Round-Ring-2.jpg","datePublished":"2023-05-26T01:33:35+00:00","dateModified":"2025-11-13T01:04:43+00:00","description":"The Weldless Round Ring, also known as a seamless round ring or a forged round ring, is a versatile and durable component commonly used in various industries and applications.","breadcrumb":{"@id":"https:\/\/qingdaohf.com\/product\/weldless-round-ring\/#breadcrumb"},"inLanguage":"hu","potentialAction":[{"@type":"ReadAction","target":["https:\/\/qingdaohf.com\/product\/weldless-round-ring\/"]}]},{"@type":"ImageObject","inLanguage":"hu","@id":"https:\/\/qingdaohf.com\/product\/weldless-round-ring\/#primaryimage","url":"https:\/\/qingdaohf.com\/wp-content\/uploads\/2023\/05\/Weldless-Round-Ring-2.jpg","contentUrl":"https:\/\/qingdaohf.com\/wp-content\/uploads\/2023\/05\/Weldless-Round-Ring-2.jpg","width":1000,"height":1000,"caption":"Weldless Round Ring"},{"@type":"BreadcrumbList","@id":"https:\/\/qingdaohf.com\/product\/weldless-round-ring\/#breadcrumb","itemListElement":[{"@type":"ListItem","position":1,"name":"Home","item":"https:\/\/qingdaohf.com\/"},{"@type":"ListItem","position":2,"name":"Concrete Forming Accessories and Rigging Hardware","item":"https:\/\/qingdaohf.com\/bg\/?page_id=944"},{"@type":"ListItem","position":3,"name":"Weldless Round Ring"}]},{"@type":"WebSite","@id":"https:\/\/qingdaohf.com\/bg\/#website","url":"https:\/\/qingdaohf.com\/bg\/","name":"Concrete Form & Rigging Hardware Supplier","description":"","publisher":{"@id":"https:\/\/qingdaohf.com\/bg\/#organization"},"potentialAction":[{"@type":"SearchAction","target":{"@type":"EntryPoint","urlTemplate":"https:\/\/qingdaohf.com\/bg\/?s={search_term_string}"},"query-input":{"@type":"PropertyValueSpecification","valueRequired":true,"valueName":"search_term_string"}}],"inLanguage":"hu"},{"@type":"Organization","@id":"https:\/\/qingdaohf.com\/bg\/#organization","name":"Qingdao H&F","url":"https:\/\/qingdaohf.com\/bg\/","logo":{"@type":"ImageObject","inLanguage":"hu","@id":"https:\/\/qingdaohf.com\/bg\/#\/schema\/logo\/image\/","url":"https:\/\/qingdaohf.com\/wp-content\/uploads\/2022\/12\/cropped-HF-LOGO.png","contentUrl":"https:\/\/qingdaohf.com\/wp-content\/uploads\/2022\/12\/cropped-HF-LOGO.png","width":391,"height":249,"caption":"Qingdao H&F"},"image":{"@id":"https:\/\/qingdaohf.com\/bg\/#\/schema\/logo\/image\/"},"sameAs":["https:\/\/www.facebook.com\/qingdaohf"]}]}},"_links":{"self":[{"href":"https:\/\/qingdaohf.com\/hu\/wp-json\/wp\/v2\/product\/4039","targetHints":{"allow":["GET"]}}],"collection":[{"href":"https:\/\/qingdaohf.com\/hu\/wp-json\/wp\/v2\/product"}],"about":[{"href":"https:\/\/qingdaohf.com\/hu\/wp-json\/wp\/v2\/types\/product"}],"replies":[{"embeddable":true,"href":"https:\/\/qingdaohf.com\/hu\/wp-json\/wp\/v2\/comments?post=4039"}],"version-history":[{"count":1,"href":"https:\/\/qingdaohf.com\/hu\/wp-json\/wp\/v2\/product\/4039\/revisions"}],"predecessor-version":[{"id":5911,"href":"https:\/\/qingdaohf.com\/hu\/wp-json\/wp\/v2\/product\/4039\/revisions\/5911"}],"wp:featuredmedia":[{"embeddable":true,"href":"https:\/\/qingdaohf.com\/hu\/wp-json\/wp\/v2\/media\/4040"}],"wp:attachment":[{"href":"https:\/\/qingdaohf.com\/hu\/wp-json\/wp\/v2\/media?parent=4039"}],"wp:term":[{"taxonomy":"product_brand","embeddable":true,"href":"https:\/\/qingdaohf.com\/hu\/wp-json\/wp\/v2\/product_brand?post=4039"},{"taxonomy":"product_cat","embeddable":true,"href":"https:\/\/qingdaohf.com\/hu\/wp-json\/wp\/v2\/product_cat?post=4039"},{"taxonomy":"product_tag","embeddable":true,"href":"https:\/\/qingdaohf.com\/hu\/wp-json\/wp\/v2\/product_tag?post=4039"}],"curies":[{"name":"wp","href":"https:\/\/api.w.org\/{rel}","templated":true}]}}