{"id":4110,"date":"2023-05-26T16:27:13","date_gmt":"2023-05-26T08:27:13","guid":{"rendered":"http:\/\/qingdaohf.com\/?post_type=product&#038;p=4110"},"modified":"2025-11-13T09:04:24","modified_gmt":"2025-11-13T01:04:24","slug":"eye-sling-hook","status":"publish","type":"product","link":"https:\/\/qingdaohf.com\/hu\/termek\/szemes-hevederhorog\/","title":{"rendered":"320 szemes hevederhorog"},"content":{"rendered":"<div class=\"font-claude-message  pr-4  md:pr-9  relative  leading-[1.65rem]  [&amp;_pre&gt;div]:bg-bg-300  [&amp;_.ignore-pre-bg&gt;div]:bg-transparent  [&amp;_pre]:-mr-4  md:[&amp;_pre]:-mr-9\">\n<div>\n<div class=\"grid-cols-1 grid gap-2.5 [&amp;_&gt;_*]:min-w-0\">\n<h2 class=\"font-600 text-2xl font-bold\">A 320-as horog sokoldal\u00fas\u00e1ga \u00e9s ereje: Horgok: \u00c1tfog\u00f3 \u00e1ttekint\u00e9s<\/h2>\n<p class=\"whitespace-pre-wrap break-words\">L\u00e1ssuk be - amikor neh\u00e9z terheket kell emelnie vagy r\u00f6gz\u00edtenie, a horog kiv\u00e1laszt\u00e1sa rendk\u00edv\u00fcl fontos. A 320-as kamp\u00f3 nem v\u00e9letlen\u00fcl szerzett h\u00edrnevet az \u00e9p\u00edt\u0151iparban, a haj\u00f3z\u00e1si munk\u00e1kban \u00e9s a sz\u00e1ll\u00edt\u00e1sban. Ez nem csak egy \u00fajabb hardverdarab - ez a kamp\u00f3 biztos\u00edtja a megb\u00edzhat\u00f3s\u00e1got, amelyre akkor van sz\u00fcks\u00e9ge, amikor a biztons\u00e1g \u00e9s a teljes\u00edtm\u00e9ny nem k\u00e9pezi vita t\u00e1rgy\u00e1t.<\/p>\n<p class=\"whitespace-pre-wrap break-words\">Itt a Qingdao H&amp;F-n\u00e9l t\u00f6bb mint k\u00e9t \u00e9vtizedet t\u00f6lt\u00f6tt\u00fcnk a kereskedelmi \u00fczletben, \u00e9s felismerj\u00fck a min\u0151s\u00e9get, ha l\u00e1tjuk. A 320 horgunk megfelel a legszigor\u00fabb ipari szabv\u00e1nyoknak, \u00e9s ezt alapos vizsg\u00e1lati jelent\u00e9sekkel t\u00e1masztjuk al\u00e1. Emellett b\u00fcszk\u00e9k vagyunk a gyors sz\u00e1ll\u00edt\u00e1sra \u00e9s a szem\u00e9lyre szabott \u00fcgyf\u00e9lszolg\u00e1latra, amely az eg\u00e9sz folyamatot g\u00f6rd\u00fcl\u00e9kenyebb\u00e9 teszi.<\/p>\n<p><img fetchpriority=\"high\" decoding=\"async\" class=\"alignnone size-full wp-image-4115\" src=\"http:\/\/qingdaohf.com\/wp-content\/uploads\/2023\/05\/123123.jpg\" alt=\"Szem Sling Hook\" width=\"1000\" height=\"1178\" srcset=\"https:\/\/qingdaohf.com\/wp-content\/uploads\/2023\/05\/123123.jpg 1000w, https:\/\/qingdaohf.com\/wp-content\/uploads\/2023\/05\/123123-255x300.jpg 255w, https:\/\/qingdaohf.com\/wp-content\/uploads\/2023\/05\/123123-869x1024.jpg 869w, https:\/\/qingdaohf.com\/wp-content\/uploads\/2023\/05\/123123-768x905.jpg 768w\" sizes=\"(max-width: 1000px) 100vw, 1000px\" \/><\/p>\n<p><img decoding=\"async\" class=\"alignnone size-full wp-image-4116\" src=\"http:\/\/qingdaohf.com\/wp-content\/uploads\/2023\/05\/1231243.jpg\" alt=\"Szem Sling Hook\" width=\"1000\" height=\"989\" srcset=\"https:\/\/qingdaohf.com\/wp-content\/uploads\/2023\/05\/1231243.jpg 1000w, https:\/\/qingdaohf.com\/wp-content\/uploads\/2023\/05\/1231243-300x297.jpg 300w, https:\/\/qingdaohf.com\/wp-content\/uploads\/2023\/05\/1231243-768x760.jpg 768w, https:\/\/qingdaohf.com\/wp-content\/uploads\/2023\/05\/1231243-100x100.jpg 100w\" sizes=\"(max-width: 1000px) 100vw, 1000px\" \/><\/p>\n<p><img decoding=\"async\" class=\"alignnone size-full wp-image-4118\" src=\"http:\/\/qingdaohf.com\/wp-content\/uploads\/2023\/05\/eye-hook.jpg\" alt=\"szemhorog\" width=\"1000\" height=\"1111\" srcset=\"https:\/\/qingdaohf.com\/wp-content\/uploads\/2023\/05\/eye-hook.jpg 1000w, https:\/\/qingdaohf.com\/wp-content\/uploads\/2023\/05\/eye-hook-270x300.jpg 270w, https:\/\/qingdaohf.com\/wp-content\/uploads\/2023\/05\/eye-hook-922x1024.jpg 922w, https:\/\/qingdaohf.com\/wp-content\/uploads\/2023\/05\/eye-hook-768x853.jpg 768w\" sizes=\"(max-width: 1000px) 100vw, 1000px\" \/><\/p>\n<h2 class=\"font-600 text-2xl font-bold\">A 320-as kamp\u00f3 legfontosabb el\u0151nyei a v\u00e1s\u00e1rl\u00f3k sz\u00e1m\u00e1ra<\/h2>\n<p class=\"whitespace-pre-wrap break-words\">Az emel\u0151berendez\u00e9sek v\u00e1s\u00e1rl\u00e1sa t\u00falterhel\u0151 lehet. Gondolnia kell a terhelhet\u0151s\u00e9gi \u00e9rt\u00e9kekre, az anyagmin\u0151s\u00e9gre \u00e9s a gyakorlati haszn\u00e1lhat\u00f3s\u00e1gra. A j\u00f3 h\u00edr? A 320-as kamp\u00f3 mindezeket a dobozokat ellen\u0151rzi, \u00e9s m\u00e9g t\u00f6bbet is.<\/p>\n<p class=\"whitespace-pre-wrap break-words\">A horog strapab\u00edr\u00f3 kialak\u00edt\u00e1sa neh\u00e9z k\u00f6r\u00fclm\u00e9nyek k\u00f6z\u00f6tt is remek\u00fcl \u00e9rv\u00e9nyes\u00fcl. Kiemelked\u0151 szak\u00edt\u00f3szil\u00e1rds\u00e1ga azt jelenti, hogy komoly terheket is r\u00e1b\u00edzhat, an\u00e9lk\u00fcl, hogy a biztons\u00e1gi agg\u00e1lyok miatt \u00e1lmatlanul kellene aludnia. A nagym\u00e9ret\u0171 sz\u00e1jny\u00edl\u00e1s igazi id\u0151megtakar\u00edt\u00e1st jelent, \u00edgy egyszer\u0171en csatlakoztathat\u00f3 a k\u00fcl\u00f6nb\u00f6z\u0151 szerel\u00e9kelemekhez. Ak\u00e1r anyagokat emel fel egy \u00e9p\u00edtkez\u00e9sen, ak\u00e1r rakom\u00e1nyt r\u00f6gz\u00edt a fed\u00e9lzeten, ez a kamp\u00f3 nem hagyja cserben.<\/p>\n<p class=\"whitespace-pre-wrap break-words\">A Qingdao H&amp;F-n\u00e9l komolyan vessz\u00fck a tesztel\u00e9st. Minden egyes kamp\u00f3 kiterjedt min\u0151s\u00e9gellen\u0151rz\u00e9sen megy kereszt\u00fcl, \u00e9s megmutatjuk \u00d6nnek a r\u00e9szletes vizsg\u00e1lati eredm\u00e9nyeket, hogy ezt bizony\u00edtsuk. Semmi sem rosszabb, mint amikor a berendez\u00e9s meghib\u00e1sodik, amikor a legnagyobb sz\u00fcks\u00e9g van r\u00e1, ez\u00e9rt gondoskodunk arr\u00f3l, hogy a horgaink m\u00e9g a legnehezebb helyzetekben is megb\u00edzhat\u00f3an m\u0171k\u00f6djenek.<\/p>\n<h2 class=\"font-600 text-2xl font-bold\">A 320 horog meg\u00e9rt\u00e9se: Horgok: Kialak\u00edt\u00e1s, jellemz\u0151k \u00e9s anyagi megfontol\u00e1sok<\/h2>\n<p class=\"whitespace-pre-wrap break-words\">A 320-as horog teljes\u00edtm\u00e9ny\u00e9nek titka az \u00e1tgondolt tervez\u00e9sben rejlik. Ezeket a horgokat pr\u00e9mium \u00f6tv\u00f6z\u00f6tt ac\u00e9lb\u00f3l kov\u00e1csoljuk, \u00edgy egy olyan eszk\u00f6zt hozunk l\u00e9tre, amely egyszerre strapab\u00edr\u00f3 \u00e9s hossz\u00fa \u00e9lettartam\u00fa. Ez az anyagv\u00e1laszt\u00e1s azt jelenti, hogy a horog kem\u00e9ny k\u00f6r\u00fclm\u00e9nyek k\u00f6z\u00f6tt is j\u00f3l b\u00edrja a strap\u00e1t, \u00edgy t\u00f6k\u00e9letesen alkalmas tengeri k\u00f6rnyezetbe, ipari k\u00f6rnyezetbe vagy \u00e9p\u00edtkez\u00e9sekhez.<\/p>\n<p class=\"whitespace-pre-wrap break-words\">A gyakorlati el\u0151ny\u00f6k egy\u00e9rtelm\u0171ek, amint haszn\u00e1l egyet. A sz\u00e9les ny\u00edl\u00e1s nem csak k\u00e9nyelmes - ez egy biztons\u00e1gi funkci\u00f3, amely megk\u00f6nny\u00edti a l\u00e1ncok, hevederek vagy k\u00e1belek r\u00f6gz\u00edt\u00e9s\u00e9t. A horog alakja akt\u00edvan megakad\u00e1lyozza a rakom\u00e1ny elcs\u00fasz\u00e1s\u00e1t, m\u00edg a sima fel\u00fclet megv\u00e9di egy\u00e9b felszerel\u00e9seit a s\u00e9r\u00fcl\u00e9sekt\u0151l.<\/p>\n<p class=\"whitespace-pre-wrap break-words\">Ezek a horgok bajnokk\u00e9nt kezelik a statikus \u00e9s dinamikus terhel\u00e9st egyar\u00e1nt. K\u00fcl\u00f6nb\u00f6z\u0151 m\u00e9retben \u00e9s kapacit\u00e1ssal kaphat\u00f3k, \u00edgy pontosan azt v\u00e1laszthatja ki, amire a projektj\u00e9nek sz\u00fcks\u00e9ge van. Minden kamp\u00f3 egy\u00e9rtelm\u0171en jelzi a s\u00falybesorol\u00e1st, \u00edgy a terhel\u00e9s tervez\u00e9se nem ig\u00e9nyel tal\u00e1lgat\u00e1sokat. A korr\u00f3zi\u00f3\u00e1ll\u00f3 bevonat k\u00fcl\u00f6n\u00f6sen \u00e9rt\u00e9kes a tengeri vagy tengeri munk\u00e1kn\u00e1l, mivel k\u00fczd a rozsda ellen, \u00e9s jelent\u0151sen meghosszabb\u00edtja a horog \u00e9lettartam\u00e1t.<\/p>\n<h2 class=\"font-600 text-2xl font-bold\">Mi\u00e9rt v\u00e1lassza a Qingdao H&amp;F-et a 320-as kamp\u00f3 ig\u00e9nyeihez?<\/h2>\n<p class=\"whitespace-pre-wrap break-words\">A megb\u00edzhat\u00f3 besz\u00e1ll\u00edt\u00f3 megtal\u00e1l\u00e1sa kulcsfontoss\u00e1g\u00fa. A Qingdao H&amp;F-n\u00e9l a vil\u00e1gpiacon elt\u00f6lt\u00f6tt t\u00f6bb mint 20 \u00e9v alatt megtanultuk, hogy pontosan mire van sz\u00fcks\u00e9ge \u00fcgyfeleinknek. Mi nem csak horgokat adunk el - mi a nyugalmat biztos\u00edtjuk.<\/p>\n<p class=\"whitespace-pre-wrap break-words\">Tudjuk, hogy a sz\u00e1ll\u00edt\u00e1sra val\u00f3 v\u00e1rakoz\u00e1s kisiklathatja az \u00d6n id\u0151beoszt\u00e1s\u00e1t, ez\u00e9rt a gyors sz\u00e1ll\u00edt\u00e1st helyezz\u00fck el\u0151t\u00e9rbe. Logisztikai csapatunk kem\u00e9nyen dolgozik azon, hogy megtal\u00e1lja a leggyorsabb, megb\u00edzhat\u00f3 sz\u00e1ll\u00edt\u00e1si m\u00f3dszereket, \u00edgy projektjei a tervek szerint haladnak. Minden horoghoz \u00e1tfog\u00f3 min\u0151s\u00e9gellen\u0151rz\u00e9si dokument\u00e1ci\u00f3 tartozik, \u00edgy pontosan tudja, hogy mit kap.<\/p>\n<p class=\"whitespace-pre-wrap break-words\">Az \u00fcgyf\u00e9lkiszolg\u00e1l\u00e1shoz val\u00f3 hozz\u00e1\u00e1ll\u00e1sunk \u00fcd\u00edt\u0151en szem\u00e9lyes. M\u0171szaki tan\u00e1csad\u00e1sra van sz\u00fcks\u00e9ge? K\u00e9rd\u00e9se van a specifik\u00e1ci\u00f3kkal kapcsolatban? Az\u00e9rt vagyunk itt, hogy seg\u00edts\u00fcnk - nincsenek automatiz\u00e1lt v\u00e1laszok vagy \u00e1ltal\u00e1nos megold\u00e1sok. Hisz\u00fcnk abban, hogy val\u00f3di t\u00e1mogat\u00e1s \u00e9s szak\u00e9rtelem r\u00e9v\u00e9n tart\u00f3s kapcsolatot \u00e9p\u00edthet\u00fcnk ki \u00fcgyfeleinkkel.<\/p>\n<h2 class=\"font-600 text-2xl font-bold\">K\u00f6vetkeztet\u00e9s: A 320 Hook - a k\u00f6telez\u0151 felszerel\u00e9s a k\u00f6t\u00e9lzet \u00e9s az emel\u00e9si ig\u00e9nyekhez<\/h2>\n<p class=\"whitespace-pre-wrap break-words\">A 320-as kamp\u00f3 nem csak egy \u00fajabb felszerel\u00e9s - ez egy befektet\u00e9s a biztons\u00e1g \u00e9s a hat\u00e9konys\u00e1g \u00e9rdek\u00e9ben. Robusztus kialak\u00edt\u00e1sa \u00e9s sokoldal\u00fas\u00e1ga n\u00e9lk\u00fcl\u00f6zhetetlenn\u00e9 teszi az ipar\u00e1gakban. A Qingdao H&amp;F-n\u00e9l b\u00fcszk\u00e9k vagyunk arra, hogy olyan 320-as kamp\u00f3kat k\u00edn\u00e1lunk, amelyek meghaladj\u00e1k a min\u0151s\u00e9gi szabv\u00e1nyokat, \u00e9s amelyek m\u00f6g\u00f6tt a gyors kiszolg\u00e1l\u00e1s \u00e9s a megb\u00edzhat\u00f3 sz\u00e1ll\u00edt\u00e1s ir\u00e1nti elk\u00f6telezetts\u00e9g\u00fcnk \u00e1ll. Ha a mi kamp\u00f3inkat v\u00e1lasztja, akkor egy olyan partnert v\u00e1laszt, aki elk\u00f6telezett az \u00d6n sikere mellett.<\/p>\n<\/div>\n<\/div>\n<\/div>\n<div class=\"absolute -bottom-0 -right-1.5\">\n<div class=\"border-0.5 border-border-300 flex items-center translate-y-1\/2 rounded-lg shadow-sm transition bg-bg-000 p-1\">\n<div class=\"text-text-400 flex items-stretch justify-between gap-0.5\">\n<div class=\"flex gap-0.5\"><\/div>\n<\/div>\n<\/div>\n<\/div>\n<p>&nbsp;<\/p>\n<p>&nbsp;<\/p>","protected":false},"excerpt":{"rendered":"<p>A 320-as horog sokoldal\u00fa \u00e9s megb\u00edzhat\u00f3 minden ipar\u00e1gban, legyen sz\u00f3 biztons\u00e1gos \u00e9s hat\u00e9kony emel\u00e9sr\u0151l vagy horgonyz\u00e1sr\u00f3l \u00e9s k\u00f6t\u00e9lzetr\u0151l. A Qingdao H&amp;F megb\u00edzott kereskedelmi v\u00e1llalat volt, amely a 320-as kamp\u00f3k sz\u00e9les v\u00e1laszt\u00e9k\u00e1val foglalkozik - min\u0151s\u00e9get, id\u0151t \u00e9s egy az egyben professzion\u00e1lis szolg\u00e1ltat\u00e1st biztos\u00edtva. A v\u00e1s\u00e1rl\u00f3k sz\u00e1m\u00e1ra minden egyes term\u00e9kre vonatkoz\u00f3an r\u00e9szletes vizsg\u00e1lati jelent\u00e9st is tudtak biztos\u00edtani, hogy a legjobb szabv\u00e1nyoknak megfeleljenek. Ak\u00e1r nagy ig\u00e9nybev\u00e9tel\u0171, ak\u00e1r k\u00f6nnyebb alkalmaz\u00e1sokhoz, a 320-as horgaink \u00fagy vannak kialak\u00edtva, hogy a tart\u00f3ss\u00e1g \u00e9s a teljes\u00edtm\u00e9ny tekintet\u00e9ben a v\u00e9gs\u0151 megb\u00edzhat\u00f3s\u00e1got biztos\u00edts\u00e1k a k\u00f6vetkez\u0151 projektje sz\u00e1m\u00e1ra.<\/p>","protected":false},"featured_media":4111,"comment_status":"open","ping_status":"closed","template":"","meta":{"site-sidebar-layout":"default","site-content-layout":"default","ast-site-content-layout":"default","site-content-style":"default","site-sidebar-style":"default","ast-global-header-display":"","ast-banner-title-visibility":"","ast-main-header-display":"","ast-hfb-above-header-display":"","ast-hfb-below-header-display":"","ast-hfb-mobile-header-display":"","site-post-title":"","ast-breadcrumbs-content":"","ast-featured-img":"","footer-sml-layout":"","theme-transparent-header-meta":"default","adv-header-id-meta":"","stick-header-meta":"default","header-above-stick-meta":"","header-main-stick-meta":"","header-below-stick-meta":"","astra-migrate-meta-layouts":"set","ast-page-background-enabled":"default","ast-page-background-meta":{"desktop":{"background-color":"","background-image":"","background-repeat":"repeat","background-position":"center center","background-size":"auto","background-attachment":"scroll","background-type":"","background-media":"","overlay-type":"","overlay-color":"","overlay-opacity":"","overlay-gradient":""},"tablet":{"background-color":"","background-image":"","background-repeat":"repeat","background-position":"center center","background-size":"auto","background-attachment":"scroll","background-type":"","background-media":"","overlay-type":"","overlay-color":"","overlay-opacity":"","overlay-gradient":""},"mobile":{"background-color":"","background-image":"","background-repeat":"repeat","background-position":"center center","background-size":"auto","background-attachment":"scroll","background-type":"","background-media":"","overlay-type":"","overlay-color":"","overlay-opacity":"","overlay-gradient":""}},"ast-content-background-meta":{"desktop":{"background-color":"var(--ast-global-color-5)","background-image":"","background-repeat":"repeat","background-position":"center center","background-size":"auto","background-attachment":"scroll","background-type":"","background-media":"","overlay-type":"","overlay-color":"","overlay-opacity":"","overlay-gradient":""},"tablet":{"background-color":"var(--ast-global-color-5)","background-image":"","background-repeat":"repeat","background-position":"center center","background-size":"auto","background-attachment":"scroll","background-type":"","background-media":"","overlay-type":"","overlay-color":"","overlay-opacity":"","overlay-gradient":""},"mobile":{"background-color":"var(--ast-global-color-5)","background-image":"","background-repeat":"repeat","background-position":"center center","background-size":"auto","background-attachment":"scroll","background-type":"","background-media":"","overlay-type":"","overlay-color":"","overlay-opacity":"","overlay-gradient":""}}},"product_brand":[],"product_cat":[57,43],"product_tag":[],"class_list":{"0":"post-4110","1":"product","2":"type-product","3":"status-publish","4":"has-post-thumbnail","6":"product_cat-sling-hook","7":"product_cat-rigging-hardware","8":"desktop-align-left","9":"tablet-align-left","10":"mobile-align-left","11":"ast-product-gallery-layout-horizontal-slider","12":"ast-product-tabs-layout-horizontal","14":"first","15":"instock","16":"shipping-taxable","17":"purchasable","18":"product-type-simple"},"yoast_head":"<!-- This site is optimized with the Yoast SEO plugin v25.2 - https:\/\/yoast.com\/wordpress\/plugins\/seo\/ -->\n<title>320 Eye Sling Hook<\/title>\n<meta name=\"description\" content=\"The Eye Sling Hook is a type of lifting hook commonly used in rigging and lifting operations.\" \/>\n<meta name=\"robots\" content=\"index, follow, max-snippet:-1, max-image-preview:large, max-video-preview:-1\" \/>\n<link rel=\"canonical\" href=\"https:\/\/qingdaohf.com\/hu\/termek\/szemes-hevederhorog\/\" \/>\n<meta property=\"og:locale\" content=\"hu_HU\" \/>\n<meta property=\"og:type\" content=\"article\" \/>\n<meta property=\"og:title\" content=\"320 Eye Sling Hook\" \/>\n<meta property=\"og:description\" content=\"The Eye Sling Hook is a type of lifting hook commonly used in rigging and lifting operations.\" \/>\n<meta property=\"og:url\" content=\"https:\/\/qingdaohf.com\/hu\/termek\/szemes-hevederhorog\/\" \/>\n<meta property=\"og:site_name\" content=\"Concrete Form &amp; Rigging Hardware Supplier\" \/>\n<meta property=\"article:publisher\" content=\"https:\/\/www.facebook.com\/qingdaohf\" \/>\n<meta property=\"article:modified_time\" content=\"2025-11-13T01:04:24+00:00\" \/>\n<meta property=\"og:image\" content=\"https:\/\/qingdaohf.com\/wp-content\/uploads\/2023\/05\/Eye-Sling-Hook-2.jpg\" \/>\n\t<meta property=\"og:image:width\" content=\"1000\" \/>\n\t<meta property=\"og:image:height\" content=\"1000\" \/>\n\t<meta property=\"og:image:type\" content=\"image\/jpeg\" \/>\n<meta name=\"twitter:card\" content=\"summary_large_image\" \/>\n<meta name=\"twitter:label1\" content=\"Becs\u00fclt olvas\u00e1si id\u0151\" \/>\n\t<meta name=\"twitter:data1\" content=\"4 perc\" \/>\n<script type=\"application\/ld+json\" class=\"yoast-schema-graph\">{\"@context\":\"https:\/\/schema.org\",\"@graph\":[{\"@type\":\"WebPage\",\"@id\":\"https:\/\/qingdaohf.com\/product\/eye-sling-hook\/\",\"url\":\"https:\/\/qingdaohf.com\/product\/eye-sling-hook\/\",\"name\":\"320 Eye Sling Hook\",\"isPartOf\":{\"@id\":\"https:\/\/qingdaohf.com\/bg\/#website\"},\"primaryImageOfPage\":{\"@id\":\"https:\/\/qingdaohf.com\/product\/eye-sling-hook\/#primaryimage\"},\"image\":{\"@id\":\"https:\/\/qingdaohf.com\/product\/eye-sling-hook\/#primaryimage\"},\"thumbnailUrl\":\"https:\/\/qingdaohf.com\/wp-content\/uploads\/2023\/05\/Eye-Sling-Hook-2.jpg\",\"datePublished\":\"2023-05-26T08:27:13+00:00\",\"dateModified\":\"2025-11-13T01:04:24+00:00\",\"description\":\"The Eye Sling Hook is a type of lifting hook commonly used in rigging and lifting operations.\",\"breadcrumb\":{\"@id\":\"https:\/\/qingdaohf.com\/product\/eye-sling-hook\/#breadcrumb\"},\"inLanguage\":\"hu\",\"potentialAction\":[{\"@type\":\"ReadAction\",\"target\":[\"https:\/\/qingdaohf.com\/product\/eye-sling-hook\/\"]}]},{\"@type\":\"ImageObject\",\"inLanguage\":\"hu\",\"@id\":\"https:\/\/qingdaohf.com\/product\/eye-sling-hook\/#primaryimage\",\"url\":\"https:\/\/qingdaohf.com\/wp-content\/uploads\/2023\/05\/Eye-Sling-Hook-2.jpg\",\"contentUrl\":\"https:\/\/qingdaohf.com\/wp-content\/uploads\/2023\/05\/Eye-Sling-Hook-2.jpg\",\"width\":1000,\"height\":1000,\"caption\":\"Eye Sling Hook\"},{\"@type\":\"BreadcrumbList\",\"@id\":\"https:\/\/qingdaohf.com\/product\/eye-sling-hook\/#breadcrumb\",\"itemListElement\":[{\"@type\":\"ListItem\",\"position\":1,\"name\":\"Home\",\"item\":\"https:\/\/qingdaohf.com\/\"},{\"@type\":\"ListItem\",\"position\":2,\"name\":\"Concrete Forming Accessories and Rigging Hardware\",\"item\":\"https:\/\/qingdaohf.com\/bg\/?page_id=944\"},{\"@type\":\"ListItem\",\"position\":3,\"name\":\"320 Eye Sling Hook\"}]},{\"@type\":\"WebSite\",\"@id\":\"https:\/\/qingdaohf.com\/bg\/#website\",\"url\":\"https:\/\/qingdaohf.com\/bg\/\",\"name\":\"Concrete Form & Rigging Hardware Supplier\",\"description\":\"\",\"publisher\":{\"@id\":\"https:\/\/qingdaohf.com\/bg\/#organization\"},\"potentialAction\":[{\"@type\":\"SearchAction\",\"target\":{\"@type\":\"EntryPoint\",\"urlTemplate\":\"https:\/\/qingdaohf.com\/bg\/?s={search_term_string}\"},\"query-input\":{\"@type\":\"PropertyValueSpecification\",\"valueRequired\":true,\"valueName\":\"search_term_string\"}}],\"inLanguage\":\"hu\"},{\"@type\":\"Organization\",\"@id\":\"https:\/\/qingdaohf.com\/bg\/#organization\",\"name\":\"Qingdao H&F\",\"url\":\"https:\/\/qingdaohf.com\/bg\/\",\"logo\":{\"@type\":\"ImageObject\",\"inLanguage\":\"hu\",\"@id\":\"https:\/\/qingdaohf.com\/bg\/#\/schema\/logo\/image\/\",\"url\":\"https:\/\/qingdaohf.com\/wp-content\/uploads\/2022\/12\/cropped-HF-LOGO.png\",\"contentUrl\":\"https:\/\/qingdaohf.com\/wp-content\/uploads\/2022\/12\/cropped-HF-LOGO.png\",\"width\":391,\"height\":249,\"caption\":\"Qingdao H&F\"},\"image\":{\"@id\":\"https:\/\/qingdaohf.com\/bg\/#\/schema\/logo\/image\/\"},\"sameAs\":[\"https:\/\/www.facebook.com\/qingdaohf\"]}]}<\/script>\n<!-- \/ Yoast SEO plugin. -->","yoast_head_json":{"title":"320 Eye Sling Hook","description":"The Eye Sling Hook is a type of lifting hook commonly used in rigging and lifting operations.","robots":{"index":"index","follow":"follow","max-snippet":"max-snippet:-1","max-image-preview":"max-image-preview:large","max-video-preview":"max-video-preview:-1"},"canonical":"https:\/\/qingdaohf.com\/hu\/termek\/szemes-hevederhorog\/","og_locale":"hu_HU","og_type":"article","og_title":"320 Eye Sling Hook","og_description":"The Eye Sling Hook is a type of lifting hook commonly used in rigging and lifting operations.","og_url":"https:\/\/qingdaohf.com\/hu\/termek\/szemes-hevederhorog\/","og_site_name":"Concrete Form &amp; Rigging Hardware Supplier","article_publisher":"https:\/\/www.facebook.com\/qingdaohf","article_modified_time":"2025-11-13T01:04:24+00:00","og_image":[{"width":1000,"height":1000,"url":"https:\/\/qingdaohf.com\/wp-content\/uploads\/2023\/05\/Eye-Sling-Hook-2.jpg","type":"image\/jpeg"}],"twitter_card":"summary_large_image","twitter_misc":{"Becs\u00fclt olvas\u00e1si id\u0151":"4 perc"},"schema":{"@context":"https:\/\/schema.org","@graph":[{"@type":"WebPage","@id":"https:\/\/qingdaohf.com\/product\/eye-sling-hook\/","url":"https:\/\/qingdaohf.com\/product\/eye-sling-hook\/","name":"320 Eye Sling Hook","isPartOf":{"@id":"https:\/\/qingdaohf.com\/bg\/#website"},"primaryImageOfPage":{"@id":"https:\/\/qingdaohf.com\/product\/eye-sling-hook\/#primaryimage"},"image":{"@id":"https:\/\/qingdaohf.com\/product\/eye-sling-hook\/#primaryimage"},"thumbnailUrl":"https:\/\/qingdaohf.com\/wp-content\/uploads\/2023\/05\/Eye-Sling-Hook-2.jpg","datePublished":"2023-05-26T08:27:13+00:00","dateModified":"2025-11-13T01:04:24+00:00","description":"The Eye Sling Hook is a type of lifting hook commonly used in rigging and lifting operations.","breadcrumb":{"@id":"https:\/\/qingdaohf.com\/product\/eye-sling-hook\/#breadcrumb"},"inLanguage":"hu","potentialAction":[{"@type":"ReadAction","target":["https:\/\/qingdaohf.com\/product\/eye-sling-hook\/"]}]},{"@type":"ImageObject","inLanguage":"hu","@id":"https:\/\/qingdaohf.com\/product\/eye-sling-hook\/#primaryimage","url":"https:\/\/qingdaohf.com\/wp-content\/uploads\/2023\/05\/Eye-Sling-Hook-2.jpg","contentUrl":"https:\/\/qingdaohf.com\/wp-content\/uploads\/2023\/05\/Eye-Sling-Hook-2.jpg","width":1000,"height":1000,"caption":"Eye Sling Hook"},{"@type":"BreadcrumbList","@id":"https:\/\/qingdaohf.com\/product\/eye-sling-hook\/#breadcrumb","itemListElement":[{"@type":"ListItem","position":1,"name":"Home","item":"https:\/\/qingdaohf.com\/"},{"@type":"ListItem","position":2,"name":"Concrete Forming Accessories and Rigging Hardware","item":"https:\/\/qingdaohf.com\/bg\/?page_id=944"},{"@type":"ListItem","position":3,"name":"320 Eye Sling Hook"}]},{"@type":"WebSite","@id":"https:\/\/qingdaohf.com\/bg\/#website","url":"https:\/\/qingdaohf.com\/bg\/","name":"Concrete Form & Rigging Hardware Supplier","description":"","publisher":{"@id":"https:\/\/qingdaohf.com\/bg\/#organization"},"potentialAction":[{"@type":"SearchAction","target":{"@type":"EntryPoint","urlTemplate":"https:\/\/qingdaohf.com\/bg\/?s={search_term_string}"},"query-input":{"@type":"PropertyValueSpecification","valueRequired":true,"valueName":"search_term_string"}}],"inLanguage":"hu"},{"@type":"Organization","@id":"https:\/\/qingdaohf.com\/bg\/#organization","name":"Qingdao H&F","url":"https:\/\/qingdaohf.com\/bg\/","logo":{"@type":"ImageObject","inLanguage":"hu","@id":"https:\/\/qingdaohf.com\/bg\/#\/schema\/logo\/image\/","url":"https:\/\/qingdaohf.com\/wp-content\/uploads\/2022\/12\/cropped-HF-LOGO.png","contentUrl":"https:\/\/qingdaohf.com\/wp-content\/uploads\/2022\/12\/cropped-HF-LOGO.png","width":391,"height":249,"caption":"Qingdao H&F"},"image":{"@id":"https:\/\/qingdaohf.com\/bg\/#\/schema\/logo\/image\/"},"sameAs":["https:\/\/www.facebook.com\/qingdaohf"]}]}},"_links":{"self":[{"href":"https:\/\/qingdaohf.com\/hu\/wp-json\/wp\/v2\/product\/4110","targetHints":{"allow":["GET"]}}],"collection":[{"href":"https:\/\/qingdaohf.com\/hu\/wp-json\/wp\/v2\/product"}],"about":[{"href":"https:\/\/qingdaohf.com\/hu\/wp-json\/wp\/v2\/types\/product"}],"replies":[{"embeddable":true,"href":"https:\/\/qingdaohf.com\/hu\/wp-json\/wp\/v2\/comments?post=4110"}],"version-history":[{"count":3,"href":"https:\/\/qingdaohf.com\/hu\/wp-json\/wp\/v2\/product\/4110\/revisions"}],"predecessor-version":[{"id":4117,"href":"https:\/\/qingdaohf.com\/hu\/wp-json\/wp\/v2\/product\/4110\/revisions\/4117"}],"wp:featuredmedia":[{"embeddable":true,"href":"https:\/\/qingdaohf.com\/hu\/wp-json\/wp\/v2\/media\/4111"}],"wp:attachment":[{"href":"https:\/\/qingdaohf.com\/hu\/wp-json\/wp\/v2\/media?parent=4110"}],"wp:term":[{"taxonomy":"product_brand","embeddable":true,"href":"https:\/\/qingdaohf.com\/hu\/wp-json\/wp\/v2\/product_brand?post=4110"},{"taxonomy":"product_cat","embeddable":true,"href":"https:\/\/qingdaohf.com\/hu\/wp-json\/wp\/v2\/product_cat?post=4110"},{"taxonomy":"product_tag","embeddable":true,"href":"https:\/\/qingdaohf.com\/hu\/wp-json\/wp\/v2\/product_tag?post=4110"}],"curies":[{"name":"wp","href":"https:\/\/api.w.org\/{rel}","templated":true}]}}