{"id":4124,"date":"2023-05-26T17:24:47","date_gmt":"2023-05-26T09:24:47","guid":{"rendered":"http:\/\/qingdaohf.com\/?post_type=product&#038;p=4124"},"modified":"2025-11-13T09:04:24","modified_gmt":"2025-11-13T01:04:24","slug":"tractor-bucket-grab-hook","status":"publish","type":"product","link":"https:\/\/qingdaohf.com\/hu\/termek\/traktorkanal-markolohorog\/","title":{"rendered":"Traktorkosaras kapaszkod\u00f3horog"},"content":{"rendered":"<p>A traktoros v\u00f6d\u00f6rfog\u00f3kamp\u00f3 \u00e1ltal\u00e1ban egy er\u0151s f\u00e9mhorogb\u00f3l \u00e1ll, amely egy bilinccsel vagy r\u00f6gz\u00edt\u0151lemezzel van ell\u00e1tva, \u00e9s k\u00f6nnyen a traktor v\u00f6dr\u00e9hez r\u00f6gz\u00edthet\u0151. \u00dagy tervezt\u00e9k, hogy megb\u00edzhat\u00f3 csatlakoz\u00e1si pontot biztos\u00edtson az emel\u0151l\u00e1ncok, k\u00f6telek vagy hevederek sz\u00e1m\u00e1ra, lehet\u0151v\u00e9 t\u00e9ve a traktor sz\u00e1m\u00e1ra a neh\u00e9z vagy terjedelmes t\u00e1rgyak biztons\u00e1gos kezel\u00e9s\u00e9t.<\/p>\n<p>A traktorkan\u00e1l markol\u00f3horog els\u0151dleges c\u00e9lja a traktorkan\u00e1l k\u00e9pess\u00e9geinek kib\u0151v\u00edt\u00e9se, emel\u0151- vagy sz\u00e1ll\u00edt\u00f3eszk\u00f6zz\u00e9 alak\u00edt\u00e1sa. A markol\u00f3horoggal felszerelve a traktor olyan feladatokra haszn\u00e1lhat\u00f3, mint a r\u00f6nk\u00f6k, nagy szikl\u00e1k, sz\u00e9nab\u00e1l\u00e1k vagy m\u00e1s, biztons\u00e1gos emel\u00e9si pontot ig\u00e9nyl\u0151 anyagok emel\u00e9se \u00e9s mozgat\u00e1sa.<\/p>\n<p>A markol\u00f3horog kialak\u00edt\u00e1sa lehet\u0151v\u00e9 teszi, hogy k\u00f6nnyen elhelyezhet\u0151 \u00e9s r\u00f6gz\u00edthet\u0151 legyen a traktor v\u00f6dr\u00e9n. Egyes modellek \u00e1ll\u00edthat\u00f3 vagy elt\u00e1vol\u00edthat\u00f3 alkatr\u00e9szekkel rendelkezhetnek a k\u00fcl\u00f6nb\u00f6z\u0151 m\u00e9ret\u0171 \u00e9s konfigur\u00e1ci\u00f3j\u00fa rakom\u00e1nyok befogad\u00e1s\u00e1ra. Ezen k\u00edv\u00fcl a markol\u00f3horog rendelkezhet reteszel\u0151 vagy reteszel\u0151 mechanizmussal, amely biztos\u00edtja, hogy a rakom\u00e1ny biztons\u00e1gosan r\u00f6gz\u00edtve maradjon a sz\u00e1ll\u00edt\u00e1s vagy az emel\u00e9si m\u0171veletek sor\u00e1n.<\/p>","protected":false},"excerpt":{"rendered":"<p>A Traktoros v\u00f6d\u00f6rfog\u00f3kamp\u00f3 egy speci\u00e1lis tartoz\u00e9k, amelyet traktorokhoz \u00e9s m\u00e1s neh\u00e9zg\u00e9pekhez terveztek, homlokrakod\u00f3kkal vagy v\u00f6dr\u00f6kkel. A traktor v\u00f6dr\u00e9nek sokoldal\u00fas\u00e1g\u00e1nak \u00e9s funkcionalit\u00e1s\u00e1nak n\u00f6vel\u00e9s\u00e9re szolg\u00e1l, lehet\u0151v\u00e9 t\u00e9ve a k\u00fcl\u00f6nb\u00f6z\u0151 terhek biztons\u00e1gos emel\u00e9s\u00e9t \u00e9s kezel\u00e9s\u00e9t.<\/p>","protected":false},"featured_media":4128,"comment_status":"open","ping_status":"closed","template":"","meta":{"site-sidebar-layout":"default","site-content-layout":"default","ast-site-content-layout":"","site-content-style":"default","site-sidebar-style":"default","ast-global-header-display":"","ast-banner-title-visibility":"","ast-main-header-display":"","ast-hfb-above-header-display":"","ast-hfb-below-header-display":"","ast-hfb-mobile-header-display":"","site-post-title":"","ast-breadcrumbs-content":"","ast-featured-img":"","footer-sml-layout":"","theme-transparent-header-meta":"default","adv-header-id-meta":"","stick-header-meta":"default","header-above-stick-meta":"","header-main-stick-meta":"","header-below-stick-meta":"","astra-migrate-meta-layouts":"default","ast-page-background-enabled":"default","ast-page-background-meta":{"desktop":{"background-color":"","background-image":"","background-repeat":"repeat","background-position":"center center","background-size":"auto","background-attachment":"scroll","background-type":"","background-media":"","overlay-type":"","overlay-color":"","overlay-opacity":"","overlay-gradient":""},"tablet":{"background-color":"","background-image":"","background-repeat":"repeat","background-position":"center center","background-size":"auto","background-attachment":"scroll","background-type":"","background-media":"","overlay-type":"","overlay-color":"","overlay-opacity":"","overlay-gradient":""},"mobile":{"background-color":"","background-image":"","background-repeat":"repeat","background-position":"center center","background-size":"auto","background-attachment":"scroll","background-type":"","background-media":"","overlay-type":"","overlay-color":"","overlay-opacity":"","overlay-gradient":""}},"ast-content-background-meta":{"desktop":{"background-color":"var(--ast-global-color-5)","background-image":"","background-repeat":"repeat","background-position":"center center","background-size":"auto","background-attachment":"scroll","background-type":"","background-media":"","overlay-type":"","overlay-color":"","overlay-opacity":"","overlay-gradient":""},"tablet":{"background-color":"var(--ast-global-color-5)","background-image":"","background-repeat":"repeat","background-position":"center center","background-size":"auto","background-attachment":"scroll","background-type":"","background-media":"","overlay-type":"","overlay-color":"","overlay-opacity":"","overlay-gradient":""},"mobile":{"background-color":"var(--ast-global-color-5)","background-image":"","background-repeat":"repeat","background-position":"center center","background-size":"auto","background-attachment":"scroll","background-type":"","background-media":"","overlay-type":"","overlay-color":"","overlay-opacity":"","overlay-gradient":""}}},"product_brand":[],"product_cat":[57,43],"product_tag":[],"class_list":{"0":"post-4124","1":"product","2":"type-product","3":"status-publish","4":"has-post-thumbnail","6":"product_cat-sling-hook","7":"product_cat-rigging-hardware","8":"desktop-align-left","9":"tablet-align-left","10":"mobile-align-left","11":"ast-product-gallery-layout-horizontal-slider","12":"ast-product-tabs-layout-horizontal","14":"first","15":"instock","16":"shipping-taxable","17":"purchasable","18":"product-type-simple"},"yoast_head":"<!-- This site is optimized with the Yoast SEO plugin v25.2 - https:\/\/yoast.com\/wordpress\/plugins\/seo\/ -->\n<title>Tractor Bucket Grab Hook<\/title>\n<meta name=\"description\" content=\"The Tractor Bucket Grab Hook is a specialized attachment designed for tractors and other heavy machinery with front-end loaders or buckets.\" \/>\n<meta name=\"robots\" content=\"index, follow, max-snippet:-1, max-image-preview:large, max-video-preview:-1\" \/>\n<link rel=\"canonical\" href=\"https:\/\/qingdaohf.com\/hu\/termek\/traktorkanal-markolohorog\/\" \/>\n<meta property=\"og:locale\" content=\"hu_HU\" \/>\n<meta property=\"og:type\" content=\"article\" \/>\n<meta property=\"og:title\" content=\"Tractor Bucket Grab Hook\" \/>\n<meta property=\"og:description\" content=\"The Tractor Bucket Grab Hook is a specialized attachment designed for tractors and other heavy machinery with front-end loaders or buckets.\" \/>\n<meta property=\"og:url\" content=\"https:\/\/qingdaohf.com\/hu\/termek\/traktorkanal-markolohorog\/\" \/>\n<meta property=\"og:site_name\" content=\"Concrete Form &amp; Rigging Hardware Supplier\" \/>\n<meta property=\"article:publisher\" content=\"https:\/\/www.facebook.com\/qingdaohf\" \/>\n<meta property=\"article:modified_time\" content=\"2025-11-13T01:04:24+00:00\" \/>\n<meta property=\"og:image\" content=\"https:\/\/qingdaohf.com\/wp-content\/uploads\/2023\/05\/grab-hook-19.jpg\" \/>\n\t<meta property=\"og:image:width\" content=\"1000\" \/>\n\t<meta property=\"og:image:height\" content=\"1000\" \/>\n\t<meta property=\"og:image:type\" content=\"image\/jpeg\" \/>\n<meta name=\"twitter:card\" content=\"summary_large_image\" \/>\n<meta name=\"twitter:label1\" content=\"Becs\u00fclt olvas\u00e1si id\u0151\" \/>\n\t<meta name=\"twitter:data1\" content=\"1 perc\" \/>\n<script type=\"application\/ld+json\" class=\"yoast-schema-graph\">{\"@context\":\"https:\/\/schema.org\",\"@graph\":[{\"@type\":\"WebPage\",\"@id\":\"https:\/\/qingdaohf.com\/product\/tractor-bucket-grab-hook\/\",\"url\":\"https:\/\/qingdaohf.com\/product\/tractor-bucket-grab-hook\/\",\"name\":\"Tractor Bucket Grab Hook\",\"isPartOf\":{\"@id\":\"https:\/\/qingdaohf.com\/bg\/#website\"},\"primaryImageOfPage\":{\"@id\":\"https:\/\/qingdaohf.com\/product\/tractor-bucket-grab-hook\/#primaryimage\"},\"image\":{\"@id\":\"https:\/\/qingdaohf.com\/product\/tractor-bucket-grab-hook\/#primaryimage\"},\"thumbnailUrl\":\"https:\/\/qingdaohf.com\/wp-content\/uploads\/2023\/05\/grab-hook-19.jpg\",\"datePublished\":\"2023-05-26T09:24:47+00:00\",\"dateModified\":\"2025-11-13T01:04:24+00:00\",\"description\":\"The Tractor Bucket Grab Hook is a specialized attachment designed for tractors and other heavy machinery with front-end loaders or buckets.\",\"breadcrumb\":{\"@id\":\"https:\/\/qingdaohf.com\/product\/tractor-bucket-grab-hook\/#breadcrumb\"},\"inLanguage\":\"hu\",\"potentialAction\":[{\"@type\":\"ReadAction\",\"target\":[\"https:\/\/qingdaohf.com\/product\/tractor-bucket-grab-hook\/\"]}]},{\"@type\":\"ImageObject\",\"inLanguage\":\"hu\",\"@id\":\"https:\/\/qingdaohf.com\/product\/tractor-bucket-grab-hook\/#primaryimage\",\"url\":\"https:\/\/qingdaohf.com\/wp-content\/uploads\/2023\/05\/grab-hook-19.jpg\",\"contentUrl\":\"https:\/\/qingdaohf.com\/wp-content\/uploads\/2023\/05\/grab-hook-19.jpg\",\"width\":1000,\"height\":1000,\"caption\":\"grab hook\"},{\"@type\":\"BreadcrumbList\",\"@id\":\"https:\/\/qingdaohf.com\/product\/tractor-bucket-grab-hook\/#breadcrumb\",\"itemListElement\":[{\"@type\":\"ListItem\",\"position\":1,\"name\":\"Home\",\"item\":\"https:\/\/qingdaohf.com\/\"},{\"@type\":\"ListItem\",\"position\":2,\"name\":\"Concrete Forming Accessories and Rigging Hardware\",\"item\":\"https:\/\/qingdaohf.com\/bg\/?page_id=944\"},{\"@type\":\"ListItem\",\"position\":3,\"name\":\"Tractor Bucket Grab Hook\"}]},{\"@type\":\"WebSite\",\"@id\":\"https:\/\/qingdaohf.com\/bg\/#website\",\"url\":\"https:\/\/qingdaohf.com\/bg\/\",\"name\":\"Concrete Form & Rigging Hardware Supplier\",\"description\":\"\",\"publisher\":{\"@id\":\"https:\/\/qingdaohf.com\/bg\/#organization\"},\"potentialAction\":[{\"@type\":\"SearchAction\",\"target\":{\"@type\":\"EntryPoint\",\"urlTemplate\":\"https:\/\/qingdaohf.com\/bg\/?s={search_term_string}\"},\"query-input\":{\"@type\":\"PropertyValueSpecification\",\"valueRequired\":true,\"valueName\":\"search_term_string\"}}],\"inLanguage\":\"hu\"},{\"@type\":\"Organization\",\"@id\":\"https:\/\/qingdaohf.com\/bg\/#organization\",\"name\":\"Qingdao H&F\",\"url\":\"https:\/\/qingdaohf.com\/bg\/\",\"logo\":{\"@type\":\"ImageObject\",\"inLanguage\":\"hu\",\"@id\":\"https:\/\/qingdaohf.com\/bg\/#\/schema\/logo\/image\/\",\"url\":\"https:\/\/qingdaohf.com\/wp-content\/uploads\/2022\/12\/cropped-HF-LOGO.png\",\"contentUrl\":\"https:\/\/qingdaohf.com\/wp-content\/uploads\/2022\/12\/cropped-HF-LOGO.png\",\"width\":391,\"height\":249,\"caption\":\"Qingdao H&F\"},\"image\":{\"@id\":\"https:\/\/qingdaohf.com\/bg\/#\/schema\/logo\/image\/\"},\"sameAs\":[\"https:\/\/www.facebook.com\/qingdaohf\"]}]}<\/script>\n<!-- \/ Yoast SEO plugin. -->","yoast_head_json":{"title":"Tractor Bucket Grab Hook","description":"The Tractor Bucket Grab Hook is a specialized attachment designed for tractors and other heavy machinery with front-end loaders or buckets.","robots":{"index":"index","follow":"follow","max-snippet":"max-snippet:-1","max-image-preview":"max-image-preview:large","max-video-preview":"max-video-preview:-1"},"canonical":"https:\/\/qingdaohf.com\/hu\/termek\/traktorkanal-markolohorog\/","og_locale":"hu_HU","og_type":"article","og_title":"Tractor Bucket Grab Hook","og_description":"The Tractor Bucket Grab Hook is a specialized attachment designed for tractors and other heavy machinery with front-end loaders or buckets.","og_url":"https:\/\/qingdaohf.com\/hu\/termek\/traktorkanal-markolohorog\/","og_site_name":"Concrete Form &amp; Rigging Hardware Supplier","article_publisher":"https:\/\/www.facebook.com\/qingdaohf","article_modified_time":"2025-11-13T01:04:24+00:00","og_image":[{"width":1000,"height":1000,"url":"https:\/\/qingdaohf.com\/wp-content\/uploads\/2023\/05\/grab-hook-19.jpg","type":"image\/jpeg"}],"twitter_card":"summary_large_image","twitter_misc":{"Becs\u00fclt olvas\u00e1si id\u0151":"1 perc"},"schema":{"@context":"https:\/\/schema.org","@graph":[{"@type":"WebPage","@id":"https:\/\/qingdaohf.com\/product\/tractor-bucket-grab-hook\/","url":"https:\/\/qingdaohf.com\/product\/tractor-bucket-grab-hook\/","name":"Tractor Bucket Grab Hook","isPartOf":{"@id":"https:\/\/qingdaohf.com\/bg\/#website"},"primaryImageOfPage":{"@id":"https:\/\/qingdaohf.com\/product\/tractor-bucket-grab-hook\/#primaryimage"},"image":{"@id":"https:\/\/qingdaohf.com\/product\/tractor-bucket-grab-hook\/#primaryimage"},"thumbnailUrl":"https:\/\/qingdaohf.com\/wp-content\/uploads\/2023\/05\/grab-hook-19.jpg","datePublished":"2023-05-26T09:24:47+00:00","dateModified":"2025-11-13T01:04:24+00:00","description":"The Tractor Bucket Grab Hook is a specialized attachment designed for tractors and other heavy machinery with front-end loaders or buckets.","breadcrumb":{"@id":"https:\/\/qingdaohf.com\/product\/tractor-bucket-grab-hook\/#breadcrumb"},"inLanguage":"hu","potentialAction":[{"@type":"ReadAction","target":["https:\/\/qingdaohf.com\/product\/tractor-bucket-grab-hook\/"]}]},{"@type":"ImageObject","inLanguage":"hu","@id":"https:\/\/qingdaohf.com\/product\/tractor-bucket-grab-hook\/#primaryimage","url":"https:\/\/qingdaohf.com\/wp-content\/uploads\/2023\/05\/grab-hook-19.jpg","contentUrl":"https:\/\/qingdaohf.com\/wp-content\/uploads\/2023\/05\/grab-hook-19.jpg","width":1000,"height":1000,"caption":"grab hook"},{"@type":"BreadcrumbList","@id":"https:\/\/qingdaohf.com\/product\/tractor-bucket-grab-hook\/#breadcrumb","itemListElement":[{"@type":"ListItem","position":1,"name":"Home","item":"https:\/\/qingdaohf.com\/"},{"@type":"ListItem","position":2,"name":"Concrete Forming Accessories and Rigging Hardware","item":"https:\/\/qingdaohf.com\/bg\/?page_id=944"},{"@type":"ListItem","position":3,"name":"Tractor Bucket Grab Hook"}]},{"@type":"WebSite","@id":"https:\/\/qingdaohf.com\/bg\/#website","url":"https:\/\/qingdaohf.com\/bg\/","name":"Concrete Form & Rigging Hardware Supplier","description":"","publisher":{"@id":"https:\/\/qingdaohf.com\/bg\/#organization"},"potentialAction":[{"@type":"SearchAction","target":{"@type":"EntryPoint","urlTemplate":"https:\/\/qingdaohf.com\/bg\/?s={search_term_string}"},"query-input":{"@type":"PropertyValueSpecification","valueRequired":true,"valueName":"search_term_string"}}],"inLanguage":"hu"},{"@type":"Organization","@id":"https:\/\/qingdaohf.com\/bg\/#organization","name":"Qingdao H&F","url":"https:\/\/qingdaohf.com\/bg\/","logo":{"@type":"ImageObject","inLanguage":"hu","@id":"https:\/\/qingdaohf.com\/bg\/#\/schema\/logo\/image\/","url":"https:\/\/qingdaohf.com\/wp-content\/uploads\/2022\/12\/cropped-HF-LOGO.png","contentUrl":"https:\/\/qingdaohf.com\/wp-content\/uploads\/2022\/12\/cropped-HF-LOGO.png","width":391,"height":249,"caption":"Qingdao H&F"},"image":{"@id":"https:\/\/qingdaohf.com\/bg\/#\/schema\/logo\/image\/"},"sameAs":["https:\/\/www.facebook.com\/qingdaohf"]}]}},"_links":{"self":[{"href":"https:\/\/qingdaohf.com\/hu\/wp-json\/wp\/v2\/product\/4124","targetHints":{"allow":["GET"]}}],"collection":[{"href":"https:\/\/qingdaohf.com\/hu\/wp-json\/wp\/v2\/product"}],"about":[{"href":"https:\/\/qingdaohf.com\/hu\/wp-json\/wp\/v2\/types\/product"}],"replies":[{"embeddable":true,"href":"https:\/\/qingdaohf.com\/hu\/wp-json\/wp\/v2\/comments?post=4124"}],"version-history":[{"count":1,"href":"https:\/\/qingdaohf.com\/hu\/wp-json\/wp\/v2\/product\/4124\/revisions"}],"predecessor-version":[{"id":10424,"href":"https:\/\/qingdaohf.com\/hu\/wp-json\/wp\/v2\/product\/4124\/revisions\/10424"}],"wp:featuredmedia":[{"embeddable":true,"href":"https:\/\/qingdaohf.com\/hu\/wp-json\/wp\/v2\/media\/4128"}],"wp:attachment":[{"href":"https:\/\/qingdaohf.com\/hu\/wp-json\/wp\/v2\/media?parent=4124"}],"wp:term":[{"taxonomy":"product_brand","embeddable":true,"href":"https:\/\/qingdaohf.com\/hu\/wp-json\/wp\/v2\/product_brand?post=4124"},{"taxonomy":"product_cat","embeddable":true,"href":"https:\/\/qingdaohf.com\/hu\/wp-json\/wp\/v2\/product_cat?post=4124"},{"taxonomy":"product_tag","embeddable":true,"href":"https:\/\/qingdaohf.com\/hu\/wp-json\/wp\/v2\/product_tag?post=4124"}],"curies":[{"name":"wp","href":"https:\/\/api.w.org\/{rel}","templated":true}]}}