{"id":4194,"date":"2023-05-29T14:50:07","date_gmt":"2023-05-29T06:50:07","guid":{"rendered":"http:\/\/qingdaohf.com\/?post_type=product&#038;p=4194"},"modified":"2025-11-13T09:04:23","modified_gmt":"2025-11-13T01:04:23","slug":"clevis-slip-hook","status":"publish","type":"product","link":"https:\/\/qingdaohf.com\/hu\/termek\/csuszohorog\/","title":{"rendered":"Clevis cs\u00fasz\u00f3kamp\u00f3"},"content":{"rendered":"<p>A cs\u00fasz\u00f3kamp\u00f3 egy U alak\u00fa vill\u00e1skulcsb\u00f3l \u00e1ll, amelynek nyitott v\u00e9g\u00e9n egy lyuk vagy ny\u00edl\u00e1s van, \u00e9s egy kamp\u00f3, amely a vill\u00e1skulcshoz csatlakozik. Az \u00f6nz\u00e1r\u00f3 horogt\u00f3l elt\u00e9r\u0151en a cs\u00fasz\u00f3kamp\u00f3 nem rendelkezik reteszel\u0151 vagy reteszel\u0151 mechanizmussal. Ehelyett egy kivehet\u0151 reteszcsap vagy egy vill\u00e1scsap tal\u00e1lhat\u00f3 rajta, amely lehet\u0151v\u00e9 teszi, hogy a horog k\u00f6nnyen \u00e1tcs\u00fasszon a vill\u00e1scsap lyuk\u00e1n vagy ny\u00edl\u00e1s\u00e1n.<\/p>\n<p>A csuk\u00f3horog egyik legf\u0151bb el\u0151nye az \u00e1ll\u00edthat\u00f3s\u00e1ga. A reteszcsap vagy a vill\u00e1scsap k\u00fcl\u00f6nb\u00f6z\u0151 lyukakon vagy ny\u00edl\u00e1sokon kereszt\u00fcl t\u00f6rt\u00e9n\u0151 behelyez\u00e9s\u00e9vel a kamp\u00f3 t\u00e9nyleges hossza be\u00e1ll\u00edthat\u00f3. Ez az \u00e1ll\u00edt\u00e1si lehet\u0151s\u00e9g rugalmass\u00e1got biztos\u00edt a k\u00fcl\u00f6nb\u00f6z\u0151 m\u00e9ret\u0171 \u00e9s konfigur\u00e1ci\u00f3j\u00fa rakom\u00e1nyok befogad\u00e1s\u00e1ban.<\/p>\n<p>A vill\u00e1s cs\u00fasz\u00f3horgot \u00e1ltal\u00e1ban olyan alkalmaz\u00e1sokban haszn\u00e1lj\u00e1k, ahol a terhek gyors r\u00f6gz\u00edt\u00e9s\u00e9re \u00e9s lev\u00e1laszt\u00e1s\u00e1ra van sz\u00fcks\u00e9g, p\u00e9ld\u00e1ul anyagmozgat\u00e1s, vontat\u00e1s vagy k\u00f6t\u00e9lzet\u00e9p\u00edt\u00e9s sor\u00e1n. Er\u0151s \u00e9s megb\u00edzhat\u00f3 kapcsolatot biztos\u00edt, mik\u00f6zben lehet\u0151v\u00e9 teszi a hat\u00e9kony rakom\u00e1nykezel\u00e9st. A horog alakja \u00e9s kialak\u00edt\u00e1sa megakad\u00e1lyozza, hogy a teher v\u00e9letlen\u00fcl lecs\u00fasszon r\u00f3la emel\u00e9s vagy mozg\u00e1s k\u00f6zben.<\/p>\n<p>A biztons\u00e1g alapvet\u0151 fontoss\u00e1g\u00fa, amikor a vill\u00e1s cs\u00fasz\u00f3kamp\u00f3kat haszn\u00e1ljuk. Alapvet\u0151 fontoss\u00e1g\u00fa annak biztos\u00edt\u00e1sa, hogy a reteszcsap vagy a vill\u00e1scsap megfelel\u0151en legyen behelyezve \u00e9s r\u00f6gz\u00edtve a vill\u00e1scsap megfelel\u0151 furat\u00e1n vagy ny\u00edl\u00e1s\u00e1n kereszt\u00fcl. A kamp\u00f3 rendszeres ellen\u0151rz\u00e9se \u00e9s karbantart\u00e1sa sz\u00fcks\u00e9ges a kop\u00e1s, s\u00e9r\u00fcl\u00e9s vagy deform\u00e1ci\u00f3 minden olyan jel\u00e9nek \u00e9szlel\u00e9se \u00e9rdek\u00e9ben, amely vesz\u00e9lyeztetheti a kamp\u00f3 szil\u00e1rds\u00e1g\u00e1t \u00e9s integrit\u00e1s\u00e1t. A s\u00e9r\u00fclt vagy elhaszn\u00e1l\u00f3dott bilincses cs\u00fasz\u00f3kamp\u00f3kat a biztons\u00e1gos munkak\u00f6rnyezet fenntart\u00e1sa \u00e9rdek\u00e9ben azonnal ki kell cser\u00e9lni.<\/p>","protected":false},"excerpt":{"rendered":"<p>A csuk\u00f3horog egy olyan horogt\u00edpus, amelyet \u00e1ltal\u00e1ban emel\u0151- \u00e9s k\u00f6t\u00e9lzeti alkalmaz\u00e1sokban haszn\u00e1lnak. \u00dagy tervezt\u00e9k, hogy biztons\u00e1gos \u00e9s \u00e1ll\u00edthat\u00f3 kapcsolatot biztos\u00edtson a terhek l\u00e1ncokhoz, k\u00f6telekhez vagy m\u00e1s k\u00f6t\u00e9lzetelemekhez val\u00f3 r\u00f6gz\u00edt\u00e9s\u00e9hez.<\/p>","protected":false},"featured_media":4196,"comment_status":"open","ping_status":"closed","template":"","meta":{"site-sidebar-layout":"default","site-content-layout":"default","ast-site-content-layout":"default","site-content-style":"default","site-sidebar-style":"default","ast-global-header-display":"","ast-banner-title-visibility":"","ast-main-header-display":"","ast-hfb-above-header-display":"","ast-hfb-below-header-display":"","ast-hfb-mobile-header-display":"","site-post-title":"","ast-breadcrumbs-content":"","ast-featured-img":"","footer-sml-layout":"","theme-transparent-header-meta":"default","adv-header-id-meta":"","stick-header-meta":"default","header-above-stick-meta":"","header-main-stick-meta":"","header-below-stick-meta":"","astra-migrate-meta-layouts":"set","ast-page-background-enabled":"default","ast-page-background-meta":{"desktop":{"background-color":"","background-image":"","background-repeat":"repeat","background-position":"center center","background-size":"auto","background-attachment":"scroll","background-type":"","background-media":"","overlay-type":"","overlay-color":"","overlay-opacity":"","overlay-gradient":""},"tablet":{"background-color":"","background-image":"","background-repeat":"repeat","background-position":"center center","background-size":"auto","background-attachment":"scroll","background-type":"","background-media":"","overlay-type":"","overlay-color":"","overlay-opacity":"","overlay-gradient":""},"mobile":{"background-color":"","background-image":"","background-repeat":"repeat","background-position":"center center","background-size":"auto","background-attachment":"scroll","background-type":"","background-media":"","overlay-type":"","overlay-color":"","overlay-opacity":"","overlay-gradient":""}},"ast-content-background-meta":{"desktop":{"background-color":"var(--ast-global-color-5)","background-image":"","background-repeat":"repeat","background-position":"center center","background-size":"auto","background-attachment":"scroll","background-type":"","background-media":"","overlay-type":"","overlay-color":"","overlay-opacity":"","overlay-gradient":""},"tablet":{"background-color":"var(--ast-global-color-5)","background-image":"","background-repeat":"repeat","background-position":"center center","background-size":"auto","background-attachment":"scroll","background-type":"","background-media":"","overlay-type":"","overlay-color":"","overlay-opacity":"","overlay-gradient":""},"mobile":{"background-color":"var(--ast-global-color-5)","background-image":"","background-repeat":"repeat","background-position":"center center","background-size":"auto","background-attachment":"scroll","background-type":"","background-media":"","overlay-type":"","overlay-color":"","overlay-opacity":"","overlay-gradient":""}}},"product_brand":[],"product_cat":[57,43],"product_tag":[],"class_list":{"0":"post-4194","1":"product","2":"type-product","3":"status-publish","4":"has-post-thumbnail","6":"product_cat-sling-hook","7":"product_cat-rigging-hardware","8":"desktop-align-left","9":"tablet-align-left","10":"mobile-align-left","11":"ast-product-gallery-layout-horizontal-slider","12":"ast-product-tabs-layout-horizontal","14":"first","15":"instock","16":"shipping-taxable","17":"purchasable","18":"product-type-simple"},"yoast_head":"<!-- This site is optimized with the Yoast SEO plugin v25.2 - https:\/\/yoast.com\/wordpress\/plugins\/seo\/ -->\n<title>Clevis Slip Hook<\/title>\n<meta name=\"description\" content=\"The clevis slip hook is a type of hook commonly used in lifting and rigging applications.\" \/>\n<meta name=\"robots\" content=\"index, follow, max-snippet:-1, max-image-preview:large, max-video-preview:-1\" \/>\n<link rel=\"canonical\" href=\"https:\/\/qingdaohf.com\/hu\/termek\/csuszohorog\/\" \/>\n<meta property=\"og:locale\" content=\"hu_HU\" \/>\n<meta property=\"og:type\" content=\"article\" \/>\n<meta property=\"og:title\" content=\"Clevis Slip Hook\" \/>\n<meta property=\"og:description\" content=\"The clevis slip hook is a type of hook commonly used in lifting and rigging applications.\" \/>\n<meta property=\"og:url\" content=\"https:\/\/qingdaohf.com\/hu\/termek\/csuszohorog\/\" \/>\n<meta property=\"og:site_name\" content=\"Concrete Form &amp; Rigging Hardware Supplier\" \/>\n<meta property=\"article:publisher\" content=\"https:\/\/www.facebook.com\/qingdaohf\" \/>\n<meta property=\"article:modified_time\" content=\"2025-11-13T01:04:23+00:00\" \/>\n<meta property=\"og:image\" content=\"https:\/\/qingdaohf.com\/wp-content\/uploads\/2023\/05\/Clevis-Slip-Hook-13.jpg\" \/>\n\t<meta property=\"og:image:width\" content=\"1000\" \/>\n\t<meta property=\"og:image:height\" content=\"1000\" \/>\n\t<meta property=\"og:image:type\" content=\"image\/jpeg\" \/>\n<meta name=\"twitter:card\" content=\"summary_large_image\" \/>\n<meta name=\"twitter:label1\" content=\"Becs\u00fclt olvas\u00e1si id\u0151\" \/>\n\t<meta name=\"twitter:data1\" content=\"2 perc\" \/>\n<script type=\"application\/ld+json\" class=\"yoast-schema-graph\">{\"@context\":\"https:\/\/schema.org\",\"@graph\":[{\"@type\":\"WebPage\",\"@id\":\"https:\/\/qingdaohf.com\/product\/clevis-slip-hook\/\",\"url\":\"https:\/\/qingdaohf.com\/product\/clevis-slip-hook\/\",\"name\":\"Clevis Slip Hook\",\"isPartOf\":{\"@id\":\"https:\/\/qingdaohf.com\/bg\/#website\"},\"primaryImageOfPage\":{\"@id\":\"https:\/\/qingdaohf.com\/product\/clevis-slip-hook\/#primaryimage\"},\"image\":{\"@id\":\"https:\/\/qingdaohf.com\/product\/clevis-slip-hook\/#primaryimage\"},\"thumbnailUrl\":\"https:\/\/qingdaohf.com\/wp-content\/uploads\/2023\/05\/Clevis-Slip-Hook-13.jpg\",\"datePublished\":\"2023-05-29T06:50:07+00:00\",\"dateModified\":\"2025-11-13T01:04:23+00:00\",\"description\":\"The clevis slip hook is a type of hook commonly used in lifting and rigging applications.\",\"breadcrumb\":{\"@id\":\"https:\/\/qingdaohf.com\/product\/clevis-slip-hook\/#breadcrumb\"},\"inLanguage\":\"hu\",\"potentialAction\":[{\"@type\":\"ReadAction\",\"target\":[\"https:\/\/qingdaohf.com\/product\/clevis-slip-hook\/\"]}]},{\"@type\":\"ImageObject\",\"inLanguage\":\"hu\",\"@id\":\"https:\/\/qingdaohf.com\/product\/clevis-slip-hook\/#primaryimage\",\"url\":\"https:\/\/qingdaohf.com\/wp-content\/uploads\/2023\/05\/Clevis-Slip-Hook-13.jpg\",\"contentUrl\":\"https:\/\/qingdaohf.com\/wp-content\/uploads\/2023\/05\/Clevis-Slip-Hook-13.jpg\",\"width\":1000,\"height\":1000,\"caption\":\"Clevis Slip Hook\"},{\"@type\":\"BreadcrumbList\",\"@id\":\"https:\/\/qingdaohf.com\/product\/clevis-slip-hook\/#breadcrumb\",\"itemListElement\":[{\"@type\":\"ListItem\",\"position\":1,\"name\":\"Home\",\"item\":\"https:\/\/qingdaohf.com\/\"},{\"@type\":\"ListItem\",\"position\":2,\"name\":\"Concrete Forming Accessories and Rigging Hardware\",\"item\":\"https:\/\/qingdaohf.com\/bg\/?page_id=944\"},{\"@type\":\"ListItem\",\"position\":3,\"name\":\"Clevis Slip Hook\"}]},{\"@type\":\"WebSite\",\"@id\":\"https:\/\/qingdaohf.com\/bg\/#website\",\"url\":\"https:\/\/qingdaohf.com\/bg\/\",\"name\":\"Concrete Form & Rigging Hardware Supplier\",\"description\":\"\",\"publisher\":{\"@id\":\"https:\/\/qingdaohf.com\/bg\/#organization\"},\"potentialAction\":[{\"@type\":\"SearchAction\",\"target\":{\"@type\":\"EntryPoint\",\"urlTemplate\":\"https:\/\/qingdaohf.com\/bg\/?s={search_term_string}\"},\"query-input\":{\"@type\":\"PropertyValueSpecification\",\"valueRequired\":true,\"valueName\":\"search_term_string\"}}],\"inLanguage\":\"hu\"},{\"@type\":\"Organization\",\"@id\":\"https:\/\/qingdaohf.com\/bg\/#organization\",\"name\":\"Qingdao H&F\",\"url\":\"https:\/\/qingdaohf.com\/bg\/\",\"logo\":{\"@type\":\"ImageObject\",\"inLanguage\":\"hu\",\"@id\":\"https:\/\/qingdaohf.com\/bg\/#\/schema\/logo\/image\/\",\"url\":\"https:\/\/qingdaohf.com\/wp-content\/uploads\/2022\/12\/cropped-HF-LOGO.png\",\"contentUrl\":\"https:\/\/qingdaohf.com\/wp-content\/uploads\/2022\/12\/cropped-HF-LOGO.png\",\"width\":391,\"height\":249,\"caption\":\"Qingdao H&F\"},\"image\":{\"@id\":\"https:\/\/qingdaohf.com\/bg\/#\/schema\/logo\/image\/\"},\"sameAs\":[\"https:\/\/www.facebook.com\/qingdaohf\"]}]}<\/script>\n<!-- \/ Yoast SEO plugin. -->","yoast_head_json":{"title":"Clevis Slip Hook","description":"The clevis slip hook is a type of hook commonly used in lifting and rigging applications.","robots":{"index":"index","follow":"follow","max-snippet":"max-snippet:-1","max-image-preview":"max-image-preview:large","max-video-preview":"max-video-preview:-1"},"canonical":"https:\/\/qingdaohf.com\/hu\/termek\/csuszohorog\/","og_locale":"hu_HU","og_type":"article","og_title":"Clevis Slip Hook","og_description":"The clevis slip hook is a type of hook commonly used in lifting and rigging applications.","og_url":"https:\/\/qingdaohf.com\/hu\/termek\/csuszohorog\/","og_site_name":"Concrete Form &amp; Rigging Hardware Supplier","article_publisher":"https:\/\/www.facebook.com\/qingdaohf","article_modified_time":"2025-11-13T01:04:23+00:00","og_image":[{"width":1000,"height":1000,"url":"https:\/\/qingdaohf.com\/wp-content\/uploads\/2023\/05\/Clevis-Slip-Hook-13.jpg","type":"image\/jpeg"}],"twitter_card":"summary_large_image","twitter_misc":{"Becs\u00fclt olvas\u00e1si id\u0151":"2 perc"},"schema":{"@context":"https:\/\/schema.org","@graph":[{"@type":"WebPage","@id":"https:\/\/qingdaohf.com\/product\/clevis-slip-hook\/","url":"https:\/\/qingdaohf.com\/product\/clevis-slip-hook\/","name":"Clevis Slip Hook","isPartOf":{"@id":"https:\/\/qingdaohf.com\/bg\/#website"},"primaryImageOfPage":{"@id":"https:\/\/qingdaohf.com\/product\/clevis-slip-hook\/#primaryimage"},"image":{"@id":"https:\/\/qingdaohf.com\/product\/clevis-slip-hook\/#primaryimage"},"thumbnailUrl":"https:\/\/qingdaohf.com\/wp-content\/uploads\/2023\/05\/Clevis-Slip-Hook-13.jpg","datePublished":"2023-05-29T06:50:07+00:00","dateModified":"2025-11-13T01:04:23+00:00","description":"The clevis slip hook is a type of hook commonly used in lifting and rigging applications.","breadcrumb":{"@id":"https:\/\/qingdaohf.com\/product\/clevis-slip-hook\/#breadcrumb"},"inLanguage":"hu","potentialAction":[{"@type":"ReadAction","target":["https:\/\/qingdaohf.com\/product\/clevis-slip-hook\/"]}]},{"@type":"ImageObject","inLanguage":"hu","@id":"https:\/\/qingdaohf.com\/product\/clevis-slip-hook\/#primaryimage","url":"https:\/\/qingdaohf.com\/wp-content\/uploads\/2023\/05\/Clevis-Slip-Hook-13.jpg","contentUrl":"https:\/\/qingdaohf.com\/wp-content\/uploads\/2023\/05\/Clevis-Slip-Hook-13.jpg","width":1000,"height":1000,"caption":"Clevis Slip Hook"},{"@type":"BreadcrumbList","@id":"https:\/\/qingdaohf.com\/product\/clevis-slip-hook\/#breadcrumb","itemListElement":[{"@type":"ListItem","position":1,"name":"Home","item":"https:\/\/qingdaohf.com\/"},{"@type":"ListItem","position":2,"name":"Concrete Forming Accessories and Rigging Hardware","item":"https:\/\/qingdaohf.com\/bg\/?page_id=944"},{"@type":"ListItem","position":3,"name":"Clevis Slip Hook"}]},{"@type":"WebSite","@id":"https:\/\/qingdaohf.com\/bg\/#website","url":"https:\/\/qingdaohf.com\/bg\/","name":"Concrete Form & Rigging Hardware Supplier","description":"","publisher":{"@id":"https:\/\/qingdaohf.com\/bg\/#organization"},"potentialAction":[{"@type":"SearchAction","target":{"@type":"EntryPoint","urlTemplate":"https:\/\/qingdaohf.com\/bg\/?s={search_term_string}"},"query-input":{"@type":"PropertyValueSpecification","valueRequired":true,"valueName":"search_term_string"}}],"inLanguage":"hu"},{"@type":"Organization","@id":"https:\/\/qingdaohf.com\/bg\/#organization","name":"Qingdao H&F","url":"https:\/\/qingdaohf.com\/bg\/","logo":{"@type":"ImageObject","inLanguage":"hu","@id":"https:\/\/qingdaohf.com\/bg\/#\/schema\/logo\/image\/","url":"https:\/\/qingdaohf.com\/wp-content\/uploads\/2022\/12\/cropped-HF-LOGO.png","contentUrl":"https:\/\/qingdaohf.com\/wp-content\/uploads\/2022\/12\/cropped-HF-LOGO.png","width":391,"height":249,"caption":"Qingdao H&F"},"image":{"@id":"https:\/\/qingdaohf.com\/bg\/#\/schema\/logo\/image\/"},"sameAs":["https:\/\/www.facebook.com\/qingdaohf"]}]}},"_links":{"self":[{"href":"https:\/\/qingdaohf.com\/hu\/wp-json\/wp\/v2\/product\/4194","targetHints":{"allow":["GET"]}}],"collection":[{"href":"https:\/\/qingdaohf.com\/hu\/wp-json\/wp\/v2\/product"}],"about":[{"href":"https:\/\/qingdaohf.com\/hu\/wp-json\/wp\/v2\/types\/product"}],"replies":[{"embeddable":true,"href":"https:\/\/qingdaohf.com\/hu\/wp-json\/wp\/v2\/comments?post=4194"}],"version-history":[{"count":2,"href":"https:\/\/qingdaohf.com\/hu\/wp-json\/wp\/v2\/product\/4194\/revisions"}],"predecessor-version":[{"id":9539,"href":"https:\/\/qingdaohf.com\/hu\/wp-json\/wp\/v2\/product\/4194\/revisions\/9539"}],"wp:featuredmedia":[{"embeddable":true,"href":"https:\/\/qingdaohf.com\/hu\/wp-json\/wp\/v2\/media\/4196"}],"wp:attachment":[{"href":"https:\/\/qingdaohf.com\/hu\/wp-json\/wp\/v2\/media?parent=4194"}],"wp:term":[{"taxonomy":"product_brand","embeddable":true,"href":"https:\/\/qingdaohf.com\/hu\/wp-json\/wp\/v2\/product_brand?post=4194"},{"taxonomy":"product_cat","embeddable":true,"href":"https:\/\/qingdaohf.com\/hu\/wp-json\/wp\/v2\/product_cat?post=4194"},{"taxonomy":"product_tag","embeddable":true,"href":"https:\/\/qingdaohf.com\/hu\/wp-json\/wp\/v2\/product_tag?post=4194"}],"curies":[{"name":"wp","href":"https:\/\/api.w.org\/{rel}","templated":true}]}}