{"id":4232,"date":"2023-05-29T16:48:33","date_gmt":"2023-05-29T08:48:33","guid":{"rendered":"http:\/\/qingdaohf.com\/?post_type=product&#038;p=4232"},"modified":"2025-11-13T09:04:21","modified_gmt":"2025-11-13T01:04:21","slug":"eye-bolts","status":"publish","type":"product","link":"https:\/\/qingdaohf.com\/hu\/termek\/szemescsavarok\/","title":{"rendered":"Emel\u0151szem csavar DIN580 sz\u00e9nac\u00e9l horganyzott"},"content":{"rendered":"<div class=\"ast-oembed-container\" style=\"height: 100%;\"><iframe title=\"Szemanya \u00e9s szemcsavar\" width=\"500\" height=\"281\" src=\"https:\/\/www.youtube.com\/embed\/Cjopwi1wX3I?feature=oembed\" frameborder=\"0\" allow=\"accelerometer; autoplay; clipboard-write; encrypted-media; gyroscope; picture-in-picture; web-share\" referrerpolicy=\"strict-origin-when-cross-origin\" allowfullscreen><\/iframe><\/div>\n<h2 class=\"text-2xl font-bold mt-1 text-text-200\">Horganyzott szemcsavarok: Ahol a tart\u00f3ss\u00e1g tal\u00e1lkozik a teljes\u00edtm\u00e9nnyel<\/h2>\n<p class=\"whitespace-pre-wrap break-words\">Megb\u00edzhat\u00f3 hardvert keres, amely ellen\u00e1ll a zord k\u00fclt\u00e9ri k\u00f6r\u00fclm\u00e9nyeknek? A horganyzott szemescsavarok lehetnek pontosan azok, amelyekre sz\u00fcks\u00e9ge van. Ezek a robusztus k\u00f6t\u0151elemek vil\u00e1gszerte h\u00edrnevet szereztek az \u00e9p\u00edtkez\u00e9seken, haj\u00f3gy\u00e1rakban \u00e9s ipari l\u00e9tes\u00edtm\u00e9nyekben. A hossz\u00fa \u00e9lettartamuk titka? A v\u00e9d\u0151 cinkbevonat, amely megv\u00e9di az ac\u00e9lmagot a rozsd\u00e1t\u00f3l \u00e9s a korr\u00f3zi\u00f3t\u00f3l. Olvasson tov\u00e1bb, \u00e9s fedezze fel e sokoldal\u00fa k\u00f6t\u0151elemek m\u00e9retez\u00e9si lehet\u0151s\u00e9geit\u0151l kezdve a gyakorlati alkalmaz\u00e1sokig mindent.<\/p>\n<p><img fetchpriority=\"high\" decoding=\"async\" class=\"alignnone wp-image-8959 size-full\" src=\"http:\/\/qingdaohf.com\/wp-content\/uploads\/2025\/02\/eye-bolt-4.webp\" alt=\"szemes csavar\" width=\"1920\" height=\"1080\" srcset=\"https:\/\/qingdaohf.com\/wp-content\/uploads\/2025\/02\/eye-bolt-4.webp 1920w, https:\/\/qingdaohf.com\/wp-content\/uploads\/2025\/02\/eye-bolt-4-300x169.webp 300w, https:\/\/qingdaohf.com\/wp-content\/uploads\/2025\/02\/eye-bolt-4-1024x576.webp 1024w, https:\/\/qingdaohf.com\/wp-content\/uploads\/2025\/02\/eye-bolt-4-768x432.webp 768w, https:\/\/qingdaohf.com\/wp-content\/uploads\/2025\/02\/eye-bolt-4-1536x864.webp 1536w, https:\/\/qingdaohf.com\/wp-content\/uploads\/2025\/02\/eye-bolt-4-18x10.webp 18w, https:\/\/qingdaohf.com\/wp-content\/uploads\/2025\/02\/eye-bolt-4-1000x563.webp 1000w\" sizes=\"(max-width: 1920px) 100vw, 1920px\" \/><\/p>\n<h2 class=\"text-xl font-bold text-text-200 mt-1 -mb-0.5\">A horganyzott szemcsavarok esete<\/h2>\n<p class=\"whitespace-pre-wrap break-words\">Ezek nem k\u00f6z\u00f6ns\u00e9ges k\u00f6t\u0151elemek. A horganyzott szemescsavarok kiv\u00e9teles szil\u00e1rds\u00e1got \u00e9s figyelemre m\u00e9lt\u00f3 megb\u00edzhat\u00f3s\u00e1got \u00f6tv\u00f6znek. A cinkbevon\u00e1si elj\u00e1r\u00e1s a hagyom\u00e1nyos ac\u00e9lcsavarokat korr\u00f3zi\u00f3\u00e1ll\u00f3 er\u0151m\u0171vekk\u00e9 alak\u00edtja \u00e1t, amelyek nevetnek a nedvess\u00e9g, a s\u00f3s permet \u00e9s a zord id\u0151j\u00e1r\u00e1s ellen\u00e9re is. Ez teszi \u0151ket n\u00e9lk\u00fcl\u00f6zhetetlenn\u00e9 a tengeri berendez\u00e9sek, az \u00e9p\u00edt\u00e9si projektek \u00e9s a neh\u00e9z emel\u00e9si m\u0171veletek eset\u00e9ben.<\/p>\n<p class=\"whitespace-pre-wrap break-words\">A bevon\u00e1si folyamat k\u00fcl\u00f6n\u00f6sen okos - a cink nem csak \u00fagy ott \u00fcl, \u00e9s sz\u00e9pen n\u00e9z ki. Akt\u00edvan fel\u00e1ldozza mag\u00e1t, hogy megv\u00e9dje az alatta l\u00e9v\u0151 ac\u00e9lt, ami k\u00fcl\u00f6n\u00f6sen fontos a tengerparti ter\u00fcleteken, ahol a s\u00f3s leveg\u0151 pillanatok alatt felem\u00e9szti a gyeng\u00e9bb anyagokat. Ez\u00e9rt esk\u00fcsznek a haj\u00f3gy\u00e1rak \u00e9s az \u00f3ce\u00e1nparti \u00e9p\u00edtkez\u00e9sek ezekre a k\u00f6t\u0151elemekre.<\/p>\n<p class=\"whitespace-pre-wrap break-words\">Kereskedelmi v\u00e1llalatunk kiz\u00e1r\u00f3lag pr\u00e9mium min\u0151s\u00e9g\u0171 horganyzott szemescsavarokat tart rakt\u00e1ron, amelyek megfelelnek a szigor\u00fa min\u0151s\u00e9gi el\u0151\u00edr\u00e1soknak. A prec\u00edzi\u00f3s munk\u00e1khoz val\u00f3 apr\u00f3 M2-es csavarokt\u00f3l a komoly terhel\u00e9st elb\u00edr\u00f3, er\u0151s M24-es v\u00e1ltozatokig mindenre van v\u00e1laszt\u00e9kunk. Nem tudja, melyik m\u00e9ret illik az \u00d6n projektj\u00e9hez? Szakembereink seg\u00edtenek \u00d6nnek a megfelel\u0151 v\u00e1laszt\u00e1s meghozatal\u00e1ban.<\/p>\n<p><img decoding=\"async\" class=\"alignnone size-full wp-image-4672\" src=\"http:\/\/qingdaohf.com\/wp-content\/uploads\/2023\/05\/eye-bolt-eye-nut.jpg\" alt=\"Lifting_eye_ csavarok\" width=\"1090\" height=\"725\" srcset=\"https:\/\/qingdaohf.com\/wp-content\/uploads\/2023\/05\/eye-bolt-eye-nut.jpg 1090w, https:\/\/qingdaohf.com\/wp-content\/uploads\/2023\/05\/eye-bolt-eye-nut-300x200.jpg 300w, https:\/\/qingdaohf.com\/wp-content\/uploads\/2023\/05\/eye-bolt-eye-nut-1024x681.jpg 1024w, https:\/\/qingdaohf.com\/wp-content\/uploads\/2023\/05\/eye-bolt-eye-nut-768x511.jpg 768w, https:\/\/qingdaohf.com\/wp-content\/uploads\/2023\/05\/eye-bolt-eye-nut-1000x665.jpg 1000w\" sizes=\"(max-width: 1090px) 100vw, 1090px\" \/><\/p>\n<h2 class=\"text-xl font-bold text-text-200 mt-1 -mb-0.5\">Horganyzott vs. rozsdamentes ac\u00e9l szemcsavarok: Gyakorlati \u00f6sszehasonl\u00edt\u00e1s<\/h2>\n<h3 class=\"text-lg font-bold text-text-200 mt-1 -mb-1.5\">Korr\u00f3zi\u00f3 elleni v\u00e9delem<\/h3>\n<ul class=\"[&amp;:not(:last-child)_ul]:pb-1 [&amp;:not(:last-child)_ol]:pb-1 list-disc space-y-1.5 pl-7\">\n<li class=\"whitespace-normal break-words\">A horganyzott szemcsavarok a kor\u00e1bban eml\u00edtett cinkf\u00fcrd\u0151b\u0151l kapj\u00e1k a v\u00e9delmet. A bevonat kem\u00e9ny g\u00e1tat k\u00e9pez a nedvess\u00e9ggel \u00e9s a korr\u00f3zi\u00f3s elemekkel szemben, \u00edgy t\u00f6k\u00e9letes k\u00fclt\u00e9ri \u00e9s tengeri alkalmaz\u00e1sokhoz.<\/li>\n<li class=\"whitespace-normal break-words\">A rozsdamentes ac\u00e9l szemcsavarok m\u00e1sk\u00e9pp k\u00fczdenek a korr\u00f3zi\u00f3 ellen - az \u00f6tv\u00f6zetben l\u00e9v\u0151 kr\u00f3m l\u00e1thatatlan pajzsot k\u00e9pez a rozsda ellen. K\u00fcl\u00f6n\u00f6sen j\u00f3l haszn\u00e1lhat\u00f3ak olyan alkalmaz\u00e1sokban, ahol a hardvereknek ugyanolyan j\u00f3l kell kin\u00e9zni\u00fck, mint amilyen j\u00f3l teljes\u00edtenek.<\/li>\n<\/ul>\n<h3 class=\"text-lg font-bold text-text-200 mt-1 -mb-1.5\">Sz\u00edv\u00f3ss\u00e1g \u00e9s hossz\u00fa \u00e9lettartam<\/h3>\n<ul class=\"[&amp;:not(:last-child)_ul]:pb-1 [&amp;:not(:last-child)_ol]:pb-1 list-disc space-y-1.5 pl-7\">\n<li class=\"whitespace-normal break-words\">A horganyzott v\u00e1ltozatok a legt\u00f6bb neh\u00e9z munk\u00e1hoz elegend\u0151 er\u0151t rejtenek magukban. A cinkr\u00e9teg extra rugalmass\u00e1got biztos\u00edt, ami megmagyar\u00e1zza n\u00e9pszer\u0171s\u00e9g\u00fcket az \u00e9p\u00edt\u0151iparban \u00e9s a gy\u00e1rt\u00e1sban.<\/li>\n<li class=\"whitespace-normal break-words\">A rozsdamentes ac\u00e9l m\u00e9g magasabbra teszi a l\u00e9cet, mivel kiv\u00e1l\u00f3 szil\u00e1rds\u00e1got \u00e9s kop\u00e1s\u00e1ll\u00f3s\u00e1got k\u00edn\u00e1l. A sz\u00e9ls\u0151s\u00e9ges h\u0151m\u00e9rs\u00e9kleteket is jobban kezelik, \u00edgy ig\u00e9nyes k\u00f6rnyezetekben is j\u00f3l haszn\u00e1lhat\u00f3ak.<\/li>\n<\/ul>\n<h3 class=\"text-lg font-bold text-text-200 mt-1 -mb-1.5\">Vizu\u00e1lis hat\u00e1s<\/h3>\n<ul class=\"[&amp;:not(:last-child)_ul]:pb-1 [&amp;:not(:last-child)_ol]:pb-1 list-disc space-y-1.5 pl-7\">\n<li class=\"whitespace-normal break-words\">A horganyzott csavarok praktikus, ipari kivitel\u0171ek. Nem sz\u00e9ps\u00e9gversenyt akarnak nyerni - az\u00e9rt vannak itt, hogy dolgozzanak.<\/li>\n<li class=\"whitespace-normal break-words\">A rozsdamentes ac\u00e9l egyszerre ny\u00fajt er\u0151t \u00e9s sz\u00e9ps\u00e9get. Csiszolt megjelen\u00e9s\u00fck miatt n\u00e9pszer\u0171ek olyan \u00e9p\u00edt\u00e9szeti projektekben, ahol az eszt\u00e9tika sz\u00e1m\u00edt.<\/li>\n<\/ul>\n<h3 class=\"text-lg font-bold text-text-200 mt-1 -mb-1.5\">\u00c9rt\u00e9kk\u00e9pz\u00e9s<\/h3>\n<ul class=\"[&amp;:not(:last-child)_ul]:pb-1 [&amp;:not(:last-child)_ol]:pb-1 list-disc space-y-1.5 pl-7\">\n<li class=\"whitespace-normal break-words\">A horganyzott csavarok szil\u00e1rd teljes\u00edtm\u00e9nyt ny\u00fajtanak an\u00e9lk\u00fcl, hogy a bankot megt\u00f6rn\u00e9k. Ezek az okos v\u00e1laszt\u00e1s, ha megb\u00edzhat\u00f3s\u00e1gra van sz\u00fcks\u00e9ge a k\u00f6lts\u00e9gvet\u00e9shez k\u00e9pest.<\/li>\n<li class=\"whitespace-normal break-words\">A rozsdamentes ac\u00e9lnak pr\u00e9mium \u00e1ra van, ami t\u00fckr\u00f6zi kiv\u00e1l\u00f3 tulajdons\u00e1gait. A t\u00f6bbletk\u00f6lts\u00e9g gyakran megt\u00e9r\u00fcl a maxim\u00e1lis teljes\u00edtm\u00e9nyt ig\u00e9nyl\u0151 speci\u00e1lis alkalmaz\u00e1sokban.<\/li>\n<\/ul>\n<h2 class=\"text-xl font-bold text-text-200 mt-1 -mb-0.5\">A m\u00e9ret sz\u00e1m\u00edt: M2-t\u0151l M24-ig<\/h2>\n<p class=\"whitespace-pre-wrap break-words\">K\u00edn\u00e1latunk az M2-t\u0151l az M24-ig terjed, \u00edgy garant\u00e1ltan megtal\u00e1lja a projektj\u00e9hez t\u00f6k\u00e9letesen megfelel\u0151t:<\/p>\n<p class=\"whitespace-pre-wrap break-words\">Az M2 modellek kiv\u00e1l\u00f3an kezelik a k\u00f6nny\u0171 ig\u00e9nybev\u00e9telt, ide\u00e1lisak kisebb g\u00e9pekhez \u00e9s projektekhez, ahol a finoms\u00e1g t\u00f6bbet sz\u00e1m\u00edt, mint a nyers er\u0151.<\/p>\n<p class=\"whitespace-pre-wrap break-words\">A m\u00e1sik v\u00e9g\u00e9n az M24-es v\u00e1ltozatok a csal\u00e1d neh\u00e9zs\u00faly\u00fa tagjai. Ezek a robusztus k\u00f6t\u0151elemek kiv\u00e1l\u00f3ak az \u00e9p\u00edt\u0151iparban, a neh\u00e9zg\u00e9pek kezel\u00e9s\u00e9ben \u00e9s mindenhol, ahol komoly emel\u0151er\u0151re van sz\u00fcks\u00e9g.<\/p>\n<p class=\"whitespace-pre-wrap break-words\">Ne feledje - a megfelel\u0151 m\u00e9ret kiv\u00e1laszt\u00e1sa nem csak a preferenci\u00e1kr\u00f3l sz\u00f3l, hanem a biztons\u00e1gr\u00f3l is. Csapatunk k\u00e9szen \u00e1ll arra, hogy seg\u00edtsen \u00d6nnek az \u00d6n egyedi ig\u00e9nyei alapj\u00e1n megalapozott d\u00f6nt\u00e9st hozni.<\/p>\n<h2 class=\"text-xl font-bold text-text-200 mt-1 -mb-0.5\">Tapasztalt partner<\/h2>\n<p class=\"whitespace-pre-wrap break-words\">Hisz\u00fcnk abban, hogy nem csak hardvert kell sz\u00e1ll\u00edtani. Elk\u00f6telezetts\u00e9g\u00fcnk mag\u00e1ban foglalja:<\/p>\n<p class=\"whitespace-pre-wrap break-words\">Szak\u00e9rt\u0151i \u00fatmutat\u00e1s: Szem\u00e9lyre szabott t\u00e1mogat\u00e1st kap, hogy pontosan megtal\u00e1lja, amire sz\u00fcks\u00e9ge van. Gyors sz\u00e1ll\u00edt\u00e1s: Mert a v\u00e1rakoz\u00e1s nem r\u00e9sze a projekt \u00fctemterv\u00e9nek. Szigor\u00fa tesztel\u00e9s: Minden csavar szigor\u00fa min\u0151s\u00e9gellen\u0151rz\u00e9sen megy kereszt\u00fcl, miel\u0151tt elhagyja rakt\u00e1runkat.<\/p>\n<p class=\"whitespace-pre-wrap break-words\">Ha c\u00e9g\u00fcnket v\u00e1lasztja, t\u00f6bbet kap, mint pr\u00e9mium horganyzott szemescsavarokat - egy olyan partnert nyer, aki befektet a projekt siker\u00e9be. Term\u00e9keinket \u00fagy tervezt\u00fck, hogy megb\u00edzhat\u00f3an teljes\u00edtsenek, f\u00fcggetlen\u00fcl att\u00f3l, hogy milyen kih\u00edv\u00e1sok el\u00e9 \u00e1ll\u00edtja az \u00d6n alkalmaz\u00e1sa.<\/p>","protected":false},"excerpt":{"rendered":"<p>Az M2 \u00e9s M24 k\u00f6z\u00f6tti horganyzott szemescsavarjaink ide\u00e1lisak k\u00fcl\u00f6nb\u00f6z\u0151 emel\u00e9si \u00e9s r\u00f6gz\u00edt\u00e9si alkalmaz\u00e1sokhoz. Nagy szil\u00e1rds\u00e1ggal \u00e9s tart\u00f3ss\u00e1ggal k\u00e9sz\u00fcltek, csavarjainkat \u00fagy tervezt\u00e9k, hogy zord k\u00f6r\u00fclm\u00e9nyek k\u00f6z\u00f6tt is optim\u00e1lis megb\u00edzhat\u00f3s\u00e1got biztos\u00edtsanak. A neh\u00e9z terhel\u00e9st\u0151l a biztos fog\u00e1st ig\u00e9nyl\u0151 ipari r\u00f6gz\u00edt\u00e9sig, szemcsavarjaink nagy teljes\u00edtm\u00e9ny\u0171 eredm\u00e9nyeket ny\u00fajtanak. Egy\u00e9ni \u00fcgyf\u00e9lszolg\u00e1latot biztos\u00edtunk, \u00edgy minden k\u00e9rd\u00e9s\u00e9re azonnal v\u00e1laszolunk. Gyorsak vagyunk, \u00e9s r\u00e9szletes min\u0151s\u00e9gellen\u0151rz\u00e9si jelent\u00e9seket is biztos\u00edtunk, hogy a v\u00e1s\u00e1rl\u00e1st\u00f3l a sz\u00e1ll\u00edt\u00e1sig hib\u00e1tlan \u00e9lm\u00e9nyt ny\u00fajtsunk. B\u00edzzon horganyzott szemcsavarjainkban a k\u00f6vetkez\u0151 projektje sor\u00e1n, \u00e9s legyen biztos abban, hogy a legjobbat kapja.<\/p>","protected":false},"featured_media":8968,"comment_status":"open","ping_status":"closed","template":"","meta":{"site-sidebar-layout":"default","site-content-layout":"default","ast-site-content-layout":"default","site-content-style":"default","site-sidebar-style":"default","ast-global-header-display":"","ast-banner-title-visibility":"","ast-main-header-display":"","ast-hfb-above-header-display":"","ast-hfb-below-header-display":"","ast-hfb-mobile-header-display":"","site-post-title":"","ast-breadcrumbs-content":"","ast-featured-img":"","footer-sml-layout":"","theme-transparent-header-meta":"default","adv-header-id-meta":"","stick-header-meta":"default","header-above-stick-meta":"","header-main-stick-meta":"","header-below-stick-meta":"","astra-migrate-meta-layouts":"set","ast-page-background-enabled":"default","ast-page-background-meta":{"desktop":{"background-color":"","background-image":"","background-repeat":"repeat","background-position":"center center","background-size":"auto","background-attachment":"scroll","background-type":"","background-media":"","overlay-type":"","overlay-color":"","overlay-opacity":"","overlay-gradient":""},"tablet":{"background-color":"","background-image":"","background-repeat":"repeat","background-position":"center center","background-size":"auto","background-attachment":"scroll","background-type":"","background-media":"","overlay-type":"","overlay-color":"","overlay-opacity":"","overlay-gradient":""},"mobile":{"background-color":"","background-image":"","background-repeat":"repeat","background-position":"center center","background-size":"auto","background-attachment":"scroll","background-type":"","background-media":"","overlay-type":"","overlay-color":"","overlay-opacity":"","overlay-gradient":""}},"ast-content-background-meta":{"desktop":{"background-color":"var(--ast-global-color-5)","background-image":"","background-repeat":"repeat","background-position":"center center","background-size":"auto","background-attachment":"scroll","background-type":"","background-media":"","overlay-type":"","overlay-color":"","overlay-opacity":"","overlay-gradient":""},"tablet":{"background-color":"var(--ast-global-color-5)","background-image":"","background-repeat":"repeat","background-position":"center center","background-size":"auto","background-attachment":"scroll","background-type":"","background-media":"","overlay-type":"","overlay-color":"","overlay-opacity":"","overlay-gradient":""},"mobile":{"background-color":"var(--ast-global-color-5)","background-image":"","background-repeat":"repeat","background-position":"center center","background-size":"auto","background-attachment":"scroll","background-type":"","background-media":"","overlay-type":"","overlay-color":"","overlay-opacity":"","overlay-gradient":""}}},"product_brand":[],"product_cat":[43],"product_tag":[],"class_list":{"0":"post-4232","1":"product","2":"type-product","3":"status-publish","4":"has-post-thumbnail","6":"product_cat-rigging-hardware","7":"desktop-align-left","8":"tablet-align-left","9":"mobile-align-left","10":"ast-product-gallery-layout-horizontal-slider","11":"ast-product-tabs-layout-horizontal","13":"first","14":"instock","15":"shipping-taxable","16":"purchasable","17":"product-type-simple"},"yoast_head":"<!-- This site is optimized with the Yoast SEO plugin v25.2 - https:\/\/yoast.com\/wordpress\/plugins\/seo\/ -->\n<title>Lifting Eye Bolt DIN580 Carbon Steel Galvanized<\/title>\n<meta name=\"description\" content=\"Eye bolts are specialized fasteners designed to provide a secure and reliable anchor point for lifting, rigging, or suspending applications.\" \/>\n<meta name=\"robots\" content=\"index, follow, max-snippet:-1, max-image-preview:large, max-video-preview:-1\" \/>\n<link rel=\"canonical\" href=\"https:\/\/qingdaohf.com\/hu\/termek\/szemescsavarok\/\" \/>\n<meta property=\"og:locale\" content=\"hu_HU\" \/>\n<meta property=\"og:type\" content=\"article\" \/>\n<meta property=\"og:title\" content=\"Lifting Eye Bolt DIN580 Carbon Steel Galvanized\" \/>\n<meta property=\"og:description\" content=\"Eye bolts are specialized fasteners designed to provide a secure and reliable anchor point for lifting, rigging, or suspending applications.\" \/>\n<meta property=\"og:url\" content=\"https:\/\/qingdaohf.com\/hu\/termek\/szemescsavarok\/\" \/>\n<meta property=\"og:site_name\" content=\"Concrete Form &amp; Rigging Hardware Supplier\" \/>\n<meta property=\"article:publisher\" content=\"https:\/\/www.facebook.com\/qingdaohf\" \/>\n<meta property=\"article:modified_time\" content=\"2025-11-13T01:04:21+00:00\" \/>\n<meta property=\"og:image\" content=\"https:\/\/qingdaohf.com\/wp-content\/uploads\/2023\/05\/eye-bolt-9.webp\" \/>\n\t<meta property=\"og:image:width\" content=\"1000\" \/>\n\t<meta property=\"og:image:height\" content=\"1000\" \/>\n\t<meta property=\"og:image:type\" content=\"image\/webp\" \/>\n<meta name=\"twitter:card\" content=\"summary_large_image\" \/>\n<meta name=\"twitter:label1\" content=\"Becs\u00fclt olvas\u00e1si id\u0151\" \/>\n\t<meta name=\"twitter:data1\" content=\"4 perc\" \/>\n<script type=\"application\/ld+json\" class=\"yoast-schema-graph\">{\"@context\":\"https:\/\/schema.org\",\"@graph\":[{\"@type\":\"WebPage\",\"@id\":\"https:\/\/qingdaohf.com\/product\/eye-bolts\/\",\"url\":\"https:\/\/qingdaohf.com\/product\/eye-bolts\/\",\"name\":\"Lifting Eye Bolt DIN580 Carbon Steel Galvanized\",\"isPartOf\":{\"@id\":\"https:\/\/qingdaohf.com\/bg\/#website\"},\"primaryImageOfPage\":{\"@id\":\"https:\/\/qingdaohf.com\/product\/eye-bolts\/#primaryimage\"},\"image\":{\"@id\":\"https:\/\/qingdaohf.com\/product\/eye-bolts\/#primaryimage\"},\"thumbnailUrl\":\"https:\/\/qingdaohf.com\/wp-content\/uploads\/2023\/05\/eye-bolt-9.webp\",\"datePublished\":\"2023-05-29T08:48:33+00:00\",\"dateModified\":\"2025-11-13T01:04:21+00:00\",\"description\":\"Eye bolts are specialized fasteners designed to provide a secure and reliable anchor point for lifting, rigging, or suspending applications.\",\"breadcrumb\":{\"@id\":\"https:\/\/qingdaohf.com\/product\/eye-bolts\/#breadcrumb\"},\"inLanguage\":\"hu\",\"potentialAction\":[{\"@type\":\"ReadAction\",\"target\":[\"https:\/\/qingdaohf.com\/product\/eye-bolts\/\"]}]},{\"@type\":\"ImageObject\",\"inLanguage\":\"hu\",\"@id\":\"https:\/\/qingdaohf.com\/product\/eye-bolts\/#primaryimage\",\"url\":\"https:\/\/qingdaohf.com\/wp-content\/uploads\/2023\/05\/eye-bolt-9.webp\",\"contentUrl\":\"https:\/\/qingdaohf.com\/wp-content\/uploads\/2023\/05\/eye-bolt-9.webp\",\"width\":1000,\"height\":1000,\"caption\":\"eye bolt\"},{\"@type\":\"BreadcrumbList\",\"@id\":\"https:\/\/qingdaohf.com\/product\/eye-bolts\/#breadcrumb\",\"itemListElement\":[{\"@type\":\"ListItem\",\"position\":1,\"name\":\"Home\",\"item\":\"https:\/\/qingdaohf.com\/\"},{\"@type\":\"ListItem\",\"position\":2,\"name\":\"Concrete Forming Accessories and Rigging Hardware\",\"item\":\"https:\/\/qingdaohf.com\/bg\/?page_id=944\"},{\"@type\":\"ListItem\",\"position\":3,\"name\":\"Lifting Eye Bolt DIN580 Carbon Steel Galvanized\"}]},{\"@type\":\"WebSite\",\"@id\":\"https:\/\/qingdaohf.com\/bg\/#website\",\"url\":\"https:\/\/qingdaohf.com\/bg\/\",\"name\":\"Concrete Form & Rigging Hardware Supplier\",\"description\":\"\",\"publisher\":{\"@id\":\"https:\/\/qingdaohf.com\/bg\/#organization\"},\"potentialAction\":[{\"@type\":\"SearchAction\",\"target\":{\"@type\":\"EntryPoint\",\"urlTemplate\":\"https:\/\/qingdaohf.com\/bg\/?s={search_term_string}\"},\"query-input\":{\"@type\":\"PropertyValueSpecification\",\"valueRequired\":true,\"valueName\":\"search_term_string\"}}],\"inLanguage\":\"hu\"},{\"@type\":\"Organization\",\"@id\":\"https:\/\/qingdaohf.com\/bg\/#organization\",\"name\":\"Qingdao H&F\",\"url\":\"https:\/\/qingdaohf.com\/bg\/\",\"logo\":{\"@type\":\"ImageObject\",\"inLanguage\":\"hu\",\"@id\":\"https:\/\/qingdaohf.com\/bg\/#\/schema\/logo\/image\/\",\"url\":\"https:\/\/qingdaohf.com\/wp-content\/uploads\/2022\/12\/cropped-HF-LOGO.png\",\"contentUrl\":\"https:\/\/qingdaohf.com\/wp-content\/uploads\/2022\/12\/cropped-HF-LOGO.png\",\"width\":391,\"height\":249,\"caption\":\"Qingdao H&F\"},\"image\":{\"@id\":\"https:\/\/qingdaohf.com\/bg\/#\/schema\/logo\/image\/\"},\"sameAs\":[\"https:\/\/www.facebook.com\/qingdaohf\"]}]}<\/script>\n<!-- \/ Yoast SEO plugin. -->","yoast_head_json":{"title":"Lifting Eye Bolt DIN580 Carbon Steel Galvanized","description":"Eye bolts are specialized fasteners designed to provide a secure and reliable anchor point for lifting, rigging, or suspending applications.","robots":{"index":"index","follow":"follow","max-snippet":"max-snippet:-1","max-image-preview":"max-image-preview:large","max-video-preview":"max-video-preview:-1"},"canonical":"https:\/\/qingdaohf.com\/hu\/termek\/szemescsavarok\/","og_locale":"hu_HU","og_type":"article","og_title":"Lifting Eye Bolt DIN580 Carbon Steel Galvanized","og_description":"Eye bolts are specialized fasteners designed to provide a secure and reliable anchor point for lifting, rigging, or suspending applications.","og_url":"https:\/\/qingdaohf.com\/hu\/termek\/szemescsavarok\/","og_site_name":"Concrete Form &amp; Rigging Hardware Supplier","article_publisher":"https:\/\/www.facebook.com\/qingdaohf","article_modified_time":"2025-11-13T01:04:21+00:00","og_image":[{"width":1000,"height":1000,"url":"https:\/\/qingdaohf.com\/wp-content\/uploads\/2023\/05\/eye-bolt-9.webp","type":"image\/webp"}],"twitter_card":"summary_large_image","twitter_misc":{"Becs\u00fclt olvas\u00e1si id\u0151":"4 perc"},"schema":{"@context":"https:\/\/schema.org","@graph":[{"@type":"WebPage","@id":"https:\/\/qingdaohf.com\/product\/eye-bolts\/","url":"https:\/\/qingdaohf.com\/product\/eye-bolts\/","name":"Lifting Eye Bolt DIN580 Carbon Steel Galvanized","isPartOf":{"@id":"https:\/\/qingdaohf.com\/bg\/#website"},"primaryImageOfPage":{"@id":"https:\/\/qingdaohf.com\/product\/eye-bolts\/#primaryimage"},"image":{"@id":"https:\/\/qingdaohf.com\/product\/eye-bolts\/#primaryimage"},"thumbnailUrl":"https:\/\/qingdaohf.com\/wp-content\/uploads\/2023\/05\/eye-bolt-9.webp","datePublished":"2023-05-29T08:48:33+00:00","dateModified":"2025-11-13T01:04:21+00:00","description":"Eye bolts are specialized fasteners designed to provide a secure and reliable anchor point for lifting, rigging, or suspending applications.","breadcrumb":{"@id":"https:\/\/qingdaohf.com\/product\/eye-bolts\/#breadcrumb"},"inLanguage":"hu","potentialAction":[{"@type":"ReadAction","target":["https:\/\/qingdaohf.com\/product\/eye-bolts\/"]}]},{"@type":"ImageObject","inLanguage":"hu","@id":"https:\/\/qingdaohf.com\/product\/eye-bolts\/#primaryimage","url":"https:\/\/qingdaohf.com\/wp-content\/uploads\/2023\/05\/eye-bolt-9.webp","contentUrl":"https:\/\/qingdaohf.com\/wp-content\/uploads\/2023\/05\/eye-bolt-9.webp","width":1000,"height":1000,"caption":"eye bolt"},{"@type":"BreadcrumbList","@id":"https:\/\/qingdaohf.com\/product\/eye-bolts\/#breadcrumb","itemListElement":[{"@type":"ListItem","position":1,"name":"Home","item":"https:\/\/qingdaohf.com\/"},{"@type":"ListItem","position":2,"name":"Concrete Forming Accessories and Rigging Hardware","item":"https:\/\/qingdaohf.com\/bg\/?page_id=944"},{"@type":"ListItem","position":3,"name":"Lifting Eye Bolt DIN580 Carbon Steel Galvanized"}]},{"@type":"WebSite","@id":"https:\/\/qingdaohf.com\/bg\/#website","url":"https:\/\/qingdaohf.com\/bg\/","name":"Concrete Form & Rigging Hardware Supplier","description":"","publisher":{"@id":"https:\/\/qingdaohf.com\/bg\/#organization"},"potentialAction":[{"@type":"SearchAction","target":{"@type":"EntryPoint","urlTemplate":"https:\/\/qingdaohf.com\/bg\/?s={search_term_string}"},"query-input":{"@type":"PropertyValueSpecification","valueRequired":true,"valueName":"search_term_string"}}],"inLanguage":"hu"},{"@type":"Organization","@id":"https:\/\/qingdaohf.com\/bg\/#organization","name":"Qingdao H&F","url":"https:\/\/qingdaohf.com\/bg\/","logo":{"@type":"ImageObject","inLanguage":"hu","@id":"https:\/\/qingdaohf.com\/bg\/#\/schema\/logo\/image\/","url":"https:\/\/qingdaohf.com\/wp-content\/uploads\/2022\/12\/cropped-HF-LOGO.png","contentUrl":"https:\/\/qingdaohf.com\/wp-content\/uploads\/2022\/12\/cropped-HF-LOGO.png","width":391,"height":249,"caption":"Qingdao H&F"},"image":{"@id":"https:\/\/qingdaohf.com\/bg\/#\/schema\/logo\/image\/"},"sameAs":["https:\/\/www.facebook.com\/qingdaohf"]}]}},"_links":{"self":[{"href":"https:\/\/qingdaohf.com\/hu\/wp-json\/wp\/v2\/product\/4232","targetHints":{"allow":["GET"]}}],"collection":[{"href":"https:\/\/qingdaohf.com\/hu\/wp-json\/wp\/v2\/product"}],"about":[{"href":"https:\/\/qingdaohf.com\/hu\/wp-json\/wp\/v2\/types\/product"}],"replies":[{"embeddable":true,"href":"https:\/\/qingdaohf.com\/hu\/wp-json\/wp\/v2\/comments?post=4232"}],"version-history":[{"count":5,"href":"https:\/\/qingdaohf.com\/hu\/wp-json\/wp\/v2\/product\/4232\/revisions"}],"predecessor-version":[{"id":4561,"href":"https:\/\/qingdaohf.com\/hu\/wp-json\/wp\/v2\/product\/4232\/revisions\/4561"}],"wp:featuredmedia":[{"embeddable":true,"href":"https:\/\/qingdaohf.com\/hu\/wp-json\/wp\/v2\/media\/8968"}],"wp:attachment":[{"href":"https:\/\/qingdaohf.com\/hu\/wp-json\/wp\/v2\/media?parent=4232"}],"wp:term":[{"taxonomy":"product_brand","embeddable":true,"href":"https:\/\/qingdaohf.com\/hu\/wp-json\/wp\/v2\/product_brand?post=4232"},{"taxonomy":"product_cat","embeddable":true,"href":"https:\/\/qingdaohf.com\/hu\/wp-json\/wp\/v2\/product_cat?post=4232"},{"taxonomy":"product_tag","embeddable":true,"href":"https:\/\/qingdaohf.com\/hu\/wp-json\/wp\/v2\/product_tag?post=4232"}],"curies":[{"name":"wp","href":"https:\/\/api.w.org\/{rel}","templated":true}]}}