{"id":4244,"date":"2023-05-29T17:11:01","date_gmt":"2023-05-29T09:11:01","guid":{"rendered":"http:\/\/qingdaohf.com\/?post_type=product&#038;p=4244"},"modified":"2025-11-13T09:04:21","modified_gmt":"2025-11-13T01:04:21","slug":"welded-d-ring","status":"publish","type":"product","link":"https:\/\/qingdaohf.com\/hu\/termek\/hegesztett-d-gyuru\/","title":{"rendered":"Hegesztett D gy\u0171r\u0171"},"content":{"rendered":"<div class=\"ast-oembed-container\" style=\"height: 100%;\"><iframe title=\"Hegesztett D gy\u0171r\u0171s k\u00f6t\u00e9lzet hardver\" width=\"500\" height=\"281\" src=\"https:\/\/www.youtube.com\/embed\/XeWw4iTp6fE?feature=oembed\" frameborder=\"0\" allow=\"accelerometer; autoplay; clipboard-write; encrypted-media; gyroscope; picture-in-picture; web-share\" referrerpolicy=\"strict-origin-when-cross-origin\" allowfullscreen><\/iframe><\/div>\n<p>A hegesztett D-gy\u0171r\u0171 \u00e1ltal\u00e1ban nagy szil\u00e1rds\u00e1g\u00fa ac\u00e9lb\u00f3l vagy rozsdamentes ac\u00e9lb\u00f3l k\u00e9sz\u00fcl, amely kiv\u00e9teles tart\u00f3ss\u00e1got \u00e9s korr\u00f3zi\u00f3\u00e1ll\u00f3s\u00e1got biztos\u00edt. D-alak\u00fa kialak\u00edt\u00e1sa z\u00e1rt hurokkal rendelkezik, lapos alappal \u00e9s k\u00e9t lekerek\u00edtett oldallal, amely a \"D\" bet\u0171re hasonl\u00edt. A D-gy\u0171r\u0171t egy f\u00e9mr\u00fad v\u00e9geinek \u00f6sszehegeszt\u00e9s\u00e9vel hozz\u00e1k l\u00e9tre, szil\u00e1rd \u00e9s biztons\u00e1gos kapcsolatot l\u00e9trehozva.<\/p>\n<p>A hegesztett D-gy\u0171r\u0171 egyik legfontosabb el\u0151nye a szil\u00e1rds\u00e1g \u00e9s a teherb\u00edr\u00e1s. A hegeszt\u00e9si elj\u00e1r\u00e1s er\u0151s \u00e9s varratmentes k\u00f6t\u00e9st biztos\u00edt, ami lehet\u0151v\u00e9 teszi, hogy a D-gy\u0171r\u0171 ellen\u00e1lljon a nagy terhel\u00e9snek \u00e9s megb\u00edzhat\u00f3 r\u00f6gz\u00edt\u00e9si pontot biztos\u00edtson. A D-gy\u0171r\u0171 lapos alja lehet\u0151v\u00e9 teszi a k\u00fcl\u00f6nb\u00f6z\u0151 fel\u00fcletekre, p\u00e9ld\u00e1ul falakra, padl\u00f3kra vagy berendez\u00e9sekre t\u00f6rt\u00e9n\u0151 egyszer\u0171 r\u00f6gz\u00edt\u00e9st vagy felszerel\u00e9st.<\/p>\n<p>A hegesztett D-gy\u0171r\u0171 sokoldal\u00fas\u00e1ga miatt sz\u00e1mos alkalmaz\u00e1si ter\u00fcletre alkalmas. \u00c1ltal\u00e1ban olyan ipar\u00e1gakban haszn\u00e1lj\u00e1k, mint az \u00e9p\u00edt\u0151ipar, a sz\u00e1ll\u00edt\u00e1s \u00e9s a szabadid\u0151s tev\u00e9kenys\u00e9gek. Megtal\u00e1lhat\u00f3 rakom\u00e1nyr\u00f6gz\u00edt\u0151 rendszerekben, emel\u0151berendez\u00e9sekben, hevederekben \u00e9s vontat\u00e1si alkalmaz\u00e1sokban. A D-gy\u0171r\u0171 biztons\u00e1gos csatlakoz\u00e1si pontot biztos\u00edt, lehet\u0151v\u00e9 t\u00e9ve a rakom\u00e1nyok hat\u00e9kony \u00e9s biztons\u00e1gos kezel\u00e9s\u00e9t.<\/p>\n<p>A hegesztett D-gy\u0171r\u0171k haszn\u00e1latakor a biztons\u00e1g a legfontosabb. Alapvet\u0151 fontoss\u00e1g\u00fa annak biztos\u00edt\u00e1sa, hogy a D-gy\u0171r\u0171 megfelel\u0151en legyen felszerelve \u00e9s biztons\u00e1gosan r\u00f6gz\u00edtve a megfelel\u0151 r\u00f6gz\u00edt\u00e9si ponthoz. Rendszeresen ellen\u0151rizni kell a kop\u00e1s, deform\u00e1ci\u00f3 vagy s\u00e9r\u00fcl\u00e9s minden olyan jel\u00e9t, amely vesz\u00e9lyeztetheti a D-gy\u0171r\u0171 integrit\u00e1s\u00e1t. A s\u00e9r\u00fclt vagy elhaszn\u00e1l\u00f3dott D-gy\u0171r\u0171ket a biztons\u00e1gos m\u0171k\u00f6d\u00e9s fenntart\u00e1sa \u00e9rdek\u00e9ben azonnal ki kell cser\u00e9lni.<\/p>","protected":false},"excerpt":{"rendered":"<p>A hegesztett D-gy\u0171r\u0171 egy sokoldal\u00fa \u00e9s er\u0151s hardverelem, amelyet \u00e1ltal\u00e1ban k\u00fcl\u00f6nb\u00f6z\u0151 alkalmaz\u00e1sokban haszn\u00e1lnak, bele\u00e9rtve az emel\u00e9st, a k\u00f6t\u00e9lzetet \u00e9s a rakom\u00e1nyok r\u00f6gz\u00edt\u00e9s\u00e9t. \u00dagy tervezt\u00e9k, hogy megb\u00edzhat\u00f3 r\u00f6gz\u00edt\u00e9si pontot biztos\u00edtson hevederek, k\u00f6telek, l\u00e1ncok vagy egy\u00e9b tartoz\u00e9kok csatlakoztat\u00e1s\u00e1hoz.<\/p>","protected":false},"featured_media":4245,"comment_status":"open","ping_status":"closed","template":"","meta":{"site-sidebar-layout":"default","site-content-layout":"default","ast-site-content-layout":"","site-content-style":"default","site-sidebar-style":"default","ast-global-header-display":"","ast-banner-title-visibility":"","ast-main-header-display":"","ast-hfb-above-header-display":"","ast-hfb-below-header-display":"","ast-hfb-mobile-header-display":"","site-post-title":"","ast-breadcrumbs-content":"","ast-featured-img":"","footer-sml-layout":"","theme-transparent-header-meta":"default","adv-header-id-meta":"","stick-header-meta":"default","header-above-stick-meta":"","header-main-stick-meta":"","header-below-stick-meta":"","astra-migrate-meta-layouts":"default","ast-page-background-enabled":"default","ast-page-background-meta":{"desktop":{"background-color":"","background-image":"","background-repeat":"repeat","background-position":"center center","background-size":"auto","background-attachment":"scroll","background-type":"","background-media":"","overlay-type":"","overlay-color":"","overlay-opacity":"","overlay-gradient":""},"tablet":{"background-color":"","background-image":"","background-repeat":"repeat","background-position":"center center","background-size":"auto","background-attachment":"scroll","background-type":"","background-media":"","overlay-type":"","overlay-color":"","overlay-opacity":"","overlay-gradient":""},"mobile":{"background-color":"","background-image":"","background-repeat":"repeat","background-position":"center center","background-size":"auto","background-attachment":"scroll","background-type":"","background-media":"","overlay-type":"","overlay-color":"","overlay-opacity":"","overlay-gradient":""}},"ast-content-background-meta":{"desktop":{"background-color":"var(--ast-global-color-5)","background-image":"","background-repeat":"repeat","background-position":"center center","background-size":"auto","background-attachment":"scroll","background-type":"","background-media":"","overlay-type":"","overlay-color":"","overlay-opacity":"","overlay-gradient":""},"tablet":{"background-color":"var(--ast-global-color-5)","background-image":"","background-repeat":"repeat","background-position":"center center","background-size":"auto","background-attachment":"scroll","background-type":"","background-media":"","overlay-type":"","overlay-color":"","overlay-opacity":"","overlay-gradient":""},"mobile":{"background-color":"var(--ast-global-color-5)","background-image":"","background-repeat":"repeat","background-position":"center center","background-size":"auto","background-attachment":"scroll","background-type":"","background-media":"","overlay-type":"","overlay-color":"","overlay-opacity":"","overlay-gradient":""}}},"product_brand":[],"product_cat":[43],"product_tag":[],"class_list":{"0":"post-4244","1":"product","2":"type-product","3":"status-publish","4":"has-post-thumbnail","6":"product_cat-rigging-hardware","7":"desktop-align-left","8":"tablet-align-left","9":"mobile-align-left","10":"ast-product-gallery-layout-horizontal-slider","11":"ast-product-tabs-layout-horizontal","13":"first","14":"instock","15":"shipping-taxable","16":"purchasable","17":"product-type-simple"},"yoast_head":"<!-- This site is optimized with the Yoast SEO plugin v25.2 - https:\/\/yoast.com\/wordpress\/plugins\/seo\/ -->\n<title>Welded D Ring<\/title>\n<meta name=\"description\" content=\"The welded D-ring is a versatile and sturdy hardware component commonly used in various applications, including lifting, rigging, and securing loads. It is designed to provide a reliable attachment point for connecting straps, ropes, chains, or other accessories.\" \/>\n<meta name=\"robots\" content=\"index, follow, max-snippet:-1, max-image-preview:large, max-video-preview:-1\" \/>\n<link rel=\"canonical\" href=\"https:\/\/qingdaohf.com\/hu\/termek\/hegesztett-d-gyuru\/\" \/>\n<meta property=\"og:locale\" content=\"hu_HU\" \/>\n<meta property=\"og:type\" content=\"article\" \/>\n<meta property=\"og:title\" content=\"Welded D Ring\" \/>\n<meta property=\"og:description\" content=\"The welded D-ring is a versatile and sturdy hardware component commonly used in various applications, including lifting, rigging, and securing loads. It is designed to provide a reliable attachment point for connecting straps, ropes, chains, or other accessories.\" \/>\n<meta property=\"og:url\" content=\"https:\/\/qingdaohf.com\/hu\/termek\/hegesztett-d-gyuru\/\" \/>\n<meta property=\"og:site_name\" content=\"Concrete Form &amp; Rigging Hardware Supplier\" \/>\n<meta property=\"article:publisher\" content=\"https:\/\/www.facebook.com\/qingdaohf\" \/>\n<meta property=\"article:modified_time\" content=\"2025-11-13T01:04:21+00:00\" \/>\n<meta property=\"og:image\" content=\"https:\/\/qingdaohf.com\/wp-content\/uploads\/2023\/05\/welded-d-ring-1.jpg\" \/>\n\t<meta property=\"og:image:width\" content=\"1000\" \/>\n\t<meta property=\"og:image:height\" content=\"1000\" \/>\n\t<meta property=\"og:image:type\" content=\"image\/jpeg\" \/>\n<meta name=\"twitter:card\" content=\"summary_large_image\" \/>\n<meta name=\"twitter:label1\" content=\"Becs\u00fclt olvas\u00e1si id\u0151\" \/>\n\t<meta name=\"twitter:data1\" content=\"2 perc\" \/>\n<script type=\"application\/ld+json\" class=\"yoast-schema-graph\">{\"@context\":\"https:\/\/schema.org\",\"@graph\":[{\"@type\":\"WebPage\",\"@id\":\"https:\/\/qingdaohf.com\/product\/welded-d-ring\/\",\"url\":\"https:\/\/qingdaohf.com\/product\/welded-d-ring\/\",\"name\":\"Welded D Ring\",\"isPartOf\":{\"@id\":\"https:\/\/qingdaohf.com\/bg\/#website\"},\"primaryImageOfPage\":{\"@id\":\"https:\/\/qingdaohf.com\/product\/welded-d-ring\/#primaryimage\"},\"image\":{\"@id\":\"https:\/\/qingdaohf.com\/product\/welded-d-ring\/#primaryimage\"},\"thumbnailUrl\":\"https:\/\/qingdaohf.com\/wp-content\/uploads\/2023\/05\/welded-d-ring-1.jpg\",\"datePublished\":\"2023-05-29T09:11:01+00:00\",\"dateModified\":\"2025-11-13T01:04:21+00:00\",\"description\":\"The welded D-ring is a versatile and sturdy hardware component commonly used in various applications, including lifting, rigging, and securing loads. It is designed to provide a reliable attachment point for connecting straps, ropes, chains, or other accessories.\",\"breadcrumb\":{\"@id\":\"https:\/\/qingdaohf.com\/product\/welded-d-ring\/#breadcrumb\"},\"inLanguage\":\"hu\",\"potentialAction\":[{\"@type\":\"ReadAction\",\"target\":[\"https:\/\/qingdaohf.com\/product\/welded-d-ring\/\"]}]},{\"@type\":\"ImageObject\",\"inLanguage\":\"hu\",\"@id\":\"https:\/\/qingdaohf.com\/product\/welded-d-ring\/#primaryimage\",\"url\":\"https:\/\/qingdaohf.com\/wp-content\/uploads\/2023\/05\/welded-d-ring-1.jpg\",\"contentUrl\":\"https:\/\/qingdaohf.com\/wp-content\/uploads\/2023\/05\/welded-d-ring-1.jpg\",\"width\":1000,\"height\":1000,\"caption\":\"welded d ring\"},{\"@type\":\"BreadcrumbList\",\"@id\":\"https:\/\/qingdaohf.com\/product\/welded-d-ring\/#breadcrumb\",\"itemListElement\":[{\"@type\":\"ListItem\",\"position\":1,\"name\":\"Home\",\"item\":\"https:\/\/qingdaohf.com\/\"},{\"@type\":\"ListItem\",\"position\":2,\"name\":\"Concrete Forming Accessories and Rigging Hardware\",\"item\":\"https:\/\/qingdaohf.com\/bg\/?page_id=944\"},{\"@type\":\"ListItem\",\"position\":3,\"name\":\"Welded D Ring\"}]},{\"@type\":\"WebSite\",\"@id\":\"https:\/\/qingdaohf.com\/bg\/#website\",\"url\":\"https:\/\/qingdaohf.com\/bg\/\",\"name\":\"Concrete Form & Rigging Hardware Supplier\",\"description\":\"\",\"publisher\":{\"@id\":\"https:\/\/qingdaohf.com\/bg\/#organization\"},\"potentialAction\":[{\"@type\":\"SearchAction\",\"target\":{\"@type\":\"EntryPoint\",\"urlTemplate\":\"https:\/\/qingdaohf.com\/bg\/?s={search_term_string}\"},\"query-input\":{\"@type\":\"PropertyValueSpecification\",\"valueRequired\":true,\"valueName\":\"search_term_string\"}}],\"inLanguage\":\"hu\"},{\"@type\":\"Organization\",\"@id\":\"https:\/\/qingdaohf.com\/bg\/#organization\",\"name\":\"Qingdao H&F\",\"url\":\"https:\/\/qingdaohf.com\/bg\/\",\"logo\":{\"@type\":\"ImageObject\",\"inLanguage\":\"hu\",\"@id\":\"https:\/\/qingdaohf.com\/bg\/#\/schema\/logo\/image\/\",\"url\":\"https:\/\/qingdaohf.com\/wp-content\/uploads\/2022\/12\/cropped-HF-LOGO.png\",\"contentUrl\":\"https:\/\/qingdaohf.com\/wp-content\/uploads\/2022\/12\/cropped-HF-LOGO.png\",\"width\":391,\"height\":249,\"caption\":\"Qingdao H&F\"},\"image\":{\"@id\":\"https:\/\/qingdaohf.com\/bg\/#\/schema\/logo\/image\/\"},\"sameAs\":[\"https:\/\/www.facebook.com\/qingdaohf\"]}]}<\/script>\n<!-- \/ Yoast SEO plugin. -->","yoast_head_json":{"title":"Welded D Ring","description":"The welded D-ring is a versatile and sturdy hardware component commonly used in various applications, including lifting, rigging, and securing loads. It is designed to provide a reliable attachment point for connecting straps, ropes, chains, or other accessories.","robots":{"index":"index","follow":"follow","max-snippet":"max-snippet:-1","max-image-preview":"max-image-preview:large","max-video-preview":"max-video-preview:-1"},"canonical":"https:\/\/qingdaohf.com\/hu\/termek\/hegesztett-d-gyuru\/","og_locale":"hu_HU","og_type":"article","og_title":"Welded D Ring","og_description":"The welded D-ring is a versatile and sturdy hardware component commonly used in various applications, including lifting, rigging, and securing loads. It is designed to provide a reliable attachment point for connecting straps, ropes, chains, or other accessories.","og_url":"https:\/\/qingdaohf.com\/hu\/termek\/hegesztett-d-gyuru\/","og_site_name":"Concrete Form &amp; Rigging Hardware Supplier","article_publisher":"https:\/\/www.facebook.com\/qingdaohf","article_modified_time":"2025-11-13T01:04:21+00:00","og_image":[{"width":1000,"height":1000,"url":"https:\/\/qingdaohf.com\/wp-content\/uploads\/2023\/05\/welded-d-ring-1.jpg","type":"image\/jpeg"}],"twitter_card":"summary_large_image","twitter_misc":{"Becs\u00fclt olvas\u00e1si id\u0151":"2 perc"},"schema":{"@context":"https:\/\/schema.org","@graph":[{"@type":"WebPage","@id":"https:\/\/qingdaohf.com\/product\/welded-d-ring\/","url":"https:\/\/qingdaohf.com\/product\/welded-d-ring\/","name":"Welded D Ring","isPartOf":{"@id":"https:\/\/qingdaohf.com\/bg\/#website"},"primaryImageOfPage":{"@id":"https:\/\/qingdaohf.com\/product\/welded-d-ring\/#primaryimage"},"image":{"@id":"https:\/\/qingdaohf.com\/product\/welded-d-ring\/#primaryimage"},"thumbnailUrl":"https:\/\/qingdaohf.com\/wp-content\/uploads\/2023\/05\/welded-d-ring-1.jpg","datePublished":"2023-05-29T09:11:01+00:00","dateModified":"2025-11-13T01:04:21+00:00","description":"The welded D-ring is a versatile and sturdy hardware component commonly used in various applications, including lifting, rigging, and securing loads. It is designed to provide a reliable attachment point for connecting straps, ropes, chains, or other accessories.","breadcrumb":{"@id":"https:\/\/qingdaohf.com\/product\/welded-d-ring\/#breadcrumb"},"inLanguage":"hu","potentialAction":[{"@type":"ReadAction","target":["https:\/\/qingdaohf.com\/product\/welded-d-ring\/"]}]},{"@type":"ImageObject","inLanguage":"hu","@id":"https:\/\/qingdaohf.com\/product\/welded-d-ring\/#primaryimage","url":"https:\/\/qingdaohf.com\/wp-content\/uploads\/2023\/05\/welded-d-ring-1.jpg","contentUrl":"https:\/\/qingdaohf.com\/wp-content\/uploads\/2023\/05\/welded-d-ring-1.jpg","width":1000,"height":1000,"caption":"welded d ring"},{"@type":"BreadcrumbList","@id":"https:\/\/qingdaohf.com\/product\/welded-d-ring\/#breadcrumb","itemListElement":[{"@type":"ListItem","position":1,"name":"Home","item":"https:\/\/qingdaohf.com\/"},{"@type":"ListItem","position":2,"name":"Concrete Forming Accessories and Rigging Hardware","item":"https:\/\/qingdaohf.com\/bg\/?page_id=944"},{"@type":"ListItem","position":3,"name":"Welded D Ring"}]},{"@type":"WebSite","@id":"https:\/\/qingdaohf.com\/bg\/#website","url":"https:\/\/qingdaohf.com\/bg\/","name":"Concrete Form & Rigging Hardware Supplier","description":"","publisher":{"@id":"https:\/\/qingdaohf.com\/bg\/#organization"},"potentialAction":[{"@type":"SearchAction","target":{"@type":"EntryPoint","urlTemplate":"https:\/\/qingdaohf.com\/bg\/?s={search_term_string}"},"query-input":{"@type":"PropertyValueSpecification","valueRequired":true,"valueName":"search_term_string"}}],"inLanguage":"hu"},{"@type":"Organization","@id":"https:\/\/qingdaohf.com\/bg\/#organization","name":"Qingdao H&F","url":"https:\/\/qingdaohf.com\/bg\/","logo":{"@type":"ImageObject","inLanguage":"hu","@id":"https:\/\/qingdaohf.com\/bg\/#\/schema\/logo\/image\/","url":"https:\/\/qingdaohf.com\/wp-content\/uploads\/2022\/12\/cropped-HF-LOGO.png","contentUrl":"https:\/\/qingdaohf.com\/wp-content\/uploads\/2022\/12\/cropped-HF-LOGO.png","width":391,"height":249,"caption":"Qingdao H&F"},"image":{"@id":"https:\/\/qingdaohf.com\/bg\/#\/schema\/logo\/image\/"},"sameAs":["https:\/\/www.facebook.com\/qingdaohf"]}]}},"_links":{"self":[{"href":"https:\/\/qingdaohf.com\/hu\/wp-json\/wp\/v2\/product\/4244","targetHints":{"allow":["GET"]}}],"collection":[{"href":"https:\/\/qingdaohf.com\/hu\/wp-json\/wp\/v2\/product"}],"about":[{"href":"https:\/\/qingdaohf.com\/hu\/wp-json\/wp\/v2\/types\/product"}],"replies":[{"embeddable":true,"href":"https:\/\/qingdaohf.com\/hu\/wp-json\/wp\/v2\/comments?post=4244"}],"version-history":[{"count":2,"href":"https:\/\/qingdaohf.com\/hu\/wp-json\/wp\/v2\/product\/4244\/revisions"}],"predecessor-version":[{"id":10419,"href":"https:\/\/qingdaohf.com\/hu\/wp-json\/wp\/v2\/product\/4244\/revisions\/10419"}],"wp:featuredmedia":[{"embeddable":true,"href":"https:\/\/qingdaohf.com\/hu\/wp-json\/wp\/v2\/media\/4245"}],"wp:attachment":[{"href":"https:\/\/qingdaohf.com\/hu\/wp-json\/wp\/v2\/media?parent=4244"}],"wp:term":[{"taxonomy":"product_brand","embeddable":true,"href":"https:\/\/qingdaohf.com\/hu\/wp-json\/wp\/v2\/product_brand?post=4244"},{"taxonomy":"product_cat","embeddable":true,"href":"https:\/\/qingdaohf.com\/hu\/wp-json\/wp\/v2\/product_cat?post=4244"},{"taxonomy":"product_tag","embeddable":true,"href":"https:\/\/qingdaohf.com\/hu\/wp-json\/wp\/v2\/product_tag?post=4244"}],"curies":[{"name":"wp","href":"https:\/\/api.w.org\/{rel}","templated":true}]}}