{"id":4285,"date":"2023-06-01T18:22:11","date_gmt":"2023-06-01T10:22:11","guid":{"rendered":"http:\/\/qingdaohf.com\/?post_type=product&#038;p=4285"},"modified":"2025-11-13T09:04:04","modified_gmt":"2025-11-13T01:04:04","slug":"plastic-coil-nail-plastic-collated-coil-nails","status":"publish","type":"product","link":"https:\/\/qingdaohf.com\/hu\/termek\/muanyag-tekercses-szog-muanyag-szogek-muanyag-tekercses-szogek\/","title":{"rendered":"M\u0171anyag tekercses k\u00f6r\u00f6m M\u0171anyag-\u00f6sszek\u00f6t\u00f6tt tekercses k\u00f6rm\u00f6k"},"content":{"rendered":"<ol>\n<li>\u00c9p\u00edt\u00e9s: A m\u0171anyaggal t\u00f6lt\u00f6tt tekercses sz\u00f6gek egy rugalmas m\u0171anyag szalaggal \u00f6sszek\u00f6t\u00f6tt folyamatos sz\u00f6gtekercsb\u0151l \u00e1llnak. A m\u0171anyag szalag a sz\u00f6gek hordoz\u00f3jak\u00e9nt szolg\u00e1l, lehet\u0151v\u00e9 t\u00e9ve a hat\u00e9kony bet\u00f6lt\u00e9st a tekercses sz\u00f6gekhez tervezett sz\u00f6gpisztolyokba.<\/li>\n<li>M\u0171anyag szed\u00e9s: A m\u0171anyag cs\u00edk line\u00e1risan tartja \u00f6ssze a sz\u00f6geket, \u00edgy biztos\u00edtva a sz\u00f6gpisztolyba val\u00f3 egyenletes \u00e9s egyenletes bet\u00e1pl\u00e1l\u00e1st. A koll\u00e1ci\u00f3 jellemz\u0151en kiv\u00e1l\u00f3 min\u0151s\u00e9g\u0171, tart\u00f3s m\u0171anyagb\u00f3l k\u00e9sz\u00fcl, amely olyan el\u0151ny\u00f6ket k\u00edn\u00e1l, mint a rozsd\u00e1val, korr\u00f3zi\u00f3val \u00e9s nedvess\u00e9ggel szembeni ellen\u00e1ll\u00e1s.<\/li>\n<li>Tekercs alakja: A m\u0171anyaggal \u00f6sszeh\u00fazott tekercses sz\u00f6gek tekercs alakban vannak kialak\u00edtva, ami nagy sz\u00f6gkapacit\u00e1st biztos\u00edt kompakt csomagol\u00e1sban. Ez lehet\u0151v\u00e9 teszi a hosszabb ideig tart\u00f3 r\u00f6gz\u00edt\u00e9st gyakori \u00fajrat\u00f6lt\u00e9s n\u00e9lk\u00fcl, ami jobb termel\u00e9kenys\u00e9get \u00e9s kevesebb \u00e1ll\u00e1sid\u0151t eredm\u00e9nyez.<\/li>\n<li>Kompatibilit\u00e1s: A m\u0171anyag tekercses sz\u00f6gek kompatibilisek a kifejezetten az ilyen t\u00edpus\u00fa k\u00f6t\u0151elemek befogad\u00e1s\u00e1ra tervezett pneumatikus sz\u00f6gbel\u00f6v\u0151 pisztolyokkal. Ezek a sz\u00f6gbel\u00f6v\u0151 pisztolyok s\u0171r\u00edtett leveg\u0151t haszn\u00e1lnak a sz\u00f6gek gyors \u00e9s hat\u00e9kony behajt\u00e1s\u00e1hoz az anyagba.<\/li>\n<li>Alkalmaz\u00e1sok: \u00c1ltal\u00e1ban k\u00fcl\u00f6nb\u00f6z\u0151 \u00e9p\u00edt\u0151ipari alkalmaz\u00e1sokban haszn\u00e1lj\u00e1k, bele\u00e9rtve a keretez\u00e9st, burkolatot, deszk\u00e1zatot, iparv\u00e1g\u00e1nyt \u00e9s \u00e1ltal\u00e1nos \u00e1csmunk\u00e1kat. Kiv\u00e1l\u00f3 tart\u00f3er\u0151t biztos\u00edtanak, \u00e9s alkalmasak nagy volumen\u0171 projektekhez, ahol hat\u00e9kony \u00e9s megb\u00edzhat\u00f3 r\u00f6gz\u00edt\u00e9sre van sz\u00fcks\u00e9g.<\/li>\n<li>Cs\u00f6kkentett zavar\u00e1s: A m\u0171anyag \u00f6sszeilleszt\u00e9s minimaliz\u00e1lja a sz\u00f6gelakad\u00e1s vagy a sz\u00f6gpisztolyban t\u00f6rt\u00e9n\u0151 f\u00e9lresiker\u00fcl\u00e9s kock\u00e1zat\u00e1t, ami z\u00f6kken\u0151mentesebb m\u0171k\u00f6d\u00e9st \u00e9s nagyobb termel\u00e9kenys\u00e9get eredm\u00e9nyez.<\/li>\n<li>Sokoldal\u00fas\u00e1g: A m\u0171anyaggal bevont tekercses sz\u00f6gek k\u00fcl\u00f6nb\u00f6z\u0151 hossz\u00fas\u00e1gokban, \u00e1tm\u00e9r\u0151kben \u00e9s m\u00e9retekben kaphat\u00f3k a k\u00fcl\u00f6nb\u00f6z\u0151 alkalmaz\u00e1sokhoz val\u00f3 alkalmazkod\u00e1s \u00e9rdek\u00e9ben. Belt\u00e9ri \u00e9s k\u00fclt\u00e9ri projektekhez egyar\u00e1nt haszn\u00e1lhat\u00f3ak, \u00e9s az anyagok sz\u00e9les sk\u00e1l\u00e1j\u00e1hoz, t\u00f6bbek k\u00f6z\u00f6tt f\u00e1hoz, r\u00e9tegelt lemezhez \u00e9s bizonyos t\u00edpus\u00fa kompozit anyagokhoz is alkalmasak.<\/li>\n<\/ol>\n<div class=\"ast-oembed-container\" style=\"height: 100%;\"><iframe title=\"M\u0171anyag tekercses k\u00f6r\u00f6m M\u0171anyag-\u00f6sszek\u00f6t\u00f6tt tekercses k\u00f6rm\u00f6k\" width=\"500\" height=\"281\" src=\"https:\/\/www.youtube.com\/embed\/KI31oh39oO8?feature=oembed\" frameborder=\"0\" allow=\"accelerometer; autoplay; clipboard-write; encrypted-media; gyroscope; picture-in-picture; web-share\" referrerpolicy=\"strict-origin-when-cross-origin\" allowfullscreen><\/iframe><\/div>","protected":false},"excerpt":{"rendered":"<p>A m\u0171anyaggal t\u00f6lt\u00f6tt tekercssz\u00f6gek egyens\u00falyt biztos\u00edtanak a m\u0171anyag sz\u00f6gek k\u00e9nyelme \u00e9s a tekercssz\u00f6gek teljes\u00edtm\u00e9nye k\u00f6z\u00f6tt. M\u0171anyag szalag\u00f6ssze\u00e1ll\u00edt\u00e1suk hat\u00e9kony t\u00f6lt\u00e9st \u00e9s egyenletes adagol\u00e1st biztos\u00edt, m\u00edg a tekercs alakja megn\u00f6velt sz\u00f6gkapacit\u00e1st biztos\u00edt. Ez teszi \u0151ket n\u00e9pszer\u0171 v\u00e1laszt\u00e1ss\u00e1 az \u00e9p\u00edt\u0151ipari \u00e9s \u00e1csipari szakemberek sz\u00e1m\u00e1ra, akiknek megb\u00edzhat\u00f3 \u00e9s hat\u00e9kony r\u00f6gz\u00edt\u00e9si megold\u00e1sokra van sz\u00fcks\u00e9g\u00fck.<\/p>","protected":false},"featured_media":4286,"comment_status":"open","ping_status":"closed","template":"","meta":{"site-sidebar-layout":"default","site-content-layout":"default","ast-site-content-layout":"","site-content-style":"default","site-sidebar-style":"default","ast-global-header-display":"","ast-banner-title-visibility":"","ast-main-header-display":"","ast-hfb-above-header-display":"","ast-hfb-below-header-display":"","ast-hfb-mobile-header-display":"","site-post-title":"","ast-breadcrumbs-content":"","ast-featured-img":"","footer-sml-layout":"","theme-transparent-header-meta":"default","adv-header-id-meta":"","stick-header-meta":"default","header-above-stick-meta":"","header-main-stick-meta":"","header-below-stick-meta":"","astra-migrate-meta-layouts":"default","ast-page-background-enabled":"default","ast-page-background-meta":{"desktop":{"background-color":"","background-image":"","background-repeat":"repeat","background-position":"center center","background-size":"auto","background-attachment":"scroll","background-type":"","background-media":"","overlay-type":"","overlay-color":"","overlay-opacity":"","overlay-gradient":""},"tablet":{"background-color":"","background-image":"","background-repeat":"repeat","background-position":"center center","background-size":"auto","background-attachment":"scroll","background-type":"","background-media":"","overlay-type":"","overlay-color":"","overlay-opacity":"","overlay-gradient":""},"mobile":{"background-color":"","background-image":"","background-repeat":"repeat","background-position":"center center","background-size":"auto","background-attachment":"scroll","background-type":"","background-media":"","overlay-type":"","overlay-color":"","overlay-opacity":"","overlay-gradient":""}},"ast-content-background-meta":{"desktop":{"background-color":"var(--ast-global-color-5)","background-image":"","background-repeat":"repeat","background-position":"center center","background-size":"auto","background-attachment":"scroll","background-type":"","background-media":"","overlay-type":"","overlay-color":"","overlay-opacity":"","overlay-gradient":""},"tablet":{"background-color":"var(--ast-global-color-5)","background-image":"","background-repeat":"repeat","background-position":"center center","background-size":"auto","background-attachment":"scroll","background-type":"","background-media":"","overlay-type":"","overlay-color":"","overlay-opacity":"","overlay-gradient":""},"mobile":{"background-color":"var(--ast-global-color-5)","background-image":"","background-repeat":"repeat","background-position":"center center","background-size":"auto","background-attachment":"scroll","background-type":"","background-media":"","overlay-type":"","overlay-color":"","overlay-opacity":"","overlay-gradient":""}}},"product_brand":[],"product_cat":[34,43],"product_tag":[],"class_list":{"0":"post-4285","1":"product","2":"type-product","3":"status-publish","4":"has-post-thumbnail","6":"product_cat-nail","7":"product_cat-rigging-hardware","8":"desktop-align-left","9":"tablet-align-left","10":"mobile-align-left","11":"ast-product-gallery-layout-horizontal-slider","12":"ast-product-tabs-layout-horizontal","14":"first","15":"instock","16":"shipping-taxable","17":"purchasable","18":"product-type-simple"},"yoast_head":"<!-- This site is optimized with the Yoast SEO plugin v25.2 - https:\/\/yoast.com\/wordpress\/plugins\/seo\/ -->\n<title>Plastic Coil Nail Plastic-Collated Coil Nails<\/title>\n<meta name=\"description\" content=\"Plastic-collated coil nails provide a balance between the convenience of plastic collation and the performance of coil nails.\" \/>\n<meta name=\"robots\" content=\"index, follow, max-snippet:-1, max-image-preview:large, max-video-preview:-1\" \/>\n<link rel=\"canonical\" href=\"https:\/\/qingdaohf.com\/hu\/termek\/muanyag-tekercses-szog-muanyag-szogek-muanyag-tekercses-szogek\/\" \/>\n<meta property=\"og:locale\" content=\"hu_HU\" \/>\n<meta property=\"og:type\" content=\"article\" \/>\n<meta property=\"og:title\" content=\"Plastic Coil Nail Plastic-Collated Coil Nails\" \/>\n<meta property=\"og:description\" content=\"Plastic-collated coil nails provide a balance between the convenience of plastic collation and the performance of coil nails.\" \/>\n<meta property=\"og:url\" content=\"https:\/\/qingdaohf.com\/hu\/termek\/muanyag-tekercses-szog-muanyag-szogek-muanyag-tekercses-szogek\/\" \/>\n<meta property=\"og:site_name\" content=\"Concrete Form &amp; Rigging Hardware Supplier\" \/>\n<meta property=\"article:publisher\" content=\"https:\/\/www.facebook.com\/qingdaohf\" \/>\n<meta property=\"article:modified_time\" content=\"2025-11-13T01:04:04+00:00\" \/>\n<meta property=\"og:image\" content=\"https:\/\/qingdaohf.com\/wp-content\/uploads\/2023\/06\/plastic-coil-nail-2.jpg\" \/>\n\t<meta property=\"og:image:width\" content=\"1000\" \/>\n\t<meta property=\"og:image:height\" content=\"1000\" \/>\n\t<meta property=\"og:image:type\" content=\"image\/jpeg\" \/>\n<meta name=\"twitter:card\" content=\"summary_large_image\" \/>\n<meta name=\"twitter:label1\" content=\"Becs\u00fclt olvas\u00e1si id\u0151\" \/>\n\t<meta name=\"twitter:data1\" content=\"2 perc\" \/>\n<script type=\"application\/ld+json\" class=\"yoast-schema-graph\">{\"@context\":\"https:\/\/schema.org\",\"@graph\":[{\"@type\":\"WebPage\",\"@id\":\"https:\/\/qingdaohf.com\/product\/plastic-coil-nail-plastic-collated-coil-nails\/\",\"url\":\"https:\/\/qingdaohf.com\/product\/plastic-coil-nail-plastic-collated-coil-nails\/\",\"name\":\"Plastic Coil Nail Plastic-Collated Coil Nails\",\"isPartOf\":{\"@id\":\"https:\/\/qingdaohf.com\/bg\/#website\"},\"primaryImageOfPage\":{\"@id\":\"https:\/\/qingdaohf.com\/product\/plastic-coil-nail-plastic-collated-coil-nails\/#primaryimage\"},\"image\":{\"@id\":\"https:\/\/qingdaohf.com\/product\/plastic-coil-nail-plastic-collated-coil-nails\/#primaryimage\"},\"thumbnailUrl\":\"https:\/\/qingdaohf.com\/wp-content\/uploads\/2023\/06\/plastic-coil-nail-2.jpg\",\"datePublished\":\"2023-06-01T10:22:11+00:00\",\"dateModified\":\"2025-11-13T01:04:04+00:00\",\"description\":\"Plastic-collated coil nails provide a balance between the convenience of plastic collation and the performance of coil nails.\",\"breadcrumb\":{\"@id\":\"https:\/\/qingdaohf.com\/product\/plastic-coil-nail-plastic-collated-coil-nails\/#breadcrumb\"},\"inLanguage\":\"hu\",\"potentialAction\":[{\"@type\":\"ReadAction\",\"target\":[\"https:\/\/qingdaohf.com\/product\/plastic-coil-nail-plastic-collated-coil-nails\/\"]}]},{\"@type\":\"ImageObject\",\"inLanguage\":\"hu\",\"@id\":\"https:\/\/qingdaohf.com\/product\/plastic-coil-nail-plastic-collated-coil-nails\/#primaryimage\",\"url\":\"https:\/\/qingdaohf.com\/wp-content\/uploads\/2023\/06\/plastic-coil-nail-2.jpg\",\"contentUrl\":\"https:\/\/qingdaohf.com\/wp-content\/uploads\/2023\/06\/plastic-coil-nail-2.jpg\",\"width\":1000,\"height\":1000,\"caption\":\"plastic coil nail\"},{\"@type\":\"BreadcrumbList\",\"@id\":\"https:\/\/qingdaohf.com\/product\/plastic-coil-nail-plastic-collated-coil-nails\/#breadcrumb\",\"itemListElement\":[{\"@type\":\"ListItem\",\"position\":1,\"name\":\"Home\",\"item\":\"https:\/\/qingdaohf.com\/\"},{\"@type\":\"ListItem\",\"position\":2,\"name\":\"Concrete Forming Accessories and Rigging Hardware\",\"item\":\"https:\/\/qingdaohf.com\/bg\/?page_id=944\"},{\"@type\":\"ListItem\",\"position\":3,\"name\":\"Plastic Coil Nail Plastic-Collated Coil Nails\"}]},{\"@type\":\"WebSite\",\"@id\":\"https:\/\/qingdaohf.com\/bg\/#website\",\"url\":\"https:\/\/qingdaohf.com\/bg\/\",\"name\":\"Concrete Form & Rigging Hardware Supplier\",\"description\":\"\",\"publisher\":{\"@id\":\"https:\/\/qingdaohf.com\/bg\/#organization\"},\"potentialAction\":[{\"@type\":\"SearchAction\",\"target\":{\"@type\":\"EntryPoint\",\"urlTemplate\":\"https:\/\/qingdaohf.com\/bg\/?s={search_term_string}\"},\"query-input\":{\"@type\":\"PropertyValueSpecification\",\"valueRequired\":true,\"valueName\":\"search_term_string\"}}],\"inLanguage\":\"hu\"},{\"@type\":\"Organization\",\"@id\":\"https:\/\/qingdaohf.com\/bg\/#organization\",\"name\":\"Qingdao H&F\",\"url\":\"https:\/\/qingdaohf.com\/bg\/\",\"logo\":{\"@type\":\"ImageObject\",\"inLanguage\":\"hu\",\"@id\":\"https:\/\/qingdaohf.com\/bg\/#\/schema\/logo\/image\/\",\"url\":\"https:\/\/qingdaohf.com\/wp-content\/uploads\/2022\/12\/cropped-HF-LOGO.png\",\"contentUrl\":\"https:\/\/qingdaohf.com\/wp-content\/uploads\/2022\/12\/cropped-HF-LOGO.png\",\"width\":391,\"height\":249,\"caption\":\"Qingdao H&F\"},\"image\":{\"@id\":\"https:\/\/qingdaohf.com\/bg\/#\/schema\/logo\/image\/\"},\"sameAs\":[\"https:\/\/www.facebook.com\/qingdaohf\"]}]}<\/script>\n<!-- \/ Yoast SEO plugin. -->","yoast_head_json":{"title":"Plastic Coil Nail Plastic-Collated Coil Nails","description":"Plastic-collated coil nails provide a balance between the convenience of plastic collation and the performance of coil nails.","robots":{"index":"index","follow":"follow","max-snippet":"max-snippet:-1","max-image-preview":"max-image-preview:large","max-video-preview":"max-video-preview:-1"},"canonical":"https:\/\/qingdaohf.com\/hu\/termek\/muanyag-tekercses-szog-muanyag-szogek-muanyag-tekercses-szogek\/","og_locale":"hu_HU","og_type":"article","og_title":"Plastic Coil Nail Plastic-Collated Coil Nails","og_description":"Plastic-collated coil nails provide a balance between the convenience of plastic collation and the performance of coil nails.","og_url":"https:\/\/qingdaohf.com\/hu\/termek\/muanyag-tekercses-szog-muanyag-szogek-muanyag-tekercses-szogek\/","og_site_name":"Concrete Form &amp; Rigging Hardware Supplier","article_publisher":"https:\/\/www.facebook.com\/qingdaohf","article_modified_time":"2025-11-13T01:04:04+00:00","og_image":[{"width":1000,"height":1000,"url":"https:\/\/qingdaohf.com\/wp-content\/uploads\/2023\/06\/plastic-coil-nail-2.jpg","type":"image\/jpeg"}],"twitter_card":"summary_large_image","twitter_misc":{"Becs\u00fclt olvas\u00e1si id\u0151":"2 perc"},"schema":{"@context":"https:\/\/schema.org","@graph":[{"@type":"WebPage","@id":"https:\/\/qingdaohf.com\/product\/plastic-coil-nail-plastic-collated-coil-nails\/","url":"https:\/\/qingdaohf.com\/product\/plastic-coil-nail-plastic-collated-coil-nails\/","name":"Plastic Coil Nail Plastic-Collated Coil Nails","isPartOf":{"@id":"https:\/\/qingdaohf.com\/bg\/#website"},"primaryImageOfPage":{"@id":"https:\/\/qingdaohf.com\/product\/plastic-coil-nail-plastic-collated-coil-nails\/#primaryimage"},"image":{"@id":"https:\/\/qingdaohf.com\/product\/plastic-coil-nail-plastic-collated-coil-nails\/#primaryimage"},"thumbnailUrl":"https:\/\/qingdaohf.com\/wp-content\/uploads\/2023\/06\/plastic-coil-nail-2.jpg","datePublished":"2023-06-01T10:22:11+00:00","dateModified":"2025-11-13T01:04:04+00:00","description":"Plastic-collated coil nails provide a balance between the convenience of plastic collation and the performance of coil nails.","breadcrumb":{"@id":"https:\/\/qingdaohf.com\/product\/plastic-coil-nail-plastic-collated-coil-nails\/#breadcrumb"},"inLanguage":"hu","potentialAction":[{"@type":"ReadAction","target":["https:\/\/qingdaohf.com\/product\/plastic-coil-nail-plastic-collated-coil-nails\/"]}]},{"@type":"ImageObject","inLanguage":"hu","@id":"https:\/\/qingdaohf.com\/product\/plastic-coil-nail-plastic-collated-coil-nails\/#primaryimage","url":"https:\/\/qingdaohf.com\/wp-content\/uploads\/2023\/06\/plastic-coil-nail-2.jpg","contentUrl":"https:\/\/qingdaohf.com\/wp-content\/uploads\/2023\/06\/plastic-coil-nail-2.jpg","width":1000,"height":1000,"caption":"plastic coil nail"},{"@type":"BreadcrumbList","@id":"https:\/\/qingdaohf.com\/product\/plastic-coil-nail-plastic-collated-coil-nails\/#breadcrumb","itemListElement":[{"@type":"ListItem","position":1,"name":"Home","item":"https:\/\/qingdaohf.com\/"},{"@type":"ListItem","position":2,"name":"Concrete Forming Accessories and Rigging Hardware","item":"https:\/\/qingdaohf.com\/bg\/?page_id=944"},{"@type":"ListItem","position":3,"name":"Plastic Coil Nail Plastic-Collated Coil Nails"}]},{"@type":"WebSite","@id":"https:\/\/qingdaohf.com\/bg\/#website","url":"https:\/\/qingdaohf.com\/bg\/","name":"Concrete Form & Rigging Hardware Supplier","description":"","publisher":{"@id":"https:\/\/qingdaohf.com\/bg\/#organization"},"potentialAction":[{"@type":"SearchAction","target":{"@type":"EntryPoint","urlTemplate":"https:\/\/qingdaohf.com\/bg\/?s={search_term_string}"},"query-input":{"@type":"PropertyValueSpecification","valueRequired":true,"valueName":"search_term_string"}}],"inLanguage":"hu"},{"@type":"Organization","@id":"https:\/\/qingdaohf.com\/bg\/#organization","name":"Qingdao H&F","url":"https:\/\/qingdaohf.com\/bg\/","logo":{"@type":"ImageObject","inLanguage":"hu","@id":"https:\/\/qingdaohf.com\/bg\/#\/schema\/logo\/image\/","url":"https:\/\/qingdaohf.com\/wp-content\/uploads\/2022\/12\/cropped-HF-LOGO.png","contentUrl":"https:\/\/qingdaohf.com\/wp-content\/uploads\/2022\/12\/cropped-HF-LOGO.png","width":391,"height":249,"caption":"Qingdao H&F"},"image":{"@id":"https:\/\/qingdaohf.com\/bg\/#\/schema\/logo\/image\/"},"sameAs":["https:\/\/www.facebook.com\/qingdaohf"]}]}},"_links":{"self":[{"href":"https:\/\/qingdaohf.com\/hu\/wp-json\/wp\/v2\/product\/4285","targetHints":{"allow":["GET"]}}],"collection":[{"href":"https:\/\/qingdaohf.com\/hu\/wp-json\/wp\/v2\/product"}],"about":[{"href":"https:\/\/qingdaohf.com\/hu\/wp-json\/wp\/v2\/types\/product"}],"replies":[{"embeddable":true,"href":"https:\/\/qingdaohf.com\/hu\/wp-json\/wp\/v2\/comments?post=4285"}],"version-history":[{"count":2,"href":"https:\/\/qingdaohf.com\/hu\/wp-json\/wp\/v2\/product\/4285\/revisions"}],"predecessor-version":[{"id":10416,"href":"https:\/\/qingdaohf.com\/hu\/wp-json\/wp\/v2\/product\/4285\/revisions\/10416"}],"wp:featuredmedia":[{"embeddable":true,"href":"https:\/\/qingdaohf.com\/hu\/wp-json\/wp\/v2\/media\/4286"}],"wp:attachment":[{"href":"https:\/\/qingdaohf.com\/hu\/wp-json\/wp\/v2\/media?parent=4285"}],"wp:term":[{"taxonomy":"product_brand","embeddable":true,"href":"https:\/\/qingdaohf.com\/hu\/wp-json\/wp\/v2\/product_brand?post=4285"},{"taxonomy":"product_cat","embeddable":true,"href":"https:\/\/qingdaohf.com\/hu\/wp-json\/wp\/v2\/product_cat?post=4285"},{"taxonomy":"product_tag","embeddable":true,"href":"https:\/\/qingdaohf.com\/hu\/wp-json\/wp\/v2\/product_tag?post=4285"}],"curies":[{"name":"wp","href":"https:\/\/api.w.org\/{rel}","templated":true}]}}