{"id":4551,"date":"2023-06-25T17:55:26","date_gmt":"2023-06-25T09:55:26","guid":{"rendered":"http:\/\/qingdaohf.com\/?post_type=product&#038;p=4551"},"modified":"2025-11-13T09:04:03","modified_gmt":"2025-11-13T01:04:03","slug":"closed-body-turnbuckle","status":"publish","type":"product","link":"https:\/\/qingdaohf.com\/hu\/termek\/zart-test-csuklos-csuklopant\/","title":{"rendered":"Z\u00e1rt test\u0171 csavark\u00f6t\u0151"},"content":{"rendered":"<h2 class=\"text-2xl font-bold mt-1 text-text-200\">Bevezet\u00e9s a z\u00e1rt test\u0171 csavark\u00f6t\u0151be<\/h2>\n<p class=\"whitespace-pre-wrap break-words\">Besz\u00e9lj\u00fcnk a z\u00e1rt test\u0171 elford\u00edt\u00f3kr\u00f3l - azokr\u00f3l a n\u00e9lk\u00fcl\u00f6zhetetlen mechanikus eszk\u00f6z\u00f6kr\u0151l, amelyeket mindenhol megtal\u00e1l, ahol a fesz\u00fclts\u00e9get pontosan be kell \u00e1ll\u00edtani. Gondoljon r\u00e1juk \u00fagy, mint a k\u00e1bel- \u00e9s dr\u00f3tk\u00f6t\u00e9lrendszerek meg nem \u00e9nekelt h\u0151seire. Egyszer\u0171bb rokonaikkal ellent\u00e9tben ezek a csavarkulcsok teljesen z\u00e1rt kialak\u00edt\u00e1s\u00faak, amely megv\u00e9di a munkadarabokat az elemekt\u0151l, \u00edgy hihetetlen\u00fcl megb\u00edzhat\u00f3ak az \u00e9p\u00edtkez\u00e9si ter\u00fcletekt\u0151l a vitorl\u00e1s haj\u00f3kig mindenhol.<\/p>\n<p class=\"whitespace-pre-wrap break-words\">A zsenialit\u00e1s az egyszer\u0171, m\u00e9gis hat\u00e9kony kialak\u00edt\u00e1sukban rejlik: k\u00e9t menetes v\u00e9get egy v\u00e9dett bels\u0151 mechanizmus k\u00f6t \u00f6ssze. Ez a be\u00e1ll\u00edt\u00e1s lehet\u0151v\u00e9 teszi, hogy pontosan be\u00e1ll\u00edtsa a megfelel\u0151 feszess\u00e9get, mik\u00f6zben az \u00f6sszes l\u00e9tfontoss\u00e1g\u00fa alkatr\u00e9szt meg\u00f3vja az id\u0151j\u00e1r\u00e1st\u00f3l \u00e9s a kop\u00e1st\u00f3l. A szakemberek sz\u00e1m\u00e1ra, akik nem engedhetik meg maguknak a felszerel\u00e9s meghib\u00e1sod\u00e1s\u00e1t, ez az extra v\u00e9delem nem csak kellemes, hanem elengedhetetlen.<\/p>\n<h2 class=\"text-xl font-bold text-text-200 mt-1 -mb-0.5\">A z\u00e1rt test\u0171 cs\u0151csat haszn\u00e1lat\u00e1nak el\u0151nyei<\/h2>\n<p class=\"whitespace-pre-wrap break-words\">Tal\u00e1n elgondolkodik azon, hogy mi\u00e9rt v\u00e1ltak a z\u00e1rt test\u0171 csavarcsatok az ig\u00e9nyes alkalmaz\u00e1sokban a legjobb v\u00e1laszt\u00e1ss\u00e1. El\u0151sz\u00f6r is, \u00fagy \u00e9p\u00fclnek, mint a tankok. Az olyan robusztus anyagokb\u00f3l, mint a rozsdamentes vagy sz\u00e9nac\u00e9l k\u00e9sz\u00fcltek, ezek az eszk\u00f6z\u00f6k nevetnek a zord id\u0151j\u00e1r\u00e1s \u00e9s a neh\u00e9z terhel\u00e9sek ellen\u00e9re is. Olyan szersz\u00e1mok, amelyek m\u00e9g akkor is m\u0171k\u00f6dnek, amikor m\u00e1sok m\u00e1r r\u00e9g feladt\u00e1k volna.<\/p>\n<p class=\"whitespace-pre-wrap break-words\">Ami igaz\u00e1n megk\u00fcl\u00f6nb\u00f6zteti \u0151ket egym\u00e1st\u00f3l, az az, hogy mennyire felhaszn\u00e1l\u00f3bar\u00e1tok. Be kell \u00e1ll\u00edtania a fesz\u00fclts\u00e9get? Ez olyan egyszer\u0171, mint elforgatni a testet, am\u00edg el nem \u00e9ri az \u00e9des pontot. Ez rendk\u00edv\u00fcl fontos, amikor olyan dolgokkal foglalkozik, mint p\u00e9ld\u00e1ul egy vitorl\u00e1s haj\u00f3 k\u00f6t\u00e9lzet\u00e9n, ahol a fesz\u00fclts\u00e9g be\u00e1ll\u00edt\u00e1s\u00e1ra menet k\u00f6zben is sz\u00fcks\u00e9g lehet.<\/p>\n<p class=\"whitespace-pre-wrap break-words\">A z\u00e1rt kialak\u00edt\u00e1s sem csak a l\u00e1tszat kedv\u00e9\u00e9rt k\u00e9sz\u00fclt. Azzal, hogy a menetet v\u00e9dve tartja, l\u00e9nyeg\u00e9ben \u00e9vekkel hosszabb\u00edtja meg a csavark\u00f6t\u0151 \u00e9lettartam\u00e1t. Ha \u00f6sszehasonl\u00edtod \u0151ket a nyitott test\u0171 v\u00e1ltozatokkal, ez olyan, mintha egy v\u00edz\u00e1ll\u00f3 \u00e9s egy hagyom\u00e1nyos \u00f3ra k\u00f6z\u00f6tt v\u00e1lasztan\u00e1l - persze, mindkett\u0151 mutatja az id\u0151t, de tudod, hogy viharban melyikre szavazol ink\u00e1bb.<\/p>\n<h2 class=\"text-xl font-bold text-text-200 mt-1 -mb-0.5\">A z\u00e1rt test\u0171 elford\u00edt\u00f3k alkalmaz\u00e1sai<\/h2>\n<p class=\"whitespace-pre-wrap break-words\">Ezek a sokoldal\u00fa eszk\u00f6z\u00f6k szinte minden olyan ipar\u00e1gban megtal\u00e1lj\u00e1k az utat, ahol a fesz\u00fclts\u00e9g sz\u00e1m\u00edt. Az \u00e9p\u00edt\u0151ipari csapatok a hidak \u00e9s tornyok k\u00e1belfesz\u00fclts\u00e9g\u00e9nek fenntart\u00e1s\u00e1ban t\u00e1maszkodnak r\u00e1juk, biztos\u00edtva, hogy ezek a massz\u00edv szerkezetek sziklaszil\u00e1rdak maradjanak. A v\u00edzen a vitorl\u00e1z\u00f3k b\u00edznak benn\u00fck, hogy feszesen \u00e9s rugalmasan tarts\u00e1k a k\u00f6t\u00e9lzetet, \u00e9s az id\u0151j\u00e1r\u00e1si k\u00f6r\u00fclm\u00e9nyeknek megfelel\u0151en igazodjanak hozz\u00e1.<\/p>\n<p class=\"whitespace-pre-wrap break-words\">M\u00e9g az olyan cs\u00facstechnol\u00f3giai ter\u00fcleteken is, mint az aut\u00f3ipar \u00e9s a rep\u00fcl\u0151g\u00e9pgy\u00e1rt\u00e1s, a z\u00e1rt test\u0171 elford\u00edt\u00f3k d\u00f6nt\u0151 szerepet j\u00e1tszanak. Elengedhetetlenek az alkatr\u00e9szek r\u00f6gz\u00edt\u00e9s\u00e9hez \u00e9s a pontos fesz\u00fclts\u00e9g fenntart\u00e1s\u00e1hoz a k\u00fcl\u00f6nb\u00f6z\u0151 mechanikai rendszerekben.<\/p>\n<p class=\"whitespace-pre-wrap break-words\">A bark\u00e1csk\u00f6z\u00f6ss\u00e9g is felkarolta \u0151ket. Ak\u00e1r egy dr\u00f3tkorl\u00e1tot \u00e1ll\u00edt fel a fed\u00e9lzet\u00e9re, ak\u00e1r kerti r\u00e1csrendszert telep\u00edt, ezek a csavarkulcsok professzion\u00e1lis megb\u00edzhat\u00f3s\u00e1got biztos\u00edtanak, amely biztos\u00edtja, hogy a projektje ki\u00e1llja az id\u0151 pr\u00f3b\u00e1j\u00e1t.<\/p>\n<h2 class=\"text-xl font-bold text-text-200 mt-1 -mb-0.5\">Mi\u00e9rt v\u00e1lasszon minket<\/h2>\n<p class=\"whitespace-pre-wrap break-words\">H\u00edrnev\u00fcnket arra \u00e9p\u00edtett\u00fck, hogy olyan csavarh\u00faz\u00f3kat k\u00edn\u00e1lunk, amelyek folyamatosan fel\u00fclm\u00falj\u00e1k az elv\u00e1r\u00e1sokat. Term\u00e9kcsal\u00e1dunk minden elk\u00e9pzelhet\u0151 specifik\u00e1ci\u00f3t lefed, \u00edgy biztos\u00edtva, hogy pontosan azt tal\u00e1lja, amit a projektje megk\u00f6vetel. Ami azonban igaz\u00e1n megk\u00fcl\u00f6nb\u00f6ztet minket, az a gyakorlatias hozz\u00e1\u00e1ll\u00e1sunk az \u00fcgyf\u00e9lszolg\u00e1lathoz.<\/p>\n<p class=\"whitespace-pre-wrap break-words\">Ha vel\u00fcnk dolgozik, akkor nem csak kiv\u00e1l\u00f3 min\u0151s\u00e9g\u0171 cs\u0151v\u00e1zakat kap. Olyan partnert kap, aki meg\u00e9rti az \u00d6n ig\u00e9nyeit, \u00e9s gyorsan reag\u00e1l a k\u00e9r\u00e9seire. Tudjuk, hogy az alkatr\u00e9szekre val\u00f3 v\u00e1rakoz\u00e1s megakaszthatja a projektet, ez\u00e9rt optimaliz\u00e1ltuk sz\u00e1ll\u00edt\u00e1si rendszer\u00fcnket, hogy azt kapja, amire sz\u00fcks\u00e9ge van, amikor sz\u00fcks\u00e9ge van r\u00e1.<\/p>\n<p class=\"whitespace-pre-wrap break-words\">Minden \u00e1ltalunk sz\u00e1ll\u00edtott cs\u0151csathoz \u00e1tfog\u00f3 min\u0151s\u00e9gellen\u0151rz\u00e9si jelent\u00e9s tartozik. Term\u00e9keinket szigor\u00fa teszteknek vetj\u00fck al\u00e1, mert meg\u00e9rtj\u00fck, hogy az \u00d6n munk\u00e1ja sor\u00e1n a kudarc nem opci\u00f3.<\/p>\n<h2 class=\"text-2xl font-bold mt-1 text-text-200\">K\u00f6vetkeztet\u00e9s<\/h2>\n<p class=\"whitespace-pre-wrap break-words\">A megfelel\u0151 csavark\u00f6t\u0151 kiv\u00e1laszt\u00e1sa eld\u00f6ntheti vagy megt\u00f6rheti a projektet. A z\u00e1rt test kialak\u00edt\u00e1sa olyan extra szint\u0171 v\u00e9delmet \u00e9s megb\u00edzhat\u00f3s\u00e1got ny\u00fajt, ami miatt meg\u00e9ri a befektet\u00e9st. Ak\u00e1r egy \u00e9p\u00fcletet emel fel, ak\u00e1r egy vitorl\u00e1shaj\u00f3t k\u00f6t\u00e9lzetel fel, olyan felszerel\u00e9sre van sz\u00fcks\u00e9ge, amelyre sz\u00e1m\u00edthat. Ha partneri kapcsolatba l\u00e9p vel\u00fcnk, nem csak kiv\u00e1l\u00f3 term\u00e9keket, hanem a megfelel\u0151 t\u00e1mogat\u00e1st \u00e9s szolg\u00e1ltat\u00e1st is megkapja. Ne k\u00f6ss\u00f6n kompromisszumot a min\u0151s\u00e9g ter\u00e9n - v\u00e1lasszon olyan csavarkulcsokat, amelyeket \u00fagy \u00e9p\u00edtettek, hogy teljes\u00edtsenek.<\/p>","protected":false},"excerpt":{"rendered":"<p>A z\u00e1rt test\u0171 csavark\u00f6t\u0151 egy er\u0151s \u00e9s alkalmazkod\u00f3 berendez\u00e9s, amelyet k\u00e1belek, k\u00f6telek vagy k\u00f6t\u00e9lzeti konfigur\u00e1ci\u00f3k fesz\u00fclts\u00e9g\u00e9nek be\u00e1ll\u00edt\u00e1s\u00e1ra haszn\u00e1lnak. Ez az er\u0151 \u00e9s pontoss\u00e1g \u00e9rdek\u00e9ben gy\u00e1rtott csavarkulcs sz\u00e1mos felhaszn\u00e1l\u00e1si c\u00e9lra alkalmas, a bark\u00e1csol\u00e1st\u00f3l az ipari alkalmaz\u00e1sokig. Szervezet\u00fcnk p\u00e1ratlan el\u0151nyt ny\u00fajt a szem\u00e9lyre szabott, egyszem\u00e9lyes \u00fcgyf\u00e9lszolg\u00e1lattal, gyors sz\u00e1ll\u00edt\u00e1si ciklusokkal \u00e9s r\u00e9szletes min\u0151s\u00e9gellen\u0151rz\u00e9si jelent\u00e9sekkel, amelyek garant\u00e1lj\u00e1k, hogy minden term\u00e9k a lehet\u0151 legjobb min\u0151s\u00e9g\u0171. Sz\u00e1m\u00edthat r\u00e1nk, ha megb\u00edzhat\u00f3 megold\u00e1sokat szeretne kapni az \u00d6n csavark\u00f6t\u0151 ig\u00e9nyeihez, p\u00e1ratlan hat\u00e9konys\u00e1ggal \u00e9s min\u0151s\u00e9ggel.<\/p>","protected":false},"featured_media":4552,"comment_status":"open","ping_status":"closed","template":"","meta":{"site-sidebar-layout":"default","site-content-layout":"default","ast-site-content-layout":"default","site-content-style":"default","site-sidebar-style":"default","ast-global-header-display":"","ast-banner-title-visibility":"","ast-main-header-display":"","ast-hfb-above-header-display":"","ast-hfb-below-header-display":"","ast-hfb-mobile-header-display":"","site-post-title":"","ast-breadcrumbs-content":"","ast-featured-img":"","footer-sml-layout":"","theme-transparent-header-meta":"default","adv-header-id-meta":"","stick-header-meta":"default","header-above-stick-meta":"","header-main-stick-meta":"","header-below-stick-meta":"","astra-migrate-meta-layouts":"set","ast-page-background-enabled":"default","ast-page-background-meta":{"desktop":{"background-color":"","background-image":"","background-repeat":"repeat","background-position":"center center","background-size":"auto","background-attachment":"scroll","background-type":"","background-media":"","overlay-type":"","overlay-color":"","overlay-opacity":"","overlay-gradient":""},"tablet":{"background-color":"","background-image":"","background-repeat":"repeat","background-position":"center center","background-size":"auto","background-attachment":"scroll","background-type":"","background-media":"","overlay-type":"","overlay-color":"","overlay-opacity":"","overlay-gradient":""},"mobile":{"background-color":"","background-image":"","background-repeat":"repeat","background-position":"center center","background-size":"auto","background-attachment":"scroll","background-type":"","background-media":"","overlay-type":"","overlay-color":"","overlay-opacity":"","overlay-gradient":""}},"ast-content-background-meta":{"desktop":{"background-color":"var(--ast-global-color-5)","background-image":"","background-repeat":"repeat","background-position":"center center","background-size":"auto","background-attachment":"scroll","background-type":"","background-media":"","overlay-type":"","overlay-color":"","overlay-opacity":"","overlay-gradient":""},"tablet":{"background-color":"var(--ast-global-color-5)","background-image":"","background-repeat":"repeat","background-position":"center center","background-size":"auto","background-attachment":"scroll","background-type":"","background-media":"","overlay-type":"","overlay-color":"","overlay-opacity":"","overlay-gradient":""},"mobile":{"background-color":"var(--ast-global-color-5)","background-image":"","background-repeat":"repeat","background-position":"center center","background-size":"auto","background-attachment":"scroll","background-type":"","background-media":"","overlay-type":"","overlay-color":"","overlay-opacity":"","overlay-gradient":""}}},"product_brand":[],"product_cat":[56,43,44],"product_tag":[],"class_list":{"0":"post-4551","1":"product","2":"type-product","3":"status-publish","4":"has-post-thumbnail","6":"product_cat-turnbuckle","7":"product_cat-rigging-hardware","8":"product_cat-stainless-steel-poduct","9":"desktop-align-left","10":"tablet-align-left","11":"mobile-align-left","12":"ast-product-gallery-layout-horizontal-slider","13":"ast-product-tabs-layout-horizontal","15":"first","16":"instock","17":"shipping-taxable","18":"purchasable","19":"product-type-simple"},"yoast_head":"<!-- This site is optimized with the Yoast SEO plugin v25.2 - https:\/\/yoast.com\/wordpress\/plugins\/seo\/ -->\n<title>Closed Body Turnbuckle<\/title>\n<meta name=\"description\" content=\"A closed body turnbuckle is a mechanical device used to adjust tension or length in a system by utilizing the principle of a screw mechanism.\" \/>\n<meta name=\"robots\" content=\"index, follow, max-snippet:-1, max-image-preview:large, max-video-preview:-1\" \/>\n<link rel=\"canonical\" href=\"https:\/\/qingdaohf.com\/hu\/termek\/zart-test-csuklos-csuklopant\/\" \/>\n<meta property=\"og:locale\" content=\"hu_HU\" \/>\n<meta property=\"og:type\" content=\"article\" \/>\n<meta property=\"og:title\" content=\"Closed Body Turnbuckle\" \/>\n<meta property=\"og:description\" content=\"A closed body turnbuckle is a mechanical device used to adjust tension or length in a system by utilizing the principle of a screw mechanism.\" \/>\n<meta property=\"og:url\" content=\"https:\/\/qingdaohf.com\/hu\/termek\/zart-test-csuklos-csuklopant\/\" \/>\n<meta property=\"og:site_name\" content=\"Concrete Form &amp; Rigging Hardware Supplier\" \/>\n<meta property=\"article:publisher\" content=\"https:\/\/www.facebook.com\/qingdaohf\" \/>\n<meta property=\"article:modified_time\" content=\"2025-11-13T01:04:03+00:00\" \/>\n<meta property=\"og:image\" content=\"https:\/\/qingdaohf.com\/wp-content\/uploads\/2023\/06\/turnbuckle-9.jpg\" \/>\n\t<meta property=\"og:image:width\" content=\"1000\" \/>\n\t<meta property=\"og:image:height\" content=\"1000\" \/>\n\t<meta property=\"og:image:type\" content=\"image\/jpeg\" \/>\n<meta name=\"twitter:card\" content=\"summary_large_image\" \/>\n<meta name=\"twitter:label1\" content=\"Becs\u00fclt olvas\u00e1si id\u0151\" \/>\n\t<meta name=\"twitter:data1\" content=\"3 perc\" \/>\n<script type=\"application\/ld+json\" class=\"yoast-schema-graph\">{\"@context\":\"https:\/\/schema.org\",\"@graph\":[{\"@type\":\"WebPage\",\"@id\":\"https:\/\/qingdaohf.com\/product\/closed-body-turnbuckle\/\",\"url\":\"https:\/\/qingdaohf.com\/product\/closed-body-turnbuckle\/\",\"name\":\"Closed Body Turnbuckle\",\"isPartOf\":{\"@id\":\"https:\/\/qingdaohf.com\/bg\/#website\"},\"primaryImageOfPage\":{\"@id\":\"https:\/\/qingdaohf.com\/product\/closed-body-turnbuckle\/#primaryimage\"},\"image\":{\"@id\":\"https:\/\/qingdaohf.com\/product\/closed-body-turnbuckle\/#primaryimage\"},\"thumbnailUrl\":\"https:\/\/qingdaohf.com\/wp-content\/uploads\/2023\/06\/turnbuckle-9.jpg\",\"datePublished\":\"2023-06-25T09:55:26+00:00\",\"dateModified\":\"2025-11-13T01:04:03+00:00\",\"description\":\"A closed body turnbuckle is a mechanical device used to adjust tension or length in a system by utilizing the principle of a screw mechanism.\",\"breadcrumb\":{\"@id\":\"https:\/\/qingdaohf.com\/product\/closed-body-turnbuckle\/#breadcrumb\"},\"inLanguage\":\"hu\",\"potentialAction\":[{\"@type\":\"ReadAction\",\"target\":[\"https:\/\/qingdaohf.com\/product\/closed-body-turnbuckle\/\"]}]},{\"@type\":\"ImageObject\",\"inLanguage\":\"hu\",\"@id\":\"https:\/\/qingdaohf.com\/product\/closed-body-turnbuckle\/#primaryimage\",\"url\":\"https:\/\/qingdaohf.com\/wp-content\/uploads\/2023\/06\/turnbuckle-9.jpg\",\"contentUrl\":\"https:\/\/qingdaohf.com\/wp-content\/uploads\/2023\/06\/turnbuckle-9.jpg\",\"width\":1000,\"height\":1000,\"caption\":\"turnbuckle\"},{\"@type\":\"BreadcrumbList\",\"@id\":\"https:\/\/qingdaohf.com\/product\/closed-body-turnbuckle\/#breadcrumb\",\"itemListElement\":[{\"@type\":\"ListItem\",\"position\":1,\"name\":\"Home\",\"item\":\"https:\/\/qingdaohf.com\/\"},{\"@type\":\"ListItem\",\"position\":2,\"name\":\"Concrete Forming Accessories and Rigging Hardware\",\"item\":\"https:\/\/qingdaohf.com\/bg\/?page_id=944\"},{\"@type\":\"ListItem\",\"position\":3,\"name\":\"Closed Body Turnbuckle\"}]},{\"@type\":\"WebSite\",\"@id\":\"https:\/\/qingdaohf.com\/bg\/#website\",\"url\":\"https:\/\/qingdaohf.com\/bg\/\",\"name\":\"Concrete Form & Rigging Hardware Supplier\",\"description\":\"\",\"publisher\":{\"@id\":\"https:\/\/qingdaohf.com\/bg\/#organization\"},\"potentialAction\":[{\"@type\":\"SearchAction\",\"target\":{\"@type\":\"EntryPoint\",\"urlTemplate\":\"https:\/\/qingdaohf.com\/bg\/?s={search_term_string}\"},\"query-input\":{\"@type\":\"PropertyValueSpecification\",\"valueRequired\":true,\"valueName\":\"search_term_string\"}}],\"inLanguage\":\"hu\"},{\"@type\":\"Organization\",\"@id\":\"https:\/\/qingdaohf.com\/bg\/#organization\",\"name\":\"Qingdao H&F\",\"url\":\"https:\/\/qingdaohf.com\/bg\/\",\"logo\":{\"@type\":\"ImageObject\",\"inLanguage\":\"hu\",\"@id\":\"https:\/\/qingdaohf.com\/bg\/#\/schema\/logo\/image\/\",\"url\":\"https:\/\/qingdaohf.com\/wp-content\/uploads\/2022\/12\/cropped-HF-LOGO.png\",\"contentUrl\":\"https:\/\/qingdaohf.com\/wp-content\/uploads\/2022\/12\/cropped-HF-LOGO.png\",\"width\":391,\"height\":249,\"caption\":\"Qingdao H&F\"},\"image\":{\"@id\":\"https:\/\/qingdaohf.com\/bg\/#\/schema\/logo\/image\/\"},\"sameAs\":[\"https:\/\/www.facebook.com\/qingdaohf\"]}]}<\/script>\n<!-- \/ Yoast SEO plugin. -->","yoast_head_json":{"title":"Closed Body Turnbuckle","description":"A closed body turnbuckle is a mechanical device used to adjust tension or length in a system by utilizing the principle of a screw mechanism.","robots":{"index":"index","follow":"follow","max-snippet":"max-snippet:-1","max-image-preview":"max-image-preview:large","max-video-preview":"max-video-preview:-1"},"canonical":"https:\/\/qingdaohf.com\/hu\/termek\/zart-test-csuklos-csuklopant\/","og_locale":"hu_HU","og_type":"article","og_title":"Closed Body Turnbuckle","og_description":"A closed body turnbuckle is a mechanical device used to adjust tension or length in a system by utilizing the principle of a screw mechanism.","og_url":"https:\/\/qingdaohf.com\/hu\/termek\/zart-test-csuklos-csuklopant\/","og_site_name":"Concrete Form &amp; Rigging Hardware Supplier","article_publisher":"https:\/\/www.facebook.com\/qingdaohf","article_modified_time":"2025-11-13T01:04:03+00:00","og_image":[{"width":1000,"height":1000,"url":"https:\/\/qingdaohf.com\/wp-content\/uploads\/2023\/06\/turnbuckle-9.jpg","type":"image\/jpeg"}],"twitter_card":"summary_large_image","twitter_misc":{"Becs\u00fclt olvas\u00e1si id\u0151":"3 perc"},"schema":{"@context":"https:\/\/schema.org","@graph":[{"@type":"WebPage","@id":"https:\/\/qingdaohf.com\/product\/closed-body-turnbuckle\/","url":"https:\/\/qingdaohf.com\/product\/closed-body-turnbuckle\/","name":"Closed Body Turnbuckle","isPartOf":{"@id":"https:\/\/qingdaohf.com\/bg\/#website"},"primaryImageOfPage":{"@id":"https:\/\/qingdaohf.com\/product\/closed-body-turnbuckle\/#primaryimage"},"image":{"@id":"https:\/\/qingdaohf.com\/product\/closed-body-turnbuckle\/#primaryimage"},"thumbnailUrl":"https:\/\/qingdaohf.com\/wp-content\/uploads\/2023\/06\/turnbuckle-9.jpg","datePublished":"2023-06-25T09:55:26+00:00","dateModified":"2025-11-13T01:04:03+00:00","description":"A closed body turnbuckle is a mechanical device used to adjust tension or length in a system by utilizing the principle of a screw mechanism.","breadcrumb":{"@id":"https:\/\/qingdaohf.com\/product\/closed-body-turnbuckle\/#breadcrumb"},"inLanguage":"hu","potentialAction":[{"@type":"ReadAction","target":["https:\/\/qingdaohf.com\/product\/closed-body-turnbuckle\/"]}]},{"@type":"ImageObject","inLanguage":"hu","@id":"https:\/\/qingdaohf.com\/product\/closed-body-turnbuckle\/#primaryimage","url":"https:\/\/qingdaohf.com\/wp-content\/uploads\/2023\/06\/turnbuckle-9.jpg","contentUrl":"https:\/\/qingdaohf.com\/wp-content\/uploads\/2023\/06\/turnbuckle-9.jpg","width":1000,"height":1000,"caption":"turnbuckle"},{"@type":"BreadcrumbList","@id":"https:\/\/qingdaohf.com\/product\/closed-body-turnbuckle\/#breadcrumb","itemListElement":[{"@type":"ListItem","position":1,"name":"Home","item":"https:\/\/qingdaohf.com\/"},{"@type":"ListItem","position":2,"name":"Concrete Forming Accessories and Rigging Hardware","item":"https:\/\/qingdaohf.com\/bg\/?page_id=944"},{"@type":"ListItem","position":3,"name":"Closed Body Turnbuckle"}]},{"@type":"WebSite","@id":"https:\/\/qingdaohf.com\/bg\/#website","url":"https:\/\/qingdaohf.com\/bg\/","name":"Concrete Form & Rigging Hardware Supplier","description":"","publisher":{"@id":"https:\/\/qingdaohf.com\/bg\/#organization"},"potentialAction":[{"@type":"SearchAction","target":{"@type":"EntryPoint","urlTemplate":"https:\/\/qingdaohf.com\/bg\/?s={search_term_string}"},"query-input":{"@type":"PropertyValueSpecification","valueRequired":true,"valueName":"search_term_string"}}],"inLanguage":"hu"},{"@type":"Organization","@id":"https:\/\/qingdaohf.com\/bg\/#organization","name":"Qingdao H&F","url":"https:\/\/qingdaohf.com\/bg\/","logo":{"@type":"ImageObject","inLanguage":"hu","@id":"https:\/\/qingdaohf.com\/bg\/#\/schema\/logo\/image\/","url":"https:\/\/qingdaohf.com\/wp-content\/uploads\/2022\/12\/cropped-HF-LOGO.png","contentUrl":"https:\/\/qingdaohf.com\/wp-content\/uploads\/2022\/12\/cropped-HF-LOGO.png","width":391,"height":249,"caption":"Qingdao H&F"},"image":{"@id":"https:\/\/qingdaohf.com\/bg\/#\/schema\/logo\/image\/"},"sameAs":["https:\/\/www.facebook.com\/qingdaohf"]}]}},"_links":{"self":[{"href":"https:\/\/qingdaohf.com\/hu\/wp-json\/wp\/v2\/product\/4551","targetHints":{"allow":["GET"]}}],"collection":[{"href":"https:\/\/qingdaohf.com\/hu\/wp-json\/wp\/v2\/product"}],"about":[{"href":"https:\/\/qingdaohf.com\/hu\/wp-json\/wp\/v2\/types\/product"}],"replies":[{"embeddable":true,"href":"https:\/\/qingdaohf.com\/hu\/wp-json\/wp\/v2\/comments?post=4551"}],"version-history":[{"count":4,"href":"https:\/\/qingdaohf.com\/hu\/wp-json\/wp\/v2\/product\/4551\/revisions"}],"predecessor-version":[{"id":8981,"href":"https:\/\/qingdaohf.com\/hu\/wp-json\/wp\/v2\/product\/4551\/revisions\/8981"}],"wp:featuredmedia":[{"embeddable":true,"href":"https:\/\/qingdaohf.com\/hu\/wp-json\/wp\/v2\/media\/4552"}],"wp:attachment":[{"href":"https:\/\/qingdaohf.com\/hu\/wp-json\/wp\/v2\/media?parent=4551"}],"wp:term":[{"taxonomy":"product_brand","embeddable":true,"href":"https:\/\/qingdaohf.com\/hu\/wp-json\/wp\/v2\/product_brand?post=4551"},{"taxonomy":"product_cat","embeddable":true,"href":"https:\/\/qingdaohf.com\/hu\/wp-json\/wp\/v2\/product_cat?post=4551"},{"taxonomy":"product_tag","embeddable":true,"href":"https:\/\/qingdaohf.com\/hu\/wp-json\/wp\/v2\/product_tag?post=4551"}],"curies":[{"name":"wp","href":"https:\/\/api.w.org\/{rel}","templated":true}]}}