{"id":5473,"date":"2023-10-23T14:14:46","date_gmt":"2023-10-23T06:14:46","guid":{"rendered":"http:\/\/qingdaohf.com\/?post_type=product&#038;p=5473"},"modified":"2025-11-13T09:04:02","modified_gmt":"2025-11-13T01:04:02","slug":"webbing-sling-oem","status":"publish","type":"product","link":"https:\/\/qingdaohf.com\/hu\/termek\/heveder-heveder-oem\/","title":{"rendered":"Hurok heveder OEM"},"content":{"rendered":"<p><img fetchpriority=\"high\" decoding=\"async\" class=\"alignnone wp-image-5962 size-full\" src=\"http:\/\/qingdaohf.com\/wp-content\/uploads\/2023\/10\/HF-SLINGS-1-scaled.jpg\" alt=\"HF SLINGS \" width=\"1686\" height=\"1920\" srcset=\"https:\/\/qingdaohf.com\/wp-content\/uploads\/2023\/10\/HF-SLINGS-1-scaled.jpg 1686w, https:\/\/qingdaohf.com\/wp-content\/uploads\/2023\/10\/HF-SLINGS-1-264x300.jpg 264w, https:\/\/qingdaohf.com\/wp-content\/uploads\/2023\/10\/HF-SLINGS-1-899x1024.jpg 899w, https:\/\/qingdaohf.com\/wp-content\/uploads\/2023\/10\/HF-SLINGS-1-768x874.jpg 768w, https:\/\/qingdaohf.com\/wp-content\/uploads\/2023\/10\/HF-SLINGS-1-1349x1536.jpg 1349w, https:\/\/qingdaohf.com\/wp-content\/uploads\/2023\/10\/HF-SLINGS-1-1799x2048.jpg 1799w, https:\/\/qingdaohf.com\/wp-content\/uploads\/2023\/10\/HF-SLINGS-1-1000x1139.jpg 1000w\" sizes=\"(max-width: 1686px) 100vw, 1686px\" \/><\/p>\n<h3><strong>Min\u0151s\u00e9gbiztos\u00edt\u00e1s:<\/strong><\/h3>\n<p>a hevederek legmagasabb min\u0151s\u00e9ge a biztons\u00e1g \u00e9s a megb\u00edzhat\u00f3s\u00e1g szempontj\u00e1b\u00f3l kiemelked\u0151 fontoss\u00e1g\u00fa a k\u00fcl\u00f6nb\u00f6z\u0151 alkalmaz\u00e1sokban.<\/p>\n<p>Megold\u00e1s: Szigor\u00fa min\u0151s\u00e9gellen\u0151rz\u00e9si folyamatok bevezet\u00e9se, bele\u00e9rtve az anyagvizsg\u00e1latokat, a gy\u00e1rt\u00e1si ellen\u0151rz\u00e9seket \u00e9s a harmadik f\u00e9l \u00e1ltal kiadott tan\u00fas\u00edtv\u00e1nyokat.<\/p>\n<h3><strong>Testreszab\u00e1si lehet\u0151s\u00e9gek:<\/strong><\/h3>\n<p>Kiadv\u00e1ny: Az egyedi projektk\u00f6vetelm\u00e9nyeknek \u00e9s az ipari szabv\u00e1nyoknak val\u00f3 megfelel\u00e9shez elengedhetetlenek a szem\u00e9lyre szabott megold\u00e1sok.<\/p>\n<p>Megold\u00e1s: K\u00edn\u00e1ljon sz\u00e9les k\u00f6r\u0171 testreszab\u00e1si lehet\u0151s\u00e9geket, bele\u00e9rtve a m\u00e9retet, a hossz\u00fas\u00e1got, a terhelhet\u0151s\u00e9get \u00e9s a sz\u00ednk\u00f3dol\u00e1st, a k\u00fcl\u00f6nb\u00f6z\u0151 \u00fcgyf\u00e9lig\u00e9nyek kiel\u00e9g\u00edt\u00e9se \u00e9rdek\u00e9ben.<\/p>\n<h3><strong>K\u00f6lts\u00e9gversenyk\u00e9pess\u00e9g:<\/strong><\/h3>\n<p>Kiadv\u00e1ny: A min\u0151s\u00e9g \u00e9s a k\u00f6lts\u00e9gek k\u00f6z\u00f6tti megfelel\u0151 egyens\u00faly megtal\u00e1l\u00e1sa kulcsfontoss\u00e1g\u00fa a piaci versenyk\u00e9pess\u00e9g fenntart\u00e1s\u00e1hoz.<\/p>\n<p>Megold\u00e1s: A gy\u00e1rt\u00e1si folyamatok optimaliz\u00e1l\u00e1sa, t\u00e1rgyal\u00e1sok a besz\u00e1ll\u00edt\u00f3kkal, \u00e9s a m\u00e9retgazdas\u00e1goss\u00e1g kihaszn\u00e1l\u00e1sa a k\u00f6lts\u00e9ghat\u00e9kony hevederes hevederes OEM-megold\u00e1sok biztos\u00edt\u00e1sa \u00e9rdek\u00e9ben.<\/p>\n<h3><strong>Id\u0151ben t\u00f6rt\u00e9n\u0151 sz\u00e1ll\u00edt\u00e1s:<\/strong><\/h3>\n<p>Kiadv\u00e1ny: A sz\u00e1ll\u00edt\u00e1si k\u00e9sedelmek megzavarhatj\u00e1k a m\u0171k\u00f6d\u00e9st \u00e9s hat\u00e1ssal lehetnek az \u00fcgyfelek el\u00e9gedetts\u00e9g\u00e9re.<\/p>\n<p>Megold\u00e1s: A gy\u00e1rt\u00e1si \u00fctemtervek racionaliz\u00e1l\u00e1sa, b\u0151s\u00e9ges k\u00e9szlet fenntart\u00e1sa \u00e9s hat\u00e9kony logisztika kialak\u00edt\u00e1sa a pontos sz\u00e1ll\u00edt\u00e1s biztos\u00edt\u00e1sa \u00e9rdek\u00e9ben.<\/p>\n<h3><strong>Innov\u00e1ci\u00f3 \u00e9s technol\u00f3gia:<\/strong><\/h3>\n<p>Kiadv\u00e1ny: Az \u00e9lvonalbeli megold\u00e1sok biztos\u00edt\u00e1s\u00e1hoz elengedhetetlen, hogy a technol\u00f3giai fejl\u0151d\u00e9s \u00e9s az ipar\u00e1gi innov\u00e1ci\u00f3k \u00e9lvonal\u00e1ban maradjunk.<\/p>\n<p>Megold\u00e1s: Fektessenek be a kutat\u00e1sba \u00e9s fejleszt\u00e9sbe, m\u0171k\u00f6djenek egy\u00fctt ipari szak\u00e9rt\u0151kkel, \u00e9s folyamatosan fejlessz\u00e9k a gy\u00e1rt\u00e1si folyamatokat a leg\u00fajabb technol\u00f3gi\u00e1k be\u00e9p\u00edt\u00e9se \u00e9rdek\u00e9ben.<\/p>\n<h3><strong>K\u00f6rnyezeti fenntarthat\u00f3s\u00e1g:<\/strong><\/h3>\n<p>Kiadv\u00e1ny: A fenntarthat\u00f3 gyakorlatok egyre nagyobb hangs\u00falyoz\u00e1sa megk\u00f6veteli a k\u00f6rnyezetbar\u00e1t gy\u00e1rt\u00e1si folyamatok \u00e9s anyagok ir\u00e1nti elk\u00f6telezetts\u00e9get.<\/p>\n<p>Megold\u00e1s: K\u00f6rnyezetileg felel\u0151s beszerz\u00e9si, gy\u00e1rt\u00e1si \u00e9s \u00e1rtalmatlan\u00edt\u00e1si gyakorlatok bevezet\u00e9se, valamint a fenntarthat\u00f3s\u00e1g ir\u00e1nti elk\u00f6telezetts\u00e9get bizony\u00edt\u00f3 megfelel\u0151 tan\u00fas\u00edtv\u00e1nyok megszerz\u00e9se.<\/p>\n<p>&nbsp;<\/p>\n<h2><strong>Hogyan felel meg v\u00e1llalatunk a hevederes heveder OEM ig\u00e9nyeinek:<\/strong><\/h2>\n<p>C\u00e9g\u00fcnk t\u00e1mogatja az OEM \u00e9s ODM szolg\u00e1ltat\u00e1sokat. Minden ig\u00e9nyt kiel\u00e9g\u00edt\u00fcnk, amire sz\u00fcks\u00e9ge van.<\/p>\n<h3><strong>Szigor\u00fa min\u0151s\u00e9gellen\u0151rz\u00e9s:<\/strong><\/h3>\n<p>V\u00e1llalatunk szigor\u00fa min\u0151s\u00e9gellen\u0151rz\u00e9si elj\u00e1r\u00e1sokat alkalmaz, alapos anyagvizsg\u00e1latokat \u00e9s folyamat k\u00f6zbeni ellen\u0151rz\u00e9seket v\u00e9gez, \u00e9s elismert harmadik f\u00e9lt\u0151l sz\u00e1rmaz\u00f3 tan\u00fas\u00edtv\u00e1nyokat szerez be.<\/p>\n<h3><strong>Sokoldal\u00fa testreszab\u00e1s:<\/strong><\/h3>\n<p>Sokf\u00e9le testreszab\u00e1si lehet\u0151s\u00e9get k\u00edn\u00e1lunk, lehet\u0151v\u00e9 t\u00e9ve az \u00fcgyfelek sz\u00e1m\u00e1ra a m\u00e9retek, terhelhet\u0151s\u00e9gek \u00e9s egy\u00e9b param\u00e9terek meghat\u00e1roz\u00e1s\u00e1t, biztos\u00edtva, hogy hevederhevedereink t\u00f6k\u00e9letesen megfeleljenek egyedi k\u00f6vetelm\u00e9nyeiknek.<\/p>\n<h3><strong>K\u00f6lts\u00e9ghat\u00e9kony megold\u00e1sok:<\/strong><\/h3>\n<p>A strat\u00e9giai besz\u00e1ll\u00edt\u00f3i t\u00e1rgyal\u00e1sok, a folyamatoptimaliz\u00e1l\u00e1s \u00e9s a m\u00e9retgazdas\u00e1goss\u00e1g kihaszn\u00e1l\u00e1sa r\u00e9v\u00e9n k\u00f6vetkezetesen versenyk\u00e9pes k\u00f6lts\u00e9g\u0171 hevederes hevederes OEM-megold\u00e1sokat k\u00edn\u00e1lunk a min\u0151s\u00e9g roml\u00e1sa n\u00e9lk\u00fcl.<\/p>\n<h3><strong>Id\u0151szer\u0171 \u00e9s megb\u00edzhat\u00f3 sz\u00e1ll\u00edt\u00e1s:<\/strong><\/h3>\n<p>\u00c1ramvonalas gy\u00e1rt\u00e1si \u00fctemterv\u00fcnk, kiterjedt k\u00e9szletgazd\u00e1lkod\u00e1sunk \u00e9s hat\u00e9kony logisztik\u00e1nk biztos\u00edtja, hogy \u00fcgyfeleink id\u0151ben megkapj\u00e1k hevederes hevederrendel\u00e9seiket, hozz\u00e1j\u00e1rulva ezzel projektjeik siker\u00e9hez.<\/p>\n<h3><strong>Elk\u00f6telezetts\u00e9g az innov\u00e1ci\u00f3 ir\u00e1nt:<\/strong><\/h3>\n<p>V\u00e1llalatunk a kutat\u00e1sba \u00e9s fejleszt\u00e9sbe val\u00f3 befektet\u00e9ssel, az ipar\u00e1gi szak\u00e9rt\u0151kkel val\u00f3 egy\u00fcttm\u0171k\u00f6d\u00e9ssel, valamint gy\u00e1rt\u00e1si folyamataink rendszeres friss\u00edt\u00e9s\u00e9vel a leg\u00fajabb technol\u00f3giai fejleszt\u00e9sek be\u00e9p\u00edt\u00e9s\u00e9vel az innov\u00e1ci\u00f3t helyezi el\u0151t\u00e9rbe.<\/p>\n<h3><strong>K\u00f6rnyezeti felel\u0151ss\u00e9gv\u00e1llal\u00e1s:<\/strong><\/h3>\n<p>Elk\u00f6telezettek vagyunk a k\u00f6rnyezeti fenntarthat\u00f3s\u00e1g mellett, ez\u00e9rt k\u00f6rnyezetbar\u00e1t beszerz\u00e9si gyakorlatokat alkalmazunk, k\u00f6rnyezetbar\u00e1t gy\u00e1rt\u00e1si folyamatokat val\u00f3s\u00edtunk meg, \u00e9s megfelel\u0151 tan\u00fas\u00edtv\u00e1nyokat szerz\u00fcnk be, hogy bizony\u00edtsuk elk\u00f6telezetts\u00e9g\u00fcnket a z\u00f6ldebb j\u00f6v\u0151 ir\u00e1nt.<\/p>\n<h3><strong>Id\u0151ben t\u00f6rt\u00e9n\u0151 sz\u00e1ll\u00edt\u00e1s:<\/strong><\/h3>\n<p>A weboldal hangs\u00falyozni fogja a hat\u00e9kony gy\u00e1rt\u00e1stervez\u00e9s, a k\u00e9szletgazd\u00e1lkod\u00e1s \u00e9s a megb\u00edzhat\u00f3 logisztikai h\u00e1l\u00f3zat r\u00e9v\u00e9n a hat\u00e1rid\u0151re t\u00f6rt\u00e9n\u0151 sz\u00e1ll\u00edt\u00e1s ir\u00e1nti elk\u00f6telezetts\u00e9g\u00fcnket, bemutatva a m\u00faltbeli p\u00e9ld\u00e1kat a szoros projektid\u0151pontok sikeres betart\u00e1s\u00e1ra.<\/p>\n<h3><strong>Innov\u00e1ci\u00f3 \u00e9s technol\u00f3gia:<\/strong><\/h3>\n<p>A weboldal bemutatja az innov\u00e1ci\u00f3 ir\u00e1nti elk\u00f6telezetts\u00e9g\u00fcnket, r\u00e9szletesen ismertetve a kutat\u00e1sba \u00e9s fejleszt\u00e9sbe val\u00f3 befektet\u00e9seinket, az ipar\u00e1gi szak\u00e9rt\u0151kkel val\u00f3 egy\u00fcttm\u0171k\u00f6d\u00e9s\u00fcnket, valamint a gy\u00e1rt\u00e1si folyamataink rendszeres friss\u00edt\u00e9s\u00e9t a leg\u00fajabb technol\u00f3gi\u00e1k be\u00e9p\u00edt\u00e9se \u00e9rdek\u00e9ben.<\/p>\n<h3><strong>K\u00f6rnyezeti fenntarthat\u00f3s\u00e1g:<\/strong><\/h3>\n<p>A weboldalon kiemelj\u00fck a k\u00f6rnyezeti felel\u0151ss\u00e9gv\u00e1llal\u00e1s ir\u00e1nti elk\u00f6telezetts\u00e9g\u00fcnket, r\u00e9szletesen bemutatjuk k\u00f6rnyezetbar\u00e1t beszerz\u00e9si gyakorlatainkat, z\u00f6ld gy\u00e1rt\u00e1si folyamatainkat \u00e9s a fenntarthat\u00f3s\u00e1g ir\u00e1nti elk\u00f6telezetts\u00e9g\u00fcnket bemutat\u00f3 tan\u00fas\u00edtv\u00e1nyainkat.<\/p>\n<p>Az\u00e1ltal, hogy foglalkozunk ezekkel a kritikus k\u00e9rd\u00e9sekkel, \u00e9s a weboldalon \u00e1tl\u00e1that\u00f3an bemutatjuk megold\u00e1sainkat, v\u00e1llalatunk hat\u00e9konyan demonstr\u00e1lja, hogy k\u00e9pes kiel\u00e9g\u00edteni a hevederek OEM-v\u00e1s\u00e1rl\u00f3inak ig\u00e9nyeit.<\/p>","protected":false},"excerpt":{"rendered":"<p>OEM-szolg\u00e1ltat\u00e1saink lehet\u0151v\u00e9 teszik, hogy pontosan meghat\u00e1rozza a terhelhet\u0151s\u00e9get, a hossz\u00fas\u00e1got, a sz\u00e9less\u00e9get, az anyagot, a sz\u00ednk\u00f3dol\u00e1st \u00e9s b\u00e1rmely m\u00e1s l\u00e9nyeges param\u00e9tert. Szorosan egy\u00fcttm\u0171k\u00f6d\u00fcnk \u00d6nnel annak \u00e9rdek\u00e9ben, hogy az \u00e1ltalunk biztos\u00edtott hevederek t\u00f6k\u00e9letesen megfeleljenek az \u00d6n \u00e1ltal tervezett alkalmaz\u00e1snak. Ak\u00e1r nagy teherb\u00edr\u00e1s\u00fa ipari hevederre, ak\u00e1r speci\u00e1lis megold\u00e1sra van sz\u00fcks\u00e9ge, term\u00e9keinket ennek megfelel\u0151en tudjuk testre szabni.<\/p>","protected":false},"featured_media":5232,"comment_status":"open","ping_status":"closed","template":"","meta":{"site-sidebar-layout":"default","site-content-layout":"","ast-site-content-layout":"default","site-content-style":"default","site-sidebar-style":"default","ast-global-header-display":"","ast-banner-title-visibility":"","ast-main-header-display":"","ast-hfb-above-header-display":"","ast-hfb-below-header-display":"","ast-hfb-mobile-header-display":"","site-post-title":"","ast-breadcrumbs-content":"","ast-featured-img":"","footer-sml-layout":"","theme-transparent-header-meta":"default","adv-header-id-meta":"","stick-header-meta":"default","header-above-stick-meta":"","header-main-stick-meta":"","header-below-stick-meta":"","astra-migrate-meta-layouts":"set","ast-page-background-enabled":"default","ast-page-background-meta":{"desktop":{"background-color":"","background-image":"","background-repeat":"repeat","background-position":"center center","background-size":"auto","background-attachment":"scroll","background-type":"","background-media":"","overlay-type":"","overlay-color":"","overlay-opacity":"","overlay-gradient":""},"tablet":{"background-color":"","background-image":"","background-repeat":"repeat","background-position":"center center","background-size":"auto","background-attachment":"scroll","background-type":"","background-media":"","overlay-type":"","overlay-color":"","overlay-opacity":"","overlay-gradient":""},"mobile":{"background-color":"","background-image":"","background-repeat":"repeat","background-position":"center center","background-size":"auto","background-attachment":"scroll","background-type":"","background-media":"","overlay-type":"","overlay-color":"","overlay-opacity":"","overlay-gradient":""}},"ast-content-background-meta":{"desktop":{"background-color":"var(--ast-global-color-5)","background-image":"","background-repeat":"repeat","background-position":"center center","background-size":"auto","background-attachment":"scroll","background-type":"","background-media":"","overlay-type":"","overlay-color":"","overlay-opacity":"","overlay-gradient":""},"tablet":{"background-color":"var(--ast-global-color-5)","background-image":"","background-repeat":"repeat","background-position":"center center","background-size":"auto","background-attachment":"scroll","background-type":"","background-media":"","overlay-type":"","overlay-color":"","overlay-opacity":"","overlay-gradient":""},"mobile":{"background-color":"var(--ast-global-color-5)","background-image":"","background-repeat":"repeat","background-position":"center center","background-size":"auto","background-attachment":"scroll","background-type":"","background-media":"","overlay-type":"","overlay-color":"","overlay-opacity":"","overlay-gradient":""}}},"product_brand":[],"product_cat":[51,39],"product_tag":[],"class_list":{"0":"post-5473","1":"product","2":"type-product","3":"status-publish","4":"has-post-thumbnail","6":"product_cat-riggging-hardware","7":"product_cat-webbing-sling","8":"desktop-align-left","9":"tablet-align-left","10":"mobile-align-left","11":"ast-product-gallery-layout-horizontal-slider","12":"ast-product-tabs-layout-horizontal","14":"first","15":"instock","16":"shipping-taxable","17":"purchasable","18":"product-type-simple"},"yoast_head":"<!-- This site is optimized with the Yoast SEO plugin v25.2 - https:\/\/yoast.com\/wordpress\/plugins\/seo\/ -->\n<title>Webbing Sling OEM<\/title>\n<meta name=\"description\" content=\"Our OEM services allow you to define the precise load capacity, length, width, material, color coding, and any other essential parameters.\" \/>\n<meta name=\"robots\" content=\"index, follow, max-snippet:-1, max-image-preview:large, max-video-preview:-1\" \/>\n<link rel=\"canonical\" href=\"https:\/\/qingdaohf.com\/hu\/termek\/heveder-heveder-oem\/\" \/>\n<meta property=\"og:locale\" content=\"hu_HU\" \/>\n<meta property=\"og:type\" content=\"article\" \/>\n<meta property=\"og:title\" content=\"Webbing Sling OEM\" \/>\n<meta property=\"og:description\" content=\"Our OEM services allow you to define the precise load capacity, length, width, material, color coding, and any other essential parameters.\" \/>\n<meta property=\"og:url\" content=\"https:\/\/qingdaohf.com\/hu\/termek\/heveder-heveder-oem\/\" \/>\n<meta property=\"og:site_name\" content=\"Concrete Form &amp; Rigging Hardware Supplier\" \/>\n<meta property=\"article:publisher\" content=\"https:\/\/www.facebook.com\/qingdaohf\" \/>\n<meta property=\"article:modified_time\" content=\"2025-11-13T01:04:02+00:00\" \/>\n<meta property=\"og:image\" content=\"https:\/\/qingdaohf.com\/wp-content\/uploads\/2023\/10\/sling.jpg\" \/>\n\t<meta property=\"og:image:width\" content=\"1019\" \/>\n\t<meta property=\"og:image:height\" content=\"563\" \/>\n\t<meta property=\"og:image:type\" content=\"image\/jpeg\" \/>\n<meta name=\"twitter:card\" content=\"summary_large_image\" \/>\n<meta name=\"twitter:label1\" content=\"Becs\u00fclt olvas\u00e1si id\u0151\" \/>\n\t<meta name=\"twitter:data1\" content=\"3 perc\" \/>\n<script type=\"application\/ld+json\" class=\"yoast-schema-graph\">{\"@context\":\"https:\/\/schema.org\",\"@graph\":[{\"@type\":\"WebPage\",\"@id\":\"https:\/\/qingdaohf.com\/product\/webbing-sling-oem\/\",\"url\":\"https:\/\/qingdaohf.com\/product\/webbing-sling-oem\/\",\"name\":\"Webbing Sling OEM\",\"isPartOf\":{\"@id\":\"https:\/\/qingdaohf.com\/bg\/#website\"},\"primaryImageOfPage\":{\"@id\":\"https:\/\/qingdaohf.com\/product\/webbing-sling-oem\/#primaryimage\"},\"image\":{\"@id\":\"https:\/\/qingdaohf.com\/product\/webbing-sling-oem\/#primaryimage\"},\"thumbnailUrl\":\"https:\/\/qingdaohf.com\/wp-content\/uploads\/2023\/04\/webbling-sling-2-1.jpg\",\"datePublished\":\"2023-10-23T06:14:46+00:00\",\"dateModified\":\"2025-11-13T01:04:02+00:00\",\"description\":\"Our OEM services allow you to define the precise load capacity, length, width, material, color coding, and any other essential parameters.\",\"breadcrumb\":{\"@id\":\"https:\/\/qingdaohf.com\/product\/webbing-sling-oem\/#breadcrumb\"},\"inLanguage\":\"hu\",\"potentialAction\":[{\"@type\":\"ReadAction\",\"target\":[\"https:\/\/qingdaohf.com\/product\/webbing-sling-oem\/\"]}]},{\"@type\":\"ImageObject\",\"inLanguage\":\"hu\",\"@id\":\"https:\/\/qingdaohf.com\/product\/webbing-sling-oem\/#primaryimage\",\"url\":\"https:\/\/qingdaohf.com\/wp-content\/uploads\/2023\/04\/webbling-sling-2-1.jpg\",\"contentUrl\":\"https:\/\/qingdaohf.com\/wp-content\/uploads\/2023\/04\/webbling-sling-2-1.jpg\",\"width\":1000,\"height\":1000,\"caption\":\"webbling sling\"},{\"@type\":\"BreadcrumbList\",\"@id\":\"https:\/\/qingdaohf.com\/product\/webbing-sling-oem\/#breadcrumb\",\"itemListElement\":[{\"@type\":\"ListItem\",\"position\":1,\"name\":\"Home\",\"item\":\"https:\/\/qingdaohf.com\/\"},{\"@type\":\"ListItem\",\"position\":2,\"name\":\"Concrete Forming Accessories and Rigging Hardware\",\"item\":\"https:\/\/qingdaohf.com\/bg\/?page_id=944\"},{\"@type\":\"ListItem\",\"position\":3,\"name\":\"Webbing Sling OEM\"}]},{\"@type\":\"WebSite\",\"@id\":\"https:\/\/qingdaohf.com\/bg\/#website\",\"url\":\"https:\/\/qingdaohf.com\/bg\/\",\"name\":\"Concrete Form & Rigging Hardware Supplier\",\"description\":\"\",\"publisher\":{\"@id\":\"https:\/\/qingdaohf.com\/bg\/#organization\"},\"potentialAction\":[{\"@type\":\"SearchAction\",\"target\":{\"@type\":\"EntryPoint\",\"urlTemplate\":\"https:\/\/qingdaohf.com\/bg\/?s={search_term_string}\"},\"query-input\":{\"@type\":\"PropertyValueSpecification\",\"valueRequired\":true,\"valueName\":\"search_term_string\"}}],\"inLanguage\":\"hu\"},{\"@type\":\"Organization\",\"@id\":\"https:\/\/qingdaohf.com\/bg\/#organization\",\"name\":\"Qingdao H&F\",\"url\":\"https:\/\/qingdaohf.com\/bg\/\",\"logo\":{\"@type\":\"ImageObject\",\"inLanguage\":\"hu\",\"@id\":\"https:\/\/qingdaohf.com\/bg\/#\/schema\/logo\/image\/\",\"url\":\"https:\/\/qingdaohf.com\/wp-content\/uploads\/2022\/12\/cropped-HF-LOGO.png\",\"contentUrl\":\"https:\/\/qingdaohf.com\/wp-content\/uploads\/2022\/12\/cropped-HF-LOGO.png\",\"width\":391,\"height\":249,\"caption\":\"Qingdao H&F\"},\"image\":{\"@id\":\"https:\/\/qingdaohf.com\/bg\/#\/schema\/logo\/image\/\"},\"sameAs\":[\"https:\/\/www.facebook.com\/qingdaohf\"]}]}<\/script>\n<!-- \/ Yoast SEO plugin. -->","yoast_head_json":{"title":"Webbing Sling OEM","description":"Our OEM services allow you to define the precise load capacity, length, width, material, color coding, and any other essential parameters.","robots":{"index":"index","follow":"follow","max-snippet":"max-snippet:-1","max-image-preview":"max-image-preview:large","max-video-preview":"max-video-preview:-1"},"canonical":"https:\/\/qingdaohf.com\/hu\/termek\/heveder-heveder-oem\/","og_locale":"hu_HU","og_type":"article","og_title":"Webbing Sling OEM","og_description":"Our OEM services allow you to define the precise load capacity, length, width, material, color coding, and any other essential parameters.","og_url":"https:\/\/qingdaohf.com\/hu\/termek\/heveder-heveder-oem\/","og_site_name":"Concrete Form &amp; Rigging Hardware Supplier","article_publisher":"https:\/\/www.facebook.com\/qingdaohf","article_modified_time":"2025-11-13T01:04:02+00:00","og_image":[{"width":1019,"height":563,"url":"https:\/\/qingdaohf.com\/wp-content\/uploads\/2023\/10\/sling.jpg","type":"image\/jpeg"}],"twitter_card":"summary_large_image","twitter_misc":{"Becs\u00fclt olvas\u00e1si id\u0151":"3 perc"},"schema":{"@context":"https:\/\/schema.org","@graph":[{"@type":"WebPage","@id":"https:\/\/qingdaohf.com\/product\/webbing-sling-oem\/","url":"https:\/\/qingdaohf.com\/product\/webbing-sling-oem\/","name":"Webbing Sling OEM","isPartOf":{"@id":"https:\/\/qingdaohf.com\/bg\/#website"},"primaryImageOfPage":{"@id":"https:\/\/qingdaohf.com\/product\/webbing-sling-oem\/#primaryimage"},"image":{"@id":"https:\/\/qingdaohf.com\/product\/webbing-sling-oem\/#primaryimage"},"thumbnailUrl":"https:\/\/qingdaohf.com\/wp-content\/uploads\/2023\/04\/webbling-sling-2-1.jpg","datePublished":"2023-10-23T06:14:46+00:00","dateModified":"2025-11-13T01:04:02+00:00","description":"Our OEM services allow you to define the precise load capacity, length, width, material, color coding, and any other essential parameters.","breadcrumb":{"@id":"https:\/\/qingdaohf.com\/product\/webbing-sling-oem\/#breadcrumb"},"inLanguage":"hu","potentialAction":[{"@type":"ReadAction","target":["https:\/\/qingdaohf.com\/product\/webbing-sling-oem\/"]}]},{"@type":"ImageObject","inLanguage":"hu","@id":"https:\/\/qingdaohf.com\/product\/webbing-sling-oem\/#primaryimage","url":"https:\/\/qingdaohf.com\/wp-content\/uploads\/2023\/04\/webbling-sling-2-1.jpg","contentUrl":"https:\/\/qingdaohf.com\/wp-content\/uploads\/2023\/04\/webbling-sling-2-1.jpg","width":1000,"height":1000,"caption":"webbling sling"},{"@type":"BreadcrumbList","@id":"https:\/\/qingdaohf.com\/product\/webbing-sling-oem\/#breadcrumb","itemListElement":[{"@type":"ListItem","position":1,"name":"Home","item":"https:\/\/qingdaohf.com\/"},{"@type":"ListItem","position":2,"name":"Concrete Forming Accessories and Rigging Hardware","item":"https:\/\/qingdaohf.com\/bg\/?page_id=944"},{"@type":"ListItem","position":3,"name":"Webbing Sling OEM"}]},{"@type":"WebSite","@id":"https:\/\/qingdaohf.com\/bg\/#website","url":"https:\/\/qingdaohf.com\/bg\/","name":"Concrete Form & Rigging Hardware Supplier","description":"","publisher":{"@id":"https:\/\/qingdaohf.com\/bg\/#organization"},"potentialAction":[{"@type":"SearchAction","target":{"@type":"EntryPoint","urlTemplate":"https:\/\/qingdaohf.com\/bg\/?s={search_term_string}"},"query-input":{"@type":"PropertyValueSpecification","valueRequired":true,"valueName":"search_term_string"}}],"inLanguage":"hu"},{"@type":"Organization","@id":"https:\/\/qingdaohf.com\/bg\/#organization","name":"Qingdao H&F","url":"https:\/\/qingdaohf.com\/bg\/","logo":{"@type":"ImageObject","inLanguage":"hu","@id":"https:\/\/qingdaohf.com\/bg\/#\/schema\/logo\/image\/","url":"https:\/\/qingdaohf.com\/wp-content\/uploads\/2022\/12\/cropped-HF-LOGO.png","contentUrl":"https:\/\/qingdaohf.com\/wp-content\/uploads\/2022\/12\/cropped-HF-LOGO.png","width":391,"height":249,"caption":"Qingdao H&F"},"image":{"@id":"https:\/\/qingdaohf.com\/bg\/#\/schema\/logo\/image\/"},"sameAs":["https:\/\/www.facebook.com\/qingdaohf"]}]}},"_links":{"self":[{"href":"https:\/\/qingdaohf.com\/hu\/wp-json\/wp\/v2\/product\/5473","targetHints":{"allow":["GET"]}}],"collection":[{"href":"https:\/\/qingdaohf.com\/hu\/wp-json\/wp\/v2\/product"}],"about":[{"href":"https:\/\/qingdaohf.com\/hu\/wp-json\/wp\/v2\/types\/product"}],"replies":[{"embeddable":true,"href":"https:\/\/qingdaohf.com\/hu\/wp-json\/wp\/v2\/comments?post=5473"}],"version-history":[{"count":8,"href":"https:\/\/qingdaohf.com\/hu\/wp-json\/wp\/v2\/product\/5473\/revisions"}],"predecessor-version":[{"id":6943,"href":"https:\/\/qingdaohf.com\/hu\/wp-json\/wp\/v2\/product\/5473\/revisions\/6943"}],"wp:featuredmedia":[{"embeddable":true,"href":"https:\/\/qingdaohf.com\/hu\/wp-json\/wp\/v2\/media\/5232"}],"wp:attachment":[{"href":"https:\/\/qingdaohf.com\/hu\/wp-json\/wp\/v2\/media?parent=5473"}],"wp:term":[{"taxonomy":"product_brand","embeddable":true,"href":"https:\/\/qingdaohf.com\/hu\/wp-json\/wp\/v2\/product_brand?post=5473"},{"taxonomy":"product_cat","embeddable":true,"href":"https:\/\/qingdaohf.com\/hu\/wp-json\/wp\/v2\/product_cat?post=5473"},{"taxonomy":"product_tag","embeddable":true,"href":"https:\/\/qingdaohf.com\/hu\/wp-json\/wp\/v2\/product_tag?post=5473"}],"curies":[{"name":"wp","href":"https:\/\/api.w.org\/{rel}","templated":true}]}}