{"id":5494,"date":"2023-10-25T14:53:19","date_gmt":"2023-10-25T06:53:19","guid":{"rendered":"http:\/\/qingdaohf.com\/?post_type=product&#038;p=5494"},"modified":"2025-11-13T09:04:02","modified_gmt":"2025-11-13T01:04:02","slug":"steel-cavity-cap","status":"publish","type":"product","link":"https:\/\/qingdaohf.com\/hu\/termek\/acel-ureg-sapka\/","title":{"rendered":"Ac\u00e9l \u00fcreg sapka"},"content":{"rendered":"<div class=\"romance\">\n<p><b><i>Le\u00edr\u00e1s: <\/i><\/b>Az \u00fcregsapka megakad\u00e1lyozza a habarcs besziv\u00e1rg\u00e1s\u00e1t az # 2 - 16\"-os betonblokk cell\u00e1kba.<\/p>\n<p><b><i>Telep\u00edt\u00e9s: <\/i><\/b>Ha a fels\u0151 blokkb\u00f3l a m\u00e1sodikra helyezz\u00fck, a betont a betont\u00f3l t\u00e1vol tartja<\/p>\n<p>a CMU falba esnek, \u00edgy kevesebb betont haszn\u00e1lunk a fal lez\u00e1r\u00e1s\u00e1hoz a k\u00f6t\u0151- vagy k\u00f6t\u0151gerenda alatt.<\/p>\n<p><b><i>Jellemz\u0151k: <\/i><\/b><b>Kiv\u00e1l\u00f3 v\u00e9d\u0151- \u00e9s befejez\u0151 esztrich k\u00fcls\u0151 sarkokhoz \u00e9s sz\u00f6gekhez. <\/b><\/p>\n<p>El\u0151form\u00e1zott k\u00f6z\u00e9ppont szil\u00e1rdan r\u00f6gz\u00fcl a betonblokk cell\u00e1k k\u00f6z\u00f6tt<\/p>\n<p>Megakad\u00e1lyozza, hogy a beton a CMU falba essen.<\/p>\n<p>Kevesebb betont ig\u00e9nyel a betonblokk falak kialak\u00edt\u00e1s\u00e1hoz<\/p>\n<p><b><i>Anyag; <\/i><\/b>Ez a term\u00e9k horganyzott ac\u00e9llemezb\u0151l k\u00e9sz\u00fclt a tov\u00e1bbi korr\u00f3zi\u00f3v\u00e9delem \u00e9rdek\u00e9ben.<\/p>\n<p>hogy az a szerkezet \u00e9lettartama alatt is megmaradjon.<\/p>\n<p>Hagyom\u00e1nyos betont\u00f6mb\u00f6kh\u00f6z m\u00e9retezve 16\" CMU<\/p>\n<p>200 darab kartondobozonk\u00e9nt.<\/p>\n<p><img fetchpriority=\"high\" decoding=\"async\" class=\"alignnone size-full wp-image-6976\" src=\"http:\/\/qingdaohf.com\/wp-content\/uploads\/2023\/10\/cavity-cap.jpg\" alt=\"\u00fcregfed\u00e9l\" width=\"699\" height=\"351\" srcset=\"https:\/\/qingdaohf.com\/wp-content\/uploads\/2023\/10\/cavity-cap.jpg 699w, https:\/\/qingdaohf.com\/wp-content\/uploads\/2023\/10\/cavity-cap-300x151.jpg 300w, https:\/\/qingdaohf.com\/wp-content\/uploads\/2023\/10\/cavity-cap-18x9.jpg 18w\" sizes=\"(max-width: 699px) 100vw, 699px\" \/><\/p>\n<\/div>\n<div class=\"specs\">\n<div class=\"ast-oembed-container\" style=\"height: 100%;\"><iframe title=\"Horganyzott ac\u00e9l \u00fcreg sapka\" width=\"500\" height=\"281\" src=\"https:\/\/www.youtube.com\/embed\/1sgTrPaw-w4?feature=oembed\" frameborder=\"0\" allow=\"accelerometer; autoplay; clipboard-write; encrypted-media; gyroscope; picture-in-picture; web-share\" referrerpolicy=\"strict-origin-when-cross-origin\" allowfullscreen><\/iframe><\/div>\n<\/div>","protected":false},"excerpt":{"rendered":"<p>El\u0151form\u00e1zott, horganyzott ac\u00e9l \u00fcregsapk\u00e1k betonblokkokhoz.<\/p>\n<p>Az ac\u00e9l \u00fcregsapka t\u00f6k\u00e9letesen alkalmas a betonblokkok ny\u00edl\u00e1sainak fed\u00e9s\u00e9re a szabadon \u00e1ll\u00f3 helyeken. Az el\u0151form\u00e1zott k\u00f6z\u00e9pr\u00e9sz szil\u00e1rdan r\u00f6gz\u00fcl a betonblokkok cell\u00e1i k\u00f6z\u00f6tt, hogy meg\u00e1ll\u00edtsa a habarcs besziv\u00e1rg\u00e1s\u00e1t.<\/p>","protected":false},"featured_media":5495,"comment_status":"open","ping_status":"closed","template":"","meta":{"site-sidebar-layout":"default","site-content-layout":"","ast-site-content-layout":"default","site-content-style":"default","site-sidebar-style":"default","ast-global-header-display":"","ast-banner-title-visibility":"","ast-main-header-display":"","ast-hfb-above-header-display":"","ast-hfb-below-header-display":"","ast-hfb-mobile-header-display":"","site-post-title":"","ast-breadcrumbs-content":"","ast-featured-img":"","footer-sml-layout":"","theme-transparent-header-meta":"default","adv-header-id-meta":"","stick-header-meta":"default","header-above-stick-meta":"","header-main-stick-meta":"","header-below-stick-meta":"","astra-migrate-meta-layouts":"set","ast-page-background-enabled":"default","ast-page-background-meta":{"desktop":{"background-color":"","background-image":"","background-repeat":"repeat","background-position":"center center","background-size":"auto","background-attachment":"scroll","background-type":"","background-media":"","overlay-type":"","overlay-color":"","overlay-opacity":"","overlay-gradient":""},"tablet":{"background-color":"","background-image":"","background-repeat":"repeat","background-position":"center center","background-size":"auto","background-attachment":"scroll","background-type":"","background-media":"","overlay-type":"","overlay-color":"","overlay-opacity":"","overlay-gradient":""},"mobile":{"background-color":"","background-image":"","background-repeat":"repeat","background-position":"center center","background-size":"auto","background-attachment":"scroll","background-type":"","background-media":"","overlay-type":"","overlay-color":"","overlay-opacity":"","overlay-gradient":""}},"ast-content-background-meta":{"desktop":{"background-color":"var(--ast-global-color-5)","background-image":"","background-repeat":"repeat","background-position":"center center","background-size":"auto","background-attachment":"scroll","background-type":"","background-media":"","overlay-type":"","overlay-color":"","overlay-opacity":"","overlay-gradient":""},"tablet":{"background-color":"var(--ast-global-color-5)","background-image":"","background-repeat":"repeat","background-position":"center center","background-size":"auto","background-attachment":"scroll","background-type":"","background-media":"","overlay-type":"","overlay-color":"","overlay-opacity":"","overlay-gradient":""},"mobile":{"background-color":"var(--ast-global-color-5)","background-image":"","background-repeat":"repeat","background-position":"center center","background-size":"auto","background-attachment":"scroll","background-type":"","background-media":"","overlay-type":"","overlay-color":"","overlay-opacity":"","overlay-gradient":""}}},"product_brand":[],"product_cat":[50],"product_tag":[],"class_list":{"0":"post-5494","1":"product","2":"type-product","3":"status-publish","4":"has-post-thumbnail","6":"product_cat-concrete-form-accessories","7":"desktop-align-left","8":"tablet-align-left","9":"mobile-align-left","10":"ast-product-gallery-layout-horizontal-slider","11":"ast-product-tabs-layout-horizontal","13":"first","14":"instock","15":"shipping-taxable","16":"purchasable","17":"product-type-simple"},"yoast_head":"<!-- This site is optimized with the Yoast SEO plugin v25.2 - https:\/\/yoast.com\/wordpress\/plugins\/seo\/ -->\n<title>Steel Cavity Cap<\/title>\n<meta name=\"description\" content=\"Preformed galvanized steel cavity caps for use with concrete blocks.\" \/>\n<meta name=\"robots\" content=\"index, follow, max-snippet:-1, max-image-preview:large, max-video-preview:-1\" \/>\n<link rel=\"canonical\" href=\"https:\/\/qingdaohf.com\/hu\/termek\/acel-ureg-sapka\/\" \/>\n<meta property=\"og:locale\" content=\"hu_HU\" \/>\n<meta property=\"og:type\" content=\"article\" \/>\n<meta property=\"og:title\" content=\"Steel Cavity Cap\" \/>\n<meta property=\"og:description\" content=\"Preformed galvanized steel cavity caps for use with concrete blocks.\" \/>\n<meta property=\"og:url\" content=\"https:\/\/qingdaohf.com\/hu\/termek\/acel-ureg-sapka\/\" \/>\n<meta property=\"og:site_name\" content=\"Concrete Form &amp; Rigging Hardware Supplier\" \/>\n<meta property=\"article:publisher\" content=\"https:\/\/www.facebook.com\/qingdaohf\" \/>\n<meta property=\"article:modified_time\" content=\"2025-11-13T01:04:02+00:00\" \/>\n<meta property=\"og:image\" content=\"https:\/\/qingdaohf.com\/wp-content\/uploads\/2023\/10\/steel-Cavity-Cap-1-scaled.jpg\" \/>\n\t<meta property=\"og:image:width\" content=\"1920\" \/>\n\t<meta property=\"og:image:height\" content=\"1920\" \/>\n\t<meta property=\"og:image:type\" content=\"image\/jpeg\" \/>\n<meta name=\"twitter:card\" content=\"summary_large_image\" \/>\n<meta name=\"twitter:label1\" content=\"Becs\u00fclt olvas\u00e1si id\u0151\" \/>\n\t<meta name=\"twitter:data1\" content=\"1 perc\" \/>\n<script type=\"application\/ld+json\" class=\"yoast-schema-graph\">{\"@context\":\"https:\/\/schema.org\",\"@graph\":[{\"@type\":\"WebPage\",\"@id\":\"https:\/\/qingdaohf.com\/product\/steel-cavity-cap\/\",\"url\":\"https:\/\/qingdaohf.com\/product\/steel-cavity-cap\/\",\"name\":\"Steel Cavity Cap\",\"isPartOf\":{\"@id\":\"https:\/\/qingdaohf.com\/bg\/#website\"},\"primaryImageOfPage\":{\"@id\":\"https:\/\/qingdaohf.com\/product\/steel-cavity-cap\/#primaryimage\"},\"image\":{\"@id\":\"https:\/\/qingdaohf.com\/product\/steel-cavity-cap\/#primaryimage\"},\"thumbnailUrl\":\"https:\/\/qingdaohf.com\/wp-content\/uploads\/2023\/10\/steel-Cavity-Cap-1-scaled.jpg\",\"datePublished\":\"2023-10-25T06:53:19+00:00\",\"dateModified\":\"2025-11-13T01:04:02+00:00\",\"description\":\"Preformed galvanized steel cavity caps for use with concrete blocks.\",\"breadcrumb\":{\"@id\":\"https:\/\/qingdaohf.com\/product\/steel-cavity-cap\/#breadcrumb\"},\"inLanguage\":\"hu\",\"potentialAction\":[{\"@type\":\"ReadAction\",\"target\":[\"https:\/\/qingdaohf.com\/product\/steel-cavity-cap\/\"]}]},{\"@type\":\"ImageObject\",\"inLanguage\":\"hu\",\"@id\":\"https:\/\/qingdaohf.com\/product\/steel-cavity-cap\/#primaryimage\",\"url\":\"https:\/\/qingdaohf.com\/wp-content\/uploads\/2023\/10\/steel-Cavity-Cap-1-scaled.jpg\",\"contentUrl\":\"https:\/\/qingdaohf.com\/wp-content\/uploads\/2023\/10\/steel-Cavity-Cap-1-scaled.jpg\",\"width\":1920,\"height\":1920,\"caption\":\"steel Cavity Cap\"},{\"@type\":\"BreadcrumbList\",\"@id\":\"https:\/\/qingdaohf.com\/product\/steel-cavity-cap\/#breadcrumb\",\"itemListElement\":[{\"@type\":\"ListItem\",\"position\":1,\"name\":\"Home\",\"item\":\"https:\/\/qingdaohf.com\/\"},{\"@type\":\"ListItem\",\"position\":2,\"name\":\"Concrete Forming Accessories and Rigging Hardware\",\"item\":\"https:\/\/qingdaohf.com\/bg\/?page_id=944\"},{\"@type\":\"ListItem\",\"position\":3,\"name\":\"Steel Cavity Cap\"}]},{\"@type\":\"WebSite\",\"@id\":\"https:\/\/qingdaohf.com\/bg\/#website\",\"url\":\"https:\/\/qingdaohf.com\/bg\/\",\"name\":\"Concrete Form & Rigging Hardware Supplier\",\"description\":\"\",\"publisher\":{\"@id\":\"https:\/\/qingdaohf.com\/bg\/#organization\"},\"potentialAction\":[{\"@type\":\"SearchAction\",\"target\":{\"@type\":\"EntryPoint\",\"urlTemplate\":\"https:\/\/qingdaohf.com\/bg\/?s={search_term_string}\"},\"query-input\":{\"@type\":\"PropertyValueSpecification\",\"valueRequired\":true,\"valueName\":\"search_term_string\"}}],\"inLanguage\":\"hu\"},{\"@type\":\"Organization\",\"@id\":\"https:\/\/qingdaohf.com\/bg\/#organization\",\"name\":\"Qingdao H&F\",\"url\":\"https:\/\/qingdaohf.com\/bg\/\",\"logo\":{\"@type\":\"ImageObject\",\"inLanguage\":\"hu\",\"@id\":\"https:\/\/qingdaohf.com\/bg\/#\/schema\/logo\/image\/\",\"url\":\"https:\/\/qingdaohf.com\/wp-content\/uploads\/2022\/12\/cropped-HF-LOGO.png\",\"contentUrl\":\"https:\/\/qingdaohf.com\/wp-content\/uploads\/2022\/12\/cropped-HF-LOGO.png\",\"width\":391,\"height\":249,\"caption\":\"Qingdao H&F\"},\"image\":{\"@id\":\"https:\/\/qingdaohf.com\/bg\/#\/schema\/logo\/image\/\"},\"sameAs\":[\"https:\/\/www.facebook.com\/qingdaohf\"]}]}<\/script>\n<!-- \/ Yoast SEO plugin. -->","yoast_head_json":{"title":"Steel Cavity Cap","description":"Preformed galvanized steel cavity caps for use with concrete blocks.","robots":{"index":"index","follow":"follow","max-snippet":"max-snippet:-1","max-image-preview":"max-image-preview:large","max-video-preview":"max-video-preview:-1"},"canonical":"https:\/\/qingdaohf.com\/hu\/termek\/acel-ureg-sapka\/","og_locale":"hu_HU","og_type":"article","og_title":"Steel Cavity Cap","og_description":"Preformed galvanized steel cavity caps for use with concrete blocks.","og_url":"https:\/\/qingdaohf.com\/hu\/termek\/acel-ureg-sapka\/","og_site_name":"Concrete Form &amp; Rigging Hardware Supplier","article_publisher":"https:\/\/www.facebook.com\/qingdaohf","article_modified_time":"2025-11-13T01:04:02+00:00","og_image":[{"width":1920,"height":1920,"url":"https:\/\/qingdaohf.com\/wp-content\/uploads\/2023\/10\/steel-Cavity-Cap-1-scaled.jpg","type":"image\/jpeg"}],"twitter_card":"summary_large_image","twitter_misc":{"Becs\u00fclt olvas\u00e1si id\u0151":"1 perc"},"schema":{"@context":"https:\/\/schema.org","@graph":[{"@type":"WebPage","@id":"https:\/\/qingdaohf.com\/product\/steel-cavity-cap\/","url":"https:\/\/qingdaohf.com\/product\/steel-cavity-cap\/","name":"Steel Cavity Cap","isPartOf":{"@id":"https:\/\/qingdaohf.com\/bg\/#website"},"primaryImageOfPage":{"@id":"https:\/\/qingdaohf.com\/product\/steel-cavity-cap\/#primaryimage"},"image":{"@id":"https:\/\/qingdaohf.com\/product\/steel-cavity-cap\/#primaryimage"},"thumbnailUrl":"https:\/\/qingdaohf.com\/wp-content\/uploads\/2023\/10\/steel-Cavity-Cap-1-scaled.jpg","datePublished":"2023-10-25T06:53:19+00:00","dateModified":"2025-11-13T01:04:02+00:00","description":"Preformed galvanized steel cavity caps for use with concrete blocks.","breadcrumb":{"@id":"https:\/\/qingdaohf.com\/product\/steel-cavity-cap\/#breadcrumb"},"inLanguage":"hu","potentialAction":[{"@type":"ReadAction","target":["https:\/\/qingdaohf.com\/product\/steel-cavity-cap\/"]}]},{"@type":"ImageObject","inLanguage":"hu","@id":"https:\/\/qingdaohf.com\/product\/steel-cavity-cap\/#primaryimage","url":"https:\/\/qingdaohf.com\/wp-content\/uploads\/2023\/10\/steel-Cavity-Cap-1-scaled.jpg","contentUrl":"https:\/\/qingdaohf.com\/wp-content\/uploads\/2023\/10\/steel-Cavity-Cap-1-scaled.jpg","width":1920,"height":1920,"caption":"steel Cavity Cap"},{"@type":"BreadcrumbList","@id":"https:\/\/qingdaohf.com\/product\/steel-cavity-cap\/#breadcrumb","itemListElement":[{"@type":"ListItem","position":1,"name":"Home","item":"https:\/\/qingdaohf.com\/"},{"@type":"ListItem","position":2,"name":"Concrete Forming Accessories and Rigging Hardware","item":"https:\/\/qingdaohf.com\/bg\/?page_id=944"},{"@type":"ListItem","position":3,"name":"Steel Cavity Cap"}]},{"@type":"WebSite","@id":"https:\/\/qingdaohf.com\/bg\/#website","url":"https:\/\/qingdaohf.com\/bg\/","name":"Concrete Form & Rigging Hardware Supplier","description":"","publisher":{"@id":"https:\/\/qingdaohf.com\/bg\/#organization"},"potentialAction":[{"@type":"SearchAction","target":{"@type":"EntryPoint","urlTemplate":"https:\/\/qingdaohf.com\/bg\/?s={search_term_string}"},"query-input":{"@type":"PropertyValueSpecification","valueRequired":true,"valueName":"search_term_string"}}],"inLanguage":"hu"},{"@type":"Organization","@id":"https:\/\/qingdaohf.com\/bg\/#organization","name":"Qingdao H&F","url":"https:\/\/qingdaohf.com\/bg\/","logo":{"@type":"ImageObject","inLanguage":"hu","@id":"https:\/\/qingdaohf.com\/bg\/#\/schema\/logo\/image\/","url":"https:\/\/qingdaohf.com\/wp-content\/uploads\/2022\/12\/cropped-HF-LOGO.png","contentUrl":"https:\/\/qingdaohf.com\/wp-content\/uploads\/2022\/12\/cropped-HF-LOGO.png","width":391,"height":249,"caption":"Qingdao H&F"},"image":{"@id":"https:\/\/qingdaohf.com\/bg\/#\/schema\/logo\/image\/"},"sameAs":["https:\/\/www.facebook.com\/qingdaohf"]}]}},"_links":{"self":[{"href":"https:\/\/qingdaohf.com\/hu\/wp-json\/wp\/v2\/product\/5494","targetHints":{"allow":["GET"]}}],"collection":[{"href":"https:\/\/qingdaohf.com\/hu\/wp-json\/wp\/v2\/product"}],"about":[{"href":"https:\/\/qingdaohf.com\/hu\/wp-json\/wp\/v2\/types\/product"}],"replies":[{"embeddable":true,"href":"https:\/\/qingdaohf.com\/hu\/wp-json\/wp\/v2\/comments?post=5494"}],"version-history":[{"count":5,"href":"https:\/\/qingdaohf.com\/hu\/wp-json\/wp\/v2\/product\/5494\/revisions"}],"predecessor-version":[{"id":6977,"href":"https:\/\/qingdaohf.com\/hu\/wp-json\/wp\/v2\/product\/5494\/revisions\/6977"}],"wp:featuredmedia":[{"embeddable":true,"href":"https:\/\/qingdaohf.com\/hu\/wp-json\/wp\/v2\/media\/5495"}],"wp:attachment":[{"href":"https:\/\/qingdaohf.com\/hu\/wp-json\/wp\/v2\/media?parent=5494"}],"wp:term":[{"taxonomy":"product_brand","embeddable":true,"href":"https:\/\/qingdaohf.com\/hu\/wp-json\/wp\/v2\/product_brand?post=5494"},{"taxonomy":"product_cat","embeddable":true,"href":"https:\/\/qingdaohf.com\/hu\/wp-json\/wp\/v2\/product_cat?post=5494"},{"taxonomy":"product_tag","embeddable":true,"href":"https:\/\/qingdaohf.com\/hu\/wp-json\/wp\/v2\/product_tag?post=5494"}],"curies":[{"name":"wp","href":"https:\/\/api.w.org\/{rel}","templated":true}]}}