{"id":5799,"date":"2023-11-23T11:35:43","date_gmt":"2023-11-23T03:35:43","guid":{"rendered":"http:\/\/qingdaohf.com\/?post_type=product&#038;p=5799"},"modified":"2025-11-13T09:04:01","modified_gmt":"2025-11-13T01:04:01","slug":"towing-shackle","status":"publish","type":"product","link":"https:\/\/qingdaohf.com\/hu\/termek\/vonohorog\/","title":{"rendered":"Vontat\u00f3 bilincs"},"content":{"rendered":"<h2>A vontat\u00f3 bilincsek el\u0151nyei:<\/h2>\n<h3>Nagy szak\u00edt\u00f3szil\u00e1rds\u00e1g:<\/h3>\n<p>Vontat\u00f3bilincseink kiv\u00e1l\u00f3 szak\u00edt\u00f3szil\u00e1rds\u00e1ggal b\u00fcszk\u00e9lkedhetnek, biztos\u00edtva a megb\u00edzhat\u00f3 teljes\u00edtm\u00e9nyt nagy terhel\u00e9s eset\u00e9n. Az \u00d6n \u00fcgyfelei min\u0151s\u00e9get k\u00f6vetelnek, mi pedig teljes\u00edtj\u00fck azt.<\/p>\n<h3>Korr\u00f3zi\u00f3\u00e1ll\u00f3s\u00e1g:<\/h3>\n<p>A bilincseink kiemelked\u0151 jellemz\u0151je a kiv\u00e9teles korr\u00f3zi\u00f3\u00e1ll\u00f3s\u00e1g. Az innovat\u00edv anyagok \u00e9s bevonatok r\u00e9v\u00e9n biztos\u00edtjuk a hossz\u00fa \u00e9lettartamot, \u00edgy ide\u00e1lisak a legk\u00fcl\u00f6nf\u00e9l\u00e9bb k\u00f6rnyezetekben, a tengeri alkalmaz\u00e1sokt\u00f3l a zord ipari k\u00f6rnyezetig.<\/p>\n<h3>Prec\u00edzi\u00f3s m\u00e9rn\u00f6ki tev\u00e9kenys\u00e9g:<\/h3>\n<p>Minden bilincset apr\u00f3l\u00e9kosan megtervezett precizit\u00e1ssal terveztek. Ez biztos\u00edtja a t\u00f6k\u00e9letes illeszked\u00e9st, cs\u00f6kkenti a kop\u00e1st \u00e9s a kop\u00e1st, \u00e9s n\u00f6veli az \u00e1ltal\u00e1nos biztons\u00e1got a vontat\u00e1si m\u0171veletek sor\u00e1n.<\/p>\n<h3>Sokoldal\u00fas\u00e1g az alkalmaz\u00e1sokban:<\/h3>\n<p>Vontat\u00e1si bilincseinket a sokoldal\u00fas\u00e1g jegy\u00e9ben tervezt\u00fck. Legyen sz\u00f3 nagy teherb\u00edr\u00e1s\u00fa kereskedelmi vontat\u00e1sr\u00f3l vagy speci\u00e1lis ipari alkalmaz\u00e1sokr\u00f3l, term\u00e9keink az ig\u00e9nyek sz\u00e9les sk\u00e1l\u00e1j\u00e1t el\u00e9g\u00edtik ki, \u00edgy a legk\u00fcl\u00f6nb\u00f6z\u0151bb \u00e1gazatok sz\u00e1m\u00e1ra jelentenek megold\u00e1st.<\/p>\n<h3>Az ipari szabv\u00e1nyoknak val\u00f3 megfelel\u00e9s:<\/h3>\n<p>B\u00fcszk\u00e9k vagyunk arra, hogy t\u00falteljes\u00edtj\u00fck az ipar\u00e1gi szabv\u00e1nyokat. Vontat\u00f3bilincseink nem csak megfelelnek a k\u00f6vetelm\u00e9nyeknek; t\u00fal is l\u00e9pnek rajtuk, teljes\u00edtik vagy t\u00falsz\u00e1rnyalj\u00e1k az el\u0151\u00edr\u00e1sokat, hogy biztos\u00edts\u00e1k a legmagasabb szint\u0171 biztons\u00e1got \u00e9s megb\u00edzhat\u00f3s\u00e1got.<\/p>\n<h2>Az \u00d6n probl\u00e9m\u00e1i, a mi megold\u00e1saink:<\/h2>\n<h3>Term\u00e9kmin\u0151s\u00e9g-ellen\u0151rz\u00e9s:<\/h3>\n<p>Vontat\u00f3bilincseink szigor\u00fa min\u0151s\u00e9gi ellen\u0151rz\u00e9seken esnek \u00e1t, amelyek megfelelnek \u00e9s meghaladj\u00e1k az ipar\u00e1gi szabv\u00e1nyokat. A nagy szak\u00edt\u00f3szil\u00e1rds\u00e1g \u00e9s a korr\u00f3zi\u00f3\u00e1ll\u00f3s\u00e1g kulcsfontoss\u00e1g\u00fa elemek, amelyek megk\u00fcl\u00f6nb\u00f6ztetik term\u00e9keinket.<\/p>\n<h3>Besz\u00e1ll\u00edt\u00f3i hiteless\u00e9g:<\/h3>\n<p>20 \u00e9ves tapasztalattal, saj\u00e1t gy\u00e1rral rendelkez\u0151, megb\u00edzhat\u00f3 k\u00fclkereskedelmi v\u00e1llalatt\u00e1 v\u00e1ltunk. A bilincseink prec\u00edzi\u00f3s m\u00e9rn\u00f6ki pontoss\u00e1ga t\u00fckr\u00f6zi a megb\u00edzhat\u00f3s\u00e1g \u00e9s a kiv\u00e1l\u00f3s\u00e1g ir\u00e1nti elk\u00f6telezetts\u00e9g\u00fcnket.<\/p>\n<h3>\u00c1rversenyk\u00e9pess\u00e9g:<\/h3>\n<p>Versenyk\u00e9pes \u00e1rakat k\u00edn\u00e1lunk an\u00e9lk\u00fcl, hogy kompromisszumot k\u00f6tn\u00e9nk a vontat\u00f3bilincsek min\u0151s\u00e9g\u00e9ben. Az \u00e1ltaluk ny\u00fajtott \u00e9rt\u00e9k, k\u00fcl\u00f6n\u00f6sen a sokoldal\u00fas\u00e1guk \u00e9s az ipari szabv\u00e1nyoknak val\u00f3 megfelel\u00e9s\u00fck biztos\u00edtja, hogy a legt\u00f6bbet hozza ki a befektet\u00e9s\u00e9b\u0151l.<\/p>\n<h3>Sz\u00e1ll\u00edt\u00e1s \u00e9s k\u00e9zbes\u00edt\u00e9s:<\/h3>\n<p>Hat\u00e9kony logisztik\u00e1nk biztos\u00edtja az id\u0151ben t\u00f6rt\u00e9n\u0151 sz\u00e1ll\u00edt\u00e1st, \u00e9s a bilincseink korr\u00f3zi\u00f3\u00e1ll\u00f3 tulajdons\u00e1gai garant\u00e1lj\u00e1k, hogy kiv\u00e1l\u00f3 \u00e1llapotban \u00e9rkeznek meg.<\/p>\n<h3>Testreszab\u00e1si lehet\u0151s\u00e9gek:<\/h3>\n<p>Vontat\u00e1si bilincseink t\u00e1mogatj\u00e1k a testreszab\u00e1st, hogy megfeleljenek az \u00d6n egyedi ig\u00e9nyeinek. Legyen sz\u00f3 ak\u00e1r a szak\u00edt\u00f3szil\u00e1rds\u00e1g vagy m\u00e1s specifik\u00e1ci\u00f3k be\u00e1ll\u00edt\u00e1s\u00e1r\u00f3l, prec\u00edzi\u00f3s m\u00e9rn\u00f6ki munk\u00e1nk lehet\u0151v\u00e9 teszi a szem\u00e9lyre szabott megold\u00e1sokat.<\/p>\n<h3>Fizet\u00e9si felt\u00e9telek:<\/h3>\n<p>T\u00e1rgyaljon az \u00d6n p\u00e9nz\u00fcgyi lehet\u0151s\u00e9geihez igazod\u00f3 fizet\u00e9si felt\u00e9telekr\u0151l. A min\u0151s\u00e9g \u00e9s a megfelel\u0151s\u00e9g ir\u00e1nti elk\u00f6telezetts\u00e9g\u00fcnk biztos\u00edtja \u00d6nt arr\u00f3l, hogy befektet\u00e9se biztons\u00e1gban van.<\/p>\n<h3>Kommunik\u00e1ci\u00f3 \u00e9s reag\u00e1l\u00f3k\u00e9pess\u00e9g:<\/h3>\n<p>Egy\u00e9ni \u00fcgyf\u00e9lszolg\u00e1latunk biztos\u00edtja a gyors \u00e9s hat\u00e9kony kommunik\u00e1ci\u00f3t a v\u00e1s\u00e1rl\u00e1si folyamat sor\u00e1n. B\u00e1rmilyen k\u00e9rd\u00e9st vagy agg\u00e1lyt olyan precizit\u00e1ssal kezel\u00fcnk, amely t\u00fckr\u00f6zi term\u00e9km\u00e9rn\u00f6ki tev\u00e9kenys\u00e9g\u00fcnket.<\/p>\n<h3>\u00c9rt\u00e9kes\u00edt\u00e9s ut\u00e1ni t\u00e1mogat\u00e1s:<\/h3>\n<p>\u00c9rdekl\u0151dj\u00f6n a sz\u00e1ll\u00edt\u00f3 \u00e9rt\u00e9kes\u00edt\u00e9s ut\u00e1ni t\u00e1mogat\u00e1s\u00e1r\u00f3l \u00e9s garanci\u00e1lis politik\u00e1j\u00e1r\u00f3l. Folyamatos fejleszt\u00e9si filoz\u00f3fi\u00e1nk biztos\u00edtja a folyamatos t\u00e1mogat\u00e1st mindaddig, am\u00edg az \u00e1ru meg nem \u00e9rkezik, \u00e9s meg nem felel vagy meg nem haladja az \u00d6n elv\u00e1r\u00e1sait.<\/p>\n<p>Emelje B2B j\u00e1t\u00e9k\u00e1t a H&amp;F seg\u00edts\u00e9g\u00e9vel. Min\u0151s\u00e9get, megb\u00edzhat\u00f3s\u00e1got \u00e9s z\u00f6kken\u0151mentes tranzakci\u00f3kat k\u00edn\u00e1lunk. L\u00e9pjen kapcsolatba vel\u00fcnk \u00e1raj\u00e1nlat\u00e9rt vagy a t\u00f6meges vontat\u00f3bilincs ig\u00e9nyeinek megvitat\u00e1s\u00e1\u00e9rt. \u00c9p\u00edts\u00fcnk egy tart\u00f3s partners\u00e9get!<\/p>","protected":false},"excerpt":{"rendered":"<p>\u00d6n most m\u00e1r 20 \u00e9ves munkatapasztalattal rendelkez\u0151 v\u00e1s\u00e1rl\u00f3. Vontat\u00e1si bilincs v\u00e1s\u00e1rl\u00e1s\u00e1ra szakosodott. Most m\u00e1r k\u00e9szen \u00e1ll arra, hogy term\u00e9keket v\u00e1s\u00e1roljon a Google-on.<br \/>\nBesz\u00e9lj\u00fcnk azokr\u00f3l a k\u00e9rd\u00e9sekr\u0151l, amelyek a vev\u0151ket a legink\u00e1bb foglalkoztatj\u00e1k.<br \/>\nA fenti probl\u00e9m\u00e1kra v\u00e1laszul a leg\u00e9sszer\u0171bb megold\u00e1sokat k\u00edn\u00e1ljuk, hogy a v\u00e1s\u00e1rl\u00f3k bizalommal k\u00fcldhessenek megkeres\u00e9seket.<\/p>","protected":false},"featured_media":5806,"comment_status":"open","ping_status":"closed","template":"","meta":{"site-sidebar-layout":"default","site-content-layout":"","ast-site-content-layout":"default","site-content-style":"default","site-sidebar-style":"default","ast-global-header-display":"","ast-banner-title-visibility":"","ast-main-header-display":"","ast-hfb-above-header-display":"","ast-hfb-below-header-display":"","ast-hfb-mobile-header-display":"","site-post-title":"","ast-breadcrumbs-content":"","ast-featured-img":"","footer-sml-layout":"","theme-transparent-header-meta":"default","adv-header-id-meta":"","stick-header-meta":"default","header-above-stick-meta":"","header-main-stick-meta":"","header-below-stick-meta":"","astra-migrate-meta-layouts":"set","ast-page-background-enabled":"default","ast-page-background-meta":{"desktop":{"background-color":"","background-image":"","background-repeat":"repeat","background-position":"center center","background-size":"auto","background-attachment":"scroll","background-type":"","background-media":"","overlay-type":"","overlay-color":"","overlay-opacity":"","overlay-gradient":""},"tablet":{"background-color":"","background-image":"","background-repeat":"repeat","background-position":"center center","background-size":"auto","background-attachment":"scroll","background-type":"","background-media":"","overlay-type":"","overlay-color":"","overlay-opacity":"","overlay-gradient":""},"mobile":{"background-color":"","background-image":"","background-repeat":"repeat","background-position":"center center","background-size":"auto","background-attachment":"scroll","background-type":"","background-media":"","overlay-type":"","overlay-color":"","overlay-opacity":"","overlay-gradient":""}},"ast-content-background-meta":{"desktop":{"background-color":"var(--ast-global-color-5)","background-image":"","background-repeat":"repeat","background-position":"center center","background-size":"auto","background-attachment":"scroll","background-type":"","background-media":"","overlay-type":"","overlay-color":"","overlay-opacity":"","overlay-gradient":""},"tablet":{"background-color":"var(--ast-global-color-5)","background-image":"","background-repeat":"repeat","background-position":"center center","background-size":"auto","background-attachment":"scroll","background-type":"","background-media":"","overlay-type":"","overlay-color":"","overlay-opacity":"","overlay-gradient":""},"mobile":{"background-color":"var(--ast-global-color-5)","background-image":"","background-repeat":"repeat","background-position":"center center","background-size":"auto","background-attachment":"scroll","background-type":"","background-media":"","overlay-type":"","overlay-color":"","overlay-opacity":"","overlay-gradient":""}}},"product_brand":[],"product_cat":[51,54],"product_tag":[],"class_list":{"0":"post-5799","1":"product","2":"type-product","3":"status-publish","4":"has-post-thumbnail","6":"product_cat-riggging-hardware","7":"product_cat-shackle","8":"desktop-align-left","9":"tablet-align-left","10":"mobile-align-left","11":"ast-product-gallery-layout-horizontal-slider","12":"ast-product-tabs-layout-horizontal","14":"first","15":"instock","16":"shipping-taxable","17":"purchasable","18":"product-type-simple"},"yoast_head":"<!-- This site is optimized with the Yoast SEO plugin v25.2 - https:\/\/yoast.com\/wordpress\/plugins\/seo\/ -->\n<title>Towing Shackle<\/title>\n<meta name=\"description\" content=\"Our Towing Shackles boast superior tensile strength, ensuring reliable performance under heavy loads. Your clients demand quality, and we deliver\" \/>\n<meta name=\"robots\" content=\"index, follow, max-snippet:-1, max-image-preview:large, max-video-preview:-1\" \/>\n<link rel=\"canonical\" href=\"https:\/\/qingdaohf.com\/hu\/termek\/vonohorog\/\" \/>\n<meta property=\"og:locale\" content=\"hu_HU\" \/>\n<meta property=\"og:type\" content=\"article\" \/>\n<meta property=\"og:title\" content=\"Towing Shackle\" \/>\n<meta property=\"og:description\" content=\"Our Towing Shackles boast superior tensile strength, ensuring reliable performance under heavy loads. Your clients demand quality, and we deliver\" \/>\n<meta property=\"og:url\" content=\"https:\/\/qingdaohf.com\/hu\/termek\/vonohorog\/\" \/>\n<meta property=\"og:site_name\" content=\"Concrete Form &amp; Rigging Hardware Supplier\" \/>\n<meta property=\"article:publisher\" content=\"https:\/\/www.facebook.com\/qingdaohf\" \/>\n<meta property=\"article:modified_time\" content=\"2025-11-13T01:04:01+00:00\" \/>\n<meta property=\"og:image\" content=\"https:\/\/qingdaohf.com\/wp-content\/uploads\/2023\/11\/Towing-shackle-9.jpg\" \/>\n\t<meta property=\"og:image:width\" content=\"800\" \/>\n\t<meta property=\"og:image:height\" content=\"800\" \/>\n\t<meta property=\"og:image:type\" content=\"image\/jpeg\" \/>\n<meta name=\"twitter:card\" content=\"summary_large_image\" \/>\n<meta name=\"twitter:label1\" content=\"Becs\u00fclt olvas\u00e1si id\u0151\" \/>\n\t<meta name=\"twitter:data1\" content=\"2 perc\" \/>\n<script type=\"application\/ld+json\" class=\"yoast-schema-graph\">{\"@context\":\"https:\/\/schema.org\",\"@graph\":[{\"@type\":\"WebPage\",\"@id\":\"https:\/\/qingdaohf.com\/product\/towing-shackle\/\",\"url\":\"https:\/\/qingdaohf.com\/product\/towing-shackle\/\",\"name\":\"Towing Shackle\",\"isPartOf\":{\"@id\":\"https:\/\/qingdaohf.com\/bg\/#website\"},\"primaryImageOfPage\":{\"@id\":\"https:\/\/qingdaohf.com\/product\/towing-shackle\/#primaryimage\"},\"image\":{\"@id\":\"https:\/\/qingdaohf.com\/product\/towing-shackle\/#primaryimage\"},\"thumbnailUrl\":\"https:\/\/qingdaohf.com\/wp-content\/uploads\/2023\/11\/Towing-shackle-9.jpg\",\"datePublished\":\"2023-11-23T03:35:43+00:00\",\"dateModified\":\"2025-11-13T01:04:01+00:00\",\"description\":\"Our Towing Shackles boast superior tensile strength, ensuring reliable performance under heavy loads. Your clients demand quality, and we deliver\",\"breadcrumb\":{\"@id\":\"https:\/\/qingdaohf.com\/product\/towing-shackle\/#breadcrumb\"},\"inLanguage\":\"hu\",\"potentialAction\":[{\"@type\":\"ReadAction\",\"target\":[\"https:\/\/qingdaohf.com\/product\/towing-shackle\/\"]}]},{\"@type\":\"ImageObject\",\"inLanguage\":\"hu\",\"@id\":\"https:\/\/qingdaohf.com\/product\/towing-shackle\/#primaryimage\",\"url\":\"https:\/\/qingdaohf.com\/wp-content\/uploads\/2023\/11\/Towing-shackle-9.jpg\",\"contentUrl\":\"https:\/\/qingdaohf.com\/wp-content\/uploads\/2023\/11\/Towing-shackle-9.jpg\",\"width\":800,\"height\":800,\"caption\":\"Towing shackle\"},{\"@type\":\"BreadcrumbList\",\"@id\":\"https:\/\/qingdaohf.com\/product\/towing-shackle\/#breadcrumb\",\"itemListElement\":[{\"@type\":\"ListItem\",\"position\":1,\"name\":\"Home\",\"item\":\"https:\/\/qingdaohf.com\/\"},{\"@type\":\"ListItem\",\"position\":2,\"name\":\"Concrete Forming Accessories and Rigging Hardware\",\"item\":\"https:\/\/qingdaohf.com\/bg\/?page_id=944\"},{\"@type\":\"ListItem\",\"position\":3,\"name\":\"Towing Shackle\"}]},{\"@type\":\"WebSite\",\"@id\":\"https:\/\/qingdaohf.com\/bg\/#website\",\"url\":\"https:\/\/qingdaohf.com\/bg\/\",\"name\":\"Concrete Form & Rigging Hardware Supplier\",\"description\":\"\",\"publisher\":{\"@id\":\"https:\/\/qingdaohf.com\/bg\/#organization\"},\"potentialAction\":[{\"@type\":\"SearchAction\",\"target\":{\"@type\":\"EntryPoint\",\"urlTemplate\":\"https:\/\/qingdaohf.com\/bg\/?s={search_term_string}\"},\"query-input\":{\"@type\":\"PropertyValueSpecification\",\"valueRequired\":true,\"valueName\":\"search_term_string\"}}],\"inLanguage\":\"hu\"},{\"@type\":\"Organization\",\"@id\":\"https:\/\/qingdaohf.com\/bg\/#organization\",\"name\":\"Qingdao H&F\",\"url\":\"https:\/\/qingdaohf.com\/bg\/\",\"logo\":{\"@type\":\"ImageObject\",\"inLanguage\":\"hu\",\"@id\":\"https:\/\/qingdaohf.com\/bg\/#\/schema\/logo\/image\/\",\"url\":\"https:\/\/qingdaohf.com\/wp-content\/uploads\/2022\/12\/cropped-HF-LOGO.png\",\"contentUrl\":\"https:\/\/qingdaohf.com\/wp-content\/uploads\/2022\/12\/cropped-HF-LOGO.png\",\"width\":391,\"height\":249,\"caption\":\"Qingdao H&F\"},\"image\":{\"@id\":\"https:\/\/qingdaohf.com\/bg\/#\/schema\/logo\/image\/\"},\"sameAs\":[\"https:\/\/www.facebook.com\/qingdaohf\"]}]}<\/script>\n<!-- \/ Yoast SEO plugin. -->","yoast_head_json":{"title":"Towing Shackle","description":"Our Towing Shackles boast superior tensile strength, ensuring reliable performance under heavy loads. Your clients demand quality, and we deliver","robots":{"index":"index","follow":"follow","max-snippet":"max-snippet:-1","max-image-preview":"max-image-preview:large","max-video-preview":"max-video-preview:-1"},"canonical":"https:\/\/qingdaohf.com\/hu\/termek\/vonohorog\/","og_locale":"hu_HU","og_type":"article","og_title":"Towing Shackle","og_description":"Our Towing Shackles boast superior tensile strength, ensuring reliable performance under heavy loads. Your clients demand quality, and we deliver","og_url":"https:\/\/qingdaohf.com\/hu\/termek\/vonohorog\/","og_site_name":"Concrete Form &amp; Rigging Hardware Supplier","article_publisher":"https:\/\/www.facebook.com\/qingdaohf","article_modified_time":"2025-11-13T01:04:01+00:00","og_image":[{"width":800,"height":800,"url":"https:\/\/qingdaohf.com\/wp-content\/uploads\/2023\/11\/Towing-shackle-9.jpg","type":"image\/jpeg"}],"twitter_card":"summary_large_image","twitter_misc":{"Becs\u00fclt olvas\u00e1si id\u0151":"2 perc"},"schema":{"@context":"https:\/\/schema.org","@graph":[{"@type":"WebPage","@id":"https:\/\/qingdaohf.com\/product\/towing-shackle\/","url":"https:\/\/qingdaohf.com\/product\/towing-shackle\/","name":"Towing Shackle","isPartOf":{"@id":"https:\/\/qingdaohf.com\/bg\/#website"},"primaryImageOfPage":{"@id":"https:\/\/qingdaohf.com\/product\/towing-shackle\/#primaryimage"},"image":{"@id":"https:\/\/qingdaohf.com\/product\/towing-shackle\/#primaryimage"},"thumbnailUrl":"https:\/\/qingdaohf.com\/wp-content\/uploads\/2023\/11\/Towing-shackle-9.jpg","datePublished":"2023-11-23T03:35:43+00:00","dateModified":"2025-11-13T01:04:01+00:00","description":"Our Towing Shackles boast superior tensile strength, ensuring reliable performance under heavy loads. Your clients demand quality, and we deliver","breadcrumb":{"@id":"https:\/\/qingdaohf.com\/product\/towing-shackle\/#breadcrumb"},"inLanguage":"hu","potentialAction":[{"@type":"ReadAction","target":["https:\/\/qingdaohf.com\/product\/towing-shackle\/"]}]},{"@type":"ImageObject","inLanguage":"hu","@id":"https:\/\/qingdaohf.com\/product\/towing-shackle\/#primaryimage","url":"https:\/\/qingdaohf.com\/wp-content\/uploads\/2023\/11\/Towing-shackle-9.jpg","contentUrl":"https:\/\/qingdaohf.com\/wp-content\/uploads\/2023\/11\/Towing-shackle-9.jpg","width":800,"height":800,"caption":"Towing shackle"},{"@type":"BreadcrumbList","@id":"https:\/\/qingdaohf.com\/product\/towing-shackle\/#breadcrumb","itemListElement":[{"@type":"ListItem","position":1,"name":"Home","item":"https:\/\/qingdaohf.com\/"},{"@type":"ListItem","position":2,"name":"Concrete Forming Accessories and Rigging Hardware","item":"https:\/\/qingdaohf.com\/bg\/?page_id=944"},{"@type":"ListItem","position":3,"name":"Towing Shackle"}]},{"@type":"WebSite","@id":"https:\/\/qingdaohf.com\/bg\/#website","url":"https:\/\/qingdaohf.com\/bg\/","name":"Concrete Form & Rigging Hardware Supplier","description":"","publisher":{"@id":"https:\/\/qingdaohf.com\/bg\/#organization"},"potentialAction":[{"@type":"SearchAction","target":{"@type":"EntryPoint","urlTemplate":"https:\/\/qingdaohf.com\/bg\/?s={search_term_string}"},"query-input":{"@type":"PropertyValueSpecification","valueRequired":true,"valueName":"search_term_string"}}],"inLanguage":"hu"},{"@type":"Organization","@id":"https:\/\/qingdaohf.com\/bg\/#organization","name":"Qingdao H&F","url":"https:\/\/qingdaohf.com\/bg\/","logo":{"@type":"ImageObject","inLanguage":"hu","@id":"https:\/\/qingdaohf.com\/bg\/#\/schema\/logo\/image\/","url":"https:\/\/qingdaohf.com\/wp-content\/uploads\/2022\/12\/cropped-HF-LOGO.png","contentUrl":"https:\/\/qingdaohf.com\/wp-content\/uploads\/2022\/12\/cropped-HF-LOGO.png","width":391,"height":249,"caption":"Qingdao H&F"},"image":{"@id":"https:\/\/qingdaohf.com\/bg\/#\/schema\/logo\/image\/"},"sameAs":["https:\/\/www.facebook.com\/qingdaohf"]}]}},"_links":{"self":[{"href":"https:\/\/qingdaohf.com\/hu\/wp-json\/wp\/v2\/product\/5799","targetHints":{"allow":["GET"]}}],"collection":[{"href":"https:\/\/qingdaohf.com\/hu\/wp-json\/wp\/v2\/product"}],"about":[{"href":"https:\/\/qingdaohf.com\/hu\/wp-json\/wp\/v2\/types\/product"}],"replies":[{"embeddable":true,"href":"https:\/\/qingdaohf.com\/hu\/wp-json\/wp\/v2\/comments?post=5799"}],"version-history":[{"count":3,"href":"https:\/\/qingdaohf.com\/hu\/wp-json\/wp\/v2\/product\/5799\/revisions"}],"predecessor-version":[{"id":5824,"href":"https:\/\/qingdaohf.com\/hu\/wp-json\/wp\/v2\/product\/5799\/revisions\/5824"}],"wp:featuredmedia":[{"embeddable":true,"href":"https:\/\/qingdaohf.com\/hu\/wp-json\/wp\/v2\/media\/5806"}],"wp:attachment":[{"href":"https:\/\/qingdaohf.com\/hu\/wp-json\/wp\/v2\/media?parent=5799"}],"wp:term":[{"taxonomy":"product_brand","embeddable":true,"href":"https:\/\/qingdaohf.com\/hu\/wp-json\/wp\/v2\/product_brand?post=5799"},{"taxonomy":"product_cat","embeddable":true,"href":"https:\/\/qingdaohf.com\/hu\/wp-json\/wp\/v2\/product_cat?post=5799"},{"taxonomy":"product_tag","embeddable":true,"href":"https:\/\/qingdaohf.com\/hu\/wp-json\/wp\/v2\/product_tag?post=5799"}],"curies":[{"name":"wp","href":"https:\/\/api.w.org\/{rel}","templated":true}]}}