{"id":6109,"date":"2023-12-22T16:01:59","date_gmt":"2023-12-22T08:01:59","guid":{"rendered":"http:\/\/qingdaohf.com\/?post_type=product&#038;p=6109"},"modified":"2025-11-13T09:04:00","modified_gmt":"2025-11-13T01:04:00","slug":"utility-lifting-anchors","status":"publish","type":"product","link":"https:\/\/qingdaohf.com\/hu\/termek\/kozuzemi-emelohorgonyok\/","title":{"rendered":"Hasznos emel\u0151horgonyok betonhoz"},"content":{"rendered":"<p><strong>1. Term\u00e9kle\u00edr\u00e1sok \u00e9s min\u0151s\u00e9g:<\/strong><\/p>\n<ul>\n<li>A H&amp;F k\u00f6zm\u0171horgonyok szigor\u00fa el\u0151\u00edr\u00e1soknak felelnek meg, biztos\u00edtva, hogy megfeleljenek \u00e9s meghaladj\u00e1k az ipari szabv\u00e1nyokat. A gy\u00e1rt\u00e1si folyamat sor\u00e1n szigor\u00fa min\u0151s\u00e9gellen\u0151rz\u00e9si int\u00e9zked\u00e9seket hajtanak v\u00e9gre, amelyek garant\u00e1lj\u00e1k a tart\u00f3ss\u00e1got \u00e9s a megb\u00edzhat\u00f3s\u00e1got minden egyes horgony eset\u00e9ben.<\/li>\n<\/ul>\n<p><strong>2. Besz\u00e1ll\u00edt\u00f3i h\u00edrn\u00e9v \u00e9s megb\u00edzhat\u00f3s\u00e1g:<\/strong><\/p>\n<ul>\n<li>A H&amp;F t\u00f6bb mint k\u00e9t \u00e9vtizedes tapasztalattal rendelkez\u0151, kiv\u00e1l\u00f3 h\u00edrn\u00e9vvel b\u00fcszk\u00e9lkedhet az ipar\u00e1gban. K\u00f6zm\u0171horgonyaink folyamatosan magas min\u0151s\u00edt\u00e9seket \u00e9s pozit\u00edv \u00e9rt\u00e9kel\u00e9seket kaptak, amelyek megb\u00edzhat\u00f3s\u00e1gukr\u00f3l \u00e9s teljes\u00edtm\u00e9ny\u00fckr\u0151l tan\u00faskodnak.<\/li>\n<\/ul>\n<p><strong>3. Megfelel\u00e9s \u00e9s tan\u00fas\u00edt\u00e1s:<\/strong><\/p>\n<ul>\n<li>Biztos lehet benne, hogy a H&amp;F k\u00f6zm\u0171horgonyai nemcsak megb\u00edzhat\u00f3ak, hanem megfelelnek az ipar\u00e1gi el\u0151\u00edr\u00e1soknak is. A biztons\u00e1got \u00e9s a min\u0151s\u00e9get helyezz\u00fck el\u0151t\u00e9rbe, \u00e9s a horgonyaink tan\u00fas\u00edtv\u00e1nnyal rendelkeznek, hogy megfelelnek vagy meghaladj\u00e1k az \u00f6sszes vonatkoz\u00f3 szabv\u00e1nyt.<\/li>\n<\/ul>\n<p><strong>4. K\u00f6lts\u00e9g \u00e9s \u00e1r-\u00e9rt\u00e9k ar\u00e1ny:<\/strong><\/p>\n<ul>\n<li>A H&amp;F tiszt\u00e1ban van a k\u00f6lts\u00e9ghat\u00e9konys\u00e1g fontoss\u00e1g\u00e1val, a min\u0151s\u00e9g kompromisszum n\u00e9lk\u00fcl. K\u00f6zm\u0171horgonyaink kiv\u00e9teles \u00e1r-\u00e9rt\u00e9k ar\u00e1nyt k\u00edn\u00e1lnak, a versenyk\u00e9pes \u00e1rk\u00e9pz\u00e9st robusztus teljes\u00edtm\u00e9nnyel kombin\u00e1lva, \u00edgy hossz\u00fa t\u00e1v\u00fa befektet\u00e9snek sz\u00e1m\u00edtanak.<\/li>\n<\/ul>\n<p><strong>5. Sz\u00e1ll\u00edt\u00e1s \u00e9s logisztika:<\/strong><\/p>\n<ul>\n<li>A H&amp;F-n\u00e9l mindent megtesz\u00fcnk annak \u00e9rdek\u00e9ben, hogy a k\u00f6zm\u0171horgonyok s\u00e9rtetlen\u00fcl \u00e9s id\u0151ben eljussanak \u00d6nh\u00f6z. Biztons\u00e1gos csomagol\u00e1sunk \u00e9s hat\u00e9kony logisztikai megold\u00e1saink garant\u00e1lj\u00e1k a biztons\u00e1gos \u00e9s id\u0151ben t\u00f6rt\u00e9n\u0151 sz\u00e1ll\u00edt\u00e1st, minim\u00e1lisra cs\u00f6kkentve a projekt \u00fctemterv\u00e9ben bek\u00f6vetkez\u0151 esetleges fennakad\u00e1sokat.<\/li>\n<\/ul>\n<p><strong>6. \u00dcgyf\u00e9lszolg\u00e1lat \u00e9s kommunik\u00e1ci\u00f3:<\/strong><\/p>\n<ul>\n<li>A H&amp;F nagyra \u00e9rt\u00e9keli az \u00e1tl\u00e1that\u00f3 \u00e9s gyors kommunik\u00e1ci\u00f3t. Elk\u00f6telezett \u00fcgyf\u00e9lszolg\u00e1lati csapatunk az \u00d6n k\u00e9rd\u00e9seire \u00e9s agg\u00e1lyaira azonnal v\u00e1laszol. Sz\u00e1m\u00edthat a megrendel\u00e9s st\u00e1tusz\u00e1r\u00f3l sz\u00f3l\u00f3 egy\u00e9rtelm\u0171 friss\u00edt\u00e9sekre \u00e9s proakt\u00edv kommunik\u00e1ci\u00f3ra a folyamat sor\u00e1n.<\/li>\n<\/ul>\n<p><strong>7. J\u00f3t\u00e1ll\u00e1s \u00e9s \u00e9rt\u00e9kes\u00edt\u00e9s ut\u00e1ni szolg\u00e1ltat\u00e1s:<\/strong><\/p>\n<ul>\n<li>\u00c9lvezze a nyugalmat a H&amp;F \u00e1tfog\u00f3 garanci\u00e1lis fedezet\u00e9vel. A v\u00e1s\u00e1rl\u00f3i el\u00e9gedetts\u00e9g ir\u00e1nti elk\u00f6telezetts\u00e9g\u00fcnk a v\u00e1s\u00e1rl\u00e1son t\u00falra is kiterjed. Ritka hib\u00e1k vagy probl\u00e9m\u00e1k eset\u00e9n \u00e9rt\u00e9kes\u00edt\u00e9s ut\u00e1ni szolg\u00e1ltat\u00e1sunk gyors \u00e9s probl\u00e9mamentes megold\u00e1sokat biztos\u00edt.<\/li>\n<\/ul>\n<p><strong>8. Fizet\u00e9si felt\u00e9telek \u00e9s lehet\u0151s\u00e9gek:<\/strong><\/p>\n<ul>\n<li>T\u00e1rgyaljon rugalmas fizet\u00e9si felt\u00e9telekr\u0151l a H&amp;F-fel, hogy igazodjon az \u00d6n k\u00f6lts\u00e9gvet\u00e9si korl\u00e1taihoz. Biztons\u00e1gos fizet\u00e9si lehet\u0151s\u00e9geink biztos\u00edtj\u00e1k a z\u00f6kken\u0151mentes \u00e9s biztons\u00e1gos tranzakci\u00f3s folyamatot, \u00e9s biztos\u00edtj\u00e1k \u00d6nnek a sz\u00fcks\u00e9ges rugalmass\u00e1got.<\/li>\n<\/ul>\n<p><strong>9. K\u00f6rnyezeti fenntarthat\u00f3s\u00e1g:<\/strong><\/p>\n<ul>\n<li>A H&amp;F elk\u00f6telezett a k\u00f6rnyezeti fenntarthat\u00f3s\u00e1g mellett. K\u00f6zm\u0171horgonyainkat k\u00f6rnyezetbar\u00e1t elj\u00e1r\u00e1sok \u00e9s anyagok felhaszn\u00e1l\u00e1s\u00e1val gy\u00e1rtjuk, hozz\u00e1j\u00e1rulva ezzel egy z\u00f6ldebb \u00e9s fenntarthat\u00f3bb j\u00f6v\u0151h\u00f6z.<\/li>\n<\/ul>\n<p><strong>10. Innov\u00e1ci\u00f3 \u00e9s technol\u00f3gia:<\/strong><\/p>\n<ul>\n<li>Maradjon az \u00e9len a H&amp;F k\u00f6zm\u0171horgonyaival, amelyek a horgonytechnol\u00f3gia leg\u00fajabb v\u00edvm\u00e1nyait tartalmazz\u00e1k. Az innovat\u00edv tervez\u00e9si jellemz\u0151kt\u0151l kezdve a legkorszer\u0171bb anyagokig, horgonyainkat \u00fagy tervezt\u00e9k, hogy n\u00f6velj\u00e9k projektjei teljes\u00edtm\u00e9ny\u00e9t \u00e9s hossz\u00fa \u00e9lettartam\u00e1t.<\/li>\n<\/ul>\n<p>K\u00e9szen \u00e1ll arra, hogy felemelje a k\u00f6zm\u0171horgonyok beszerz\u00e9s\u00e9nek tapasztalat\u00e1t? K\u00fcldj\u00f6n nek\u00fcnk egy megkeres\u00e9st most, \u00e9s hagyja, hogy a H&amp;F legyen az \u00d6n megb\u00edzhat\u00f3 partnere a sikerben!<\/p>","protected":false},"excerpt":{"rendered":"<p>K\u00f6zm\u0171horgonyok, prec\u00edzi\u00f3s tervez\u00e9ssel, hogy megfeleljenek az infrastruktur\u00e1lis projektek k\u00fcl\u00f6nb\u00f6z\u0151 ig\u00e9nyeinek. Horgonyaink az \u00e9p\u00edt\u0151ipari, t\u00e1vk\u00f6zl\u00e9si \u00e9s energetikai alkalmaz\u00e1sok gerinc\u00e9t alkotj\u00e1k, p\u00e1ratlan szil\u00e1rds\u00e1got, megb\u00edzhat\u00f3s\u00e1got \u00e9s alkalmazkod\u00f3k\u00e9pess\u00e9get k\u00edn\u00e1lva.<\/p>\n<p><strong>Nagy szak\u00edt\u00f3szil\u00e1rds\u00e1g:<\/strong> A H&amp;F k\u00f6zm\u0171horgonyok kiv\u00e1l\u00f3 min\u0151s\u00e9g\u0171 anyagokb\u00f3l k\u00e9sz\u00fclnek, amelyek kiv\u00e1l\u00f3 szak\u00edt\u00f3szil\u00e1rds\u00e1got biztos\u00edtanak, \u00edgy ig\u00e9nyes k\u00f6rnyezetben is robusztus teljes\u00edtm\u00e9nyt ny\u00fajtanak.<\/p>\n<p><strong>Korr\u00f3zi\u00f3\u00e1ll\u00f3s\u00e1g:<\/strong> Horgonyainkat \u00fagy tervezt\u00fck, hogy ellen\u00e1lljanak a korr\u00f3zi\u00f3nak, hossz\u00fa \u00e9lettartamot \u00e9s megb\u00edzhat\u00f3s\u00e1got biztos\u00edtva a legk\u00fcl\u00f6nb\u00f6z\u0151bb k\u00f6rnyezetben.<\/p>\n<p><strong>Sokoldal\u00fa alkalmaz\u00e1sok:<\/strong> A H&amp;F k\u00f6zm\u0171horgonyok az \u00e9p\u00edt\u0151ipari szerkezetek r\u00f6gz\u00edt\u00e9s\u00e9t\u0151l a t\u00e1vk\u00f6zl\u00e9si \u00e9s energetikai kritikus infrastrukt\u00far\u00e1k t\u00e1mogat\u00e1s\u00e1ig kiv\u00e9teles sokoldal\u00fas\u00e1got biztos\u00edtanak.<\/p>","protected":false},"featured_media":6137,"comment_status":"open","ping_status":"closed","template":"","meta":{"site-sidebar-layout":"default","site-content-layout":"","ast-site-content-layout":"default","site-content-style":"default","site-sidebar-style":"default","ast-global-header-display":"","ast-banner-title-visibility":"","ast-main-header-display":"","ast-hfb-above-header-display":"","ast-hfb-below-header-display":"","ast-hfb-mobile-header-display":"","site-post-title":"","ast-breadcrumbs-content":"","ast-featured-img":"","footer-sml-layout":"","theme-transparent-header-meta":"default","adv-header-id-meta":"","stick-header-meta":"default","header-above-stick-meta":"","header-main-stick-meta":"","header-below-stick-meta":"","astra-migrate-meta-layouts":"set","ast-page-background-enabled":"default","ast-page-background-meta":{"desktop":{"background-color":"","background-image":"","background-repeat":"repeat","background-position":"center center","background-size":"auto","background-attachment":"scroll","background-type":"","background-media":"","overlay-type":"","overlay-color":"","overlay-opacity":"","overlay-gradient":""},"tablet":{"background-color":"","background-image":"","background-repeat":"repeat","background-position":"center center","background-size":"auto","background-attachment":"scroll","background-type":"","background-media":"","overlay-type":"","overlay-color":"","overlay-opacity":"","overlay-gradient":""},"mobile":{"background-color":"","background-image":"","background-repeat":"repeat","background-position":"center center","background-size":"auto","background-attachment":"scroll","background-type":"","background-media":"","overlay-type":"","overlay-color":"","overlay-opacity":"","overlay-gradient":""}},"ast-content-background-meta":{"desktop":{"background-color":"var(--ast-global-color-5)","background-image":"","background-repeat":"repeat","background-position":"center center","background-size":"auto","background-attachment":"scroll","background-type":"","background-media":"","overlay-type":"","overlay-color":"","overlay-opacity":"","overlay-gradient":""},"tablet":{"background-color":"var(--ast-global-color-5)","background-image":"","background-repeat":"repeat","background-position":"center center","background-size":"auto","background-attachment":"scroll","background-type":"","background-media":"","overlay-type":"","overlay-color":"","overlay-opacity":"","overlay-gradient":""},"mobile":{"background-color":"var(--ast-global-color-5)","background-image":"","background-repeat":"repeat","background-position":"center center","background-size":"auto","background-attachment":"scroll","background-type":"","background-media":"","overlay-type":"","overlay-color":"","overlay-opacity":"","overlay-gradient":""}}},"product_brand":[],"product_cat":[50,30],"product_tag":[],"class_list":{"0":"post-6109","1":"product","2":"type-product","3":"status-publish","4":"has-post-thumbnail","6":"product_cat-concrete-form-accessories","7":"product_cat-lifting-anchor","8":"desktop-align-left","9":"tablet-align-left","10":"mobile-align-left","11":"ast-product-gallery-layout-horizontal-slider","12":"ast-product-tabs-layout-horizontal","14":"first","15":"instock","16":"shipping-taxable","17":"purchasable","18":"product-type-simple"},"yoast_head":"<!-- This site is optimized with the Yoast SEO plugin v25.2 - https:\/\/yoast.com\/wordpress\/plugins\/seo\/ -->\n<title>Utility Lifting Anchors for Concrete<\/title>\n<meta name=\"robots\" content=\"index, follow, max-snippet:-1, max-image-preview:large, max-video-preview:-1\" \/>\n<link rel=\"canonical\" href=\"https:\/\/qingdaohf.com\/hu\/termek\/kozuzemi-emelohorgonyok\/\" \/>\n<meta property=\"og:locale\" content=\"hu_HU\" \/>\n<meta property=\"og:type\" content=\"article\" \/>\n<meta property=\"og:title\" content=\"Utility Lifting Anchors for Concrete\" \/>\n<meta property=\"og:description\" content=\"Utility Anchors, precision-engineered to meet the diverse demands of infrastructure projects. Our anchors are the backbone of construction, telecommunications, and energy applications, offering unparalleled strength, reliability, and adaptability.  High Tensile Strength: H&amp;F Utility Anchors are crafted with top-grade materials, ensuring superior tensile strength for robust performance in demanding environments.  Corrosion Resistance: Our anchors are designed to withstand corrosion, providing longevity and reliability in a variety of settings.  Versatile Applications: From securing structures in construction to supporting critical infrastructure in telecommunications and energy, H&amp;F Utility Anchors deliver exceptional versatility.\" \/>\n<meta property=\"og:url\" content=\"https:\/\/qingdaohf.com\/hu\/termek\/kozuzemi-emelohorgonyok\/\" \/>\n<meta property=\"og:site_name\" content=\"Concrete Form &amp; Rigging Hardware Supplier\" \/>\n<meta property=\"article:publisher\" content=\"https:\/\/www.facebook.com\/qingdaohf\" \/>\n<meta property=\"article:modified_time\" content=\"2025-11-13T01:04:00+00:00\" \/>\n<meta property=\"og:image\" content=\"https:\/\/qingdaohf.com\/wp-content\/uploads\/2023\/12\/lifting-anchor-43.jpg\" \/>\n\t<meta property=\"og:image:width\" content=\"1000\" \/>\n\t<meta property=\"og:image:height\" content=\"1000\" \/>\n\t<meta property=\"og:image:type\" content=\"image\/jpeg\" \/>\n<meta name=\"twitter:card\" content=\"summary_large_image\" \/>\n<meta name=\"twitter:label1\" content=\"Becs\u00fclt olvas\u00e1si id\u0151\" \/>\n\t<meta name=\"twitter:data1\" content=\"2 perc\" \/>\n<script type=\"application\/ld+json\" class=\"yoast-schema-graph\">{\"@context\":\"https:\/\/schema.org\",\"@graph\":[{\"@type\":\"WebPage\",\"@id\":\"https:\/\/qingdaohf.com\/product\/utility-lifting-anchors\/\",\"url\":\"https:\/\/qingdaohf.com\/product\/utility-lifting-anchors\/\",\"name\":\"Utility Lifting Anchors for Concrete\",\"isPartOf\":{\"@id\":\"https:\/\/qingdaohf.com\/bg\/#website\"},\"primaryImageOfPage\":{\"@id\":\"https:\/\/qingdaohf.com\/product\/utility-lifting-anchors\/#primaryimage\"},\"image\":{\"@id\":\"https:\/\/qingdaohf.com\/product\/utility-lifting-anchors\/#primaryimage\"},\"thumbnailUrl\":\"https:\/\/qingdaohf.com\/wp-content\/uploads\/2023\/12\/lifting-anchor-43.jpg\",\"datePublished\":\"2023-12-22T08:01:59+00:00\",\"dateModified\":\"2025-11-13T01:04:00+00:00\",\"breadcrumb\":{\"@id\":\"https:\/\/qingdaohf.com\/product\/utility-lifting-anchors\/#breadcrumb\"},\"inLanguage\":\"hu\",\"potentialAction\":[{\"@type\":\"ReadAction\",\"target\":[\"https:\/\/qingdaohf.com\/product\/utility-lifting-anchors\/\"]}]},{\"@type\":\"ImageObject\",\"inLanguage\":\"hu\",\"@id\":\"https:\/\/qingdaohf.com\/product\/utility-lifting-anchors\/#primaryimage\",\"url\":\"https:\/\/qingdaohf.com\/wp-content\/uploads\/2023\/12\/lifting-anchor-43.jpg\",\"contentUrl\":\"https:\/\/qingdaohf.com\/wp-content\/uploads\/2023\/12\/lifting-anchor-43.jpg\",\"width\":1000,\"height\":1000,\"caption\":\"Utility lifting anchor\"},{\"@type\":\"BreadcrumbList\",\"@id\":\"https:\/\/qingdaohf.com\/product\/utility-lifting-anchors\/#breadcrumb\",\"itemListElement\":[{\"@type\":\"ListItem\",\"position\":1,\"name\":\"Home\",\"item\":\"https:\/\/qingdaohf.com\/\"},{\"@type\":\"ListItem\",\"position\":2,\"name\":\"Concrete Forming Accessories and Rigging Hardware\",\"item\":\"https:\/\/qingdaohf.com\/bg\/?page_id=944\"},{\"@type\":\"ListItem\",\"position\":3,\"name\":\"Utility Lifting Anchors for Concrete\"}]},{\"@type\":\"WebSite\",\"@id\":\"https:\/\/qingdaohf.com\/bg\/#website\",\"url\":\"https:\/\/qingdaohf.com\/bg\/\",\"name\":\"Concrete Form & Rigging Hardware Supplier\",\"description\":\"\",\"publisher\":{\"@id\":\"https:\/\/qingdaohf.com\/bg\/#organization\"},\"potentialAction\":[{\"@type\":\"SearchAction\",\"target\":{\"@type\":\"EntryPoint\",\"urlTemplate\":\"https:\/\/qingdaohf.com\/bg\/?s={search_term_string}\"},\"query-input\":{\"@type\":\"PropertyValueSpecification\",\"valueRequired\":true,\"valueName\":\"search_term_string\"}}],\"inLanguage\":\"hu\"},{\"@type\":\"Organization\",\"@id\":\"https:\/\/qingdaohf.com\/bg\/#organization\",\"name\":\"Qingdao H&F\",\"url\":\"https:\/\/qingdaohf.com\/bg\/\",\"logo\":{\"@type\":\"ImageObject\",\"inLanguage\":\"hu\",\"@id\":\"https:\/\/qingdaohf.com\/bg\/#\/schema\/logo\/image\/\",\"url\":\"https:\/\/qingdaohf.com\/wp-content\/uploads\/2022\/12\/cropped-HF-LOGO.png\",\"contentUrl\":\"https:\/\/qingdaohf.com\/wp-content\/uploads\/2022\/12\/cropped-HF-LOGO.png\",\"width\":391,\"height\":249,\"caption\":\"Qingdao H&F\"},\"image\":{\"@id\":\"https:\/\/qingdaohf.com\/bg\/#\/schema\/logo\/image\/\"},\"sameAs\":[\"https:\/\/www.facebook.com\/qingdaohf\"]}]}<\/script>\n<!-- \/ Yoast SEO plugin. -->","yoast_head_json":{"title":"Utility Lifting Anchors for Concrete","robots":{"index":"index","follow":"follow","max-snippet":"max-snippet:-1","max-image-preview":"max-image-preview:large","max-video-preview":"max-video-preview:-1"},"canonical":"https:\/\/qingdaohf.com\/hu\/termek\/kozuzemi-emelohorgonyok\/","og_locale":"hu_HU","og_type":"article","og_title":"Utility Lifting Anchors for Concrete","og_description":"Utility Anchors, precision-engineered to meet the diverse demands of infrastructure projects. Our anchors are the backbone of construction, telecommunications, and energy applications, offering unparalleled strength, reliability, and adaptability.  High Tensile Strength: H&amp;F Utility Anchors are crafted with top-grade materials, ensuring superior tensile strength for robust performance in demanding environments.  Corrosion Resistance: Our anchors are designed to withstand corrosion, providing longevity and reliability in a variety of settings.  Versatile Applications: From securing structures in construction to supporting critical infrastructure in telecommunications and energy, H&amp;F Utility Anchors deliver exceptional versatility.","og_url":"https:\/\/qingdaohf.com\/hu\/termek\/kozuzemi-emelohorgonyok\/","og_site_name":"Concrete Form &amp; Rigging Hardware Supplier","article_publisher":"https:\/\/www.facebook.com\/qingdaohf","article_modified_time":"2025-11-13T01:04:00+00:00","og_image":[{"width":1000,"height":1000,"url":"https:\/\/qingdaohf.com\/wp-content\/uploads\/2023\/12\/lifting-anchor-43.jpg","type":"image\/jpeg"}],"twitter_card":"summary_large_image","twitter_misc":{"Becs\u00fclt olvas\u00e1si id\u0151":"2 perc"},"schema":{"@context":"https:\/\/schema.org","@graph":[{"@type":"WebPage","@id":"https:\/\/qingdaohf.com\/product\/utility-lifting-anchors\/","url":"https:\/\/qingdaohf.com\/product\/utility-lifting-anchors\/","name":"Utility Lifting Anchors for Concrete","isPartOf":{"@id":"https:\/\/qingdaohf.com\/bg\/#website"},"primaryImageOfPage":{"@id":"https:\/\/qingdaohf.com\/product\/utility-lifting-anchors\/#primaryimage"},"image":{"@id":"https:\/\/qingdaohf.com\/product\/utility-lifting-anchors\/#primaryimage"},"thumbnailUrl":"https:\/\/qingdaohf.com\/wp-content\/uploads\/2023\/12\/lifting-anchor-43.jpg","datePublished":"2023-12-22T08:01:59+00:00","dateModified":"2025-11-13T01:04:00+00:00","breadcrumb":{"@id":"https:\/\/qingdaohf.com\/product\/utility-lifting-anchors\/#breadcrumb"},"inLanguage":"hu","potentialAction":[{"@type":"ReadAction","target":["https:\/\/qingdaohf.com\/product\/utility-lifting-anchors\/"]}]},{"@type":"ImageObject","inLanguage":"hu","@id":"https:\/\/qingdaohf.com\/product\/utility-lifting-anchors\/#primaryimage","url":"https:\/\/qingdaohf.com\/wp-content\/uploads\/2023\/12\/lifting-anchor-43.jpg","contentUrl":"https:\/\/qingdaohf.com\/wp-content\/uploads\/2023\/12\/lifting-anchor-43.jpg","width":1000,"height":1000,"caption":"Utility lifting anchor"},{"@type":"BreadcrumbList","@id":"https:\/\/qingdaohf.com\/product\/utility-lifting-anchors\/#breadcrumb","itemListElement":[{"@type":"ListItem","position":1,"name":"Home","item":"https:\/\/qingdaohf.com\/"},{"@type":"ListItem","position":2,"name":"Concrete Forming Accessories and Rigging Hardware","item":"https:\/\/qingdaohf.com\/bg\/?page_id=944"},{"@type":"ListItem","position":3,"name":"Utility Lifting Anchors for Concrete"}]},{"@type":"WebSite","@id":"https:\/\/qingdaohf.com\/bg\/#website","url":"https:\/\/qingdaohf.com\/bg\/","name":"Concrete Form & Rigging Hardware Supplier","description":"","publisher":{"@id":"https:\/\/qingdaohf.com\/bg\/#organization"},"potentialAction":[{"@type":"SearchAction","target":{"@type":"EntryPoint","urlTemplate":"https:\/\/qingdaohf.com\/bg\/?s={search_term_string}"},"query-input":{"@type":"PropertyValueSpecification","valueRequired":true,"valueName":"search_term_string"}}],"inLanguage":"hu"},{"@type":"Organization","@id":"https:\/\/qingdaohf.com\/bg\/#organization","name":"Qingdao H&F","url":"https:\/\/qingdaohf.com\/bg\/","logo":{"@type":"ImageObject","inLanguage":"hu","@id":"https:\/\/qingdaohf.com\/bg\/#\/schema\/logo\/image\/","url":"https:\/\/qingdaohf.com\/wp-content\/uploads\/2022\/12\/cropped-HF-LOGO.png","contentUrl":"https:\/\/qingdaohf.com\/wp-content\/uploads\/2022\/12\/cropped-HF-LOGO.png","width":391,"height":249,"caption":"Qingdao H&F"},"image":{"@id":"https:\/\/qingdaohf.com\/bg\/#\/schema\/logo\/image\/"},"sameAs":["https:\/\/www.facebook.com\/qingdaohf"]}]}},"_links":{"self":[{"href":"https:\/\/qingdaohf.com\/hu\/wp-json\/wp\/v2\/product\/6109","targetHints":{"allow":["GET"]}}],"collection":[{"href":"https:\/\/qingdaohf.com\/hu\/wp-json\/wp\/v2\/product"}],"about":[{"href":"https:\/\/qingdaohf.com\/hu\/wp-json\/wp\/v2\/types\/product"}],"replies":[{"embeddable":true,"href":"https:\/\/qingdaohf.com\/hu\/wp-json\/wp\/v2\/comments?post=6109"}],"version-history":[{"count":10,"href":"https:\/\/qingdaohf.com\/hu\/wp-json\/wp\/v2\/product\/6109\/revisions"}],"predecessor-version":[{"id":6276,"href":"https:\/\/qingdaohf.com\/hu\/wp-json\/wp\/v2\/product\/6109\/revisions\/6276"}],"wp:featuredmedia":[{"embeddable":true,"href":"https:\/\/qingdaohf.com\/hu\/wp-json\/wp\/v2\/media\/6137"}],"wp:attachment":[{"href":"https:\/\/qingdaohf.com\/hu\/wp-json\/wp\/v2\/media?parent=6109"}],"wp:term":[{"taxonomy":"product_brand","embeddable":true,"href":"https:\/\/qingdaohf.com\/hu\/wp-json\/wp\/v2\/product_brand?post=6109"},{"taxonomy":"product_cat","embeddable":true,"href":"https:\/\/qingdaohf.com\/hu\/wp-json\/wp\/v2\/product_cat?post=6109"},{"taxonomy":"product_tag","embeddable":true,"href":"https:\/\/qingdaohf.com\/hu\/wp-json\/wp\/v2\/product_tag?post=6109"}],"curies":[{"name":"wp","href":"https:\/\/api.w.org\/{rel}","templated":true}]}}