{"id":6226,"date":"2024-01-03T15:51:23","date_gmt":"2024-01-03T07:51:23","guid":{"rendered":"http:\/\/qingdaohf.com\/?post_type=product&#038;p=6226"},"modified":"2025-11-13T09:03:39","modified_gmt":"2025-11-13T01:03:39","slug":"woven-cord-strap","status":"publish","type":"product","link":"https:\/\/qingdaohf.com\/hu\/termek\/pantolas\/","title":{"rendered":"Sz\u00f6v\u00f6tt poli\u00e9szter zsin\u00f3r p\u00e1ntol\u00f3 szalag a csomagol\u00e1shoz"},"content":{"rendered":"<div class=\"ast-oembed-container\" style=\"height: 100%;\"><iframe title=\"Polipropil\u00e9n hevederek\" width=\"500\" height=\"281\" src=\"https:\/\/www.youtube.com\/embed\/Bi0Ct6OI134?feature=oembed\" frameborder=\"0\" allow=\"accelerometer; autoplay; clipboard-write; encrypted-media; gyroscope; picture-in-picture; web-share\" referrerpolicy=\"strict-origin-when-cross-origin\" allowfullscreen><\/iframe><\/div>\n<h3>A sz\u0151tt poli\u00e9szter zsin\u00f3r p\u00e1ntol\u00f3szalagok kritikus jellemz\u0151inek ismerete<\/h3>\n<p>A sz\u00f6v\u00f6tt poli\u00e9szter zsin\u00f3r p\u00e1ntszalagok minden biztons\u00e1gos csomagol\u00e1si megold\u00e1s alapj\u00e1t k\u00e9pezik. Er\u0151ss\u00e9g\u00fck \u00e9s sokoldal\u00fas\u00e1guk ismeret\u00e9ben a neh\u00e9z vagy szab\u00e1lytalan alak\u00fa rakom\u00e1nyok megb\u00edzhat\u00f3 p\u00e1ntol\u00e1s\u00e1t ig\u00e9nyl\u0151 ipar\u00e1gak sz\u00e1mos alkalmaz\u00e1si lehet\u0151s\u00e9get tal\u00e1lnak ezekre a szalagokra. A szorosan egym\u00e1sba fon\u00f3d\u00f3 poli\u00e9sztersz\u00e1lakb\u00f3l k\u00e9sz\u00fclt szalagok leny\u0171g\u00f6z\u0151 szak\u00edt\u00f3szil\u00e1rds\u00e1got biztos\u00edtanak, mik\u00f6zben meg\u0151rzik rugalmass\u00e1gukat. A hagyom\u00e1nyos ac\u00e9lszalagokkal ellent\u00e9tben, amelyek hajlamosak lehetnek a rozsd\u00e1sod\u00e1sra vagy ak\u00e1r az \u00e9rz\u00e9keny fel\u00fcleteket is k\u00e1ros\u00edthatj\u00e1k, ez a fajta poli\u00e9szter p\u00e1ntol\u00e1s sima, de er\u0151s alternat\u00edv\u00e1t ny\u00fajt, amely kiv\u00e1l\u00f3an meg\u0151rzi az \u00e1ruk \u00e9ps\u00e9g\u00e9t.<\/p>\n<p>Az anyag sz\u00e1mos vezet\u0151 ipar\u00e1gban, t\u00f6bbek k\u00f6z\u00f6tt a logisztik\u00e1ban, az \u00e9p\u00edt\u0151iparban \u00e9s a gy\u00e1rt\u00e1sban v\u00e1lt kedvelt anyagg\u00e1, ahol a term\u00e9kek durva kezel\u00e9snek vannak kit\u00e9ve an\u00e9lk\u00fcl, hogy a biztons\u00e1g vagy a stabilit\u00e1s s\u00e9r\u00fclne. A v\u00e1s\u00e1rl\u00f3k nagyra \u00e9rt\u00e9kelik a csomagol\u00e1sba t\u00f6rt\u00e9n\u0151 beruh\u00e1z\u00e1sukat, ez\u00e9rt olyan p\u00e1ntszalagokra van sz\u00fcks\u00e9g\u00fck, amelyek pontosan megfelelnek a m\u0171k\u00f6d\u00e9si k\u00f6vetelm\u00e9nyeiknek, mik\u00f6zben val\u00f3ban hat\u00e9konyak \u00e9s k\u00f6lts\u00e9ghat\u00e9konyak.<\/p>\n<h3>A nagy szil\u00e1rds\u00e1g\u00fa poli\u00e9szter zsin\u00f3rp\u00e1nt el\u0151nyei<\/h3>\n<p>A sz\u0151tt poli\u00e9szter zsin\u00f3r p\u00e1ntszalagok a legjobbak a tart\u00f3ss\u00e1g szempontj\u00e1b\u00f3l, \u00e9s ez\u00e9rt t\u00f6k\u00e9letesen alkalmasak a rakom\u00e1nyok dinamikus k\u00f6r\u00fclm\u00e9nyek k\u00f6z\u00f6tti r\u00f6gz\u00edt\u00e9s\u00e9re. K\u00fcl\u00f6nleges sz\u00f6v\u00f6tt szerkezet\u00fck azt jelenti, hogy k\u00e9pesek elnyelni az \u00fct\u00e9seket \u00e9s a rezg\u00e9seket, ami nagyon fontos a t\u00f6r\u00e9keny vagy neh\u00e9z \u00e1ruk hossz\u00fa t\u00e1v\u00fa sz\u00e1ll\u00edt\u00e1sakor. A szalagok rugalmass\u00e1ggal is rendelkeznek; ez az\u00e9rt fontos, mert m\u00e9g ha a rakom\u00e1ny a sz\u00e1ll\u00edt\u00e1s sor\u00e1n egy kicsit meg is mozdul, akkor is szil\u00e1rdan r\u00f6gz\u00edtve lesz.<\/p>\n<p>Ezenk\u00edv\u00fcl a poli\u00e9szter p\u00e1ntol\u00e1s k\u00f6nny\u0171s\u00e9ge megk\u00f6nny\u00edti a kezel\u00e9st. Sokkal k\u00f6nnyebb kezelni, mint ac\u00e9l t\u00e1rsait; \u00edgy a kezel\u00e9s nem j\u00e1r rendk\u00edv\u00fcli munkaer\u0151 megterhel\u00e9ssel, \u00e9s jav\u00edtja a m\u0171veletek hat\u00e9konys\u00e1g\u00e1t. Egy m\u00e1sik fontos el\u0151nye a k\u00f6rnyezeti ellen\u00e1ll\u00e1s; a poli\u00e9szter szalagok ellen\u00e1llnak a nedvess\u00e9gnek, az UV-sugaraknak vagy a v\u00e1ltoz\u00f3 h\u0151m\u00e9rs\u00e9kletnek val\u00f3 kitetts\u00e9g sor\u00e1n t\u00f6rt\u00e9n\u0151 leboml\u00e1snak - \u00edgy kiv\u00e1l\u00f3 eredm\u00e9nyeket \u00e9rnek el a k\u00fclt\u00e9ri t\u00e1rol\u00e1si vagy sz\u00e1ll\u00edt\u00e1si alkalmaz\u00e1sokban.<br \/>\nA Qingdao H&amp;F-n\u00e9l szigor\u00faan ellen\u0151rizz\u00fck poli\u00e9szter p\u00e1ntol\u00f3szalagjainkat, hogy megfeleljenek az ipar\u00e1g legmagasabb sz\u00ednvonal\u00e1nak. A v\u00e1s\u00e1rl\u00f3k minden egyes t\u00e9telhez r\u00e9szletes min\u0151s\u00e9gellen\u0151rz\u00e9si jelent\u00e9st v\u00e1rhatnak, \u00edgy teljes \u00e1tl\u00e1that\u00f3s\u00e1got biztos\u00edtunk a term\u00e9kek megb\u00edzhat\u00f3s\u00e1g\u00e1r\u00f3l. Mindezzel \u00e9s a gyors sz\u00e1ll\u00edt\u00e1si hat\u00e1rid\u0151kkel egy\u00fctt biztos\u00edtjuk, hogy \u00fczleti m\u0171veletei k\u00e9sedelem n\u00e9lk\u00fcl folytat\u00f3djanak.<\/p>\n<h3>Mi\u00e9rt v\u00e1lassza a Qingdao H&amp;F-et a poli\u00e9szter p\u00e1ntol\u00e1si ig\u00e9nyeihez?<\/h3>\n<p>A megfelel\u0151 besz\u00e1ll\u00edt\u00f3 kiv\u00e1laszt\u00e1sa ugyanolyan fontos, mint maga a term\u00e9k kiv\u00e1laszt\u00e1sa. Ebben a tekintetben a Qingdao H&amp;F p\u00e1ratlan, t\u00f6k\u00e9letesen megfelel a v\u00e1s\u00e1rl\u00f3k ig\u00e9nyeinek. 20 \u00e9ves k\u00fclkereskedelmi tapasztalatunkkal felismerj\u00fck azokat a kritikus t\u00e9nyez\u0151ket, amelyek a v\u00e1s\u00e1rl\u00e1si d\u00f6nt\u00e9seket befoly\u00e1solj\u00e1k: a term\u00e9k tart\u00f3ss\u00e1g\u00e1t\u00f3l \u00e9s k\u00f6lts\u00e9ghat\u00e9konys\u00e1g\u00e1t\u00f3l kezdve a pontos sz\u00e1ll\u00edt\u00e1sig \u00e9s a szem\u00e9lyre szabott t\u00e1mogat\u00e1sig, a kiv\u00e1l\u00f3s\u00e1g minden apr\u00f3 r\u00e9szletben. A szem\u00e9lyes \u00fcgyf\u00e9lkiszolg\u00e1l\u00e1s ir\u00e1nti elk\u00f6telezetts\u00e9g k\u00fcl\u00f6nb\u00f6ztet meg minket. Minden \u00fcgyf\u00e9lnek egyetlen kapcsolattart\u00f3t biztos\u00edtunk, aki seg\u00edt megoldani az esetleges k\u00e9rd\u00e9seket, vagy friss\u00edt\u00e9si seg\u00edts\u00e9get ny\u00fajt az adott ig\u00e9nyre szabott megold\u00e1sokhoz. Ez a szem\u00e9lyre szabott megk\u00f6zel\u00edt\u00e9s biztos\u00edtja, hogy a v\u00e1s\u00e1rl\u00e1s z\u00f6kken\u0151mentesen t\u00f6rt\u00e9njen. Ezen fel\u00fcl er\u0151s ell\u00e1t\u00e1si l\u00e1nc-ir\u00e1ny\u00edt\u00e1si rendszer\u00fcnk lehet\u0151v\u00e9 teszi sz\u00e1munkra, hogy a szigor\u00fa hat\u00e1rid\u0151kkel rendelkez\u0151 projektek eset\u00e9ben is id\u0151ben sz\u00e1ll\u00edtsunk, a min\u0151s\u00e9g ter\u00e9n val\u00f3 kompromisszumok n\u00e9lk\u00fcl. A min\u0151s\u00e9gtudatos v\u00e1s\u00e1rl\u00f3k sz\u00e1m\u00e1ra r\u00e9szletes vizsg\u00e1lati jelent\u00e9seket biztos\u00edtunk, hogy biztosak lehessenek abban, hogy minden egyes term\u00e9kt\u00e9tel megfelel a meghat\u00e1rozott szabv\u00e1nyoknak. A jelent\u00e9s bizalmat \u00e9p\u00edt, \u00e9s k\u00e9pess\u00e9 teszi az \u00fcgyfeleket arra, hogy magabiztos, megalapozott d\u00f6nt\u00e9seket hozzanak.<\/p>\n<p>Ez azt bizony\u00edtja, hogy a nagy szil\u00e1rds\u00e1g\u00fa, sz\u00f6v\u00f6tt poli\u00e9szter zsin\u00f3rb\u00f3l k\u00e9sz\u00fclt p\u00e1ntszalagok minden bizonnyal innovat\u00edv term\u00e9ket jelentenek a megb\u00edzhat\u00f3 csomagol\u00f3anyagokat ig\u00e9nyl\u0151 ipar\u00e1gak sz\u00e1m\u00e1ra. Ezekben a szalagokban a szil\u00e1rds\u00e1gra, rugalmass\u00e1gra \u00e9s alkalmazkod\u00f3k\u00e9pess\u00e9gre helyezik a hangs\u00falyt a t\u00f6bbc\u00e9l\u00fa felhaszn\u00e1l\u00e1sukhoz, mik\u00f6zben minimaliz\u00e1lj\u00e1k a rakom\u00e1ny r\u00f6gz\u00edt\u00e9s\u00e9vel kapcsolatos kock\u00e1zatokat. A Qingdao H&amp;F-fel egy\u00fctt biztos\u00edthatja a v\u00e1s\u00e1rl\u00f3kat az ipar\u00e1gi szak\u00e9rtelemmel, gyors sz\u00e1ll\u00edt\u00e1si ciklusokkal \u00e9s v\u00e1ltozatlan \u00fcgyf\u00e9lszolg\u00e1lattal t\u00e1mogatott kiv\u00e1l\u00f3 term\u00e9kekr\u0151l. Ak\u00e1r \u00f6sszetett logisztik\u00e1n dolgozik, ak\u00e1r k\u00fcl\u00f6nleges m\u0171k\u00f6d\u00e9si kih\u00edv\u00e1sokat pr\u00f3b\u00e1l megoldani, szem\u00e9lyre szabott megold\u00e1saink \u00e9s m\u00e9lyrehat\u00f3 ismereteink jelentik az alapot, amelyre a csomagol\u00e1s sikere \u00e9p\u00fcl.<\/p>","protected":false},"excerpt":{"rendered":"<p>A nagyszil\u00e1rds\u00e1g\u00fa, sz\u0151tt poli\u00e9szter zsin\u00f3rb\u00f3l k\u00e9sz\u00fclt p\u00e1ntol\u00f3szalagok hat\u00e9kony \u00e9s megb\u00edzhat\u00f3 csomagol\u00e1si megold\u00e1sokat k\u00edn\u00e1lnak az ipar\u00e1gak sz\u00e1m\u00e1ra. Ezek a tart\u00f3ss\u00e1gukr\u00f3l ismert szalagok lehet\u0151v\u00e9 teszik a neh\u00e9z rakom\u00e1nyok hat\u00e9kony r\u00f6gz\u00edt\u00e9s\u00e9t, \u00e9s sz\u00e1ll\u00edt\u00e1s k\u00f6zben nagy ellen\u00e1ll\u00e1ssal rendelkeznek a t\u00f6r\u00e9ssel \u00e9s ny\u00fal\u00e1ssal szemben. A legt\u00f6bb v\u00e1s\u00e1rl\u00f3 a megb\u00edzhat\u00f3 csomagol\u00f3anyagok megv\u00e1s\u00e1rl\u00e1sa ut\u00e1n figyelembe veszi a term\u00e9k teljes\u00edtm\u00e9ny\u00e9t, a minden t\u00edpus\u00fa p\u00e1ntol\u00f3szersz\u00e1mmal val\u00f3 kompatibilit\u00e1st \u00e9s a k\u00f6rnyezeti t\u00e9nyez\u0151kkel, p\u00e9ld\u00e1ul a nedvess\u00e9ggel szembeni ellen\u00e1ll\u00f3 k\u00e9pess\u00e9get. M\u00e1r 20 \u00e9ve megb\u00edzhat\u00f3 kereskedelmi v\u00e1llalat vagyunk. A Qingdao H&amp;F azzal t\u0171nt ki, hogy szem\u00e9lyre szabott, egy az egyhez szolg\u00e1ltat\u00e1st ny\u00fajt az \u00fcgyfeleknek, ami garant\u00e1lja, hogy minden \u00fcgyf\u00e9l megfelel\u0151 id\u0151ben kapja meg. A gyors sz\u00e1ll\u00edt\u00e1si ciklusok \u00e9s az \u00e1tfog\u00f3 min\u0151s\u00e9gellen\u0151rz\u00e9si jelent\u00e9sek n\u00f6velik az \u00d6n bizalm\u00e1t, hogy minket v\u00e1lasszon a csomagol\u00e1si megold\u00e1sokhoz.<\/p>","protected":false},"featured_media":6225,"comment_status":"open","ping_status":"closed","template":"","meta":{"site-sidebar-layout":"default","site-content-layout":"","ast-site-content-layout":"default","site-content-style":"default","site-sidebar-style":"default","ast-global-header-display":"","ast-banner-title-visibility":"","ast-main-header-display":"","ast-hfb-above-header-display":"","ast-hfb-below-header-display":"","ast-hfb-mobile-header-display":"","site-post-title":"","ast-breadcrumbs-content":"","ast-featured-img":"","footer-sml-layout":"","theme-transparent-header-meta":"default","adv-header-id-meta":"","stick-header-meta":"default","header-above-stick-meta":"","header-main-stick-meta":"","header-below-stick-meta":"","astra-migrate-meta-layouts":"set","ast-page-background-enabled":"default","ast-page-background-meta":{"desktop":{"background-color":"","background-image":"","background-repeat":"repeat","background-position":"center center","background-size":"auto","background-attachment":"scroll","background-type":"","background-media":"","overlay-type":"","overlay-color":"","overlay-opacity":"","overlay-gradient":""},"tablet":{"background-color":"","background-image":"","background-repeat":"repeat","background-position":"center center","background-size":"auto","background-attachment":"scroll","background-type":"","background-media":"","overlay-type":"","overlay-color":"","overlay-opacity":"","overlay-gradient":""},"mobile":{"background-color":"","background-image":"","background-repeat":"repeat","background-position":"center center","background-size":"auto","background-attachment":"scroll","background-type":"","background-media":"","overlay-type":"","overlay-color":"","overlay-opacity":"","overlay-gradient":""}},"ast-content-background-meta":{"desktop":{"background-color":"var(--ast-global-color-5)","background-image":"","background-repeat":"repeat","background-position":"center center","background-size":"auto","background-attachment":"scroll","background-type":"","background-media":"","overlay-type":"","overlay-color":"","overlay-opacity":"","overlay-gradient":""},"tablet":{"background-color":"var(--ast-global-color-5)","background-image":"","background-repeat":"repeat","background-position":"center center","background-size":"auto","background-attachment":"scroll","background-type":"","background-media":"","overlay-type":"","overlay-color":"","overlay-opacity":"","overlay-gradient":""},"mobile":{"background-color":"var(--ast-global-color-5)","background-image":"","background-repeat":"repeat","background-position":"center center","background-size":"auto","background-attachment":"scroll","background-type":"","background-media":"","overlay-type":"","overlay-color":"","overlay-opacity":"","overlay-gradient":""}}},"product_brand":[],"product_cat":[51,69],"product_tag":[],"class_list":{"0":"post-6226","1":"product","2":"type-product","3":"status-publish","4":"has-post-thumbnail","6":"product_cat-riggging-hardware","7":"product_cat-strapping","8":"desktop-align-left","9":"tablet-align-left","10":"mobile-align-left","11":"ast-product-gallery-layout-horizontal-slider","12":"ast-product-tabs-layout-horizontal","14":"first","15":"instock","16":"shipping-taxable","17":"purchasable","18":"product-type-simple"},"yoast_head":"<!-- This site is optimized with the Yoast SEO plugin v25.2 - https:\/\/yoast.com\/wordpress\/plugins\/seo\/ -->\n<title>Woven Polyester Cord Strapping Band for Packaging<\/title>\n<meta name=\"description\" content=\"High-strength woven polyester cord strapping bands provide industries with efficient and trustworthy packaging solutions.\" \/>\n<meta name=\"robots\" content=\"index, follow, max-snippet:-1, max-image-preview:large, max-video-preview:-1\" \/>\n<link rel=\"canonical\" href=\"https:\/\/qingdaohf.com\/hu\/termek\/pantolas\/\" \/>\n<meta property=\"og:locale\" content=\"hu_HU\" \/>\n<meta property=\"og:type\" content=\"article\" \/>\n<meta property=\"og:title\" content=\"Woven Polyester Cord Strapping Band for Packaging\" \/>\n<meta property=\"og:description\" content=\"High-strength woven polyester cord strapping bands provide industries with efficient and trustworthy packaging solutions.\" \/>\n<meta property=\"og:url\" content=\"https:\/\/qingdaohf.com\/hu\/termek\/pantolas\/\" \/>\n<meta property=\"og:site_name\" content=\"Concrete Form &amp; Rigging Hardware Supplier\" \/>\n<meta property=\"article:publisher\" content=\"https:\/\/www.facebook.com\/qingdaohf\" \/>\n<meta property=\"article:modified_time\" content=\"2025-11-13T01:03:39+00:00\" \/>\n<meta property=\"og:image\" content=\"https:\/\/qingdaohf.com\/wp-content\/uploads\/2024\/01\/strapping-roll-2.webp\" \/>\n\t<meta property=\"og:image:width\" content=\"1000\" \/>\n\t<meta property=\"og:image:height\" content=\"1000\" \/>\n\t<meta property=\"og:image:type\" content=\"image\/webp\" \/>\n<meta name=\"twitter:card\" content=\"summary_large_image\" \/>\n<meta name=\"twitter:label1\" content=\"Becs\u00fclt olvas\u00e1si id\u0151\" \/>\n\t<meta name=\"twitter:data1\" content=\"3 perc\" \/>\n<script type=\"application\/ld+json\" class=\"yoast-schema-graph\">{\"@context\":\"https:\/\/schema.org\",\"@graph\":[{\"@type\":\"WebPage\",\"@id\":\"https:\/\/qingdaohf.com\/product\/woven-cord-strap\/\",\"url\":\"https:\/\/qingdaohf.com\/product\/woven-cord-strap\/\",\"name\":\"Woven Polyester Cord Strapping Band for Packaging\",\"isPartOf\":{\"@id\":\"https:\/\/qingdaohf.com\/bg\/#website\"},\"primaryImageOfPage\":{\"@id\":\"https:\/\/qingdaohf.com\/product\/woven-cord-strap\/#primaryimage\"},\"image\":{\"@id\":\"https:\/\/qingdaohf.com\/product\/woven-cord-strap\/#primaryimage\"},\"thumbnailUrl\":\"https:\/\/qingdaohf.com\/wp-content\/uploads\/2024\/01\/strapping-roll-2.webp\",\"datePublished\":\"2024-01-03T07:51:23+00:00\",\"dateModified\":\"2025-11-13T01:03:39+00:00\",\"description\":\"High-strength woven polyester cord strapping bands provide industries with efficient and trustworthy packaging solutions.\",\"breadcrumb\":{\"@id\":\"https:\/\/qingdaohf.com\/product\/woven-cord-strap\/#breadcrumb\"},\"inLanguage\":\"hu\",\"potentialAction\":[{\"@type\":\"ReadAction\",\"target\":[\"https:\/\/qingdaohf.com\/product\/woven-cord-strap\/\"]}]},{\"@type\":\"ImageObject\",\"inLanguage\":\"hu\",\"@id\":\"https:\/\/qingdaohf.com\/product\/woven-cord-strap\/#primaryimage\",\"url\":\"https:\/\/qingdaohf.com\/wp-content\/uploads\/2024\/01\/strapping-roll-2.webp\",\"contentUrl\":\"https:\/\/qingdaohf.com\/wp-content\/uploads\/2024\/01\/strapping-roll-2.webp\",\"width\":1000,\"height\":1000,\"caption\":\"strapping roll\"},{\"@type\":\"BreadcrumbList\",\"@id\":\"https:\/\/qingdaohf.com\/product\/woven-cord-strap\/#breadcrumb\",\"itemListElement\":[{\"@type\":\"ListItem\",\"position\":1,\"name\":\"Home\",\"item\":\"https:\/\/qingdaohf.com\/\"},{\"@type\":\"ListItem\",\"position\":2,\"name\":\"Concrete Forming Accessories and Rigging Hardware\",\"item\":\"https:\/\/qingdaohf.com\/bg\/?page_id=944\"},{\"@type\":\"ListItem\",\"position\":3,\"name\":\"Woven Polyester Cord Strapping Band for Packaging\"}]},{\"@type\":\"WebSite\",\"@id\":\"https:\/\/qingdaohf.com\/bg\/#website\",\"url\":\"https:\/\/qingdaohf.com\/bg\/\",\"name\":\"Concrete Form & Rigging Hardware Supplier\",\"description\":\"\",\"publisher\":{\"@id\":\"https:\/\/qingdaohf.com\/bg\/#organization\"},\"potentialAction\":[{\"@type\":\"SearchAction\",\"target\":{\"@type\":\"EntryPoint\",\"urlTemplate\":\"https:\/\/qingdaohf.com\/bg\/?s={search_term_string}\"},\"query-input\":{\"@type\":\"PropertyValueSpecification\",\"valueRequired\":true,\"valueName\":\"search_term_string\"}}],\"inLanguage\":\"hu\"},{\"@type\":\"Organization\",\"@id\":\"https:\/\/qingdaohf.com\/bg\/#organization\",\"name\":\"Qingdao H&F\",\"url\":\"https:\/\/qingdaohf.com\/bg\/\",\"logo\":{\"@type\":\"ImageObject\",\"inLanguage\":\"hu\",\"@id\":\"https:\/\/qingdaohf.com\/bg\/#\/schema\/logo\/image\/\",\"url\":\"https:\/\/qingdaohf.com\/wp-content\/uploads\/2022\/12\/cropped-HF-LOGO.png\",\"contentUrl\":\"https:\/\/qingdaohf.com\/wp-content\/uploads\/2022\/12\/cropped-HF-LOGO.png\",\"width\":391,\"height\":249,\"caption\":\"Qingdao H&F\"},\"image\":{\"@id\":\"https:\/\/qingdaohf.com\/bg\/#\/schema\/logo\/image\/\"},\"sameAs\":[\"https:\/\/www.facebook.com\/qingdaohf\"]}]}<\/script>\n<!-- \/ Yoast SEO plugin. -->","yoast_head_json":{"title":"Woven Polyester Cord Strapping Band for Packaging","description":"High-strength woven polyester cord strapping bands provide industries with efficient and trustworthy packaging solutions.","robots":{"index":"index","follow":"follow","max-snippet":"max-snippet:-1","max-image-preview":"max-image-preview:large","max-video-preview":"max-video-preview:-1"},"canonical":"https:\/\/qingdaohf.com\/hu\/termek\/pantolas\/","og_locale":"hu_HU","og_type":"article","og_title":"Woven Polyester Cord Strapping Band for Packaging","og_description":"High-strength woven polyester cord strapping bands provide industries with efficient and trustworthy packaging solutions.","og_url":"https:\/\/qingdaohf.com\/hu\/termek\/pantolas\/","og_site_name":"Concrete Form &amp; Rigging Hardware Supplier","article_publisher":"https:\/\/www.facebook.com\/qingdaohf","article_modified_time":"2025-11-13T01:03:39+00:00","og_image":[{"width":1000,"height":1000,"url":"https:\/\/qingdaohf.com\/wp-content\/uploads\/2024\/01\/strapping-roll-2.webp","type":"image\/webp"}],"twitter_card":"summary_large_image","twitter_misc":{"Becs\u00fclt olvas\u00e1si id\u0151":"3 perc"},"schema":{"@context":"https:\/\/schema.org","@graph":[{"@type":"WebPage","@id":"https:\/\/qingdaohf.com\/product\/woven-cord-strap\/","url":"https:\/\/qingdaohf.com\/product\/woven-cord-strap\/","name":"Woven Polyester Cord Strapping Band for Packaging","isPartOf":{"@id":"https:\/\/qingdaohf.com\/bg\/#website"},"primaryImageOfPage":{"@id":"https:\/\/qingdaohf.com\/product\/woven-cord-strap\/#primaryimage"},"image":{"@id":"https:\/\/qingdaohf.com\/product\/woven-cord-strap\/#primaryimage"},"thumbnailUrl":"https:\/\/qingdaohf.com\/wp-content\/uploads\/2024\/01\/strapping-roll-2.webp","datePublished":"2024-01-03T07:51:23+00:00","dateModified":"2025-11-13T01:03:39+00:00","description":"High-strength woven polyester cord strapping bands provide industries with efficient and trustworthy packaging solutions.","breadcrumb":{"@id":"https:\/\/qingdaohf.com\/product\/woven-cord-strap\/#breadcrumb"},"inLanguage":"hu","potentialAction":[{"@type":"ReadAction","target":["https:\/\/qingdaohf.com\/product\/woven-cord-strap\/"]}]},{"@type":"ImageObject","inLanguage":"hu","@id":"https:\/\/qingdaohf.com\/product\/woven-cord-strap\/#primaryimage","url":"https:\/\/qingdaohf.com\/wp-content\/uploads\/2024\/01\/strapping-roll-2.webp","contentUrl":"https:\/\/qingdaohf.com\/wp-content\/uploads\/2024\/01\/strapping-roll-2.webp","width":1000,"height":1000,"caption":"strapping roll"},{"@type":"BreadcrumbList","@id":"https:\/\/qingdaohf.com\/product\/woven-cord-strap\/#breadcrumb","itemListElement":[{"@type":"ListItem","position":1,"name":"Home","item":"https:\/\/qingdaohf.com\/"},{"@type":"ListItem","position":2,"name":"Concrete Forming Accessories and Rigging Hardware","item":"https:\/\/qingdaohf.com\/bg\/?page_id=944"},{"@type":"ListItem","position":3,"name":"Woven Polyester Cord Strapping Band for Packaging"}]},{"@type":"WebSite","@id":"https:\/\/qingdaohf.com\/bg\/#website","url":"https:\/\/qingdaohf.com\/bg\/","name":"Concrete Form & Rigging Hardware Supplier","description":"","publisher":{"@id":"https:\/\/qingdaohf.com\/bg\/#organization"},"potentialAction":[{"@type":"SearchAction","target":{"@type":"EntryPoint","urlTemplate":"https:\/\/qingdaohf.com\/bg\/?s={search_term_string}"},"query-input":{"@type":"PropertyValueSpecification","valueRequired":true,"valueName":"search_term_string"}}],"inLanguage":"hu"},{"@type":"Organization","@id":"https:\/\/qingdaohf.com\/bg\/#organization","name":"Qingdao H&F","url":"https:\/\/qingdaohf.com\/bg\/","logo":{"@type":"ImageObject","inLanguage":"hu","@id":"https:\/\/qingdaohf.com\/bg\/#\/schema\/logo\/image\/","url":"https:\/\/qingdaohf.com\/wp-content\/uploads\/2022\/12\/cropped-HF-LOGO.png","contentUrl":"https:\/\/qingdaohf.com\/wp-content\/uploads\/2022\/12\/cropped-HF-LOGO.png","width":391,"height":249,"caption":"Qingdao H&F"},"image":{"@id":"https:\/\/qingdaohf.com\/bg\/#\/schema\/logo\/image\/"},"sameAs":["https:\/\/www.facebook.com\/qingdaohf"]}]}},"_links":{"self":[{"href":"https:\/\/qingdaohf.com\/hu\/wp-json\/wp\/v2\/product\/6226","targetHints":{"allow":["GET"]}}],"collection":[{"href":"https:\/\/qingdaohf.com\/hu\/wp-json\/wp\/v2\/product"}],"about":[{"href":"https:\/\/qingdaohf.com\/hu\/wp-json\/wp\/v2\/types\/product"}],"replies":[{"embeddable":true,"href":"https:\/\/qingdaohf.com\/hu\/wp-json\/wp\/v2\/comments?post=6226"}],"version-history":[{"count":11,"href":"https:\/\/qingdaohf.com\/hu\/wp-json\/wp\/v2\/product\/6226\/revisions"}],"predecessor-version":[{"id":8881,"href":"https:\/\/qingdaohf.com\/hu\/wp-json\/wp\/v2\/product\/6226\/revisions\/8881"}],"wp:featuredmedia":[{"embeddable":true,"href":"https:\/\/qingdaohf.com\/hu\/wp-json\/wp\/v2\/media\/6225"}],"wp:attachment":[{"href":"https:\/\/qingdaohf.com\/hu\/wp-json\/wp\/v2\/media?parent=6226"}],"wp:term":[{"taxonomy":"product_brand","embeddable":true,"href":"https:\/\/qingdaohf.com\/hu\/wp-json\/wp\/v2\/product_brand?post=6226"},{"taxonomy":"product_cat","embeddable":true,"href":"https:\/\/qingdaohf.com\/hu\/wp-json\/wp\/v2\/product_cat?post=6226"},{"taxonomy":"product_tag","embeddable":true,"href":"https:\/\/qingdaohf.com\/hu\/wp-json\/wp\/v2\/product_tag?post=6226"}],"curies":[{"name":"wp","href":"https:\/\/api.w.org\/{rel}","templated":true}]}}