{"id":6490,"date":"2024-02-02T16:39:40","date_gmt":"2024-02-02T08:39:40","guid":{"rendered":"http:\/\/qingdaohf.com\/?post_type=product&#038;p=6490"},"modified":"2025-11-13T09:03:38","modified_gmt":"2025-11-13T01:03:38","slug":"bolt-type-shackle","status":"publish","type":"product","link":"https:\/\/qingdaohf.com\/hu\/termek\/csavaros-bilincs\/","title":{"rendered":"Csavar t\u00edpus\u00fa bilincs"},"content":{"rendered":"<h3>A csavaros bilincsek szerep\u00e9nek \u00e9s specifik\u00e1ci\u00f3inak meg\u00e9rt\u00e9se<\/h3>\n<p>A csavaros bilincsek, amelyeket gyakran olyan modellekr\u0151l ismernek fel, mint a G2130 \u00e9s a G2140, alapvet\u0151 eszk\u00f6z\u00f6k a k\u00f6t\u00e9lzeti, vontat\u00e1si \u00e9s emel\u00e9si alkalmaz\u00e1sokban. Robusztus kialak\u00edt\u00e1suk c\u00e9lja a kapcsolatok r\u00f6gz\u00edt\u00e9se \u00e9s a jelent\u0151s terhek biztons\u00e1gos megt\u00e1maszt\u00e1sa. A csavaros kialak\u00edt\u00e1s k\u00fcl\u00f6n\u00f6sen a t\u00f6bbi bilincs t\u00edpushoz k\u00e9pest tov\u00e1bbi biztons\u00e1got ny\u00fajt, \u00edgy kiv\u00e1l\u00f3an alkalmasak hossz\u00fa t\u00e1v\u00fa vagy f\u00e9lig \u00e1lland\u00f3 telep\u00edt\u00e9sekhez, ahol a fokozott stabilit\u00e1s elengedhetetlen.<\/p>\n<p>A csavaros bilincseket az k\u00fcl\u00f6nb\u00f6zteti meg, hogy k\u00e9pesek nagy munkaterhel\u00e9seket biztons\u00e1gosan kezelni, az olyan modellekkel, mint a G2130 \u00e9s G2140, a m\u00e9retek \u00e9s WLL opci\u00f3k sz\u00e9les sk\u00e1l\u00e1j\u00e1t k\u00edn\u00e1lj\u00e1k. Ez a sokoldal\u00fas\u00e1g lehet\u0151v\u00e9 teszi a felhaszn\u00e1l\u00f3k sz\u00e1m\u00e1ra, hogy a k\u00fcl\u00f6nb\u00f6z\u0151 ipar\u00e1gakban - legyen sz\u00f3 \u00e9p\u00edt\u0151iparr\u00f3l, tenger\u00e9szetr\u0151l vagy gy\u00e1rt\u00e1sr\u00f3l - pontosan azt a bilincset v\u00e1lassz\u00e1k ki, amely megfelel a projekt specifik\u00e1ci\u00f3inak. A bilincs kiv\u00e1laszt\u00e1sakor a WLL \u00e9s a m\u00e9ret a legfontosabb szempontok k\u00f6z\u00e9 tartozik, mivel k\u00f6zvetlen\u00fcl befoly\u00e1solja a bilincs k\u00e9pess\u00e9g\u00e9t, hogy k\u00fcl\u00f6nb\u00f6z\u0151 s\u00falyterhel\u00e9sek mellett is k\u00e9pes legyen teljes\u00edteni. A csavaros bilincsek WLL \u00e9rt\u00e9ke \u00e1ltal\u00e1ban 0,33 tonn\u00e1t\u00f3l 150 tonn\u00e1ig terjed, m\u00edg a m\u00e9ret 1\/4 h\u00fcvelyk \u00e9s 3 h\u00fcvelyk k\u00f6z\u00f6tt mozog, \u00edgy a k\u00fcl\u00f6nb\u00f6z\u0151 k\u00f6t\u00e9lzeti k\u00f6vetelm\u00e9nyekhez \u00e9s k\u00f6rnyezeti felt\u00e9telekhez igazod\u00f3 lehet\u0151s\u00e9geket k\u00edn\u00e1l.<\/p>\n<p>A m\u00e9ret\u00fck\u00f6n \u00e9s szil\u00e1rds\u00e1gukon t\u00fal a G2130 \u00e9s G2140 csavaros bilincsek m\u00e1sik jelent\u0151s el\u0151nye a kialak\u00edt\u00e1suk, amely lehet\u0151v\u00e9 teszi a k\u00f6nny\u0171 \u00e9s biztons\u00e1gos csapos r\u00f6gz\u00edt\u00e9st. Ez a szempont d\u00f6nt\u0151 fontoss\u00e1g\u00fa, mivel a csavar-any\u00e1s elrendez\u00e9s megakad\u00e1lyozza a v\u00e9letlen kiold\u00e1st, \u00edgy v\u00e9dve mind a rakom\u00e1nyt, mind a k\u00f6t\u00e9lzetet szerel\u0151 szem\u00e9lyzetet. A kiv\u00e1l\u00f3 min\u0151s\u00e9g\u0171, nagy szak\u00edt\u00f3szil\u00e1rds\u00e1g\u00fa ac\u00e9lb\u00f3l k\u00e9sz\u00fclt \u00e9s a korr\u00f3zi\u00f3\u00e1ll\u00f3s\u00e1g \u00e9rdek\u00e9ben gyakran horganyzott bilincsek tart\u00f3s tart\u00f3ss\u00e1got biztos\u00edtanak mind belt\u00e9ri, mind k\u00fclt\u00e9ri alkalmaz\u00e1sokban.<\/p>\n<h3>A megb\u00edzhat\u00f3 besz\u00e1ll\u00edt\u00f3t\u00f3l sz\u00e1rmaz\u00f3, kiv\u00e1l\u00f3 min\u0151s\u00e9g\u0171 csavaros bilincsek kiv\u00e1laszt\u00e1s\u00e1nak el\u0151nyei<\/h3>\n<p>A csavaros bilincsek v\u00e1s\u00e1rl\u00e1sakor a min\u0151s\u00e9gbiztos\u00edt\u00e1s elengedhetetlen. A Qingdao H&amp;F kiemelkedik a szigor\u00fa min\u0151s\u00e9gi el\u0151\u00edr\u00e1sok el\u0151t\u00e9rbe helyez\u00e9s\u00e9vel, mivel meg\u00e9rtj\u00fck, hogy a v\u00e1s\u00e1rl\u00f3knak sz\u00fcks\u00e9g\u00fck van arra a nyugalomra, hogy term\u00e9keik megfelelnek a biztons\u00e1gi k\u00f6vetelm\u00e9nyeknek. A bilincseinket t\u00f6bbsz\u00f6r\u00f6s min\u0151s\u00e9gellen\u0151rz\u00e9snek vetj\u00fck al\u00e1 a sz\u00e1ll\u00edt\u00e1s el\u0151tt, r\u00e9szletes vizsg\u00e1lati jelent\u00e9sekkel ell\u00e1tva. Ezek a jelent\u00e9sek biztos\u00edtj\u00e1k, hogy minden egyes term\u00e9k megfelel az el\u0151\u00edrt szil\u00e1rds\u00e1gi \u00e9s rugalmass\u00e1gi szabv\u00e1nyoknak, seg\u00edtve a v\u00e1s\u00e1rl\u00f3kat abban, hogy az ellen\u0151rz\u00f6tt adatok alapj\u00e1n megalapozott d\u00f6nt\u00e9seket hozzanak.<\/p>\n<p>A szigor\u00fa min\u0151s\u00e9gvizsg\u00e1lat mellett szem\u00e9lyes \u00fcgyf\u00e9lszolg\u00e1latot is biztos\u00edtunk, hogy seg\u00edts\u00fck a v\u00e1s\u00e1rl\u00f3kat abban, hogy megtal\u00e1lj\u00e1k a saj\u00e1t ig\u00e9nyeiknek legmegfelel\u0151bb bilincset. Gyors sz\u00e1ll\u00edt\u00e1si ciklusunkkal a Qingdao H&amp;F cs\u00f6kkenti a v\u00e1rakoz\u00e1si id\u0151t, biztos\u00edtva, hogy a vev\u0151k azonnal megkapj\u00e1k term\u00e9keiket, m\u00e9g akkor is, ha szoros projekt \u00fctemtervekkel kell foglalkozniuk. A gyors, megb\u00edzhat\u00f3 szolg\u00e1ltat\u00e1s \u00e9s a min\u0151s\u00e9gre helyezett hangs\u00faly kombin\u00e1ci\u00f3ja el\u0151ny\u00f6s partnerr\u00e9 tesz minket a nagy teljes\u00edtm\u00e9ny\u0171 G2130 \u00e9s G2140 csavaros bilincsek nagy t\u00e9telben t\u00f6rt\u00e9n\u0151 beszerz\u00e9s\u00e9hez.<\/p>\n<p>\u00dcgyfeleink el\u00e9gedetts\u00e9ge ir\u00e1nti elk\u00f6telezetts\u00e9g\u00fcnk alapja az \u00e1tl\u00e1that\u00f3s\u00e1g, a megb\u00edzhat\u00f3s\u00e1g \u00e9s a szak\u00e9rt\u0151i \u00fatmutat\u00e1s biztos\u00edt\u00e1sa a z\u00f6kken\u0151mentes beszerz\u00e9si folyamat \u00e9rdek\u00e9ben. Minden egyes interakci\u00f3 c\u00e9lja, hogy \u00e9rt\u00e9kes betekint\u00e9st ny\u00fajtson az \u00fcgyfeleknek a term\u00e9kkompatibilit\u00e1sba, a telep\u00edt\u00e9si elj\u00e1r\u00e1sokba \u00e9s a karbantart\u00e1si gyakorlatokba. Ez a szem\u00e9lyre szabott szolg\u00e1ltat\u00e1s k\u00fcl\u00f6n\u00f6sen el\u0151ny\u00f6s a szem\u00e9lyre szabott megold\u00e1sokat keres\u0151 \u00fcgyfelek sz\u00e1m\u00e1ra, mivel csapatunk a projektspecifikus k\u00f6vetelm\u00e9nyek alapj\u00e1n tud tan\u00e1csot adni.<\/p>\n<h3>A csavaros bilincsek kiv\u00e1laszt\u00e1s\u00e1nak \u00e9s haszn\u00e1lat\u00e1nak legfontosabb szempontjai<\/h3>\n<p>A megfelel\u0151 csavaros bilincs kiv\u00e1laszt\u00e1sa sz\u00e1mos t\u00e9nyez\u0151t\u0151l f\u00fcgg, a WLL \u00e9s a bilincs m\u00e9rete pedig d\u00f6nt\u0151 fontoss\u00e1g\u00fa a biztons\u00e1gos haszn\u00e1lat szempontj\u00e1b\u00f3l. A WLL hat\u00e1rozza meg a bilincs \u00e1ltal elb\u00edrhat\u00f3 maxim\u00e1lis terhel\u00e9st, m\u00edg a m\u00e9ret befoly\u00e1solja a felszerel\u00e9sen bel\u00fcli illeszked\u00e9st \u00e9s kompatibilit\u00e1st. A nem megfelel\u0151 m\u00e9retez\u00e9s vagy terhelhet\u0151s\u00e9g vesz\u00e9lyeztetheti a biztons\u00e1got, ami a berendez\u00e9s esetleges meghib\u00e1sod\u00e1s\u00e1hoz vezethet. Ez\u00e9rt a megfelel\u0151 WLL \u00e9s m\u00e9ret illeszt\u00e9se a tervezett alkalmaz\u00e1shoz kiemelked\u0151en fontos a biztons\u00e1gos \u00e9s hat\u00e9kony teljes\u00edtm\u00e9ny \u00e9rdek\u00e9ben.<\/p>\n<p>A k\u00fcl\u00f6nb\u00f6z\u0151 anyagok \u00e9s fel\u00fcletek k\u00fcl\u00f6n\u00e1ll\u00f3 el\u0151nyeinek meg\u00e9rt\u00e9se tov\u00e1bb seg\u00edtheti a kiv\u00e1laszt\u00e1st. P\u00e9ld\u00e1ul a horganyzott ac\u00e9lb\u00f3l k\u00e9sz\u00fclt csavaros bilincsek fokozott korr\u00f3zi\u00f3\u00e1ll\u00f3s\u00e1got biztos\u00edtanak, \u00edgy ide\u00e1lisak a zord vagy tengeri k\u00f6rnyezetben. Ezenk\u00edv\u00fcl a csavaros-any\u00e1s kialak\u00edt\u00e1s, mint a G2130 \u00e9s G2140 modellekn\u00e9l l\u00e1that\u00f3, olyan szint\u0171 stabilit\u00e1st \u00e9s biztons\u00e1got biztos\u00edt, amely m\u00e1s bilincs t\u00edpusokn\u00e1l nem tal\u00e1lhat\u00f3 meg. Ez a konfigur\u00e1ci\u00f3 minimaliz\u00e1lja a csap elcs\u00fasz\u00e1s\u00e1nak val\u00f3sz\u00edn\u0171s\u00e9g\u00e9t, \u00edgy ezek a bilincsek alkalmasak olyan alkalmaz\u00e1sokhoz, ahol a terhek elmozdulhatnak vagy rezeghetnek, p\u00e9ld\u00e1ul a sz\u00e1ll\u00edt\u00e1s vagy a neh\u00e9z ipari emel\u00e9s sor\u00e1n.<\/p>\n<p>A karbantart\u00e1s egy m\u00e1sik t\u00e9nyez\u0151, amely befoly\u00e1solja a csavaros bilincsek \u00e9lettartam\u00e1t \u00e9s teljes\u00edtm\u00e9ny\u00e9t. A rendszeres ellen\u0151rz\u00e9s elengedhetetlen annak biztos\u00edt\u00e1s\u00e1hoz, hogy a bilincsek ne legyenek korr\u00f3zi\u00f3val, deform\u00e1ci\u00f3val vagy f\u00e1rad\u00e1ssal fert\u0151z\u00f6ttek. A Qingdao H&amp;F-t\u0151l v\u00e1s\u00e1rl\u00f3 \u00fcgyfeleink sz\u00e1m\u00e1ra a k\u00fcl\u00f6nb\u00f6z\u0151 ipar\u00e1gi ig\u00e9nyekre szabott haszn\u00e1lati \u00fatmutat\u00f3kat \u00e9s karbantart\u00e1si tippeket k\u00edn\u00e1lunk, amelyek seg\u00edtenek meghosszabb\u00edtani a term\u00e9k \u00e9lettartam\u00e1t \u00e9s maximaliz\u00e1lni az \u00e9rt\u00e9ket. Csapatunk seg\u00edthet a v\u00e1s\u00e1rl\u00f3knak az egyes bilincsek biztons\u00e1gos \u00e9s megb\u00edzhat\u00f3 m\u0171k\u00f6d\u00e9s\u00e9t biztos\u00edt\u00f3 karbantart\u00e1si gyakorlatokkal, meger\u0151s\u00edtve ezzel az \u00fcgyfelek el\u00e9gedetts\u00e9ge \u00e9s az \u00fczembiztons\u00e1g ir\u00e1nti elk\u00f6telezetts\u00e9g\u00fcnket.<\/p>\n<p>\u00d6sszefoglalva, a G2130 \u00e9s G2140 t\u00edpus\u00fa csavaros bilincsek n\u00e9lk\u00fcl\u00f6zhetetlen szerepet j\u00e1tszanak a k\u00fcl\u00f6nb\u00f6z\u0151 ipari alkalmaz\u00e1sokban. Egyedi kialak\u00edt\u00e1suk \u00e9s sokoldal\u00fas\u00e1guk lehet\u0151v\u00e9 teszi, hogy nagy terhel\u00e9si ig\u00e9nybev\u00e9telnek is megfeleljenek, mik\u00f6zben a csavaros-any\u00e1s r\u00f6gz\u00edt\u00e9si mechanizmus r\u00e9v\u00e9n biztons\u00e1got ny\u00fajtanak. A v\u00e1s\u00e1rl\u00f3k sz\u00e1m\u00e1ra a megb\u00edzhat\u00f3 besz\u00e1ll\u00edt\u00f3 kiv\u00e1laszt\u00e1sa kulcsfontoss\u00e1g\u00fa a szigor\u00fa min\u0151s\u00e9gi el\u0151\u00edr\u00e1soknak megfelel\u0151 term\u00e9kek beszerz\u00e9s\u00e9hez. A Qingdao H&amp;F a gyors sz\u00e1ll\u00edt\u00e1s, a kiterjedt min\u0151s\u00e9gellen\u0151rz\u00e9s \u00e9s a szem\u00e9lyes kiszolg\u00e1l\u00e1s kombin\u00e1ci\u00f3j\u00e1t k\u00edn\u00e1lja, biztos\u00edtva, hogy minden egyes v\u00e1s\u00e1rl\u00e1s minden \u00fcgyf\u00e9l sz\u00e1m\u00e1ra fokozza a termel\u00e9kenys\u00e9get, a biztons\u00e1got \u00e9s a k\u00f6nny\u0171 haszn\u00e1latot.<\/p>\n<p>A min\u0151s\u00e9g \u00e9s az \u00fcgyf\u00e9lszolg\u00e1lat ir\u00e1nti folyamatos elk\u00f6telezetts\u00e9g\u00fcnk r\u00e9v\u00e9n c\u00e9lunk, hogy megb\u00edzhat\u00f3 partnerr\u00e9 v\u00e1ljunk azon v\u00e1s\u00e1rl\u00f3k sz\u00e1m\u00e1ra, akik olyan nagy teljes\u00edtm\u00e9ny\u0171 csavaros bilincseket keresnek, amelyek ellen\u00e1llnak az ig\u00e9nyes k\u00f6rnyezetnek.<\/p>\n<p><strong>G2130 bilincs<\/strong><\/p>\n<p><img fetchpriority=\"high\" decoding=\"async\" class=\"alignnone size-full wp-image-3831\" src=\"http:\/\/qingdaohf.com\/wp-content\/uploads\/2023\/05\/G2130.jpg\" alt=\"G2130 bilincs\" width=\"1000\" height=\"1158\" srcset=\"https:\/\/qingdaohf.com\/wp-content\/uploads\/2023\/05\/G2130.jpg 1000w, https:\/\/qingdaohf.com\/wp-content\/uploads\/2023\/05\/G2130-259x300.jpg 259w, https:\/\/qingdaohf.com\/wp-content\/uploads\/2023\/05\/G2130-884x1024.jpg 884w, https:\/\/qingdaohf.com\/wp-content\/uploads\/2023\/05\/G2130-768x889.jpg 768w\" sizes=\"(max-width: 1000px) 100vw, 1000px\" \/><\/p>\n<p><strong>G2130A bilincs<\/strong><\/p>\n<p><img decoding=\"async\" class=\"alignnone size-full wp-image-3832\" src=\"http:\/\/qingdaohf.com\/wp-content\/uploads\/2023\/05\/G2130A.jpg\" alt=\"G2130A bilincs\" width=\"1000\" height=\"783\" srcset=\"https:\/\/qingdaohf.com\/wp-content\/uploads\/2023\/05\/G2130A.jpg 1000w, https:\/\/qingdaohf.com\/wp-content\/uploads\/2023\/05\/G2130A-300x235.jpg 300w, https:\/\/qingdaohf.com\/wp-content\/uploads\/2023\/05\/G2130A-768x601.jpg 768w\" sizes=\"(max-width: 1000px) 100vw, 1000px\" \/><\/p>\n<p><strong>G2140 bilincs<\/strong><\/p>\n<p><img decoding=\"async\" class=\"alignnone size-full wp-image-3833\" src=\"http:\/\/qingdaohf.com\/wp-content\/uploads\/2023\/05\/G2140.jpg\" alt=\"G2140 bilincs\" width=\"1000\" height=\"1202\" srcset=\"https:\/\/qingdaohf.com\/wp-content\/uploads\/2023\/05\/G2140.jpg 1000w, https:\/\/qingdaohf.com\/wp-content\/uploads\/2023\/05\/G2140-250x300.jpg 250w, https:\/\/qingdaohf.com\/wp-content\/uploads\/2023\/05\/G2140-852x1024.jpg 852w, https:\/\/qingdaohf.com\/wp-content\/uploads\/2023\/05\/G2140-768x923.jpg 768w\" sizes=\"(max-width: 1000px) 100vw, 1000px\" \/><\/p>","protected":false},"excerpt":{"rendered":"<p>A csavaros bilincsek, mint p\u00e9ld\u00e1ul a n\u00e9pszer\u0171 G2130 \u00e9s G2140 modellek, a neh\u00e9z terhek emel\u00e9s\u00e9re, vontat\u00e1s\u00e1ra \u00e9s r\u00f6gz\u00edt\u00e9s\u00e9re tervezett alapvet\u0151 k\u00f6t\u00e9lzeti alkatr\u00e9szek. Ezek a bilincsek sz\u00e9les kapacit\u00e1ssal rendelkeznek, \u00e9s 0,33 tonn\u00e1t\u00f3l 150 tonn\u00e1ig terjed\u0151 munkaterhel\u00e9si hat\u00e1r\u00e9rt\u00e9keket (WLL) t\u00e1mogatnak, a m\u00e9retek pedig jellemz\u0151en 1\/4 h\u00fcvelyk \u00e9s 3 h\u00fcvelyk k\u00f6z\u00f6tt mozognak. A v\u00e1s\u00e1rl\u00f3k gyakran a szil\u00e1rds\u00e1got, a tart\u00f3ss\u00e1got \u00e9s a biztons\u00e1gi garanci\u00e1kat helyezik el\u0151t\u00e9rbe, \u00edgy a min\u0151s\u00e9gi vizsg\u00e1lati jelent\u00e9sek kulcsfontoss\u00e1g\u00fa t\u00e9nyez\u0151t jelentenek a v\u00e1s\u00e1rl\u00e1si d\u00f6nt\u00e9sekben. A Qingdao H&amp;F-n\u00e9l ezt a tapasztalatot gyors sz\u00e1ll\u00edt\u00e1si ciklus, szem\u00e9lyes \u00fcgyf\u00e9lt\u00e1mogat\u00e1s \u00e9s \u00e1tfog\u00f3 min\u0151s\u00e9gellen\u0151rz\u00e9si jelent\u00e9seken kereszt\u00fcl t\u00f6rt\u00e9n\u0151 \u00e1tfog\u00f3 min\u0151s\u00e9gellen\u0151rz\u00e9s r\u00e9v\u00e9n fokozzuk. Ezek a szolg\u00e1ltat\u00e1sok al\u00e1h\u00fazz\u00e1k elk\u00f6telezetts\u00e9g\u00fcnket az ir\u00e1nt, hogy a v\u00e1s\u00e1rl\u00f3k megb\u00edzhat\u00f3, nagy teljes\u00edtm\u00e9ny\u0171, az ig\u00e9nyeikre szabott bilincseket kapjanak.<\/p>","protected":false},"featured_media":6468,"comment_status":"open","ping_status":"closed","template":"","meta":{"site-sidebar-layout":"default","site-content-layout":"","ast-site-content-layout":"default","site-content-style":"default","site-sidebar-style":"default","ast-global-header-display":"","ast-banner-title-visibility":"","ast-main-header-display":"","ast-hfb-above-header-display":"","ast-hfb-below-header-display":"","ast-hfb-mobile-header-display":"","site-post-title":"","ast-breadcrumbs-content":"","ast-featured-img":"","footer-sml-layout":"","theme-transparent-header-meta":"default","adv-header-id-meta":"","stick-header-meta":"default","header-above-stick-meta":"","header-main-stick-meta":"","header-below-stick-meta":"","astra-migrate-meta-layouts":"set","ast-page-background-enabled":"default","ast-page-background-meta":{"desktop":{"background-color":"","background-image":"","background-repeat":"repeat","background-position":"center center","background-size":"auto","background-attachment":"scroll","background-type":"","background-media":"","overlay-type":"","overlay-color":"","overlay-opacity":"","overlay-gradient":""},"tablet":{"background-color":"","background-image":"","background-repeat":"repeat","background-position":"center center","background-size":"auto","background-attachment":"scroll","background-type":"","background-media":"","overlay-type":"","overlay-color":"","overlay-opacity":"","overlay-gradient":""},"mobile":{"background-color":"","background-image":"","background-repeat":"repeat","background-position":"center center","background-size":"auto","background-attachment":"scroll","background-type":"","background-media":"","overlay-type":"","overlay-color":"","overlay-opacity":"","overlay-gradient":""}},"ast-content-background-meta":{"desktop":{"background-color":"var(--ast-global-color-5)","background-image":"","background-repeat":"repeat","background-position":"center center","background-size":"auto","background-attachment":"scroll","background-type":"","background-media":"","overlay-type":"","overlay-color":"","overlay-opacity":"","overlay-gradient":""},"tablet":{"background-color":"var(--ast-global-color-5)","background-image":"","background-repeat":"repeat","background-position":"center center","background-size":"auto","background-attachment":"scroll","background-type":"","background-media":"","overlay-type":"","overlay-color":"","overlay-opacity":"","overlay-gradient":""},"mobile":{"background-color":"var(--ast-global-color-5)","background-image":"","background-repeat":"repeat","background-position":"center center","background-size":"auto","background-attachment":"scroll","background-type":"","background-media":"","overlay-type":"","overlay-color":"","overlay-opacity":"","overlay-gradient":""}}},"product_brand":[],"product_cat":[51,54],"product_tag":[],"class_list":{"0":"post-6490","1":"product","2":"type-product","3":"status-publish","4":"has-post-thumbnail","6":"product_cat-riggging-hardware","7":"product_cat-shackle","8":"desktop-align-left","9":"tablet-align-left","10":"mobile-align-left","11":"ast-product-gallery-layout-horizontal-slider","12":"ast-product-tabs-layout-horizontal","14":"first","15":"instock","16":"shipping-taxable","17":"purchasable","18":"product-type-simple"},"yoast_head":"<!-- This site is optimized with the Yoast SEO plugin v25.2 - https:\/\/yoast.com\/wordpress\/plugins\/seo\/ -->\n<title>Bolt Type Shackle<\/title>\n<meta name=\"description\" content=\"A bolt-type shackle is a type of hardware that is used to connect chains, ropes, or cables together.\" \/>\n<meta name=\"robots\" content=\"index, follow, max-snippet:-1, max-image-preview:large, max-video-preview:-1\" \/>\n<link rel=\"canonical\" href=\"https:\/\/qingdaohf.com\/hu\/termek\/csavaros-bilincs\/\" \/>\n<meta property=\"og:locale\" content=\"hu_HU\" \/>\n<meta property=\"og:type\" content=\"article\" \/>\n<meta property=\"og:title\" content=\"Bolt Type Shackle\" \/>\n<meta property=\"og:description\" content=\"A bolt-type shackle is a type of hardware that is used to connect chains, ropes, or cables together.\" \/>\n<meta property=\"og:url\" content=\"https:\/\/qingdaohf.com\/hu\/termek\/csavaros-bilincs\/\" \/>\n<meta property=\"og:site_name\" content=\"Concrete Form &amp; Rigging Hardware Supplier\" \/>\n<meta property=\"article:publisher\" content=\"https:\/\/www.facebook.com\/qingdaohf\" \/>\n<meta property=\"article:modified_time\" content=\"2025-11-13T01:03:38+00:00\" \/>\n<meta property=\"og:image\" content=\"https:\/\/qingdaohf.com\/wp-content\/uploads\/2024\/02\/HF-SHACKLE-4.jpg\" \/>\n\t<meta property=\"og:image:width\" content=\"1000\" \/>\n\t<meta property=\"og:image:height\" content=\"1000\" \/>\n\t<meta property=\"og:image:type\" content=\"image\/jpeg\" \/>\n<meta name=\"twitter:card\" content=\"summary_large_image\" \/>\n<meta name=\"twitter:label1\" content=\"Becs\u00fclt olvas\u00e1si id\u0151\" \/>\n\t<meta name=\"twitter:data1\" content=\"5 perc\" \/>\n<script type=\"application\/ld+json\" class=\"yoast-schema-graph\">{\"@context\":\"https:\/\/schema.org\",\"@graph\":[{\"@type\":\"WebPage\",\"@id\":\"https:\/\/qingdaohf.com\/product\/bolt-type-shackle\/\",\"url\":\"https:\/\/qingdaohf.com\/product\/bolt-type-shackle\/\",\"name\":\"Bolt Type Shackle\",\"isPartOf\":{\"@id\":\"https:\/\/qingdaohf.com\/bg\/#website\"},\"primaryImageOfPage\":{\"@id\":\"https:\/\/qingdaohf.com\/product\/bolt-type-shackle\/#primaryimage\"},\"image\":{\"@id\":\"https:\/\/qingdaohf.com\/product\/bolt-type-shackle\/#primaryimage\"},\"thumbnailUrl\":\"https:\/\/qingdaohf.com\/wp-content\/uploads\/2024\/02\/HF-SHACKLE-4.jpg\",\"datePublished\":\"2024-02-02T08:39:40+00:00\",\"dateModified\":\"2025-11-13T01:03:38+00:00\",\"description\":\"A bolt-type shackle is a type of hardware that is used to connect chains, ropes, or cables together.\",\"breadcrumb\":{\"@id\":\"https:\/\/qingdaohf.com\/product\/bolt-type-shackle\/#breadcrumb\"},\"inLanguage\":\"hu\",\"potentialAction\":[{\"@type\":\"ReadAction\",\"target\":[\"https:\/\/qingdaohf.com\/product\/bolt-type-shackle\/\"]}]},{\"@type\":\"ImageObject\",\"inLanguage\":\"hu\",\"@id\":\"https:\/\/qingdaohf.com\/product\/bolt-type-shackle\/#primaryimage\",\"url\":\"https:\/\/qingdaohf.com\/wp-content\/uploads\/2024\/02\/HF-SHACKLE-4.jpg\",\"contentUrl\":\"https:\/\/qingdaohf.com\/wp-content\/uploads\/2024\/02\/HF-SHACKLE-4.jpg\",\"width\":1000,\"height\":1000,\"caption\":\"bolt type SHACKLE\"},{\"@type\":\"BreadcrumbList\",\"@id\":\"https:\/\/qingdaohf.com\/product\/bolt-type-shackle\/#breadcrumb\",\"itemListElement\":[{\"@type\":\"ListItem\",\"position\":1,\"name\":\"Home\",\"item\":\"https:\/\/qingdaohf.com\/\"},{\"@type\":\"ListItem\",\"position\":2,\"name\":\"Concrete Forming Accessories and Rigging Hardware\",\"item\":\"https:\/\/qingdaohf.com\/bg\/?page_id=944\"},{\"@type\":\"ListItem\",\"position\":3,\"name\":\"Bolt Type Shackle\"}]},{\"@type\":\"WebSite\",\"@id\":\"https:\/\/qingdaohf.com\/bg\/#website\",\"url\":\"https:\/\/qingdaohf.com\/bg\/\",\"name\":\"Concrete Form & Rigging Hardware Supplier\",\"description\":\"\",\"publisher\":{\"@id\":\"https:\/\/qingdaohf.com\/bg\/#organization\"},\"potentialAction\":[{\"@type\":\"SearchAction\",\"target\":{\"@type\":\"EntryPoint\",\"urlTemplate\":\"https:\/\/qingdaohf.com\/bg\/?s={search_term_string}\"},\"query-input\":{\"@type\":\"PropertyValueSpecification\",\"valueRequired\":true,\"valueName\":\"search_term_string\"}}],\"inLanguage\":\"hu\"},{\"@type\":\"Organization\",\"@id\":\"https:\/\/qingdaohf.com\/bg\/#organization\",\"name\":\"Qingdao H&F\",\"url\":\"https:\/\/qingdaohf.com\/bg\/\",\"logo\":{\"@type\":\"ImageObject\",\"inLanguage\":\"hu\",\"@id\":\"https:\/\/qingdaohf.com\/bg\/#\/schema\/logo\/image\/\",\"url\":\"https:\/\/qingdaohf.com\/wp-content\/uploads\/2022\/12\/cropped-HF-LOGO.png\",\"contentUrl\":\"https:\/\/qingdaohf.com\/wp-content\/uploads\/2022\/12\/cropped-HF-LOGO.png\",\"width\":391,\"height\":249,\"caption\":\"Qingdao H&F\"},\"image\":{\"@id\":\"https:\/\/qingdaohf.com\/bg\/#\/schema\/logo\/image\/\"},\"sameAs\":[\"https:\/\/www.facebook.com\/qingdaohf\"]}]}<\/script>\n<!-- \/ Yoast SEO plugin. -->","yoast_head_json":{"title":"Bolt Type Shackle","description":"A bolt-type shackle is a type of hardware that is used to connect chains, ropes, or cables together.","robots":{"index":"index","follow":"follow","max-snippet":"max-snippet:-1","max-image-preview":"max-image-preview:large","max-video-preview":"max-video-preview:-1"},"canonical":"https:\/\/qingdaohf.com\/hu\/termek\/csavaros-bilincs\/","og_locale":"hu_HU","og_type":"article","og_title":"Bolt Type Shackle","og_description":"A bolt-type shackle is a type of hardware that is used to connect chains, ropes, or cables together.","og_url":"https:\/\/qingdaohf.com\/hu\/termek\/csavaros-bilincs\/","og_site_name":"Concrete Form &amp; Rigging Hardware Supplier","article_publisher":"https:\/\/www.facebook.com\/qingdaohf","article_modified_time":"2025-11-13T01:03:38+00:00","og_image":[{"width":1000,"height":1000,"url":"https:\/\/qingdaohf.com\/wp-content\/uploads\/2024\/02\/HF-SHACKLE-4.jpg","type":"image\/jpeg"}],"twitter_card":"summary_large_image","twitter_misc":{"Becs\u00fclt olvas\u00e1si id\u0151":"5 perc"},"schema":{"@context":"https:\/\/schema.org","@graph":[{"@type":"WebPage","@id":"https:\/\/qingdaohf.com\/product\/bolt-type-shackle\/","url":"https:\/\/qingdaohf.com\/product\/bolt-type-shackle\/","name":"Bolt Type Shackle","isPartOf":{"@id":"https:\/\/qingdaohf.com\/bg\/#website"},"primaryImageOfPage":{"@id":"https:\/\/qingdaohf.com\/product\/bolt-type-shackle\/#primaryimage"},"image":{"@id":"https:\/\/qingdaohf.com\/product\/bolt-type-shackle\/#primaryimage"},"thumbnailUrl":"https:\/\/qingdaohf.com\/wp-content\/uploads\/2024\/02\/HF-SHACKLE-4.jpg","datePublished":"2024-02-02T08:39:40+00:00","dateModified":"2025-11-13T01:03:38+00:00","description":"A bolt-type shackle is a type of hardware that is used to connect chains, ropes, or cables together.","breadcrumb":{"@id":"https:\/\/qingdaohf.com\/product\/bolt-type-shackle\/#breadcrumb"},"inLanguage":"hu","potentialAction":[{"@type":"ReadAction","target":["https:\/\/qingdaohf.com\/product\/bolt-type-shackle\/"]}]},{"@type":"ImageObject","inLanguage":"hu","@id":"https:\/\/qingdaohf.com\/product\/bolt-type-shackle\/#primaryimage","url":"https:\/\/qingdaohf.com\/wp-content\/uploads\/2024\/02\/HF-SHACKLE-4.jpg","contentUrl":"https:\/\/qingdaohf.com\/wp-content\/uploads\/2024\/02\/HF-SHACKLE-4.jpg","width":1000,"height":1000,"caption":"bolt type SHACKLE"},{"@type":"BreadcrumbList","@id":"https:\/\/qingdaohf.com\/product\/bolt-type-shackle\/#breadcrumb","itemListElement":[{"@type":"ListItem","position":1,"name":"Home","item":"https:\/\/qingdaohf.com\/"},{"@type":"ListItem","position":2,"name":"Concrete Forming Accessories and Rigging Hardware","item":"https:\/\/qingdaohf.com\/bg\/?page_id=944"},{"@type":"ListItem","position":3,"name":"Bolt Type Shackle"}]},{"@type":"WebSite","@id":"https:\/\/qingdaohf.com\/bg\/#website","url":"https:\/\/qingdaohf.com\/bg\/","name":"Concrete Form & Rigging Hardware Supplier","description":"","publisher":{"@id":"https:\/\/qingdaohf.com\/bg\/#organization"},"potentialAction":[{"@type":"SearchAction","target":{"@type":"EntryPoint","urlTemplate":"https:\/\/qingdaohf.com\/bg\/?s={search_term_string}"},"query-input":{"@type":"PropertyValueSpecification","valueRequired":true,"valueName":"search_term_string"}}],"inLanguage":"hu"},{"@type":"Organization","@id":"https:\/\/qingdaohf.com\/bg\/#organization","name":"Qingdao H&F","url":"https:\/\/qingdaohf.com\/bg\/","logo":{"@type":"ImageObject","inLanguage":"hu","@id":"https:\/\/qingdaohf.com\/bg\/#\/schema\/logo\/image\/","url":"https:\/\/qingdaohf.com\/wp-content\/uploads\/2022\/12\/cropped-HF-LOGO.png","contentUrl":"https:\/\/qingdaohf.com\/wp-content\/uploads\/2022\/12\/cropped-HF-LOGO.png","width":391,"height":249,"caption":"Qingdao H&F"},"image":{"@id":"https:\/\/qingdaohf.com\/bg\/#\/schema\/logo\/image\/"},"sameAs":["https:\/\/www.facebook.com\/qingdaohf"]}]}},"_links":{"self":[{"href":"https:\/\/qingdaohf.com\/hu\/wp-json\/wp\/v2\/product\/6490","targetHints":{"allow":["GET"]}}],"collection":[{"href":"https:\/\/qingdaohf.com\/hu\/wp-json\/wp\/v2\/product"}],"about":[{"href":"https:\/\/qingdaohf.com\/hu\/wp-json\/wp\/v2\/types\/product"}],"replies":[{"embeddable":true,"href":"https:\/\/qingdaohf.com\/hu\/wp-json\/wp\/v2\/comments?post=6490"}],"version-history":[{"count":9,"href":"https:\/\/qingdaohf.com\/hu\/wp-json\/wp\/v2\/product\/6490\/revisions"}],"predecessor-version":[{"id":8214,"href":"https:\/\/qingdaohf.com\/hu\/wp-json\/wp\/v2\/product\/6490\/revisions\/8214"}],"wp:featuredmedia":[{"embeddable":true,"href":"https:\/\/qingdaohf.com\/hu\/wp-json\/wp\/v2\/media\/6468"}],"wp:attachment":[{"href":"https:\/\/qingdaohf.com\/hu\/wp-json\/wp\/v2\/media?parent=6490"}],"wp:term":[{"taxonomy":"product_brand","embeddable":true,"href":"https:\/\/qingdaohf.com\/hu\/wp-json\/wp\/v2\/product_brand?post=6490"},{"taxonomy":"product_cat","embeddable":true,"href":"https:\/\/qingdaohf.com\/hu\/wp-json\/wp\/v2\/product_cat?post=6490"},{"taxonomy":"product_tag","embeddable":true,"href":"https:\/\/qingdaohf.com\/hu\/wp-json\/wp\/v2\/product_tag?post=6490"}],"curies":[{"name":"wp","href":"https:\/\/api.w.org\/{rel}","templated":true}]}}