{"id":6906,"date":"2024-04-17T17:01:36","date_gmt":"2024-04-17T09:01:36","guid":{"rendered":"http:\/\/qingdaohf.com\/?post_type=product&#038;p=6906"},"modified":"2025-11-13T09:03:38","modified_gmt":"2025-11-13T01:03:38","slug":"residential-wall-tie","status":"publish","type":"product","link":"https:\/\/qingdaohf.com\/hu\/termek\/lakoepulet-falikoto\/","title":{"rendered":"Lakoss\u00e1gi fali nyakkend\u0151"},"content":{"rendered":"<p><b><strong>Lakoss\u00e1gi falik\u00f6telek<\/strong><\/b> a hat\u00e9kony betonalapoz\u00e1s titkos fegyvere. Az 1-1\/8 h\u00fcvelykes r\u00e9tegelt lemez (\"Resi Ply\") form\u00e1z\u00f3 rendszerekkel val\u00f3 haszn\u00e1latra tervezett innovat\u00edv k\u00f6t\u00e9sek id\u0151takar\u00e9kos el\u0151nyt jelentenek. Egyed\u00fcl\u00e1ll\u00f3 kialak\u00edt\u00e1suk lehet\u0151v\u00e9 teszi a k\u00f6nny\u0171 lev\u00e1laszt\u00e1st a bont\u00e1s sor\u00e1n, \u00e9sszer\u0171s\u00edtve a folyamatot \u00e9s tartva a projekt \u00fctemterv\u00e9t.<\/p>\n<p><b><strong>Kompatibilis mind az AdvanceForm, mind a Duraform zsalurendszerekkel,<\/strong><\/b> A lakoss\u00e1gi falik\u00f6telek sokoldal\u00faan alkalmazhat\u00f3k az \u00d6n alapoz\u00e1si ig\u00e9nyeihez. Egyenes \u00e9s hajl\u00edtott form\u00e1ban, 10 h\u00fcvelykt\u0151l 60 h\u00fcvelykig terjed\u0151 m\u00e9retekkel k\u00edn\u00e1lj\u00e1k, \u00edgy alkalmazkodnak a k\u00fcl\u00f6nb\u00f6z\u0151 \u00e9p\u00edt\u00e9si tervekhez.<\/p>\n<p><b><strong>Tegye a k\u00f6vetkez\u0151 lakoss\u00e1gi alapoz\u00e1si projektet gyerekj\u00e1t\u00e9kk\u00e1. V\u00e1lassza a Residential Wall Ties-t a gyorsas\u00e1g, az egyszer\u0171s\u00e9g \u00e9s a kompatibilit\u00e1s \u00e9rdek\u00e9ben.<\/strong><\/b><\/p>","protected":false},"excerpt":{"rendered":"<p>Nagy szil\u00e1rds\u00e1g\u00fa ac\u00e9lb\u00f3l k\u00e9sz\u00fclt lakoss\u00e1gi falik\u00f6t\u0151k. A kombin\u00e1lt zsaluzat r\u00f6gz\u00edt\u00e9s\u00e9re \u00e9s elhelyez\u00e9s\u00e9re szolg\u00e1lnak.<\/p>\n<p>A lak\u00f3\u00e9p\u00fcletek falik\u00f6t\u0151it egyenes \u00e9s \u00edves (hajl\u00edtott) lak\u00f3\u00e9p\u00fcletek falik\u00f6t\u0151ire osztj\u00e1k.<\/p>\n<p>Fontos szerepet j\u00e1tszanak a konkr\u00e9t form\u00e1ban. \u00c9s ez a legkelend\u0151bb term\u00e9k\u00fcnk eg\u00e9sz \u00e9vben.<\/p>","protected":false},"featured_media":6907,"comment_status":"open","ping_status":"closed","template":"","meta":{"site-sidebar-layout":"default","site-content-layout":"","ast-site-content-layout":"default","site-content-style":"default","site-sidebar-style":"default","ast-global-header-display":"","ast-banner-title-visibility":"","ast-main-header-display":"","ast-hfb-above-header-display":"","ast-hfb-below-header-display":"","ast-hfb-mobile-header-display":"","site-post-title":"","ast-breadcrumbs-content":"","ast-featured-img":"","footer-sml-layout":"","theme-transparent-header-meta":"default","adv-header-id-meta":"","stick-header-meta":"default","header-above-stick-meta":"","header-main-stick-meta":"","header-below-stick-meta":"","astra-migrate-meta-layouts":"set","ast-page-background-enabled":"default","ast-page-background-meta":{"desktop":{"background-color":"","background-image":"","background-repeat":"repeat","background-position":"center center","background-size":"auto","background-attachment":"scroll","background-type":"","background-media":"","overlay-type":"","overlay-color":"","overlay-opacity":"","overlay-gradient":""},"tablet":{"background-color":"","background-image":"","background-repeat":"repeat","background-position":"center center","background-size":"auto","background-attachment":"scroll","background-type":"","background-media":"","overlay-type":"","overlay-color":"","overlay-opacity":"","overlay-gradient":""},"mobile":{"background-color":"","background-image":"","background-repeat":"repeat","background-position":"center center","background-size":"auto","background-attachment":"scroll","background-type":"","background-media":"","overlay-type":"","overlay-color":"","overlay-opacity":"","overlay-gradient":""}},"ast-content-background-meta":{"desktop":{"background-color":"var(--ast-global-color-5)","background-image":"","background-repeat":"repeat","background-position":"center center","background-size":"auto","background-attachment":"scroll","background-type":"","background-media":"","overlay-type":"","overlay-color":"","overlay-opacity":"","overlay-gradient":""},"tablet":{"background-color":"var(--ast-global-color-5)","background-image":"","background-repeat":"repeat","background-position":"center center","background-size":"auto","background-attachment":"scroll","background-type":"","background-media":"","overlay-type":"","overlay-color":"","overlay-opacity":"","overlay-gradient":""},"mobile":{"background-color":"var(--ast-global-color-5)","background-image":"","background-repeat":"repeat","background-position":"center center","background-size":"auto","background-attachment":"scroll","background-type":"","background-media":"","overlay-type":"","overlay-color":"","overlay-opacity":"","overlay-gradient":""}}},"product_brand":[],"product_cat":[20],"product_tag":[],"class_list":{"0":"post-6906","1":"product","2":"type-product","3":"status-publish","4":"has-post-thumbnail","6":"product_cat-concrete-wall-tie","7":"desktop-align-left","8":"tablet-align-left","9":"mobile-align-left","10":"ast-product-gallery-layout-horizontal-slider","11":"ast-product-tabs-layout-horizontal","13":"first","14":"instock","15":"shipping-taxable","16":"purchasable","17":"product-type-simple"},"yoast_head":"<!-- This site is optimized with the Yoast SEO plugin v25.2 - https:\/\/yoast.com\/wordpress\/plugins\/seo\/ -->\n<title>Residential Wall Tie<\/title>\n<meta name=\"description\" content=\"Residential wall ties made of high strength steel. They serve to fix and space the combined formwork\" \/>\n<meta name=\"robots\" content=\"index, follow, max-snippet:-1, max-image-preview:large, max-video-preview:-1\" \/>\n<link rel=\"canonical\" href=\"https:\/\/qingdaohf.com\/hu\/termek\/lakoepulet-falikoto\/\" \/>\n<meta property=\"og:locale\" content=\"hu_HU\" \/>\n<meta property=\"og:type\" content=\"article\" \/>\n<meta property=\"og:title\" content=\"Residential Wall Tie\" \/>\n<meta property=\"og:description\" content=\"Residential wall ties made of high strength steel. They serve to fix and space the combined formwork\" \/>\n<meta property=\"og:url\" content=\"https:\/\/qingdaohf.com\/hu\/termek\/lakoepulet-falikoto\/\" \/>\n<meta property=\"og:site_name\" content=\"Concrete Form &amp; Rigging Hardware Supplier\" \/>\n<meta property=\"article:publisher\" content=\"https:\/\/www.facebook.com\/qingdaohf\" \/>\n<meta property=\"article:modified_time\" content=\"2025-11-13T01:03:38+00:00\" \/>\n<meta property=\"og:image\" content=\"https:\/\/qingdaohf.com\/wp-content\/uploads\/2024\/04\/Residential-wall-tie-1.jpg\" \/>\n\t<meta property=\"og:image:width\" content=\"1000\" \/>\n\t<meta property=\"og:image:height\" content=\"1000\" \/>\n\t<meta property=\"og:image:type\" content=\"image\/jpeg\" \/>\n<meta name=\"twitter:card\" content=\"summary_large_image\" \/>\n<meta name=\"twitter:label1\" content=\"Becs\u00fclt olvas\u00e1si id\u0151\" \/>\n\t<meta name=\"twitter:data1\" content=\"1 perc\" \/>\n<script type=\"application\/ld+json\" class=\"yoast-schema-graph\">{\"@context\":\"https:\/\/schema.org\",\"@graph\":[{\"@type\":\"WebPage\",\"@id\":\"https:\/\/qingdaohf.com\/product\/residential-wall-tie\/\",\"url\":\"https:\/\/qingdaohf.com\/product\/residential-wall-tie\/\",\"name\":\"Residential Wall Tie\",\"isPartOf\":{\"@id\":\"https:\/\/qingdaohf.com\/bg\/#website\"},\"primaryImageOfPage\":{\"@id\":\"https:\/\/qingdaohf.com\/product\/residential-wall-tie\/#primaryimage\"},\"image\":{\"@id\":\"https:\/\/qingdaohf.com\/product\/residential-wall-tie\/#primaryimage\"},\"thumbnailUrl\":\"https:\/\/qingdaohf.com\/wp-content\/uploads\/2024\/04\/Residential-wall-tie-1.jpg\",\"datePublished\":\"2024-04-17T09:01:36+00:00\",\"dateModified\":\"2025-11-13T01:03:38+00:00\",\"description\":\"Residential wall ties made of high strength steel. They serve to fix and space the combined formwork\",\"breadcrumb\":{\"@id\":\"https:\/\/qingdaohf.com\/product\/residential-wall-tie\/#breadcrumb\"},\"inLanguage\":\"hu\",\"potentialAction\":[{\"@type\":\"ReadAction\",\"target\":[\"https:\/\/qingdaohf.com\/product\/residential-wall-tie\/\"]}]},{\"@type\":\"ImageObject\",\"inLanguage\":\"hu\",\"@id\":\"https:\/\/qingdaohf.com\/product\/residential-wall-tie\/#primaryimage\",\"url\":\"https:\/\/qingdaohf.com\/wp-content\/uploads\/2024\/04\/Residential-wall-tie-1.jpg\",\"contentUrl\":\"https:\/\/qingdaohf.com\/wp-content\/uploads\/2024\/04\/Residential-wall-tie-1.jpg\",\"width\":1000,\"height\":1000,\"caption\":\"Residential wall tie\"},{\"@type\":\"BreadcrumbList\",\"@id\":\"https:\/\/qingdaohf.com\/product\/residential-wall-tie\/#breadcrumb\",\"itemListElement\":[{\"@type\":\"ListItem\",\"position\":1,\"name\":\"Home\",\"item\":\"https:\/\/qingdaohf.com\/\"},{\"@type\":\"ListItem\",\"position\":2,\"name\":\"Concrete Forming Accessories and Rigging Hardware\",\"item\":\"https:\/\/qingdaohf.com\/bg\/?page_id=944\"},{\"@type\":\"ListItem\",\"position\":3,\"name\":\"Residential Wall Tie\"}]},{\"@type\":\"WebSite\",\"@id\":\"https:\/\/qingdaohf.com\/bg\/#website\",\"url\":\"https:\/\/qingdaohf.com\/bg\/\",\"name\":\"Concrete Form & Rigging Hardware Supplier\",\"description\":\"\",\"publisher\":{\"@id\":\"https:\/\/qingdaohf.com\/bg\/#organization\"},\"potentialAction\":[{\"@type\":\"SearchAction\",\"target\":{\"@type\":\"EntryPoint\",\"urlTemplate\":\"https:\/\/qingdaohf.com\/bg\/?s={search_term_string}\"},\"query-input\":{\"@type\":\"PropertyValueSpecification\",\"valueRequired\":true,\"valueName\":\"search_term_string\"}}],\"inLanguage\":\"hu\"},{\"@type\":\"Organization\",\"@id\":\"https:\/\/qingdaohf.com\/bg\/#organization\",\"name\":\"Qingdao H&F\",\"url\":\"https:\/\/qingdaohf.com\/bg\/\",\"logo\":{\"@type\":\"ImageObject\",\"inLanguage\":\"hu\",\"@id\":\"https:\/\/qingdaohf.com\/bg\/#\/schema\/logo\/image\/\",\"url\":\"https:\/\/qingdaohf.com\/wp-content\/uploads\/2022\/12\/cropped-HF-LOGO.png\",\"contentUrl\":\"https:\/\/qingdaohf.com\/wp-content\/uploads\/2022\/12\/cropped-HF-LOGO.png\",\"width\":391,\"height\":249,\"caption\":\"Qingdao H&F\"},\"image\":{\"@id\":\"https:\/\/qingdaohf.com\/bg\/#\/schema\/logo\/image\/\"},\"sameAs\":[\"https:\/\/www.facebook.com\/qingdaohf\"]}]}<\/script>\n<!-- \/ Yoast SEO plugin. -->","yoast_head_json":{"title":"Residential Wall Tie","description":"Residential wall ties made of high strength steel. They serve to fix and space the combined formwork","robots":{"index":"index","follow":"follow","max-snippet":"max-snippet:-1","max-image-preview":"max-image-preview:large","max-video-preview":"max-video-preview:-1"},"canonical":"https:\/\/qingdaohf.com\/hu\/termek\/lakoepulet-falikoto\/","og_locale":"hu_HU","og_type":"article","og_title":"Residential Wall Tie","og_description":"Residential wall ties made of high strength steel. They serve to fix and space the combined formwork","og_url":"https:\/\/qingdaohf.com\/hu\/termek\/lakoepulet-falikoto\/","og_site_name":"Concrete Form &amp; Rigging Hardware Supplier","article_publisher":"https:\/\/www.facebook.com\/qingdaohf","article_modified_time":"2025-11-13T01:03:38+00:00","og_image":[{"width":1000,"height":1000,"url":"https:\/\/qingdaohf.com\/wp-content\/uploads\/2024\/04\/Residential-wall-tie-1.jpg","type":"image\/jpeg"}],"twitter_card":"summary_large_image","twitter_misc":{"Becs\u00fclt olvas\u00e1si id\u0151":"1 perc"},"schema":{"@context":"https:\/\/schema.org","@graph":[{"@type":"WebPage","@id":"https:\/\/qingdaohf.com\/product\/residential-wall-tie\/","url":"https:\/\/qingdaohf.com\/product\/residential-wall-tie\/","name":"Residential Wall Tie","isPartOf":{"@id":"https:\/\/qingdaohf.com\/bg\/#website"},"primaryImageOfPage":{"@id":"https:\/\/qingdaohf.com\/product\/residential-wall-tie\/#primaryimage"},"image":{"@id":"https:\/\/qingdaohf.com\/product\/residential-wall-tie\/#primaryimage"},"thumbnailUrl":"https:\/\/qingdaohf.com\/wp-content\/uploads\/2024\/04\/Residential-wall-tie-1.jpg","datePublished":"2024-04-17T09:01:36+00:00","dateModified":"2025-11-13T01:03:38+00:00","description":"Residential wall ties made of high strength steel. They serve to fix and space the combined formwork","breadcrumb":{"@id":"https:\/\/qingdaohf.com\/product\/residential-wall-tie\/#breadcrumb"},"inLanguage":"hu","potentialAction":[{"@type":"ReadAction","target":["https:\/\/qingdaohf.com\/product\/residential-wall-tie\/"]}]},{"@type":"ImageObject","inLanguage":"hu","@id":"https:\/\/qingdaohf.com\/product\/residential-wall-tie\/#primaryimage","url":"https:\/\/qingdaohf.com\/wp-content\/uploads\/2024\/04\/Residential-wall-tie-1.jpg","contentUrl":"https:\/\/qingdaohf.com\/wp-content\/uploads\/2024\/04\/Residential-wall-tie-1.jpg","width":1000,"height":1000,"caption":"Residential wall tie"},{"@type":"BreadcrumbList","@id":"https:\/\/qingdaohf.com\/product\/residential-wall-tie\/#breadcrumb","itemListElement":[{"@type":"ListItem","position":1,"name":"Home","item":"https:\/\/qingdaohf.com\/"},{"@type":"ListItem","position":2,"name":"Concrete Forming Accessories and Rigging Hardware","item":"https:\/\/qingdaohf.com\/bg\/?page_id=944"},{"@type":"ListItem","position":3,"name":"Residential Wall Tie"}]},{"@type":"WebSite","@id":"https:\/\/qingdaohf.com\/bg\/#website","url":"https:\/\/qingdaohf.com\/bg\/","name":"Concrete Form & Rigging Hardware Supplier","description":"","publisher":{"@id":"https:\/\/qingdaohf.com\/bg\/#organization"},"potentialAction":[{"@type":"SearchAction","target":{"@type":"EntryPoint","urlTemplate":"https:\/\/qingdaohf.com\/bg\/?s={search_term_string}"},"query-input":{"@type":"PropertyValueSpecification","valueRequired":true,"valueName":"search_term_string"}}],"inLanguage":"hu"},{"@type":"Organization","@id":"https:\/\/qingdaohf.com\/bg\/#organization","name":"Qingdao H&F","url":"https:\/\/qingdaohf.com\/bg\/","logo":{"@type":"ImageObject","inLanguage":"hu","@id":"https:\/\/qingdaohf.com\/bg\/#\/schema\/logo\/image\/","url":"https:\/\/qingdaohf.com\/wp-content\/uploads\/2022\/12\/cropped-HF-LOGO.png","contentUrl":"https:\/\/qingdaohf.com\/wp-content\/uploads\/2022\/12\/cropped-HF-LOGO.png","width":391,"height":249,"caption":"Qingdao H&F"},"image":{"@id":"https:\/\/qingdaohf.com\/bg\/#\/schema\/logo\/image\/"},"sameAs":["https:\/\/www.facebook.com\/qingdaohf"]}]}},"_links":{"self":[{"href":"https:\/\/qingdaohf.com\/hu\/wp-json\/wp\/v2\/product\/6906","targetHints":{"allow":["GET"]}}],"collection":[{"href":"https:\/\/qingdaohf.com\/hu\/wp-json\/wp\/v2\/product"}],"about":[{"href":"https:\/\/qingdaohf.com\/hu\/wp-json\/wp\/v2\/types\/product"}],"replies":[{"embeddable":true,"href":"https:\/\/qingdaohf.com\/hu\/wp-json\/wp\/v2\/comments?post=6906"}],"version-history":[{"count":3,"href":"https:\/\/qingdaohf.com\/hu\/wp-json\/wp\/v2\/product\/6906\/revisions"}],"predecessor-version":[{"id":8390,"href":"https:\/\/qingdaohf.com\/hu\/wp-json\/wp\/v2\/product\/6906\/revisions\/8390"}],"wp:featuredmedia":[{"embeddable":true,"href":"https:\/\/qingdaohf.com\/hu\/wp-json\/wp\/v2\/media\/6907"}],"wp:attachment":[{"href":"https:\/\/qingdaohf.com\/hu\/wp-json\/wp\/v2\/media?parent=6906"}],"wp:term":[{"taxonomy":"product_brand","embeddable":true,"href":"https:\/\/qingdaohf.com\/hu\/wp-json\/wp\/v2\/product_brand?post=6906"},{"taxonomy":"product_cat","embeddable":true,"href":"https:\/\/qingdaohf.com\/hu\/wp-json\/wp\/v2\/product_cat?post=6906"},{"taxonomy":"product_tag","embeddable":true,"href":"https:\/\/qingdaohf.com\/hu\/wp-json\/wp\/v2\/product_tag?post=6906"}],"curies":[{"name":"wp","href":"https:\/\/api.w.org\/{rel}","templated":true}]}}