{"id":6994,"date":"2024-05-08T15:22:02","date_gmt":"2024-05-08T07:22:02","guid":{"rendered":"http:\/\/qingdaohf.com\/?post_type=product&#038;p=6994"},"modified":"2025-11-13T09:03:37","modified_gmt":"2025-11-13T01:03:37","slug":"j-bolts","status":"publish","type":"product","link":"https:\/\/qingdaohf.com\/hu\/termek\/j-csavarok\/","title":{"rendered":"Alap\u00edtv\u00e1nyi csavarok J csavarok betonhoz"},"content":{"rendered":"<h2>Bevezet\u00e9s a J csavarhorgonyokba<\/h2>\n<p>A J-csavaros horgonyok az \u00e9p\u00edt\u0151iparban sz\u00e9les k\u00f6rben haszn\u00e1lt alapvet\u0151 k\u00f6t\u0151elemek a szerkezeti elemek betonhoz val\u00f3 r\u00f6gz\u00edt\u00e9s\u00e9hez. Ezek a \"J\" bet\u0171re eml\u00e9keztet\u0151 egyedi form\u00e1jukr\u00f3l ismert horgonyok robusztus \u00e9s megb\u00edzhat\u00f3 r\u00f6gz\u00edt\u00e9si m\u00f3dot biztos\u00edtanak, \u00e9s biztos\u00edtj\u00e1k a k\u00fcl\u00f6nb\u00f6z\u0151 szerkezetek stabilit\u00e1s\u00e1t \u00e9s biztons\u00e1g\u00e1t. A J-csavaros horgonyok els\u0151dleges funkci\u00f3ja a betonba val\u00f3 be\u00e1gyaz\u00e1s, ami biztons\u00e1gos tart\u00e1st biztos\u00edt a k\u00fcl\u00f6nb\u00f6z\u0151 szerkezetek sz\u00e1m\u00e1ra, az ac\u00e9lgerend\u00e1kt\u00f3l kezdve a neh\u00e9zg\u00e9pekig.<\/p>\n<h2>A J csavarhorgonyok jelent\u0151s\u00e9ge az \u00e9p\u00edt\u0151iparban<\/h2>\n<p>A beton szil\u00e1rds\u00e1ga \u00e9s tart\u00f3ss\u00e1ga miatt alapvet\u0151 \u00e9p\u00edt\u0151anyag. A szerkezeti elemek betonhoz val\u00f3 r\u00f6gz\u00edt\u00e9s\u00e9hez azonban olyan speci\u00e1lis k\u00f6t\u0151elemekre van sz\u00fcks\u00e9g, amelyek jelent\u0151s terhel\u00e9st \u00e9s ig\u00e9nybev\u00e9telt k\u00e9pesek kezelni. Ez az a ter\u00fclet, ahol a J-csavaros horgonyok kiemelked\u0151ek. A betonba m\u00e9lyen be\u00e1gyaz\u00f3dva a J-csavaros horgonyok kiv\u00e9teles tart\u00f3er\u0151t \u00e9s a kih\u00faz\u00f3 er\u0151kkel szembeni ellen\u00e1ll\u00e1st biztos\u00edtanak. Ez teszi \u0151ket n\u00e9lk\u00fcl\u00f6zhetetlenn\u00e9 a nagy ig\u00e9nybev\u00e9telnek kitett k\u00f6rnyezetekben, p\u00e9ld\u00e1ul \u00e9p\u00fcletek alapoz\u00e1s\u00e1n\u00e1l, hidakn\u00e1l \u00e9s neh\u00e9zg\u00e9pek telep\u00edt\u00e9s\u00e9n\u00e9l.<\/p>\n<p>A J-csavaros horgonyok sokoldal\u00fas\u00e1ga egy m\u00e1sik kulcsfontoss\u00e1g\u00fa el\u0151ny. A korl\u00e1tok \u00e9s v\u00e9d\u0151korl\u00e1tok r\u00f6gz\u00edt\u00e9s\u00e9t\u0151l kezdve a neh\u00e9zg\u00e9pek \u00e9s szerkezeti t\u00e1maszok r\u00f6gz\u00edt\u00e9s\u00e9ig sokf\u00e9le alkalmaz\u00e1sban haszn\u00e1lhat\u00f3k. A J-alak\u00fa kialak\u00edt\u00e1s szil\u00e1rd tart\u00e1st biztos\u00edt a betonban, m\u00edg a menetes v\u00e9g lehet\u0151v\u00e9 teszi a k\u00fcl\u00f6nb\u00f6z\u0151 alkatr\u00e9szek egyszer\u0171 r\u00f6gz\u00edt\u00e9s\u00e9t. Az er\u0151 \u00e9s a sokoldal\u00fas\u00e1g ezen kombin\u00e1ci\u00f3ja teszi a J-csavaros horgonyokat vil\u00e1gszerte a m\u00e9rn\u00f6k\u00f6k \u00e9s v\u00e1llalkoz\u00f3k kedvelt v\u00e1laszt\u00e1saiv\u00e1.<\/p>\n<h2>M\u00e9retek \u00e9s anyagok<\/h2>\n<p>A J-csavaros horgonyok k\u00fcl\u00f6nb\u00f6z\u0151 m\u00e9retekben kaphat\u00f3k, hogy megfeleljenek a k\u00fcl\u00f6nb\u00f6z\u0151 alkalmaz\u00e1soknak. Term\u00e9kk\u00edn\u00e1latunkban olyan m\u00e9retek szerepelnek, mint a 3\/4\u2033, 5\/8\u2033, 1\/2\u2033, 3\/8\u2033, 1\/4\u2033, 1\/4-20, 5\/16\u2033, 1\u2033 \u00e9s 8\u2033. Mindegyik m\u00e9retet \u00fagy tervezt\u00fck, hogy megfeleljen az adott terhel\u00e9si k\u00f6vetelm\u00e9nyeknek, \u00edgy biztos\u00edtva, hogy megtal\u00e1lja a t\u00f6k\u00e9letes horgonyt a projektj\u00e9hez. Ak\u00e1r egy kis lakoss\u00e1gi \u00e9p\u00edtkez\u00e9sen, ak\u00e1r egy nagy kereskedelmi projekten dolgozik, van olyan J-csavaros horgony, amely megfelel az \u00d6n ig\u00e9nyeinek.<\/p>\n<p>A m\u00e9retv\u00e1ltozatok mellett a J-csavaros horgonyok k\u00fcl\u00f6nb\u00f6z\u0151 anyagokb\u00f3l is kaphat\u00f3k. A k\u00e9t leggyakoribb anyag a horganyzott ac\u00e9l \u00e9s a rozsdamentes ac\u00e9l. A horganyzott ac\u00e9l J-csavarokat egy cinkr\u00e9teggel vonj\u00e1k be, amely kiv\u00e1l\u00f3 korr\u00f3zi\u00f3\u00e1ll\u00f3s\u00e1got biztos\u00edt, \u00edgy alkalmasak k\u00fclt\u00e9ri \u00e9s magas nedvess\u00e9gtartalm\u00fa k\u00f6rnyezetbe. A rozsdamentes ac\u00e9l J-csavarok viszont kiv\u00e1l\u00f3 szil\u00e1rds\u00e1got \u00e9s rozsda- \u00e9s korr\u00f3zi\u00f3\u00e1ll\u00f3s\u00e1got biztos\u00edtanak, \u00edgy ide\u00e1lisak olyan alkalmaz\u00e1sokhoz, ahol a hossz\u00fa \u00e9lettartam \u00e9s a tart\u00f3ss\u00e1g kritikus. Az anyagv\u00e1laszt\u00e1s a projekt egyedi k\u00f6vetelm\u00e9nyeit\u0151l f\u00fcgg, de mindk\u00e9t lehet\u0151s\u00e9g megb\u00edzhat\u00f3 teljes\u00edtm\u00e9nyt \u00e9s hossz\u00fa t\u00e1v\u00fa tart\u00f3ss\u00e1got biztos\u00edt.<\/p>\n<h2>A J csavarhorgonyok alkalmaz\u00e1sa<\/h2>\n<p>A J-csavarhorgonyok egyik leggyakoribb felhaszn\u00e1l\u00e1si ter\u00fclete az ac\u00e9loszlopok \u00e9s gerend\u00e1k betonalapokhoz val\u00f3 r\u00f6gz\u00edt\u00e9se. Enn\u00e9l az alkalmaz\u00e1sn\u00e1l a J-csavar a betonba \u00e1gyaz\u00f3dik, miel\u0151tt az megszil\u00e1rdulna, \u00e9s biztons\u00e1gos r\u00f6gz\u00edt\u00e9si pontot biztos\u00edt a szerkezeti ac\u00e9lnak. Ez a m\u00f3dszer kulcsfontoss\u00e1g\u00fa az \u00e9p\u00fclet stabilit\u00e1s\u00e1nak \u00e9s biztons\u00e1g\u00e1nak biztos\u00edt\u00e1s\u00e1ban, mivel megakad\u00e1lyozza a szerkezeti elemek elmozdul\u00e1s\u00e1t vagy elmozdul\u00e1s\u00e1t.<\/p>\n<p>A J-csavaros horgonyokat ipari k\u00f6rnyezetben is sz\u00e9les k\u00f6rben haszn\u00e1lj\u00e1k neh\u00e9z g\u00e9pek \u00e9s berendez\u00e9sek r\u00f6gz\u00edt\u00e9s\u00e9re. A J-csavar robusztus kialak\u00edt\u00e1sa lehet\u0151v\u00e9 teszi, hogy ellen\u00e1lljon a jelent\u0151s terhel\u00e9seknek \u00e9s rezg\u00e9seknek, \u00edgy biztos\u00edtva, hogy a g\u00e9pek biztons\u00e1gosan a hely\u00fck\u00f6n maradjanak. Ez k\u00fcl\u00f6n\u00f6sen fontos az olyan ipar\u00e1gakban, mint a gy\u00e1rt\u00e1s \u00e9s a b\u00e1ny\u00e1szat, ahol a neh\u00e9z berendez\u00e9sek \u00e1lland\u00f3 haszn\u00e1latnak \u00e9s ig\u00e9nybev\u00e9telnek vannak kit\u00e9ve.<\/p>\n<p>Az \u00e9p\u00edt\u0151iparban \u00e9s az ipari alkalmaz\u00e1sokban val\u00f3 felhaszn\u00e1l\u00e1s mellett a J-csavaros horgonyokat sz\u00e1mos m\u00e1s ter\u00fcleten is alkalmazz\u00e1k. P\u00e9ld\u00e1ul t\u00e1bl\u00e1k, villanyoszlopok \u00e9s ker\u00edt\u00e9sek felszerel\u00e9s\u00e9n\u00e9l haszn\u00e1lj\u00e1k \u0151ket. A J-csavaros horgonyok sokoldal\u00fas\u00e1ga \u00e9s szil\u00e1rds\u00e1ga miatt az alkalmaz\u00e1sok sz\u00e9les k\u00f6r\u00e9re alkalmasak, \u00e9s minden helyzetben megb\u00edzhat\u00f3 teljes\u00edtm\u00e9nyt ny\u00fajtanak.<\/p>\n<h2>Telep\u00edt\u00e9si tippek \u00e9s legjobb gyakorlatok<\/h2>\n<p>A J-csavaros horgonyok helyes telep\u00edt\u00e9se d\u00f6nt\u0151 fontoss\u00e1g\u00fa a hat\u00e9konys\u00e1guk \u00e9s hossz\u00fa \u00e9lettartamuk biztos\u00edt\u00e1s\u00e1hoz. \u00cdme n\u00e9h\u00e1ny legjobb gyakorlat, amelyet a be\u00e9p\u00edt\u00e9s sor\u00e1n k\u00f6vetni kell:<\/p>\n<ol>\n<li><strong>Megfelel\u0151 pozicion\u00e1l\u00e1s<\/strong>: A betonoz\u00e1s el\u0151tt gy\u0151z\u0151dj\u00f6n meg arr\u00f3l, hogy a J-csavar megfelel\u0151en helyezkedik el a betonzsaluzatban. A menetes v\u00e9gnek szabadon kell lennie \u00e9s megfelel\u0151en kell igazodnia, hogy megk\u00f6nny\u00edtse a szerkezeti elem k\u00f6nny\u0171 r\u00f6gz\u00edt\u00e9s\u00e9t.<\/li>\n<li><strong>Megfelel\u0151 m\u00e9lys\u00e9g<\/strong>: A J-csavart megfelel\u0151 m\u00e9lys\u00e9gben kell be\u00e1gyazni, hogy maxim\u00e1lis tart\u00e1st biztos\u00edtson. Ez \u00e1ltal\u00e1ban azt jelenti, hogy a J-csavart el\u00e9g m\u00e9lyen kell behelyezni a betonba, hogy biztos\u00edtsa a szil\u00e1rd tart\u00e1st.<\/li>\n<li><strong>Beton min\u0151s\u00e9ge<\/strong>: Haszn\u00e1ljon kiv\u00e1l\u00f3 min\u0151s\u00e9g\u0171 betont a projektj\u00e9nek megfelel\u0151 kever\u00e9kkialak\u00edt\u00e1ssal. A beton szil\u00e1rds\u00e1ga k\u00f6zvetlen\u00fcl befoly\u00e1solja a J-csavaros horgony tart\u00f3erej\u00e9t.<\/li>\n<li><strong>Gy\u00f3gyul\u00e1si id\u0151<\/strong>: Hagyjon elegend\u0151 id\u0151t a beton kikem\u00e9nyed\u00e9s\u00e9re, miel\u0151tt b\u00e1rmilyen terhel\u00e9st alkalmazna a J-csavaros horgonyra. Ez biztos\u00edtja, hogy a beton el\u00e9rje a teljes szil\u00e1rds\u00e1g\u00e1t \u00e9s k\u00e9pes legyen a sz\u00fcks\u00e9ges al\u00e1t\u00e1maszt\u00e1st biztos\u00edtani.<\/li>\n<li><strong>Rendszeres ellen\u0151rz\u00e9s<\/strong>: Rendszeresen ellen\u0151rizze a J-csavarhorgonyokat, hogy nem mutatkoznak-e kop\u00e1s vagy s\u00e9r\u00fcl\u00e9s jelei. Ez k\u00fcl\u00f6n\u00f6sen fontos a nagy ig\u00e9nybev\u00e9telnek kitett k\u00f6rnyezetben, ahol a horgonyok \u00e1lland\u00f3 terhel\u00e9snek \u00e9s rezg\u00e9snek vannak kit\u00e9ve.<\/li>\n<\/ol>\n<h2>K\u00f6vetkeztet\u00e9s<\/h2>\n<p>A J csavarhorgonyok l\u00e9tfontoss\u00e1g\u00fa szerepet j\u00e1tszanak az \u00e9p\u00edt\u0151iparban, mivel megb\u00edzhat\u00f3 m\u00f3don r\u00f6gz\u00edtik a szerkezeti elemeket a betonhoz. Egyedi kialak\u00edt\u00e1suk \u00e9s robusztus szerkezet\u00fck miatt az \u00e9p\u00fcletek alapoz\u00e1s\u00e1t\u00f3l kezdve az ipari g\u00e9p\u00e9szeti berendez\u00e9sekig sokf\u00e9le alkalmaz\u00e1shoz alkalmasak. A projektj\u00e9nek megfelel\u0151 m\u00e9ret \u00e9s anyag kiv\u00e1laszt\u00e1s\u00e1val biztos\u00edthatja, hogy a J-csavaros horgonyok a hossz\u00fa t\u00e1v\u00fa teljes\u00edtm\u00e9nyhez sz\u00fcks\u00e9ges szil\u00e1rds\u00e1got \u00e9s tart\u00f3ss\u00e1got ny\u00fajts\u00e1k. A megfelel\u0151 telep\u00edt\u00e9s \u00e9s karbantart\u00e1s tov\u00e1bb n\u00f6veli e horgonyok hat\u00e9konys\u00e1g\u00e1t, \u00edgy azok b\u00e1rmely \u00e9p\u00edt\u00e9si projekt n\u00e9lk\u00fcl\u00f6zhetetlen alkot\u00f3elem\u00e9v\u00e9 v\u00e1lnak. Ak\u00e1r egy kis lak\u00f3\u00e9p\u00fcletben, ak\u00e1r egy nagy kereskedelmi beruh\u00e1z\u00e1son dolgozik, a J-csavaros horgonyok a sikerhez sz\u00fcks\u00e9ges megb\u00edzhat\u00f3s\u00e1got \u00e9s sokoldal\u00fas\u00e1got ny\u00fajtj\u00e1k.<\/p>","protected":false},"excerpt":{"rendered":"<p>A betonalkalmaz\u00e1sokhoz tervezett J-csavaros horgonyaink k\u00fcl\u00f6nb\u00f6z\u0151 m\u00e9retekben kaphat\u00f3k, t\u00f6bbek k\u00f6z\u00f6tt 3\/4\u2033, 5\/8\u2033, 1\/2\u2033, 3\/8\u2033, 1\/4\u2033, 1\/4-20, 5\/16\u2033, 1\u2033 \u00e9s 8\u2033 m\u00e9retben. Ezek a horgonyok horganyzott \u00e9s rozsdamentes ac\u00e9lb\u00f3l kaphat\u00f3k, \u00e9s kiv\u00e1l\u00f3 szil\u00e1rds\u00e1got \u00e9s tart\u00f3ss\u00e1got biztos\u00edtanak minden \u00e9p\u00edt\u00e9si ig\u00e9nye sz\u00e1m\u00e1ra.<\/p>","protected":false},"featured_media":7509,"comment_status":"open","ping_status":"closed","template":"","meta":{"site-sidebar-layout":"default","site-content-layout":"","ast-site-content-layout":"default","site-content-style":"default","site-sidebar-style":"default","ast-global-header-display":"","ast-banner-title-visibility":"","ast-main-header-display":"","ast-hfb-above-header-display":"","ast-hfb-below-header-display":"","ast-hfb-mobile-header-display":"","site-post-title":"","ast-breadcrumbs-content":"","ast-featured-img":"","footer-sml-layout":"","theme-transparent-header-meta":"default","adv-header-id-meta":"","stick-header-meta":"default","header-above-stick-meta":"","header-main-stick-meta":"","header-below-stick-meta":"","astra-migrate-meta-layouts":"set","ast-page-background-enabled":"default","ast-page-background-meta":{"desktop":{"background-color":"","background-image":"","background-repeat":"repeat","background-position":"center center","background-size":"auto","background-attachment":"scroll","background-type":"","background-media":"","overlay-type":"","overlay-color":"","overlay-opacity":"","overlay-gradient":""},"tablet":{"background-color":"","background-image":"","background-repeat":"repeat","background-position":"center center","background-size":"auto","background-attachment":"scroll","background-type":"","background-media":"","overlay-type":"","overlay-color":"","overlay-opacity":"","overlay-gradient":""},"mobile":{"background-color":"","background-image":"","background-repeat":"repeat","background-position":"center center","background-size":"auto","background-attachment":"scroll","background-type":"","background-media":"","overlay-type":"","overlay-color":"","overlay-opacity":"","overlay-gradient":""}},"ast-content-background-meta":{"desktop":{"background-color":"var(--ast-global-color-5)","background-image":"","background-repeat":"repeat","background-position":"center center","background-size":"auto","background-attachment":"scroll","background-type":"","background-media":"","overlay-type":"","overlay-color":"","overlay-opacity":"","overlay-gradient":""},"tablet":{"background-color":"var(--ast-global-color-5)","background-image":"","background-repeat":"repeat","background-position":"center center","background-size":"auto","background-attachment":"scroll","background-type":"","background-media":"","overlay-type":"","overlay-color":"","overlay-opacity":"","overlay-gradient":""},"mobile":{"background-color":"var(--ast-global-color-5)","background-image":"","background-repeat":"repeat","background-position":"center center","background-size":"auto","background-attachment":"scroll","background-type":"","background-media":"","overlay-type":"","overlay-color":"","overlay-opacity":"","overlay-gradient":""}}},"product_brand":[],"product_cat":[28],"product_tag":[],"class_list":{"0":"post-6994","1":"product","2":"type-product","3":"status-publish","4":"has-post-thumbnail","6":"product_cat-concrete-forming","7":"desktop-align-left","8":"tablet-align-left","9":"mobile-align-left","10":"ast-product-gallery-layout-horizontal-slider","11":"ast-product-tabs-layout-horizontal","13":"first","14":"instock","15":"featured","16":"shipping-taxable","17":"purchasable","18":"product-type-simple"},"yoast_head":"<!-- This site is optimized with the Yoast SEO plugin v25.2 - https:\/\/yoast.com\/wordpress\/plugins\/seo\/ -->\n<title>Foundation Bolt J Bolts for Concrete<\/title>\n<meta name=\"description\" content=\"H&amp;F J bolt anchors, designed for concrete applications, come in various sizes including 3\/4&quot;, 5\/8&quot;, 1\/2&quot;, 3\/8&quot;, 1\/4&quot;, 1\/4-20, 5\/16&quot;, 1&quot;, and 8&quot;.\" \/>\n<meta name=\"robots\" content=\"index, follow, max-snippet:-1, max-image-preview:large, max-video-preview:-1\" \/>\n<link rel=\"canonical\" href=\"https:\/\/qingdaohf.com\/hu\/termek\/j-csavarok\/\" \/>\n<meta property=\"og:locale\" content=\"hu_HU\" \/>\n<meta property=\"og:type\" content=\"article\" \/>\n<meta property=\"og:title\" content=\"Foundation Bolt J Bolts for Concrete\" \/>\n<meta property=\"og:description\" content=\"H&amp;F J bolt anchors, designed for concrete applications, come in various sizes including 3\/4&quot;, 5\/8&quot;, 1\/2&quot;, 3\/8&quot;, 1\/4&quot;, 1\/4-20, 5\/16&quot;, 1&quot;, and 8&quot;.\" \/>\n<meta property=\"og:url\" content=\"https:\/\/qingdaohf.com\/hu\/termek\/j-csavarok\/\" \/>\n<meta property=\"og:site_name\" content=\"Concrete Form &amp; Rigging Hardware Supplier\" \/>\n<meta property=\"article:publisher\" content=\"https:\/\/www.facebook.com\/qingdaohf\" \/>\n<meta property=\"article:modified_time\" content=\"2025-11-13T01:03:37+00:00\" \/>\n<meta property=\"og:image\" content=\"https:\/\/qingdaohf.com\/wp-content\/uploads\/2024\/05\/J-BOLT-for-concrete-1-1.jpg\" \/>\n\t<meta property=\"og:image:width\" content=\"1000\" \/>\n\t<meta property=\"og:image:height\" content=\"1000\" \/>\n\t<meta property=\"og:image:type\" content=\"image\/jpeg\" \/>\n<meta name=\"twitter:card\" content=\"summary_large_image\" \/>\n<meta name=\"twitter:label1\" content=\"Becs\u00fclt olvas\u00e1si id\u0151\" \/>\n\t<meta name=\"twitter:data1\" content=\"5 perc\" \/>\n<script type=\"application\/ld+json\" class=\"yoast-schema-graph\">{\"@context\":\"https:\/\/schema.org\",\"@graph\":[{\"@type\":\"WebPage\",\"@id\":\"https:\/\/qingdaohf.com\/product\/j-bolts\/\",\"url\":\"https:\/\/qingdaohf.com\/product\/j-bolts\/\",\"name\":\"Foundation Bolt J Bolts for Concrete\",\"isPartOf\":{\"@id\":\"https:\/\/qingdaohf.com\/bg\/#website\"},\"primaryImageOfPage\":{\"@id\":\"https:\/\/qingdaohf.com\/product\/j-bolts\/#primaryimage\"},\"image\":{\"@id\":\"https:\/\/qingdaohf.com\/product\/j-bolts\/#primaryimage\"},\"thumbnailUrl\":\"https:\/\/qingdaohf.com\/wp-content\/uploads\/2024\/05\/J-BOLT-for-concrete-1-1.jpg\",\"datePublished\":\"2024-05-08T07:22:02+00:00\",\"dateModified\":\"2025-11-13T01:03:37+00:00\",\"description\":\"H&F J bolt anchors, designed for concrete applications, come in various sizes including 3\/4\\\", 5\/8\\\", 1\/2\\\", 3\/8\\\", 1\/4\\\", 1\/4-20, 5\/16\\\", 1\\\", and 8\\\".\",\"breadcrumb\":{\"@id\":\"https:\/\/qingdaohf.com\/product\/j-bolts\/#breadcrumb\"},\"inLanguage\":\"hu\",\"potentialAction\":[{\"@type\":\"ReadAction\",\"target\":[\"https:\/\/qingdaohf.com\/product\/j-bolts\/\"]}]},{\"@type\":\"ImageObject\",\"inLanguage\":\"hu\",\"@id\":\"https:\/\/qingdaohf.com\/product\/j-bolts\/#primaryimage\",\"url\":\"https:\/\/qingdaohf.com\/wp-content\/uploads\/2024\/05\/J-BOLT-for-concrete-1-1.jpg\",\"contentUrl\":\"https:\/\/qingdaohf.com\/wp-content\/uploads\/2024\/05\/J-BOLT-for-concrete-1-1.jpg\",\"width\":1000,\"height\":1000,\"caption\":\"J-BOLT-for-concrete\"},{\"@type\":\"BreadcrumbList\",\"@id\":\"https:\/\/qingdaohf.com\/product\/j-bolts\/#breadcrumb\",\"itemListElement\":[{\"@type\":\"ListItem\",\"position\":1,\"name\":\"Home\",\"item\":\"https:\/\/qingdaohf.com\/\"},{\"@type\":\"ListItem\",\"position\":2,\"name\":\"Concrete Forming Accessories and Rigging Hardware\",\"item\":\"https:\/\/qingdaohf.com\/bg\/?page_id=944\"},{\"@type\":\"ListItem\",\"position\":3,\"name\":\"Foundation Bolt J Bolts for Concrete\"}]},{\"@type\":\"WebSite\",\"@id\":\"https:\/\/qingdaohf.com\/bg\/#website\",\"url\":\"https:\/\/qingdaohf.com\/bg\/\",\"name\":\"Concrete Form & Rigging Hardware Supplier\",\"description\":\"\",\"publisher\":{\"@id\":\"https:\/\/qingdaohf.com\/bg\/#organization\"},\"potentialAction\":[{\"@type\":\"SearchAction\",\"target\":{\"@type\":\"EntryPoint\",\"urlTemplate\":\"https:\/\/qingdaohf.com\/bg\/?s={search_term_string}\"},\"query-input\":{\"@type\":\"PropertyValueSpecification\",\"valueRequired\":true,\"valueName\":\"search_term_string\"}}],\"inLanguage\":\"hu\"},{\"@type\":\"Organization\",\"@id\":\"https:\/\/qingdaohf.com\/bg\/#organization\",\"name\":\"Qingdao H&F\",\"url\":\"https:\/\/qingdaohf.com\/bg\/\",\"logo\":{\"@type\":\"ImageObject\",\"inLanguage\":\"hu\",\"@id\":\"https:\/\/qingdaohf.com\/bg\/#\/schema\/logo\/image\/\",\"url\":\"https:\/\/qingdaohf.com\/wp-content\/uploads\/2022\/12\/cropped-HF-LOGO.png\",\"contentUrl\":\"https:\/\/qingdaohf.com\/wp-content\/uploads\/2022\/12\/cropped-HF-LOGO.png\",\"width\":391,\"height\":249,\"caption\":\"Qingdao H&F\"},\"image\":{\"@id\":\"https:\/\/qingdaohf.com\/bg\/#\/schema\/logo\/image\/\"},\"sameAs\":[\"https:\/\/www.facebook.com\/qingdaohf\"]}]}<\/script>\n<!-- \/ Yoast SEO plugin. -->","yoast_head_json":{"title":"Foundation Bolt J Bolts for Concrete","description":"H&F J bolt anchors, designed for concrete applications, come in various sizes including 3\/4\", 5\/8\", 1\/2\", 3\/8\", 1\/4\", 1\/4-20, 5\/16\", 1\", and 8\".","robots":{"index":"index","follow":"follow","max-snippet":"max-snippet:-1","max-image-preview":"max-image-preview:large","max-video-preview":"max-video-preview:-1"},"canonical":"https:\/\/qingdaohf.com\/hu\/termek\/j-csavarok\/","og_locale":"hu_HU","og_type":"article","og_title":"Foundation Bolt J Bolts for Concrete","og_description":"H&F J bolt anchors, designed for concrete applications, come in various sizes including 3\/4\", 5\/8\", 1\/2\", 3\/8\", 1\/4\", 1\/4-20, 5\/16\", 1\", and 8\".","og_url":"https:\/\/qingdaohf.com\/hu\/termek\/j-csavarok\/","og_site_name":"Concrete Form &amp; Rigging Hardware Supplier","article_publisher":"https:\/\/www.facebook.com\/qingdaohf","article_modified_time":"2025-11-13T01:03:37+00:00","og_image":[{"width":1000,"height":1000,"url":"https:\/\/qingdaohf.com\/wp-content\/uploads\/2024\/05\/J-BOLT-for-concrete-1-1.jpg","type":"image\/jpeg"}],"twitter_card":"summary_large_image","twitter_misc":{"Becs\u00fclt olvas\u00e1si id\u0151":"5 perc"},"schema":{"@context":"https:\/\/schema.org","@graph":[{"@type":"WebPage","@id":"https:\/\/qingdaohf.com\/product\/j-bolts\/","url":"https:\/\/qingdaohf.com\/product\/j-bolts\/","name":"Foundation Bolt J Bolts for Concrete","isPartOf":{"@id":"https:\/\/qingdaohf.com\/bg\/#website"},"primaryImageOfPage":{"@id":"https:\/\/qingdaohf.com\/product\/j-bolts\/#primaryimage"},"image":{"@id":"https:\/\/qingdaohf.com\/product\/j-bolts\/#primaryimage"},"thumbnailUrl":"https:\/\/qingdaohf.com\/wp-content\/uploads\/2024\/05\/J-BOLT-for-concrete-1-1.jpg","datePublished":"2024-05-08T07:22:02+00:00","dateModified":"2025-11-13T01:03:37+00:00","description":"H&F J bolt anchors, designed for concrete applications, come in various sizes including 3\/4\", 5\/8\", 1\/2\", 3\/8\", 1\/4\", 1\/4-20, 5\/16\", 1\", and 8\".","breadcrumb":{"@id":"https:\/\/qingdaohf.com\/product\/j-bolts\/#breadcrumb"},"inLanguage":"hu","potentialAction":[{"@type":"ReadAction","target":["https:\/\/qingdaohf.com\/product\/j-bolts\/"]}]},{"@type":"ImageObject","inLanguage":"hu","@id":"https:\/\/qingdaohf.com\/product\/j-bolts\/#primaryimage","url":"https:\/\/qingdaohf.com\/wp-content\/uploads\/2024\/05\/J-BOLT-for-concrete-1-1.jpg","contentUrl":"https:\/\/qingdaohf.com\/wp-content\/uploads\/2024\/05\/J-BOLT-for-concrete-1-1.jpg","width":1000,"height":1000,"caption":"J-BOLT-for-concrete"},{"@type":"BreadcrumbList","@id":"https:\/\/qingdaohf.com\/product\/j-bolts\/#breadcrumb","itemListElement":[{"@type":"ListItem","position":1,"name":"Home","item":"https:\/\/qingdaohf.com\/"},{"@type":"ListItem","position":2,"name":"Concrete Forming Accessories and Rigging Hardware","item":"https:\/\/qingdaohf.com\/bg\/?page_id=944"},{"@type":"ListItem","position":3,"name":"Foundation Bolt J Bolts for Concrete"}]},{"@type":"WebSite","@id":"https:\/\/qingdaohf.com\/bg\/#website","url":"https:\/\/qingdaohf.com\/bg\/","name":"Concrete Form & Rigging Hardware Supplier","description":"","publisher":{"@id":"https:\/\/qingdaohf.com\/bg\/#organization"},"potentialAction":[{"@type":"SearchAction","target":{"@type":"EntryPoint","urlTemplate":"https:\/\/qingdaohf.com\/bg\/?s={search_term_string}"},"query-input":{"@type":"PropertyValueSpecification","valueRequired":true,"valueName":"search_term_string"}}],"inLanguage":"hu"},{"@type":"Organization","@id":"https:\/\/qingdaohf.com\/bg\/#organization","name":"Qingdao H&F","url":"https:\/\/qingdaohf.com\/bg\/","logo":{"@type":"ImageObject","inLanguage":"hu","@id":"https:\/\/qingdaohf.com\/bg\/#\/schema\/logo\/image\/","url":"https:\/\/qingdaohf.com\/wp-content\/uploads\/2022\/12\/cropped-HF-LOGO.png","contentUrl":"https:\/\/qingdaohf.com\/wp-content\/uploads\/2022\/12\/cropped-HF-LOGO.png","width":391,"height":249,"caption":"Qingdao H&F"},"image":{"@id":"https:\/\/qingdaohf.com\/bg\/#\/schema\/logo\/image\/"},"sameAs":["https:\/\/www.facebook.com\/qingdaohf"]}]}},"_links":{"self":[{"href":"https:\/\/qingdaohf.com\/hu\/wp-json\/wp\/v2\/product\/6994","targetHints":{"allow":["GET"]}}],"collection":[{"href":"https:\/\/qingdaohf.com\/hu\/wp-json\/wp\/v2\/product"}],"about":[{"href":"https:\/\/qingdaohf.com\/hu\/wp-json\/wp\/v2\/types\/product"}],"replies":[{"embeddable":true,"href":"https:\/\/qingdaohf.com\/hu\/wp-json\/wp\/v2\/comments?post=6994"}],"version-history":[{"count":8,"href":"https:\/\/qingdaohf.com\/hu\/wp-json\/wp\/v2\/product\/6994\/revisions"}],"predecessor-version":[{"id":7639,"href":"https:\/\/qingdaohf.com\/hu\/wp-json\/wp\/v2\/product\/6994\/revisions\/7639"}],"wp:featuredmedia":[{"embeddable":true,"href":"https:\/\/qingdaohf.com\/hu\/wp-json\/wp\/v2\/media\/7509"}],"wp:attachment":[{"href":"https:\/\/qingdaohf.com\/hu\/wp-json\/wp\/v2\/media?parent=6994"}],"wp:term":[{"taxonomy":"product_brand","embeddable":true,"href":"https:\/\/qingdaohf.com\/hu\/wp-json\/wp\/v2\/product_brand?post=6994"},{"taxonomy":"product_cat","embeddable":true,"href":"https:\/\/qingdaohf.com\/hu\/wp-json\/wp\/v2\/product_cat?post=6994"},{"taxonomy":"product_tag","embeddable":true,"href":"https:\/\/qingdaohf.com\/hu\/wp-json\/wp\/v2\/product_tag?post=6994"}],"curies":[{"name":"wp","href":"https:\/\/api.w.org\/{rel}","templated":true}]}}