{"id":7015,"date":"2024-05-09T11:37:00","date_gmt":"2024-05-09T03:37:00","guid":{"rendered":"http:\/\/qingdaohf.com\/?post_type=product&#038;p=7015"},"modified":"2025-11-13T09:03:36","modified_gmt":"2025-11-13T01:03:36","slug":"plastic-foundation-vent-expandable-air-bent","status":"publish","type":"product","link":"https:\/\/qingdaohf.com\/hu\/termek\/muanyag-alapitvany-szellozonyilas-tagithato-levego-hajlitott\/","title":{"rendered":"M\u0171anyag alap\u00edtv\u00e1ny Vent Expandable Air Bent"},"content":{"rendered":"<p>A Plastic Foundation Vent az \u00d6n v\u00e1lasza az eg\u00e9szs\u00e9ges l\u00e9g\u00e1raml\u00e1s el\u0151seg\u00edt\u00e9s\u00e9re \u00e9s a nedvess\u00e9gtartalom kezel\u00e9s\u00e9re a k\u00fasz\u00f3t\u00e9rben vagy a pinc\u00e9ben. Praktikus m\u00e9retekben kaphat\u00f3 6\u2033 \u00e9s 8\u2033 k\u00f6z\u00f6tt, hogy megfeleljen a legt\u00f6bb gyakori alkalmaz\u00e1snak, \u00e9s testreszab\u00e1si lehet\u0151s\u00e9geket is k\u00edn\u00e1l a tov\u00e1bbi sokoldal\u00fas\u00e1g \u00e9rdek\u00e9ben. \u00cdme, mi\u00e9rt ez a legjobb v\u00e1laszt\u00e1s:<\/p>\n<p>T\u00e1vol tartja a nedvess\u00e9get: B\u00facs\u00fat mondhat a pen\u00e9sznek, a pen\u00e9szgomb\u00e1nak \u00e9s az alapoz\u00e1si probl\u00e9m\u00e1knak a nedvess\u00e9g felhalmoz\u00f3d\u00e1s\u00e1nak megakad\u00e1lyoz\u00e1s\u00e1val, f\u00fcggetlen\u00fcl a v\u00e1lasztott szell\u0151z\u0151m\u00e9rett\u0151l.<\/p>\n<p>K\u00f6nnyen telep\u00edthet\u0151: K\u00f6nny\u0171 \u00e9s egyszer\u0171en fel\u00e1ll\u00edthat\u00f3, \u00edgy id\u0151t \u00e9s gondot takar\u00edt meg, f\u00fcggetlen\u00fcl a szell\u0151z\u0151ny\u00edl\u00e1s m\u00e9ret\u00e9t\u0151l.<\/p>\n<p>Tart\u00f3san k\u00e9sz\u00fclt: Id\u0151j\u00e1r\u00e1s\u00e1ll\u00f3 m\u0171anyagb\u00f3l k\u00e9sz\u00fclt, \u00e9s \u00fagy tervezt\u00e9k, hogy ellen\u00e1lljon az id\u0151j\u00e1r\u00e1s viszontags\u00e1gainak, \u00edgy minden szell\u0151z\u0151m\u00e9retn\u00e9l hossz\u00fa t\u00e1von m\u0171k\u00f6dik.<\/p>\n<p>Fokozott l\u00e9g\u00e1raml\u00e1s: El\u0151seg\u00edti a megfelel\u0151 szell\u0151z\u00e9st, eg\u00e9szs\u00e9gesebb belt\u00e9ri k\u00f6rnyezetet teremtve. V\u00e1lassza ki az \u00d6n egyedi l\u00e9g\u00e1raml\u00e1si ig\u00e9nyeinek legink\u00e1bb megfelel\u0151 m\u00e9retet.<\/p>\n<p>Friss\u00edtse fel pinc\u00e9j\u00e9t a m\u0171anyag alapzatszell\u0151z\u0151vel az optim\u00e1lis l\u00e9g\u00e1raml\u00e1s \u00e9s nedvess\u00e9gszab\u00e1lyoz\u00e1s \u00e9rdek\u00e9ben.<\/p>","protected":false},"excerpt":{"rendered":"<p>A Plastic Foundation Vent a legjobb megold\u00e1s az eg\u00e9szs\u00e9ges l\u00e9g\u00e1raml\u00e1s \u00e9s a nedvess\u00e9gszab\u00e1lyoz\u00e1s \u00e9rdek\u00e9ben a k\u00fasz\u00f3t\u00e9rben vagy a pinc\u00e9ben. T\u00f6bbf\u00e9le m\u00e9retben kaphat\u00f3, hogy megfeleljen az \u00d6n egyedi ig\u00e9nyeinek, \u00e9s a m\u00e9g nagyobb rugalmass\u00e1g \u00e9rdek\u00e9ben testreszab\u00e1si lehet\u0151s\u00e9gek is rendelkez\u00e9sre \u00e1llnak.<\/p>","protected":false},"featured_media":7016,"comment_status":"open","ping_status":"closed","template":"","meta":{"site-sidebar-layout":"default","site-content-layout":"","ast-site-content-layout":"default","site-content-style":"default","site-sidebar-style":"default","ast-global-header-display":"","ast-banner-title-visibility":"","ast-main-header-display":"","ast-hfb-above-header-display":"","ast-hfb-below-header-display":"","ast-hfb-mobile-header-display":"","site-post-title":"","ast-breadcrumbs-content":"","ast-featured-img":"","footer-sml-layout":"","theme-transparent-header-meta":"default","adv-header-id-meta":"","stick-header-meta":"default","header-above-stick-meta":"","header-main-stick-meta":"","header-below-stick-meta":"","astra-migrate-meta-layouts":"set","ast-page-background-enabled":"default","ast-page-background-meta":{"desktop":{"background-color":"","background-image":"","background-repeat":"repeat","background-position":"center center","background-size":"auto","background-attachment":"scroll","background-type":"","background-media":"","overlay-type":"","overlay-color":"","overlay-opacity":"","overlay-gradient":""},"tablet":{"background-color":"","background-image":"","background-repeat":"repeat","background-position":"center center","background-size":"auto","background-attachment":"scroll","background-type":"","background-media":"","overlay-type":"","overlay-color":"","overlay-opacity":"","overlay-gradient":""},"mobile":{"background-color":"","background-image":"","background-repeat":"repeat","background-position":"center center","background-size":"auto","background-attachment":"scroll","background-type":"","background-media":"","overlay-type":"","overlay-color":"","overlay-opacity":"","overlay-gradient":""}},"ast-content-background-meta":{"desktop":{"background-color":"var(--ast-global-color-5)","background-image":"","background-repeat":"repeat","background-position":"center center","background-size":"auto","background-attachment":"scroll","background-type":"","background-media":"","overlay-type":"","overlay-color":"","overlay-opacity":"","overlay-gradient":""},"tablet":{"background-color":"var(--ast-global-color-5)","background-image":"","background-repeat":"repeat","background-position":"center center","background-size":"auto","background-attachment":"scroll","background-type":"","background-media":"","overlay-type":"","overlay-color":"","overlay-opacity":"","overlay-gradient":""},"mobile":{"background-color":"var(--ast-global-color-5)","background-image":"","background-repeat":"repeat","background-position":"center center","background-size":"auto","background-attachment":"scroll","background-type":"","background-media":"","overlay-type":"","overlay-color":"","overlay-opacity":"","overlay-gradient":""}}},"product_brand":[],"product_cat":[50],"product_tag":[],"class_list":{"0":"post-7015","1":"product","2":"type-product","3":"status-publish","4":"has-post-thumbnail","6":"product_cat-concrete-form-accessories","7":"desktop-align-left","8":"tablet-align-left","9":"mobile-align-left","10":"ast-product-gallery-layout-horizontal-slider","11":"ast-product-tabs-layout-horizontal","13":"first","14":"instock","15":"shipping-taxable","16":"purchasable","17":"product-type-simple"},"yoast_head":"<!-- This site is optimized with the Yoast SEO plugin v25.2 - https:\/\/yoast.com\/wordpress\/plugins\/seo\/ -->\n<title>Plastic Foundation Vent Expandable Air Bent<\/title>\n<meta name=\"description\" content=\"The Plastic Foundation Vent is your go-to solution for healthy airflow and moisture control in your crawlspace or basement.\" \/>\n<meta name=\"robots\" content=\"index, follow, max-snippet:-1, max-image-preview:large, max-video-preview:-1\" \/>\n<link rel=\"canonical\" href=\"https:\/\/qingdaohf.com\/hu\/termek\/muanyag-alapitvany-szellozonyilas-tagithato-levego-hajlitott\/\" \/>\n<meta property=\"og:locale\" content=\"hu_HU\" \/>\n<meta property=\"og:type\" content=\"article\" \/>\n<meta property=\"og:title\" content=\"Plastic Foundation Vent Expandable Air Bent\" \/>\n<meta property=\"og:description\" content=\"The Plastic Foundation Vent is your go-to solution for healthy airflow and moisture control in your crawlspace or basement.\" \/>\n<meta property=\"og:url\" content=\"https:\/\/qingdaohf.com\/hu\/termek\/muanyag-alapitvany-szellozonyilas-tagithato-levego-hajlitott\/\" \/>\n<meta property=\"og:site_name\" content=\"Concrete Form &amp; Rigging Hardware Supplier\" \/>\n<meta property=\"article:publisher\" content=\"https:\/\/www.facebook.com\/qingdaohf\" \/>\n<meta property=\"article:modified_time\" content=\"2025-11-13T01:03:36+00:00\" \/>\n<meta property=\"og:image\" content=\"https:\/\/qingdaohf.com\/wp-content\/uploads\/2024\/05\/plastic-vent-1.jpg\" \/>\n\t<meta property=\"og:image:width\" content=\"1000\" \/>\n\t<meta property=\"og:image:height\" content=\"1000\" \/>\n\t<meta property=\"og:image:type\" content=\"image\/jpeg\" \/>\n<meta name=\"twitter:card\" content=\"summary_large_image\" \/>\n<meta name=\"twitter:label1\" content=\"Becs\u00fclt olvas\u00e1si id\u0151\" \/>\n\t<meta name=\"twitter:data1\" content=\"1 perc\" \/>\n<script type=\"application\/ld+json\" class=\"yoast-schema-graph\">{\"@context\":\"https:\/\/schema.org\",\"@graph\":[{\"@type\":\"WebPage\",\"@id\":\"https:\/\/qingdaohf.com\/product\/plastic-foundation-vent-expandable-air-bent\/\",\"url\":\"https:\/\/qingdaohf.com\/product\/plastic-foundation-vent-expandable-air-bent\/\",\"name\":\"Plastic Foundation Vent Expandable Air Bent\",\"isPartOf\":{\"@id\":\"https:\/\/qingdaohf.com\/bg\/#website\"},\"primaryImageOfPage\":{\"@id\":\"https:\/\/qingdaohf.com\/product\/plastic-foundation-vent-expandable-air-bent\/#primaryimage\"},\"image\":{\"@id\":\"https:\/\/qingdaohf.com\/product\/plastic-foundation-vent-expandable-air-bent\/#primaryimage\"},\"thumbnailUrl\":\"https:\/\/qingdaohf.com\/wp-content\/uploads\/2024\/05\/plastic-vent-1.jpg\",\"datePublished\":\"2024-05-09T03:37:00+00:00\",\"dateModified\":\"2025-11-13T01:03:36+00:00\",\"description\":\"The Plastic Foundation Vent is your go-to solution for healthy airflow and moisture control in your crawlspace or basement.\",\"breadcrumb\":{\"@id\":\"https:\/\/qingdaohf.com\/product\/plastic-foundation-vent-expandable-air-bent\/#breadcrumb\"},\"inLanguage\":\"hu\",\"potentialAction\":[{\"@type\":\"ReadAction\",\"target\":[\"https:\/\/qingdaohf.com\/product\/plastic-foundation-vent-expandable-air-bent\/\"]}]},{\"@type\":\"ImageObject\",\"inLanguage\":\"hu\",\"@id\":\"https:\/\/qingdaohf.com\/product\/plastic-foundation-vent-expandable-air-bent\/#primaryimage\",\"url\":\"https:\/\/qingdaohf.com\/wp-content\/uploads\/2024\/05\/plastic-vent-1.jpg\",\"contentUrl\":\"https:\/\/qingdaohf.com\/wp-content\/uploads\/2024\/05\/plastic-vent-1.jpg\",\"width\":1000,\"height\":1000,\"caption\":\"plastic vent\"},{\"@type\":\"BreadcrumbList\",\"@id\":\"https:\/\/qingdaohf.com\/product\/plastic-foundation-vent-expandable-air-bent\/#breadcrumb\",\"itemListElement\":[{\"@type\":\"ListItem\",\"position\":1,\"name\":\"Home\",\"item\":\"https:\/\/qingdaohf.com\/\"},{\"@type\":\"ListItem\",\"position\":2,\"name\":\"Concrete Forming Accessories and Rigging Hardware\",\"item\":\"https:\/\/qingdaohf.com\/bg\/?page_id=944\"},{\"@type\":\"ListItem\",\"position\":3,\"name\":\"Plastic Foundation Vent Expandable Air Bent\"}]},{\"@type\":\"WebSite\",\"@id\":\"https:\/\/qingdaohf.com\/bg\/#website\",\"url\":\"https:\/\/qingdaohf.com\/bg\/\",\"name\":\"Concrete Form & Rigging Hardware Supplier\",\"description\":\"\",\"publisher\":{\"@id\":\"https:\/\/qingdaohf.com\/bg\/#organization\"},\"potentialAction\":[{\"@type\":\"SearchAction\",\"target\":{\"@type\":\"EntryPoint\",\"urlTemplate\":\"https:\/\/qingdaohf.com\/bg\/?s={search_term_string}\"},\"query-input\":{\"@type\":\"PropertyValueSpecification\",\"valueRequired\":true,\"valueName\":\"search_term_string\"}}],\"inLanguage\":\"hu\"},{\"@type\":\"Organization\",\"@id\":\"https:\/\/qingdaohf.com\/bg\/#organization\",\"name\":\"Qingdao H&F\",\"url\":\"https:\/\/qingdaohf.com\/bg\/\",\"logo\":{\"@type\":\"ImageObject\",\"inLanguage\":\"hu\",\"@id\":\"https:\/\/qingdaohf.com\/bg\/#\/schema\/logo\/image\/\",\"url\":\"https:\/\/qingdaohf.com\/wp-content\/uploads\/2022\/12\/cropped-HF-LOGO.png\",\"contentUrl\":\"https:\/\/qingdaohf.com\/wp-content\/uploads\/2022\/12\/cropped-HF-LOGO.png\",\"width\":391,\"height\":249,\"caption\":\"Qingdao H&F\"},\"image\":{\"@id\":\"https:\/\/qingdaohf.com\/bg\/#\/schema\/logo\/image\/\"},\"sameAs\":[\"https:\/\/www.facebook.com\/qingdaohf\"]}]}<\/script>\n<!-- \/ Yoast SEO plugin. -->","yoast_head_json":{"title":"Plastic Foundation Vent Expandable Air Bent","description":"The Plastic Foundation Vent is your go-to solution for healthy airflow and moisture control in your crawlspace or basement.","robots":{"index":"index","follow":"follow","max-snippet":"max-snippet:-1","max-image-preview":"max-image-preview:large","max-video-preview":"max-video-preview:-1"},"canonical":"https:\/\/qingdaohf.com\/hu\/termek\/muanyag-alapitvany-szellozonyilas-tagithato-levego-hajlitott\/","og_locale":"hu_HU","og_type":"article","og_title":"Plastic Foundation Vent Expandable Air Bent","og_description":"The Plastic Foundation Vent is your go-to solution for healthy airflow and moisture control in your crawlspace or basement.","og_url":"https:\/\/qingdaohf.com\/hu\/termek\/muanyag-alapitvany-szellozonyilas-tagithato-levego-hajlitott\/","og_site_name":"Concrete Form &amp; Rigging Hardware Supplier","article_publisher":"https:\/\/www.facebook.com\/qingdaohf","article_modified_time":"2025-11-13T01:03:36+00:00","og_image":[{"width":1000,"height":1000,"url":"https:\/\/qingdaohf.com\/wp-content\/uploads\/2024\/05\/plastic-vent-1.jpg","type":"image\/jpeg"}],"twitter_card":"summary_large_image","twitter_misc":{"Becs\u00fclt olvas\u00e1si id\u0151":"1 perc"},"schema":{"@context":"https:\/\/schema.org","@graph":[{"@type":"WebPage","@id":"https:\/\/qingdaohf.com\/product\/plastic-foundation-vent-expandable-air-bent\/","url":"https:\/\/qingdaohf.com\/product\/plastic-foundation-vent-expandable-air-bent\/","name":"Plastic Foundation Vent Expandable Air Bent","isPartOf":{"@id":"https:\/\/qingdaohf.com\/bg\/#website"},"primaryImageOfPage":{"@id":"https:\/\/qingdaohf.com\/product\/plastic-foundation-vent-expandable-air-bent\/#primaryimage"},"image":{"@id":"https:\/\/qingdaohf.com\/product\/plastic-foundation-vent-expandable-air-bent\/#primaryimage"},"thumbnailUrl":"https:\/\/qingdaohf.com\/wp-content\/uploads\/2024\/05\/plastic-vent-1.jpg","datePublished":"2024-05-09T03:37:00+00:00","dateModified":"2025-11-13T01:03:36+00:00","description":"The Plastic Foundation Vent is your go-to solution for healthy airflow and moisture control in your crawlspace or basement.","breadcrumb":{"@id":"https:\/\/qingdaohf.com\/product\/plastic-foundation-vent-expandable-air-bent\/#breadcrumb"},"inLanguage":"hu","potentialAction":[{"@type":"ReadAction","target":["https:\/\/qingdaohf.com\/product\/plastic-foundation-vent-expandable-air-bent\/"]}]},{"@type":"ImageObject","inLanguage":"hu","@id":"https:\/\/qingdaohf.com\/product\/plastic-foundation-vent-expandable-air-bent\/#primaryimage","url":"https:\/\/qingdaohf.com\/wp-content\/uploads\/2024\/05\/plastic-vent-1.jpg","contentUrl":"https:\/\/qingdaohf.com\/wp-content\/uploads\/2024\/05\/plastic-vent-1.jpg","width":1000,"height":1000,"caption":"plastic vent"},{"@type":"BreadcrumbList","@id":"https:\/\/qingdaohf.com\/product\/plastic-foundation-vent-expandable-air-bent\/#breadcrumb","itemListElement":[{"@type":"ListItem","position":1,"name":"Home","item":"https:\/\/qingdaohf.com\/"},{"@type":"ListItem","position":2,"name":"Concrete Forming Accessories and Rigging Hardware","item":"https:\/\/qingdaohf.com\/bg\/?page_id=944"},{"@type":"ListItem","position":3,"name":"Plastic Foundation Vent Expandable Air Bent"}]},{"@type":"WebSite","@id":"https:\/\/qingdaohf.com\/bg\/#website","url":"https:\/\/qingdaohf.com\/bg\/","name":"Concrete Form & Rigging Hardware Supplier","description":"","publisher":{"@id":"https:\/\/qingdaohf.com\/bg\/#organization"},"potentialAction":[{"@type":"SearchAction","target":{"@type":"EntryPoint","urlTemplate":"https:\/\/qingdaohf.com\/bg\/?s={search_term_string}"},"query-input":{"@type":"PropertyValueSpecification","valueRequired":true,"valueName":"search_term_string"}}],"inLanguage":"hu"},{"@type":"Organization","@id":"https:\/\/qingdaohf.com\/bg\/#organization","name":"Qingdao H&F","url":"https:\/\/qingdaohf.com\/bg\/","logo":{"@type":"ImageObject","inLanguage":"hu","@id":"https:\/\/qingdaohf.com\/bg\/#\/schema\/logo\/image\/","url":"https:\/\/qingdaohf.com\/wp-content\/uploads\/2022\/12\/cropped-HF-LOGO.png","contentUrl":"https:\/\/qingdaohf.com\/wp-content\/uploads\/2022\/12\/cropped-HF-LOGO.png","width":391,"height":249,"caption":"Qingdao H&F"},"image":{"@id":"https:\/\/qingdaohf.com\/bg\/#\/schema\/logo\/image\/"},"sameAs":["https:\/\/www.facebook.com\/qingdaohf"]}]}},"_links":{"self":[{"href":"https:\/\/qingdaohf.com\/hu\/wp-json\/wp\/v2\/product\/7015","targetHints":{"allow":["GET"]}}],"collection":[{"href":"https:\/\/qingdaohf.com\/hu\/wp-json\/wp\/v2\/product"}],"about":[{"href":"https:\/\/qingdaohf.com\/hu\/wp-json\/wp\/v2\/types\/product"}],"replies":[{"embeddable":true,"href":"https:\/\/qingdaohf.com\/hu\/wp-json\/wp\/v2\/comments?post=7015"}],"version-history":[{"count":1,"href":"https:\/\/qingdaohf.com\/hu\/wp-json\/wp\/v2\/product\/7015\/revisions"}],"predecessor-version":[{"id":7022,"href":"https:\/\/qingdaohf.com\/hu\/wp-json\/wp\/v2\/product\/7015\/revisions\/7022"}],"wp:featuredmedia":[{"embeddable":true,"href":"https:\/\/qingdaohf.com\/hu\/wp-json\/wp\/v2\/media\/7016"}],"wp:attachment":[{"href":"https:\/\/qingdaohf.com\/hu\/wp-json\/wp\/v2\/media?parent=7015"}],"wp:term":[{"taxonomy":"product_brand","embeddable":true,"href":"https:\/\/qingdaohf.com\/hu\/wp-json\/wp\/v2\/product_brand?post=7015"},{"taxonomy":"product_cat","embeddable":true,"href":"https:\/\/qingdaohf.com\/hu\/wp-json\/wp\/v2\/product_cat?post=7015"},{"taxonomy":"product_tag","embeddable":true,"href":"https:\/\/qingdaohf.com\/hu\/wp-json\/wp\/v2\/product_tag?post=7015"}],"curies":[{"name":"wp","href":"https:\/\/api.w.org\/{rel}","templated":true}]}}