{"id":7198,"date":"2024-05-21T14:50:13","date_gmt":"2024-05-21T06:50:13","guid":{"rendered":"http:\/\/qingdaohf.com\/?post_type=product&#038;p=7198"},"modified":"2025-11-13T09:03:16","modified_gmt":"2025-11-13T01:03:16","slug":"double-waler-bracket","status":"publish","type":"product","link":"https:\/\/qingdaohf.com\/hu\/termek\/dupla-waler-konzol\/","title":{"rendered":"Dupla Waler konzol"},"content":{"rendered":"<p>Bemutatjuk a H&amp;F Double Waler Bracket-et, a nagy szil\u00e1rds\u00e1g\u00fa \u00e9s megb\u00edzhat\u00f3 betonzsaluzat megold\u00e1s\u00e1t. A kiv\u00e9teles al\u00e1t\u00e1maszt\u00e1s \u00e9s stabilit\u00e1s biztos\u00edt\u00e1s\u00e1ra tervezett Double Waler Bracket n\u00e9lk\u00fcl\u00f6zhetetlen eleme minden olyan \u00e9p\u00edt\u00e9si projektnek, amely vasbeton szerkezeteket ig\u00e9nyel. A pr\u00e9mium min\u0151s\u00e9g\u0171 anyagok felhaszn\u00e1l\u00e1s\u00e1val gy\u00e1rtott konzol tart\u00f3ss\u00e1got \u00e9s hossz\u00fa t\u00e1v\u00fa teljes\u00edtm\u00e9nyt biztos\u00edt, \u00edgy \u00e9rt\u00e9kes kieg\u00e9sz\u00edt\u0151je az \u00d6n \u00e9p\u00edt\u0151ipari eszk\u00f6zt\u00e1r\u00e1nak.<\/p>\n<p>A Double Waler Bracket szak\u00e9rt\u0151 m\u00f3don \u00fagy tervezt\u00e9k, hogy z\u00f6kken\u0151mentesen m\u0171k\u00f6dj\u00f6n egy\u00fctt a snap k\u00f6t\u00e9sekkel, \u00e9s robusztus \u00e9s biztons\u00e1gos kapcsolatot biztos\u00edtson, amely n\u00f6veli a zsalurendszer \u00e1ltal\u00e1nos stabilit\u00e1s\u00e1t. Ak\u00e1r kereskedelmi, lakoss\u00e1gi, ak\u00e1r ipari \u00e9p\u00edt\u00e9si projekteken dolgozik, konzolunkat \u00fagy tervezt\u00fck, hogy megfeleljen a legmagasabb biztons\u00e1gi \u00e9s hat\u00e9konys\u00e1gi el\u0151\u00edr\u00e1soknak.<\/p>\n<p><strong>Kulcsfontoss\u00e1g\u00fa jellemz\u0151k:<\/strong><\/p>\n<ul>\n<li><strong>Nagy szil\u00e1rds\u00e1g\u00fa anyag:<\/strong> Kiv\u00e1l\u00f3 min\u0151s\u00e9g\u0171 ac\u00e9lb\u00f3l k\u00e9sz\u00fclt a maxim\u00e1lis tart\u00f3ss\u00e1g \u00e9s teherb\u00edr\u00e1s \u00e9rdek\u00e9ben.<\/li>\n<li><strong>Korr\u00f3zi\u00f3\u00e1ll\u00f3 bevonat:<\/strong> V\u00e9d\u0151bevonattal rendelkezik, hogy ellen\u00e1lljon a zord k\u00f6rnyezeti k\u00f6r\u00fclm\u00e9nyeknek.<\/li>\n<li><strong>Egyszer\u0171 telep\u00edt\u00e9s:<\/strong> A felhaszn\u00e1l\u00f3bar\u00e1t kialak\u00edt\u00e1s lehet\u0151v\u00e9 teszi a gyors \u00e9s probl\u00e9mamentes be\u00e1ll\u00edt\u00e1st, \u00edgy id\u0151t \u00e9s munkaer\u0151k\u00f6lts\u00e9get takar\u00edt meg.<\/li>\n<li><strong>Sokoldal\u00fa alkalmaz\u00e1s:<\/strong> Alkalmas a betonzsaluzatok sz\u00e9les sk\u00e1l\u00e1j\u00e1hoz, bele\u00e9rtve a falakat, alapokat \u00e9s oszlopokat.<\/li>\n<li><strong>Fokozott stabilit\u00e1s:<\/strong> Kiv\u00e1l\u00f3 al\u00e1t\u00e1maszt\u00e1st biztos\u00edt, ha a snap-k\u00f6t\u00e9sekkel egy\u00fctt haszn\u00e1lj\u00e1k, biztos\u00edtva, hogy a zsaluzat biztons\u00e1gosan a hely\u00e9n maradjon.<\/li>\n<\/ul>\n<h3>A term\u00e9kr\u0151l \u00e9s az alkalmaz\u00e1sokr\u00f3l<\/h3>\n<p><strong>Mi az a Double Waler Bracket?<\/strong> A dupla faltart\u00f3 konzol a betonzsalurendszer egyik legfontosabb eleme. A zsaluzat meger\u0151s\u00edt\u00e9s\u00e9re \u00e9s stabiliz\u00e1l\u00e1s\u00e1ra szolg\u00e1l, biztos\u00edtva, hogy az ellen\u00e1lljon a nedves beton \u00e1ltal kifejtett nyom\u00e1snak. Ezt a konzolt \u00fagy tervezt\u00e9k, hogy k\u00e9t bord\u00e1t (v\u00edzszintes t\u00e1maszt\u00e9kot) tartson a hely\u00e9n, tov\u00e1bbi szil\u00e1rds\u00e1got \u00e9s merevs\u00e9get biztos\u00edtva a zsaluz\u00f3szerkezetnek.<\/p>\n<p><strong>Alkalmaz\u00e1sok:<\/strong><\/p>\n<ul>\n<li><strong>Falazsaluzat:<\/strong> Ide\u00e1lis er\u0151s \u00e9s stabil falform\u00e1k k\u00e9sz\u00edt\u00e9s\u00e9hez.<\/li>\n<li><strong>Alap\u00edtv\u00e1nyi zsaluzat:<\/strong> Biztos\u00edtja az alapszerkezetek integrit\u00e1s\u00e1t \u00e9s tart\u00f3ss\u00e1g\u00e1t.<\/li>\n<li><strong>Oszlopzsaluzat:<\/strong> Megb\u00edzhat\u00f3 al\u00e1t\u00e1maszt\u00e1st biztos\u00edt az oszlopzsalurendszerek sz\u00e1m\u00e1ra.<\/li>\n<\/ul>\n<p><strong>Dupla Waler konzol haszn\u00e1lata Snap Ties:<\/strong> A zsalup\u00e1ntok elengedhetetlenek a zsalupanelek k\u00f6z\u00f6tti t\u00e1vols\u00e1g megtart\u00e1s\u00e1hoz \u00e9s annak megakad\u00e1lyoz\u00e1s\u00e1hoz, hogy a beton nyom\u00e1sa alatt kidudorodjanak. A kett\u0151s tart\u00f3val egy\u00fctt haszn\u00e1lva a snap-k\u00f6tegel\u0151k biztons\u00e1gos \u00e9s stabil zsalurendszert biztos\u00edtanak. A snap-k\u00f6tegel\u0151ket a zsaluzaton kereszt\u00fcl helyezik be \u00e9s a kett\u0151s tart\u00f3val r\u00f6gz\u00edtik, ami seg\u00edt elosztani a terhel\u00e9st, \u00e9s a betonoz\u00e1s sor\u00e1n a zsalupaneleket egy vonalban \u00e9s stabilan tartja.<\/p>\n<h3>Mi\u00e9rt v\u00e1lassza a H&amp;F-et?<\/h3>\n<p>A H&amp;F-n\u00e9l elk\u00f6telezettek vagyunk amellett, hogy olyan kiv\u00e1l\u00f3 min\u0151s\u00e9g\u0171 \u00e9p\u00edt\u0151ipari term\u00e9keket biztos\u00edtsunk, amelyek megfelelnek \u00fcgyfeleink ig\u00e9nyeinek. A Double Waler konzolunkat a legmagasabb szabv\u00e1nyok szerint gy\u00e1rtjuk, biztos\u00edtva a megb\u00edzhat\u00f3s\u00e1got \u00e9s a teljes\u00edtm\u00e9nyt minden munkater\u00fcleten. Versenyk\u00e9pes \u00e1rakat, kiv\u00e9teles \u00fcgyf\u00e9lszolg\u00e1latot \u00e9s gyors sz\u00e1ll\u00edt\u00e1si hat\u00e1rid\u0151ket k\u00edn\u00e1lunk, hogy betartsuk a projekt hat\u00e1rid\u0151it.<\/p>","protected":false},"excerpt":{"rendered":"<p>Jav\u00edtsa ki betonzsaluzat\u00e1t a Double Waler Bracket seg\u00edts\u00e9g\u00e9vel. A nagy szil\u00e1rds\u00e1gra \u00e9s egyszer\u0171 telep\u00edt\u00e9sre tervezett konzol biztons\u00e1gos \u00e9s stabil t\u00e1maszt\u00e1st biztos\u00edt \u00e9p\u00edt\u00e9si projektjeihez. T\u00f6k\u00e9letes a snap-k\u00f6t\u00e9sekkel val\u00f3 haszn\u00e1lathoz, kiv\u00e1l\u00f3 tart\u00f3ss\u00e1got \u00e9s teljes\u00edtm\u00e9nyt k\u00edn\u00e1l.<\/p>","protected":false},"featured_media":7227,"comment_status":"open","ping_status":"closed","template":"","meta":{"site-sidebar-layout":"default","site-content-layout":"","ast-site-content-layout":"default","site-content-style":"default","site-sidebar-style":"default","ast-global-header-display":"","ast-banner-title-visibility":"","ast-main-header-display":"","ast-hfb-above-header-display":"","ast-hfb-below-header-display":"","ast-hfb-mobile-header-display":"","site-post-title":"","ast-breadcrumbs-content":"","ast-featured-img":"","footer-sml-layout":"","theme-transparent-header-meta":"default","adv-header-id-meta":"","stick-header-meta":"default","header-above-stick-meta":"","header-main-stick-meta":"","header-below-stick-meta":"","astra-migrate-meta-layouts":"set","ast-page-background-enabled":"default","ast-page-background-meta":{"desktop":{"background-color":"","background-image":"","background-repeat":"repeat","background-position":"center center","background-size":"auto","background-attachment":"scroll","background-type":"","background-media":"","overlay-type":"","overlay-color":"","overlay-opacity":"","overlay-gradient":""},"tablet":{"background-color":"","background-image":"","background-repeat":"repeat","background-position":"center center","background-size":"auto","background-attachment":"scroll","background-type":"","background-media":"","overlay-type":"","overlay-color":"","overlay-opacity":"","overlay-gradient":""},"mobile":{"background-color":"","background-image":"","background-repeat":"repeat","background-position":"center center","background-size":"auto","background-attachment":"scroll","background-type":"","background-media":"","overlay-type":"","overlay-color":"","overlay-opacity":"","overlay-gradient":""}},"ast-content-background-meta":{"desktop":{"background-color":"var(--ast-global-color-5)","background-image":"","background-repeat":"repeat","background-position":"center center","background-size":"auto","background-attachment":"scroll","background-type":"","background-media":"","overlay-type":"","overlay-color":"","overlay-opacity":"","overlay-gradient":""},"tablet":{"background-color":"var(--ast-global-color-5)","background-image":"","background-repeat":"repeat","background-position":"center center","background-size":"auto","background-attachment":"scroll","background-type":"","background-media":"","overlay-type":"","overlay-color":"","overlay-opacity":"","overlay-gradient":""},"mobile":{"background-color":"var(--ast-global-color-5)","background-image":"","background-repeat":"repeat","background-position":"center center","background-size":"auto","background-attachment":"scroll","background-type":"","background-media":"","overlay-type":"","overlay-color":"","overlay-opacity":"","overlay-gradient":""}}},"product_brand":[],"product_cat":[28],"product_tag":[],"class_list":{"0":"post-7198","1":"product","2":"type-product","3":"status-publish","4":"has-post-thumbnail","6":"product_cat-concrete-forming","7":"desktop-align-left","8":"tablet-align-left","9":"mobile-align-left","10":"ast-product-gallery-layout-horizontal-slider","11":"ast-product-tabs-layout-horizontal","13":"first","14":"instock","15":"shipping-taxable","16":"purchasable","17":"product-type-simple"},"yoast_head":"<!-- This site is optimized with the Yoast SEO plugin v25.2 - https:\/\/yoast.com\/wordpress\/plugins\/seo\/ -->\n<title>Double Waler Bracket<\/title>\n<meta name=\"description\" content=\"Enhance your concrete formwork with Double Waler Bracket. Designed for high strength and easy installation, this bracket ensures secure and stable support for your construction projects.\" \/>\n<meta name=\"robots\" content=\"index, follow, max-snippet:-1, max-image-preview:large, max-video-preview:-1\" \/>\n<link rel=\"canonical\" href=\"https:\/\/qingdaohf.com\/hu\/termek\/dupla-waler-konzol\/\" \/>\n<meta property=\"og:locale\" content=\"hu_HU\" \/>\n<meta property=\"og:type\" content=\"article\" \/>\n<meta property=\"og:title\" content=\"Double Waler Bracket\" \/>\n<meta property=\"og:description\" content=\"Enhance your concrete formwork with Double Waler Bracket. Designed for high strength and easy installation, this bracket ensures secure and stable support for your construction projects.\" \/>\n<meta property=\"og:url\" content=\"https:\/\/qingdaohf.com\/hu\/termek\/dupla-waler-konzol\/\" \/>\n<meta property=\"og:site_name\" content=\"Concrete Form &amp; Rigging Hardware Supplier\" \/>\n<meta property=\"article:publisher\" content=\"https:\/\/www.facebook.com\/qingdaohf\" \/>\n<meta property=\"article:modified_time\" content=\"2025-11-13T01:03:16+00:00\" \/>\n<meta property=\"og:image\" content=\"https:\/\/qingdaohf.com\/wp-content\/uploads\/2024\/05\/Double-Waler-Bracket.jpe\" \/>\n\t<meta property=\"og:image:width\" content=\"800\" \/>\n\t<meta property=\"og:image:height\" content=\"800\" \/>\n\t<meta property=\"og:image:type\" content=\"image\/jpeg\" \/>\n<meta name=\"twitter:card\" content=\"summary_large_image\" \/>\n<meta name=\"twitter:label1\" content=\"Becs\u00fclt olvas\u00e1si id\u0151\" \/>\n\t<meta name=\"twitter:data1\" content=\"3 perc\" \/>\n<script type=\"application\/ld+json\" class=\"yoast-schema-graph\">{\"@context\":\"https:\/\/schema.org\",\"@graph\":[{\"@type\":\"WebPage\",\"@id\":\"https:\/\/qingdaohf.com\/product\/double-waler-bracket\/\",\"url\":\"https:\/\/qingdaohf.com\/product\/double-waler-bracket\/\",\"name\":\"Double Waler Bracket\",\"isPartOf\":{\"@id\":\"https:\/\/qingdaohf.com\/bg\/#website\"},\"primaryImageOfPage\":{\"@id\":\"https:\/\/qingdaohf.com\/product\/double-waler-bracket\/#primaryimage\"},\"image\":{\"@id\":\"https:\/\/qingdaohf.com\/product\/double-waler-bracket\/#primaryimage\"},\"thumbnailUrl\":\"https:\/\/qingdaohf.com\/wp-content\/uploads\/2024\/05\/Double-Waler-Bracket.jpe\",\"datePublished\":\"2024-05-21T06:50:13+00:00\",\"dateModified\":\"2025-11-13T01:03:16+00:00\",\"description\":\"Enhance your concrete formwork with Double Waler Bracket. Designed for high strength and easy installation, this bracket ensures secure and stable support for your construction projects.\",\"breadcrumb\":{\"@id\":\"https:\/\/qingdaohf.com\/product\/double-waler-bracket\/#breadcrumb\"},\"inLanguage\":\"hu\",\"potentialAction\":[{\"@type\":\"ReadAction\",\"target\":[\"https:\/\/qingdaohf.com\/product\/double-waler-bracket\/\"]}]},{\"@type\":\"ImageObject\",\"inLanguage\":\"hu\",\"@id\":\"https:\/\/qingdaohf.com\/product\/double-waler-bracket\/#primaryimage\",\"url\":\"https:\/\/qingdaohf.com\/wp-content\/uploads\/2024\/05\/Double-Waler-Bracket.jpe\",\"contentUrl\":\"https:\/\/qingdaohf.com\/wp-content\/uploads\/2024\/05\/Double-Waler-Bracket.jpe\",\"width\":800,\"height\":800,\"caption\":\"Double Waler Bracket\"},{\"@type\":\"BreadcrumbList\",\"@id\":\"https:\/\/qingdaohf.com\/product\/double-waler-bracket\/#breadcrumb\",\"itemListElement\":[{\"@type\":\"ListItem\",\"position\":1,\"name\":\"Home\",\"item\":\"https:\/\/qingdaohf.com\/\"},{\"@type\":\"ListItem\",\"position\":2,\"name\":\"Concrete Forming Accessories and Rigging Hardware\",\"item\":\"https:\/\/qingdaohf.com\/bg\/?page_id=944\"},{\"@type\":\"ListItem\",\"position\":3,\"name\":\"Double Waler Bracket\"}]},{\"@type\":\"WebSite\",\"@id\":\"https:\/\/qingdaohf.com\/bg\/#website\",\"url\":\"https:\/\/qingdaohf.com\/bg\/\",\"name\":\"Concrete Form & Rigging Hardware Supplier\",\"description\":\"\",\"publisher\":{\"@id\":\"https:\/\/qingdaohf.com\/bg\/#organization\"},\"potentialAction\":[{\"@type\":\"SearchAction\",\"target\":{\"@type\":\"EntryPoint\",\"urlTemplate\":\"https:\/\/qingdaohf.com\/bg\/?s={search_term_string}\"},\"query-input\":{\"@type\":\"PropertyValueSpecification\",\"valueRequired\":true,\"valueName\":\"search_term_string\"}}],\"inLanguage\":\"hu\"},{\"@type\":\"Organization\",\"@id\":\"https:\/\/qingdaohf.com\/bg\/#organization\",\"name\":\"Qingdao H&F\",\"url\":\"https:\/\/qingdaohf.com\/bg\/\",\"logo\":{\"@type\":\"ImageObject\",\"inLanguage\":\"hu\",\"@id\":\"https:\/\/qingdaohf.com\/bg\/#\/schema\/logo\/image\/\",\"url\":\"https:\/\/qingdaohf.com\/wp-content\/uploads\/2022\/12\/cropped-HF-LOGO.png\",\"contentUrl\":\"https:\/\/qingdaohf.com\/wp-content\/uploads\/2022\/12\/cropped-HF-LOGO.png\",\"width\":391,\"height\":249,\"caption\":\"Qingdao H&F\"},\"image\":{\"@id\":\"https:\/\/qingdaohf.com\/bg\/#\/schema\/logo\/image\/\"},\"sameAs\":[\"https:\/\/www.facebook.com\/qingdaohf\"]}]}<\/script>\n<!-- \/ Yoast SEO plugin. -->","yoast_head_json":{"title":"Double Waler Bracket","description":"Enhance your concrete formwork with Double Waler Bracket. Designed for high strength and easy installation, this bracket ensures secure and stable support for your construction projects.","robots":{"index":"index","follow":"follow","max-snippet":"max-snippet:-1","max-image-preview":"max-image-preview:large","max-video-preview":"max-video-preview:-1"},"canonical":"https:\/\/qingdaohf.com\/hu\/termek\/dupla-waler-konzol\/","og_locale":"hu_HU","og_type":"article","og_title":"Double Waler Bracket","og_description":"Enhance your concrete formwork with Double Waler Bracket. Designed for high strength and easy installation, this bracket ensures secure and stable support for your construction projects.","og_url":"https:\/\/qingdaohf.com\/hu\/termek\/dupla-waler-konzol\/","og_site_name":"Concrete Form &amp; Rigging Hardware Supplier","article_publisher":"https:\/\/www.facebook.com\/qingdaohf","article_modified_time":"2025-11-13T01:03:16+00:00","og_image":[{"width":800,"height":800,"url":"https:\/\/qingdaohf.com\/wp-content\/uploads\/2024\/05\/Double-Waler-Bracket.jpe","type":"image\/jpeg"}],"twitter_card":"summary_large_image","twitter_misc":{"Becs\u00fclt olvas\u00e1si id\u0151":"3 perc"},"schema":{"@context":"https:\/\/schema.org","@graph":[{"@type":"WebPage","@id":"https:\/\/qingdaohf.com\/product\/double-waler-bracket\/","url":"https:\/\/qingdaohf.com\/product\/double-waler-bracket\/","name":"Double Waler Bracket","isPartOf":{"@id":"https:\/\/qingdaohf.com\/bg\/#website"},"primaryImageOfPage":{"@id":"https:\/\/qingdaohf.com\/product\/double-waler-bracket\/#primaryimage"},"image":{"@id":"https:\/\/qingdaohf.com\/product\/double-waler-bracket\/#primaryimage"},"thumbnailUrl":"https:\/\/qingdaohf.com\/wp-content\/uploads\/2024\/05\/Double-Waler-Bracket.jpe","datePublished":"2024-05-21T06:50:13+00:00","dateModified":"2025-11-13T01:03:16+00:00","description":"Enhance your concrete formwork with Double Waler Bracket. Designed for high strength and easy installation, this bracket ensures secure and stable support for your construction projects.","breadcrumb":{"@id":"https:\/\/qingdaohf.com\/product\/double-waler-bracket\/#breadcrumb"},"inLanguage":"hu","potentialAction":[{"@type":"ReadAction","target":["https:\/\/qingdaohf.com\/product\/double-waler-bracket\/"]}]},{"@type":"ImageObject","inLanguage":"hu","@id":"https:\/\/qingdaohf.com\/product\/double-waler-bracket\/#primaryimage","url":"https:\/\/qingdaohf.com\/wp-content\/uploads\/2024\/05\/Double-Waler-Bracket.jpe","contentUrl":"https:\/\/qingdaohf.com\/wp-content\/uploads\/2024\/05\/Double-Waler-Bracket.jpe","width":800,"height":800,"caption":"Double Waler Bracket"},{"@type":"BreadcrumbList","@id":"https:\/\/qingdaohf.com\/product\/double-waler-bracket\/#breadcrumb","itemListElement":[{"@type":"ListItem","position":1,"name":"Home","item":"https:\/\/qingdaohf.com\/"},{"@type":"ListItem","position":2,"name":"Concrete Forming Accessories and Rigging Hardware","item":"https:\/\/qingdaohf.com\/bg\/?page_id=944"},{"@type":"ListItem","position":3,"name":"Double Waler Bracket"}]},{"@type":"WebSite","@id":"https:\/\/qingdaohf.com\/bg\/#website","url":"https:\/\/qingdaohf.com\/bg\/","name":"Concrete Form & Rigging Hardware Supplier","description":"","publisher":{"@id":"https:\/\/qingdaohf.com\/bg\/#organization"},"potentialAction":[{"@type":"SearchAction","target":{"@type":"EntryPoint","urlTemplate":"https:\/\/qingdaohf.com\/bg\/?s={search_term_string}"},"query-input":{"@type":"PropertyValueSpecification","valueRequired":true,"valueName":"search_term_string"}}],"inLanguage":"hu"},{"@type":"Organization","@id":"https:\/\/qingdaohf.com\/bg\/#organization","name":"Qingdao H&F","url":"https:\/\/qingdaohf.com\/bg\/","logo":{"@type":"ImageObject","inLanguage":"hu","@id":"https:\/\/qingdaohf.com\/bg\/#\/schema\/logo\/image\/","url":"https:\/\/qingdaohf.com\/wp-content\/uploads\/2022\/12\/cropped-HF-LOGO.png","contentUrl":"https:\/\/qingdaohf.com\/wp-content\/uploads\/2022\/12\/cropped-HF-LOGO.png","width":391,"height":249,"caption":"Qingdao H&F"},"image":{"@id":"https:\/\/qingdaohf.com\/bg\/#\/schema\/logo\/image\/"},"sameAs":["https:\/\/www.facebook.com\/qingdaohf"]}]}},"_links":{"self":[{"href":"https:\/\/qingdaohf.com\/hu\/wp-json\/wp\/v2\/product\/7198","targetHints":{"allow":["GET"]}}],"collection":[{"href":"https:\/\/qingdaohf.com\/hu\/wp-json\/wp\/v2\/product"}],"about":[{"href":"https:\/\/qingdaohf.com\/hu\/wp-json\/wp\/v2\/types\/product"}],"replies":[{"embeddable":true,"href":"https:\/\/qingdaohf.com\/hu\/wp-json\/wp\/v2\/comments?post=7198"}],"version-history":[{"count":2,"href":"https:\/\/qingdaohf.com\/hu\/wp-json\/wp\/v2\/product\/7198\/revisions"}],"predecessor-version":[{"id":7233,"href":"https:\/\/qingdaohf.com\/hu\/wp-json\/wp\/v2\/product\/7198\/revisions\/7233"}],"wp:featuredmedia":[{"embeddable":true,"href":"https:\/\/qingdaohf.com\/hu\/wp-json\/wp\/v2\/media\/7227"}],"wp:attachment":[{"href":"https:\/\/qingdaohf.com\/hu\/wp-json\/wp\/v2\/media?parent=7198"}],"wp:term":[{"taxonomy":"product_brand","embeddable":true,"href":"https:\/\/qingdaohf.com\/hu\/wp-json\/wp\/v2\/product_brand?post=7198"},{"taxonomy":"product_cat","embeddable":true,"href":"https:\/\/qingdaohf.com\/hu\/wp-json\/wp\/v2\/product_cat?post=7198"},{"taxonomy":"product_tag","embeddable":true,"href":"https:\/\/qingdaohf.com\/hu\/wp-json\/wp\/v2\/product_tag?post=7198"}],"curies":[{"name":"wp","href":"https:\/\/api.w.org\/{rel}","templated":true}]}}