{"id":7201,"date":"2024-05-21T15:26:46","date_gmt":"2024-05-21T07:26:46","guid":{"rendered":"http:\/\/qingdaohf.com\/?post_type=product&#038;p=7201"},"modified":"2025-11-13T09:03:16","modified_gmt":"2025-11-13T01:03:16","slug":"one-piece-waler-bracket","status":"publish","type":"product","link":"https:\/\/qingdaohf.com\/hu\/termek\/egyreszes-waler-konzol\/","title":{"rendered":"Egyr\u00e9szes Waler konzol"},"content":{"rendered":"<p>Bemutatkozik a <strong>Egyr\u00e9szes Waler konzol (egyr\u00e9szes Waler bilincs)<\/strong>\u00a0 - a v\u00e9gs\u0151 megold\u00e1s a zsalurendszerek prec\u00edz \u00e9s megb\u00edzhat\u00f3 r\u00f6gz\u00edt\u00e9s\u00e9hez. Ez a kiv\u00e1l\u00f3 min\u0151s\u00e9g\u0171 anyagokb\u00f3l k\u00e9sz\u00fclt, robusztus tart\u00f3szerkezet\u0171 konzol biztos\u00edtja a betonzsaluk szil\u00e1rd al\u00e1t\u00e1maszt\u00e1s\u00e1t \u00e9s igaz\u00edt\u00e1s\u00e1t, \u00e9sszer\u0171s\u00edti az \u00e9p\u00edt\u00e9si folyamatokat, \u00e9s jav\u00edtja a projektek \u00e1ltal\u00e1nos min\u0151s\u00e9g\u00e9t.<\/p>\n<p><strong>Kulcsfontoss\u00e1g\u00fa jellemz\u0151k:<\/strong><\/p>\n<ul>\n<li><strong>Tart\u00f3s konstrukci\u00f3:<\/strong> A pr\u00e9mium min\u0151s\u00e9g\u0171 ac\u00e9lb\u00f3l k\u00e9sz\u00fclt waler konzolunk \u00fagy k\u00e9sz\u00fclt, hogy ellen\u00e1lljon a nagy ig\u00e9nybev\u00e9telnek \u00e9s a zord k\u00f6r\u00fclm\u00e9nyeknek, \u00edgy hossz\u00fa \u00e9lettartamot biztos\u00edt.<\/li>\n<li><strong>Sokoldal\u00fa alkalmaz\u00e1s:<\/strong> \u00dagy tervezt\u00e9k, hogy kompatibilis legyen a k\u00fcl\u00f6nb\u00f6z\u0151 zsalurendszerekkel, \u00edgy ide\u00e1lis az \u00e9p\u00edt\u00e9si projektek sz\u00e9les sk\u00e1l\u00e1j\u00e1hoz.<\/li>\n<li><strong>Egyszer\u0171 telep\u00edt\u00e9s:<\/strong> Egyszer\u0171s\u00edti az \u00f6sszeszerel\u00e9si folyamatot, egyszer\u0171 kialak\u00edt\u00e1s\u00e1val cs\u00f6kkenti a munkaid\u0151t \u00e9s a k\u00f6lts\u00e9geket.<\/li>\n<li><strong>Prec\u00edzi\u00f3s igaz\u00edt\u00e1s:<\/strong> Biztos\u00edtja a zsaluzat pontos pozicion\u00e1l\u00e1s\u00e1t \u00e9s stabilit\u00e1s\u00e1t, ami elengedhetetlen a sima, s\u00edk betonfel\u00fcletek el\u00e9r\u00e9s\u00e9hez.<\/li>\n<li><strong>Fokozott biztons\u00e1g:<\/strong> Biztons\u00e1gos r\u00f6gz\u00edt\u00e9st biztos\u00edt a zsaluzat meghib\u00e1sod\u00e1s\u00e1nak kock\u00e1zat\u00e1nak minimaliz\u00e1l\u00e1sa \u00e9rdek\u00e9ben, \u00edgy biztos\u00edtva a biztons\u00e1gosabb munkak\u00f6rnyezetet.<\/li>\n<\/ul>\n<p><strong>Alkalmaz\u00e1sok:<\/strong><\/p>\n<p>Az egyr\u00e9szes Waler konzol elengedhetetlen a zsaluzat\u00e9p\u00edt\u00e9sben, k\u00fcl\u00f6n\u00f6sen, ha a snap-k\u00f6tegel\u0151ket haszn\u00e1lj\u00e1k. A gyakran a tart\u00f3 konzolokkal egy\u00fctt haszn\u00e1lt gyorsk\u00f6tegel\u0151k hat\u00e9kony \u00e9s eredm\u00e9nyes m\u00f3dot biztos\u00edtanak a zsalupanelek t\u00e1vols\u00e1g\u00e1nak \u00e9s \u00f6sszehangol\u00e1s\u00e1nak fenntart\u00e1s\u00e1ra. Ez a kombin\u00e1ci\u00f3 kulcsfontoss\u00e1g\u00fa:<\/p>\n<ul>\n<li><strong>Beton falszerkezet:<\/strong> A falak egyenes \u00e9s megfelel\u0151en igaz\u00edtott vonalvezet\u00e9s\u00e9nek biztos\u00edt\u00e1sa.<\/li>\n<li><strong>Alapok \u00e9p\u00edt\u00e9se:<\/strong> Az alapoz\u00e1si zsaluzat \u00e9ps\u00e9g\u00e9nek \u00e9s pontoss\u00e1g\u00e1nak fenntart\u00e1sa.<\/li>\n<li><strong>Kereskedelmi \u00e9s lakoss\u00e1gi projektek:<\/strong> El\u00e9g sokoldal\u00fa ahhoz, hogy k\u00fcl\u00f6nb\u00f6z\u0151 l\u00e9pt\u00e9k\u0171 \u00e9p\u00edtkez\u00e9sekn\u00e9l is haszn\u00e1lhat\u00f3 legyen, a nagy kereskedelmi \u00e9p\u00edtkez\u00e9st\u0151l a kisebb lak\u00f3\u00e9p\u00fcletekig.<\/li>\n<\/ul>\n<p>Az egydarabos faltart\u00f3 konzol zsalurendszer\u00e9be t\u00f6rt\u00e9n\u0151 integr\u00e1l\u00e1s\u00e1val nagyobb pontoss\u00e1got, stabilit\u00e1st \u00e9s biztons\u00e1got \u00e9rhet el \u00e9p\u00edt\u00e9si projektjei sor\u00e1n.<\/p>\n<p><strong>Mi\u00e9rt v\u00e1lassza a H&amp;F-et:<\/strong><\/p>\n<p>A H&amp;F elk\u00f6telezett a nemzetk\u00f6zi szabv\u00e1nyoknak megfelel\u0151, kiv\u00e1l\u00f3 min\u0151s\u00e9g\u0171 \u00e9p\u00edt\u0151ipari hardverek biztos\u00edt\u00e1sa mellett. Az egyr\u00e9szes Waler konzolunk a kiv\u00e1l\u00f3s\u00e1g ir\u00e1nti elk\u00f6telezetts\u00e9g\u00fcnk bizony\u00edt\u00e9ka, megb\u00edzhat\u00f3 teljes\u00edtm\u00e9nyt \u00e9s tart\u00f3ss\u00e1got k\u00edn\u00e1lva.<\/p>","protected":false},"excerpt":{"rendered":"<p>Biztos\u00edtsa \u00e9s stabiliz\u00e1lja zsaluzat\u00e1t tart\u00f3s, k\u00f6nnyen felszerelhet\u0151 b\u00e1l\u00e1z\u00f3konzolunkkal. Ide\u00e1lis betonfal- \u00e9s alapoz\u00e1s\u00e9p\u00edt\u00e9shez, pontos igaz\u00edt\u00e1st \u00e9s biztons\u00e1got biztos\u00edt. T\u00f6k\u00e9letesen kieg\u00e9sz\u00edti a snap-k\u00f6tegel\u0151ket a hat\u00e9kony \u00e9s megb\u00edzhat\u00f3 zsaluzat-\u00f6sszeszerel\u00e9shez. Dobja fel \u00e9p\u00edt\u00e9si projektjeit a H&amp;F cs\u00facsmin\u0151s\u00e9g\u0171 vasalatokkal.<\/p>","protected":false},"featured_media":7202,"comment_status":"open","ping_status":"closed","template":"","meta":{"site-sidebar-layout":"default","site-content-layout":"","ast-site-content-layout":"default","site-content-style":"default","site-sidebar-style":"default","ast-global-header-display":"","ast-banner-title-visibility":"","ast-main-header-display":"","ast-hfb-above-header-display":"","ast-hfb-below-header-display":"","ast-hfb-mobile-header-display":"","site-post-title":"","ast-breadcrumbs-content":"","ast-featured-img":"","footer-sml-layout":"","theme-transparent-header-meta":"default","adv-header-id-meta":"","stick-header-meta":"default","header-above-stick-meta":"","header-main-stick-meta":"","header-below-stick-meta":"","astra-migrate-meta-layouts":"set","ast-page-background-enabled":"default","ast-page-background-meta":{"desktop":{"background-color":"","background-image":"","background-repeat":"repeat","background-position":"center center","background-size":"auto","background-attachment":"scroll","background-type":"","background-media":"","overlay-type":"","overlay-color":"","overlay-opacity":"","overlay-gradient":""},"tablet":{"background-color":"","background-image":"","background-repeat":"repeat","background-position":"center center","background-size":"auto","background-attachment":"scroll","background-type":"","background-media":"","overlay-type":"","overlay-color":"","overlay-opacity":"","overlay-gradient":""},"mobile":{"background-color":"","background-image":"","background-repeat":"repeat","background-position":"center center","background-size":"auto","background-attachment":"scroll","background-type":"","background-media":"","overlay-type":"","overlay-color":"","overlay-opacity":"","overlay-gradient":""}},"ast-content-background-meta":{"desktop":{"background-color":"var(--ast-global-color-5)","background-image":"","background-repeat":"repeat","background-position":"center center","background-size":"auto","background-attachment":"scroll","background-type":"","background-media":"","overlay-type":"","overlay-color":"","overlay-opacity":"","overlay-gradient":""},"tablet":{"background-color":"var(--ast-global-color-5)","background-image":"","background-repeat":"repeat","background-position":"center center","background-size":"auto","background-attachment":"scroll","background-type":"","background-media":"","overlay-type":"","overlay-color":"","overlay-opacity":"","overlay-gradient":""},"mobile":{"background-color":"var(--ast-global-color-5)","background-image":"","background-repeat":"repeat","background-position":"center center","background-size":"auto","background-attachment":"scroll","background-type":"","background-media":"","overlay-type":"","overlay-color":"","overlay-opacity":"","overlay-gradient":""}}},"product_brand":[],"product_cat":[28],"product_tag":[],"class_list":{"0":"post-7201","1":"product","2":"type-product","3":"status-publish","4":"has-post-thumbnail","6":"product_cat-concrete-forming","7":"desktop-align-left","8":"tablet-align-left","9":"mobile-align-left","10":"ast-product-gallery-layout-horizontal-slider","11":"ast-product-tabs-layout-horizontal","13":"first","14":"instock","15":"featured","16":"shipping-taxable","17":"purchasable","18":"product-type-simple"},"yoast_head":"<!-- This site is optimized with the Yoast SEO plugin v25.2 - https:\/\/yoast.com\/wordpress\/plugins\/seo\/ -->\n<title>One Piece Waler Bracket<\/title>\n<meta name=\"description\" content=\"Secure and stabilize your formwork with our durable, easy-to-install waler bracket. Ideal for concrete wall and foundation construction, it ensures precise alignment and safety.\" \/>\n<meta name=\"robots\" content=\"index, follow, max-snippet:-1, max-image-preview:large, max-video-preview:-1\" \/>\n<link rel=\"canonical\" href=\"https:\/\/qingdaohf.com\/hu\/termek\/egyreszes-waler-konzol\/\" \/>\n<meta property=\"og:locale\" content=\"hu_HU\" \/>\n<meta property=\"og:type\" content=\"article\" \/>\n<meta property=\"og:title\" content=\"One Piece Waler Bracket\" \/>\n<meta property=\"og:description\" content=\"Secure and stabilize your formwork with our durable, easy-to-install waler bracket. Ideal for concrete wall and foundation construction, it ensures precise alignment and safety.\" \/>\n<meta property=\"og:url\" content=\"https:\/\/qingdaohf.com\/hu\/termek\/egyreszes-waler-konzol\/\" \/>\n<meta property=\"og:site_name\" content=\"Concrete Form &amp; Rigging Hardware Supplier\" \/>\n<meta property=\"article:publisher\" content=\"https:\/\/www.facebook.com\/qingdaohf\" \/>\n<meta property=\"article:modified_time\" content=\"2025-11-13T01:03:16+00:00\" \/>\n<meta property=\"og:image\" content=\"https:\/\/qingdaohf.com\/wp-content\/uploads\/2024\/05\/heavy-one-piece-waler-bracket-1.jpg\" \/>\n\t<meta property=\"og:image:width\" content=\"1000\" \/>\n\t<meta property=\"og:image:height\" content=\"1000\" \/>\n\t<meta property=\"og:image:type\" content=\"image\/jpeg\" \/>\n<meta name=\"twitter:card\" content=\"summary_large_image\" \/>\n<meta name=\"twitter:label1\" content=\"Becs\u00fclt olvas\u00e1si id\u0151\" \/>\n\t<meta name=\"twitter:data1\" content=\"2 perc\" \/>\n<script type=\"application\/ld+json\" class=\"yoast-schema-graph\">{\"@context\":\"https:\/\/schema.org\",\"@graph\":[{\"@type\":\"WebPage\",\"@id\":\"https:\/\/qingdaohf.com\/product\/one-piece-waler-bracket\/\",\"url\":\"https:\/\/qingdaohf.com\/product\/one-piece-waler-bracket\/\",\"name\":\"One Piece Waler Bracket\",\"isPartOf\":{\"@id\":\"https:\/\/qingdaohf.com\/bg\/#website\"},\"primaryImageOfPage\":{\"@id\":\"https:\/\/qingdaohf.com\/product\/one-piece-waler-bracket\/#primaryimage\"},\"image\":{\"@id\":\"https:\/\/qingdaohf.com\/product\/one-piece-waler-bracket\/#primaryimage\"},\"thumbnailUrl\":\"https:\/\/qingdaohf.com\/wp-content\/uploads\/2024\/05\/heavy-one-piece-waler-bracket-1.jpg\",\"datePublished\":\"2024-05-21T07:26:46+00:00\",\"dateModified\":\"2025-11-13T01:03:16+00:00\",\"description\":\"Secure and stabilize your formwork with our durable, easy-to-install waler bracket. Ideal for concrete wall and foundation construction, it ensures precise alignment and safety.\",\"breadcrumb\":{\"@id\":\"https:\/\/qingdaohf.com\/product\/one-piece-waler-bracket\/#breadcrumb\"},\"inLanguage\":\"hu\",\"potentialAction\":[{\"@type\":\"ReadAction\",\"target\":[\"https:\/\/qingdaohf.com\/product\/one-piece-waler-bracket\/\"]}]},{\"@type\":\"ImageObject\",\"inLanguage\":\"hu\",\"@id\":\"https:\/\/qingdaohf.com\/product\/one-piece-waler-bracket\/#primaryimage\",\"url\":\"https:\/\/qingdaohf.com\/wp-content\/uploads\/2024\/05\/heavy-one-piece-waler-bracket-1.jpg\",\"contentUrl\":\"https:\/\/qingdaohf.com\/wp-content\/uploads\/2024\/05\/heavy-one-piece-waler-bracket-1.jpg\",\"width\":1000,\"height\":1000,\"caption\":\"heavy one piece waler bracket\"},{\"@type\":\"BreadcrumbList\",\"@id\":\"https:\/\/qingdaohf.com\/product\/one-piece-waler-bracket\/#breadcrumb\",\"itemListElement\":[{\"@type\":\"ListItem\",\"position\":1,\"name\":\"Home\",\"item\":\"https:\/\/qingdaohf.com\/\"},{\"@type\":\"ListItem\",\"position\":2,\"name\":\"Concrete Forming Accessories and Rigging Hardware\",\"item\":\"https:\/\/qingdaohf.com\/bg\/?page_id=944\"},{\"@type\":\"ListItem\",\"position\":3,\"name\":\"One Piece Waler Bracket\"}]},{\"@type\":\"WebSite\",\"@id\":\"https:\/\/qingdaohf.com\/bg\/#website\",\"url\":\"https:\/\/qingdaohf.com\/bg\/\",\"name\":\"Concrete Form & Rigging Hardware Supplier\",\"description\":\"\",\"publisher\":{\"@id\":\"https:\/\/qingdaohf.com\/bg\/#organization\"},\"potentialAction\":[{\"@type\":\"SearchAction\",\"target\":{\"@type\":\"EntryPoint\",\"urlTemplate\":\"https:\/\/qingdaohf.com\/bg\/?s={search_term_string}\"},\"query-input\":{\"@type\":\"PropertyValueSpecification\",\"valueRequired\":true,\"valueName\":\"search_term_string\"}}],\"inLanguage\":\"hu\"},{\"@type\":\"Organization\",\"@id\":\"https:\/\/qingdaohf.com\/bg\/#organization\",\"name\":\"Qingdao H&F\",\"url\":\"https:\/\/qingdaohf.com\/bg\/\",\"logo\":{\"@type\":\"ImageObject\",\"inLanguage\":\"hu\",\"@id\":\"https:\/\/qingdaohf.com\/bg\/#\/schema\/logo\/image\/\",\"url\":\"https:\/\/qingdaohf.com\/wp-content\/uploads\/2022\/12\/cropped-HF-LOGO.png\",\"contentUrl\":\"https:\/\/qingdaohf.com\/wp-content\/uploads\/2022\/12\/cropped-HF-LOGO.png\",\"width\":391,\"height\":249,\"caption\":\"Qingdao H&F\"},\"image\":{\"@id\":\"https:\/\/qingdaohf.com\/bg\/#\/schema\/logo\/image\/\"},\"sameAs\":[\"https:\/\/www.facebook.com\/qingdaohf\"]}]}<\/script>\n<!-- \/ Yoast SEO plugin. -->","yoast_head_json":{"title":"One Piece Waler Bracket","description":"Secure and stabilize your formwork with our durable, easy-to-install waler bracket. Ideal for concrete wall and foundation construction, it ensures precise alignment and safety.","robots":{"index":"index","follow":"follow","max-snippet":"max-snippet:-1","max-image-preview":"max-image-preview:large","max-video-preview":"max-video-preview:-1"},"canonical":"https:\/\/qingdaohf.com\/hu\/termek\/egyreszes-waler-konzol\/","og_locale":"hu_HU","og_type":"article","og_title":"One Piece Waler Bracket","og_description":"Secure and stabilize your formwork with our durable, easy-to-install waler bracket. Ideal for concrete wall and foundation construction, it ensures precise alignment and safety.","og_url":"https:\/\/qingdaohf.com\/hu\/termek\/egyreszes-waler-konzol\/","og_site_name":"Concrete Form &amp; Rigging Hardware Supplier","article_publisher":"https:\/\/www.facebook.com\/qingdaohf","article_modified_time":"2025-11-13T01:03:16+00:00","og_image":[{"width":1000,"height":1000,"url":"https:\/\/qingdaohf.com\/wp-content\/uploads\/2024\/05\/heavy-one-piece-waler-bracket-1.jpg","type":"image\/jpeg"}],"twitter_card":"summary_large_image","twitter_misc":{"Becs\u00fclt olvas\u00e1si id\u0151":"2 perc"},"schema":{"@context":"https:\/\/schema.org","@graph":[{"@type":"WebPage","@id":"https:\/\/qingdaohf.com\/product\/one-piece-waler-bracket\/","url":"https:\/\/qingdaohf.com\/product\/one-piece-waler-bracket\/","name":"One Piece Waler Bracket","isPartOf":{"@id":"https:\/\/qingdaohf.com\/bg\/#website"},"primaryImageOfPage":{"@id":"https:\/\/qingdaohf.com\/product\/one-piece-waler-bracket\/#primaryimage"},"image":{"@id":"https:\/\/qingdaohf.com\/product\/one-piece-waler-bracket\/#primaryimage"},"thumbnailUrl":"https:\/\/qingdaohf.com\/wp-content\/uploads\/2024\/05\/heavy-one-piece-waler-bracket-1.jpg","datePublished":"2024-05-21T07:26:46+00:00","dateModified":"2025-11-13T01:03:16+00:00","description":"Secure and stabilize your formwork with our durable, easy-to-install waler bracket. Ideal for concrete wall and foundation construction, it ensures precise alignment and safety.","breadcrumb":{"@id":"https:\/\/qingdaohf.com\/product\/one-piece-waler-bracket\/#breadcrumb"},"inLanguage":"hu","potentialAction":[{"@type":"ReadAction","target":["https:\/\/qingdaohf.com\/product\/one-piece-waler-bracket\/"]}]},{"@type":"ImageObject","inLanguage":"hu","@id":"https:\/\/qingdaohf.com\/product\/one-piece-waler-bracket\/#primaryimage","url":"https:\/\/qingdaohf.com\/wp-content\/uploads\/2024\/05\/heavy-one-piece-waler-bracket-1.jpg","contentUrl":"https:\/\/qingdaohf.com\/wp-content\/uploads\/2024\/05\/heavy-one-piece-waler-bracket-1.jpg","width":1000,"height":1000,"caption":"heavy one piece waler bracket"},{"@type":"BreadcrumbList","@id":"https:\/\/qingdaohf.com\/product\/one-piece-waler-bracket\/#breadcrumb","itemListElement":[{"@type":"ListItem","position":1,"name":"Home","item":"https:\/\/qingdaohf.com\/"},{"@type":"ListItem","position":2,"name":"Concrete Forming Accessories and Rigging Hardware","item":"https:\/\/qingdaohf.com\/bg\/?page_id=944"},{"@type":"ListItem","position":3,"name":"One Piece Waler Bracket"}]},{"@type":"WebSite","@id":"https:\/\/qingdaohf.com\/bg\/#website","url":"https:\/\/qingdaohf.com\/bg\/","name":"Concrete Form & Rigging Hardware Supplier","description":"","publisher":{"@id":"https:\/\/qingdaohf.com\/bg\/#organization"},"potentialAction":[{"@type":"SearchAction","target":{"@type":"EntryPoint","urlTemplate":"https:\/\/qingdaohf.com\/bg\/?s={search_term_string}"},"query-input":{"@type":"PropertyValueSpecification","valueRequired":true,"valueName":"search_term_string"}}],"inLanguage":"hu"},{"@type":"Organization","@id":"https:\/\/qingdaohf.com\/bg\/#organization","name":"Qingdao H&F","url":"https:\/\/qingdaohf.com\/bg\/","logo":{"@type":"ImageObject","inLanguage":"hu","@id":"https:\/\/qingdaohf.com\/bg\/#\/schema\/logo\/image\/","url":"https:\/\/qingdaohf.com\/wp-content\/uploads\/2022\/12\/cropped-HF-LOGO.png","contentUrl":"https:\/\/qingdaohf.com\/wp-content\/uploads\/2022\/12\/cropped-HF-LOGO.png","width":391,"height":249,"caption":"Qingdao H&F"},"image":{"@id":"https:\/\/qingdaohf.com\/bg\/#\/schema\/logo\/image\/"},"sameAs":["https:\/\/www.facebook.com\/qingdaohf"]}]}},"_links":{"self":[{"href":"https:\/\/qingdaohf.com\/hu\/wp-json\/wp\/v2\/product\/7201","targetHints":{"allow":["GET"]}}],"collection":[{"href":"https:\/\/qingdaohf.com\/hu\/wp-json\/wp\/v2\/product"}],"about":[{"href":"https:\/\/qingdaohf.com\/hu\/wp-json\/wp\/v2\/types\/product"}],"replies":[{"embeddable":true,"href":"https:\/\/qingdaohf.com\/hu\/wp-json\/wp\/v2\/comments?post=7201"}],"version-history":[{"count":4,"href":"https:\/\/qingdaohf.com\/hu\/wp-json\/wp\/v2\/product\/7201\/revisions"}],"predecessor-version":[{"id":8389,"href":"https:\/\/qingdaohf.com\/hu\/wp-json\/wp\/v2\/product\/7201\/revisions\/8389"}],"wp:featuredmedia":[{"embeddable":true,"href":"https:\/\/qingdaohf.com\/hu\/wp-json\/wp\/v2\/media\/7202"}],"wp:attachment":[{"href":"https:\/\/qingdaohf.com\/hu\/wp-json\/wp\/v2\/media?parent=7201"}],"wp:term":[{"taxonomy":"product_brand","embeddable":true,"href":"https:\/\/qingdaohf.com\/hu\/wp-json\/wp\/v2\/product_brand?post=7201"},{"taxonomy":"product_cat","embeddable":true,"href":"https:\/\/qingdaohf.com\/hu\/wp-json\/wp\/v2\/product_cat?post=7201"},{"taxonomy":"product_tag","embeddable":true,"href":"https:\/\/qingdaohf.com\/hu\/wp-json\/wp\/v2\/product_tag?post=7201"}],"curies":[{"name":"wp","href":"https:\/\/api.w.org\/{rel}","templated":true}]}}