{"id":7352,"date":"2024-05-27T11:44:05","date_gmt":"2024-05-27T03:44:05","guid":{"rendered":"http:\/\/qingdaohf.com\/?post_type=product&#038;p=7352"},"modified":"2025-11-13T09:03:16","modified_gmt":"2025-11-13T01:03:16","slug":"concrete-forming-stake","status":"publish","type":"product","link":"https:\/\/qingdaohf.com\/hu\/termek\/betonkepzo-karo\/","title":{"rendered":"Beton form\u00e1z\u00e1si kar\u00f3 Kerek ac\u00e9l kar\u00f3"},"content":{"rendered":"<h2>T\u00edpus\u00fa betonform\u00e1z\u00f3 kar\u00f3<\/h2>\n<p>A betonform\u00e1z\u00f3 kar\u00f3k k\u00fcl\u00f6nb\u00f6z\u0151 form\u00e1kban \u00e9s anyagokban kaphat\u00f3k, \u00e9s mindegyiket \u00fagy tervezt\u00e9k, hogy megfeleljenek az adott \u00e9p\u00edt\u00e9si ig\u00e9nyeknek. A betonac\u00f6l\u00f6p\u00f6k f\u0151 t\u00edpusai k\u00f6z\u00e9 tartoznak a kerek ac\u00e9lc\u00f6l\u00f6p\u00f6k, a n\u00e9gyzet alak\u00fa ac\u00e9lc\u00f6l\u00f6p\u00f6k, a lapos I-gerenda c\u00f6l\u00f6p\u00f6k \u00e9s a lapos ac\u00e9lc\u00f6l\u00f6p\u00f6k. Mindegyik t\u00edpus egyedi tulajdons\u00e1gokkal rendelkezik, amelyek alkalmass\u00e1 teszik \u0151ket az adott alkalmaz\u00e1sokhoz.<\/p>\n<h3>Kerek ac\u00e9l kar\u00f3<\/h3>\n<p>A kerek ac\u00e9lkar\u00f3k az \u00e9p\u00edt\u0151iparban leggyakrabban haszn\u00e1lt betonk\u00e9pz\u0151 kar\u00f3k. Er\u0151ss\u00e9g\u00fckr\u0151l \u00e9s tart\u00f3ss\u00e1gukr\u00f3l ismertek, ez\u00e9rt ide\u00e1lisak nagy ig\u00e9nybev\u00e9tel\u0171 alkalmaz\u00e1sokhoz. A gy\u00e1rt\u00f3k \u00e1ltal\u00e1ban kiv\u00e1l\u00f3 min\u0151s\u00e9g\u0171 ac\u00e9lb\u00f3l k\u00e9sz\u00edtik ezeket a kar\u00f3kat, amelyek kiv\u00e1l\u00f3an ellen\u00e1llnak a hajl\u00edt\u00e1snak \u00e9s a nyom\u00e1s alatti t\u00f6r\u00e9snek.<\/p>\n<h3>N\u00e9gyzet alak\u00fa ac\u00e9l kar\u00f3<\/h3>\n<p>A n\u00e9gyzet alak\u00fa ac\u00e9lkar\u00f3k a kerek ac\u00e9lkar\u00f3k alternat\u00edv\u00e1j\u00e1t jelentik, mivel m\u00e1s form\u00e1t k\u00edn\u00e1lnak, ami bizonyos helyzetekben el\u0151ny\u00f6s lehet. A n\u00e9gyzet alak\u00fa kar\u00f3 tov\u00e1bbi fel\u00fcletet biztos\u00edt a talajban val\u00f3 jobb tapad\u00e1s \u00e9s stabilit\u00e1s \u00e9rdek\u00e9ben. Ez k\u00fcl\u00f6n\u00f6sen hasznos a puh\u00e1bb talajban, ahol extra tart\u00f3er\u0151re van sz\u00fcks\u00e9g.<\/p>\n<h3>Lapos I gerenda kar\u00f3<\/h3>\n<p>A lapos I-gerenda kar\u00f3kat, m\u00e1s n\u00e9ven I-gerenda form\u00e1j\u00fa kar\u00f3kat \u00fagy tervezt\u00e9k, hogy maxim\u00e1lis szil\u00e1rds\u00e1got \u00e9s stabilit\u00e1st biztos\u00edtsanak. Egyedi I-gerenda alakjuk lehet\u0151v\u00e9 teszi, hogy nagyobb terhel\u00e9st b\u00edrjanak el \u00e9s ellen\u00e1lljanak a hajl\u00edt\u00e1snak. A nagyszab\u00e1s\u00fa \u00e9p\u00edtkez\u00e9seken gyakran haszn\u00e1lj\u00e1k ezeket a kar\u00f3kat, ahol a stabilit\u00e1s \u00e9s a szil\u00e1rds\u00e1g kulcsfontoss\u00e1g\u00fa.<\/p>\n<h3>Lapos ac\u00e9l kar\u00f3<\/h3>\n<p>A lapos ac\u00e9lkar\u00f3k szint\u00e9n n\u00e9pszer\u0171ek a betonoz\u00e1shoz. Lapos kialak\u00edt\u00e1suknak k\u00f6sz\u00f6nhet\u0151en k\u00f6nnyen a talajba \u00fcthet\u0151ek, \u00e9s sz\u00e9les fel\u00fcletet biztos\u00edtanak a zsaluzat helyben tart\u00e1s\u00e1hoz. Ezek a kar\u00f3k sokoldal\u00faak, \u00e9s sz\u00e1mos \u00e9p\u00edt\u00e9si alkalmaz\u00e1sban haszn\u00e1lhat\u00f3k, \u00edgy sok \u00e9p\u00edt\u0151ipari szersz\u00e1mk\u00e9szlet alapdarabjai.<\/p>\n<h2>K\u00f6z\u00f6s m\u00e9retek a beton form\u00e1z\u00e1si kar\u00f3hoz<\/h2>\n<p>A betonalak\u00edt\u00f3 kar\u00f3k k\u00fcl\u00f6nb\u00f6z\u0151 m\u00e9retekben kaphat\u00f3k, hogy megfeleljenek a k\u00fcl\u00f6nb\u00f6z\u0151 \u00e9p\u00edt\u00e9si ig\u00e9nyeknek. A leggyakoribb m\u00e9retek a 18 h\u00fcvelyk, a 24 h\u00fcvelyk \u00e9s a 36 h\u00fcvelyk. Mindegyik m\u00e9ret meghat\u00e1rozott c\u00e9lokat szolg\u00e1l, \u00e9s k\u00fcl\u00f6nb\u00f6z\u0151 szint\u0171 al\u00e1t\u00e1maszt\u00e1st biztos\u00edt a zsaluz\u00e1shoz.<\/p>\n<h3>18 h\u00fcvelykes kar\u00f3k<\/h3>\n<p>A 18 h\u00fcvelykes kar\u00f3kat \u00e1ltal\u00e1ban kisebb projektekhez haszn\u00e1lj\u00e1k, vagy olyan helyzetekben, amikor a zsaluzatot nem kell m\u00e9lyen a talajba r\u00f6gz\u00edteni. K\u00f6nnyen kezelhet\u0151k \u00e9s telep\u00edthet\u0151k, \u00edgy ide\u00e1lisak a gyors \u00e9s egyszer\u0171 betonoz\u00e1shoz. Kisebb m\u00e9ret\u00fck ellen\u00e9re m\u00e9g mindig jelent\u0151s tart\u00f3er\u0151t biztos\u00edtanak a legt\u00f6bb k\u00f6nny\u0171 ig\u00e9nybev\u00e9tel\u0171 alkalmaz\u00e1shoz.<\/p>\n<h3>24 h\u00fcvelykes kar\u00f3k<\/h3>\n<p>A 24 h\u00fcvelykes kar\u00f3k sokoldal\u00faan felhaszn\u00e1lhat\u00f3ak, \u00e9s az \u00e9p\u00edt\u00e9si projektek sz\u00e9les sk\u00e1l\u00e1j\u00e1n alkalmazhat\u00f3k. J\u00f3 egyens\u00falyt biztos\u00edtanak a k\u00f6nny\u0171 haszn\u00e1lat \u00e9s a tart\u00f3er\u0151 k\u00f6z\u00f6tt, \u00edgy alkalmasak k\u00f6zepes m\u00e9ret\u0171 \u00f6nt\u00e9sekhez \u00e9s \u00e1ltal\u00e1nos \u00e9p\u00edt\u00e9si munk\u00e1khoz. A kivitelez\u0151k gyakran el\u0151nyben r\u00e9szes\u00edtik ezeket a kar\u00f3kat alkalmazkod\u00f3k\u00e9pess\u00e9g\u00fck \u00e9s hat\u00e9konys\u00e1guk miatt a k\u00fcl\u00f6nb\u00f6z\u0151 talajviszonyok k\u00f6z\u00f6tt.<\/p>\n<h3>36 h\u00fcvelykes kar\u00f3k<\/h3>\n<p>A 36 h\u00fcvelykes kar\u00f3kat olyan nagy ig\u00e9nybev\u00e9tel\u0171 alkalmaz\u00e1sokhoz tervezt\u00e9k, ahol m\u00e9lyen be kell hatolni a talajba. Ezek a kar\u00f3k maxim\u00e1lis stabilit\u00e1st \u00e9s t\u00e1maszt ny\u00fajtanak a nagym\u00e9ret\u0171 zsaluz\u00e1shoz \u00e9s betonoz\u00e1shoz. Ide\u00e1lisak kih\u00edv\u00e1st jelent\u0151 talajviszonyok k\u00f6z\u00f6tt, vagy nagy mennyis\u00e9g\u0171 betonoz\u00e1s eset\u00e9n, amikor extra meger\u0151s\u00edt\u00e9st ig\u00e9nyl\u0151 beton\u00f6nt\u00e9sekkel kell dolgozni.<\/p>\n<h2>A betonform\u00e1z\u00f3 kar\u00f3 alkalmaz\u00e1sai<\/h2>\n<p>A betonk\u00e9pz\u0151 kar\u00f3k d\u00f6nt\u0151 szerepet j\u00e1tszanak a k\u00fcl\u00f6nb\u00f6z\u0151 \u00e9p\u00edt\u0151ipari alkalmaz\u00e1sokban. Els\u0151dleges feladatuk a zsaluzat helyben tart\u00e1sa, biztos\u00edtva, hogy a beton megfelel\u0151en szil\u00e1rduljon meg \u00e9s megtartsa a k\u00edv\u00e1nt form\u00e1j\u00e1t. \u00cdme n\u00e9h\u00e1ny gyakori alkalmaz\u00e1si ter\u00fclete a betonoz\u00e1shoz haszn\u00e1lt kar\u00f3knak:<\/p>\n<h3>Alap\u00edtv\u00e1nyi munka<\/h3>\n<p>A betonzsalukar\u00f3k n\u00e9lk\u00fcl\u00f6zhetetlenek az alapoz\u00e1si munk\u00e1kn\u00e1l, ahol a pontos \u00e9s stabil zsaluz\u00e1s kritikus fontoss\u00e1g\u00fa. Ezek r\u00f6gz\u00edtik az \u00e9p\u00fcletek betonalapjait form\u00e1z\u00f3 fa- vagy f\u00e9mform\u00e1kat, \u00e9s biztos\u00edtj\u00e1k, hogy az alapok v\u00edzszintesek \u00e9s megfelel\u0151en igazodnak egym\u00e1shoz.<\/p>\n<h3>Felhajt\u00f3k \u00e9s j\u00e1rd\u00e1k<\/h3>\n<p>Lakoss\u00e1gi \u00e9s kereskedelmi projektekben a betonform\u00e1z\u00f3 kar\u00f3kat sima \u00e9s tart\u00f3s felhajt\u00f3k \u00e9s j\u00e1rd\u00e1k l\u00e9trehoz\u00e1s\u00e1ra haszn\u00e1lj\u00e1k. A zsaluzat helyben tart\u00e1s\u00e1val ezek a kar\u00f3k seg\u00edtenek biztos\u00edtani, hogy a beton a megfelel\u0151 m\u00e9retek szerint ker\u00fclj\u00f6n ki\u00f6nt\u00e9sre, \u00e9s hogy a k\u00e9sz fel\u00fclet egyenletes \u00e9s megfelel\u0151en oszt\u00e1lyozott legyen.<\/p>\n<h3>Tart\u00f3falak<\/h3>\n<p>A t\u00e1mfalakhoz er\u0151s \u00e9s stabil zsaluzatra van sz\u00fcks\u00e9g, hogy a betont a hely\u00e9n tartsa, mik\u00f6zben az megszil\u00e1rdul. A betonform\u00e1z\u00f3 kar\u00f3k biztos\u00edtj\u00e1k a sz\u00fcks\u00e9ges t\u00e1maszt\u00e9kot ahhoz, hogy a zsaluzat ne mozduljon el vagy omoljon \u00f6ssze, \u00edgy egy szil\u00e1rd \u00e9s stabil t\u00e1mfal j\u00f6n l\u00e9tre, amely ellen\u00e1ll a m\u00f6g\u00f6tte l\u00e9v\u0151 talaj \u00e1ltal kifejtett nyom\u00e1snak.<\/p>\n<h3>F\u00f6d\u00e9mek \u00e9s padl\u00f3k<\/h3>\n<p>A betonlapok \u00e9s padl\u00f3k ki\u00f6nt\u00e9sekor a pontos \u00e9s stabil zsaluz\u00e1s biztos\u00edtja a s\u00edk fel\u00fcletet. A betonform\u00e1z\u00f3 kar\u00f3k seg\u00edtenek fenntartani a zsaluzat helyzet\u00e9t, megakad\u00e1lyozva minden olyan elmozdul\u00e1st, amely egyenetlen vagy nem megfelel\u0151en kikem\u00e9nyed\u0151 betont eredm\u00e9nyezhet.<\/p>\n<h3>Szeg\u00e9lyek \u00e9s ereszcsatorn\u00e1k<\/h3>\n<p>A betonform\u00e1z\u00f3 kar\u00f3kat a j\u00e1rdaszeg\u00e9lyek \u00e9s ereszcsatorn\u00e1k \u00e9p\u00edt\u00e9s\u00e9n\u00e9l is haszn\u00e1lj\u00e1k, ahol a k\u00edv\u00e1nt form\u00e1k \u00e9s sz\u00f6gek kialak\u00edt\u00e1s\u00e1hoz pontos zsaluz\u00e1sra van sz\u00fcks\u00e9g. A zsaluzat r\u00f6gz\u00edt\u00e9s\u00e9vel ezek a kar\u00f3k seg\u00edtenek biztos\u00edtani, hogy a beton megfelel\u0151en szil\u00e1rduljon meg, \u00e9s a k\u00e9sz term\u00e9k funkcion\u00e1lis \u00e9s eszt\u00e9tikus legyen.<\/p>\n<h3>Hidak \u00e9s fel\u00fclj\u00e1r\u00f3k<\/h3>\n<p>A nagy infrastruktur\u00e1lis projektek, mint p\u00e9ld\u00e1ul a hidak \u00e9s fel\u00fclj\u00e1r\u00f3k, robusztus zsaluzatot ig\u00e9nyelnek, hogy kezelni tudj\u00e1k a beton jelent\u0151s s\u00faly\u00e1t \u00e9s mennyis\u00e9g\u00e9t. A betonform\u00e1z\u00f3 kar\u00f3k biztos\u00edtj\u00e1k a sz\u00fcks\u00e9ges t\u00e1maszt\u00e9kot a zsaluzat helyben tart\u00e1s\u00e1hoz, biztos\u00edtva a beton megfelel\u0151 szil\u00e1rds\u00e1g\u00e1t \u00e9s a k\u00e9sz szerkezet szil\u00e1rds\u00e1g\u00e1t \u00e9s stabilit\u00e1s\u00e1t.<\/p>\n<h3>Oszlopok \u00e9s gerend\u00e1k<\/h3>\n<p>Az oszlopok \u00e9s gerend\u00e1k \u00e9p\u00edt\u00e9s\u00e9n\u00e9l a betonzsaluk biztos\u00edtj\u00e1k a f\u00fcgg\u0151leges \u00e9s v\u00edzszintes zsaluzatot, amely ezeket a szerkezeti elemeket form\u00e1lja. A zsaluzat helyzet\u00e9nek fenntart\u00e1s\u00e1val ezek a kar\u00f3k seg\u00edtenek biztos\u00edtani, hogy a beton megfelel\u0151en szil\u00e1rduljon meg, \u00e9s az oszlopok \u00e9s gerend\u00e1k er\u0151sek \u00e9s megfelel\u0151en igazodjanak egym\u00e1shoz.<\/p>\n<h3>Dekorat\u00edv beton munka<\/h3>\n<p>A betonform\u00e1z\u00f3 kar\u00f3kat dekorat\u00edv betonmunk\u00e1kn\u00e1l is haszn\u00e1lj\u00e1k, p\u00e9ld\u00e1ul b\u00e9lyegzett vagy sz\u00ednes betonfel\u00fcletekn\u00e9l. A zsaluzat r\u00f6gz\u00edt\u00e9s\u00e9vel ezek a kar\u00f3k seg\u00edtenek biztos\u00edtani, hogy a d\u00edsz\u00edt\u0151elemek pontosan legyenek kialak\u00edtva, \u00e9s a k\u00e9sz fel\u00fclet megfeleljen a k\u00edv\u00e1nt eszt\u00e9tikai k\u00f6vetelm\u00e9nyeknek.<\/p>\n<h2>K\u00f6vetkeztet\u00e9s<\/h2>\n<p>A betonzsalukar\u00f3k az \u00e9p\u00edt\u0151iparban n\u00e9lk\u00fcl\u00f6zhetetlen eszk\u00f6z\u00f6k, amelyek a legk\u00fcl\u00f6nb\u00f6z\u0151bb alkalmaz\u00e1sokban biztos\u00edtj\u00e1k a sz\u00fcks\u00e9ges al\u00e1t\u00e1maszt\u00e1st \u00e9s stabilit\u00e1st a zsaluz\u00e1shoz. Ak\u00e1r egy kis lak\u00f3\u00e9p\u00fcletben, ak\u00e1r egy nagy kereskedelmi infrastrukt\u00far\u00e1n dolgozik, a megfelel\u0151 t\u00edpus\u00fa \u00e9s m\u00e9ret\u0171 betonzsalukar\u00f3k jelent\u0151s k\u00fcl\u00f6nbs\u00e9get jelenthetnek a betonszerkezetek min\u0151s\u00e9g\u00e9ben \u00e9s stabilit\u00e1s\u00e1ban. A k\u00fcl\u00f6nb\u00f6z\u0151 t\u00edpus\u00fa kar\u00f3k \u00e9s alkalmaz\u00e1suk meg\u00e9rt\u00e9se seg\u00edt \u00d6nnek kiv\u00e1lasztani a legjobb lehet\u0151s\u00e9geket az \u00d6n konkr\u00e9t \u00e9p\u00edt\u00e9si ig\u00e9nyeihez.<\/p>","protected":false},"excerpt":{"rendered":"<p>A betonzsalukar\u00f3k alapvet\u0151 eszk\u00f6z\u00f6k az \u00e9p\u00edt\u0151iparban, amelyeket a betonoz\u00e1shoz haszn\u00e1lt zsaluzatok r\u00f6gz\u00edt\u00e9s\u00e9re \u00e9s stabiliz\u00e1l\u00e1s\u00e1ra haszn\u00e1lnak. Ezek a kar\u00f3k biztos\u00edtj\u00e1k, hogy a beton megfelel\u0151en szil\u00e1rduljon meg, a k\u00fcl\u00f6nb\u00f6z\u0151 \u00e9p\u00edt\u00e9si projektekhez sz\u00fcks\u00e9ges form\u00e1t \u00e9s al\u00e1t\u00e1maszt\u00e1st biztos\u00edtva. Ebben az \u00fatmutat\u00f3ban megvizsg\u00e1ljuk a k\u00fcl\u00f6nb\u00f6z\u0151 betonk\u00e9pz\u0151 kar\u00f3kat, azok gyakori m\u00e9reteit \u00e9s az \u00e9p\u00edt\u0151iparban val\u00f3 v\u00e1ltozatos alkalmaz\u00e1sukat.<\/p>","protected":false},"featured_media":7353,"comment_status":"open","ping_status":"closed","template":"","meta":{"site-sidebar-layout":"default","site-content-layout":"","ast-site-content-layout":"default","site-content-style":"default","site-sidebar-style":"default","ast-global-header-display":"","ast-banner-title-visibility":"","ast-main-header-display":"","ast-hfb-above-header-display":"","ast-hfb-below-header-display":"","ast-hfb-mobile-header-display":"","site-post-title":"","ast-breadcrumbs-content":"","ast-featured-img":"","footer-sml-layout":"","theme-transparent-header-meta":"default","adv-header-id-meta":"","stick-header-meta":"default","header-above-stick-meta":"","header-main-stick-meta":"","header-below-stick-meta":"","astra-migrate-meta-layouts":"set","ast-page-background-enabled":"default","ast-page-background-meta":{"desktop":{"background-color":"","background-image":"","background-repeat":"repeat","background-position":"center center","background-size":"auto","background-attachment":"scroll","background-type":"","background-media":"","overlay-type":"","overlay-color":"","overlay-opacity":"","overlay-gradient":""},"tablet":{"background-color":"","background-image":"","background-repeat":"repeat","background-position":"center center","background-size":"auto","background-attachment":"scroll","background-type":"","background-media":"","overlay-type":"","overlay-color":"","overlay-opacity":"","overlay-gradient":""},"mobile":{"background-color":"","background-image":"","background-repeat":"repeat","background-position":"center center","background-size":"auto","background-attachment":"scroll","background-type":"","background-media":"","overlay-type":"","overlay-color":"","overlay-opacity":"","overlay-gradient":""}},"ast-content-background-meta":{"desktop":{"background-color":"var(--ast-global-color-5)","background-image":"","background-repeat":"repeat","background-position":"center center","background-size":"auto","background-attachment":"scroll","background-type":"","background-media":"","overlay-type":"","overlay-color":"","overlay-opacity":"","overlay-gradient":""},"tablet":{"background-color":"var(--ast-global-color-5)","background-image":"","background-repeat":"repeat","background-position":"center center","background-size":"auto","background-attachment":"scroll","background-type":"","background-media":"","overlay-type":"","overlay-color":"","overlay-opacity":"","overlay-gradient":""},"mobile":{"background-color":"var(--ast-global-color-5)","background-image":"","background-repeat":"repeat","background-position":"center center","background-size":"auto","background-attachment":"scroll","background-type":"","background-media":"","overlay-type":"","overlay-color":"","overlay-opacity":"","overlay-gradient":""}}},"product_brand":[],"product_cat":[53],"product_tag":[],"class_list":{"0":"post-7352","1":"product","2":"type-product","3":"status-publish","4":"has-post-thumbnail","6":"product_cat-steel-stake","7":"desktop-align-left","8":"tablet-align-left","9":"mobile-align-left","10":"ast-product-gallery-layout-horizontal-slider","11":"ast-product-tabs-layout-horizontal","13":"first","14":"instock","15":"featured","16":"shipping-taxable","17":"purchasable","18":"product-type-simple"},"yoast_head":"<!-- This site is optimized with the Yoast SEO plugin v25.2 - https:\/\/yoast.com\/wordpress\/plugins\/seo\/ -->\n<title>Concrete Forming Stake Round Steel Stake<\/title>\n<meta name=\"description\" content=\"Concrete forming stakes are essential tools in the construction industry, used to secure and stabilize formwork for concrete pours.\" \/>\n<meta name=\"robots\" content=\"index, follow, max-snippet:-1, max-image-preview:large, max-video-preview:-1\" \/>\n<link rel=\"canonical\" href=\"https:\/\/qingdaohf.com\/hu\/termek\/betonkepzo-karo\/\" \/>\n<meta property=\"og:locale\" content=\"hu_HU\" \/>\n<meta property=\"og:type\" content=\"article\" \/>\n<meta property=\"og:title\" content=\"Concrete Forming Stake Round Steel Stake\" \/>\n<meta property=\"og:description\" content=\"Concrete forming stakes are essential tools in the construction industry, used to secure and stabilize formwork for concrete pours.\" \/>\n<meta property=\"og:url\" content=\"https:\/\/qingdaohf.com\/hu\/termek\/betonkepzo-karo\/\" \/>\n<meta property=\"og:site_name\" content=\"Concrete Form &amp; Rigging Hardware Supplier\" \/>\n<meta property=\"article:publisher\" content=\"https:\/\/www.facebook.com\/qingdaohf\" \/>\n<meta property=\"article:modified_time\" content=\"2025-11-13T01:03:16+00:00\" \/>\n<meta property=\"og:image\" content=\"https:\/\/qingdaohf.com\/wp-content\/uploads\/2024\/05\/Concrete-Forming-Stake.jpg\" \/>\n\t<meta property=\"og:image:width\" content=\"1000\" \/>\n\t<meta property=\"og:image:height\" content=\"1000\" \/>\n\t<meta property=\"og:image:type\" content=\"image\/jpeg\" \/>\n<meta name=\"twitter:card\" content=\"summary_large_image\" \/>\n<meta name=\"twitter:label1\" content=\"Becs\u00fclt olvas\u00e1si id\u0151\" \/>\n\t<meta name=\"twitter:data1\" content=\"5 perc\" \/>\n<script type=\"application\/ld+json\" class=\"yoast-schema-graph\">{\"@context\":\"https:\/\/schema.org\",\"@graph\":[{\"@type\":\"WebPage\",\"@id\":\"https:\/\/qingdaohf.com\/product\/concrete-forming-stake\/\",\"url\":\"https:\/\/qingdaohf.com\/product\/concrete-forming-stake\/\",\"name\":\"Concrete Forming Stake Round Steel Stake\",\"isPartOf\":{\"@id\":\"https:\/\/qingdaohf.com\/bg\/#website\"},\"primaryImageOfPage\":{\"@id\":\"https:\/\/qingdaohf.com\/product\/concrete-forming-stake\/#primaryimage\"},\"image\":{\"@id\":\"https:\/\/qingdaohf.com\/product\/concrete-forming-stake\/#primaryimage\"},\"thumbnailUrl\":\"https:\/\/qingdaohf.com\/wp-content\/uploads\/2024\/05\/Concrete-Forming-Stake.jpg\",\"datePublished\":\"2024-05-27T03:44:05+00:00\",\"dateModified\":\"2025-11-13T01:03:16+00:00\",\"description\":\"Concrete forming stakes are essential tools in the construction industry, used to secure and stabilize formwork for concrete pours.\",\"breadcrumb\":{\"@id\":\"https:\/\/qingdaohf.com\/product\/concrete-forming-stake\/#breadcrumb\"},\"inLanguage\":\"hu\",\"potentialAction\":[{\"@type\":\"ReadAction\",\"target\":[\"https:\/\/qingdaohf.com\/product\/concrete-forming-stake\/\"]}]},{\"@type\":\"ImageObject\",\"inLanguage\":\"hu\",\"@id\":\"https:\/\/qingdaohf.com\/product\/concrete-forming-stake\/#primaryimage\",\"url\":\"https:\/\/qingdaohf.com\/wp-content\/uploads\/2024\/05\/Concrete-Forming-Stake.jpg\",\"contentUrl\":\"https:\/\/qingdaohf.com\/wp-content\/uploads\/2024\/05\/Concrete-Forming-Stake.jpg\",\"width\":1000,\"height\":1000},{\"@type\":\"BreadcrumbList\",\"@id\":\"https:\/\/qingdaohf.com\/product\/concrete-forming-stake\/#breadcrumb\",\"itemListElement\":[{\"@type\":\"ListItem\",\"position\":1,\"name\":\"Home\",\"item\":\"https:\/\/qingdaohf.com\/\"},{\"@type\":\"ListItem\",\"position\":2,\"name\":\"Concrete Forming Accessories and Rigging Hardware\",\"item\":\"https:\/\/qingdaohf.com\/bg\/?page_id=944\"},{\"@type\":\"ListItem\",\"position\":3,\"name\":\"Concrete Forming Stake Round Steel Stake\"}]},{\"@type\":\"WebSite\",\"@id\":\"https:\/\/qingdaohf.com\/bg\/#website\",\"url\":\"https:\/\/qingdaohf.com\/bg\/\",\"name\":\"Concrete Form & Rigging Hardware Supplier\",\"description\":\"\",\"publisher\":{\"@id\":\"https:\/\/qingdaohf.com\/bg\/#organization\"},\"potentialAction\":[{\"@type\":\"SearchAction\",\"target\":{\"@type\":\"EntryPoint\",\"urlTemplate\":\"https:\/\/qingdaohf.com\/bg\/?s={search_term_string}\"},\"query-input\":{\"@type\":\"PropertyValueSpecification\",\"valueRequired\":true,\"valueName\":\"search_term_string\"}}],\"inLanguage\":\"hu\"},{\"@type\":\"Organization\",\"@id\":\"https:\/\/qingdaohf.com\/bg\/#organization\",\"name\":\"Qingdao H&F\",\"url\":\"https:\/\/qingdaohf.com\/bg\/\",\"logo\":{\"@type\":\"ImageObject\",\"inLanguage\":\"hu\",\"@id\":\"https:\/\/qingdaohf.com\/bg\/#\/schema\/logo\/image\/\",\"url\":\"https:\/\/qingdaohf.com\/wp-content\/uploads\/2022\/12\/cropped-HF-LOGO.png\",\"contentUrl\":\"https:\/\/qingdaohf.com\/wp-content\/uploads\/2022\/12\/cropped-HF-LOGO.png\",\"width\":391,\"height\":249,\"caption\":\"Qingdao H&F\"},\"image\":{\"@id\":\"https:\/\/qingdaohf.com\/bg\/#\/schema\/logo\/image\/\"},\"sameAs\":[\"https:\/\/www.facebook.com\/qingdaohf\"]}]}<\/script>\n<!-- \/ Yoast SEO plugin. -->","yoast_head_json":{"title":"Concrete Forming Stake Round Steel Stake","description":"Concrete forming stakes are essential tools in the construction industry, used to secure and stabilize formwork for concrete pours.","robots":{"index":"index","follow":"follow","max-snippet":"max-snippet:-1","max-image-preview":"max-image-preview:large","max-video-preview":"max-video-preview:-1"},"canonical":"https:\/\/qingdaohf.com\/hu\/termek\/betonkepzo-karo\/","og_locale":"hu_HU","og_type":"article","og_title":"Concrete Forming Stake Round Steel Stake","og_description":"Concrete forming stakes are essential tools in the construction industry, used to secure and stabilize formwork for concrete pours.","og_url":"https:\/\/qingdaohf.com\/hu\/termek\/betonkepzo-karo\/","og_site_name":"Concrete Form &amp; Rigging Hardware Supplier","article_publisher":"https:\/\/www.facebook.com\/qingdaohf","article_modified_time":"2025-11-13T01:03:16+00:00","og_image":[{"width":1000,"height":1000,"url":"https:\/\/qingdaohf.com\/wp-content\/uploads\/2024\/05\/Concrete-Forming-Stake.jpg","type":"image\/jpeg"}],"twitter_card":"summary_large_image","twitter_misc":{"Becs\u00fclt olvas\u00e1si id\u0151":"5 perc"},"schema":{"@context":"https:\/\/schema.org","@graph":[{"@type":"WebPage","@id":"https:\/\/qingdaohf.com\/product\/concrete-forming-stake\/","url":"https:\/\/qingdaohf.com\/product\/concrete-forming-stake\/","name":"Concrete Forming Stake Round Steel Stake","isPartOf":{"@id":"https:\/\/qingdaohf.com\/bg\/#website"},"primaryImageOfPage":{"@id":"https:\/\/qingdaohf.com\/product\/concrete-forming-stake\/#primaryimage"},"image":{"@id":"https:\/\/qingdaohf.com\/product\/concrete-forming-stake\/#primaryimage"},"thumbnailUrl":"https:\/\/qingdaohf.com\/wp-content\/uploads\/2024\/05\/Concrete-Forming-Stake.jpg","datePublished":"2024-05-27T03:44:05+00:00","dateModified":"2025-11-13T01:03:16+00:00","description":"Concrete forming stakes are essential tools in the construction industry, used to secure and stabilize formwork for concrete pours.","breadcrumb":{"@id":"https:\/\/qingdaohf.com\/product\/concrete-forming-stake\/#breadcrumb"},"inLanguage":"hu","potentialAction":[{"@type":"ReadAction","target":["https:\/\/qingdaohf.com\/product\/concrete-forming-stake\/"]}]},{"@type":"ImageObject","inLanguage":"hu","@id":"https:\/\/qingdaohf.com\/product\/concrete-forming-stake\/#primaryimage","url":"https:\/\/qingdaohf.com\/wp-content\/uploads\/2024\/05\/Concrete-Forming-Stake.jpg","contentUrl":"https:\/\/qingdaohf.com\/wp-content\/uploads\/2024\/05\/Concrete-Forming-Stake.jpg","width":1000,"height":1000},{"@type":"BreadcrumbList","@id":"https:\/\/qingdaohf.com\/product\/concrete-forming-stake\/#breadcrumb","itemListElement":[{"@type":"ListItem","position":1,"name":"Home","item":"https:\/\/qingdaohf.com\/"},{"@type":"ListItem","position":2,"name":"Concrete Forming Accessories and Rigging Hardware","item":"https:\/\/qingdaohf.com\/bg\/?page_id=944"},{"@type":"ListItem","position":3,"name":"Concrete Forming Stake Round Steel Stake"}]},{"@type":"WebSite","@id":"https:\/\/qingdaohf.com\/bg\/#website","url":"https:\/\/qingdaohf.com\/bg\/","name":"Concrete Form & Rigging Hardware Supplier","description":"","publisher":{"@id":"https:\/\/qingdaohf.com\/bg\/#organization"},"potentialAction":[{"@type":"SearchAction","target":{"@type":"EntryPoint","urlTemplate":"https:\/\/qingdaohf.com\/bg\/?s={search_term_string}"},"query-input":{"@type":"PropertyValueSpecification","valueRequired":true,"valueName":"search_term_string"}}],"inLanguage":"hu"},{"@type":"Organization","@id":"https:\/\/qingdaohf.com\/bg\/#organization","name":"Qingdao H&F","url":"https:\/\/qingdaohf.com\/bg\/","logo":{"@type":"ImageObject","inLanguage":"hu","@id":"https:\/\/qingdaohf.com\/bg\/#\/schema\/logo\/image\/","url":"https:\/\/qingdaohf.com\/wp-content\/uploads\/2022\/12\/cropped-HF-LOGO.png","contentUrl":"https:\/\/qingdaohf.com\/wp-content\/uploads\/2022\/12\/cropped-HF-LOGO.png","width":391,"height":249,"caption":"Qingdao H&F"},"image":{"@id":"https:\/\/qingdaohf.com\/bg\/#\/schema\/logo\/image\/"},"sameAs":["https:\/\/www.facebook.com\/qingdaohf"]}]}},"_links":{"self":[{"href":"https:\/\/qingdaohf.com\/hu\/wp-json\/wp\/v2\/product\/7352","targetHints":{"allow":["GET"]}}],"collection":[{"href":"https:\/\/qingdaohf.com\/hu\/wp-json\/wp\/v2\/product"}],"about":[{"href":"https:\/\/qingdaohf.com\/hu\/wp-json\/wp\/v2\/types\/product"}],"replies":[{"embeddable":true,"href":"https:\/\/qingdaohf.com\/hu\/wp-json\/wp\/v2\/comments?post=7352"}],"version-history":[{"count":6,"href":"https:\/\/qingdaohf.com\/hu\/wp-json\/wp\/v2\/product\/7352\/revisions"}],"predecessor-version":[{"id":10342,"href":"https:\/\/qingdaohf.com\/hu\/wp-json\/wp\/v2\/product\/7352\/revisions\/10342"}],"wp:featuredmedia":[{"embeddable":true,"href":"https:\/\/qingdaohf.com\/hu\/wp-json\/wp\/v2\/media\/7353"}],"wp:attachment":[{"href":"https:\/\/qingdaohf.com\/hu\/wp-json\/wp\/v2\/media?parent=7352"}],"wp:term":[{"taxonomy":"product_brand","embeddable":true,"href":"https:\/\/qingdaohf.com\/hu\/wp-json\/wp\/v2\/product_brand?post=7352"},{"taxonomy":"product_cat","embeddable":true,"href":"https:\/\/qingdaohf.com\/hu\/wp-json\/wp\/v2\/product_cat?post=7352"},{"taxonomy":"product_tag","embeddable":true,"href":"https:\/\/qingdaohf.com\/hu\/wp-json\/wp\/v2\/product_tag?post=7352"}],"curies":[{"name":"wp","href":"https:\/\/api.w.org\/{rel}","templated":true}]}}