{"id":7381,"date":"2024-05-28T18:22:19","date_gmt":"2024-05-28T10:22:19","guid":{"rendered":"http:\/\/qingdaohf.com\/?post_type=product&#038;p=7381"},"modified":"2025-11-13T09:03:16","modified_gmt":"2025-11-13T01:03:16","slug":"concrete-wall-snap-ties","status":"publish","type":"product","link":"https:\/\/qingdaohf.com\/hu\/termek\/betonfal-rogzitoelemek\/","title":{"rendered":"Beton falik\u00f6tegek"},"content":{"rendered":"<p>A betonfal-\u00f6sszek\u00f6t\u0151k a betonfalak kialak\u00edt\u00e1s\u00e1nak alapvet\u0151 elemei, amelyek biztos\u00edtj\u00e1k a sz\u00fcks\u00e9ges al\u00e1t\u00e1maszt\u00e1st \u00e9s stabilit\u00e1st a betonoz\u00e1s \u00e9s a szil\u00e1rdul\u00e1si folyamat sor\u00e1n. A snap-k\u00f6tegeinket a megb\u00edzhat\u00f3s\u00e1g \u00e9s a k\u00f6nny\u0171 haszn\u00e1lat \u00e9rdek\u00e9ben tervezt\u00e9k, biztos\u00edtva, hogy \u00e9p\u00edt\u00e9si projektjei hat\u00e9konyan \u00e9s a legmagasabb sz\u00ednvonalon k\u00e9sz\u00fcljenek el.<\/p>\n<h4>Term\u00e9kv\u00e1ltozatok<\/h4>\n<p>A beton falik\u00f6t\u0151inket hosszuk \u00e9s t\u00edpusuk alapj\u00e1n kategoriz\u00e1ljuk:<\/p>\n<p><strong>4-3\/4 \"r\u00f6vid v\u00e9ge<\/strong><\/p>\n<p><strong>8-1\/4 \"hossz\u00fa v\u00e9ge<\/strong><\/p>\n<p>Ezenk\u00edv\u00fcl k\u00e9tf\u00e9le konfigur\u00e1ci\u00f3ban kaphat\u00f3k:<\/p>\n<p><strong>Snap Ties al\u00e1t\u00e9ttel<\/strong><\/p>\n<p>&nbsp;<\/p>\n<p><strong>Snap Ties m\u0171anyag k\u00fappal<\/strong><\/p>\n<p><img fetchpriority=\"high\" decoding=\"async\" class=\"alignnone size-full wp-image-1676\" src=\"http:\/\/qingdaohf.com\/wp-content\/uploads\/2023\/01\/snap-tie-4.webp\" alt=\"nyakkend\u0151\" width=\"800\" height=\"800\" srcset=\"https:\/\/qingdaohf.com\/wp-content\/uploads\/2023\/01\/snap-tie-4.webp 800w, https:\/\/qingdaohf.com\/wp-content\/uploads\/2023\/01\/snap-tie-4-500x500.webp 500w, https:\/\/qingdaohf.com\/wp-content\/uploads\/2023\/01\/snap-tie-4-100x100.webp 100w, https:\/\/qingdaohf.com\/wp-content\/uploads\/2023\/01\/snap-tie-4-300x300.webp 300w, https:\/\/qingdaohf.com\/wp-content\/uploads\/2023\/01\/snap-tie-4-150x150.webp 150w, https:\/\/qingdaohf.com\/wp-content\/uploads\/2023\/01\/snap-tie-4-768x768.webp 768w, https:\/\/qingdaohf.com\/wp-content\/uploads\/2023\/01\/snap-tie-4-600x600.webp 600w, https:\/\/qingdaohf.com\/wp-content\/uploads\/2023\/01\/snap-tie-4-50x50.webp 50w\" sizes=\"(max-width: 800px) 100vw, 800px\" \/><\/p>\n<h4>F\u0151 jellemz\u0151k<\/h4>\n<p><strong>Tart\u00f3ss\u00e1g<\/strong>: Kiv\u00e1l\u00f3 min\u0151s\u00e9g\u0171 ac\u00e9lb\u00f3l k\u00e9sz\u00fcltek, \u00e9s \u00fagy tervezt\u00e9k, hogy ellen\u00e1lljanak a jelent\u0151s nyom\u00e1snak, biztos\u00edtva a betonfalak \u00e9ps\u00e9g\u00e9t.<\/p>\n<p><strong>Sokoldal\u00fas\u00e1g<\/strong>: Alkalmas k\u00fcl\u00f6nb\u00f6z\u0151 falvastags\u00e1gokhoz \u00e9s szerkezeti k\u00f6vetelm\u00e9nyekhez, rugalmas felhaszn\u00e1l\u00e1st biztos\u00edtva.<\/p>\n<p><strong>K\u00f6nny\u0171 haszn\u00e1lat<\/strong>: A snap tie kialak\u00edt\u00e1s leegyszer\u0171s\u00edti a zsaluz\u00e1si folyamatot, gyorsabb\u00e1 \u00e9s hat\u00e9konyabb\u00e1 t\u00e9ve a fel- \u00e9s leszerel\u00e9st.<\/p>\n<p><strong>Biztons\u00e1gos illeszked\u00e9s<\/strong>: Mind az al\u00e1t\u00e9t, mind a m\u0171anyag k\u00fapv\u00e1ltozatok biztos illeszked\u00e9st biztos\u00edtanak, megakad\u00e1lyozva a beton sziv\u00e1rg\u00e1s\u00e1t \u00e9s biztos\u00edtva a sima fel\u00fcletet.<\/p>\n<h4>R\u00e9szletes le\u00edr\u00e1sok<\/h4>\n<p><strong>4-3\/4 \"r\u00f6vid v\u00e9g\u0171 p\u00e1ntszalagok<\/strong> Ezek a k\u00f6t\u00e9sek ide\u00e1lisak a r\u00f6videbb feszt\u00e1vols\u00e1g\u00fa projektekhez. A r\u00f6vid v\u00e9g\u0171 kialak\u00edt\u00e1s t\u00f6k\u00e9letes a sz\u0171k, kompakt falak kialak\u00edt\u00e1s\u00e1hoz, biztos\u00edtva a szoros illeszked\u00e9st \u00e9s minimaliz\u00e1lva a mozg\u00e1si kock\u00e1zatot a kikem\u00e9nyed\u00e9si folyamat sor\u00e1n.<\/p>\n<p><strong>8-1\/4 \"Hossz\u00fa v\u00e9g\u0171 p\u00e1ntszalagok<\/strong> A nagyobb projektekhez tervezett, hossz\u00fa v\u00e9g\u0171 snap-k\u00f6tegel\u0151k nagyobb hat\u00f3t\u00e1vols\u00e1got \u00e9s t\u00e1mogat\u00e1st ny\u00fajtanak a vastagabb falakhoz. Ez a v\u00e1ltozat t\u00f6k\u00e9letes a jelent\u0151s szerkezetekhez, mivel biztos\u00edtja a sz\u00fcks\u00e9ges hossz\u00fas\u00e1got a zsaluzat stabilit\u00e1s\u00e1nak fenntart\u00e1s\u00e1hoz a sz\u00e9lesebb szakaszokon.<\/p>\n<p><strong>Snap Ties al\u00e1t\u00e9ttel<\/strong> Az al\u00e1t\u00e9t konfigur\u00e1ci\u00f3 egy extra r\u00e9teg stabilit\u00e1st \u00e9s t\u00e1maszt ad, biztos\u00edtva, hogy az \u00f6nt\u00e9si folyamat sor\u00e1n a snap tie szil\u00e1rdan a hely\u00e9n maradjon. Ez az opci\u00f3 k\u00fcl\u00f6n\u00f6sen hasznos nagynyom\u00e1s\u00fa k\u00f6rnyezetben, ahol tov\u00e1bbi meger\u0151s\u00edt\u00e9sre van sz\u00fcks\u00e9g.<\/p>\n<p><strong>Snap Ties m\u0171anyag k\u00fappal<\/strong> A m\u0171anyag k\u00fapv\u00e1ltozat hat\u00e9kony \u00e9s \u00fajrafelhaszn\u00e1lhat\u00f3 megold\u00e1st k\u00edn\u00e1l, amely a beton megszil\u00e1rdul\u00e1sa ut\u00e1n k\u00f6nnyen elt\u00e1vol\u00edthat\u00f3. A k\u00fap seg\u00edt a tiszta, k\u00e9sz megjelen\u00e9s kialak\u00edt\u00e1s\u00e1ban, cs\u00f6kkentve a tov\u00e1bbi befejez\u0151 munk\u00e1k sz\u00fcks\u00e9gess\u00e9g\u00e9t.<\/p>\n<h4>Alkalmaz\u00e1sok<\/h4>\n<p>A beton falik\u00f6tegeket sz\u00e1mos \u00e9p\u00edt\u00e9si projektben haszn\u00e1lj\u00e1k, t\u00f6bbek k\u00f6z\u00f6tt:<\/p>\n<p>Lakoss\u00e1gi alap\u00edtv\u00e1nyok<\/p>\n<p>Kereskedelmi \u00e9p\u00fcletek falai<\/p>\n<p>Tart\u00f3falak<\/p>\n<p>Pinc\u00e9k<\/p>\n<p>H\u00edd\u00e9p\u00edt\u00e9s<\/p>\n<p>A pontos \u00e9s szil\u00e1rd betonszerkezetek l\u00e9trehoz\u00e1s\u00e1ra t\u00f6rekv\u0151 v\u00e1llalkoz\u00f3k \u00e9s \u00e9p\u00edt\u0151k sz\u00e1m\u00e1ra n\u00e9lk\u00fcl\u00f6zhetetlen eszk\u00f6zt jelentenek.<\/p>\n<h4>El\u0151ny\u00f6k<\/h4>\n<p><strong>Id\u0151hat\u00e9konys\u00e1g<\/strong>: Egyszer\u0171s\u00edtse az \u00e9p\u00edt\u00e9si folyamatot a gyorsan telep\u00edthet\u0151 \u00e9s elt\u00e1vol\u00edthat\u00f3 snap-k\u00f6t\u00e9sekkel, cs\u00f6kkentve a munkaer\u0151k\u00f6lts\u00e9geket \u00e9s a projektid\u0151szakot.<\/p>\n<p><strong>K\u00f6lts\u00e9ghat\u00e9kony<\/strong>: \u00dajrafelhaszn\u00e1lhat\u00f3ak \u00e9s tart\u00f3sak, ezek a snap-k\u00f6t\u00e9sek k\u00f6lts\u00e9ghat\u00e9kony megold\u00e1st k\u00edn\u00e1lnak t\u00f6bb projekthez.<\/p>\n<p><strong>Nagy teljes\u00edtm\u00e9ny<\/strong>: Biztos\u00edtsa a betonfalak legmagasabb min\u0151s\u00e9g\u00e9t a k\u00f6vetkezetes al\u00e1t\u00e1maszt\u00e1st \u00e9s megb\u00edzhat\u00f3s\u00e1got biztos\u00edt\u00f3 snap-k\u00f6t\u00e9sekkel.<\/p>\n<h4>Telep\u00edt\u00e9si \u00fatmutat\u00f3<\/h4>\n<p><strong>K\u00e9sz\u00edts\u00fck el\u0151 a zsaluzatot<\/strong>: \u00c1ll\u00edtsa fel a zsaluzatot a projekt el\u0151\u00edr\u00e1sainak megfelel\u0151en.<\/p>\n<p><strong>Beillesztett p\u00e1ntszalagok<\/strong>: Helyezze el a snap-k\u00f6tegel\u0151ket a zsaluzaton kereszt\u00fcl a sz\u00fcks\u00e9ges id\u0151k\u00f6z\u00f6nk\u00e9nt.<\/p>\n<p><strong>Biztons\u00e1gos k\u00f6t\u00e9sek<\/strong>: A vari\u00e1ci\u00f3t\u00f3l f\u00fcgg\u0151en r\u00f6gz\u00edtse a k\u00f6teleket al\u00e1t\u00e9tekkel vagy m\u0171anyag k\u00fapokkal.<\/p>\n<p><strong>Betont \u00f6nteni<\/strong>: \u00d3vatosan \u00f6ntse a betont, biztos\u00edtva, hogy az egyenletesen folyik a betonk\u00f6tegek k\u00f6r\u00fcl.<\/p>\n<p><strong>Enged\u00e9lyezze a be\u00e1ll\u00edt\u00e1sokat<\/strong>: Hagyja a betont megszil\u00e1rdulni a projektir\u00e1nyelvek szerint.<\/p>\n<p><strong>Zsaluzat elt\u00e1vol\u00edt\u00e1sa<\/strong>: Miut\u00e1n a beton megdermedt, t\u00e1vol\u00edtsa el a zsaluzatot, \u00e9s v\u00e1gja le a k\u00f6t\u00e9sek szabadon hagyott v\u00e9geit.<\/p>\n<h4>Karbantart\u00e1s \u00e9s t\u00e1rol\u00e1s<\/h4>\n<p><strong>Tiszt\u00edt\u00e1s<\/strong>: Minden haszn\u00e1lat ut\u00e1n tiszt\u00edtsa meg a snap-k\u00f6tegel\u0151ket, hogy elt\u00e1vol\u00edtsa a betonmaradv\u00e1nyokat.<\/p>\n<p><strong>Ellen\u0151rz\u00e9s<\/strong>: Rendszeresen ellen\u0151rizze a nyakkend\u0151ket a kop\u00e1s vagy s\u00e9r\u00fcl\u00e9s jelei miatt.<\/p>\n<p><strong>T\u00e1rol\u00e1s<\/strong>: Sz\u00e1raz, h\u0171v\u00f6s helyen t\u00e1rolja a rozsd\u00e1sod\u00e1s megel\u0151z\u00e9se \u00e9s az \u00e9lettartam meghosszabb\u00edt\u00e1sa \u00e9rdek\u00e9ben.<\/p>\n<h4>Mi\u00e9rt v\u00e1lassza a mi pattint\u00f3s nyakkend\u0151inket?<\/h4>\n<p>A beton falik\u00f6t\u0151inket prec\u00edzen tervezik \u00e9s a legmagasabb sz\u00ednvonalon gy\u00e1rtj\u00e1k. A tart\u00f3ss\u00e1gra, hat\u00e9konys\u00e1gra \u00e9s teljes\u00edtm\u00e9nyre \u00f6sszpontos\u00edtva, a profi \u00e9p\u00edt\u0151k \u00e9s kivitelez\u0151k el\u0151nyben r\u00e9szes\u00edtik a snap-k\u00f6tegeinket. B\u00edzzon szak\u00e9rtelm\u00fcnkben \u00e9s a min\u0151s\u00e9g ir\u00e1nti elk\u00f6telezetts\u00e9g\u00fcnkben a k\u00f6vetkez\u0151 \u00e9p\u00edt\u00e9si projektje sor\u00e1n.<\/p>","protected":false},"excerpt":{"rendered":"<p>N\u00f6velje betonfalainak szil\u00e1rds\u00e1g\u00e1t \u00e9s stabilit\u00e1s\u00e1t pr\u00e9mium min\u0151s\u00e9g\u0171 betonfal-\u00f6sszek\u00f6t\u0151inkkel. Ezek a 4-3\/4\u2033 r\u00f6vid \u00e9s 8-1\/4\u2033 hossz\u00fa v\u00e9g\u0171 v\u00e1ltozatban kaphat\u00f3k, \u00e9s k\u00e9tf\u00e9le konfigur\u00e1ci\u00f3ban kaphat\u00f3k: al\u00e1t\u00e9tekkel \u00e9s m\u0171anyag k\u00fapokkal, biztos\u00edtva a biztons\u00e1gos \u00e9s hat\u00e9kony \u00e9p\u00edt\u00e9si folyamatot.<\/p>","protected":false},"featured_media":2947,"comment_status":"open","ping_status":"closed","template":"","meta":{"site-sidebar-layout":"default","site-content-layout":"","ast-site-content-layout":"default","site-content-style":"default","site-sidebar-style":"default","ast-global-header-display":"","ast-banner-title-visibility":"","ast-main-header-display":"","ast-hfb-above-header-display":"","ast-hfb-below-header-display":"","ast-hfb-mobile-header-display":"","site-post-title":"","ast-breadcrumbs-content":"","ast-featured-img":"","footer-sml-layout":"","theme-transparent-header-meta":"default","adv-header-id-meta":"","stick-header-meta":"default","header-above-stick-meta":"","header-main-stick-meta":"","header-below-stick-meta":"","astra-migrate-meta-layouts":"set","ast-page-background-enabled":"default","ast-page-background-meta":{"desktop":{"background-color":"","background-image":"","background-repeat":"repeat","background-position":"center center","background-size":"auto","background-attachment":"scroll","background-type":"","background-media":"","overlay-type":"","overlay-color":"","overlay-opacity":"","overlay-gradient":""},"tablet":{"background-color":"","background-image":"","background-repeat":"repeat","background-position":"center center","background-size":"auto","background-attachment":"scroll","background-type":"","background-media":"","overlay-type":"","overlay-color":"","overlay-opacity":"","overlay-gradient":""},"mobile":{"background-color":"","background-image":"","background-repeat":"repeat","background-position":"center center","background-size":"auto","background-attachment":"scroll","background-type":"","background-media":"","overlay-type":"","overlay-color":"","overlay-opacity":"","overlay-gradient":""}},"ast-content-background-meta":{"desktop":{"background-color":"var(--ast-global-color-5)","background-image":"","background-repeat":"repeat","background-position":"center center","background-size":"auto","background-attachment":"scroll","background-type":"","background-media":"","overlay-type":"","overlay-color":"","overlay-opacity":"","overlay-gradient":""},"tablet":{"background-color":"var(--ast-global-color-5)","background-image":"","background-repeat":"repeat","background-position":"center center","background-size":"auto","background-attachment":"scroll","background-type":"","background-media":"","overlay-type":"","overlay-color":"","overlay-opacity":"","overlay-gradient":""},"mobile":{"background-color":"var(--ast-global-color-5)","background-image":"","background-repeat":"repeat","background-position":"center center","background-size":"auto","background-attachment":"scroll","background-type":"","background-media":"","overlay-type":"","overlay-color":"","overlay-opacity":"","overlay-gradient":""}}},"product_brand":[],"product_cat":[63],"product_tag":[],"class_list":{"0":"post-7381","1":"product","2":"type-product","3":"status-publish","4":"has-post-thumbnail","6":"product_cat-concrete-snap-tie","7":"desktop-align-left","8":"tablet-align-left","9":"mobile-align-left","10":"ast-product-gallery-layout-horizontal-slider","11":"ast-product-tabs-layout-horizontal","13":"first","14":"instock","15":"shipping-taxable","16":"purchasable","17":"product-type-simple"},"yoast_head":"<!-- This site is optimized with the Yoast SEO plugin v25.2 - https:\/\/yoast.com\/wordpress\/plugins\/seo\/ -->\n<title>Concrete Wall Snap Ties<\/title>\n<meta name=\"description\" content=\"Enhance the strength and stability of your concrete walls with our premium Concrete Wall Snap Ties. Available in 4-3\/4&quot; short end and 8-1\/4&quot; long end.\" \/>\n<meta name=\"robots\" content=\"index, follow, max-snippet:-1, max-image-preview:large, max-video-preview:-1\" \/>\n<link rel=\"canonical\" href=\"https:\/\/qingdaohf.com\/hu\/termek\/betonfal-rogzitoelemek\/\" \/>\n<meta property=\"og:locale\" content=\"hu_HU\" \/>\n<meta property=\"og:type\" content=\"article\" \/>\n<meta property=\"og:title\" content=\"Concrete Wall Snap Ties\" \/>\n<meta property=\"og:description\" content=\"Enhance the strength and stability of your concrete walls with our premium Concrete Wall Snap Ties. Available in 4-3\/4&quot; short end and 8-1\/4&quot; long end.\" \/>\n<meta property=\"og:url\" content=\"https:\/\/qingdaohf.com\/hu\/termek\/betonfal-rogzitoelemek\/\" \/>\n<meta property=\"og:site_name\" content=\"Concrete Form &amp; Rigging Hardware Supplier\" \/>\n<meta property=\"article:publisher\" content=\"https:\/\/www.facebook.com\/qingdaohf\" \/>\n<meta property=\"article:modified_time\" content=\"2025-11-13T01:03:16+00:00\" \/>\n<meta property=\"og:image\" content=\"https:\/\/qingdaohf.com\/wp-content\/uploads\/2023\/01\/snap-tie-8.jpg\" \/>\n\t<meta property=\"og:image:width\" content=\"1000\" \/>\n\t<meta property=\"og:image:height\" content=\"1000\" \/>\n\t<meta property=\"og:image:type\" content=\"image\/jpeg\" \/>\n<meta name=\"twitter:card\" content=\"summary_large_image\" \/>\n<meta name=\"twitter:label1\" content=\"Becs\u00fclt olvas\u00e1si id\u0151\" \/>\n\t<meta name=\"twitter:data1\" content=\"4 perc\" \/>\n<script type=\"application\/ld+json\" class=\"yoast-schema-graph\">{\"@context\":\"https:\/\/schema.org\",\"@graph\":[{\"@type\":\"WebPage\",\"@id\":\"https:\/\/qingdaohf.com\/product\/concrete-wall-snap-ties\/\",\"url\":\"https:\/\/qingdaohf.com\/product\/concrete-wall-snap-ties\/\",\"name\":\"Concrete Wall Snap Ties\",\"isPartOf\":{\"@id\":\"https:\/\/qingdaohf.com\/bg\/#website\"},\"primaryImageOfPage\":{\"@id\":\"https:\/\/qingdaohf.com\/product\/concrete-wall-snap-ties\/#primaryimage\"},\"image\":{\"@id\":\"https:\/\/qingdaohf.com\/product\/concrete-wall-snap-ties\/#primaryimage\"},\"thumbnailUrl\":\"https:\/\/qingdaohf.com\/wp-content\/uploads\/2023\/01\/snap-tie-8.jpg\",\"datePublished\":\"2024-05-28T10:22:19+00:00\",\"dateModified\":\"2025-11-13T01:03:16+00:00\",\"description\":\"Enhance the strength and stability of your concrete walls with our premium Concrete Wall Snap Ties. Available in 4-3\/4\\\" short end and 8-1\/4\\\" long end.\",\"breadcrumb\":{\"@id\":\"https:\/\/qingdaohf.com\/product\/concrete-wall-snap-ties\/#breadcrumb\"},\"inLanguage\":\"hu\",\"potentialAction\":[{\"@type\":\"ReadAction\",\"target\":[\"https:\/\/qingdaohf.com\/product\/concrete-wall-snap-ties\/\"]}]},{\"@type\":\"ImageObject\",\"inLanguage\":\"hu\",\"@id\":\"https:\/\/qingdaohf.com\/product\/concrete-wall-snap-ties\/#primaryimage\",\"url\":\"https:\/\/qingdaohf.com\/wp-content\/uploads\/2023\/01\/snap-tie-8.jpg\",\"contentUrl\":\"https:\/\/qingdaohf.com\/wp-content\/uploads\/2023\/01\/snap-tie-8.jpg\",\"width\":1000,\"height\":1000,\"caption\":\"concrete wall snap tie\"},{\"@type\":\"BreadcrumbList\",\"@id\":\"https:\/\/qingdaohf.com\/product\/concrete-wall-snap-ties\/#breadcrumb\",\"itemListElement\":[{\"@type\":\"ListItem\",\"position\":1,\"name\":\"Home\",\"item\":\"https:\/\/qingdaohf.com\/\"},{\"@type\":\"ListItem\",\"position\":2,\"name\":\"Concrete Forming Accessories and Rigging Hardware\",\"item\":\"https:\/\/qingdaohf.com\/bg\/?page_id=944\"},{\"@type\":\"ListItem\",\"position\":3,\"name\":\"Concrete Wall Snap Ties\"}]},{\"@type\":\"WebSite\",\"@id\":\"https:\/\/qingdaohf.com\/bg\/#website\",\"url\":\"https:\/\/qingdaohf.com\/bg\/\",\"name\":\"Concrete Form & Rigging Hardware Supplier\",\"description\":\"\",\"publisher\":{\"@id\":\"https:\/\/qingdaohf.com\/bg\/#organization\"},\"potentialAction\":[{\"@type\":\"SearchAction\",\"target\":{\"@type\":\"EntryPoint\",\"urlTemplate\":\"https:\/\/qingdaohf.com\/bg\/?s={search_term_string}\"},\"query-input\":{\"@type\":\"PropertyValueSpecification\",\"valueRequired\":true,\"valueName\":\"search_term_string\"}}],\"inLanguage\":\"hu\"},{\"@type\":\"Organization\",\"@id\":\"https:\/\/qingdaohf.com\/bg\/#organization\",\"name\":\"Qingdao H&F\",\"url\":\"https:\/\/qingdaohf.com\/bg\/\",\"logo\":{\"@type\":\"ImageObject\",\"inLanguage\":\"hu\",\"@id\":\"https:\/\/qingdaohf.com\/bg\/#\/schema\/logo\/image\/\",\"url\":\"https:\/\/qingdaohf.com\/wp-content\/uploads\/2022\/12\/cropped-HF-LOGO.png\",\"contentUrl\":\"https:\/\/qingdaohf.com\/wp-content\/uploads\/2022\/12\/cropped-HF-LOGO.png\",\"width\":391,\"height\":249,\"caption\":\"Qingdao H&F\"},\"image\":{\"@id\":\"https:\/\/qingdaohf.com\/bg\/#\/schema\/logo\/image\/\"},\"sameAs\":[\"https:\/\/www.facebook.com\/qingdaohf\"]}]}<\/script>\n<!-- \/ Yoast SEO plugin. -->","yoast_head_json":{"title":"Concrete Wall Snap Ties","description":"Enhance the strength and stability of your concrete walls with our premium Concrete Wall Snap Ties. Available in 4-3\/4\" short end and 8-1\/4\" long end.","robots":{"index":"index","follow":"follow","max-snippet":"max-snippet:-1","max-image-preview":"max-image-preview:large","max-video-preview":"max-video-preview:-1"},"canonical":"https:\/\/qingdaohf.com\/hu\/termek\/betonfal-rogzitoelemek\/","og_locale":"hu_HU","og_type":"article","og_title":"Concrete Wall Snap Ties","og_description":"Enhance the strength and stability of your concrete walls with our premium Concrete Wall Snap Ties. Available in 4-3\/4\" short end and 8-1\/4\" long end.","og_url":"https:\/\/qingdaohf.com\/hu\/termek\/betonfal-rogzitoelemek\/","og_site_name":"Concrete Form &amp; Rigging Hardware Supplier","article_publisher":"https:\/\/www.facebook.com\/qingdaohf","article_modified_time":"2025-11-13T01:03:16+00:00","og_image":[{"width":1000,"height":1000,"url":"https:\/\/qingdaohf.com\/wp-content\/uploads\/2023\/01\/snap-tie-8.jpg","type":"image\/jpeg"}],"twitter_card":"summary_large_image","twitter_misc":{"Becs\u00fclt olvas\u00e1si id\u0151":"4 perc"},"schema":{"@context":"https:\/\/schema.org","@graph":[{"@type":"WebPage","@id":"https:\/\/qingdaohf.com\/product\/concrete-wall-snap-ties\/","url":"https:\/\/qingdaohf.com\/product\/concrete-wall-snap-ties\/","name":"Concrete Wall Snap Ties","isPartOf":{"@id":"https:\/\/qingdaohf.com\/bg\/#website"},"primaryImageOfPage":{"@id":"https:\/\/qingdaohf.com\/product\/concrete-wall-snap-ties\/#primaryimage"},"image":{"@id":"https:\/\/qingdaohf.com\/product\/concrete-wall-snap-ties\/#primaryimage"},"thumbnailUrl":"https:\/\/qingdaohf.com\/wp-content\/uploads\/2023\/01\/snap-tie-8.jpg","datePublished":"2024-05-28T10:22:19+00:00","dateModified":"2025-11-13T01:03:16+00:00","description":"Enhance the strength and stability of your concrete walls with our premium Concrete Wall Snap Ties. Available in 4-3\/4\" short end and 8-1\/4\" long end.","breadcrumb":{"@id":"https:\/\/qingdaohf.com\/product\/concrete-wall-snap-ties\/#breadcrumb"},"inLanguage":"hu","potentialAction":[{"@type":"ReadAction","target":["https:\/\/qingdaohf.com\/product\/concrete-wall-snap-ties\/"]}]},{"@type":"ImageObject","inLanguage":"hu","@id":"https:\/\/qingdaohf.com\/product\/concrete-wall-snap-ties\/#primaryimage","url":"https:\/\/qingdaohf.com\/wp-content\/uploads\/2023\/01\/snap-tie-8.jpg","contentUrl":"https:\/\/qingdaohf.com\/wp-content\/uploads\/2023\/01\/snap-tie-8.jpg","width":1000,"height":1000,"caption":"concrete wall snap tie"},{"@type":"BreadcrumbList","@id":"https:\/\/qingdaohf.com\/product\/concrete-wall-snap-ties\/#breadcrumb","itemListElement":[{"@type":"ListItem","position":1,"name":"Home","item":"https:\/\/qingdaohf.com\/"},{"@type":"ListItem","position":2,"name":"Concrete Forming Accessories and Rigging Hardware","item":"https:\/\/qingdaohf.com\/bg\/?page_id=944"},{"@type":"ListItem","position":3,"name":"Concrete Wall Snap Ties"}]},{"@type":"WebSite","@id":"https:\/\/qingdaohf.com\/bg\/#website","url":"https:\/\/qingdaohf.com\/bg\/","name":"Concrete Form & Rigging Hardware Supplier","description":"","publisher":{"@id":"https:\/\/qingdaohf.com\/bg\/#organization"},"potentialAction":[{"@type":"SearchAction","target":{"@type":"EntryPoint","urlTemplate":"https:\/\/qingdaohf.com\/bg\/?s={search_term_string}"},"query-input":{"@type":"PropertyValueSpecification","valueRequired":true,"valueName":"search_term_string"}}],"inLanguage":"hu"},{"@type":"Organization","@id":"https:\/\/qingdaohf.com\/bg\/#organization","name":"Qingdao H&F","url":"https:\/\/qingdaohf.com\/bg\/","logo":{"@type":"ImageObject","inLanguage":"hu","@id":"https:\/\/qingdaohf.com\/bg\/#\/schema\/logo\/image\/","url":"https:\/\/qingdaohf.com\/wp-content\/uploads\/2022\/12\/cropped-HF-LOGO.png","contentUrl":"https:\/\/qingdaohf.com\/wp-content\/uploads\/2022\/12\/cropped-HF-LOGO.png","width":391,"height":249,"caption":"Qingdao H&F"},"image":{"@id":"https:\/\/qingdaohf.com\/bg\/#\/schema\/logo\/image\/"},"sameAs":["https:\/\/www.facebook.com\/qingdaohf"]}]}},"_links":{"self":[{"href":"https:\/\/qingdaohf.com\/hu\/wp-json\/wp\/v2\/product\/7381","targetHints":{"allow":["GET"]}}],"collection":[{"href":"https:\/\/qingdaohf.com\/hu\/wp-json\/wp\/v2\/product"}],"about":[{"href":"https:\/\/qingdaohf.com\/hu\/wp-json\/wp\/v2\/types\/product"}],"replies":[{"embeddable":true,"href":"https:\/\/qingdaohf.com\/hu\/wp-json\/wp\/v2\/comments?post=7381"}],"version-history":[{"count":6,"href":"https:\/\/qingdaohf.com\/hu\/wp-json\/wp\/v2\/product\/7381\/revisions"}],"predecessor-version":[{"id":10239,"href":"https:\/\/qingdaohf.com\/hu\/wp-json\/wp\/v2\/product\/7381\/revisions\/10239"}],"wp:featuredmedia":[{"embeddable":true,"href":"https:\/\/qingdaohf.com\/hu\/wp-json\/wp\/v2\/media\/2947"}],"wp:attachment":[{"href":"https:\/\/qingdaohf.com\/hu\/wp-json\/wp\/v2\/media?parent=7381"}],"wp:term":[{"taxonomy":"product_brand","embeddable":true,"href":"https:\/\/qingdaohf.com\/hu\/wp-json\/wp\/v2\/product_brand?post=7381"},{"taxonomy":"product_cat","embeddable":true,"href":"https:\/\/qingdaohf.com\/hu\/wp-json\/wp\/v2\/product_cat?post=7381"},{"taxonomy":"product_tag","embeddable":true,"href":"https:\/\/qingdaohf.com\/hu\/wp-json\/wp\/v2\/product_tag?post=7381"}],"curies":[{"name":"wp","href":"https:\/\/api.w.org\/{rel}","templated":true}]}}