{"id":7404,"date":"2024-05-30T17:46:04","date_gmt":"2024-05-30T09:46:04","guid":{"rendered":"http:\/\/qingdaohf.com\/?post_type=product&#038;p=7404"},"modified":"2025-11-13T09:03:15","modified_gmt":"2025-11-13T01:03:15","slug":"swivel-eye-bolt","status":"publish","type":"product","link":"https:\/\/qingdaohf.com\/hu\/termek\/forgoszem-csavar\/","title":{"rendered":"Forg\u00f3szem csavar"},"content":{"rendered":"<p>A forgathat\u00f3 szemcsavar az emel\u0151horgony-rendszer alapvet\u0151 eleme, amelyet kifejezetten \u00fagy terveztek, hogy kiv\u00e1l\u00f3 szil\u00e1rds\u00e1got \u00e9s rugalmass\u00e1got biztos\u00edtson az alkalmaz\u00e1sok sz\u00e9les k\u00f6r\u00e9ben. Ez a sokoldal\u00fa hardverdarab l\u00e9tfontoss\u00e1g\u00fa az olyan ipar\u00e1gakban, mint az \u00e9p\u00edt\u0151ipar, a gy\u00e1rt\u00e1s \u00e9s a neh\u00e9zg\u00e9pek, ahol a biztons\u00e1gos \u00e9s hat\u00e9kony emel\u00e9si megold\u00e1sok kiemelked\u0151 fontoss\u00e1g\u00faak. A 360 fokos elforgathat\u00f3s\u00e1ggal rendelkez\u0151 forg\u00f3szemcsavar egyedi kialak\u00edt\u00e1sa kiemeli a t\u00f6bbi k\u00f6z\u00fcl, mivel lehet\u0151v\u00e9 teszi az optim\u00e1lis igaz\u00edt\u00e1st, \u00e9s cs\u00f6kkenti a teher elcs\u00fasz\u00e1s\u00e1nak vagy v\u00e9letlen lev\u00e1l\u00e1s\u00e1nak kock\u00e1zat\u00e1t.<\/p>\n<div class=\"ast-oembed-container\" style=\"height: 100%;\"><iframe title=\"forg\u00f3szem csavar\" width=\"500\" height=\"375\" src=\"https:\/\/www.youtube.com\/embed\/BUaiE2mg8MQ?feature=oembed\" frameborder=\"0\" allow=\"accelerometer; autoplay; clipboard-write; encrypted-media; gyroscope; picture-in-picture; web-share\" referrerpolicy=\"strict-origin-when-cross-origin\" allowfullscreen><\/iframe><\/div>\n<h4>A forgathat\u00f3 szemcsavar jellemz\u0151i \u00e9s el\u0151nyei<\/h4>\n<p>A forgathat\u00f3 szemcsavar a legmagasabb szint\u0171 biztons\u00e1gi \u00e9s teljes\u00edtm\u00e9nyi szabv\u00e1nyoknak megfelel\u0151en lett kifejlesztve. Robusztus konstrukci\u00f3ja kiv\u00e1l\u00f3 min\u0151s\u00e9g\u0171 anyagokb\u00f3l k\u00e9sz\u00fclt, \u00edgy hossz\u00fa t\u00e1v\u00fa tart\u00f3ss\u00e1got \u00e9s kop\u00e1s\u00e1ll\u00f3s\u00e1got biztos\u00edt. A 360 fokos forgathat\u00f3 funkci\u00f3 teljes k\u00f6r\u0171 forg\u00f3mozg\u00e1st tesz lehet\u0151v\u00e9, megk\u00f6nny\u00edtve a k\u00fcl\u00f6nb\u00f6z\u0151 sz\u00f6gekb\u0151l \u00e9rkez\u0151 terhek kezel\u00e9s\u00e9t an\u00e9lk\u00fcl, hogy az emel\u0151szerkezetet \u00fajra kellene helyezni.<\/p>\n<p>Ez a funkci\u00f3 jelent\u0151sen n\u00f6veli a m\u0171k\u00f6d\u00e9si hat\u00e9konys\u00e1got, \u00e9s cs\u00f6kkenti az emel\u00e9si feladatokhoz sz\u00fcks\u00e9ges id\u0151t \u00e9s er\u0151fesz\u00edt\u00e9st. Ezenk\u00edv\u00fcl a forg\u00f3szem\u0171 csavar kialak\u00edt\u00e1sa minimaliz\u00e1lja az emel\u00e9si pontokra hat\u00f3 fesz\u00fclts\u00e9get \u00e9s ig\u00e9nybev\u00e9telt, ami hozz\u00e1j\u00e1rul mind a csavar, mind a vele egy\u00fctt haszn\u00e1lt berendez\u00e9s hosszabb \u00e9lettartam\u00e1hoz.<\/p>\n<p>A forgathat\u00f3 szemes csavar egyik kiemelked\u0151 el\u0151nye, hogy nagy terhel\u00e9s eset\u00e9n is k\u00e9pes a biztons\u00e1gos kapcsolat fenntart\u00e1s\u00e1ra. A csavart \u00fagy tervezt\u00e9k, hogy egyenletesen ossza el a s\u00falyt, cs\u00f6kkentve ezzel a meghib\u00e1sod\u00e1s kock\u00e1zat\u00e1t \u00e9s biztos\u00edtva a nagyobb biztons\u00e1got az emel\u00e9si m\u0171veletek sor\u00e1n. Ak\u00e1r f\u00fcgg\u0151leges, ak\u00e1r sz\u00f6gletes emel\u00e9si helyzetekben haszn\u00e1lj\u00e1k, a forg\u00f3 szemcsavar k\u00f6vetkezetes \u00e9s megb\u00edzhat\u00f3 teljes\u00edtm\u00e9nyt ny\u00fajt.<\/p>\n<h4>A forgathat\u00f3 szemcsavar alkalmaz\u00e1sa a k\u00fcl\u00f6nb\u00f6z\u0151 ipar\u00e1gakban<\/h4>\n<p>Az \u00e9p\u00edt\u0151iparban a forgathat\u00f3 szemcsavar n\u00e9lk\u00fcl\u00f6zhetetlen a neh\u00e9z szerkezeti elemek emel\u00e9s\u00e9hez \u00e9s pozicion\u00e1l\u00e1s\u00e1hoz. A 360 fokos elford\u00edthat\u00f3s\u00e1ga lehet\u0151v\u00e9 teszi a munk\u00e1sok sz\u00e1m\u00e1ra, hogy pontosan man\u0151verezzenek a gerend\u00e1kkal, oszlopokkal \u00e9s m\u00e1s elemekkel, jav\u00edtva ezzel az \u00e9p\u00edtkez\u00e9s \u00e1ltal\u00e1nos hat\u00e9konys\u00e1g\u00e1t \u00e9s biztons\u00e1g\u00e1t. A csavar nagy teherb\u00edr\u00e1sa alkalmass\u00e1 teszi a nagy \u00e9s neh\u00e9z anyagok kezel\u00e9s\u00e9re, cs\u00f6kkentve ezzel a tov\u00e1bbi emel\u0151berendez\u00e9sek sz\u00fcks\u00e9gess\u00e9g\u00e9t.<\/p>\n<p>A gy\u00e1rt\u00e1sban a forg\u00f3szem\u0171 csavart sz\u00e9les k\u00f6rben haszn\u00e1lj\u00e1k a g\u00e9palkatr\u00e9szek \u00f6sszeszerel\u00e9s\u00e9n\u00e9l \u00e9s sz\u00e1ll\u00edt\u00e1s\u00e1n\u00e1l. Rugalmass\u00e1ga \u00e9s szil\u00e1rds\u00e1ga miatt ide\u00e1lis motorok, g\u00e9palkatr\u00e9szek \u00e9s m\u00e1s neh\u00e9z t\u00e1rgyak emel\u00e9s\u00e9re. Az\u00e1ltal, hogy biztons\u00e1gos \u00e9s \u00e1ll\u00edthat\u00f3 emel\u00e9si pontot biztos\u00edt, a forg\u00f3szemcsavar seg\u00edt a gy\u00e1rt\u00e1si folyamatok racionaliz\u00e1l\u00e1s\u00e1ban, \u00e9s cs\u00f6kkenti az \u00e9rz\u00e9keny berendez\u00e9sek s\u00e9r\u00fcl\u00e9s\u00e9nek kock\u00e1zat\u00e1t.<\/p>\n<p>A neh\u00e9zg\u00e9pipar is profit\u00e1l a forgathat\u00f3 szemcsavarok haszn\u00e1lat\u00e1b\u00f3l. Ebben az \u00e1gazatban a csavarokat massz\u00edv alkatr\u00e9szek, p\u00e9ld\u00e1ul turbin\u00e1k, gener\u00e1torok \u00e9s ipari g\u00e9pek emel\u00e9s\u00e9re \u00e9s pozicion\u00e1l\u00e1s\u00e1ra haszn\u00e1lj\u00e1k. A csavarnak a terhel\u00e9s alatti elfordul\u00e1sra \u00e9s igaz\u00edt\u00e1sra val\u00f3 k\u00e9pess\u00e9ge biztos\u00edtja, hogy ezeket a neh\u00e9z elemeket biztons\u00e1gosan \u00e9s hat\u00e9konyan lehessen mozgatni, cs\u00f6kkentve az \u00e1ll\u00e1sid\u0151t \u00e9s n\u00f6velve a termel\u00e9kenys\u00e9get.<\/p>\n<h4>M\u0171szaki specifik\u00e1ci\u00f3k \u00e9s telep\u00edt\u00e9si \u00fatmutat\u00f3<\/h4>\n<p>A forg\u00f3 szemcsavar k\u00fcl\u00f6nb\u00f6z\u0151 m\u00e9retekben \u00e9s terhelhet\u0151s\u00e9ggel rendelkezik, hogy megfeleljen a k\u00fcl\u00f6nb\u00f6z\u0151 emel\u00e9si k\u00f6vetelm\u00e9nyeknek. Alapvet\u0151 fontoss\u00e1g\u00fa a megfelel\u0151 csavarm\u00e9ret kiv\u00e1laszt\u00e1sa a teher s\u00falya \u00e9s jellege alapj\u00e1n. A csavart a gy\u00e1rt\u00f3 ir\u00e1nymutat\u00e1sai szerint kell felszerelni a maxim\u00e1lis biztons\u00e1g \u00e9s teljes\u00edtm\u00e9ny biztos\u00edt\u00e1sa \u00e9rdek\u00e9ben.<\/p>\n<p>A forgathat\u00f3 szemcsavar beszerel\u00e9se egyszer\u0171, de gondosan kell elv\u00e9gezni. El\u0151sz\u00f6r is gy\u0151z\u0151dj\u00f6n meg arr\u00f3l, hogy a csavar \u00e9s a fel\u00fclet, amelyre r\u00f6gz\u00edteni fogja, tiszta \u00e9s mentes mindenf\u00e9le t\u00f6rmel\u00e9kt\u0151l. Helyezze be a csavart az el\u0151f\u00fart lyukba, \u00e9s a megfelel\u0151 szersz\u00e1mok seg\u00edts\u00e9g\u00e9vel h\u00fazza meg biztons\u00e1gosan. Fontos, hogy haszn\u00e1lat el\u0151tt ellen\u0151rizze, hogy a csavar megfelel\u0151en igazodik \u00e9s szabadon foroghat.<\/p>\n<p>A forg\u00f3szemcsavar rendszeres karbantart\u00e1sa sz\u00fcks\u00e9ges a folyamatos teljes\u00edtm\u00e9ny \u00e9s biztons\u00e1g \u00e9rdek\u00e9ben. Minden haszn\u00e1lat el\u0151tt ellen\u0151rizze a csavart a kop\u00e1s, korr\u00f3zi\u00f3 vagy s\u00e9r\u00fcl\u00e9s jelei miatt. A lehets\u00e9ges balesetek megel\u0151z\u00e9se \u00e9rdek\u00e9ben cser\u00e9lje ki a csavart, ha b\u00e1rmilyen hib\u00e1t tal\u00e1l.<\/p>\n<p>\u00d6sszefoglalva, a forgathat\u00f3 szemcsavar az emel\u0151horgony-rendszerek kritikus eleme, amely p\u00e1ratlan szil\u00e1rds\u00e1got, rugalmass\u00e1got \u00e9s biztons\u00e1got k\u00edn\u00e1l. A 360 fokos elforgathat\u00f3s\u00e1ga \u00e9s a robusztus fel\u00e9p\u00edt\u00e9se ide\u00e1lis v\u00e1laszt\u00e1ss\u00e1 teszi a k\u00fcl\u00f6nb\u00f6z\u0151 ipar\u00e1gak sz\u00e1m\u00e1ra, az \u00e9p\u00edt\u0151ipart\u00f3l kezdve a gy\u00e1rt\u00e1son \u00e1t a neh\u00e9zg\u00e9pekig. Azzal, hogy a Swivel Eye Boltot integr\u00e1lja az emel\u00e9si m\u0171veletekbe, nagyobb hat\u00e9konys\u00e1got, biztons\u00e1got \u00e9s megb\u00edzhat\u00f3s\u00e1got \u00e9rhet el, biztos\u00edtva projektjei siker\u00e9t \u00e9s hossz\u00fa \u00e9lettartam\u00e1t.<\/p>","protected":false},"excerpt":{"rendered":"<p>A Forg\u00f3szemcsavar egy pr\u00e9mium emel\u0151horgony megold\u00e1s, amelyet nagy ig\u00e9nybev\u00e9tel\u0171 alkalmaz\u00e1sokhoz terveztek. A 360 fokos elforgat\u00e1si funkci\u00f3val optim\u00e1lis igaz\u00edt\u00e1st \u00e9s biztons\u00e1got biztos\u00edt a k\u00fcl\u00f6nb\u00f6z\u0151 emel\u00e9si feladatok sor\u00e1n. Ez a nagy szil\u00e1rds\u00e1g\u00fa csavar ide\u00e1lis az \u00e9p\u00edt\u0151iparban, a gy\u00e1rt\u00e1sban \u00e9s az ipari k\u00f6rnyezetben, megb\u00edzhat\u00f3 \u00e9s sokoldal\u00fa teljes\u00edtm\u00e9nyt ny\u00fajt. Fokozza emel\u00e9si m\u0171veleteit a Forg\u00f3szem\u0171 csavar kiv\u00e1l\u00f3 tart\u00f3ss\u00e1g\u00e1val \u00e9s egyszer\u0171 haszn\u00e1lat\u00e1val.<\/p>","protected":false},"featured_media":7405,"comment_status":"open","ping_status":"closed","template":"","meta":{"site-sidebar-layout":"default","site-content-layout":"","ast-site-content-layout":"default","site-content-style":"default","site-sidebar-style":"default","ast-global-header-display":"","ast-banner-title-visibility":"","ast-main-header-display":"","ast-hfb-above-header-display":"","ast-hfb-below-header-display":"","ast-hfb-mobile-header-display":"","site-post-title":"","ast-breadcrumbs-content":"","ast-featured-img":"","footer-sml-layout":"","theme-transparent-header-meta":"default","adv-header-id-meta":"","stick-header-meta":"default","header-above-stick-meta":"","header-main-stick-meta":"","header-below-stick-meta":"","astra-migrate-meta-layouts":"set","ast-page-background-enabled":"default","ast-page-background-meta":{"desktop":{"background-color":"","background-image":"","background-repeat":"repeat","background-position":"center center","background-size":"auto","background-attachment":"scroll","background-type":"","background-media":"","overlay-type":"","overlay-color":"","overlay-opacity":"","overlay-gradient":""},"tablet":{"background-color":"","background-image":"","background-repeat":"repeat","background-position":"center center","background-size":"auto","background-attachment":"scroll","background-type":"","background-media":"","overlay-type":"","overlay-color":"","overlay-opacity":"","overlay-gradient":""},"mobile":{"background-color":"","background-image":"","background-repeat":"repeat","background-position":"center center","background-size":"auto","background-attachment":"scroll","background-type":"","background-media":"","overlay-type":"","overlay-color":"","overlay-opacity":"","overlay-gradient":""}},"ast-content-background-meta":{"desktop":{"background-color":"var(--ast-global-color-5)","background-image":"","background-repeat":"repeat","background-position":"center center","background-size":"auto","background-attachment":"scroll","background-type":"","background-media":"","overlay-type":"","overlay-color":"","overlay-opacity":"","overlay-gradient":""},"tablet":{"background-color":"var(--ast-global-color-5)","background-image":"","background-repeat":"repeat","background-position":"center center","background-size":"auto","background-attachment":"scroll","background-type":"","background-media":"","overlay-type":"","overlay-color":"","overlay-opacity":"","overlay-gradient":""},"mobile":{"background-color":"var(--ast-global-color-5)","background-image":"","background-repeat":"repeat","background-position":"center center","background-size":"auto","background-attachment":"scroll","background-type":"","background-media":"","overlay-type":"","overlay-color":"","overlay-opacity":"","overlay-gradient":""}}},"product_brand":[],"product_cat":[30],"product_tag":[],"class_list":{"0":"post-7404","1":"product","2":"type-product","3":"status-publish","4":"has-post-thumbnail","6":"product_cat-lifting-anchor","7":"desktop-align-left","8":"tablet-align-left","9":"mobile-align-left","10":"ast-product-gallery-layout-horizontal-slider","11":"ast-product-tabs-layout-horizontal","13":"first","14":"instock","15":"shipping-taxable","16":"purchasable","17":"product-type-simple"},"yoast_head":"<!-- This site is optimized with the Yoast SEO plugin v25.2 - https:\/\/yoast.com\/wordpress\/plugins\/seo\/ -->\n<title>Swivel Eye Bolt<\/title>\n<meta name=\"robots\" content=\"index, follow, max-snippet:-1, max-image-preview:large, max-video-preview:-1\" \/>\n<link rel=\"canonical\" href=\"https:\/\/qingdaohf.com\/hu\/termek\/forgoszem-csavar\/\" \/>\n<meta property=\"og:locale\" content=\"hu_HU\" \/>\n<meta property=\"og:type\" content=\"article\" \/>\n<meta property=\"og:title\" content=\"Swivel Eye Bolt\" \/>\n<meta property=\"og:description\" content=\"The Swivel Eye Bolt is a premium lifting anchor solution designed for heavy-duty applications. With a 360-degree swivel feature, it ensures optimal alignment and safety in various lifting tasks. Ideal for construction, manufacturing, and industrial settings, this high-strength bolt provides reliable and versatile performance. Enhance your lifting operations with the Swivel Eye Bolt&#039;s superior durability and ease of use.\" \/>\n<meta property=\"og:url\" content=\"https:\/\/qingdaohf.com\/hu\/termek\/forgoszem-csavar\/\" \/>\n<meta property=\"og:site_name\" content=\"Concrete Form &amp; Rigging Hardware Supplier\" \/>\n<meta property=\"article:publisher\" content=\"https:\/\/www.facebook.com\/qingdaohf\" \/>\n<meta property=\"article:modified_time\" content=\"2025-11-13T01:03:15+00:00\" \/>\n<meta property=\"og:image\" content=\"https:\/\/qingdaohf.com\/wp-content\/uploads\/2024\/05\/swivel-eye-bolt-1-5.webp\" \/>\n\t<meta property=\"og:image:width\" content=\"1222\" \/>\n\t<meta property=\"og:image:height\" content=\"1222\" \/>\n\t<meta property=\"og:image:type\" content=\"image\/webp\" \/>\n<meta name=\"twitter:card\" content=\"summary_large_image\" \/>\n<meta name=\"twitter:label1\" content=\"Becs\u00fclt olvas\u00e1si id\u0151\" \/>\n\t<meta name=\"twitter:data1\" content=\"4 perc\" \/>\n<script type=\"application\/ld+json\" class=\"yoast-schema-graph\">{\"@context\":\"https:\/\/schema.org\",\"@graph\":[{\"@type\":\"WebPage\",\"@id\":\"https:\/\/qingdaohf.com\/product\/swivel-eye-bolt\/\",\"url\":\"https:\/\/qingdaohf.com\/product\/swivel-eye-bolt\/\",\"name\":\"Swivel Eye Bolt\",\"isPartOf\":{\"@id\":\"https:\/\/qingdaohf.com\/bg\/#website\"},\"primaryImageOfPage\":{\"@id\":\"https:\/\/qingdaohf.com\/product\/swivel-eye-bolt\/#primaryimage\"},\"image\":{\"@id\":\"https:\/\/qingdaohf.com\/product\/swivel-eye-bolt\/#primaryimage\"},\"thumbnailUrl\":\"https:\/\/qingdaohf.com\/wp-content\/uploads\/2024\/05\/swivel-eye-bolt-1-5.webp\",\"datePublished\":\"2024-05-30T09:46:04+00:00\",\"dateModified\":\"2025-11-13T01:03:15+00:00\",\"breadcrumb\":{\"@id\":\"https:\/\/qingdaohf.com\/product\/swivel-eye-bolt\/#breadcrumb\"},\"inLanguage\":\"hu\",\"potentialAction\":[{\"@type\":\"ReadAction\",\"target\":[\"https:\/\/qingdaohf.com\/product\/swivel-eye-bolt\/\"]}]},{\"@type\":\"ImageObject\",\"inLanguage\":\"hu\",\"@id\":\"https:\/\/qingdaohf.com\/product\/swivel-eye-bolt\/#primaryimage\",\"url\":\"https:\/\/qingdaohf.com\/wp-content\/uploads\/2024\/05\/swivel-eye-bolt-1-5.webp\",\"contentUrl\":\"https:\/\/qingdaohf.com\/wp-content\/uploads\/2024\/05\/swivel-eye-bolt-1-5.webp\",\"width\":1222,\"height\":1222,\"caption\":\"swivel eye bolt\"},{\"@type\":\"BreadcrumbList\",\"@id\":\"https:\/\/qingdaohf.com\/product\/swivel-eye-bolt\/#breadcrumb\",\"itemListElement\":[{\"@type\":\"ListItem\",\"position\":1,\"name\":\"Home\",\"item\":\"https:\/\/qingdaohf.com\/\"},{\"@type\":\"ListItem\",\"position\":2,\"name\":\"Concrete Forming Accessories and Rigging Hardware\",\"item\":\"https:\/\/qingdaohf.com\/bg\/?page_id=944\"},{\"@type\":\"ListItem\",\"position\":3,\"name\":\"Swivel Eye Bolt\"}]},{\"@type\":\"WebSite\",\"@id\":\"https:\/\/qingdaohf.com\/bg\/#website\",\"url\":\"https:\/\/qingdaohf.com\/bg\/\",\"name\":\"Concrete Form & Rigging Hardware Supplier\",\"description\":\"\",\"publisher\":{\"@id\":\"https:\/\/qingdaohf.com\/bg\/#organization\"},\"potentialAction\":[{\"@type\":\"SearchAction\",\"target\":{\"@type\":\"EntryPoint\",\"urlTemplate\":\"https:\/\/qingdaohf.com\/bg\/?s={search_term_string}\"},\"query-input\":{\"@type\":\"PropertyValueSpecification\",\"valueRequired\":true,\"valueName\":\"search_term_string\"}}],\"inLanguage\":\"hu\"},{\"@type\":\"Organization\",\"@id\":\"https:\/\/qingdaohf.com\/bg\/#organization\",\"name\":\"Qingdao H&F\",\"url\":\"https:\/\/qingdaohf.com\/bg\/\",\"logo\":{\"@type\":\"ImageObject\",\"inLanguage\":\"hu\",\"@id\":\"https:\/\/qingdaohf.com\/bg\/#\/schema\/logo\/image\/\",\"url\":\"https:\/\/qingdaohf.com\/wp-content\/uploads\/2022\/12\/cropped-HF-LOGO.png\",\"contentUrl\":\"https:\/\/qingdaohf.com\/wp-content\/uploads\/2022\/12\/cropped-HF-LOGO.png\",\"width\":391,\"height\":249,\"caption\":\"Qingdao H&F\"},\"image\":{\"@id\":\"https:\/\/qingdaohf.com\/bg\/#\/schema\/logo\/image\/\"},\"sameAs\":[\"https:\/\/www.facebook.com\/qingdaohf\"]}]}<\/script>\n<!-- \/ Yoast SEO plugin. -->","yoast_head_json":{"title":"Swivel Eye Bolt","robots":{"index":"index","follow":"follow","max-snippet":"max-snippet:-1","max-image-preview":"max-image-preview:large","max-video-preview":"max-video-preview:-1"},"canonical":"https:\/\/qingdaohf.com\/hu\/termek\/forgoszem-csavar\/","og_locale":"hu_HU","og_type":"article","og_title":"Swivel Eye Bolt","og_description":"The Swivel Eye Bolt is a premium lifting anchor solution designed for heavy-duty applications. With a 360-degree swivel feature, it ensures optimal alignment and safety in various lifting tasks. Ideal for construction, manufacturing, and industrial settings, this high-strength bolt provides reliable and versatile performance. Enhance your lifting operations with the Swivel Eye Bolt's superior durability and ease of use.","og_url":"https:\/\/qingdaohf.com\/hu\/termek\/forgoszem-csavar\/","og_site_name":"Concrete Form &amp; Rigging Hardware Supplier","article_publisher":"https:\/\/www.facebook.com\/qingdaohf","article_modified_time":"2025-11-13T01:03:15+00:00","og_image":[{"width":1222,"height":1222,"url":"https:\/\/qingdaohf.com\/wp-content\/uploads\/2024\/05\/swivel-eye-bolt-1-5.webp","type":"image\/webp"}],"twitter_card":"summary_large_image","twitter_misc":{"Becs\u00fclt olvas\u00e1si id\u0151":"4 perc"},"schema":{"@context":"https:\/\/schema.org","@graph":[{"@type":"WebPage","@id":"https:\/\/qingdaohf.com\/product\/swivel-eye-bolt\/","url":"https:\/\/qingdaohf.com\/product\/swivel-eye-bolt\/","name":"Swivel Eye Bolt","isPartOf":{"@id":"https:\/\/qingdaohf.com\/bg\/#website"},"primaryImageOfPage":{"@id":"https:\/\/qingdaohf.com\/product\/swivel-eye-bolt\/#primaryimage"},"image":{"@id":"https:\/\/qingdaohf.com\/product\/swivel-eye-bolt\/#primaryimage"},"thumbnailUrl":"https:\/\/qingdaohf.com\/wp-content\/uploads\/2024\/05\/swivel-eye-bolt-1-5.webp","datePublished":"2024-05-30T09:46:04+00:00","dateModified":"2025-11-13T01:03:15+00:00","breadcrumb":{"@id":"https:\/\/qingdaohf.com\/product\/swivel-eye-bolt\/#breadcrumb"},"inLanguage":"hu","potentialAction":[{"@type":"ReadAction","target":["https:\/\/qingdaohf.com\/product\/swivel-eye-bolt\/"]}]},{"@type":"ImageObject","inLanguage":"hu","@id":"https:\/\/qingdaohf.com\/product\/swivel-eye-bolt\/#primaryimage","url":"https:\/\/qingdaohf.com\/wp-content\/uploads\/2024\/05\/swivel-eye-bolt-1-5.webp","contentUrl":"https:\/\/qingdaohf.com\/wp-content\/uploads\/2024\/05\/swivel-eye-bolt-1-5.webp","width":1222,"height":1222,"caption":"swivel eye bolt"},{"@type":"BreadcrumbList","@id":"https:\/\/qingdaohf.com\/product\/swivel-eye-bolt\/#breadcrumb","itemListElement":[{"@type":"ListItem","position":1,"name":"Home","item":"https:\/\/qingdaohf.com\/"},{"@type":"ListItem","position":2,"name":"Concrete Forming Accessories and Rigging Hardware","item":"https:\/\/qingdaohf.com\/bg\/?page_id=944"},{"@type":"ListItem","position":3,"name":"Swivel Eye Bolt"}]},{"@type":"WebSite","@id":"https:\/\/qingdaohf.com\/bg\/#website","url":"https:\/\/qingdaohf.com\/bg\/","name":"Concrete Form & Rigging Hardware Supplier","description":"","publisher":{"@id":"https:\/\/qingdaohf.com\/bg\/#organization"},"potentialAction":[{"@type":"SearchAction","target":{"@type":"EntryPoint","urlTemplate":"https:\/\/qingdaohf.com\/bg\/?s={search_term_string}"},"query-input":{"@type":"PropertyValueSpecification","valueRequired":true,"valueName":"search_term_string"}}],"inLanguage":"hu"},{"@type":"Organization","@id":"https:\/\/qingdaohf.com\/bg\/#organization","name":"Qingdao H&F","url":"https:\/\/qingdaohf.com\/bg\/","logo":{"@type":"ImageObject","inLanguage":"hu","@id":"https:\/\/qingdaohf.com\/bg\/#\/schema\/logo\/image\/","url":"https:\/\/qingdaohf.com\/wp-content\/uploads\/2022\/12\/cropped-HF-LOGO.png","contentUrl":"https:\/\/qingdaohf.com\/wp-content\/uploads\/2022\/12\/cropped-HF-LOGO.png","width":391,"height":249,"caption":"Qingdao H&F"},"image":{"@id":"https:\/\/qingdaohf.com\/bg\/#\/schema\/logo\/image\/"},"sameAs":["https:\/\/www.facebook.com\/qingdaohf"]}]}},"_links":{"self":[{"href":"https:\/\/qingdaohf.com\/hu\/wp-json\/wp\/v2\/product\/7404","targetHints":{"allow":["GET"]}}],"collection":[{"href":"https:\/\/qingdaohf.com\/hu\/wp-json\/wp\/v2\/product"}],"about":[{"href":"https:\/\/qingdaohf.com\/hu\/wp-json\/wp\/v2\/types\/product"}],"replies":[{"embeddable":true,"href":"https:\/\/qingdaohf.com\/hu\/wp-json\/wp\/v2\/comments?post=7404"}],"version-history":[{"count":2,"href":"https:\/\/qingdaohf.com\/hu\/wp-json\/wp\/v2\/product\/7404\/revisions"}],"predecessor-version":[{"id":7411,"href":"https:\/\/qingdaohf.com\/hu\/wp-json\/wp\/v2\/product\/7404\/revisions\/7411"}],"wp:featuredmedia":[{"embeddable":true,"href":"https:\/\/qingdaohf.com\/hu\/wp-json\/wp\/v2\/media\/7405"}],"wp:attachment":[{"href":"https:\/\/qingdaohf.com\/hu\/wp-json\/wp\/v2\/media?parent=7404"}],"wp:term":[{"taxonomy":"product_brand","embeddable":true,"href":"https:\/\/qingdaohf.com\/hu\/wp-json\/wp\/v2\/product_brand?post=7404"},{"taxonomy":"product_cat","embeddable":true,"href":"https:\/\/qingdaohf.com\/hu\/wp-json\/wp\/v2\/product_cat?post=7404"},{"taxonomy":"product_tag","embeddable":true,"href":"https:\/\/qingdaohf.com\/hu\/wp-json\/wp\/v2\/product_tag?post=7404"}],"curies":[{"name":"wp","href":"https:\/\/api.w.org\/{rel}","templated":true}]}}