{"id":7473,"date":"2024-06-19T11:36:36","date_gmt":"2024-06-19T03:36:36","guid":{"rendered":"http:\/\/qingdaohf.com\/?post_type=product&#038;p=7473"},"modified":"2025-11-13T09:03:15","modified_gmt":"2025-11-13T01:03:15","slug":"plastic-groud-stake","status":"publish","type":"product","link":"https:\/\/qingdaohf.com\/hu\/termek\/muanyag-karo\/","title":{"rendered":"M\u0171anyag Groud kar\u00f3"},"content":{"rendered":"<h4>Sokoldal\u00fa \u00e9s tart\u00f3s m\u0171anyag talajkar\u00f3<\/h4>\n<p>A m\u0171anyag talajkar\u00f3 sokoldal\u00fa megold\u00e1s a k\u00fclt\u00e9ri szerkezetek \u00e9s berendez\u00e9sek sz\u00e9les sk\u00e1l\u00e1j\u00e1nak r\u00f6gz\u00edt\u00e9s\u00e9hez. Ak\u00e1r s\u00e1trat \u00e1ll\u00edt fel, ak\u00e1r el\u0151tet\u0151t r\u00f6gz\u00edt, vagy h\u00e1l\u00f3t r\u00f6gz\u00edt, ez a kar\u00f3 megb\u00edzhat\u00f3s\u00e1got \u00e9s szil\u00e1rds\u00e1got biztos\u00edt ahhoz, hogy mindent a hely\u00e9n tartson. Kiv\u00e1l\u00f3 min\u0151s\u00e9g\u0171, UV-\u00e1ll\u00f3 m\u0171anyagb\u00f3l k\u00e9sz\u00fclt, \u00edgy a hossz\u00fa t\u00e1v\u00fa haszn\u00e1latot biztos\u00edtva a napf\u00e9nynek val\u00f3 tart\u00f3s kitetts\u00e9get is kib\u00edrja, an\u00e9lk\u00fcl, hogy romlana.<\/p>\n<p>Ennek a talajkar\u00f3nak az egyik kiemelked\u0151 tulajdons\u00e1ga, hogy k\u00f6nnyen behelyezhet\u0151 a talajba. A hegyes v\u00e9g lehet\u0151v\u00e9 teszi a k\u00fcl\u00f6nb\u00f6z\u0151 talajt\u00edpusokba val\u00f3 k\u00f6nnyed behatol\u00e1st, m\u00edg a robusztus konstrukci\u00f3 biztos\u00edtja, hogy szil\u00e1rdan a hely\u00e9n maradjon. A f\u00e9mkar\u00f3kkal ellent\u00e9tben, amelyek rozsd\u00e1sodhatnak vagy elhajolhatnak, ez a m\u0171anyag talajkar\u00f3 meg\u0151rzi integrit\u00e1s\u00e1t, \u00e9s megb\u00edzhat\u00f3 r\u00f6gz\u00edt\u00e9si megold\u00e1st ny\u00fajt t\u00f6bbf\u00e9le alkalmaz\u00e1shoz.<\/p>\n<h4>Gyakorlati tervez\u00e9s t\u00f6bbf\u00e9le felhaszn\u00e1l\u00e1sra<\/h4>\n<p>A praktikumot szem el\u0151tt tartva tervezett m\u0171anyag f\u00f6ldi kar\u00f3 egyetlen lyukkal rendelkezik a teteje k\u00f6zel\u00e9ben, amely lehet\u0151v\u00e9 teszi a k\u00f6t\u00e9l biztons\u00e1gos r\u00f6gz\u00edt\u00e9s\u00e9t. Ez a funkci\u00f3 k\u00fcl\u00f6n\u00f6sen hasznos ponyv\u00e1k, el\u0151tet\u0151k \u00e9s m\u00e1s, stabil r\u00f6gz\u00edt\u00e9si pontot ig\u00e9nyl\u0151 t\u00e1rgyak lek\u00f6t\u00e9s\u00e9hez. A tetej\u00e9hez k\u00f6zeli kamp\u00f3 tov\u00e1bbi r\u00f6gz\u00edt\u00e9si lehet\u0151s\u00e9get biztos\u00edt, \u00edgy rugalmasan haszn\u00e1lhatja a kar\u00f3t. Ez az \u00e1tgondolt kialak\u00edt\u00e1s biztos\u00edtja, hogy a szerkezetek m\u00e9g szeles k\u00f6r\u00fclm\u00e9nyek k\u00f6z\u00f6tt is biztons\u00e1gban maradjanak, \u00edgy a szabadt\u00e9ri rajong\u00f3k \u00e9s a szakemberek sz\u00e1m\u00e1ra egyar\u00e1nt n\u00e9lk\u00fcl\u00f6zhetetlen eszk\u00f6z.<\/p>\n<p>A kert\u00e9szetben \u00e9s a kert\u00e9p\u00edt\u00e9sben ez a kar\u00f3 felbecs\u00fclhetetlen \u00e9rt\u00e9k\u0171nek bizonyul a k\u00fcl\u00f6nb\u00f6z\u0151 szerkezetek \u00e9s dekor\u00e1ci\u00f3k al\u00e1t\u00e1maszt\u00e1s\u00e1hoz. Tart\u00f3ss\u00e1ga \u00e9s k\u00f6nny\u0171 haszn\u00e1lhat\u00f3s\u00e1ga miatt a kert\u00e9szek kedvence, akik lugasokat, kerti h\u00e1l\u00f3kat vagy ak\u00e1r dekor\u00e1ci\u00f3s elemeket szeretn\u00e9nek r\u00f6gz\u00edteni. Az UV-\u00e1ll\u00f3 m\u0171anyag biztos\u00edtja, hogy az id\u0151 m\u00fal\u00e1s\u00e1val nem t\u00f6rik meg \u00e9s nem t\u00f6rik \u00f6ssze, \u00edgy szezonr\u00f3l szezonra egyenletes teljes\u00edtm\u00e9nyt ny\u00fajt.<\/p>\n<h4>A talajkar\u00f3k szerepe az \u00e9p\u00edt\u0151iparban \u00e9s a szabadt\u00e9ri tev\u00e9kenys\u00e9gekben<\/h4>\n<p>A talajkar\u00f3k, bele\u00e9rtve a m\u0171anyag v\u00e1ltozatokat is, d\u00f6nt\u0151 szerepet j\u00e1tszanak mind az \u00e9p\u00edt\u0151iparban, mind a szabadt\u00e9ri tev\u00e9kenys\u00e9gek sor\u00e1n. Az \u00e9p\u00edt\u0151iparban az ideiglenes szerkezetek, p\u00e9ld\u00e1ul s\u00e1trak \u00e9s el\u0151tet\u0151k r\u00f6gz\u00edt\u00e9s\u00e9re szolg\u00e1lnak, stabil alapot biztos\u00edtva, amely megakad\u00e1lyozza a mozg\u00e1st vagy az \u00f6sszeoml\u00e1st. Ez k\u00fcl\u00f6n\u00f6sen fontos olyan helyzetekben, ahol a biztons\u00e1g \u00e9s a stabilit\u00e1s a legfontosabb. A k\u00f6nny\u0171 telep\u00edt\u00e9s \u00e9s elt\u00e1vol\u00edt\u00e1s teszi a m\u0171anyag talajkar\u00f3kat k\u00e9nyelmes v\u00e1laszt\u00e1ss\u00e1 az ideiglenes fel\u00e1ll\u00edt\u00e1sokhoz, lehet\u0151v\u00e9 t\u00e9ve a sz\u00fcks\u00e9g szerinti gyors kiigaz\u00edt\u00e1sokat.<\/p>\n<p>A szabadt\u00e9ri tev\u00e9kenys\u00e9gek ter\u00e9n a f\u00f6ldi kar\u00f3k n\u00e9lk\u00fcl\u00f6zhetetlenek a kempingez\u00e9shez, a t\u00far\u00e1z\u00e1shoz \u00e9s m\u00e1s szabadid\u0151s tev\u00e9kenys\u00e9gekhez. Egy biztons\u00e1gos s\u00e1tor vagy baldachin jelentheti a k\u00fcl\u00f6nbs\u00e9get a k\u00e9nyelmes \u00e9s a katasztrof\u00e1lis \u00e9lm\u00e9ny k\u00f6z\u00f6tt. A m\u0171anyag talajkar\u00f3 nyugalmat ny\u00fajt, hiszen tudja, hogy a k\u00f6r\u00fclm\u00e9nyekre val\u00f3 tekintet n\u00e9lk\u00fcl szil\u00e1rdan a hely\u00e9n marad a mened\u00e9ke. K\u00f6nny\u0171 s\u00falya miatt k\u00f6nnyen sz\u00e1ll\u00edthat\u00f3, minim\u00e1lis s\u00falyt ad a felszerel\u00e9s\u00e9hez, mik\u00f6zben maxim\u00e1lis stabilit\u00e1st biztos\u00edt.<\/p>\n<h4>Alap\u00edtv\u00e1nyi csavarok bemutat\u00e1sa \u00e9s jelent\u0151s\u00e9g\u00fck az \u00e9p\u00edt\u0151iparban<\/h4>\n<p>Az alapoz\u00e1si csavarok az \u00e9p\u00edt\u0151iparban alapvet\u0151 fontoss\u00e1g\u00fa alkatr\u00e9szek, amelyek kritikus szerepet j\u00e1tszanak a szerkezetek alapokhoz val\u00f3 r\u00f6gz\u00edt\u00e9s\u00e9ben. Ezek a csavarok \u00e1ltal\u00e1ban nagy szil\u00e1rds\u00e1g\u00fa ac\u00e9lb\u00f3l k\u00e9sz\u00fclnek, \u00e9s \u00e9p\u00fcletek, hidak, g\u00e9pek \u00e9s m\u00e1s neh\u00e9z szerkezetek r\u00f6gz\u00edt\u00e9s\u00e9re szolg\u00e1lnak. Az alapoz\u00e1si csavarok els\u0151dleges c\u00e9lja, hogy biztons\u00e1gos kapcsolatot biztos\u00edtsanak a szerkezet \u00e9s az alapoz\u00e1s k\u00f6z\u00f6tt, biztos\u00edtva a stabilit\u00e1st \u00e9s a k\u00fcl\u00f6nb\u00f6z\u0151 er\u0151kkel szembeni ellen\u00e1ll\u00e1st, bele\u00e9rtve a szelet, a szeizmikus tev\u00e9kenys\u00e9get \u00e9s m\u00e1s k\u00f6rnyezeti t\u00e9nyez\u0151ket.<\/p>\n<p>Az \u00e9p\u00edt\u0151iparban az alapoz\u00e1si csavarokat a betonalapba \u00e1gyazz\u00e1k, miel\u0151tt a beton megszil\u00e1rdulna, \u00edgy er\u0151s k\u00f6t\u00e9st hozva l\u00e9tre, amely jelent\u0151s terhel\u00e9seknek is ellen\u00e1ll. K\u00fcl\u00f6nb\u00f6z\u0151 m\u00e9retekben \u00e9s t\u00edpusokban kaphat\u00f3k, amelyek mindegyike speci\u00e1lis alkalmaz\u00e1sokhoz \u00e9s terhel\u00e9si k\u00f6vetelm\u00e9nyekhez lett tervezve. Az alapoz\u00e1si csavarok helyes kiv\u00e1laszt\u00e1sa \u00e9s be\u00e9p\u00edt\u00e9se l\u00e9tfontoss\u00e1g\u00fa b\u00e1rmely \u00e9p\u00edt\u00e9si projekt szerkezeti integrit\u00e1sa \u00e9s biztons\u00e1ga szempontj\u00e1b\u00f3l.<\/p>\n<p>Az alapoz\u00f3csavarok egyik legfontosabb el\u0151nye, hogy megb\u00edzhat\u00f3 r\u00f6gz\u00edt\u00e9si pontot biztos\u00edtanak a neh\u00e9z szerkezetek sz\u00e1m\u00e1ra. Ez k\u00fcl\u00f6n\u00f6sen fontos ipari k\u00f6rnyezetben, ahol a g\u00e9peknek \u00e9s berendez\u00e9seknek stabilnak kell maradniuk m\u0171k\u00f6d\u00e9s k\u00f6zben. Az alapoz\u00f3csavarok megakad\u00e1lyozz\u00e1k a mozg\u00e1st \u00e9s a rezg\u00e9seket, amelyek egy\u00e9bk\u00e9nt a berendez\u00e9sek meghib\u00e1sod\u00e1s\u00e1hoz vagy szerkezeti k\u00e1rokhoz vezethetn\u00e9nek. Az\u00e1ltal, hogy a g\u00e9peket stabil alaphoz r\u00f6gz\u00edtik, ezek a csavarok biztos\u00edtj\u00e1k a zavartalan \u00e9s biztons\u00e1gos m\u0171k\u00f6d\u00e9st.<\/p>\n<p>Az alapoz\u00f3csavarok a hidak \u00e9s m\u00e1s nagy infrastruktur\u00e1lis projektek \u00e9p\u00edt\u00e9s\u00e9ben is d\u00f6nt\u0151 szerepet j\u00e1tszanak. Az e csavarok \u00e1ltal biztos\u00edtott stabilit\u00e1s seg\u00edt a terhek egyenletes eloszt\u00e1s\u00e1ban, cs\u00f6kkentve az egyes alkatr\u00e9szekre nehezed\u0151 terhel\u00e9st \u00e9s meghosszabb\u00edtva a szerkezet \u00e9lettartam\u00e1t. A dinamikus er\u0151knek - p\u00e9ld\u00e1ul a forgalom vagy term\u00e9szeti esem\u00e9nyek \u00e1ltal keltett er\u0151knek - val\u00f3 ellen\u00e1ll\u00e1si k\u00e9pess\u00e9g\u00fck n\u00e9lk\u00fcl\u00f6zhetetlenn\u00e9 teszi \u0151ket a hidak \u00e9s hasonl\u00f3 szerkezetek biztons\u00e1g\u00e1nak \u00e9s hossz\u00fa \u00e9lettartam\u00e1nak biztos\u00edt\u00e1s\u00e1ban.<\/p>\n<p>\u00d6sszefoglalva, az alapoz\u00f3csavarok a modern \u00e9p\u00edt\u0151ipar sarokk\u00f6vei, amelyek a szerkezetek sz\u00e9les sk\u00e1l\u00e1ja sz\u00e1m\u00e1ra biztos\u00edtj\u00e1k a sz\u00fcks\u00e9ges stabilit\u00e1st \u00e9s biztons\u00e1got. Az \u00e9p\u00fcletek \u00e9s g\u00e9pek r\u00f6gz\u00edt\u00e9s\u00e9ben bet\u00f6lt\u00f6tt szerep\u00fck alapvet\u0151 fontoss\u00e1g\u00fa az \u00e9p\u00edt\u00e9si projektek integrit\u00e1s\u00e1nak \u00e9s biztons\u00e1g\u00e1nak fenntart\u00e1s\u00e1ban, \u00edgy felbecs\u00fclhetetlen \u00e9rt\u00e9k\u0171 alkatr\u00e9sznek sz\u00e1m\u00edtanak a ter\u00fcleten.<\/p>\n<div class=\"ast-oembed-container\" style=\"height: 100%;\"><iframe title=\"M\u0171anyag f\u00f6ldi kar\u00f3k\" width=\"500\" height=\"281\" src=\"https:\/\/www.youtube.com\/embed\/XXn9suyaFmM?feature=oembed\" frameborder=\"0\" allow=\"accelerometer; autoplay; clipboard-write; encrypted-media; gyroscope; picture-in-picture; web-share\" referrerpolicy=\"strict-origin-when-cross-origin\" allowfullscreen><\/iframe><\/div>","protected":false},"excerpt":{"rendered":"<p>A m\u0171anyag talajkar\u00f3 t\u00f6k\u00e9letesen alkalmas horgonyok, s\u00e1trak, h\u00e1l\u00f3k, ponyv\u00e1k, el\u0151tet\u0151k, valamint kerti vagy teraszszerkezetek r\u00f6gz\u00edt\u00e9s\u00e9re. A kiv\u00e1l\u00f3 min\u0151s\u00e9g\u0171, UV-\u00e1ll\u00f3 m\u0171anyagb\u00f3l k\u00e9sz\u00fclt tart\u00f3s kar\u00f3 k\u00f6nnyen behelyezhet\u0151 a talajba. A teteje k\u00f6zel\u00e9ben lyuk tal\u00e1lhat\u00f3 a k\u00f6t\u00e9l megk\u00f6t\u00e9s\u00e9hez, amely biztos tart\u00e1st biztos\u00edt a k\u00fcl\u00f6nb\u00f6z\u0151 alkalmaz\u00e1sokhoz.<\/p>","protected":false},"featured_media":7475,"comment_status":"open","ping_status":"closed","template":"","meta":{"site-sidebar-layout":"default","site-content-layout":"","ast-site-content-layout":"default","site-content-style":"default","site-sidebar-style":"default","ast-global-header-display":"","ast-banner-title-visibility":"","ast-main-header-display":"","ast-hfb-above-header-display":"","ast-hfb-below-header-display":"","ast-hfb-mobile-header-display":"","site-post-title":"","ast-breadcrumbs-content":"","ast-featured-img":"","footer-sml-layout":"","theme-transparent-header-meta":"default","adv-header-id-meta":"","stick-header-meta":"default","header-above-stick-meta":"","header-main-stick-meta":"","header-below-stick-meta":"","astra-migrate-meta-layouts":"set","ast-page-background-enabled":"default","ast-page-background-meta":{"desktop":{"background-color":"","background-image":"","background-repeat":"repeat","background-position":"center center","background-size":"auto","background-attachment":"scroll","background-type":"","background-media":"","overlay-type":"","overlay-color":"","overlay-opacity":"","overlay-gradient":""},"tablet":{"background-color":"","background-image":"","background-repeat":"repeat","background-position":"center center","background-size":"auto","background-attachment":"scroll","background-type":"","background-media":"","overlay-type":"","overlay-color":"","overlay-opacity":"","overlay-gradient":""},"mobile":{"background-color":"","background-image":"","background-repeat":"repeat","background-position":"center center","background-size":"auto","background-attachment":"scroll","background-type":"","background-media":"","overlay-type":"","overlay-color":"","overlay-opacity":"","overlay-gradient":""}},"ast-content-background-meta":{"desktop":{"background-color":"var(--ast-global-color-5)","background-image":"","background-repeat":"repeat","background-position":"center center","background-size":"auto","background-attachment":"scroll","background-type":"","background-media":"","overlay-type":"","overlay-color":"","overlay-opacity":"","overlay-gradient":""},"tablet":{"background-color":"var(--ast-global-color-5)","background-image":"","background-repeat":"repeat","background-position":"center center","background-size":"auto","background-attachment":"scroll","background-type":"","background-media":"","overlay-type":"","overlay-color":"","overlay-opacity":"","overlay-gradient":""},"mobile":{"background-color":"var(--ast-global-color-5)","background-image":"","background-repeat":"repeat","background-position":"center center","background-size":"auto","background-attachment":"scroll","background-type":"","background-media":"","overlay-type":"","overlay-color":"","overlay-opacity":"","overlay-gradient":""}}},"product_brand":[],"product_cat":[75],"product_tag":[],"class_list":{"0":"post-7473","1":"product","2":"type-product","3":"status-publish","4":"has-post-thumbnail","6":"product_cat-plastic-and-rubber-product","7":"desktop-align-left","8":"tablet-align-left","9":"mobile-align-left","10":"ast-product-gallery-layout-horizontal-slider","11":"ast-product-tabs-layout-horizontal","13":"first","14":"instock","15":"shipping-taxable","16":"purchasable","17":"product-type-simple"},"yoast_head":"<!-- This site is optimized with the Yoast SEO plugin v25.2 - https:\/\/yoast.com\/wordpress\/plugins\/seo\/ -->\n<title>Plastic Groud Stake<\/title>\n<meta name=\"description\" content=\"The plastic ground stake is perfect for securing anchors, tents, nets, tarps, canopies, and garden or patio structures.\" \/>\n<meta name=\"robots\" content=\"index, follow, max-snippet:-1, max-image-preview:large, max-video-preview:-1\" \/>\n<link rel=\"canonical\" href=\"https:\/\/qingdaohf.com\/hu\/termek\/muanyag-karo\/\" \/>\n<meta property=\"og:locale\" content=\"hu_HU\" \/>\n<meta property=\"og:type\" content=\"article\" \/>\n<meta property=\"og:title\" content=\"Plastic Groud Stake\" \/>\n<meta property=\"og:description\" content=\"The plastic ground stake is perfect for securing anchors, tents, nets, tarps, canopies, and garden or patio structures.\" \/>\n<meta property=\"og:url\" content=\"https:\/\/qingdaohf.com\/hu\/termek\/muanyag-karo\/\" \/>\n<meta property=\"og:site_name\" content=\"Concrete Form &amp; Rigging Hardware Supplier\" \/>\n<meta property=\"article:publisher\" content=\"https:\/\/www.facebook.com\/qingdaohf\" \/>\n<meta property=\"article:modified_time\" content=\"2025-11-13T01:03:15+00:00\" \/>\n<meta property=\"og:image\" content=\"https:\/\/qingdaohf.com\/wp-content\/uploads\/2024\/06\/plastic-groud-stake-1.webp\" \/>\n\t<meta property=\"og:image:width\" content=\"1000\" \/>\n\t<meta property=\"og:image:height\" content=\"1000\" \/>\n\t<meta property=\"og:image:type\" content=\"image\/webp\" \/>\n<meta name=\"twitter:card\" content=\"summary_large_image\" \/>\n<meta name=\"twitter:label1\" content=\"Becs\u00fclt olvas\u00e1si id\u0151\" \/>\n\t<meta name=\"twitter:data1\" content=\"4 perc\" \/>\n<script type=\"application\/ld+json\" class=\"yoast-schema-graph\">{\"@context\":\"https:\/\/schema.org\",\"@graph\":[{\"@type\":\"WebPage\",\"@id\":\"https:\/\/qingdaohf.com\/product\/plastic-groud-stake\/\",\"url\":\"https:\/\/qingdaohf.com\/product\/plastic-groud-stake\/\",\"name\":\"Plastic Groud Stake\",\"isPartOf\":{\"@id\":\"https:\/\/qingdaohf.com\/bg\/#website\"},\"primaryImageOfPage\":{\"@id\":\"https:\/\/qingdaohf.com\/product\/plastic-groud-stake\/#primaryimage\"},\"image\":{\"@id\":\"https:\/\/qingdaohf.com\/product\/plastic-groud-stake\/#primaryimage\"},\"thumbnailUrl\":\"https:\/\/qingdaohf.com\/wp-content\/uploads\/2024\/06\/plastic-groud-stake-1.webp\",\"datePublished\":\"2024-06-19T03:36:36+00:00\",\"dateModified\":\"2025-11-13T01:03:15+00:00\",\"description\":\"The plastic ground stake is perfect for securing anchors, tents, nets, tarps, canopies, and garden or patio structures.\",\"breadcrumb\":{\"@id\":\"https:\/\/qingdaohf.com\/product\/plastic-groud-stake\/#breadcrumb\"},\"inLanguage\":\"hu\",\"potentialAction\":[{\"@type\":\"ReadAction\",\"target\":[\"https:\/\/qingdaohf.com\/product\/plastic-groud-stake\/\"]}]},{\"@type\":\"ImageObject\",\"inLanguage\":\"hu\",\"@id\":\"https:\/\/qingdaohf.com\/product\/plastic-groud-stake\/#primaryimage\",\"url\":\"https:\/\/qingdaohf.com\/wp-content\/uploads\/2024\/06\/plastic-groud-stake-1.webp\",\"contentUrl\":\"https:\/\/qingdaohf.com\/wp-content\/uploads\/2024\/06\/plastic-groud-stake-1.webp\",\"width\":1000,\"height\":1000,\"caption\":\"plastic groud stake\"},{\"@type\":\"BreadcrumbList\",\"@id\":\"https:\/\/qingdaohf.com\/product\/plastic-groud-stake\/#breadcrumb\",\"itemListElement\":[{\"@type\":\"ListItem\",\"position\":1,\"name\":\"Home\",\"item\":\"https:\/\/qingdaohf.com\/\"},{\"@type\":\"ListItem\",\"position\":2,\"name\":\"Concrete Forming Accessories and Rigging Hardware\",\"item\":\"https:\/\/qingdaohf.com\/bg\/?page_id=944\"},{\"@type\":\"ListItem\",\"position\":3,\"name\":\"Plastic Groud Stake\"}]},{\"@type\":\"WebSite\",\"@id\":\"https:\/\/qingdaohf.com\/bg\/#website\",\"url\":\"https:\/\/qingdaohf.com\/bg\/\",\"name\":\"Concrete Form & Rigging Hardware Supplier\",\"description\":\"\",\"publisher\":{\"@id\":\"https:\/\/qingdaohf.com\/bg\/#organization\"},\"potentialAction\":[{\"@type\":\"SearchAction\",\"target\":{\"@type\":\"EntryPoint\",\"urlTemplate\":\"https:\/\/qingdaohf.com\/bg\/?s={search_term_string}\"},\"query-input\":{\"@type\":\"PropertyValueSpecification\",\"valueRequired\":true,\"valueName\":\"search_term_string\"}}],\"inLanguage\":\"hu\"},{\"@type\":\"Organization\",\"@id\":\"https:\/\/qingdaohf.com\/bg\/#organization\",\"name\":\"Qingdao H&F\",\"url\":\"https:\/\/qingdaohf.com\/bg\/\",\"logo\":{\"@type\":\"ImageObject\",\"inLanguage\":\"hu\",\"@id\":\"https:\/\/qingdaohf.com\/bg\/#\/schema\/logo\/image\/\",\"url\":\"https:\/\/qingdaohf.com\/wp-content\/uploads\/2022\/12\/cropped-HF-LOGO.png\",\"contentUrl\":\"https:\/\/qingdaohf.com\/wp-content\/uploads\/2022\/12\/cropped-HF-LOGO.png\",\"width\":391,\"height\":249,\"caption\":\"Qingdao H&F\"},\"image\":{\"@id\":\"https:\/\/qingdaohf.com\/bg\/#\/schema\/logo\/image\/\"},\"sameAs\":[\"https:\/\/www.facebook.com\/qingdaohf\"]}]}<\/script>\n<!-- \/ Yoast SEO plugin. -->","yoast_head_json":{"title":"Plastic Groud Stake","description":"The plastic ground stake is perfect for securing anchors, tents, nets, tarps, canopies, and garden or patio structures.","robots":{"index":"index","follow":"follow","max-snippet":"max-snippet:-1","max-image-preview":"max-image-preview:large","max-video-preview":"max-video-preview:-1"},"canonical":"https:\/\/qingdaohf.com\/hu\/termek\/muanyag-karo\/","og_locale":"hu_HU","og_type":"article","og_title":"Plastic Groud Stake","og_description":"The plastic ground stake is perfect for securing anchors, tents, nets, tarps, canopies, and garden or patio structures.","og_url":"https:\/\/qingdaohf.com\/hu\/termek\/muanyag-karo\/","og_site_name":"Concrete Form &amp; Rigging Hardware Supplier","article_publisher":"https:\/\/www.facebook.com\/qingdaohf","article_modified_time":"2025-11-13T01:03:15+00:00","og_image":[{"width":1000,"height":1000,"url":"https:\/\/qingdaohf.com\/wp-content\/uploads\/2024\/06\/plastic-groud-stake-1.webp","type":"image\/webp"}],"twitter_card":"summary_large_image","twitter_misc":{"Becs\u00fclt olvas\u00e1si id\u0151":"4 perc"},"schema":{"@context":"https:\/\/schema.org","@graph":[{"@type":"WebPage","@id":"https:\/\/qingdaohf.com\/product\/plastic-groud-stake\/","url":"https:\/\/qingdaohf.com\/product\/plastic-groud-stake\/","name":"Plastic Groud Stake","isPartOf":{"@id":"https:\/\/qingdaohf.com\/bg\/#website"},"primaryImageOfPage":{"@id":"https:\/\/qingdaohf.com\/product\/plastic-groud-stake\/#primaryimage"},"image":{"@id":"https:\/\/qingdaohf.com\/product\/plastic-groud-stake\/#primaryimage"},"thumbnailUrl":"https:\/\/qingdaohf.com\/wp-content\/uploads\/2024\/06\/plastic-groud-stake-1.webp","datePublished":"2024-06-19T03:36:36+00:00","dateModified":"2025-11-13T01:03:15+00:00","description":"The plastic ground stake is perfect for securing anchors, tents, nets, tarps, canopies, and garden or patio structures.","breadcrumb":{"@id":"https:\/\/qingdaohf.com\/product\/plastic-groud-stake\/#breadcrumb"},"inLanguage":"hu","potentialAction":[{"@type":"ReadAction","target":["https:\/\/qingdaohf.com\/product\/plastic-groud-stake\/"]}]},{"@type":"ImageObject","inLanguage":"hu","@id":"https:\/\/qingdaohf.com\/product\/plastic-groud-stake\/#primaryimage","url":"https:\/\/qingdaohf.com\/wp-content\/uploads\/2024\/06\/plastic-groud-stake-1.webp","contentUrl":"https:\/\/qingdaohf.com\/wp-content\/uploads\/2024\/06\/plastic-groud-stake-1.webp","width":1000,"height":1000,"caption":"plastic groud stake"},{"@type":"BreadcrumbList","@id":"https:\/\/qingdaohf.com\/product\/plastic-groud-stake\/#breadcrumb","itemListElement":[{"@type":"ListItem","position":1,"name":"Home","item":"https:\/\/qingdaohf.com\/"},{"@type":"ListItem","position":2,"name":"Concrete Forming Accessories and Rigging Hardware","item":"https:\/\/qingdaohf.com\/bg\/?page_id=944"},{"@type":"ListItem","position":3,"name":"Plastic Groud Stake"}]},{"@type":"WebSite","@id":"https:\/\/qingdaohf.com\/bg\/#website","url":"https:\/\/qingdaohf.com\/bg\/","name":"Concrete Form & Rigging Hardware Supplier","description":"","publisher":{"@id":"https:\/\/qingdaohf.com\/bg\/#organization"},"potentialAction":[{"@type":"SearchAction","target":{"@type":"EntryPoint","urlTemplate":"https:\/\/qingdaohf.com\/bg\/?s={search_term_string}"},"query-input":{"@type":"PropertyValueSpecification","valueRequired":true,"valueName":"search_term_string"}}],"inLanguage":"hu"},{"@type":"Organization","@id":"https:\/\/qingdaohf.com\/bg\/#organization","name":"Qingdao H&F","url":"https:\/\/qingdaohf.com\/bg\/","logo":{"@type":"ImageObject","inLanguage":"hu","@id":"https:\/\/qingdaohf.com\/bg\/#\/schema\/logo\/image\/","url":"https:\/\/qingdaohf.com\/wp-content\/uploads\/2022\/12\/cropped-HF-LOGO.png","contentUrl":"https:\/\/qingdaohf.com\/wp-content\/uploads\/2022\/12\/cropped-HF-LOGO.png","width":391,"height":249,"caption":"Qingdao H&F"},"image":{"@id":"https:\/\/qingdaohf.com\/bg\/#\/schema\/logo\/image\/"},"sameAs":["https:\/\/www.facebook.com\/qingdaohf"]}]}},"_links":{"self":[{"href":"https:\/\/qingdaohf.com\/hu\/wp-json\/wp\/v2\/product\/7473","targetHints":{"allow":["GET"]}}],"collection":[{"href":"https:\/\/qingdaohf.com\/hu\/wp-json\/wp\/v2\/product"}],"about":[{"href":"https:\/\/qingdaohf.com\/hu\/wp-json\/wp\/v2\/types\/product"}],"replies":[{"embeddable":true,"href":"https:\/\/qingdaohf.com\/hu\/wp-json\/wp\/v2\/comments?post=7473"}],"version-history":[{"count":2,"href":"https:\/\/qingdaohf.com\/hu\/wp-json\/wp\/v2\/product\/7473\/revisions"}],"predecessor-version":[{"id":7479,"href":"https:\/\/qingdaohf.com\/hu\/wp-json\/wp\/v2\/product\/7473\/revisions\/7479"}],"wp:featuredmedia":[{"embeddable":true,"href":"https:\/\/qingdaohf.com\/hu\/wp-json\/wp\/v2\/media\/7475"}],"wp:attachment":[{"href":"https:\/\/qingdaohf.com\/hu\/wp-json\/wp\/v2\/media?parent=7473"}],"wp:term":[{"taxonomy":"product_brand","embeddable":true,"href":"https:\/\/qingdaohf.com\/hu\/wp-json\/wp\/v2\/product_brand?post=7473"},{"taxonomy":"product_cat","embeddable":true,"href":"https:\/\/qingdaohf.com\/hu\/wp-json\/wp\/v2\/product_cat?post=7473"},{"taxonomy":"product_tag","embeddable":true,"href":"https:\/\/qingdaohf.com\/hu\/wp-json\/wp\/v2\/product_tag?post=7473"}],"curies":[{"name":"wp","href":"https:\/\/api.w.org\/{rel}","templated":true}]}}