{"id":7481,"date":"2024-06-19T15:02:52","date_gmt":"2024-06-19T07:02:52","guid":{"rendered":"http:\/\/qingdaohf.com\/?post_type=product&#038;p=7481"},"modified":"2025-11-13T09:03:15","modified_gmt":"2025-11-13T01:03:15","slug":"5-8x24-anchor-bolt","status":"publish","type":"product","link":"https:\/\/qingdaohf.com\/hu\/termek\/sb-horgonycsavar\/","title":{"rendered":"5\/8X24 horgonycsavar"},"content":{"rendered":"<p>A horgonycsavar az \u00e9p\u00edt\u0151iparban alapvet\u0151 fontoss\u00e1g\u00fa elem, amely biztons\u00e1gos \u00e9s megb\u00edzhat\u00f3 megold\u00e1st ny\u00fajt a szerkezetek betonalapokhoz val\u00f3 r\u00f6gz\u00edt\u00e9s\u00e9hez. Ezeket a csavarokat apr\u00f3l\u00e9kosan tervezt\u00e9k, hogy biztos\u00edts\u00e1k a maxim\u00e1lis szil\u00e1rds\u00e1got \u00e9s tart\u00f3ss\u00e1got, \u00edgy ide\u00e1lisak az \u00e9p\u00edt\u0151ipari alkalmaz\u00e1sok sz\u00e9les k\u00f6r\u00e9hez. A horgonycsavar kulcsfontoss\u00e1g\u00fa szerepet j\u00e1tszik az \u00e9p\u00fcletek stabilit\u00e1s\u00e1ban \u00e9s integrit\u00e1s\u00e1ban, biztos\u00edtva, hogy a szerkezetek m\u00e9g jelent\u0151s stressz \u00e9s terhel\u00e9s mellett is szil\u00e1rdan a hely\u00fck\u00f6n maradjanak.<\/p>\n<p><strong>Bevezet\u00e9s az alap\u00edtv\u00e1nyi csavarokba<\/strong><\/p>\n<p>Az alapoz\u00f3csavarok, mint p\u00e9ld\u00e1ul az Anchor Bolt, kritikus fontoss\u00e1g\u00faak az \u00e9p\u00edt\u00e9si projektekn\u00e9l. A szerkezetek betonalapokhoz val\u00f3 r\u00f6gz\u00edt\u00e9s\u00e9re szolg\u00e1lnak, \u00e9s biztos\u00edtj\u00e1k a k\u00fcl\u00f6nb\u00f6z\u0151 er\u0151knek val\u00f3 ellen\u00e1ll\u00e1shoz sz\u00fcks\u00e9ges al\u00e1t\u00e1maszt\u00e1st. Ezeket a csavarokat \u00e1ltal\u00e1ban lak\u00f3-, kereskedelmi \u00e9s ipari \u00e9p\u00fcletekben haszn\u00e1lj\u00e1k, biztos\u00edtva, hogy a szerkezetek stabilak \u00e9s biztons\u00e1gosak maradjanak.<\/p>\n<p>Az alapoz\u00e1si csavarok els\u0151dleges feladata a terhek \u00e1tad\u00e1sa a szerkezetr\u0151l a betonalapra. Ez seg\u00edt a szerkezeti integrit\u00e1s fenntart\u00e1s\u00e1ban, \u00e9s megakad\u00e1lyozza a nem k\u00edv\u00e1nt mozg\u00e1sokat vagy elmozdul\u00e1sokat. A horgonycsavarokat \u00fagy tervezt\u00e9k, hogy megfeleljenek ezeknek a k\u00f6vetelm\u00e9nyeknek, p\u00e1ratlan teljes\u00edtm\u00e9nyt \u00e9s megb\u00edzhat\u00f3s\u00e1got ny\u00fajtva.<\/p>\n<p><strong>A horgonycsavar szerepe az \u00e9p\u00edt\u0151iparban<\/strong><\/p>\n<p>Az Anchor Bolt kiemelkedik a kiv\u00e1l\u00f3 min\u0151s\u00e9g\u0171 anyagokkal \u00e9s a prec\u00edz gy\u00e1rt\u00e1si elj\u00e1r\u00e1ssal. Ezt a horgonycsavart \u00fagy tervezt\u00e9k, hogy kiemelked\u0151 szil\u00e1rds\u00e1got biztos\u00edtson, \u00e9s \u00edgy nagy terhel\u00e9sekkel \u00e9s sz\u00e9ls\u0151s\u00e9ges k\u00f6r\u00fclm\u00e9nyekkel is megbirk\u00f3zzon. Az \u00e9p\u00edt\u0151iparban a horgonycsavart k\u00fcl\u00f6nb\u00f6z\u0151 alkalmaz\u00e1sokban haszn\u00e1lj\u00e1k, t\u00f6bbek k\u00f6z\u00f6tt oszlopok, gerend\u00e1k \u00e9s m\u00e1s szerkezeti elemek r\u00f6gz\u00edt\u00e9s\u00e9re a betonalaphoz.<\/p>\n<p>A horgonycsavar egyik legfontosabb jellemz\u0151je a korr\u00f3zi\u00f3\u00e1ll\u00f3s\u00e1g. Ez biztos\u00edtja, hogy a csavar m\u00e9g zord k\u00f6rnyezetben is s\u00e9rtetlen \u00e9s m\u0171k\u00f6d\u0151k\u00e9pes marad. A horgonycsavar tart\u00f3ss\u00e1ga cs\u00f6kkenti a gyakori csere sz\u00fcks\u00e9gess\u00e9g\u00e9t, \u00edgy id\u0151t \u00e9s k\u00f6lts\u00e9get takar\u00edt meg az \u00e9p\u00edt\u00e9si projektekn\u00e9l.<\/p>\n<p>Az Anchor Bolt er\u0151ss\u00e9ge \u00e9s tart\u00f3ss\u00e1ga mellett a r\u00f6gz\u00edt\u0151csavar k\u00f6nnyen felszerelhet\u0151. A kialak\u00edt\u00e1s lehet\u0151v\u00e9 teszi a gyors \u00e9s hat\u00e9kony telep\u00edt\u00e9st, \u00edgy az \u00e9p\u00edt\u00e9si projektek k\u00e9sedelem n\u00e9lk\u00fcl folytat\u00f3dhatnak. Ez a k\u00f6nny\u0171 szerelhet\u0151s\u00e9g teszi az Anchor Boltot sz\u00e1mos \u00e9p\u00edt\u0151ipari szakember sz\u00e1m\u00e1ra el\u0151ny\u00f6s v\u00e1laszt\u00e1ss\u00e1.<\/p>\n<p><strong>A horgonycsavar alkalmaz\u00e1sa<\/strong><\/p>\n<p>A horgonycsavar sokoldal\u00fas\u00e1ga miatt a felhaszn\u00e1l\u00e1si ter\u00fcletek sz\u00e9les sk\u00e1l\u00e1j\u00e1n alkalmazhat\u00f3. A lak\u00e1s\u00e9p\u00edt\u00e9sben ezeket a csavarokat a h\u00e1zkeretek \u00e9s m\u00e1s szerkezeti elemek alaphoz val\u00f3 r\u00f6gz\u00edt\u00e9s\u00e9re haszn\u00e1lj\u00e1k. Ez biztos\u00edtja, hogy a szerkezet stabil maradjon, \u00e9s ellen\u00e1lljon a k\u00fcl\u00f6nb\u00f6z\u0151 k\u00f6rnyezeti t\u00e9nyez\u0151knek, p\u00e9ld\u00e1ul a sz\u00e9lnek \u00e9s a szeizmikus tev\u00e9kenys\u00e9gnek.<\/p>\n<p>A kereskedelmi \u00e9p\u00edtkez\u00e9sben a horgonycsavarokat nagy szerkezetek, p\u00e9ld\u00e1ul felh\u0151karcol\u00f3k \u00e9s hidak alapoz\u00e1s\u00e1hoz r\u00f6gz\u00edtik. E csavarok szil\u00e1rds\u00e1ga \u00e9s megb\u00edzhat\u00f3s\u00e1ga d\u00f6nt\u0151 fontoss\u00e1g\u00fa e nagyszab\u00e1s\u00fa projektek biztons\u00e1g\u00e1nak \u00e9s stabilit\u00e1s\u00e1nak biztos\u00edt\u00e1s\u00e1ban. A horgonycsavarok nagy terhel\u00e9sekkel szembeni teherb\u00edr\u00f3 k\u00e9pess\u00e9ge miatt alapvet\u0151 fontoss\u00e1g\u00fa alkatr\u00e9sz ezekben az alkalmaz\u00e1sokban.<\/p>\n<p>Az ipari \u00e9p\u00edt\u00e9si projektek szint\u00e9n profit\u00e1lnak a horgonycsavarok haszn\u00e1lat\u00e1b\u00f3l. Ezeket a csavarokat a g\u00e9pek \u00e9s berendez\u00e9sek betonalapzathoz val\u00f3 r\u00f6gz\u00edt\u00e9s\u00e9re haszn\u00e1lj\u00e1k, biztos\u00edtva, hogy m\u0171k\u00f6d\u00e9s k\u00f6zben stabilak maradjanak. Ez k\u00fcl\u00f6n\u00f6sen fontos az olyan ipar\u00e1gakban, ahol neh\u00e9zg\u00e9peket haszn\u00e1lnak, mivel b\u00e1rmilyen elmozdul\u00e1s jelent\u0151s biztons\u00e1gi kock\u00e1zatot jelenthet.<\/p>\n<p><strong>K\u00f6vetkeztet\u00e9s a horgonycsavarr\u00f3l<\/strong><\/p>\n<p>A horgonycsavar az \u00e9p\u00edt\u0151iparban l\u00e9tfontoss\u00e1g\u00fa alkatr\u00e9sz, amely p\u00e1ratlan szil\u00e1rds\u00e1got, tart\u00f3ss\u00e1got \u00e9s megb\u00edzhat\u00f3s\u00e1got k\u00edn\u00e1l. Szerepe a szerkezetek betonalapokhoz val\u00f3 r\u00f6gz\u00edt\u00e9s\u00e9ben biztos\u00edtja a k\u00fcl\u00f6nb\u00f6z\u0151 \u00e9p\u00edt\u00e9si projektek stabilit\u00e1s\u00e1t \u00e9s biztons\u00e1g\u00e1t. Ak\u00e1r lakoss\u00e1gi, kereskedelmi vagy ipari alkalmaz\u00e1sokban, a horgonycsavar a megb\u00edzhat\u00f3 megold\u00e1st keres\u0151 \u00e9p\u00edt\u0151ipari szakemberek sz\u00e1m\u00e1ra a legmegfelel\u0151bb v\u00e1laszt\u00e1s.<\/p>\n<p>Az olyan kiv\u00e1l\u00f3 min\u0151s\u00e9g\u0171 alapoz\u00f3csavarokba val\u00f3 befektet\u00e9s, mint az Anchor Bolt, kulcsfontoss\u00e1g\u00fa minden \u00e9p\u00edt\u00e9si projekt siker\u00e9hez. Ezek a csavarok biztos\u00edtj\u00e1k a sz\u00fcks\u00e9ges al\u00e1t\u00e1maszt\u00e1st \u00e9s stabilit\u00e1st, biztos\u00edtva, hogy a szerkezetek biztons\u00e1gosak maradjanak. Kiv\u00e1l\u00f3 teljes\u00edtm\u00e9ny\u00e9vel \u00e9s k\u00f6nny\u0171 szerelhet\u0151s\u00e9g\u00e9vel az Anchor Bolt ide\u00e1lis v\u00e1laszt\u00e1s az \u00d6n \u00e9p\u00edt\u00e9si ig\u00e9nyeihez.<\/p>","protected":false},"excerpt":{"rendered":"<p>Az Anchor Bolt egy pr\u00e9mium min\u0151s\u00e9g\u0171 alapoz\u00f3csavar, amelyet biztons\u00e1gos \u00e9s robusztus \u00e9p\u00edt\u00e9si alkalmaz\u00e1sokhoz terveztek. Ez a kiv\u00e1l\u00f3 min\u0151s\u00e9g\u0171 anyagokb\u00f3l k\u00e9sz\u00fclt horgonycsavar maxim\u00e1lis tart\u00f3ss\u00e1got \u00e9s megb\u00edzhat\u00f3s\u00e1got biztos\u00edt, \u00e9s t\u00f6k\u00e9letesen megfelel a k\u00fcl\u00f6nb\u00f6z\u0151 \u00e9p\u00edt\u00e9si ig\u00e9nyekhez. Az Anchor Bolt ide\u00e1lis mind lakoss\u00e1gi, mind kereskedelmi projektekhez, az Anchor Bolt kiv\u00e1l\u00f3 teljes\u00edtm\u00e9nyt ny\u00fajt a szerkezetek betonalapokhoz val\u00f3 r\u00f6gz\u00edt\u00e9s\u00e9hez.<\/p>","protected":false},"featured_media":7485,"comment_status":"open","ping_status":"closed","template":"","meta":{"site-sidebar-layout":"default","site-content-layout":"","ast-site-content-layout":"default","site-content-style":"default","site-sidebar-style":"default","ast-global-header-display":"","ast-banner-title-visibility":"","ast-main-header-display":"","ast-hfb-above-header-display":"","ast-hfb-below-header-display":"","ast-hfb-mobile-header-display":"","site-post-title":"","ast-breadcrumbs-content":"","ast-featured-img":"","footer-sml-layout":"","theme-transparent-header-meta":"default","adv-header-id-meta":"","stick-header-meta":"default","header-above-stick-meta":"","header-main-stick-meta":"","header-below-stick-meta":"","astra-migrate-meta-layouts":"set","ast-page-background-enabled":"default","ast-page-background-meta":{"desktop":{"background-color":"","background-image":"","background-repeat":"repeat","background-position":"center center","background-size":"auto","background-attachment":"scroll","background-type":"","background-media":"","overlay-type":"","overlay-color":"","overlay-opacity":"","overlay-gradient":""},"tablet":{"background-color":"","background-image":"","background-repeat":"repeat","background-position":"center center","background-size":"auto","background-attachment":"scroll","background-type":"","background-media":"","overlay-type":"","overlay-color":"","overlay-opacity":"","overlay-gradient":""},"mobile":{"background-color":"","background-image":"","background-repeat":"repeat","background-position":"center center","background-size":"auto","background-attachment":"scroll","background-type":"","background-media":"","overlay-type":"","overlay-color":"","overlay-opacity":"","overlay-gradient":""}},"ast-content-background-meta":{"desktop":{"background-color":"var(--ast-global-color-5)","background-image":"","background-repeat":"repeat","background-position":"center center","background-size":"auto","background-attachment":"scroll","background-type":"","background-media":"","overlay-type":"","overlay-color":"","overlay-opacity":"","overlay-gradient":""},"tablet":{"background-color":"var(--ast-global-color-5)","background-image":"","background-repeat":"repeat","background-position":"center center","background-size":"auto","background-attachment":"scroll","background-type":"","background-media":"","overlay-type":"","overlay-color":"","overlay-opacity":"","overlay-gradient":""},"mobile":{"background-color":"var(--ast-global-color-5)","background-image":"","background-repeat":"repeat","background-position":"center center","background-size":"auto","background-attachment":"scroll","background-type":"","background-media":"","overlay-type":"","overlay-color":"","overlay-opacity":"","overlay-gradient":""}}},"product_brand":[],"product_cat":[50],"product_tag":[],"class_list":{"0":"post-7481","1":"product","2":"type-product","3":"status-publish","4":"has-post-thumbnail","6":"product_cat-concrete-form-accessories","7":"desktop-align-left","8":"tablet-align-left","9":"mobile-align-left","10":"ast-product-gallery-layout-horizontal-slider","11":"ast-product-tabs-layout-horizontal","13":"first","14":"instock","15":"shipping-taxable","16":"purchasable","17":"product-type-simple"},"yoast_head":"<!-- This site is optimized with the Yoast SEO plugin v25.2 - https:\/\/yoast.com\/wordpress\/plugins\/seo\/ -->\n<title>5\/8X24 Anchor Bolt<\/title>\n<meta name=\"description\" content=\"Anchor Bolt is a premium-quality foundation bolt designed for secure and robust construction applications\" \/>\n<meta name=\"robots\" content=\"index, follow, max-snippet:-1, max-image-preview:large, max-video-preview:-1\" \/>\n<link rel=\"canonical\" href=\"https:\/\/qingdaohf.com\/hu\/termek\/sb-horgonycsavar\/\" \/>\n<meta property=\"og:locale\" content=\"hu_HU\" \/>\n<meta property=\"og:type\" content=\"article\" \/>\n<meta property=\"og:title\" content=\"5\/8X24 Anchor Bolt\" \/>\n<meta property=\"og:description\" content=\"Anchor Bolt is a premium-quality foundation bolt designed for secure and robust construction applications\" \/>\n<meta property=\"og:url\" content=\"https:\/\/qingdaohf.com\/hu\/termek\/sb-horgonycsavar\/\" \/>\n<meta property=\"og:site_name\" content=\"Concrete Form &amp; Rigging Hardware Supplier\" \/>\n<meta property=\"article:publisher\" content=\"https:\/\/www.facebook.com\/qingdaohf\" \/>\n<meta property=\"article:modified_time\" content=\"2025-11-13T01:03:15+00:00\" \/>\n<meta property=\"og:image\" content=\"https:\/\/qingdaohf.com\/wp-content\/uploads\/2024\/06\/sb-anchor-bolt-10.webp\" \/>\n\t<meta property=\"og:image:width\" content=\"1000\" \/>\n\t<meta property=\"og:image:height\" content=\"1000\" \/>\n\t<meta property=\"og:image:type\" content=\"image\/webp\" \/>\n<meta name=\"twitter:card\" content=\"summary_large_image\" \/>\n<meta name=\"twitter:label1\" content=\"Becs\u00fclt olvas\u00e1si id\u0151\" \/>\n\t<meta name=\"twitter:data1\" content=\"3 perc\" \/>\n<script type=\"application\/ld+json\" class=\"yoast-schema-graph\">{\"@context\":\"https:\/\/schema.org\",\"@graph\":[{\"@type\":\"WebPage\",\"@id\":\"https:\/\/qingdaohf.com\/product\/5-8x24-anchor-bolt\/\",\"url\":\"https:\/\/qingdaohf.com\/product\/5-8x24-anchor-bolt\/\",\"name\":\"5\/8X24 Anchor Bolt\",\"isPartOf\":{\"@id\":\"https:\/\/qingdaohf.com\/bg\/#website\"},\"primaryImageOfPage\":{\"@id\":\"https:\/\/qingdaohf.com\/product\/5-8x24-anchor-bolt\/#primaryimage\"},\"image\":{\"@id\":\"https:\/\/qingdaohf.com\/product\/5-8x24-anchor-bolt\/#primaryimage\"},\"thumbnailUrl\":\"https:\/\/qingdaohf.com\/wp-content\/uploads\/2024\/06\/sb-anchor-bolt-10.webp\",\"datePublished\":\"2024-06-19T07:02:52+00:00\",\"dateModified\":\"2025-11-13T01:03:15+00:00\",\"description\":\"Anchor Bolt is a premium-quality foundation bolt designed for secure and robust construction applications\",\"breadcrumb\":{\"@id\":\"https:\/\/qingdaohf.com\/product\/5-8x24-anchor-bolt\/#breadcrumb\"},\"inLanguage\":\"hu\",\"potentialAction\":[{\"@type\":\"ReadAction\",\"target\":[\"https:\/\/qingdaohf.com\/product\/5-8x24-anchor-bolt\/\"]}]},{\"@type\":\"ImageObject\",\"inLanguage\":\"hu\",\"@id\":\"https:\/\/qingdaohf.com\/product\/5-8x24-anchor-bolt\/#primaryimage\",\"url\":\"https:\/\/qingdaohf.com\/wp-content\/uploads\/2024\/06\/sb-anchor-bolt-10.webp\",\"contentUrl\":\"https:\/\/qingdaohf.com\/wp-content\/uploads\/2024\/06\/sb-anchor-bolt-10.webp\",\"width\":1000,\"height\":1000,\"caption\":\"sb anchor bolt\"},{\"@type\":\"BreadcrumbList\",\"@id\":\"https:\/\/qingdaohf.com\/product\/5-8x24-anchor-bolt\/#breadcrumb\",\"itemListElement\":[{\"@type\":\"ListItem\",\"position\":1,\"name\":\"Home\",\"item\":\"https:\/\/qingdaohf.com\/\"},{\"@type\":\"ListItem\",\"position\":2,\"name\":\"Concrete Forming Accessories and Rigging Hardware\",\"item\":\"https:\/\/qingdaohf.com\/bg\/?page_id=944\"},{\"@type\":\"ListItem\",\"position\":3,\"name\":\"5\/8X24 Anchor Bolt\"}]},{\"@type\":\"WebSite\",\"@id\":\"https:\/\/qingdaohf.com\/bg\/#website\",\"url\":\"https:\/\/qingdaohf.com\/bg\/\",\"name\":\"Concrete Form & Rigging Hardware Supplier\",\"description\":\"\",\"publisher\":{\"@id\":\"https:\/\/qingdaohf.com\/bg\/#organization\"},\"potentialAction\":[{\"@type\":\"SearchAction\",\"target\":{\"@type\":\"EntryPoint\",\"urlTemplate\":\"https:\/\/qingdaohf.com\/bg\/?s={search_term_string}\"},\"query-input\":{\"@type\":\"PropertyValueSpecification\",\"valueRequired\":true,\"valueName\":\"search_term_string\"}}],\"inLanguage\":\"hu\"},{\"@type\":\"Organization\",\"@id\":\"https:\/\/qingdaohf.com\/bg\/#organization\",\"name\":\"Qingdao H&F\",\"url\":\"https:\/\/qingdaohf.com\/bg\/\",\"logo\":{\"@type\":\"ImageObject\",\"inLanguage\":\"hu\",\"@id\":\"https:\/\/qingdaohf.com\/bg\/#\/schema\/logo\/image\/\",\"url\":\"https:\/\/qingdaohf.com\/wp-content\/uploads\/2022\/12\/cropped-HF-LOGO.png\",\"contentUrl\":\"https:\/\/qingdaohf.com\/wp-content\/uploads\/2022\/12\/cropped-HF-LOGO.png\",\"width\":391,\"height\":249,\"caption\":\"Qingdao H&F\"},\"image\":{\"@id\":\"https:\/\/qingdaohf.com\/bg\/#\/schema\/logo\/image\/\"},\"sameAs\":[\"https:\/\/www.facebook.com\/qingdaohf\"]}]}<\/script>\n<!-- \/ Yoast SEO plugin. -->","yoast_head_json":{"title":"5\/8X24 Anchor Bolt","description":"Anchor Bolt is a premium-quality foundation bolt designed for secure and robust construction applications","robots":{"index":"index","follow":"follow","max-snippet":"max-snippet:-1","max-image-preview":"max-image-preview:large","max-video-preview":"max-video-preview:-1"},"canonical":"https:\/\/qingdaohf.com\/hu\/termek\/sb-horgonycsavar\/","og_locale":"hu_HU","og_type":"article","og_title":"5\/8X24 Anchor Bolt","og_description":"Anchor Bolt is a premium-quality foundation bolt designed for secure and robust construction applications","og_url":"https:\/\/qingdaohf.com\/hu\/termek\/sb-horgonycsavar\/","og_site_name":"Concrete Form &amp; Rigging Hardware Supplier","article_publisher":"https:\/\/www.facebook.com\/qingdaohf","article_modified_time":"2025-11-13T01:03:15+00:00","og_image":[{"width":1000,"height":1000,"url":"https:\/\/qingdaohf.com\/wp-content\/uploads\/2024\/06\/sb-anchor-bolt-10.webp","type":"image\/webp"}],"twitter_card":"summary_large_image","twitter_misc":{"Becs\u00fclt olvas\u00e1si id\u0151":"3 perc"},"schema":{"@context":"https:\/\/schema.org","@graph":[{"@type":"WebPage","@id":"https:\/\/qingdaohf.com\/product\/5-8x24-anchor-bolt\/","url":"https:\/\/qingdaohf.com\/product\/5-8x24-anchor-bolt\/","name":"5\/8X24 Anchor Bolt","isPartOf":{"@id":"https:\/\/qingdaohf.com\/bg\/#website"},"primaryImageOfPage":{"@id":"https:\/\/qingdaohf.com\/product\/5-8x24-anchor-bolt\/#primaryimage"},"image":{"@id":"https:\/\/qingdaohf.com\/product\/5-8x24-anchor-bolt\/#primaryimage"},"thumbnailUrl":"https:\/\/qingdaohf.com\/wp-content\/uploads\/2024\/06\/sb-anchor-bolt-10.webp","datePublished":"2024-06-19T07:02:52+00:00","dateModified":"2025-11-13T01:03:15+00:00","description":"Anchor Bolt is a premium-quality foundation bolt designed for secure and robust construction applications","breadcrumb":{"@id":"https:\/\/qingdaohf.com\/product\/5-8x24-anchor-bolt\/#breadcrumb"},"inLanguage":"hu","potentialAction":[{"@type":"ReadAction","target":["https:\/\/qingdaohf.com\/product\/5-8x24-anchor-bolt\/"]}]},{"@type":"ImageObject","inLanguage":"hu","@id":"https:\/\/qingdaohf.com\/product\/5-8x24-anchor-bolt\/#primaryimage","url":"https:\/\/qingdaohf.com\/wp-content\/uploads\/2024\/06\/sb-anchor-bolt-10.webp","contentUrl":"https:\/\/qingdaohf.com\/wp-content\/uploads\/2024\/06\/sb-anchor-bolt-10.webp","width":1000,"height":1000,"caption":"sb anchor bolt"},{"@type":"BreadcrumbList","@id":"https:\/\/qingdaohf.com\/product\/5-8x24-anchor-bolt\/#breadcrumb","itemListElement":[{"@type":"ListItem","position":1,"name":"Home","item":"https:\/\/qingdaohf.com\/"},{"@type":"ListItem","position":2,"name":"Concrete Forming Accessories and Rigging Hardware","item":"https:\/\/qingdaohf.com\/bg\/?page_id=944"},{"@type":"ListItem","position":3,"name":"5\/8X24 Anchor Bolt"}]},{"@type":"WebSite","@id":"https:\/\/qingdaohf.com\/bg\/#website","url":"https:\/\/qingdaohf.com\/bg\/","name":"Concrete Form & Rigging Hardware Supplier","description":"","publisher":{"@id":"https:\/\/qingdaohf.com\/bg\/#organization"},"potentialAction":[{"@type":"SearchAction","target":{"@type":"EntryPoint","urlTemplate":"https:\/\/qingdaohf.com\/bg\/?s={search_term_string}"},"query-input":{"@type":"PropertyValueSpecification","valueRequired":true,"valueName":"search_term_string"}}],"inLanguage":"hu"},{"@type":"Organization","@id":"https:\/\/qingdaohf.com\/bg\/#organization","name":"Qingdao H&F","url":"https:\/\/qingdaohf.com\/bg\/","logo":{"@type":"ImageObject","inLanguage":"hu","@id":"https:\/\/qingdaohf.com\/bg\/#\/schema\/logo\/image\/","url":"https:\/\/qingdaohf.com\/wp-content\/uploads\/2022\/12\/cropped-HF-LOGO.png","contentUrl":"https:\/\/qingdaohf.com\/wp-content\/uploads\/2022\/12\/cropped-HF-LOGO.png","width":391,"height":249,"caption":"Qingdao H&F"},"image":{"@id":"https:\/\/qingdaohf.com\/bg\/#\/schema\/logo\/image\/"},"sameAs":["https:\/\/www.facebook.com\/qingdaohf"]}]}},"_links":{"self":[{"href":"https:\/\/qingdaohf.com\/hu\/wp-json\/wp\/v2\/product\/7481","targetHints":{"allow":["GET"]}}],"collection":[{"href":"https:\/\/qingdaohf.com\/hu\/wp-json\/wp\/v2\/product"}],"about":[{"href":"https:\/\/qingdaohf.com\/hu\/wp-json\/wp\/v2\/types\/product"}],"replies":[{"embeddable":true,"href":"https:\/\/qingdaohf.com\/hu\/wp-json\/wp\/v2\/comments?post=7481"}],"version-history":[{"count":5,"href":"https:\/\/qingdaohf.com\/hu\/wp-json\/wp\/v2\/product\/7481\/revisions"}],"predecessor-version":[{"id":8975,"href":"https:\/\/qingdaohf.com\/hu\/wp-json\/wp\/v2\/product\/7481\/revisions\/8975"}],"wp:featuredmedia":[{"embeddable":true,"href":"https:\/\/qingdaohf.com\/hu\/wp-json\/wp\/v2\/media\/7485"}],"wp:attachment":[{"href":"https:\/\/qingdaohf.com\/hu\/wp-json\/wp\/v2\/media?parent=7481"}],"wp:term":[{"taxonomy":"product_brand","embeddable":true,"href":"https:\/\/qingdaohf.com\/hu\/wp-json\/wp\/v2\/product_brand?post=7481"},{"taxonomy":"product_cat","embeddable":true,"href":"https:\/\/qingdaohf.com\/hu\/wp-json\/wp\/v2\/product_cat?post=7481"},{"taxonomy":"product_tag","embeddable":true,"href":"https:\/\/qingdaohf.com\/hu\/wp-json\/wp\/v2\/product_tag?post=7481"}],"curies":[{"name":"wp","href":"https:\/\/api.w.org\/{rel}","templated":true}]}}