{"id":7512,"date":"2024-06-27T14:28:56","date_gmt":"2024-06-27T06:28:56","guid":{"rendered":"http:\/\/qingdaohf.com\/?post_type=product&#038;p=7512"},"modified":"2025-11-13T09:03:15","modified_gmt":"2025-11-13T01:03:15","slug":"l-bolts-for-concrete","status":"publish","type":"product","link":"https:\/\/qingdaohf.com\/hu\/termek\/l-csavarok-betonhoz\/","title":{"rendered":"Alap\u00edtv\u00e1nyi horgonycsavarok L csavarok betonhoz"},"content":{"rendered":"<h3>Bevezet\u00e9s az L csavarok betonhoz<\/h3>\n<p>Az L-csavarok, m\u00e1s n\u00e9ven L-alak\u00fa horgonycsavarok az \u00e9p\u00edt\u0151iparban n\u00e9lk\u00fcl\u00f6zhetetlen alkatr\u00e9szek. Ezeket a csavarokat kifejezetten betonszerkezetek r\u00f6gz\u00edt\u00e9s\u00e9re tervezt\u00e9k, megb\u00edzhat\u00f3 \u00e9s szil\u00e1rd alapot biztos\u00edtva a k\u00fcl\u00f6nb\u00f6z\u0151 t\u00edpus\u00fa \u00e9p\u00fcletek \u00e9s infrastruktur\u00e1lis projektek sz\u00e1m\u00e1ra. L alakjuk kiv\u00e9teles tart\u00f3er\u0151t biztos\u00edt, \u00edgy ide\u00e1lis v\u00e1laszt\u00e1s a neh\u00e9z terhek r\u00f6gz\u00edt\u00e9s\u00e9hez \u00e9s a szerkezeti integrit\u00e1s biztos\u00edt\u00e1s\u00e1hoz.<\/p>\n<h3>Az L csavarok jelent\u0151s\u00e9ge az \u00e9p\u00edt\u0151iparban<\/h3>\n<p>Minden \u00e9p\u00edt\u00e9si projektben az alapoz\u00e1s a legkritikusabb szempont. Ez t\u00e1masztja al\u00e1 az eg\u00e9sz szerkezetet, \u00e9s biztos\u00edtja annak stabilit\u00e1s\u00e1t. A betonhoz val\u00f3 L-csavarok d\u00f6nt\u0151 szerepet j\u00e1tszanak ebben a tekintetben. Ezek a betonalapba \u00e1gyazva, a menetes v\u00e9g\u00fckkel ki\u00e1ll\u00f3an r\u00f6gz\u00edtik a szerkezeti elemeket. Ez a kialak\u00edt\u00e1s er\u0151s \u00e9s biztons\u00e1gos kapcsolatot biztos\u00edt, amely jelent\u0151s fesz\u00fclts\u00e9get \u00e9s terhel\u00e9st k\u00e9pes elviselni.<\/p>\n<p>Az L-csavarokat gyakran haszn\u00e1lj\u00e1k k\u00fcl\u00f6nf\u00e9le alkalmaz\u00e1sokban, bele\u00e9rtve a lak\u00f3\u00e9p\u00fcleteket, kereskedelmi szerkezeteket, hidakat \u00e9s ipari l\u00e9tes\u00edtm\u00e9nyeket. Stabil r\u00f6gz\u00edt\u00e9si pont biztos\u00edt\u00e1s\u00e1nak k\u00e9pess\u00e9ge teszi \u0151ket n\u00e9lk\u00fcl\u00f6zhetetlenn\u00e9 ezen szerkezetek biztons\u00e1g\u00e1nak \u00e9s hossz\u00fa \u00e9lettartam\u00e1nak biztos\u00edt\u00e1s\u00e1hoz. Az L-csavarok haszn\u00e1lat\u00e1val az \u00e9p\u00edt\u0151ipari szakemberek b\u00edzhatnak projektjeik megb\u00edzhat\u00f3s\u00e1g\u00e1ban \u00e9s tart\u00f3ss\u00e1g\u00e1ban.<\/p>\n<h3>Az L csavarok t\u00edpusai \u00e9s m\u00e9retei<\/h3>\n<p>Az L-csavarok k\u00fcl\u00f6nb\u00f6z\u0151 m\u00e9retekben \u00e9s anyagokb\u00f3l k\u00e9sz\u00fclnek, hogy megfeleljenek a k\u00fcl\u00f6nb\u00f6z\u0151 \u00e9p\u00edt\u00e9si projektek elt\u00e9r\u0151 ig\u00e9nyeinek. A betonhoz val\u00f3 L-csavarjaink a k\u00f6vetkez\u0151 m\u00e9retekben kaphat\u00f3k: 5\/8, 3\/8, 1\/2 \u00e9s 1\/4 h\u00fcvelyk. Mindegyik m\u00e9retet \u00fagy tervezt\u00e9k, hogy bizonyos terhel\u00e9sek \u00e9s alkalmaz\u00e1sok kezel\u00e9s\u00e9re alkalmas legyen, \u00edgy biztos\u00edtva az optim\u00e1lis teljes\u00edtm\u00e9nyt a k\u00fcl\u00f6nb\u00f6z\u0151 \u00e9p\u00edt\u00e9si helyzetekben.<\/p>\n<p>Ezenk\u00edv\u00fcl horganyzott \u00e9s rozsdamentes ac\u00e9lb\u00f3l k\u00e9sz\u00fclt L-csavarokat is k\u00edn\u00e1lunk. A horganyzott L-csavarokat cinkr\u00e9teggel vonj\u00e1k be, amely kiv\u00e1l\u00f3 korr\u00f3zi\u00f3\u00e1ll\u00f3s\u00e1got biztos\u00edt \u00e9s meghosszabb\u00edtja a csavarok \u00e9lettartam\u00e1t. Ez alkalmass\u00e1 teszi \u0151ket k\u00fclt\u00e9ri \u00e9s kitett k\u00f6rnyezetben val\u00f3 haszn\u00e1latra, ahol kem\u00e9ny id\u0151j\u00e1r\u00e1si k\u00f6r\u00fclm\u00e9nyeknek vannak kit\u00e9ve. M\u00e1sr\u00e9szt a rozsdamentes ac\u00e9l L-csavarok kiv\u00e1l\u00f3 szil\u00e1rds\u00e1got \u00e9s rozsda- \u00e9s korr\u00f3zi\u00f3\u00e1ll\u00f3s\u00e1got biztos\u00edtanak, \u00edgy ide\u00e1lisak a legmagasabb szint\u0171 tart\u00f3ss\u00e1got \u00e9s teljes\u00edtm\u00e9nyt ig\u00e9nyl\u0151 projektekhez.<\/p>\n<h3>L csavarok alkalmaz\u00e1sa az \u00e9p\u00edt\u0151iparban<\/h3>\n<p>Az L-csavarok sokoldal\u00fas\u00e1ga miatt az \u00e9p\u00edt\u0151iparban sokf\u00e9lek\u00e9ppen alkalmazhat\u00f3k. \u00c1ltal\u00e1ban szerkezeti oszlopok, gerend\u00e1k \u00e9s t\u00e1maszok r\u00f6gz\u00edt\u00e9s\u00e9re haszn\u00e1lj\u00e1k betonalapokban. Ez biztos\u00edtja, hogy a szerkezeti elemek szil\u00e1rdan r\u00f6gz\u00edtve legyenek, megakad\u00e1lyozva minden olyan mozg\u00e1st vagy elmozdul\u00e1st, amely vesz\u00e9lyeztetheti az \u00e9p\u00fclet integrit\u00e1s\u00e1t.<\/p>\n<p>A szerkezeti alkalmaz\u00e1sok mellett az L-csavarokat sz\u00e1mos m\u00e1s \u00e9p\u00edt\u00e9si feladatban is haszn\u00e1lj\u00e1k. P\u00e9ld\u00e1ul gyakran alkalmazz\u00e1k \u0151ket neh\u00e9zg\u00e9pek \u00e9s berendez\u00e9sek telep\u00edt\u00e9s\u00e9n\u00e9l, ahol a biztons\u00e1gos r\u00f6gz\u00edt\u00e9si pont elengedhetetlen a lehets\u00e9ges vesz\u00e9lyek megel\u0151z\u00e9s\u00e9hez. Az L-csavarokat t\u00e1mfalak \u00e9p\u00edt\u00e9s\u00e9n\u00e9l is haszn\u00e1lj\u00e1k, ahol a talaj \u00e1ltal kifejtett nyom\u00e1snak val\u00f3 ellen\u00e1ll\u00e1shoz sz\u00fcks\u00e9ges t\u00e1maszt\u00e1st biztos\u00edtj\u00e1k.<\/p>\n<p>Ezenk\u00edv\u00fcl az L-csavarokat sz\u00e9les k\u00f6rben haszn\u00e1lj\u00e1k infrastruktur\u00e1lis projektekben, p\u00e9ld\u00e1ul hidakban \u00e9s alagutakban. Ezek a projektek robusztus \u00e9s megb\u00edzhat\u00f3 r\u00f6gz\u00edt\u00e9si pontokat ig\u00e9nyelnek a szerkezetek stabilit\u00e1s\u00e1nak \u00e9s biztons\u00e1g\u00e1nak biztos\u00edt\u00e1sa \u00e9rdek\u00e9ben. Az L-csavarok haszn\u00e1lat\u00e1val a m\u00e9rn\u00f6k\u00f6k olyan er\u0151s kapcsolatokat hozhatnak l\u00e9tre, amelyek k\u00e9pesek ellen\u00e1llni az ilyen nagym\u00e9ret\u0171 \u00e9p\u00edtkez\u00e9sekhez kapcsol\u00f3d\u00f3 dinamikus terhel\u00e9seknek \u00e9s fesz\u00fclts\u00e9geknek.<\/p>\n<h3>L-csavarok beszerel\u00e9se \u00e9s karbantart\u00e1sa<\/h3>\n<p>Az L-csavarok megfelel\u0151 be\u00e9p\u00edt\u00e9se \u00e9s karbantart\u00e1sa d\u00f6nt\u0151 fontoss\u00e1g\u00fa a teljes\u00edtm\u00e9ny \u00e9s a hossz\u00fa \u00e9lettartam biztos\u00edt\u00e1sa \u00e9rdek\u00e9ben. A be\u00e9p\u00edt\u00e9s sor\u00e1n fontos biztos\u00edtani, hogy a csavarok helyesen legyenek elhelyezve \u00e9s biztons\u00e1gosan be\u00e1gyazva a betonba. Ehhez pontos m\u00e9r\u00e9sekre \u00e9s igaz\u00edt\u00e1sra van sz\u00fcks\u00e9g, hogy a csavarok biztos\u00edts\u00e1k a sz\u00fcks\u00e9ges al\u00e1t\u00e1maszt\u00e1st.<\/p>\n<p>Az L-csavarok beszerel\u00e9se ut\u00e1n a rendszeres karbantart\u00e1s elengedhetetlen a folyamatos teljes\u00edtm\u00e9ny biztos\u00edt\u00e1sa \u00e9rdek\u00e9ben. Ez mag\u00e1ban foglalja az id\u0151szakos ellen\u0151rz\u00e9seket a korr\u00f3zi\u00f3, kop\u00e1s vagy s\u00e9r\u00fcl\u00e9s jeleinek ellen\u0151rz\u00e9s\u00e9re. A horganyzott L-csavarok eset\u00e9ben fontos, hogy a cinkbevonat s\u00e9rtetlen maradjon a hat\u00e9kony korr\u00f3zi\u00f3\u00e1ll\u00f3s\u00e1g \u00e9rdek\u00e9ben. A rozsdamentes ac\u00e9l L-csavarok eset\u00e9ben rendszeres tiszt\u00edt\u00e1s \u00e9s ellen\u0151rz\u00e9s sz\u00fcks\u00e9ges a megjelen\u00e9s \u00e9s a funkcionalit\u00e1s meg\u0151rz\u00e9se \u00e9rdek\u00e9ben.<\/p>\n<h3>K\u00f6vetkeztet\u00e9s<\/h3>\n<p>A betonhoz val\u00f3 L-csavarok az \u00e9p\u00edt\u0151ipar l\u00e9tfontoss\u00e1g\u00fa elemei, amelyek megb\u00edzhat\u00f3 \u00e9s robusztus r\u00f6gz\u00edt\u00e9si megold\u00e1sokat ny\u00fajtanak k\u00fcl\u00f6nb\u00f6z\u0151 alkalmaz\u00e1sokhoz. L alak\u00fa kialak\u00edt\u00e1suk kiv\u00e9teles tart\u00f3er\u0151t biztos\u00edt, \u00edgy ide\u00e1lisak a neh\u00e9z terhek r\u00f6gz\u00edt\u00e9s\u00e9hez \u00e9s a szerkezetek stabilit\u00e1s\u00e1nak biztos\u00edt\u00e1s\u00e1hoz. Ezek a k\u00fcl\u00f6nb\u00f6z\u0151 m\u00e9retekben \u00e9s anyagokban, t\u00f6bbek k\u00f6z\u00f6tt horganyzott \u00e9s rozsdamentes ac\u00e9lb\u00f3l k\u00e9sz\u00fclt csavarok tart\u00f3ss\u00e1got \u00e9s korr\u00f3zi\u00f3\u00e1ll\u00f3s\u00e1got biztos\u00edtanak az \u00e9p\u00edt\u00e9si projektek sz\u00e9les sk\u00e1l\u00e1j\u00e1hoz.<\/p>\n<p>Az L-csavarok fontoss\u00e1g\u00e1nak meg\u00e9rt\u00e9s\u00e9vel \u00e9s a megfelel\u0151 be\u00e9p\u00edt\u00e9si \u00e9s karbantart\u00e1si gyakorlatok betart\u00e1s\u00e1val az \u00e9p\u00edt\u0151ipari szakemberek biztos\u00edthatj\u00e1k projektjeik biztons\u00e1g\u00e1t, stabilit\u00e1s\u00e1t \u00e9s hossz\u00fa \u00e9lettartam\u00e1t. Legyen sz\u00f3 lak\u00f3\u00e9p\u00fcletekr\u0151l, kereskedelmi \u00e9p\u00edtm\u00e9nyekr\u0151l vagy nagyszab\u00e1s\u00fa infrastruktur\u00e1lis projektekr\u0151l, a betonhoz haszn\u00e1lt L-csavarok a megb\u00edzhat\u00f3 \u00e9s tart\u00f3s \u00e9p\u00edt\u00e9si eredm\u00e9nyek el\u00e9r\u00e9s\u00e9nek alapvet\u0151 eszk\u00f6zei.<\/p>\n<div class=\"ast-oembed-container\" style=\"height: 100%;\"><iframe title=\"Alap\u00edtv\u00e1nyi csavarok J csavar\" width=\"500\" height=\"281\" src=\"https:\/\/www.youtube.com\/embed\/F2jfo40uEQM?feature=oembed\" frameborder=\"0\" allow=\"accelerometer; autoplay; clipboard-write; encrypted-media; gyroscope; picture-in-picture; web-share\" referrerpolicy=\"strict-origin-when-cross-origin\" allowfullscreen><\/iframe><\/div>","protected":false},"excerpt":{"rendered":"<p>Kiv\u00e1l\u00f3 min\u0151s\u00e9g\u0171 L-csavarjaink betonhoz elengedhetetlenek a biztons\u00e1gos alapoz\u00e1shoz. Ezek az L alak\u00fa horgonycsavarok 5\/8, 3\/8, 1\/2 \u00e9s 1\/4 m\u00e9retben kaphat\u00f3k, horganyzott \u00e9s rozsdamentes ac\u00e9lb\u00f3l k\u00e9sz\u00fclt v\u00e1ltozatban. Ezek a csavarok t\u00f6k\u00e9letesen alkalmasak k\u00fcl\u00f6nb\u00f6z\u0151 \u00e9p\u00edt\u00e9si projektekhez, \u00e9s biztos\u00edtj\u00e1k a tart\u00f3ss\u00e1got \u00e9s a stabilit\u00e1st.<\/p>","protected":false},"featured_media":6996,"comment_status":"open","ping_status":"closed","template":"","meta":{"site-sidebar-layout":"default","site-content-layout":"","ast-site-content-layout":"default","site-content-style":"default","site-sidebar-style":"default","ast-global-header-display":"","ast-banner-title-visibility":"","ast-main-header-display":"","ast-hfb-above-header-display":"","ast-hfb-below-header-display":"","ast-hfb-mobile-header-display":"","site-post-title":"","ast-breadcrumbs-content":"","ast-featured-img":"","footer-sml-layout":"","theme-transparent-header-meta":"default","adv-header-id-meta":"","stick-header-meta":"default","header-above-stick-meta":"","header-main-stick-meta":"","header-below-stick-meta":"","astra-migrate-meta-layouts":"set","ast-page-background-enabled":"default","ast-page-background-meta":{"desktop":{"background-color":"","background-image":"","background-repeat":"repeat","background-position":"center center","background-size":"auto","background-attachment":"scroll","background-type":"","background-media":"","overlay-type":"","overlay-color":"","overlay-opacity":"","overlay-gradient":""},"tablet":{"background-color":"","background-image":"","background-repeat":"repeat","background-position":"center center","background-size":"auto","background-attachment":"scroll","background-type":"","background-media":"","overlay-type":"","overlay-color":"","overlay-opacity":"","overlay-gradient":""},"mobile":{"background-color":"","background-image":"","background-repeat":"repeat","background-position":"center center","background-size":"auto","background-attachment":"scroll","background-type":"","background-media":"","overlay-type":"","overlay-color":"","overlay-opacity":"","overlay-gradient":""}},"ast-content-background-meta":{"desktop":{"background-color":"var(--ast-global-color-5)","background-image":"","background-repeat":"repeat","background-position":"center center","background-size":"auto","background-attachment":"scroll","background-type":"","background-media":"","overlay-type":"","overlay-color":"","overlay-opacity":"","overlay-gradient":""},"tablet":{"background-color":"var(--ast-global-color-5)","background-image":"","background-repeat":"repeat","background-position":"center center","background-size":"auto","background-attachment":"scroll","background-type":"","background-media":"","overlay-type":"","overlay-color":"","overlay-opacity":"","overlay-gradient":""},"mobile":{"background-color":"var(--ast-global-color-5)","background-image":"","background-repeat":"repeat","background-position":"center center","background-size":"auto","background-attachment":"scroll","background-type":"","background-media":"","overlay-type":"","overlay-color":"","overlay-opacity":"","overlay-gradient":""}}},"product_brand":[],"product_cat":[28],"product_tag":[],"class_list":{"0":"post-7512","1":"product","2":"type-product","3":"status-publish","4":"has-post-thumbnail","6":"product_cat-concrete-forming","7":"desktop-align-left","8":"tablet-align-left","9":"mobile-align-left","10":"ast-product-gallery-layout-horizontal-slider","11":"ast-product-tabs-layout-horizontal","13":"first","14":"instock","15":"featured","16":"shipping-taxable","17":"purchasable","18":"product-type-simple"},"yoast_head":"<!-- This site is optimized with the Yoast SEO plugin v25.2 - https:\/\/yoast.com\/wordpress\/plugins\/seo\/ -->\n<title>Foundation Anchor Bolts L Bolts for Concrete<\/title>\n<meta name=\"description\" content=\"L bolts for concrete are essential for secure foundation anchoring. Available in 5\/8, 3\/8, 1\/2, and 1\/4 sizes.\" \/>\n<meta name=\"robots\" content=\"index, follow, max-snippet:-1, max-image-preview:large, max-video-preview:-1\" \/>\n<link rel=\"canonical\" href=\"https:\/\/qingdaohf.com\/hu\/termek\/l-csavarok-betonhoz\/\" \/>\n<meta property=\"og:locale\" content=\"hu_HU\" \/>\n<meta property=\"og:type\" content=\"article\" \/>\n<meta property=\"og:title\" content=\"Foundation Anchor Bolts L Bolts for Concrete\" \/>\n<meta property=\"og:description\" content=\"L bolts for concrete are essential for secure foundation anchoring. Available in 5\/8, 3\/8, 1\/2, and 1\/4 sizes.\" \/>\n<meta property=\"og:url\" content=\"https:\/\/qingdaohf.com\/hu\/termek\/l-csavarok-betonhoz\/\" \/>\n<meta property=\"og:site_name\" content=\"Concrete Form &amp; Rigging Hardware Supplier\" \/>\n<meta property=\"article:publisher\" content=\"https:\/\/www.facebook.com\/qingdaohf\" \/>\n<meta property=\"article:modified_time\" content=\"2025-11-13T01:03:15+00:00\" \/>\n<meta property=\"og:image\" content=\"https:\/\/qingdaohf.com\/wp-content\/uploads\/2024\/05\/J-bolt-2.jpg\" \/>\n\t<meta property=\"og:image:width\" content=\"1000\" \/>\n\t<meta property=\"og:image:height\" content=\"1000\" \/>\n\t<meta property=\"og:image:type\" content=\"image\/jpeg\" \/>\n<meta name=\"twitter:card\" content=\"summary_large_image\" \/>\n<meta name=\"twitter:label1\" content=\"Becs\u00fclt olvas\u00e1si id\u0151\" \/>\n\t<meta name=\"twitter:data1\" content=\"4 perc\" \/>\n<script type=\"application\/ld+json\" class=\"yoast-schema-graph\">{\"@context\":\"https:\/\/schema.org\",\"@graph\":[{\"@type\":\"WebPage\",\"@id\":\"https:\/\/qingdaohf.com\/product\/l-bolts-for-concrete\/\",\"url\":\"https:\/\/qingdaohf.com\/product\/l-bolts-for-concrete\/\",\"name\":\"Foundation Anchor Bolts L Bolts for Concrete\",\"isPartOf\":{\"@id\":\"https:\/\/qingdaohf.com\/bg\/#website\"},\"primaryImageOfPage\":{\"@id\":\"https:\/\/qingdaohf.com\/product\/l-bolts-for-concrete\/#primaryimage\"},\"image\":{\"@id\":\"https:\/\/qingdaohf.com\/product\/l-bolts-for-concrete\/#primaryimage\"},\"thumbnailUrl\":\"https:\/\/qingdaohf.com\/wp-content\/uploads\/2024\/05\/J-bolt-2.jpg\",\"datePublished\":\"2024-06-27T06:28:56+00:00\",\"dateModified\":\"2025-11-13T01:03:15+00:00\",\"description\":\"L bolts for concrete are essential for secure foundation anchoring. Available in 5\/8, 3\/8, 1\/2, and 1\/4 sizes.\",\"breadcrumb\":{\"@id\":\"https:\/\/qingdaohf.com\/product\/l-bolts-for-concrete\/#breadcrumb\"},\"inLanguage\":\"hu\",\"potentialAction\":[{\"@type\":\"ReadAction\",\"target\":[\"https:\/\/qingdaohf.com\/product\/l-bolts-for-concrete\/\"]}]},{\"@type\":\"ImageObject\",\"inLanguage\":\"hu\",\"@id\":\"https:\/\/qingdaohf.com\/product\/l-bolts-for-concrete\/#primaryimage\",\"url\":\"https:\/\/qingdaohf.com\/wp-content\/uploads\/2024\/05\/J-bolt-2.jpg\",\"contentUrl\":\"https:\/\/qingdaohf.com\/wp-content\/uploads\/2024\/05\/J-bolt-2.jpg\",\"width\":1000,\"height\":1000,\"caption\":\"l bolts for concrete\"},{\"@type\":\"BreadcrumbList\",\"@id\":\"https:\/\/qingdaohf.com\/product\/l-bolts-for-concrete\/#breadcrumb\",\"itemListElement\":[{\"@type\":\"ListItem\",\"position\":1,\"name\":\"Home\",\"item\":\"https:\/\/qingdaohf.com\/\"},{\"@type\":\"ListItem\",\"position\":2,\"name\":\"Concrete Forming Accessories and Rigging Hardware\",\"item\":\"https:\/\/qingdaohf.com\/bg\/?page_id=944\"},{\"@type\":\"ListItem\",\"position\":3,\"name\":\"Foundation Anchor Bolts L Bolts for Concrete\"}]},{\"@type\":\"WebSite\",\"@id\":\"https:\/\/qingdaohf.com\/bg\/#website\",\"url\":\"https:\/\/qingdaohf.com\/bg\/\",\"name\":\"Concrete Form & Rigging Hardware Supplier\",\"description\":\"\",\"publisher\":{\"@id\":\"https:\/\/qingdaohf.com\/bg\/#organization\"},\"potentialAction\":[{\"@type\":\"SearchAction\",\"target\":{\"@type\":\"EntryPoint\",\"urlTemplate\":\"https:\/\/qingdaohf.com\/bg\/?s={search_term_string}\"},\"query-input\":{\"@type\":\"PropertyValueSpecification\",\"valueRequired\":true,\"valueName\":\"search_term_string\"}}],\"inLanguage\":\"hu\"},{\"@type\":\"Organization\",\"@id\":\"https:\/\/qingdaohf.com\/bg\/#organization\",\"name\":\"Qingdao H&F\",\"url\":\"https:\/\/qingdaohf.com\/bg\/\",\"logo\":{\"@type\":\"ImageObject\",\"inLanguage\":\"hu\",\"@id\":\"https:\/\/qingdaohf.com\/bg\/#\/schema\/logo\/image\/\",\"url\":\"https:\/\/qingdaohf.com\/wp-content\/uploads\/2022\/12\/cropped-HF-LOGO.png\",\"contentUrl\":\"https:\/\/qingdaohf.com\/wp-content\/uploads\/2022\/12\/cropped-HF-LOGO.png\",\"width\":391,\"height\":249,\"caption\":\"Qingdao H&F\"},\"image\":{\"@id\":\"https:\/\/qingdaohf.com\/bg\/#\/schema\/logo\/image\/\"},\"sameAs\":[\"https:\/\/www.facebook.com\/qingdaohf\"]}]}<\/script>\n<!-- \/ Yoast SEO plugin. -->","yoast_head_json":{"title":"Foundation Anchor Bolts L Bolts for Concrete","description":"L bolts for concrete are essential for secure foundation anchoring. Available in 5\/8, 3\/8, 1\/2, and 1\/4 sizes.","robots":{"index":"index","follow":"follow","max-snippet":"max-snippet:-1","max-image-preview":"max-image-preview:large","max-video-preview":"max-video-preview:-1"},"canonical":"https:\/\/qingdaohf.com\/hu\/termek\/l-csavarok-betonhoz\/","og_locale":"hu_HU","og_type":"article","og_title":"Foundation Anchor Bolts L Bolts for Concrete","og_description":"L bolts for concrete are essential for secure foundation anchoring. Available in 5\/8, 3\/8, 1\/2, and 1\/4 sizes.","og_url":"https:\/\/qingdaohf.com\/hu\/termek\/l-csavarok-betonhoz\/","og_site_name":"Concrete Form &amp; Rigging Hardware Supplier","article_publisher":"https:\/\/www.facebook.com\/qingdaohf","article_modified_time":"2025-11-13T01:03:15+00:00","og_image":[{"width":1000,"height":1000,"url":"https:\/\/qingdaohf.com\/wp-content\/uploads\/2024\/05\/J-bolt-2.jpg","type":"image\/jpeg"}],"twitter_card":"summary_large_image","twitter_misc":{"Becs\u00fclt olvas\u00e1si id\u0151":"4 perc"},"schema":{"@context":"https:\/\/schema.org","@graph":[{"@type":"WebPage","@id":"https:\/\/qingdaohf.com\/product\/l-bolts-for-concrete\/","url":"https:\/\/qingdaohf.com\/product\/l-bolts-for-concrete\/","name":"Foundation Anchor Bolts L Bolts for Concrete","isPartOf":{"@id":"https:\/\/qingdaohf.com\/bg\/#website"},"primaryImageOfPage":{"@id":"https:\/\/qingdaohf.com\/product\/l-bolts-for-concrete\/#primaryimage"},"image":{"@id":"https:\/\/qingdaohf.com\/product\/l-bolts-for-concrete\/#primaryimage"},"thumbnailUrl":"https:\/\/qingdaohf.com\/wp-content\/uploads\/2024\/05\/J-bolt-2.jpg","datePublished":"2024-06-27T06:28:56+00:00","dateModified":"2025-11-13T01:03:15+00:00","description":"L bolts for concrete are essential for secure foundation anchoring. Available in 5\/8, 3\/8, 1\/2, and 1\/4 sizes.","breadcrumb":{"@id":"https:\/\/qingdaohf.com\/product\/l-bolts-for-concrete\/#breadcrumb"},"inLanguage":"hu","potentialAction":[{"@type":"ReadAction","target":["https:\/\/qingdaohf.com\/product\/l-bolts-for-concrete\/"]}]},{"@type":"ImageObject","inLanguage":"hu","@id":"https:\/\/qingdaohf.com\/product\/l-bolts-for-concrete\/#primaryimage","url":"https:\/\/qingdaohf.com\/wp-content\/uploads\/2024\/05\/J-bolt-2.jpg","contentUrl":"https:\/\/qingdaohf.com\/wp-content\/uploads\/2024\/05\/J-bolt-2.jpg","width":1000,"height":1000,"caption":"l bolts for concrete"},{"@type":"BreadcrumbList","@id":"https:\/\/qingdaohf.com\/product\/l-bolts-for-concrete\/#breadcrumb","itemListElement":[{"@type":"ListItem","position":1,"name":"Home","item":"https:\/\/qingdaohf.com\/"},{"@type":"ListItem","position":2,"name":"Concrete Forming Accessories and Rigging Hardware","item":"https:\/\/qingdaohf.com\/bg\/?page_id=944"},{"@type":"ListItem","position":3,"name":"Foundation Anchor Bolts L Bolts for Concrete"}]},{"@type":"WebSite","@id":"https:\/\/qingdaohf.com\/bg\/#website","url":"https:\/\/qingdaohf.com\/bg\/","name":"Concrete Form & Rigging Hardware Supplier","description":"","publisher":{"@id":"https:\/\/qingdaohf.com\/bg\/#organization"},"potentialAction":[{"@type":"SearchAction","target":{"@type":"EntryPoint","urlTemplate":"https:\/\/qingdaohf.com\/bg\/?s={search_term_string}"},"query-input":{"@type":"PropertyValueSpecification","valueRequired":true,"valueName":"search_term_string"}}],"inLanguage":"hu"},{"@type":"Organization","@id":"https:\/\/qingdaohf.com\/bg\/#organization","name":"Qingdao H&F","url":"https:\/\/qingdaohf.com\/bg\/","logo":{"@type":"ImageObject","inLanguage":"hu","@id":"https:\/\/qingdaohf.com\/bg\/#\/schema\/logo\/image\/","url":"https:\/\/qingdaohf.com\/wp-content\/uploads\/2022\/12\/cropped-HF-LOGO.png","contentUrl":"https:\/\/qingdaohf.com\/wp-content\/uploads\/2022\/12\/cropped-HF-LOGO.png","width":391,"height":249,"caption":"Qingdao H&F"},"image":{"@id":"https:\/\/qingdaohf.com\/bg\/#\/schema\/logo\/image\/"},"sameAs":["https:\/\/www.facebook.com\/qingdaohf"]}]}},"_links":{"self":[{"href":"https:\/\/qingdaohf.com\/hu\/wp-json\/wp\/v2\/product\/7512","targetHints":{"allow":["GET"]}}],"collection":[{"href":"https:\/\/qingdaohf.com\/hu\/wp-json\/wp\/v2\/product"}],"about":[{"href":"https:\/\/qingdaohf.com\/hu\/wp-json\/wp\/v2\/types\/product"}],"replies":[{"embeddable":true,"href":"https:\/\/qingdaohf.com\/hu\/wp-json\/wp\/v2\/comments?post=7512"}],"version-history":[{"count":3,"href":"https:\/\/qingdaohf.com\/hu\/wp-json\/wp\/v2\/product\/7512\/revisions"}],"predecessor-version":[{"id":7552,"href":"https:\/\/qingdaohf.com\/hu\/wp-json\/wp\/v2\/product\/7512\/revisions\/7552"}],"wp:featuredmedia":[{"embeddable":true,"href":"https:\/\/qingdaohf.com\/hu\/wp-json\/wp\/v2\/media\/6996"}],"wp:attachment":[{"href":"https:\/\/qingdaohf.com\/hu\/wp-json\/wp\/v2\/media?parent=7512"}],"wp:term":[{"taxonomy":"product_brand","embeddable":true,"href":"https:\/\/qingdaohf.com\/hu\/wp-json\/wp\/v2\/product_brand?post=7512"},{"taxonomy":"product_cat","embeddable":true,"href":"https:\/\/qingdaohf.com\/hu\/wp-json\/wp\/v2\/product_cat?post=7512"},{"taxonomy":"product_tag","embeddable":true,"href":"https:\/\/qingdaohf.com\/hu\/wp-json\/wp\/v2\/product_tag?post=7512"}],"curies":[{"name":"wp","href":"https:\/\/api.w.org\/{rel}","templated":true}]}}