{"id":7535,"date":"2024-06-28T14:33:31","date_gmt":"2024-06-28T06:33:31","guid":{"rendered":"http:\/\/qingdaohf.com\/?post_type=product&#038;p=7535"},"modified":"2025-11-13T09:03:14","modified_gmt":"2025-11-13T01:03:14","slug":"j-hook-tow-chain","status":"publish","type":"product","link":"https:\/\/qingdaohf.com\/hu\/termek\/j-horog-vonohorog-lanc\/","title":{"rendered":"J horog vontat\u00f3 l\u00e1nc"},"content":{"rendered":"<h3><strong>Bemutatjuk a J Hook vontat\u00f3 l\u00e1ncot<\/strong><\/h3>\n<p>A J-kamp\u00f3 vontat\u00f3l\u00e1nc a vontat\u00e1si \u00e9s helyre\u00e1ll\u00edt\u00e1si ipar\u00e1g kritikus eleme, amely robusztuss\u00e1g\u00e1r\u00f3l \u00e9s sokoldal\u00fas\u00e1g\u00e1r\u00f3l ismert. A nagy szil\u00e1rds\u00e1g\u00fa ac\u00e9lb\u00f3l k\u00e9sz\u00fclt l\u00e1ncot \u00fagy tervezt\u00e9k, hogy a legig\u00e9nyesebb vontat\u00e1si feladatokkal is k\u00f6nnyed\u00e9n megbirk\u00f3zzon. Ak\u00e1r hivat\u00e1sos vontat\u00f3aut\u00f3-\u00fczemeltet\u0151, ak\u00e1r bark\u00e1csol\u00f3, a J Hook vontat\u00f3l\u00e1nc n\u00e9lk\u00fcl\u00f6zhetetlen eszk\u00f6z a j\u00e1rm\u0171vek \u00e9s neh\u00e9z terhek biztons\u00e1gos \u00e9s hat\u00e9kony sz\u00e1ll\u00edt\u00e1s\u00e1hoz.<\/p>\n<p><img fetchpriority=\"high\" decoding=\"async\" class=\"alignnone size-full wp-image-7518\" src=\"http:\/\/qingdaohf.com\/wp-content\/uploads\/2024\/06\/G70-TOW-CHAIN-3.webp\" alt=\"J horog l\u00e1nc\" width=\"1000\" height=\"1000\" srcset=\"https:\/\/qingdaohf.com\/wp-content\/uploads\/2024\/06\/G70-TOW-CHAIN-3.webp 1000w, https:\/\/qingdaohf.com\/wp-content\/uploads\/2024\/06\/G70-TOW-CHAIN-3-300x300.webp 300w, https:\/\/qingdaohf.com\/wp-content\/uploads\/2024\/06\/G70-TOW-CHAIN-3-150x150.webp 150w, https:\/\/qingdaohf.com\/wp-content\/uploads\/2024\/06\/G70-TOW-CHAIN-3-768x768.webp 768w, https:\/\/qingdaohf.com\/wp-content\/uploads\/2024\/06\/G70-TOW-CHAIN-3-12x12.webp 12w, https:\/\/qingdaohf.com\/wp-content\/uploads\/2024\/06\/G70-TOW-CHAIN-3-500x500.webp 500w, https:\/\/qingdaohf.com\/wp-content\/uploads\/2024\/06\/G70-TOW-CHAIN-3-100x100.webp 100w\" sizes=\"(max-width: 1000px) 100vw, 1000px\" \/><\/p>\n<h3><strong>A J horog vontat\u00f3 l\u00e1nc alkalmaz\u00e1sai<\/strong><\/h3>\n<p>A J horog vontat\u00f3 l\u00e1nc sz\u00e1mos alkalmaz\u00e1sban kiv\u00e1l\u00f3an haszn\u00e1lhat\u00f3. Gyakran haszn\u00e1lj\u00e1k j\u00e1rm\u0171ment\u00e9si m\u0171veletekn\u00e9l, ahol ereje \u00e9s megb\u00edzhat\u00f3s\u00e1ga kiemelked\u0151 fontoss\u00e1g\u00fa. A J Hook kialak\u00edt\u00e1s lehet\u0151v\u00e9 teszi a biztons\u00e1gos r\u00f6gz\u00edt\u00e9st a j\u00e1rm\u0171 v\u00e1z\u00e1hoz, tengely\u00e9hez \u00e9s m\u00e1s r\u00f6gz\u00edt\u00e9si pontokhoz, biztos\u00edtva, hogy a rakom\u00e1nyt szil\u00e1rdan a hely\u00e9n tarts\u00e1k a sz\u00e1ll\u00edt\u00e1s sor\u00e1n. Ez a l\u00e1nc a rakom\u00e1nyok p\u00f3tkocsikon val\u00f3 r\u00f6gz\u00edt\u00e9s\u00e9hez is n\u00e9lk\u00fcl\u00f6zhetetlen, mivel a sz\u00e1ll\u00edt\u00e1s sor\u00e1n extra biztons\u00e1gi r\u00e9teget ny\u00fajt.<\/p>\n<p>A j\u00e1rm\u0171ment\u00e9s mellett a J-kamp\u00f3 von\u00f3horogl\u00e1nc sz\u00e1mos neh\u00e9zipari alkalmaz\u00e1shoz is ide\u00e1lis. Az \u00e9p\u00edt\u0151ipari szakemberek a berendez\u00e9sek \u00e9s anyagok r\u00f6gz\u00edt\u00e9s\u00e9re haszn\u00e1lj\u00e1k, m\u00edg a mez\u0151gazdas\u00e1gi termel\u0151k \u00e9s farmerek felbecs\u00fclhetetlen \u00e9rt\u00e9k\u0171nek tal\u00e1lj\u00e1k neh\u00e9z t\u00e1rgyak h\u00faz\u00e1s\u00e1hoz \u00e9s r\u00f6gz\u00edt\u00e9s\u00e9hez. Sokoldal\u00fas\u00e1ga miatt minden olyan feladathoz megfelel\u0151 megold\u00e1s, amely er\u0151s, megb\u00edzhat\u00f3 l\u00e1ncokat ig\u00e9nyel.<\/p>\n<h3><strong>Jellemz\u0151k \u00e9s el\u0151ny\u00f6k<\/strong><\/h3>\n<p>A J Hook von\u00f3horogl\u00e1nc egyik kiemelked\u0151 tulajdons\u00e1ga a tart\u00f3ss\u00e1ga. Kiv\u00e1l\u00f3 min\u0151s\u00e9g\u0171 ac\u00e9lb\u00f3l k\u00e9sz\u00fclt, \u00e9s \u00fagy tervezt\u00e9k, hogy elhajl\u00e1s vagy t\u00f6r\u00e9s n\u00e9lk\u00fcl b\u00edrja a rendk\u00edv\u00fcli ig\u00e9nybev\u00e9telt \u00e9s a nagy terhel\u00e9st. A l\u00e1ncot korr\u00f3zi\u00f3\u00e1ll\u00f3 bevonattal is kezelik, amely m\u00e9g zord k\u00f6rnyezetben is hossz\u00fa \u00e9lettartamot biztos\u00edt. Ez a tart\u00f3ss\u00e1g hossz\u00fa t\u00e1v\u00fa megb\u00edzhat\u00f3s\u00e1got jelent, \u00edgy a J Hook von\u00f3horogl\u00e1nc k\u00f6lts\u00e9ghat\u00e9kony befektet\u00e9s a profik \u00e9s a hobbist\u00e1k sz\u00e1m\u00e1ra egyar\u00e1nt.<\/p>\n<p>A J Hook von\u00f3horogl\u00e1nc m\u00e1sik f\u0151 el\u0151nye a k\u00f6nny\u0171 haszn\u00e1lat. A J Hook kialak\u00edt\u00e1s lehet\u0151v\u00e9 teszi a gyors \u00e9s biztons\u00e1gos r\u00f6gz\u00edt\u00e9st a k\u00fcl\u00f6nb\u00f6z\u0151 r\u00f6gz\u00edt\u00e9si pontokhoz, cs\u00f6kkentve a be\u00e1ll\u00edt\u00e1si id\u0151t \u00e9s n\u00f6velve a hat\u00e9konys\u00e1got. A l\u00e1nc t\u00f6bbf\u00e9le hossz\u00fas\u00e1gban \u00e9s terhelhet\u0151s\u00e9ggel kaphat\u00f3, \u00edgy a felhaszn\u00e1l\u00f3k kiv\u00e1laszthatj\u00e1k a saj\u00e1t ig\u00e9nyeiknek megfelel\u0151t. Ez a rugalmass\u00e1g biztos\u00edtja, hogy a J Hook von\u00f3horogl\u00e1nc a vontat\u00e1si \u00e9s r\u00f6gz\u00edt\u00e9si feladatok sz\u00e9les sk\u00e1l\u00e1j\u00e1val megbirk\u00f3zzon.<\/p>\n<h3><strong>Mi\u00e9rt v\u00e1lassza a J Hook von\u00f3horog l\u00e1ncot?<\/strong><\/h3>\n<p>A vontat\u00e1s \u00e9s rakom\u00e1nyr\u00f6gz\u00edt\u00e9s sor\u00e1n a biztons\u00e1g a legfontosabb, \u00e9s a J Hook von\u00f3horogl\u00e1nc ezen a t\u00e9ren is megfelel. Robusztus fel\u00e9p\u00edt\u00e9se \u00e9s biztons\u00e1gos r\u00f6gz\u00edt\u00e9si k\u00e9pess\u00e9gei nyugalmat biztos\u00edtanak, tudva, hogy a rakom\u00e1ny biztons\u00e1gosan van r\u00f6gz\u00edtve. A l\u00e1nc nagy teherb\u00edr\u00e1sa azt jelenti, hogy a legnehezebb j\u00e1rm\u0171veket \u00e9s berendez\u00e9seket is elb\u00edrja, \u00edgy megb\u00edzhat\u00f3 v\u00e1laszt\u00e1s az ig\u00e9nyes munk\u00e1khoz.<\/p>\n<p>A J Hook von\u00f3horogl\u00e1ncot tov\u00e1bb\u00e1 a sokoldal\u00fas\u00e1g jegy\u00e9ben tervezt\u00e9k. A k\u00fcl\u00f6nb\u00f6z\u0151 alkalmaz\u00e1sokhoz val\u00f3 alkalmazkod\u00f3k\u00e9pess\u00e9ge \u00e9rt\u00e9kes eszk\u00f6zz\u00e9 teszi a k\u00fcl\u00f6nb\u00f6z\u0151 ipar\u00e1gakban. Ak\u00e1r j\u00e1rm\u0171ment\u00e9ssel, \u00e9p\u00edt\u0151iparral, mez\u0151gazdas\u00e1ggal vagy \u00e1ltal\u00e1nos neh\u00e9zipari feladatokkal foglalkozik, a J Hook von\u00f3horogl\u00e1nc biztos\u00edtja a sz\u00fcks\u00e9ges teljes\u00edtm\u00e9nyt \u00e9s megb\u00edzhat\u00f3s\u00e1got.<\/p>\n<p>\u00d6sszefoglalva, a J Hook von\u00f3horogl\u00e1nc kiv\u00e1l\u00f3 v\u00e1laszt\u00e1s mindazok sz\u00e1m\u00e1ra, akiknek er\u0151s, tart\u00f3s \u00e9s sokoldal\u00fa vontat\u00e1si \u00e9s r\u00f6gz\u00edt\u00e9si megold\u00e1sra van sz\u00fcks\u00e9g\u00fck. Kiv\u00e1l\u00f3 min\u0151s\u00e9g\u0171 konstrukci\u00f3ja, k\u00f6nny\u0171 kezelhet\u0151s\u00e9ge \u00e9s sz\u00e9lesk\u00f6r\u0171 felhaszn\u00e1l\u00e1si lehet\u0151s\u00e9gei n\u00e9lk\u00fcl\u00f6zhetetlen eszk\u00f6zz\u00e9 teszik a szakemberek \u00e9s a rajong\u00f3k sz\u00e1m\u00e1ra egyar\u00e1nt. Fektessen be m\u00e9g ma a J Hook von\u00f3horogl\u00e1ncba, \u00e9s tapasztalja meg a nyugalmat, amely azzal a tudattal j\u00e1r, hogy a vontat\u00e1si \u00e9s r\u00f6gz\u00edt\u00e9si feladatokat a legnagyobb megb\u00edzhat\u00f3s\u00e1ggal \u00e9s biztons\u00e1ggal v\u00e9gzi.<\/p>","protected":false},"excerpt":{"rendered":"<p>A J Hook von\u00f3horogl\u00e1nc egy tart\u00f3s \u00e9s sokoldal\u00fa eszk\u00f6z, amelyet neh\u00e9z vontat\u00e1si alkalmaz\u00e1sokhoz terveztek. Kiv\u00e1l\u00f3 min\u0151s\u00e9g\u0171 ac\u00e9lb\u00f3l k\u00e9sz\u00fclt, kiv\u00e9teles szil\u00e1rds\u00e1got \u00e9s megb\u00edzhat\u00f3s\u00e1got biztos\u00edt. A J Hook von\u00f3horogl\u00e1nc ide\u00e1lis j\u00e1rm\u0171vek vontat\u00e1s\u00e1hoz, rakom\u00e1nyok r\u00f6gz\u00edt\u00e9s\u00e9hez \u00e9s sok m\u00e1shoz, a J Hook von\u00f3horogl\u00e1nc biztons\u00e1got \u00e9s hat\u00e9konys\u00e1got garant\u00e1l. K\u00fcl\u00f6nb\u00f6z\u0151 hossz\u00fas\u00e1gokban \u00e9s kapacit\u00e1sokban kaphat\u00f3, \u00edgy a vontat\u00e1si ig\u00e9nyek sz\u00e9les sk\u00e1l\u00e1j\u00e1t el\u00e9g\u00edti ki.<\/p>","protected":false},"featured_media":8183,"comment_status":"open","ping_status":"closed","template":"","meta":{"site-sidebar-layout":"default","site-content-layout":"","ast-site-content-layout":"default","site-content-style":"default","site-sidebar-style":"default","ast-global-header-display":"","ast-banner-title-visibility":"","ast-main-header-display":"","ast-hfb-above-header-display":"","ast-hfb-below-header-display":"","ast-hfb-mobile-header-display":"","site-post-title":"","ast-breadcrumbs-content":"","ast-featured-img":"","footer-sml-layout":"","theme-transparent-header-meta":"default","adv-header-id-meta":"","stick-header-meta":"default","header-above-stick-meta":"","header-main-stick-meta":"","header-below-stick-meta":"","astra-migrate-meta-layouts":"set","ast-page-background-enabled":"default","ast-page-background-meta":{"desktop":{"background-color":"","background-image":"","background-repeat":"repeat","background-position":"center center","background-size":"auto","background-attachment":"scroll","background-type":"","background-media":"","overlay-type":"","overlay-color":"","overlay-opacity":"","overlay-gradient":""},"tablet":{"background-color":"","background-image":"","background-repeat":"repeat","background-position":"center center","background-size":"auto","background-attachment":"scroll","background-type":"","background-media":"","overlay-type":"","overlay-color":"","overlay-opacity":"","overlay-gradient":""},"mobile":{"background-color":"","background-image":"","background-repeat":"repeat","background-position":"center center","background-size":"auto","background-attachment":"scroll","background-type":"","background-media":"","overlay-type":"","overlay-color":"","overlay-opacity":"","overlay-gradient":""}},"ast-content-background-meta":{"desktop":{"background-color":"var(--ast-global-color-5)","background-image":"","background-repeat":"repeat","background-position":"center center","background-size":"auto","background-attachment":"scroll","background-type":"","background-media":"","overlay-type":"","overlay-color":"","overlay-opacity":"","overlay-gradient":""},"tablet":{"background-color":"var(--ast-global-color-5)","background-image":"","background-repeat":"repeat","background-position":"center center","background-size":"auto","background-attachment":"scroll","background-type":"","background-media":"","overlay-type":"","overlay-color":"","overlay-opacity":"","overlay-gradient":""},"mobile":{"background-color":"var(--ast-global-color-5)","background-image":"","background-repeat":"repeat","background-position":"center center","background-size":"auto","background-attachment":"scroll","background-type":"","background-media":"","overlay-type":"","overlay-color":"","overlay-opacity":"","overlay-gradient":""}}},"product_brand":[],"product_cat":[51,38],"product_tag":[],"class_list":{"0":"post-7535","1":"product","2":"type-product","3":"status-publish","4":"has-post-thumbnail","6":"product_cat-riggging-hardware","7":"product_cat-chain","8":"desktop-align-left","9":"tablet-align-left","10":"mobile-align-left","11":"ast-product-gallery-layout-horizontal-slider","12":"ast-product-tabs-layout-horizontal","14":"first","15":"instock","16":"shipping-taxable","17":"purchasable","18":"product-type-simple"},"yoast_head":"<!-- This site is optimized with the Yoast SEO plugin v25.2 - https:\/\/yoast.com\/wordpress\/plugins\/seo\/ -->\n<title>J Hook Tow Chain<\/title>\n<meta name=\"description\" content=\"J Hook Tow Chain is a durable and versatile tool designed for heavy-duty towing applications. Constructed from high-quality steel, it offers exceptional strength and reliability.\" \/>\n<meta name=\"robots\" content=\"index, follow, max-snippet:-1, max-image-preview:large, max-video-preview:-1\" \/>\n<link rel=\"canonical\" href=\"https:\/\/qingdaohf.com\/hu\/termek\/j-horog-vonohorog-lanc\/\" \/>\n<meta property=\"og:locale\" content=\"hu_HU\" \/>\n<meta property=\"og:type\" content=\"article\" \/>\n<meta property=\"og:title\" content=\"J Hook Tow Chain\" \/>\n<meta property=\"og:description\" content=\"J Hook Tow Chain is a durable and versatile tool designed for heavy-duty towing applications. Constructed from high-quality steel, it offers exceptional strength and reliability.\" \/>\n<meta property=\"og:url\" content=\"https:\/\/qingdaohf.com\/hu\/termek\/j-horog-vonohorog-lanc\/\" \/>\n<meta property=\"og:site_name\" content=\"Concrete Form &amp; Rigging Hardware Supplier\" \/>\n<meta property=\"article:publisher\" content=\"https:\/\/www.facebook.com\/qingdaohf\" \/>\n<meta property=\"article:modified_time\" content=\"2025-11-13T01:03:14+00:00\" \/>\n<meta property=\"og:image\" content=\"https:\/\/qingdaohf.com\/wp-content\/uploads\/2024\/06\/J-hook-chain-5.webp\" \/>\n\t<meta property=\"og:image:width\" content=\"1000\" \/>\n\t<meta property=\"og:image:height\" content=\"1000\" \/>\n\t<meta property=\"og:image:type\" content=\"image\/webp\" \/>\n<meta name=\"twitter:card\" content=\"summary_large_image\" \/>\n<meta name=\"twitter:label1\" content=\"Becs\u00fclt olvas\u00e1si id\u0151\" \/>\n\t<meta name=\"twitter:data1\" content=\"3 perc\" \/>\n<script type=\"application\/ld+json\" class=\"yoast-schema-graph\">{\"@context\":\"https:\/\/schema.org\",\"@graph\":[{\"@type\":\"WebPage\",\"@id\":\"https:\/\/qingdaohf.com\/product\/j-hook-tow-chain\/\",\"url\":\"https:\/\/qingdaohf.com\/product\/j-hook-tow-chain\/\",\"name\":\"J Hook Tow Chain\",\"isPartOf\":{\"@id\":\"https:\/\/qingdaohf.com\/bg\/#website\"},\"primaryImageOfPage\":{\"@id\":\"https:\/\/qingdaohf.com\/product\/j-hook-tow-chain\/#primaryimage\"},\"image\":{\"@id\":\"https:\/\/qingdaohf.com\/product\/j-hook-tow-chain\/#primaryimage\"},\"thumbnailUrl\":\"https:\/\/qingdaohf.com\/wp-content\/uploads\/2024\/06\/J-hook-chain-5.webp\",\"datePublished\":\"2024-06-28T06:33:31+00:00\",\"dateModified\":\"2025-11-13T01:03:14+00:00\",\"description\":\"J Hook Tow Chain is a durable and versatile tool designed for heavy-duty towing applications. Constructed from high-quality steel, it offers exceptional strength and reliability.\",\"breadcrumb\":{\"@id\":\"https:\/\/qingdaohf.com\/product\/j-hook-tow-chain\/#breadcrumb\"},\"inLanguage\":\"hu\",\"potentialAction\":[{\"@type\":\"ReadAction\",\"target\":[\"https:\/\/qingdaohf.com\/product\/j-hook-tow-chain\/\"]}]},{\"@type\":\"ImageObject\",\"inLanguage\":\"hu\",\"@id\":\"https:\/\/qingdaohf.com\/product\/j-hook-tow-chain\/#primaryimage\",\"url\":\"https:\/\/qingdaohf.com\/wp-content\/uploads\/2024\/06\/J-hook-chain-5.webp\",\"contentUrl\":\"https:\/\/qingdaohf.com\/wp-content\/uploads\/2024\/06\/J-hook-chain-5.webp\",\"width\":1000,\"height\":1000,\"caption\":\"J hook chain\"},{\"@type\":\"BreadcrumbList\",\"@id\":\"https:\/\/qingdaohf.com\/product\/j-hook-tow-chain\/#breadcrumb\",\"itemListElement\":[{\"@type\":\"ListItem\",\"position\":1,\"name\":\"Home\",\"item\":\"https:\/\/qingdaohf.com\/\"},{\"@type\":\"ListItem\",\"position\":2,\"name\":\"Concrete Forming Accessories and Rigging Hardware\",\"item\":\"https:\/\/qingdaohf.com\/bg\/?page_id=944\"},{\"@type\":\"ListItem\",\"position\":3,\"name\":\"J Hook Tow Chain\"}]},{\"@type\":\"WebSite\",\"@id\":\"https:\/\/qingdaohf.com\/bg\/#website\",\"url\":\"https:\/\/qingdaohf.com\/bg\/\",\"name\":\"Concrete Form & Rigging Hardware Supplier\",\"description\":\"\",\"publisher\":{\"@id\":\"https:\/\/qingdaohf.com\/bg\/#organization\"},\"potentialAction\":[{\"@type\":\"SearchAction\",\"target\":{\"@type\":\"EntryPoint\",\"urlTemplate\":\"https:\/\/qingdaohf.com\/bg\/?s={search_term_string}\"},\"query-input\":{\"@type\":\"PropertyValueSpecification\",\"valueRequired\":true,\"valueName\":\"search_term_string\"}}],\"inLanguage\":\"hu\"},{\"@type\":\"Organization\",\"@id\":\"https:\/\/qingdaohf.com\/bg\/#organization\",\"name\":\"Qingdao H&F\",\"url\":\"https:\/\/qingdaohf.com\/bg\/\",\"logo\":{\"@type\":\"ImageObject\",\"inLanguage\":\"hu\",\"@id\":\"https:\/\/qingdaohf.com\/bg\/#\/schema\/logo\/image\/\",\"url\":\"https:\/\/qingdaohf.com\/wp-content\/uploads\/2022\/12\/cropped-HF-LOGO.png\",\"contentUrl\":\"https:\/\/qingdaohf.com\/wp-content\/uploads\/2022\/12\/cropped-HF-LOGO.png\",\"width\":391,\"height\":249,\"caption\":\"Qingdao H&F\"},\"image\":{\"@id\":\"https:\/\/qingdaohf.com\/bg\/#\/schema\/logo\/image\/\"},\"sameAs\":[\"https:\/\/www.facebook.com\/qingdaohf\"]}]}<\/script>\n<!-- \/ Yoast SEO plugin. -->","yoast_head_json":{"title":"J Hook Tow Chain","description":"J Hook Tow Chain is a durable and versatile tool designed for heavy-duty towing applications. Constructed from high-quality steel, it offers exceptional strength and reliability.","robots":{"index":"index","follow":"follow","max-snippet":"max-snippet:-1","max-image-preview":"max-image-preview:large","max-video-preview":"max-video-preview:-1"},"canonical":"https:\/\/qingdaohf.com\/hu\/termek\/j-horog-vonohorog-lanc\/","og_locale":"hu_HU","og_type":"article","og_title":"J Hook Tow Chain","og_description":"J Hook Tow Chain is a durable and versatile tool designed for heavy-duty towing applications. Constructed from high-quality steel, it offers exceptional strength and reliability.","og_url":"https:\/\/qingdaohf.com\/hu\/termek\/j-horog-vonohorog-lanc\/","og_site_name":"Concrete Form &amp; Rigging Hardware Supplier","article_publisher":"https:\/\/www.facebook.com\/qingdaohf","article_modified_time":"2025-11-13T01:03:14+00:00","og_image":[{"width":1000,"height":1000,"url":"https:\/\/qingdaohf.com\/wp-content\/uploads\/2024\/06\/J-hook-chain-5.webp","type":"image\/webp"}],"twitter_card":"summary_large_image","twitter_misc":{"Becs\u00fclt olvas\u00e1si id\u0151":"3 perc"},"schema":{"@context":"https:\/\/schema.org","@graph":[{"@type":"WebPage","@id":"https:\/\/qingdaohf.com\/product\/j-hook-tow-chain\/","url":"https:\/\/qingdaohf.com\/product\/j-hook-tow-chain\/","name":"J Hook Tow Chain","isPartOf":{"@id":"https:\/\/qingdaohf.com\/bg\/#website"},"primaryImageOfPage":{"@id":"https:\/\/qingdaohf.com\/product\/j-hook-tow-chain\/#primaryimage"},"image":{"@id":"https:\/\/qingdaohf.com\/product\/j-hook-tow-chain\/#primaryimage"},"thumbnailUrl":"https:\/\/qingdaohf.com\/wp-content\/uploads\/2024\/06\/J-hook-chain-5.webp","datePublished":"2024-06-28T06:33:31+00:00","dateModified":"2025-11-13T01:03:14+00:00","description":"J Hook Tow Chain is a durable and versatile tool designed for heavy-duty towing applications. Constructed from high-quality steel, it offers exceptional strength and reliability.","breadcrumb":{"@id":"https:\/\/qingdaohf.com\/product\/j-hook-tow-chain\/#breadcrumb"},"inLanguage":"hu","potentialAction":[{"@type":"ReadAction","target":["https:\/\/qingdaohf.com\/product\/j-hook-tow-chain\/"]}]},{"@type":"ImageObject","inLanguage":"hu","@id":"https:\/\/qingdaohf.com\/product\/j-hook-tow-chain\/#primaryimage","url":"https:\/\/qingdaohf.com\/wp-content\/uploads\/2024\/06\/J-hook-chain-5.webp","contentUrl":"https:\/\/qingdaohf.com\/wp-content\/uploads\/2024\/06\/J-hook-chain-5.webp","width":1000,"height":1000,"caption":"J hook chain"},{"@type":"BreadcrumbList","@id":"https:\/\/qingdaohf.com\/product\/j-hook-tow-chain\/#breadcrumb","itemListElement":[{"@type":"ListItem","position":1,"name":"Home","item":"https:\/\/qingdaohf.com\/"},{"@type":"ListItem","position":2,"name":"Concrete Forming Accessories and Rigging Hardware","item":"https:\/\/qingdaohf.com\/bg\/?page_id=944"},{"@type":"ListItem","position":3,"name":"J Hook Tow Chain"}]},{"@type":"WebSite","@id":"https:\/\/qingdaohf.com\/bg\/#website","url":"https:\/\/qingdaohf.com\/bg\/","name":"Concrete Form & Rigging Hardware Supplier","description":"","publisher":{"@id":"https:\/\/qingdaohf.com\/bg\/#organization"},"potentialAction":[{"@type":"SearchAction","target":{"@type":"EntryPoint","urlTemplate":"https:\/\/qingdaohf.com\/bg\/?s={search_term_string}"},"query-input":{"@type":"PropertyValueSpecification","valueRequired":true,"valueName":"search_term_string"}}],"inLanguage":"hu"},{"@type":"Organization","@id":"https:\/\/qingdaohf.com\/bg\/#organization","name":"Qingdao H&F","url":"https:\/\/qingdaohf.com\/bg\/","logo":{"@type":"ImageObject","inLanguage":"hu","@id":"https:\/\/qingdaohf.com\/bg\/#\/schema\/logo\/image\/","url":"https:\/\/qingdaohf.com\/wp-content\/uploads\/2022\/12\/cropped-HF-LOGO.png","contentUrl":"https:\/\/qingdaohf.com\/wp-content\/uploads\/2022\/12\/cropped-HF-LOGO.png","width":391,"height":249,"caption":"Qingdao H&F"},"image":{"@id":"https:\/\/qingdaohf.com\/bg\/#\/schema\/logo\/image\/"},"sameAs":["https:\/\/www.facebook.com\/qingdaohf"]}]}},"_links":{"self":[{"href":"https:\/\/qingdaohf.com\/hu\/wp-json\/wp\/v2\/product\/7535","targetHints":{"allow":["GET"]}}],"collection":[{"href":"https:\/\/qingdaohf.com\/hu\/wp-json\/wp\/v2\/product"}],"about":[{"href":"https:\/\/qingdaohf.com\/hu\/wp-json\/wp\/v2\/types\/product"}],"replies":[{"embeddable":true,"href":"https:\/\/qingdaohf.com\/hu\/wp-json\/wp\/v2\/comments?post=7535"}],"version-history":[{"count":3,"href":"https:\/\/qingdaohf.com\/hu\/wp-json\/wp\/v2\/product\/7535\/revisions"}],"predecessor-version":[{"id":7550,"href":"https:\/\/qingdaohf.com\/hu\/wp-json\/wp\/v2\/product\/7535\/revisions\/7550"}],"wp:featuredmedia":[{"embeddable":true,"href":"https:\/\/qingdaohf.com\/hu\/wp-json\/wp\/v2\/media\/8183"}],"wp:attachment":[{"href":"https:\/\/qingdaohf.com\/hu\/wp-json\/wp\/v2\/media?parent=7535"}],"wp:term":[{"taxonomy":"product_brand","embeddable":true,"href":"https:\/\/qingdaohf.com\/hu\/wp-json\/wp\/v2\/product_brand?post=7535"},{"taxonomy":"product_cat","embeddable":true,"href":"https:\/\/qingdaohf.com\/hu\/wp-json\/wp\/v2\/product_cat?post=7535"},{"taxonomy":"product_tag","embeddable":true,"href":"https:\/\/qingdaohf.com\/hu\/wp-json\/wp\/v2\/product_tag?post=7535"}],"curies":[{"name":"wp","href":"https:\/\/api.w.org\/{rel}","templated":true}]}}