{"id":7606,"date":"2024-07-29T17:54:40","date_gmt":"2024-07-29T09:54:40","guid":{"rendered":"http:\/\/qingdaohf.com\/?post_type=product&#038;p=7606"},"modified":"2025-11-13T09:03:14","modified_gmt":"2025-11-13T01:03:14","slug":"metal-garden-stake","status":"publish","type":"product","link":"https:\/\/qingdaohf.com\/hu\/termek\/fem-kerti-karo\/","title":{"rendered":"F\u00e9m kerti kar\u00f3 oszlop z\u00f6ld m\u0171anyag bevonattal"},"content":{"rendered":"<p>A f\u00e9m kerti kar\u00f3 r\u00fad z\u00f6ld m\u0171anyag bevonattal egy kihagyhatatlan eszk\u00f6z mindazok sz\u00e1m\u00e1ra, akik szenved\u00e9lyesen szeretnek egy sz\u00e9pen rendezett kertet fenntartani. Ez a sokoldal\u00fa kar\u00f3 az er\u0151t eleg\u00e1ns, praktikus kialak\u00edt\u00e1ssal \u00f6tv\u00f6zi, hogy p\u00e1ratlan t\u00e1maszt ny\u00fajtson a k\u00fcl\u00f6nb\u00f6z\u0151 kert\u00e9szeti ig\u00e9nyekhez.<\/p>\n<p>A kar\u00f3 f\u00e9m magja kiv\u00e9teles tart\u00f3ss\u00e1got biztos\u00edt, \u00edgy el\u00e9g robusztus ahhoz, hogy ellen\u00e1lljon a zord id\u0151j\u00e1r\u00e1si k\u00f6r\u00fclm\u00e9nyeknek \u00e9s a nagy ig\u00e9nybev\u00e9telnek. A z\u00f6ld m\u0171anyag bevonat extra v\u00e9delmet ny\u00fajt a rozsda \u00e9s a korr\u00f3zi\u00f3 ellen, \u00edgy a kar\u00f3 m\u00e9g hosszabb id\u0151n \u00e1t tart\u00f3 id\u0151j\u00e1r\u00e1si hat\u00e1soknak val\u00f3 kitetts\u00e9g ut\u00e1n is kiv\u00e1l\u00f3 \u00e1llapotban marad. Ez a bevonat vizu\u00e1lisan is kellemes megjelen\u00e9st biztos\u00edt, lehet\u0151v\u00e9 t\u00e9ve, hogy a kar\u00f3 z\u00f6kken\u0151mentesen illeszkedjen kertje \u00e9l\u00e9nk sz\u00edneihez.<\/p>\n<p>A f\u00e9m kerti kar\u00f3 oszlop egyik els\u0151dleges felhaszn\u00e1l\u00e1si ter\u00fclete a n\u00f6v\u00e9nyek t\u00e1mogat\u00e1s\u00e1ban bet\u00f6lt\u00f6tt szerepe. Ak\u00e1r paradicsomot, bazsar\u00f3zs\u00e1t vagy k\u00fasz\u00f3r\u00f3zs\u00e1t termeszt, a kar\u00f3 megb\u00edzhat\u00f3 tart\u00f3szerkezetet biztos\u00edt, amely seg\u00edt a n\u00f6v\u00e9nyek egyenes \u00e9s eg\u00e9szs\u00e9ges n\u00f6veked\u00e9sben. Az\u00e1ltal, hogy megakad\u00e1lyozza, hogy a n\u00f6v\u00e9nyek saj\u00e1t s\u00falyuk alatt vagy k\u00fcls\u0151 t\u00e9nyez\u0151k, p\u00e9ld\u00e1ul a sz\u00e9l miatt meghajoljanak vagy elt\u00f6rjenek, ez a kar\u00f3 el\u0151seg\u00edti az optim\u00e1lis n\u00f6veked\u00e9st, \u00e9s seg\u00edt fenntartani kertje \u00e1ltal\u00e1nos eg\u00e9szs\u00e9g\u00e9t.<\/p>\n<p>A f\u00e9m kerti kar\u00f3 r\u00fad a n\u00f6v\u00e9nyek al\u00e1t\u00e1maszt\u00e1s\u00e1n k\u00edv\u00fcl a kerti szerkezetek, p\u00e9ld\u00e1ul r\u00e1csok \u00e9s h\u00e1l\u00f3 r\u00f6gz\u00edt\u00e9s\u00e9re is haszn\u00e1lhat\u00f3. Az olyan kert\u00e9szek sz\u00e1m\u00e1ra, akik r\u00e1csokat haszn\u00e1lnak a k\u00fasz\u00f3n\u00f6v\u00e9nyek, p\u00e9ld\u00e1ul a bab vagy az uborka megt\u00e1maszt\u00e1s\u00e1ra, ez a kar\u00f3 stabil r\u00f6gz\u00edt\u00e9si pontot k\u00edn\u00e1l. Er\u0151s f\u00e9mmagja \u00e9s biztons\u00e1gos m\u0171anyag bevonata biztos\u00edtja, hogy a lugas szil\u00e1rdan a hely\u00e9n maradjon, m\u00e9g er\u0151s sz\u00e9l vagy heves es\u0151z\u00e9sek eset\u00e9n is.<\/p>\n<p>A k\u00f6nny\u0171 felszerelhet\u0151s\u00e9g a f\u00e9m kerti kar\u00f3 r\u00fad m\u00e1sik el\u0151nye. Egy egyszer\u0171, talajba nyom\u00e1ssal a kar\u00f3 gyorsan fel\u00e1ll\u00edthat\u00f3, \u00edgy \u00d6n ink\u00e1bb a kert \u00e9lvezet\u00e9re koncentr\u00e1lhat, mint a bonyolult be\u00e1ll\u00edt\u00e1sokkal val\u00f3 k\u00fczdelemre. A z\u00f6ld m\u0171anyag bevonatnak k\u00f6sz\u00f6nhet\u0151en k\u00f6nnyen behelyezhet\u0151 a talajba an\u00e9lk\u00fcl, hogy k\u00e1rt okozna a k\u00f6rnyez\u0151 talajban vagy n\u00f6v\u00e9nyekben. Ez a tulajdons\u00e1g k\u00fcl\u00f6n\u00f6sen el\u0151ny\u00f6s azon kert\u00e9szek sz\u00e1m\u00e1ra, akik nem szeretn\u00e9k megbolygatni a megl\u00e9v\u0151 n\u00f6v\u00e9nyek gy\u00f6k\u00e9rzet\u00e9t.<\/p>\n<p>A f\u00e9m kerti kar\u00f3 rudat is a sokoldal\u00fas\u00e1g jegy\u00e9ben tervezt\u00e9k. K\u00fcl\u00f6nb\u00f6z\u0151 m\u00e9retekben kaphat\u00f3, hogy megfeleljen a k\u00fcl\u00f6nb\u00f6z\u0151 kert\u00e9szeti ig\u00e9nyeknek. Ak\u00e1r egy r\u00f6videbb kar\u00f3ra van sz\u00fcks\u00e9ge a kis cserepes n\u00f6v\u00e9nyekhez, ak\u00e1r egy magasabbra a nagyobb kerti \u00e1gy\u00e1sokhoz, van olyan m\u00e9ret, amely megfelel az \u00d6n ig\u00e9nyeinek. Ez a rugalmass\u00e1g teszi ide\u00e1lis v\u00e1laszt\u00e1ss\u00e1 mind a kisebb, mind a kiterjedt kert\u00e9szeti projektekhez.<\/p>\n<p>Az eszt\u00e9tik\u00e1t kedvel\u0151 kert\u00e9szek sz\u00e1m\u00e1ra a z\u00f6ld m\u0171anyag bevonat nemcsak funkcion\u00e1lis el\u0151ny\u00f6ket biztos\u00edt, hanem a kert vizu\u00e1lis vonzerej\u00e9t is n\u00f6veli. A bevonat sz\u00edne k\u00f6nnyed\u00e9n beleolvad a lombozatba, \u00edgy a kar\u00f3 kev\u00e9sb\u00e9 felt\u0171n\u0151, \u00e9s a n\u00f6v\u00e9nyek a k\u00f6z\u00e9ppontba ker\u00fclhetnek. Ez a finom integr\u00e1ci\u00f3 a kert kialak\u00edt\u00e1s\u00e1ba biztos\u00edtja, hogy a hangs\u00faly a n\u00f6v\u00e9nyek term\u00e9szetes sz\u00e9ps\u00e9g\u00e9n maradjon, ne pedig a kerti t\u00e1maszt\u00e9kokon \u00e9s szerkezeteken.<\/p>\n<p>A f\u00e9m kerti kar\u00f3 r\u00fad z\u00f6ld m\u0171anyag bevonattal r\u00e1ad\u00e1sul kiv\u00e1l\u00f3 eszk\u00f6z a szezon\u00e1lis kerti munk\u00e1khoz. A veget\u00e1ci\u00f3s id\u0151szakban alapvet\u0151 t\u00e1maszt ny\u00fajt a fiatal n\u00f6v\u00e9nyeknek, biztos\u00edtva, hogy a k\u00edv\u00e1nt ir\u00e1nyba n\u0151jenek. Ahogy az \u00e9vszakok v\u00e1ltoznak \u00e9s a n\u00f6v\u00e9nyek be\u00e9rnek, a kar\u00f3 tov\u00e1bbra is stabilit\u00e1st biztos\u00edt, seg\u00edtve a szervezett \u00e9s j\u00f3l al\u00e1t\u00e1masztott kert fenntart\u00e1s\u00e1t eg\u00e9sz \u00e9vben.<\/p>\n<p>A f\u00e9m kerti kar\u00f3 r\u00fad karbantart\u00e1sa minim\u00e1lis. A m\u0171anyag bevonat seg\u00edt megakad\u00e1lyozni a szennyez\u0151d\u00e9sek \u00e9s a kosz felhalmoz\u00f3d\u00e1s\u00e1t, \u00edgy k\u00f6nnyen tiszt\u00edthat\u00f3. Egyszer\u0171en t\u00f6r\u00f6lje le a fel\u00fcletet egy nedves ruh\u00e1val, hogy elt\u00e1vol\u00edtsa a t\u00f6rmel\u00e9ket vagy maradv\u00e1nyokat. Ez az alacsony karbantart\u00e1si szempont k\u00fcl\u00f6n\u00f6sen el\u0151ny\u00f6s azon kert\u00e9szek sz\u00e1m\u00e1ra, akik a kerti szersz\u00e1mok gondoz\u00e1sa helyett ink\u00e1bb a kertj\u00fck \u00e9lvezet\u00e9vel szeretn\u00e9nek t\u00f6bb id\u0151t t\u00f6lteni.<\/p>\n<p>A f\u00e9m kerti kar\u00f3 r\u00fad m\u00e1sik fontos tulajdons\u00e1ga a k\u00f6rnyezetbar\u00e1t jellege. Ennek a kar\u00f3nak a haszn\u00e1lat\u00e1val hozz\u00e1j\u00e1rul a fenntarthat\u00f3 kert\u00e9szeti gyakorlathoz. A f\u00e9mmag hossz\u00fa \u00e9lettartama a v\u00e9d\u0151bevonattal egy\u00fctt biztos\u00edtja, hogy a kar\u00f3 hossz\u00fa \u00e9vekig haszn\u00e1latban maradjon, cs\u00f6kkentve a gyakori cser\u00e9k sz\u00fcks\u00e9gess\u00e9g\u00e9t \u00e9s minimaliz\u00e1lva a hullad\u00e9k mennyis\u00e9g\u00e9t.<\/p>\n<p>\u00d6sszefoglalva, a f\u00e9m kerti kar\u00f3 r\u00fad z\u00f6ld m\u0171anyag bevonattal elengedhetetlen eszk\u00f6z minden kert\u00e9sz sz\u00e1m\u00e1ra, aki jav\u00edtani szeretn\u00e9 kertje t\u00e1mogat\u00e1s\u00e1t \u00e9s szervez\u00e9s\u00e9t. A szil\u00e1rds\u00e1g, a tart\u00f3ss\u00e1g \u00e9s az eszt\u00e9tikai vonzer\u0151 kombin\u00e1ci\u00f3ja sokoldal\u00fa v\u00e1laszt\u00e1ss\u00e1 teszi a n\u00f6v\u00e9nyek \u00e9s szerkezetek sz\u00e9les sk\u00e1l\u00e1j\u00e1nak al\u00e1t\u00e1maszt\u00e1s\u00e1ra. Ak\u00e1r hivat\u00e1sos kert\u00e9sz, ak\u00e1r hobbikert\u00e9sz, ez a kar\u00f3 fokozza kertje funkcionalit\u00e1s\u00e1t \u00e9s vizu\u00e1lis vonzerej\u00e9t. Fektessen be a f\u00e9m kerti kar\u00f3 r\u00fadba, \u00e9s tapasztalja meg a j\u00f3l al\u00e1t\u00e1masztott, sz\u00e9pen rendezett kert el\u0151nyeit.<\/p>","protected":false},"excerpt":{"rendered":"<p>Emelje kertje eszt\u00e9tik\u00e1j\u00e1t \u00e9s funkcionalit\u00e1s\u00e1t a z\u00f6ld m\u0171anyag bevonattal ell\u00e1tott f\u00e9m kerti kar\u00f3 r\u00faddal. A tart\u00f3ss\u00e1gra \u00e9s k\u00f6nny\u0171 haszn\u00e1latra tervezett kar\u00f3 t\u00f6k\u00e9letes a n\u00f6v\u00e9nyek, vir\u00e1gok \u00e9s kerti \u00e9p\u00edtm\u00e9nyek al\u00e1t\u00e1maszt\u00e1s\u00e1ra. A z\u00f6ld m\u0171anyag bevonat nem csak a kar\u00f3 ellen\u00e1ll\u00f3 k\u00e9pess\u00e9g\u00e9t n\u00f6veli az elemekkel szemben, hanem z\u00f6kken\u0151mentesen illeszkedik kertje term\u00e9szetes k\u00f6rnyezet\u00e9be is. Ez a kar\u00f3 ide\u00e1lis a profi kert\u00e9szek \u00e9s a hobbikert\u00e9szek sz\u00e1m\u00e1ra egyar\u00e1nt, mivel biztos\u00edtja, hogy kertje rendezett \u00e9s j\u00f3l al\u00e1t\u00e1masztott maradjon.<\/p>","protected":false},"featured_media":7792,"comment_status":"open","ping_status":"closed","template":"","meta":{"site-sidebar-layout":"default","site-content-layout":"","ast-site-content-layout":"default","site-content-style":"default","site-sidebar-style":"default","ast-global-header-display":"","ast-banner-title-visibility":"","ast-main-header-display":"","ast-hfb-above-header-display":"","ast-hfb-below-header-display":"","ast-hfb-mobile-header-display":"","site-post-title":"","ast-breadcrumbs-content":"","ast-featured-img":"","footer-sml-layout":"","theme-transparent-header-meta":"default","adv-header-id-meta":"","stick-header-meta":"default","header-above-stick-meta":"","header-main-stick-meta":"","header-below-stick-meta":"","astra-migrate-meta-layouts":"set","ast-page-background-enabled":"default","ast-page-background-meta":{"desktop":{"background-color":"","background-image":"","background-repeat":"repeat","background-position":"center center","background-size":"auto","background-attachment":"scroll","background-type":"","background-media":"","overlay-type":"","overlay-color":"","overlay-opacity":"","overlay-gradient":""},"tablet":{"background-color":"","background-image":"","background-repeat":"repeat","background-position":"center center","background-size":"auto","background-attachment":"scroll","background-type":"","background-media":"","overlay-type":"","overlay-color":"","overlay-opacity":"","overlay-gradient":""},"mobile":{"background-color":"","background-image":"","background-repeat":"repeat","background-position":"center center","background-size":"auto","background-attachment":"scroll","background-type":"","background-media":"","overlay-type":"","overlay-color":"","overlay-opacity":"","overlay-gradient":""}},"ast-content-background-meta":{"desktop":{"background-color":"var(--ast-global-color-5)","background-image":"","background-repeat":"repeat","background-position":"center center","background-size":"auto","background-attachment":"scroll","background-type":"","background-media":"","overlay-type":"","overlay-color":"","overlay-opacity":"","overlay-gradient":""},"tablet":{"background-color":"var(--ast-global-color-5)","background-image":"","background-repeat":"repeat","background-position":"center center","background-size":"auto","background-attachment":"scroll","background-type":"","background-media":"","overlay-type":"","overlay-color":"","overlay-opacity":"","overlay-gradient":""},"mobile":{"background-color":"var(--ast-global-color-5)","background-image":"","background-repeat":"repeat","background-position":"center center","background-size":"auto","background-attachment":"scroll","background-type":"","background-media":"","overlay-type":"","overlay-color":"","overlay-opacity":"","overlay-gradient":""}}},"product_brand":[],"product_cat":[50],"product_tag":[],"class_list":{"0":"post-7606","1":"product","2":"type-product","3":"status-publish","4":"has-post-thumbnail","6":"product_cat-concrete-form-accessories","7":"desktop-align-left","8":"tablet-align-left","9":"mobile-align-left","10":"ast-product-gallery-layout-horizontal-slider","11":"ast-product-tabs-layout-horizontal","13":"first","14":"instock","15":"shipping-taxable","16":"purchasable","17":"product-type-simple"},"yoast_head":"<!-- This site is optimized with the Yoast SEO plugin v25.2 - https:\/\/yoast.com\/wordpress\/plugins\/seo\/ -->\n<title>Metal Garden Stake Pole with Green Plastic Coating<\/title>\n<meta name=\"description\" content=\"Elevate your garden\u2019s aesthetic and functionality with our Metal Garden Stake Pole with Green Plastic Coating.\" \/>\n<meta name=\"robots\" content=\"index, follow, max-snippet:-1, max-image-preview:large, max-video-preview:-1\" \/>\n<link rel=\"canonical\" href=\"https:\/\/qingdaohf.com\/hu\/termek\/fem-kerti-karo\/\" \/>\n<meta property=\"og:locale\" content=\"hu_HU\" \/>\n<meta property=\"og:type\" content=\"article\" \/>\n<meta property=\"og:title\" content=\"Metal Garden Stake Pole with Green Plastic Coating\" \/>\n<meta property=\"og:description\" content=\"Elevate your garden\u2019s aesthetic and functionality with our Metal Garden Stake Pole with Green Plastic Coating.\" \/>\n<meta property=\"og:url\" content=\"https:\/\/qingdaohf.com\/hu\/termek\/fem-kerti-karo\/\" \/>\n<meta property=\"og:site_name\" content=\"Concrete Form &amp; Rigging Hardware Supplier\" \/>\n<meta property=\"article:publisher\" content=\"https:\/\/www.facebook.com\/qingdaohf\" \/>\n<meta property=\"article:modified_time\" content=\"2025-11-13T01:03:14+00:00\" \/>\n<meta property=\"og:image\" content=\"https:\/\/qingdaohf.com\/wp-content\/uploads\/2024\/07\/garden-stake.jpg\" \/>\n\t<meta property=\"og:image:width\" content=\"800\" \/>\n\t<meta property=\"og:image:height\" content=\"800\" \/>\n\t<meta property=\"og:image:type\" content=\"image\/jpeg\" \/>\n<meta name=\"twitter:card\" content=\"summary_large_image\" \/>\n<meta name=\"twitter:label1\" content=\"Becs\u00fclt olvas\u00e1si id\u0151\" \/>\n\t<meta name=\"twitter:data1\" content=\"4 perc\" \/>\n<script type=\"application\/ld+json\" class=\"yoast-schema-graph\">{\"@context\":\"https:\/\/schema.org\",\"@graph\":[{\"@type\":\"WebPage\",\"@id\":\"https:\/\/qingdaohf.com\/product\/metal-garden-stake\/\",\"url\":\"https:\/\/qingdaohf.com\/product\/metal-garden-stake\/\",\"name\":\"Metal Garden Stake Pole with Green Plastic Coating\",\"isPartOf\":{\"@id\":\"https:\/\/qingdaohf.com\/bg\/#website\"},\"primaryImageOfPage\":{\"@id\":\"https:\/\/qingdaohf.com\/product\/metal-garden-stake\/#primaryimage\"},\"image\":{\"@id\":\"https:\/\/qingdaohf.com\/product\/metal-garden-stake\/#primaryimage\"},\"thumbnailUrl\":\"https:\/\/qingdaohf.com\/wp-content\/uploads\/2024\/07\/garden-stake.jpg\",\"datePublished\":\"2024-07-29T09:54:40+00:00\",\"dateModified\":\"2025-11-13T01:03:14+00:00\",\"description\":\"Elevate your garden\u2019s aesthetic and functionality with our Metal Garden Stake Pole with Green Plastic Coating.\",\"breadcrumb\":{\"@id\":\"https:\/\/qingdaohf.com\/product\/metal-garden-stake\/#breadcrumb\"},\"inLanguage\":\"hu\",\"potentialAction\":[{\"@type\":\"ReadAction\",\"target\":[\"https:\/\/qingdaohf.com\/product\/metal-garden-stake\/\"]}]},{\"@type\":\"ImageObject\",\"inLanguage\":\"hu\",\"@id\":\"https:\/\/qingdaohf.com\/product\/metal-garden-stake\/#primaryimage\",\"url\":\"https:\/\/qingdaohf.com\/wp-content\/uploads\/2024\/07\/garden-stake.jpg\",\"contentUrl\":\"https:\/\/qingdaohf.com\/wp-content\/uploads\/2024\/07\/garden-stake.jpg\",\"width\":800,\"height\":800,\"caption\":\"garden stake\"},{\"@type\":\"BreadcrumbList\",\"@id\":\"https:\/\/qingdaohf.com\/product\/metal-garden-stake\/#breadcrumb\",\"itemListElement\":[{\"@type\":\"ListItem\",\"position\":1,\"name\":\"Home\",\"item\":\"https:\/\/qingdaohf.com\/\"},{\"@type\":\"ListItem\",\"position\":2,\"name\":\"Concrete Forming Accessories and Rigging Hardware\",\"item\":\"https:\/\/qingdaohf.com\/bg\/?page_id=944\"},{\"@type\":\"ListItem\",\"position\":3,\"name\":\"Metal Garden Stake Pole with Green Plastic Coating\"}]},{\"@type\":\"WebSite\",\"@id\":\"https:\/\/qingdaohf.com\/bg\/#website\",\"url\":\"https:\/\/qingdaohf.com\/bg\/\",\"name\":\"Concrete Form & Rigging Hardware Supplier\",\"description\":\"\",\"publisher\":{\"@id\":\"https:\/\/qingdaohf.com\/bg\/#organization\"},\"potentialAction\":[{\"@type\":\"SearchAction\",\"target\":{\"@type\":\"EntryPoint\",\"urlTemplate\":\"https:\/\/qingdaohf.com\/bg\/?s={search_term_string}\"},\"query-input\":{\"@type\":\"PropertyValueSpecification\",\"valueRequired\":true,\"valueName\":\"search_term_string\"}}],\"inLanguage\":\"hu\"},{\"@type\":\"Organization\",\"@id\":\"https:\/\/qingdaohf.com\/bg\/#organization\",\"name\":\"Qingdao H&F\",\"url\":\"https:\/\/qingdaohf.com\/bg\/\",\"logo\":{\"@type\":\"ImageObject\",\"inLanguage\":\"hu\",\"@id\":\"https:\/\/qingdaohf.com\/bg\/#\/schema\/logo\/image\/\",\"url\":\"https:\/\/qingdaohf.com\/wp-content\/uploads\/2022\/12\/cropped-HF-LOGO.png\",\"contentUrl\":\"https:\/\/qingdaohf.com\/wp-content\/uploads\/2022\/12\/cropped-HF-LOGO.png\",\"width\":391,\"height\":249,\"caption\":\"Qingdao H&F\"},\"image\":{\"@id\":\"https:\/\/qingdaohf.com\/bg\/#\/schema\/logo\/image\/\"},\"sameAs\":[\"https:\/\/www.facebook.com\/qingdaohf\"]}]}<\/script>\n<!-- \/ Yoast SEO plugin. -->","yoast_head_json":{"title":"Metal Garden Stake Pole with Green Plastic Coating","description":"Elevate your garden\u2019s aesthetic and functionality with our Metal Garden Stake Pole with Green Plastic Coating.","robots":{"index":"index","follow":"follow","max-snippet":"max-snippet:-1","max-image-preview":"max-image-preview:large","max-video-preview":"max-video-preview:-1"},"canonical":"https:\/\/qingdaohf.com\/hu\/termek\/fem-kerti-karo\/","og_locale":"hu_HU","og_type":"article","og_title":"Metal Garden Stake Pole with Green Plastic Coating","og_description":"Elevate your garden\u2019s aesthetic and functionality with our Metal Garden Stake Pole with Green Plastic Coating.","og_url":"https:\/\/qingdaohf.com\/hu\/termek\/fem-kerti-karo\/","og_site_name":"Concrete Form &amp; Rigging Hardware Supplier","article_publisher":"https:\/\/www.facebook.com\/qingdaohf","article_modified_time":"2025-11-13T01:03:14+00:00","og_image":[{"width":800,"height":800,"url":"https:\/\/qingdaohf.com\/wp-content\/uploads\/2024\/07\/garden-stake.jpg","type":"image\/jpeg"}],"twitter_card":"summary_large_image","twitter_misc":{"Becs\u00fclt olvas\u00e1si id\u0151":"4 perc"},"schema":{"@context":"https:\/\/schema.org","@graph":[{"@type":"WebPage","@id":"https:\/\/qingdaohf.com\/product\/metal-garden-stake\/","url":"https:\/\/qingdaohf.com\/product\/metal-garden-stake\/","name":"Metal Garden Stake Pole with Green Plastic Coating","isPartOf":{"@id":"https:\/\/qingdaohf.com\/bg\/#website"},"primaryImageOfPage":{"@id":"https:\/\/qingdaohf.com\/product\/metal-garden-stake\/#primaryimage"},"image":{"@id":"https:\/\/qingdaohf.com\/product\/metal-garden-stake\/#primaryimage"},"thumbnailUrl":"https:\/\/qingdaohf.com\/wp-content\/uploads\/2024\/07\/garden-stake.jpg","datePublished":"2024-07-29T09:54:40+00:00","dateModified":"2025-11-13T01:03:14+00:00","description":"Elevate your garden\u2019s aesthetic and functionality with our Metal Garden Stake Pole with Green Plastic Coating.","breadcrumb":{"@id":"https:\/\/qingdaohf.com\/product\/metal-garden-stake\/#breadcrumb"},"inLanguage":"hu","potentialAction":[{"@type":"ReadAction","target":["https:\/\/qingdaohf.com\/product\/metal-garden-stake\/"]}]},{"@type":"ImageObject","inLanguage":"hu","@id":"https:\/\/qingdaohf.com\/product\/metal-garden-stake\/#primaryimage","url":"https:\/\/qingdaohf.com\/wp-content\/uploads\/2024\/07\/garden-stake.jpg","contentUrl":"https:\/\/qingdaohf.com\/wp-content\/uploads\/2024\/07\/garden-stake.jpg","width":800,"height":800,"caption":"garden stake"},{"@type":"BreadcrumbList","@id":"https:\/\/qingdaohf.com\/product\/metal-garden-stake\/#breadcrumb","itemListElement":[{"@type":"ListItem","position":1,"name":"Home","item":"https:\/\/qingdaohf.com\/"},{"@type":"ListItem","position":2,"name":"Concrete Forming Accessories and Rigging Hardware","item":"https:\/\/qingdaohf.com\/bg\/?page_id=944"},{"@type":"ListItem","position":3,"name":"Metal Garden Stake Pole with Green Plastic Coating"}]},{"@type":"WebSite","@id":"https:\/\/qingdaohf.com\/bg\/#website","url":"https:\/\/qingdaohf.com\/bg\/","name":"Concrete Form & Rigging Hardware Supplier","description":"","publisher":{"@id":"https:\/\/qingdaohf.com\/bg\/#organization"},"potentialAction":[{"@type":"SearchAction","target":{"@type":"EntryPoint","urlTemplate":"https:\/\/qingdaohf.com\/bg\/?s={search_term_string}"},"query-input":{"@type":"PropertyValueSpecification","valueRequired":true,"valueName":"search_term_string"}}],"inLanguage":"hu"},{"@type":"Organization","@id":"https:\/\/qingdaohf.com\/bg\/#organization","name":"Qingdao H&F","url":"https:\/\/qingdaohf.com\/bg\/","logo":{"@type":"ImageObject","inLanguage":"hu","@id":"https:\/\/qingdaohf.com\/bg\/#\/schema\/logo\/image\/","url":"https:\/\/qingdaohf.com\/wp-content\/uploads\/2022\/12\/cropped-HF-LOGO.png","contentUrl":"https:\/\/qingdaohf.com\/wp-content\/uploads\/2022\/12\/cropped-HF-LOGO.png","width":391,"height":249,"caption":"Qingdao H&F"},"image":{"@id":"https:\/\/qingdaohf.com\/bg\/#\/schema\/logo\/image\/"},"sameAs":["https:\/\/www.facebook.com\/qingdaohf"]}]}},"_links":{"self":[{"href":"https:\/\/qingdaohf.com\/hu\/wp-json\/wp\/v2\/product\/7606","targetHints":{"allow":["GET"]}}],"collection":[{"href":"https:\/\/qingdaohf.com\/hu\/wp-json\/wp\/v2\/product"}],"about":[{"href":"https:\/\/qingdaohf.com\/hu\/wp-json\/wp\/v2\/types\/product"}],"replies":[{"embeddable":true,"href":"https:\/\/qingdaohf.com\/hu\/wp-json\/wp\/v2\/comments?post=7606"}],"version-history":[{"count":1,"href":"https:\/\/qingdaohf.com\/hu\/wp-json\/wp\/v2\/product\/7606\/revisions"}],"predecessor-version":[{"id":7612,"href":"https:\/\/qingdaohf.com\/hu\/wp-json\/wp\/v2\/product\/7606\/revisions\/7612"}],"wp:featuredmedia":[{"embeddable":true,"href":"https:\/\/qingdaohf.com\/hu\/wp-json\/wp\/v2\/media\/7792"}],"wp:attachment":[{"href":"https:\/\/qingdaohf.com\/hu\/wp-json\/wp\/v2\/media?parent=7606"}],"wp:term":[{"taxonomy":"product_brand","embeddable":true,"href":"https:\/\/qingdaohf.com\/hu\/wp-json\/wp\/v2\/product_brand?post=7606"},{"taxonomy":"product_cat","embeddable":true,"href":"https:\/\/qingdaohf.com\/hu\/wp-json\/wp\/v2\/product_cat?post=7606"},{"taxonomy":"product_tag","embeddable":true,"href":"https:\/\/qingdaohf.com\/hu\/wp-json\/wp\/v2\/product_tag?post=7606"}],"curies":[{"name":"wp","href":"https:\/\/api.w.org\/{rel}","templated":true}]}}