{"id":7968,"date":"2024-09-30T14:05:29","date_gmt":"2024-09-30T06:05:29","guid":{"rendered":"http:\/\/qingdaohf.com\/?post_type=product&#038;p=7968"},"modified":"2025-11-13T09:03:13","modified_gmt":"2025-11-13T01:03:13","slug":"inside-corner","status":"publish","type":"product","link":"https:\/\/qingdaohf.com\/hu\/termek\/belso-sarok\/","title":{"rendered":"Bels\u0151 sarok"},"content":{"rendered":"<p><img fetchpriority=\"high\" decoding=\"async\" class=\"alignnone size-full wp-image-3418\" src=\"http:\/\/qingdaohf.com\/wp-content\/uploads\/2023\/03\/47-2.jpg\" alt=\"\" width=\"1200\" height=\"176\" srcset=\"https:\/\/qingdaohf.com\/wp-content\/uploads\/2023\/03\/47-2.jpg 1200w, https:\/\/qingdaohf.com\/wp-content\/uploads\/2023\/03\/47-2-300x44.jpg 300w, https:\/\/qingdaohf.com\/wp-content\/uploads\/2023\/03\/47-2-1024x150.jpg 1024w, https:\/\/qingdaohf.com\/wp-content\/uploads\/2023\/03\/47-2-768x113.jpg 768w, https:\/\/qingdaohf.com\/wp-content\/uploads\/2023\/03\/47-2-1000x147.jpg 1000w\" sizes=\"(max-width: 1200px) 100vw, 1200px\" \/><\/p>\n<h3>A bels\u0151 sarkok jelent\u0151s\u00e9ge az \u00e9p\u00edt\u0151iparban<\/h3>\n<p>Az \u00e9p\u00edt\u00e9s sor\u00e1n minden r\u00e9szlet sz\u00e1m\u00edt, \u00e9s a bels\u0151 sarok kulcsfontoss\u00e1g\u00fa szerepet j\u00e1tszik mind a funkcionalit\u00e1s, mind az eszt\u00e9tikum el\u00e9r\u00e9s\u00e9ben. Ezt az integr\u00e1lt alkatr\u00e9szt \u00fagy alak\u00edtott\u00e1k ki, hogy megfeleljen a modern \u00e9p\u00edt\u00e9si gyakorlat k\u00f6vetelm\u00e9nyeinek, mik\u00f6zben biztos\u00edtja, hogy a gyakran kih\u00edv\u00e1snak sz\u00e1m\u00edt\u00f3 sarkok megkapj\u00e1k a nekik kij\u00e1r\u00f3 figyelmet.<\/p>\n<p>L\u00e9nyeg\u00e9ben a bels\u0151 sarok h\u00eddk\u00e9nt szolg\u00e1l k\u00e9t egym\u00e1st metsz\u0151 fal k\u00f6z\u00f6tt, \u00e9s nem csak t\u00e1maszt\u00e9kot, hanem egy csiszolt megjelen\u00e9st is biztos\u00edt, amely feldobja a teljes diz\u00e1jnt. Egyedi szerkezete lehet\u0151v\u00e9 teszi a terhek egyenletes eloszl\u00e1s\u00e1t, \u00edgy fokozza az \u00e1ltala \u00f6sszek\u00f6t\u00f6tt falak tart\u00f3ss\u00e1g\u00e1t. Az ilyen elemek jelent\u0151s\u00e9g\u00e9nek meg\u00e9rt\u00e9se rugalmasabb \u00e9s vizu\u00e1lisan vonz\u00f3bb eredm\u00e9nyt hozhat b\u00e1rmely \u00e9p\u00edt\u00e9si projektben.<\/p>\n<h3>Sokoldal\u00fas\u00e1g \u00e9s alkalmazkod\u00f3k\u00e9pess\u00e9g<\/h3>\n<p>Az Inside Corner egyik legfontosabb el\u0151nye a sokoldal\u00fas\u00e1g. Legyen sz\u00f3 lak\u00f3\u00e9p\u00fcletr\u0151l vagy kereskedelmi \u00e9p\u00edtkez\u00e9sr\u0151l, ez a term\u00e9k k\u00fcl\u00f6nb\u00f6z\u0151 anyagokhoz igaz\u00edthat\u00f3, bele\u00e9rtve a betont, a f\u00e1t \u00e9s a f\u00e9met is. Ez az alkalmazkod\u00f3k\u00e9pess\u00e9g teszi ide\u00e1lis v\u00e1laszt\u00e1ss\u00e1 a kivitelez\u0151k \u00e9s \u00e9p\u00edt\u0151k sz\u00e1m\u00e1ra, akik a min\u0151s\u00e9g rov\u00e1s\u00e1ra t\u00f6rt\u00e9n\u0151 kompromisszumok n\u00e9lk\u00fcl szeretn\u00e9k egyszer\u0171s\u00edteni folyamataikat.<\/p>\n<p>A telep\u00edt\u00e9s egy m\u00e1sik kritikus szempont, ahol az Inside Corner ragyog. A hagyom\u00e1nyos sarokmegold\u00e1sok gyakran jelent\u0151s munka- \u00e9s id\u0151ig\u00e9nyesek, ez a term\u00e9k azonban jelent\u0151sen leegyszer\u0171s\u00edti a folyamatot. Az egyszer\u0171 integr\u00e1ci\u00f3ra tervezett Inside Corner gyorsabb \u00f6sszeszerel\u00e9st tesz lehet\u0151v\u00e9, \u00edgy a projektek az \u00fctemtervben maradhatnak. R\u00e1ad\u00e1sul intuit\u00edv kialak\u00edt\u00e1sa minim\u00e1lisra cs\u00f6kkenti a hib\u00e1k kock\u00e1zat\u00e1t a telep\u00edt\u00e9s sor\u00e1n, ami az \u00e9p\u00edt\u0151iparban gyakori probl\u00e9ma.<\/p>\n<h3>A szerkezeti integrit\u00e1s \u00e9s az eszt\u00e9tikum jav\u00edt\u00e1sa<\/h3>\n<p>Biztons\u00e1gi szempontb\u00f3l a bels\u0151 sarok haszn\u00e1lata hozz\u00e1j\u00e1rulhat a szerkezet \u00e1ltal\u00e1nos stabilit\u00e1s\u00e1hoz. A sarkok gyakran stresszpontok, \u00e9s e ter\u00fcletek megb\u00edzhat\u00f3 megold\u00e1ssal t\u00f6rt\u00e9n\u0151 meger\u0151s\u00edt\u00e9se kulcsfontoss\u00e1g\u00fa a hossz\u00fa t\u00e1v\u00fa teljes\u00edtm\u00e9ny szempontj\u00e1b\u00f3l. A stresszterhel\u00e9sek hat\u00e9kony kezel\u00e9s\u00e9vel ez a term\u00e9k cs\u00f6kkenti a reped\u00e9sek \u00e9s egy\u00e9b szerkezeti probl\u00e9m\u00e1k val\u00f3sz\u00edn\u0171s\u00e9g\u00e9t, \u00edgy biztons\u00e1gosabb k\u00f6rnyezetet biztos\u00edt a lak\u00f3k sz\u00e1m\u00e1ra.<\/p>\n<p>Eszt\u00e9tikai szempontb\u00f3l az Inside Corner n\u00f6veli a t\u00e9r vizu\u00e1lis vonzerej\u00e9t. Tiszta, befejezett megjelen\u00e9st biztos\u00edt, amely kieg\u00e9sz\u00edtheti a k\u00fcl\u00f6nb\u00f6z\u0151 \u00e9p\u00edt\u00e9szeti st\u00edlusokat. Egy olyan korban, amikor a design legal\u00e1bb annyira sz\u00e1m\u00edt, mint a funkci\u00f3, az eszt\u00e9tik\u00e1ra ford\u00edtott figyelem olyan jelent\u0151s el\u0151ny, amelyet nem lehet figyelmen k\u00edv\u00fcl hagyni.<\/p>\n<p>Emellett a fenntarthat\u00f3s\u00e1g egyre nagyobb jelent\u0151s\u00e9ggel b\u00edr az \u00e9p\u00edt\u0151iparban, \u00e9s az Inside Corner igazodik ehhez a trendhez. Sz\u00e1mos gy\u00e1rt\u00f3 ma m\u00e1r k\u00f6rnyezetbar\u00e1t anyagokb\u00f3l \u00e1ll\u00edtja el\u0151 ezeket az alkatr\u00e9szeket, biztos\u00edtva, hogy az \u00e9p\u00edt\u0151ipar a k\u00f6rnyezet vesz\u00e9lyeztet\u00e9se n\u00e9lk\u00fcl fejl\u0151dhessen. A fenntarthat\u00f3 lehet\u0151s\u00e9gek v\u00e1laszt\u00e1s\u00e1val az \u00e9p\u00edt\u0151k hozz\u00e1j\u00e1rulhatnak egy eg\u00e9szs\u00e9gesebb bolyg\u00f3hoz, mik\u00f6zben el\u00e9rhetik a k\u00edv\u00e1nt szerkezeti integrit\u00e1st.<\/p>\n<h3>K\u00f6lts\u00e9ghat\u00e9konys\u00e1g \u00e9s hossz\u00fa t\u00e1v\u00fa el\u0151ny\u00f6k<\/h3>\n<p>A k\u00f6lts\u00e9ghat\u00e9konys\u00e1g szempontj\u00e1b\u00f3l az Inside Corner meggy\u0151z\u0151 \u00e9rv\u00e9nnyel \u00e1ll el\u0151. B\u00e1r a kezdeti beruh\u00e1z\u00e1s szer\u00e9nynek t\u0171nhet, a cs\u00f6kkentett munkaer\u0151k\u00f6lts\u00e9gek, a kevesebb anyagvesztes\u00e9g \u00e9s a kevesebb karbantart\u00e1s miatt hossz\u00fa t\u00e1von el\u00e9rhet\u0151 megtakar\u00edt\u00e1sok b\u00f6lcs v\u00e1laszt\u00e1ss\u00e1 teszik b\u00e1rmely projekt eset\u00e9ben. A term\u00e9k tart\u00f3ss\u00e1ga \u00e9s hat\u00e9konys\u00e1ga azt jelenti, hogy id\u0151vel megt\u00e9r\u00fcl, \u00edgy kiv\u00e1l\u00f3 befektet\u00e9s az \u00e9p\u00edt\u0151k \u00e9s a kivitelez\u0151k sz\u00e1m\u00e1ra egyar\u00e1nt.<\/p>\n<p>Egy m\u00e1sik megfontoland\u00f3 szempont az Inside Corner gy\u00e1rt\u00f3k \u00e1ltal ny\u00fajtott t\u00e1mogat\u00e1s. Sok j\u00f3 h\u00edr\u0171 v\u00e1llalat \u00e1tfog\u00f3 \u00fcgyf\u00e9lszolg\u00e1latot k\u00edn\u00e1l, bele\u00e9rtve a r\u00e9szletes telep\u00edt\u00e9si \u00fatmutat\u00f3kat, a technikai t\u00e1mogat\u00e1st, s\u0151t, m\u00e9g a csapatok sz\u00e1m\u00e1ra is tartanak k\u00e9pz\u00e9seket. Ez a fajta seg\u00edts\u00e9g biztos\u00edtja, hogy m\u00e9g az \u00e9p\u00edt\u0151iparban \u00fajonnan j\u00e1r\u00f3k is magabiztosan integr\u00e1lhass\u00e1k ezt a term\u00e9ket, ami tov\u00e1bb n\u00f6veli a vonzerej\u00e9t.<\/p>\n<h3>K\u00f6vetkeztet\u00e9s: Az \u00e9p\u00edt\u00e9si gyakorlatok innov\u00e1ci\u00f3ja<\/h3>\n<p>Ahogy egyre m\u00e9lyebbre mer\u00fcl\u00fcnk az \u00e9p\u00edt\u0151anyagok vil\u00e1g\u00e1ban, nyilv\u00e1nval\u00f3v\u00e1 v\u00e1lik, hogy a bels\u0151 sarok nem csak egy egyszer\u0171 csatlakoz\u00f3, hanem egy l\u00e9tfontoss\u00e1g\u00fa elem, amely befoly\u00e1solja a projekt siker\u00e9t. Sokr\u00e9t\u0171 el\u0151nyei a szerkezeti integrit\u00e1st\u00f3l \u00e9s az eszt\u00e9tikai javul\u00e1st\u00f3l a fenntarthat\u00f3s\u00e1gig \u00e9s a k\u00f6lts\u00e9gmegtakar\u00edt\u00e1sig terjednek. Ez a term\u00e9k mag\u00e1ba foglalja a modern \u00e9p\u00edt\u00e9s l\u00e9nyeg\u00e9t: hat\u00e9konys\u00e1g, megb\u00edzhat\u00f3s\u00e1g \u00e9s tervez\u00e9si harm\u00f3nia.<\/p>\n<p>\u00d6sszefoglalva, az Inside Corner egy olyan n\u00e9lk\u00fcl\u00f6zhetetlen elem, amelyet nem szabad al\u00e1becs\u00fclni. Nem lehet el\u00e9gg\u00e9 hangs\u00falyozni a sarkok szil\u00e1rds\u00e1g\u00e1nak \u00e9s sz\u00e9ps\u00e9g\u00e9nek el\u00e9r\u00e9s\u00e9ben j\u00e1tszott szerep\u00e9t. Ha ezt a term\u00e9ket v\u00e1lasztj\u00e1k, az \u00e9p\u00edt\u0151k \u00e9s a kivitelez\u0151k biztos\u00edthatj\u00e1k, hogy olyan megold\u00e1sba fektetnek be, amely hossz\u00fa t\u00e1v\u00fa el\u0151ny\u00f6ket k\u00edn\u00e1l, ami v\u00e9gs\u0151 soron sikeres \u00e9p\u00edt\u00e9si eredm\u00e9nyekhez vezet. Ak\u00e1r egy kisebb fel\u00faj\u00edt\u00e1son, ak\u00e1r egy nagyszab\u00e1s\u00fa projekten dolgozik, az Inside Corner be\u00e9p\u00edt\u00e9se jelent\u0151sen feldobhatja munk\u00e1j\u00e1t, \u00e9s hozz\u00e1j\u00e1rulhat olyan terek kialak\u00edt\u00e1s\u00e1hoz, amelyek nemcsak funkcion\u00e1lisak, hanem vizu\u00e1lisan is leny\u0171g\u00f6z\u0151ek.<\/p>\n<p>A bels\u0151 sarok be\u00e9p\u00edt\u00e9se az \u00e9p\u00edt\u00e9si gyakorlatba egy l\u00e9p\u00e9s a min\u0151s\u00e9g \u00e9s a hat\u00e9konys\u00e1g jav\u00edt\u00e1sa fel\u00e9. Figyelemre m\u00e9lt\u00f3 jellemz\u0151ivel \u00e9s el\u0151nyeivel kiemelkedik az \u00e9p\u00edt\u0151ipari t\u00e1jk\u00e9p kulcsfontoss\u00e1g\u00fa szerepl\u0151jek\u00e9nt. \u00c9rt\u00e9k\u00e9nek meg\u00e9rt\u00e9s\u00e9vel \u00e9s a projektekbe val\u00f3 be\u00e9p\u00edt\u00e9s\u00e9vel biztos\u00edthatja, hogy a sarkok ne csak funkcion\u00e1lisak legyenek, hanem a szerkezetek sz\u00e9ps\u00e9g\u00e9nek \u00e9s szil\u00e1rds\u00e1g\u00e1nak szerves r\u00e9sz\u00e9t is k\u00e9pezz\u00e9k.<\/p>","protected":false},"excerpt":{"rendered":"<p>A bels\u0151 sarok az \u00e9p\u00edt\u00e9s alapvet\u0151 eleme, amelyet \u00fagy terveztek, hogy a sarkok szerkezeti integrit\u00e1s\u00e1t \u00e9s eszt\u00e9tikai megjelen\u00e9s\u00e9t biztos\u00edtsa. A tart\u00f3ss\u00e1gra \u00e9s sokoldal\u00fas\u00e1gra tervezett term\u00e9k k\u00fcl\u00f6nb\u00f6z\u0151 alkalmaz\u00e1sokhoz alkalmas, biztos\u00edtva a megl\u00e9v\u0151 szerkezetekbe val\u00f3 z\u00f6kken\u0151mentes integr\u00e1ci\u00f3t. Innovat\u00edv kialak\u00edt\u00e1sa megk\u00f6nny\u00edti a k\u00f6nny\u0171 telep\u00edt\u00e9st, mik\u00f6zben fokozza az \u00e1ltal\u00e1nos stabilit\u00e1st, \u00edgy \u00e9rt\u00e9kes kieg\u00e9sz\u00edt\u0151je b\u00e1rmely \u00e9p\u00edt\u00e9si projektnek.<\/p>","protected":false},"featured_media":7979,"comment_status":"open","ping_status":"closed","template":"","meta":{"site-sidebar-layout":"default","site-content-layout":"","ast-site-content-layout":"default","site-content-style":"default","site-sidebar-style":"default","ast-global-header-display":"","ast-banner-title-visibility":"","ast-main-header-display":"","ast-hfb-above-header-display":"","ast-hfb-below-header-display":"","ast-hfb-mobile-header-display":"","site-post-title":"","ast-breadcrumbs-content":"","ast-featured-img":"","footer-sml-layout":"","theme-transparent-header-meta":"default","adv-header-id-meta":"","stick-header-meta":"default","header-above-stick-meta":"","header-main-stick-meta":"","header-below-stick-meta":"","astra-migrate-meta-layouts":"set","ast-page-background-enabled":"default","ast-page-background-meta":{"desktop":{"background-color":"","background-image":"","background-repeat":"repeat","background-position":"center center","background-size":"auto","background-attachment":"scroll","background-type":"","background-media":"","overlay-type":"","overlay-color":"","overlay-opacity":"","overlay-gradient":""},"tablet":{"background-color":"","background-image":"","background-repeat":"repeat","background-position":"center center","background-size":"auto","background-attachment":"scroll","background-type":"","background-media":"","overlay-type":"","overlay-color":"","overlay-opacity":"","overlay-gradient":""},"mobile":{"background-color":"","background-image":"","background-repeat":"repeat","background-position":"center center","background-size":"auto","background-attachment":"scroll","background-type":"","background-media":"","overlay-type":"","overlay-color":"","overlay-opacity":"","overlay-gradient":""}},"ast-content-background-meta":{"desktop":{"background-color":"var(--ast-global-color-5)","background-image":"","background-repeat":"repeat","background-position":"center center","background-size":"auto","background-attachment":"scroll","background-type":"","background-media":"","overlay-type":"","overlay-color":"","overlay-opacity":"","overlay-gradient":""},"tablet":{"background-color":"var(--ast-global-color-5)","background-image":"","background-repeat":"repeat","background-position":"center center","background-size":"auto","background-attachment":"scroll","background-type":"","background-media":"","overlay-type":"","overlay-color":"","overlay-opacity":"","overlay-gradient":""},"mobile":{"background-color":"var(--ast-global-color-5)","background-image":"","background-repeat":"repeat","background-position":"center center","background-size":"auto","background-attachment":"scroll","background-type":"","background-media":"","overlay-type":"","overlay-color":"","overlay-opacity":"","overlay-gradient":""}}},"product_brand":[],"product_cat":[29],"product_tag":[],"class_list":{"0":"post-7968","1":"product","2":"type-product","3":"status-publish","4":"has-post-thumbnail","6":"product_cat-formwork-system","7":"desktop-align-left","8":"tablet-align-left","9":"mobile-align-left","10":"ast-product-gallery-layout-horizontal-slider","11":"ast-product-tabs-layout-horizontal","13":"first","14":"instock","15":"shipping-taxable","16":"purchasable","17":"product-type-simple"},"yoast_head":"<!-- This site is optimized with the Yoast SEO plugin v25.2 - https:\/\/yoast.com\/wordpress\/plugins\/seo\/ -->\n<title>Inside Corner<\/title>\n<meta name=\"robots\" content=\"index, follow, max-snippet:-1, max-image-preview:large, max-video-preview:-1\" \/>\n<link rel=\"canonical\" href=\"https:\/\/qingdaohf.com\/hu\/termek\/belso-sarok\/\" \/>\n<meta property=\"og:locale\" content=\"hu_HU\" \/>\n<meta property=\"og:type\" content=\"article\" \/>\n<meta property=\"og:title\" content=\"Inside Corner\" \/>\n<meta property=\"og:description\" content=\"The Inside Corner is an essential component in construction, designed to provide structural integrity and aesthetic appeal in corners. Engineered for durability and versatility, this product is suitable for various applications, ensuring seamless integration with existing structures. Its innovative design facilitates easy installation while enhancing overall stability, making it a valuable addition to any building project.\" \/>\n<meta property=\"og:url\" content=\"https:\/\/qingdaohf.com\/hu\/termek\/belso-sarok\/\" \/>\n<meta property=\"og:site_name\" content=\"Concrete Form &amp; Rigging Hardware Supplier\" \/>\n<meta property=\"article:publisher\" content=\"https:\/\/www.facebook.com\/qingdaohf\" \/>\n<meta property=\"article:modified_time\" content=\"2025-11-13T01:03:13+00:00\" \/>\n<meta property=\"og:image\" content=\"https:\/\/qingdaohf.com\/wp-content\/uploads\/2024\/09\/concrete-INSIDE-CORNER-1.webp\" \/>\n\t<meta property=\"og:image:width\" content=\"1000\" \/>\n\t<meta property=\"og:image:height\" content=\"1000\" \/>\n\t<meta property=\"og:image:type\" content=\"image\/webp\" \/>\n<meta name=\"twitter:card\" content=\"summary_large_image\" \/>\n<meta name=\"twitter:label1\" content=\"Becs\u00fclt olvas\u00e1si id\u0151\" \/>\n\t<meta name=\"twitter:data1\" content=\"4 perc\" \/>\n<script type=\"application\/ld+json\" class=\"yoast-schema-graph\">{\"@context\":\"https:\/\/schema.org\",\"@graph\":[{\"@type\":\"WebPage\",\"@id\":\"https:\/\/qingdaohf.com\/product\/inside-corner\/\",\"url\":\"https:\/\/qingdaohf.com\/product\/inside-corner\/\",\"name\":\"Inside Corner\",\"isPartOf\":{\"@id\":\"https:\/\/qingdaohf.com\/bg\/#website\"},\"primaryImageOfPage\":{\"@id\":\"https:\/\/qingdaohf.com\/product\/inside-corner\/#primaryimage\"},\"image\":{\"@id\":\"https:\/\/qingdaohf.com\/product\/inside-corner\/#primaryimage\"},\"thumbnailUrl\":\"https:\/\/qingdaohf.com\/wp-content\/uploads\/2024\/09\/concrete-INSIDE-CORNER-1.webp\",\"datePublished\":\"2024-09-30T06:05:29+00:00\",\"dateModified\":\"2025-11-13T01:03:13+00:00\",\"breadcrumb\":{\"@id\":\"https:\/\/qingdaohf.com\/product\/inside-corner\/#breadcrumb\"},\"inLanguage\":\"hu\",\"potentialAction\":[{\"@type\":\"ReadAction\",\"target\":[\"https:\/\/qingdaohf.com\/product\/inside-corner\/\"]}]},{\"@type\":\"ImageObject\",\"inLanguage\":\"hu\",\"@id\":\"https:\/\/qingdaohf.com\/product\/inside-corner\/#primaryimage\",\"url\":\"https:\/\/qingdaohf.com\/wp-content\/uploads\/2024\/09\/concrete-INSIDE-CORNER-1.webp\",\"contentUrl\":\"https:\/\/qingdaohf.com\/wp-content\/uploads\/2024\/09\/concrete-INSIDE-CORNER-1.webp\",\"width\":1000,\"height\":1000,\"caption\":\"INSIDE CORNER\"},{\"@type\":\"BreadcrumbList\",\"@id\":\"https:\/\/qingdaohf.com\/product\/inside-corner\/#breadcrumb\",\"itemListElement\":[{\"@type\":\"ListItem\",\"position\":1,\"name\":\"Home\",\"item\":\"https:\/\/qingdaohf.com\/\"},{\"@type\":\"ListItem\",\"position\":2,\"name\":\"Concrete Forming Accessories and Rigging Hardware\",\"item\":\"https:\/\/qingdaohf.com\/bg\/?page_id=944\"},{\"@type\":\"ListItem\",\"position\":3,\"name\":\"Inside Corner\"}]},{\"@type\":\"WebSite\",\"@id\":\"https:\/\/qingdaohf.com\/bg\/#website\",\"url\":\"https:\/\/qingdaohf.com\/bg\/\",\"name\":\"Concrete Form & Rigging Hardware Supplier\",\"description\":\"\",\"publisher\":{\"@id\":\"https:\/\/qingdaohf.com\/bg\/#organization\"},\"potentialAction\":[{\"@type\":\"SearchAction\",\"target\":{\"@type\":\"EntryPoint\",\"urlTemplate\":\"https:\/\/qingdaohf.com\/bg\/?s={search_term_string}\"},\"query-input\":{\"@type\":\"PropertyValueSpecification\",\"valueRequired\":true,\"valueName\":\"search_term_string\"}}],\"inLanguage\":\"hu\"},{\"@type\":\"Organization\",\"@id\":\"https:\/\/qingdaohf.com\/bg\/#organization\",\"name\":\"Qingdao H&F\",\"url\":\"https:\/\/qingdaohf.com\/bg\/\",\"logo\":{\"@type\":\"ImageObject\",\"inLanguage\":\"hu\",\"@id\":\"https:\/\/qingdaohf.com\/bg\/#\/schema\/logo\/image\/\",\"url\":\"https:\/\/qingdaohf.com\/wp-content\/uploads\/2022\/12\/cropped-HF-LOGO.png\",\"contentUrl\":\"https:\/\/qingdaohf.com\/wp-content\/uploads\/2022\/12\/cropped-HF-LOGO.png\",\"width\":391,\"height\":249,\"caption\":\"Qingdao H&F\"},\"image\":{\"@id\":\"https:\/\/qingdaohf.com\/bg\/#\/schema\/logo\/image\/\"},\"sameAs\":[\"https:\/\/www.facebook.com\/qingdaohf\"]}]}<\/script>\n<!-- \/ Yoast SEO plugin. -->","yoast_head_json":{"title":"Inside Corner","robots":{"index":"index","follow":"follow","max-snippet":"max-snippet:-1","max-image-preview":"max-image-preview:large","max-video-preview":"max-video-preview:-1"},"canonical":"https:\/\/qingdaohf.com\/hu\/termek\/belso-sarok\/","og_locale":"hu_HU","og_type":"article","og_title":"Inside Corner","og_description":"The Inside Corner is an essential component in construction, designed to provide structural integrity and aesthetic appeal in corners. Engineered for durability and versatility, this product is suitable for various applications, ensuring seamless integration with existing structures. Its innovative design facilitates easy installation while enhancing overall stability, making it a valuable addition to any building project.","og_url":"https:\/\/qingdaohf.com\/hu\/termek\/belso-sarok\/","og_site_name":"Concrete Form &amp; Rigging Hardware Supplier","article_publisher":"https:\/\/www.facebook.com\/qingdaohf","article_modified_time":"2025-11-13T01:03:13+00:00","og_image":[{"width":1000,"height":1000,"url":"https:\/\/qingdaohf.com\/wp-content\/uploads\/2024\/09\/concrete-INSIDE-CORNER-1.webp","type":"image\/webp"}],"twitter_card":"summary_large_image","twitter_misc":{"Becs\u00fclt olvas\u00e1si id\u0151":"4 perc"},"schema":{"@context":"https:\/\/schema.org","@graph":[{"@type":"WebPage","@id":"https:\/\/qingdaohf.com\/product\/inside-corner\/","url":"https:\/\/qingdaohf.com\/product\/inside-corner\/","name":"Inside Corner","isPartOf":{"@id":"https:\/\/qingdaohf.com\/bg\/#website"},"primaryImageOfPage":{"@id":"https:\/\/qingdaohf.com\/product\/inside-corner\/#primaryimage"},"image":{"@id":"https:\/\/qingdaohf.com\/product\/inside-corner\/#primaryimage"},"thumbnailUrl":"https:\/\/qingdaohf.com\/wp-content\/uploads\/2024\/09\/concrete-INSIDE-CORNER-1.webp","datePublished":"2024-09-30T06:05:29+00:00","dateModified":"2025-11-13T01:03:13+00:00","breadcrumb":{"@id":"https:\/\/qingdaohf.com\/product\/inside-corner\/#breadcrumb"},"inLanguage":"hu","potentialAction":[{"@type":"ReadAction","target":["https:\/\/qingdaohf.com\/product\/inside-corner\/"]}]},{"@type":"ImageObject","inLanguage":"hu","@id":"https:\/\/qingdaohf.com\/product\/inside-corner\/#primaryimage","url":"https:\/\/qingdaohf.com\/wp-content\/uploads\/2024\/09\/concrete-INSIDE-CORNER-1.webp","contentUrl":"https:\/\/qingdaohf.com\/wp-content\/uploads\/2024\/09\/concrete-INSIDE-CORNER-1.webp","width":1000,"height":1000,"caption":"INSIDE CORNER"},{"@type":"BreadcrumbList","@id":"https:\/\/qingdaohf.com\/product\/inside-corner\/#breadcrumb","itemListElement":[{"@type":"ListItem","position":1,"name":"Home","item":"https:\/\/qingdaohf.com\/"},{"@type":"ListItem","position":2,"name":"Concrete Forming Accessories and Rigging Hardware","item":"https:\/\/qingdaohf.com\/bg\/?page_id=944"},{"@type":"ListItem","position":3,"name":"Inside Corner"}]},{"@type":"WebSite","@id":"https:\/\/qingdaohf.com\/bg\/#website","url":"https:\/\/qingdaohf.com\/bg\/","name":"Concrete Form & Rigging Hardware Supplier","description":"","publisher":{"@id":"https:\/\/qingdaohf.com\/bg\/#organization"},"potentialAction":[{"@type":"SearchAction","target":{"@type":"EntryPoint","urlTemplate":"https:\/\/qingdaohf.com\/bg\/?s={search_term_string}"},"query-input":{"@type":"PropertyValueSpecification","valueRequired":true,"valueName":"search_term_string"}}],"inLanguage":"hu"},{"@type":"Organization","@id":"https:\/\/qingdaohf.com\/bg\/#organization","name":"Qingdao H&F","url":"https:\/\/qingdaohf.com\/bg\/","logo":{"@type":"ImageObject","inLanguage":"hu","@id":"https:\/\/qingdaohf.com\/bg\/#\/schema\/logo\/image\/","url":"https:\/\/qingdaohf.com\/wp-content\/uploads\/2022\/12\/cropped-HF-LOGO.png","contentUrl":"https:\/\/qingdaohf.com\/wp-content\/uploads\/2022\/12\/cropped-HF-LOGO.png","width":391,"height":249,"caption":"Qingdao H&F"},"image":{"@id":"https:\/\/qingdaohf.com\/bg\/#\/schema\/logo\/image\/"},"sameAs":["https:\/\/www.facebook.com\/qingdaohf"]}]}},"_links":{"self":[{"href":"https:\/\/qingdaohf.com\/hu\/wp-json\/wp\/v2\/product\/7968","targetHints":{"allow":["GET"]}}],"collection":[{"href":"https:\/\/qingdaohf.com\/hu\/wp-json\/wp\/v2\/product"}],"about":[{"href":"https:\/\/qingdaohf.com\/hu\/wp-json\/wp\/v2\/types\/product"}],"replies":[{"embeddable":true,"href":"https:\/\/qingdaohf.com\/hu\/wp-json\/wp\/v2\/comments?post=7968"}],"version-history":[{"count":2,"href":"https:\/\/qingdaohf.com\/hu\/wp-json\/wp\/v2\/product\/7968\/revisions"}],"predecessor-version":[{"id":7982,"href":"https:\/\/qingdaohf.com\/hu\/wp-json\/wp\/v2\/product\/7968\/revisions\/7982"}],"wp:featuredmedia":[{"embeddable":true,"href":"https:\/\/qingdaohf.com\/hu\/wp-json\/wp\/v2\/media\/7979"}],"wp:attachment":[{"href":"https:\/\/qingdaohf.com\/hu\/wp-json\/wp\/v2\/media?parent=7968"}],"wp:term":[{"taxonomy":"product_brand","embeddable":true,"href":"https:\/\/qingdaohf.com\/hu\/wp-json\/wp\/v2\/product_brand?post=7968"},{"taxonomy":"product_cat","embeddable":true,"href":"https:\/\/qingdaohf.com\/hu\/wp-json\/wp\/v2\/product_cat?post=7968"},{"taxonomy":"product_tag","embeddable":true,"href":"https:\/\/qingdaohf.com\/hu\/wp-json\/wp\/v2\/product_tag?post=7968"}],"curies":[{"name":"wp","href":"https:\/\/api.w.org\/{rel}","templated":true}]}}