{"id":7983,"date":"2024-09-30T14:34:11","date_gmt":"2024-09-30T06:34:11","guid":{"rendered":"http:\/\/qingdaohf.com\/?post_type=product&#038;p=7983"},"modified":"2025-11-13T09:03:13","modified_gmt":"2025-11-13T01:03:13","slug":"rebar-individual-high-chair","status":"publish","type":"product","link":"https:\/\/qingdaohf.com\/hu\/termek\/betonacel-egyedi-etetoszek\/","title":{"rendered":"Rebar egy\u00e9ni magas sz\u00e9k"},"content":{"rendered":"<h3>A Rebar egy\u00e9ni magas sz\u00e9kek fontoss\u00e1g\u00e1nak meg\u00e9rt\u00e9se<\/h3>\n<p>A beton\u00e9p\u00edt\u00e9s ter\u00fclet\u00e9n nem lehet el\u00e9gg\u00e9 hangs\u00falyozni a megfelel\u0151 betonac\u00e9l elhelyez\u00e9s jelent\u0151s\u00e9g\u00e9t. A betonac\u00e9l vagy betonac\u00e9l a betonszerkezetek gerincek\u00e9nt szolg\u00e1l, n\u00f6velve azok szil\u00e1rds\u00e1g\u00e1t \u00e9s tart\u00f3ss\u00e1g\u00e1t. A k\u00edv\u00e1nt szerkezeti integrit\u00e1s el\u00e9r\u00e9s\u00e9hez azonban elengedhetetlen, hogy a betonac\u00e9l pontosan legyen elhelyezve. Itt j\u00f6n a k\u00e9pbe a Rebar Individual High Chair. Ez a term\u00e9k kifejezetten a betonac\u00e9l megemel\u00e9s\u00e9hez k\u00e9sz\u00fclt, \u00e9s nemcsak a betonac\u00e9l s\u00faly\u00e1t t\u00e1mogatja, hanem azt is biztos\u00edtja, hogy az a betonoz\u00e1s sor\u00e1n v\u00e9gig a megfelel\u0151 magass\u00e1gban maradjon.<\/p>\n<p>A Rebar Individual High Chair \u00fagy van kialak\u00edtva, hogy optim\u00e1lis magass\u00e1got biztos\u00edtson, amely a betonac\u00e9lokat megfelel\u0151en felf\u00fcggesztve tartja a betonkever\u00e9kben. Ez a magas\u00edt\u00e1s l\u00e9tfontoss\u00e1g\u00fa, mivel megakad\u00e1lyozza a korr\u00f3zi\u00f3t, \u00e9s el\u0151seg\u00edti a megfelel\u0151 k\u00f6t\u00e9st a betonac\u00e9l \u00e9s a beton k\u00f6z\u00f6tt. Tov\u00e1bb\u00e1, a k\u00f6vetkezetes t\u00e1vols\u00e1gtart\u00e1s fenntart\u00e1s\u00e1val a magassz\u00e9k megk\u00f6nny\u00edti a fesz\u00fclts\u00e9g egyenletes eloszl\u00e1s\u00e1t a szerkezetben, jelent\u0151sen n\u00f6velve annak teherb\u00edr\u00f3 k\u00e9pess\u00e9g\u00e9t.<\/p>\n<h3>A Rebar Individual High Chairs legfontosabb jellemz\u0151i \u00e9s el\u0151nyei<\/h3>\n<p>A Rebar Individual High Chair egyik kiemelked\u0151 jellemz\u0151je a robusztus konstrukci\u00f3. Kiv\u00e1l\u00f3 min\u0151s\u00e9g\u0171 anyagokb\u00f3l k\u00e9sz\u00fclt, \u00e9s \u00fagy tervezt\u00e9k, hogy ellen\u00e1lljon az \u00e9p\u00edt\u0151ipari k\u00f6rnyezetek viszontags\u00e1gainak. Tart\u00f3ss\u00e1ga biztos\u00edtja, hogy nem hajlik vagy t\u00f6rik el a nyom\u00e1s alatt, megb\u00edzhat\u00f3 t\u00e1maszt ny\u00fajtva az \u00e9p\u00edtkez\u00e9s kritikus szakaszaiban.<\/p>\n<p>Ezenk\u00edv\u00fcl a Rebar Individual High Chair sokoldal\u00faan haszn\u00e1lhat\u00f3. K\u00fcl\u00f6nb\u00f6z\u0151 m\u00e9retekben kaphat\u00f3, k\u00fcl\u00f6nb\u00f6z\u0151 \u00e1tm\u00e9r\u0151j\u0171 betonac\u00e9lokhoz, \u00edgy a projektek sz\u00e9les sk\u00e1l\u00e1j\u00e1hoz alkalmas. Ez az alkalmazkod\u00f3k\u00e9pess\u00e9g k\u00fcl\u00f6n\u00f6sen el\u0151ny\u00f6s a gyakran k\u00fcl\u00f6nb\u00f6z\u0151 \u00e9p\u00edtkez\u00e9si helysz\u00edneken dolgoz\u00f3 v\u00e1llalkoz\u00f3k sz\u00e1m\u00e1ra, mivel lehet\u0151v\u00e9 teszi sz\u00e1mukra, hogy ugyanazt a magas sz\u00e9ket t\u00f6bbf\u00e9le alkalmaz\u00e1shoz is haszn\u00e1lhass\u00e1k.<\/p>\n<p>A Rebar Individual High Chair haszn\u00e1lat\u00e1nak m\u00e1sik jelent\u0151s el\u0151nye a k\u00f6nny\u0171 felszerelhet\u0151s\u00e9g. Az egyszer\u0171 be\u00e1ll\u00edt\u00e1ssal az \u00e9p\u00edt\u0151ipari csapatok hat\u00e9konyan, t\u00falzott id\u0151 \u00e9s er\u0151fesz\u00edt\u00e9s n\u00e9lk\u00fcl elhelyezhetik az etet\u0151sz\u00e9keket. Ez a hat\u00e9konys\u00e1g munkaer\u0151-megtakar\u00edt\u00e1st jelent, lehet\u0151v\u00e9 t\u00e9ve a csapatok sz\u00e1m\u00e1ra, hogy hat\u00e9konyabban ossz\u00e1k be er\u0151forr\u00e1saikat.<\/p>\n<p>Ezenk\u00edv\u00fcl a Rebar Individual High Chair kialak\u00edt\u00e1sa el\u0151seg\u00edti a biztons\u00e1got a munkater\u00fcleten. Az\u00e1ltal, hogy biztos\u00edtja a betonac\u00e9l megfelel\u0151 elhelyez\u00e9s\u00e9t \u00e9s r\u00f6gz\u00edt\u00e9s\u00e9t, minim\u00e1lisra cs\u00f6kkenti a rosszul elhelyezett betonac\u00e9lhoz kapcsol\u00f3d\u00f3 balesetek kock\u00e1zat\u00e1t. Ez a biztons\u00e1gra val\u00f3 \u00f6sszpontos\u00edt\u00e1s nemcsak a munk\u00e1sokat v\u00e9di, hanem az \u00e9p\u00edt\u00e9si projekt \u00e1ltal\u00e1nos min\u0151s\u00e9g\u00e9t is jav\u00edtja.<\/p>\n<h3>Alkalmaz\u00e1s a val\u00f3s \u00e9letben<\/h3>\n<p>Ahhoz, hogy igaz\u00e1n \u00e9rt\u00e9kelni tudjuk a Rebar Individual High Chair \u00e9rt\u00e9k\u00e9t, elengedhetetlen, hogy figyelembe vegy\u00fck a val\u00f3s k\u00f6r\u00fclm\u00e9nyek k\u00f6z\u00f6tt t\u00f6rt\u00e9n\u0151 alkalmaz\u00e1s\u00e1t. P\u00e9ld\u00e1ul egy t\u00f6bbszintes \u00e9p\u00fclet \u00e9p\u00edt\u00e9se sor\u00e1n az egyes emeletek szerkezeti integrit\u00e1sa nagyban f\u00fcgg a betonac\u00e9lok megfelel\u0151 elhelyez\u00e9s\u00e9t\u0151l. A Rebar Individual High Chairs haszn\u00e1lat\u00e1val a kivitelez\u0151k biztos\u00edthatj\u00e1k, hogy a betonac\u00e9l a sz\u00fcks\u00e9ges magass\u00e1gban maradjon, el\u0151seg\u00edtve a betonhoz val\u00f3 er\u0151s k\u00f6t\u00e9st.<\/p>\n<p>Hasonl\u00f3k\u00e9ppen, az olyan infrastruktur\u00e1lis projektek eset\u00e9ben, mint a hidak \u00e9s aut\u00f3p\u00e1ly\u00e1k, a t\u00e9t m\u00e9g nagyobb. A Rebar Individual High Chair kulcsszerepet j\u00e1tszik annak biztos\u00edt\u00e1s\u00e1ban, hogy a betonac\u00e9lok megfelel\u0151en legyenek elhelyezve, hogy ellen\u00e1lljanak a hatalmas terheknek, amelyeket ezek a szerkezetek elviselnek. Ez a megb\u00edzhat\u00f3s\u00e1gi szint kulcsfontoss\u00e1g\u00fa, mivel k\u00f6zvetlen\u00fcl befoly\u00e1solja az infrastrukt\u00fara hossz\u00fa \u00e9lettartam\u00e1t \u00e9s biztons\u00e1g\u00e1t.<\/p>\n<p>Ezenk\u00edv\u00fcl a Rebar Individual High Chair k\u00fcl\u00f6nb\u00f6z\u0151 alkalmaz\u00e1sokban haszn\u00e1lhat\u00f3, bele\u00e9rtve a lakoss\u00e1gi, kereskedelmi \u00e9s ipari projekteket is. Ak\u00e1r f\u00f6d\u00e9mek, gerend\u00e1k vagy oszlopok meger\u0151s\u00edt\u00e9s\u00e9r\u0151l van sz\u00f3, ez a magassz\u00e9k felbecs\u00fclhetetlen \u00e9rt\u00e9k\u0171 eszk\u00f6znek bizonyul a kiv\u00e1l\u00f3 min\u0151s\u00e9g\u0171 eredm\u00e9nyek el\u00e9r\u00e9s\u00e9hez.<\/p>\n<h3>K\u00f6vetkeztet\u00e9s: Egy\u00e9ni magas sz\u00e9kek: A beton\u00e9p\u00edt\u00e9s j\u00f6v\u0151je az \u00fajj\u00e1\u00e9p\u00edt\u00e9ssel<\/h3>\n<p>\u00d6sszefoglalva, a Rebar Individual High Chair t\u00f6bb mint egy \u00e9p\u00edt\u0151ipari kieg\u00e9sz\u00edt\u0151; kritikus fontoss\u00e1g\u00fa \u00f6sszetev\u0151je a betonprojektek siker\u00e9nek biztos\u00edt\u00e1s\u00e1ban. Az\u00e1ltal, hogy optim\u00e1lis t\u00e1mogat\u00e1st \u00e9s stabilit\u00e1st biztos\u00edt a betonac\u00e9l elhelyez\u00e9s\u00e9hez, n\u00f6veli a szerkezetek \u00e1ltal\u00e1nos integrit\u00e1s\u00e1t. Tart\u00f3ss\u00e1ga, sokoldal\u00fas\u00e1ga \u00e9s k\u00f6nny\u0171 haszn\u00e1lhat\u00f3s\u00e1ga n\u00e9lk\u00fcl\u00f6zhetetlen eszk\u00f6zz\u00e9 teszi a min\u0151s\u00e9get \u00e9s biztons\u00e1got el\u0151t\u00e9rbe helyez\u0151 \u00e9p\u00edt\u0151ipari szakemberek sz\u00e1m\u00e1ra.<\/p>\n<p>Ahogy az \u00e9p\u00edt\u0151ipar tov\u00e1bb fejl\u0151dik, az olyan innovat\u00edv megold\u00e1sok, mint a Rebar Individual High Chair k\u00e9ts\u00e9gtelen\u00fcl d\u00f6nt\u0151 szerepet j\u00e1tszanak majd a beton\u00e9p\u00edt\u00e9s j\u00f6v\u0151j\u00e9nek alak\u00edt\u00e1s\u00e1ban. A kiv\u00e1l\u00f3 min\u0151s\u00e9g\u0171 berendez\u00e9sekbe val\u00f3 befektet\u00e9ssel a kivitelez\u0151k biztos\u00edthatj\u00e1k, hogy projektjeik megfeleljenek a legmagasabb biztons\u00e1gi \u00e9s teljes\u00edtm\u00e9nyi el\u0151\u00edr\u00e1soknak.<\/p>\n<p>V\u00e9gs\u0151 soron a Rebar Individual High Chair a beton\u00e9p\u00edt\u00e9s kiv\u00e1l\u00f3s\u00e1ga ir\u00e1nti elk\u00f6telezetts\u00e9get k\u00e9pviseli, lehet\u0151v\u00e9 t\u00e9ve a csapatok sz\u00e1m\u00e1ra, hogy olyan robusztus szerkezeteket \u00e9p\u00edtsenek, amelyek ki\u00e1llj\u00e1k az id\u0151 pr\u00f3b\u00e1j\u00e1t. Ezt a term\u00e9ket v\u00e1lasztva az \u00e9p\u00edt\u0151ipari szakemberek felemelhetik projektjeiket, biztos\u00edtva, hogy minden elem a siker \u00e9rdek\u00e9ben legyen elhelyezve.<\/p>","protected":false},"excerpt":{"rendered":"<p>A Rebar Individual High Chair a betonszerkezetek meger\u0151s\u00edt\u00e9s\u00e9hez n\u00e9lk\u00fcl\u00f6zhetetlen eszk\u00f6z, amely optim\u00e1lis al\u00e1t\u00e1maszt\u00e1st \u00e9s stabilit\u00e1st biztos\u00edt a betonoz\u00e1s sor\u00e1n. A hat\u00e9konys\u00e1g \u00e9rdek\u00e9ben tervezett magas sz\u00e9k biztos\u00edtja a betonac\u00e9l pontos megemel\u00e9s\u00e9t, \u00e9s jav\u00edtja a betonalkalmaz\u00e1sok \u00e1ltal\u00e1nos integrit\u00e1s\u00e1t. Tart\u00f3s kialak\u00edt\u00e1sa \u00e9s k\u00f6nny\u0171 kezelhet\u0151s\u00e9ge felbecs\u00fclhetetlen \u00e9rt\u00e9k\u0171 eszk\u00f6zz\u00e9 teszi az \u00e9p\u00edt\u0151ipari szakemberek sz\u00e1m\u00e1ra, akik megb\u00edzhat\u00f3 megold\u00e1st keresnek a betonac\u00e9l elhelyez\u00e9s\u00e9hez.<\/p>","protected":false},"featured_media":7984,"comment_status":"open","ping_status":"closed","template":"","meta":{"site-sidebar-layout":"default","site-content-layout":"","ast-site-content-layout":"default","site-content-style":"default","site-sidebar-style":"default","ast-global-header-display":"","ast-banner-title-visibility":"","ast-main-header-display":"","ast-hfb-above-header-display":"","ast-hfb-below-header-display":"","ast-hfb-mobile-header-display":"","site-post-title":"","ast-breadcrumbs-content":"","ast-featured-img":"","footer-sml-layout":"","theme-transparent-header-meta":"default","adv-header-id-meta":"","stick-header-meta":"default","header-above-stick-meta":"","header-main-stick-meta":"","header-below-stick-meta":"","astra-migrate-meta-layouts":"set","ast-page-background-enabled":"default","ast-page-background-meta":{"desktop":{"background-color":"","background-image":"","background-repeat":"repeat","background-position":"center center","background-size":"auto","background-attachment":"scroll","background-type":"","background-media":"","overlay-type":"","overlay-color":"","overlay-opacity":"","overlay-gradient":""},"tablet":{"background-color":"","background-image":"","background-repeat":"repeat","background-position":"center center","background-size":"auto","background-attachment":"scroll","background-type":"","background-media":"","overlay-type":"","overlay-color":"","overlay-opacity":"","overlay-gradient":""},"mobile":{"background-color":"","background-image":"","background-repeat":"repeat","background-position":"center center","background-size":"auto","background-attachment":"scroll","background-type":"","background-media":"","overlay-type":"","overlay-color":"","overlay-opacity":"","overlay-gradient":""}},"ast-content-background-meta":{"desktop":{"background-color":"var(--ast-global-color-5)","background-image":"","background-repeat":"repeat","background-position":"center center","background-size":"auto","background-attachment":"scroll","background-type":"","background-media":"","overlay-type":"","overlay-color":"","overlay-opacity":"","overlay-gradient":""},"tablet":{"background-color":"var(--ast-global-color-5)","background-image":"","background-repeat":"repeat","background-position":"center center","background-size":"auto","background-attachment":"scroll","background-type":"","background-media":"","overlay-type":"","overlay-color":"","overlay-opacity":"","overlay-gradient":""},"mobile":{"background-color":"var(--ast-global-color-5)","background-image":"","background-repeat":"repeat","background-position":"center center","background-size":"auto","background-attachment":"scroll","background-type":"","background-media":"","overlay-type":"","overlay-color":"","overlay-opacity":"","overlay-gradient":""}}},"product_brand":[],"product_cat":[35],"product_tag":[],"class_list":{"0":"post-7983","1":"product","2":"type-product","3":"status-publish","4":"has-post-thumbnail","6":"product_cat-concrete-rebar-support","7":"desktop-align-left","8":"tablet-align-left","9":"mobile-align-left","10":"ast-product-gallery-layout-horizontal-slider","11":"ast-product-tabs-layout-horizontal","13":"first","14":"instock","15":"shipping-taxable","16":"purchasable","17":"product-type-simple"},"yoast_head":"<!-- This site is optimized with the Yoast SEO plugin v25.2 - https:\/\/yoast.com\/wordpress\/plugins\/seo\/ -->\n<title>Rebar Individual High Chair<\/title>\n<meta name=\"robots\" content=\"index, follow, max-snippet:-1, max-image-preview:large, max-video-preview:-1\" \/>\n<link rel=\"canonical\" href=\"https:\/\/qingdaohf.com\/hu\/termek\/betonacel-egyedi-etetoszek\/\" \/>\n<meta property=\"og:locale\" content=\"hu_HU\" \/>\n<meta property=\"og:type\" content=\"article\" \/>\n<meta property=\"og:title\" content=\"Rebar Individual High Chair\" \/>\n<meta property=\"og:description\" content=\"The Rebar Individual High Chair is an essential tool for reinforcing concrete structures, providing optimal support and stability during the pouring process. Engineered for efficiency, this high chair ensures precise elevation of rebar, enhancing the overall integrity of concrete applications. Its durable design and ease of use make it an invaluable asset for construction professionals seeking reliable solutions for rebar placement.\" \/>\n<meta property=\"og:url\" content=\"https:\/\/qingdaohf.com\/hu\/termek\/betonacel-egyedi-etetoszek\/\" \/>\n<meta property=\"og:site_name\" content=\"Concrete Form &amp; Rigging Hardware Supplier\" \/>\n<meta property=\"article:publisher\" content=\"https:\/\/www.facebook.com\/qingdaohf\" \/>\n<meta property=\"article:modified_time\" content=\"2025-11-13T01:03:13+00:00\" \/>\n<meta property=\"og:image\" content=\"https:\/\/qingdaohf.com\/wp-content\/uploads\/2024\/09\/Individual-High-Chair-12.webp\" \/>\n\t<meta property=\"og:image:width\" content=\"1280\" \/>\n\t<meta property=\"og:image:height\" content=\"1280\" \/>\n\t<meta property=\"og:image:type\" content=\"image\/webp\" \/>\n<meta name=\"twitter:card\" content=\"summary_large_image\" \/>\n<meta name=\"twitter:label1\" content=\"Becs\u00fclt olvas\u00e1si id\u0151\" \/>\n\t<meta name=\"twitter:data1\" content=\"4 perc\" \/>\n<script type=\"application\/ld+json\" class=\"yoast-schema-graph\">{\"@context\":\"https:\/\/schema.org\",\"@graph\":[{\"@type\":\"WebPage\",\"@id\":\"https:\/\/qingdaohf.com\/product\/rebar-individual-high-chair\/\",\"url\":\"https:\/\/qingdaohf.com\/product\/rebar-individual-high-chair\/\",\"name\":\"Rebar Individual High Chair\",\"isPartOf\":{\"@id\":\"https:\/\/qingdaohf.com\/bg\/#website\"},\"primaryImageOfPage\":{\"@id\":\"https:\/\/qingdaohf.com\/product\/rebar-individual-high-chair\/#primaryimage\"},\"image\":{\"@id\":\"https:\/\/qingdaohf.com\/product\/rebar-individual-high-chair\/#primaryimage\"},\"thumbnailUrl\":\"https:\/\/qingdaohf.com\/wp-content\/uploads\/2024\/09\/Individual-High-Chair-12.webp\",\"datePublished\":\"2024-09-30T06:34:11+00:00\",\"dateModified\":\"2025-11-13T01:03:13+00:00\",\"breadcrumb\":{\"@id\":\"https:\/\/qingdaohf.com\/product\/rebar-individual-high-chair\/#breadcrumb\"},\"inLanguage\":\"hu\",\"potentialAction\":[{\"@type\":\"ReadAction\",\"target\":[\"https:\/\/qingdaohf.com\/product\/rebar-individual-high-chair\/\"]}]},{\"@type\":\"ImageObject\",\"inLanguage\":\"hu\",\"@id\":\"https:\/\/qingdaohf.com\/product\/rebar-individual-high-chair\/#primaryimage\",\"url\":\"https:\/\/qingdaohf.com\/wp-content\/uploads\/2024\/09\/Individual-High-Chair-12.webp\",\"contentUrl\":\"https:\/\/qingdaohf.com\/wp-content\/uploads\/2024\/09\/Individual-High-Chair-12.webp\",\"width\":1280,\"height\":1280,\"caption\":\"Rebar Individual High Chair\"},{\"@type\":\"BreadcrumbList\",\"@id\":\"https:\/\/qingdaohf.com\/product\/rebar-individual-high-chair\/#breadcrumb\",\"itemListElement\":[{\"@type\":\"ListItem\",\"position\":1,\"name\":\"Home\",\"item\":\"https:\/\/qingdaohf.com\/\"},{\"@type\":\"ListItem\",\"position\":2,\"name\":\"Concrete Forming Accessories and Rigging Hardware\",\"item\":\"https:\/\/qingdaohf.com\/bg\/?page_id=944\"},{\"@type\":\"ListItem\",\"position\":3,\"name\":\"Rebar Individual High Chair\"}]},{\"@type\":\"WebSite\",\"@id\":\"https:\/\/qingdaohf.com\/bg\/#website\",\"url\":\"https:\/\/qingdaohf.com\/bg\/\",\"name\":\"Concrete Form & Rigging Hardware Supplier\",\"description\":\"\",\"publisher\":{\"@id\":\"https:\/\/qingdaohf.com\/bg\/#organization\"},\"potentialAction\":[{\"@type\":\"SearchAction\",\"target\":{\"@type\":\"EntryPoint\",\"urlTemplate\":\"https:\/\/qingdaohf.com\/bg\/?s={search_term_string}\"},\"query-input\":{\"@type\":\"PropertyValueSpecification\",\"valueRequired\":true,\"valueName\":\"search_term_string\"}}],\"inLanguage\":\"hu\"},{\"@type\":\"Organization\",\"@id\":\"https:\/\/qingdaohf.com\/bg\/#organization\",\"name\":\"Qingdao H&F\",\"url\":\"https:\/\/qingdaohf.com\/bg\/\",\"logo\":{\"@type\":\"ImageObject\",\"inLanguage\":\"hu\",\"@id\":\"https:\/\/qingdaohf.com\/bg\/#\/schema\/logo\/image\/\",\"url\":\"https:\/\/qingdaohf.com\/wp-content\/uploads\/2022\/12\/cropped-HF-LOGO.png\",\"contentUrl\":\"https:\/\/qingdaohf.com\/wp-content\/uploads\/2022\/12\/cropped-HF-LOGO.png\",\"width\":391,\"height\":249,\"caption\":\"Qingdao H&F\"},\"image\":{\"@id\":\"https:\/\/qingdaohf.com\/bg\/#\/schema\/logo\/image\/\"},\"sameAs\":[\"https:\/\/www.facebook.com\/qingdaohf\"]}]}<\/script>\n<!-- \/ Yoast SEO plugin. -->","yoast_head_json":{"title":"Rebar Individual High Chair","robots":{"index":"index","follow":"follow","max-snippet":"max-snippet:-1","max-image-preview":"max-image-preview:large","max-video-preview":"max-video-preview:-1"},"canonical":"https:\/\/qingdaohf.com\/hu\/termek\/betonacel-egyedi-etetoszek\/","og_locale":"hu_HU","og_type":"article","og_title":"Rebar Individual High Chair","og_description":"The Rebar Individual High Chair is an essential tool for reinforcing concrete structures, providing optimal support and stability during the pouring process. Engineered for efficiency, this high chair ensures precise elevation of rebar, enhancing the overall integrity of concrete applications. Its durable design and ease of use make it an invaluable asset for construction professionals seeking reliable solutions for rebar placement.","og_url":"https:\/\/qingdaohf.com\/hu\/termek\/betonacel-egyedi-etetoszek\/","og_site_name":"Concrete Form &amp; Rigging Hardware Supplier","article_publisher":"https:\/\/www.facebook.com\/qingdaohf","article_modified_time":"2025-11-13T01:03:13+00:00","og_image":[{"width":1280,"height":1280,"url":"https:\/\/qingdaohf.com\/wp-content\/uploads\/2024\/09\/Individual-High-Chair-12.webp","type":"image\/webp"}],"twitter_card":"summary_large_image","twitter_misc":{"Becs\u00fclt olvas\u00e1si id\u0151":"4 perc"},"schema":{"@context":"https:\/\/schema.org","@graph":[{"@type":"WebPage","@id":"https:\/\/qingdaohf.com\/product\/rebar-individual-high-chair\/","url":"https:\/\/qingdaohf.com\/product\/rebar-individual-high-chair\/","name":"Rebar Individual High Chair","isPartOf":{"@id":"https:\/\/qingdaohf.com\/bg\/#website"},"primaryImageOfPage":{"@id":"https:\/\/qingdaohf.com\/product\/rebar-individual-high-chair\/#primaryimage"},"image":{"@id":"https:\/\/qingdaohf.com\/product\/rebar-individual-high-chair\/#primaryimage"},"thumbnailUrl":"https:\/\/qingdaohf.com\/wp-content\/uploads\/2024\/09\/Individual-High-Chair-12.webp","datePublished":"2024-09-30T06:34:11+00:00","dateModified":"2025-11-13T01:03:13+00:00","breadcrumb":{"@id":"https:\/\/qingdaohf.com\/product\/rebar-individual-high-chair\/#breadcrumb"},"inLanguage":"hu","potentialAction":[{"@type":"ReadAction","target":["https:\/\/qingdaohf.com\/product\/rebar-individual-high-chair\/"]}]},{"@type":"ImageObject","inLanguage":"hu","@id":"https:\/\/qingdaohf.com\/product\/rebar-individual-high-chair\/#primaryimage","url":"https:\/\/qingdaohf.com\/wp-content\/uploads\/2024\/09\/Individual-High-Chair-12.webp","contentUrl":"https:\/\/qingdaohf.com\/wp-content\/uploads\/2024\/09\/Individual-High-Chair-12.webp","width":1280,"height":1280,"caption":"Rebar Individual High Chair"},{"@type":"BreadcrumbList","@id":"https:\/\/qingdaohf.com\/product\/rebar-individual-high-chair\/#breadcrumb","itemListElement":[{"@type":"ListItem","position":1,"name":"Home","item":"https:\/\/qingdaohf.com\/"},{"@type":"ListItem","position":2,"name":"Concrete Forming Accessories and Rigging Hardware","item":"https:\/\/qingdaohf.com\/bg\/?page_id=944"},{"@type":"ListItem","position":3,"name":"Rebar Individual High Chair"}]},{"@type":"WebSite","@id":"https:\/\/qingdaohf.com\/bg\/#website","url":"https:\/\/qingdaohf.com\/bg\/","name":"Concrete Form & Rigging Hardware Supplier","description":"","publisher":{"@id":"https:\/\/qingdaohf.com\/bg\/#organization"},"potentialAction":[{"@type":"SearchAction","target":{"@type":"EntryPoint","urlTemplate":"https:\/\/qingdaohf.com\/bg\/?s={search_term_string}"},"query-input":{"@type":"PropertyValueSpecification","valueRequired":true,"valueName":"search_term_string"}}],"inLanguage":"hu"},{"@type":"Organization","@id":"https:\/\/qingdaohf.com\/bg\/#organization","name":"Qingdao H&F","url":"https:\/\/qingdaohf.com\/bg\/","logo":{"@type":"ImageObject","inLanguage":"hu","@id":"https:\/\/qingdaohf.com\/bg\/#\/schema\/logo\/image\/","url":"https:\/\/qingdaohf.com\/wp-content\/uploads\/2022\/12\/cropped-HF-LOGO.png","contentUrl":"https:\/\/qingdaohf.com\/wp-content\/uploads\/2022\/12\/cropped-HF-LOGO.png","width":391,"height":249,"caption":"Qingdao H&F"},"image":{"@id":"https:\/\/qingdaohf.com\/bg\/#\/schema\/logo\/image\/"},"sameAs":["https:\/\/www.facebook.com\/qingdaohf"]}]}},"_links":{"self":[{"href":"https:\/\/qingdaohf.com\/hu\/wp-json\/wp\/v2\/product\/7983","targetHints":{"allow":["GET"]}}],"collection":[{"href":"https:\/\/qingdaohf.com\/hu\/wp-json\/wp\/v2\/product"}],"about":[{"href":"https:\/\/qingdaohf.com\/hu\/wp-json\/wp\/v2\/types\/product"}],"replies":[{"embeddable":true,"href":"https:\/\/qingdaohf.com\/hu\/wp-json\/wp\/v2\/comments?post=7983"}],"version-history":[{"count":1,"href":"https:\/\/qingdaohf.com\/hu\/wp-json\/wp\/v2\/product\/7983\/revisions"}],"predecessor-version":[{"id":7994,"href":"https:\/\/qingdaohf.com\/hu\/wp-json\/wp\/v2\/product\/7983\/revisions\/7994"}],"wp:featuredmedia":[{"embeddable":true,"href":"https:\/\/qingdaohf.com\/hu\/wp-json\/wp\/v2\/media\/7984"}],"wp:attachment":[{"href":"https:\/\/qingdaohf.com\/hu\/wp-json\/wp\/v2\/media?parent=7983"}],"wp:term":[{"taxonomy":"product_brand","embeddable":true,"href":"https:\/\/qingdaohf.com\/hu\/wp-json\/wp\/v2\/product_brand?post=7983"},{"taxonomy":"product_cat","embeddable":true,"href":"https:\/\/qingdaohf.com\/hu\/wp-json\/wp\/v2\/product_cat?post=7983"},{"taxonomy":"product_tag","embeddable":true,"href":"https:\/\/qingdaohf.com\/hu\/wp-json\/wp\/v2\/product_tag?post=7983"}],"curies":[{"name":"wp","href":"https:\/\/api.w.org\/{rel}","templated":true}]}}