{"id":8178,"date":"2024-10-29T16:45:43","date_gmt":"2024-10-29T08:45:43","guid":{"rendered":"http:\/\/qingdaohf.com\/?post_type=product&#038;p=8178"},"modified":"2025-11-13T09:02:54","modified_gmt":"2025-11-13T01:02:54","slug":"studless-anchor-chain","status":"publish","type":"product","link":"https:\/\/qingdaohf.com\/hu\/termek\/szegecs-nelkuli-horgonylanc\/","title":{"rendered":"Szegecs n\u00e9lk\u00fcli horgonyl\u00e1nc"},"content":{"rendered":"<h3>A szegecs n\u00e9lk\u00fcli horgonyl\u00e1ncok alapvet\u0151 tulajdons\u00e1gai: Er\u0151 \u00e9s kitart\u00e1s<\/h3>\n<p><img fetchpriority=\"high\" decoding=\"async\" class=\"alignnone size-full wp-image-8169\" src=\"http:\/\/qingdaohf.com\/wp-content\/uploads\/2024\/10\/studless-anchor-chain_2.webp\" alt=\"szegecs n\u00e9lk\u00fcli horgonyl\u00e1nc\" width=\"831\" height=\"1087\" srcset=\"https:\/\/qingdaohf.com\/wp-content\/uploads\/2024\/10\/studless-anchor-chain_2.webp 831w, https:\/\/qingdaohf.com\/wp-content\/uploads\/2024\/10\/studless-anchor-chain_2-229x300.webp 229w, https:\/\/qingdaohf.com\/wp-content\/uploads\/2024\/10\/studless-anchor-chain_2-783x1024.webp 783w, https:\/\/qingdaohf.com\/wp-content\/uploads\/2024\/10\/studless-anchor-chain_2-768x1005.webp 768w, https:\/\/qingdaohf.com\/wp-content\/uploads\/2024\/10\/studless-anchor-chain_2-9x12.webp 9w\" sizes=\"(max-width: 831px) 100vw, 831px\" \/><\/p>\n<p>A csapszeg n\u00e9lk\u00fcli horgonyl\u00e1ncok szerves r\u00e9sz\u00e9t k\u00e9pezik a haj\u00f3z\u00e1si iparnak, ahol a haj\u00f3k r\u00f6gz\u00edt\u00e9s\u00e9nek kritikus szerep\u00e9t t\u00f6ltik be a legk\u00fcl\u00f6nb\u00f6z\u0151bb k\u00f6rnyezetekben. Kialak\u00edt\u00e1sukban a tart\u00f3ss\u00e1g \u00e9s a funkcionalit\u00e1s a legfontosabb, \u00edgy biztos\u00edtva, hogy ellen\u00e1lljanak a nagy tengeri kik\u00f6t\u00e9s szigor\u00fa k\u00f6vetelm\u00e9nyeinek. A szegecs n\u00e9lk\u00fcli l\u00e1ncok - szegecselt t\u00e1rsaikkal ellent\u00e9tben - bels\u0151 szegecsek n\u00e9lk\u00fcli l\u00e1ncszemekkel rendelkeznek, \u00edgy k\u00f6nnyebbek \u00e9s gyakran rugalmasabbak. Ez a tulajdons\u00e1g k\u00fcl\u00f6n\u00f6sen \u00e9rt\u00e9kes olyan alkalmaz\u00e1sokn\u00e1l, ahol a kisebb s\u00faly \u00e9s a nagyobb rugalmass\u00e1g k\u00edv\u00e1natos. K\u00f6nnyebb fel\u00e9p\u00edt\u00e9s\u00fck ellen\u00e9re ezek a l\u00e1ncok m\u00e9g mindig kiv\u00e9telesen er\u0151sek, minden egyes l\u00e1ncszemet \u00fagy alak\u00edtottak ki, hogy elviselj\u00e9k a tengeri horgonyz\u00e1sra jellemz\u0151 hatalmas terhel\u00e9st \u00e9s nagyfesz\u00fclts\u00e9g\u0171 er\u0151ket.<\/p>\n<p>A szegecs n\u00e9lk\u00fcli l\u00e1ncok sokoldal\u00fas\u00e1ga miatt k\u00fcl\u00f6nb\u00f6z\u0151 tengeri felhaszn\u00e1l\u00e1sra alkalmasak, a kis haj\u00f3k kik\u00f6t\u00e9s\u00e9t\u0151l a neh\u00e9zipari alkalmaz\u00e1sokig. Ezeket a l\u00e1ncokat szigor\u00faan tesztelik, hogy megfeleljenek a nemzetk\u00f6zi szabv\u00e1nyoknak, mivel megb\u00edzhat\u00f3s\u00e1guk a haj\u00f3k \u00e9s a leg\u00e9nys\u00e9g biztons\u00e1ga szempontj\u00e1b\u00f3l egyar\u00e1nt kiemelked\u0151 fontoss\u00e1g\u00fa. Kialak\u00edt\u00e1suknak k\u00f6sz\u00f6nhet\u0151en leny\u0171g\u00f6z\u0151 korr\u00f3zi\u00f3- \u00e9s kop\u00e1s\u00e1ll\u00f3s\u00e1got is ny\u00fajtanak, ami elengedhetetlen a s\u00f3s \u00e9s egy\u00e9b zord k\u00f6rnyezetben. A kialak\u00edt\u00e1s tov\u00e1bb cs\u00f6kkenti a l\u00e1nchib\u00e1k el\u0151fordul\u00e1s\u00e1t, mivel egys\u00e9ges szerkezet\u00fck minim\u00e1lisra cs\u00f6kkenti a gyenge pontokat. Ez a tulajdons\u00e1g vezetett ahhoz, hogy a nagy ig\u00e9nybev\u00e9telnek kitett helyzetekben tart\u00f3ss\u00e1got \u00e9s megb\u00edzhat\u00f3s\u00e1got keres\u0151 haj\u00f3z\u00e1si m\u00e9rn\u00f6k\u00f6k \u00e9s haj\u00f3\u00fczemeltet\u0151k egyre ink\u00e1bb a csap n\u00e9lk\u00fcli l\u00e1ncokat r\u00e9szes\u00edtik el\u0151nyben.<\/p>\n<h3>A Qingdao H&amp;F csapszeg n\u00e9lk\u00fcli horgonyl\u00e1ncok v\u00e1laszt\u00e1s\u00e1nak el\u0151nyei<\/h3>\n<p>A Qingdao H&amp;F-n\u00e9l elk\u00f6telezettek vagyunk amellett, hogy \u00fcgyfeleinknek kiv\u00e1l\u00f3 min\u0151s\u00e9g\u0171, szegecs n\u00e9lk\u00fcli horgonyl\u00e1ncokat biztos\u00edtsunk, amelyek megfelelnek a szigor\u00fa biztons\u00e1gi, szil\u00e1rds\u00e1gi \u00e9s tart\u00f3ss\u00e1gi el\u0151\u00edr\u00e1soknak. L\u00e1ncainkat szigor\u00fa min\u0151s\u00e9gi teszteknek vetj\u00fck al\u00e1, hogy biztos\u00edtsuk az optim\u00e1lis teljes\u00edtm\u00e9nyt a k\u00fcl\u00f6nb\u00f6z\u0151 k\u00f6r\u00fclm\u00e9nyek k\u00f6z\u00f6tt. Az elj\u00e1r\u00e1s mag\u00e1ban foglalja a pr\u00f3baterhel\u00e9ses tesztel\u00e9st, amely elengedhetetlen annak meger\u0151s\u00edt\u00e9s\u00e9hez, hogy minden l\u00e1nc k\u00e9pes kezelni a haszn\u00e1lat sor\u00e1n v\u00e1rhat\u00f3 maxim\u00e1lis terhel\u00e9st. A v\u00e1s\u00e1rl\u00f3k egyre ink\u00e1bb agg\u00f3dnak a pr\u00f3baterhel\u00e9s miatt, mivel az k\u00f6zvetlen\u00fcl befoly\u00e1solja a l\u00e1nc megb\u00edzhat\u00f3s\u00e1g\u00e1t, k\u00fcl\u00f6n\u00f6sen a kih\u00edv\u00e1st jelent\u0151 kik\u00f6t\u00e9si helyzetekben.<\/p>\n<p>Ami a Qingdao H&amp;F-et megk\u00fcl\u00f6nb\u00f6zteti a t\u00f6bbit\u0151l, az a vev\u0151i el\u00e9gedetts\u00e9g \u00e9s megb\u00edzhat\u00f3s\u00e1g ir\u00e1nti elk\u00f6telezetts\u00e9g\u00fcnk. A B2B kereskedelmi szektorban szerzett t\u00f6bb mint 20 \u00e9ves tapasztalatunkkal csapatunk az egyes \u00fcgyfelek egyedi ig\u00e9nyeihez igazod\u00f3, szem\u00e9lyre szabott \u00fcgyf\u00e9lszolg\u00e1latot k\u00edn\u00e1l. Tapasztalt szakembereink v\u00e9gigk\u00eds\u00e9rik \u00fcgyfeleinket a v\u00e1s\u00e1rl\u00e1si folyamat minden l\u00e9p\u00e9s\u00e9n, biztos\u00edtva, hogy megtal\u00e1lj\u00e1k az ide\u00e1lis l\u00e1nc specifik\u00e1ci\u00f3kat, amelyek megfelelnek projektj\u00fck k\u00f6vetelm\u00e9nyeinek. Meg\u00e9rtj\u00fck, hogy ebben az ipar\u00e1gban a gyors sz\u00e1ll\u00edt\u00e1s kulcsfontoss\u00e1g\u00fa, ez\u00e9rt hangs\u00falyt fektet\u00fcnk az id\u0151ben t\u00f6rt\u00e9n\u0151 logisztik\u00e1ra, hogy \u00fcgyfeleink \u00fctemez\u00e9si ig\u00e9nyeit kompromisszumok n\u00e9lk\u00fcl teljes\u00edthess\u00fck.<\/p>\n<p>Er\u0151s sz\u00e1ll\u00edt\u00e1si k\u00e9pess\u00e9geink mellett term\u00e9keinket \u00e1tfog\u00f3 min\u0151s\u00e9gellen\u0151rz\u00e9si jelent\u00e9sekkel t\u00e1masztjuk al\u00e1. Ezek a jelent\u00e9sek \u00e1tl\u00e1that\u00f3s\u00e1got \u00e9s biztos\u00edt\u00e9kot ny\u00fajtanak, seg\u00edtve az \u00fcgyfeleket a megalapozott v\u00e1s\u00e1rl\u00e1si d\u00f6nt\u00e9sek meghozatal\u00e1ban. Az ellen\u0151rz\u00e9si folyamat olyan t\u00e9nyez\u0151ket \u00e9rt\u00e9kel, mint az anyag\u00f6sszet\u00e9tel, a szak\u00edt\u00f3szil\u00e1rds\u00e1g \u00e9s a korr\u00f3zi\u00f3\u00e1ll\u00f3s\u00e1g, amelyek mind befoly\u00e1solj\u00e1k a l\u00e1nc \u00e9lettartam\u00e1t \u00e9s teljes\u00edtm\u00e9ny\u00e9t. Az\u00e1ltal, hogy \u00fcgyfeleinknek r\u00e9szletes vizsg\u00e1lati jelent\u00e9seket biztos\u00edtunk, lehet\u0151v\u00e9 tessz\u00fck sz\u00e1mukra, hogy magabiztosan fektessenek be olyan term\u00e9kekbe, amelyek megfelelnek az ig\u00e9nyeiknek.<\/p>\n<h3>A megfelel\u0151 specifik\u00e1ci\u00f3k kiv\u00e1laszt\u00e1sa: Mi\u00e9rt fontos a l\u00e1nc\u00e1tm\u00e9r\u0151 \u00e9s a bizony\u00edt\u00f3 terhel\u00e9s?<\/h3>\n<p>A csap n\u00e9lk\u00fcli horgonyl\u00e1ncok kiv\u00e1laszt\u00e1sakor k\u00e9t specifik\u00e1ci\u00f3 k\u00fcl\u00f6n\u00f6sen fontos: az \u00e1tm\u00e9r\u0151 \u00e9s a pr\u00f3baterhel\u00e9s. Az egyes l\u00e1ncszemek h\u00fcvelykben m\u00e9rt \u00e1tm\u00e9r\u0151je befoly\u00e1solja a l\u00e1nc s\u00faly\u00e1t \u00e9s teherb\u00edr\u00e1s\u00e1t. A megfelel\u0151 \u00e1tm\u00e9r\u0151 kiv\u00e1laszt\u00e1sa alapvet\u0151 fontoss\u00e1g\u00fa, mivel k\u00f6zvetlen\u00fcl befoly\u00e1solja a l\u00e1nc teljes\u00edtm\u00e9ny\u00e9t a kik\u00f6t\u00e9si alkalmaz\u00e1sokban. P\u00e9ld\u00e1ul az 1\/2 h\u00fcvelyk \u00e1tm\u00e9r\u0151j\u0171 l\u00e1ncszemek alkalmasak lehetnek k\u00f6nny\u0171 haj\u00f3khoz, m\u00edg a neh\u00e9z ipari alkalmaz\u00e1sokhoz 3\/4 h\u00fcvelyk vagy ann\u00e1l nagyobb \u00e1tm\u00e9r\u0151j\u0171 l\u00e1ncok sz\u00fcks\u00e9gesek.<\/p>\n<p>A pr\u00f3baterhel\u00e9s egy m\u00e1sik kritikus t\u00e9nyez\u0151, amely azt a maxim\u00e1lis terhel\u00e9st jelenti, amelyet a l\u00e1nc tart\u00f3s deform\u00e1ci\u00f3 n\u00e9lk\u00fcl elviselhet. Ez a m\u00e9r\u0151sz\u00e1m d\u00f6nt\u0151 fontoss\u00e1g\u00fa az \u00fcgyfelek sz\u00e1m\u00e1ra, mivel egy\u00e9rtelm\u0171en megmutatja, hogy a l\u00e1nc mennyire k\u00e9pes kezelni a nagy terhel\u00e9st val\u00f3s k\u00f6r\u00fclm\u00e9nyek k\u00f6z\u00f6tt. A Qingdao H&amp;F-n\u00e9l olyan l\u00e1ncokat k\u00edn\u00e1lunk, amelyeket \u00fagy tesztelt\u00fcnk, hogy meghaladj\u00e1k az ipari szabv\u00e1nyos pr\u00f3baterhel\u00e9st, \u00edgy \u00fcgyfeleink m\u00e9g ink\u00e1bb megb\u00edzhatnak a teljes\u00edtm\u00e9ny\u00fckben. A pr\u00f3baterhel\u00e9s-vizsg\u00e1lat a l\u00e1nc biztons\u00e1g\u00e1nak \u00e9rt\u00e9kes m\u00e9rc\u00e9je is, mivel biztos\u00edtja, hogy a l\u00e1nc m\u00e9g hirtelen, er\u0151s ig\u00e9nybev\u00e9tel eset\u00e9n is meg\u0151rzi integrit\u00e1s\u00e1t.<\/p>\n<p>A megfelel\u0151 \u00e1tm\u00e9r\u0151j\u0171 \u00e9s teherb\u00edr\u00e1s\u00fa, szegecs n\u00e9lk\u00fcli horgonyl\u00e1nc kiv\u00e1laszt\u00e1s\u00e1val a v\u00e1s\u00e1rl\u00f3k optim\u00e1lis teljes\u00edtm\u00e9nyt biztos\u00edthatnak az adott kik\u00f6t\u00e9si ig\u00e9nyeikhez. A Qingdao H&amp;F csapata felk\u00e9sz\u00fclt arra, hogy az \u00fcgyfeleket az ide\u00e1lis specifik\u00e1ci\u00f3k kiv\u00e1laszt\u00e1s\u00e1ban seg\u00edtse, az ipar\u00e1gi szabv\u00e1nyok \u00e9s az anyagtulajdons\u00e1gok alapos ismeret\u00e9re t\u00e1maszkodva olyan term\u00e9keket aj\u00e1nljon, amelyek megfelelnek az egyes \u00fcgyfelek m\u0171k\u00f6d\u00e9si k\u00f6vetelm\u00e9nyeinek.<\/p>\n<h3>B\u00edzzon egy bev\u00e1lt partnerben: Mi\u00e9rt a Qingdao H&amp;F az els\u0151sz\u00e1m\u00fa v\u00e1laszt\u00e1s?<\/h3>\n<p>Azok sz\u00e1m\u00e1ra, akik szegecs n\u00e9lk\u00fcli horgonyl\u00e1ncokat keresnek, a megb\u00edzhat\u00f3s\u00e1g \u00e9s a sz\u00e1ll\u00edt\u00f3i tapasztalat a legfontosabb. A B2B szektorban szerzett k\u00e9t \u00e9vtizedes tapasztalat\u00e1val a Qingdao H&amp;F meg\u00e9rti a tengeri \u00e9s ipari \u00fcgyfelek \u00f6sszetett ig\u00e9nyeit. Elk\u00f6telezett, szem\u00e9lyes \u00fcgyf\u00e9lszolg\u00e1latunk azt jelenti, hogy minden \u00fcgyf\u00e9l szem\u00e9lyre szabott t\u00e1mogat\u00e1sban r\u00e9szes\u00fcl, seg\u00edtve \u0151ket abban, hogy a legjobb megold\u00e1st tal\u00e1lj\u00e1k meg kik\u00f6t\u00e9si \u00e9s horgonyz\u00e1si ig\u00e9nyeikhez. Tov\u00e1bb\u00e1 szigor\u00fa tesztel\u00e9si protokolljaink biztos\u00edtj\u00e1k, hogy minden term\u00e9k megfelel vagy meghaladja az ipar\u00e1gi min\u0151s\u00e9gi \u00e9s tart\u00f3ss\u00e1gi szabv\u00e1nyokat.<\/p>\n<p>A min\u0151s\u00e9g ir\u00e1nti elk\u00f6telezetts\u00e9g nem \u00e9r v\u00e9get az elad\u00e1ssal. A Qingdao H&amp;F \u00e9rt\u00e9kes\u00edt\u00e9s ut\u00e1ni t\u00e1mogat\u00e1st \u00e9s gyors v\u00e1laszokat k\u00edn\u00e1l az \u00fcgyfelek k\u00e9rd\u00e9seire, tov\u00e1bb jav\u00edtva \u00fcgyfeleink tapasztalat\u00e1t. B\u00fcszk\u00e9k vagyunk arra, hogy k\u00e9pesek vagyunk hossz\u00fa t\u00e1v\u00fa kapcsolatokat ki\u00e9p\u00edteni, megb\u00edzhat\u00f3 forr\u00e1st biztos\u00edtva a kiv\u00e1l\u00f3 min\u0151s\u00e9g\u0171, csap n\u00e9lk\u00fcli horgonyl\u00e1ncok sz\u00e1m\u00e1ra, amelyekre az \u00fcgyfelek sz\u00e1m\u00edthatnak. \u00c1tl\u00e1that\u00f3 min\u0151s\u00e9gellen\u0151rz\u00e9si folyamatunk \u00e9s a gyors sz\u00e1ll\u00edt\u00e1s ir\u00e1nti elk\u00f6telezetts\u00e9g\u00fcnk r\u00e9v\u00e9n kiv\u00e1l\u00f3 h\u00edrnevet szerezt\u00fcnk az ipar\u00e1gban.<\/p>\n<p>A Qingdao H&amp;F v\u00e1laszt\u00e1s\u00e1val az \u00fcgyfelek nemcsak a kiv\u00e1l\u00f3 term\u00e9kmin\u0151s\u00e9gb\u0151l, hanem az \u00e1tfog\u00f3 vizsg\u00e1lati jelent\u00e9sek \u00e9s a szak\u00e9rt\u0151i \u00fatmutat\u00e1s \u00e1ltal ny\u00fajtott biztos\u00edt\u00e9kb\u00f3l is profit\u00e1lhatnak. Ahogy a j\u00f6v\u0151be tekint\u00fcnk, tov\u00e1bbra is arra \u00f6sszpontos\u00edtunk, hogy seg\u00edts\u00fck \u00fcgyfeleinket a siker el\u00e9r\u00e9s\u00e9ben az\u00e1ltal, hogy kiv\u00e1l\u00f3 min\u0151s\u00e9g\u0171, csap n\u00e9lk\u00fcli horgonyl\u00e1ncokat biztos\u00edtunk, amelyek egyszerre ny\u00fajtanak teljes\u00edtm\u00e9nyt \u00e9s nyugalmat.<\/p>","protected":false},"excerpt":{"rendered":"<p>A csapszeg n\u00e9lk\u00fcli horgonyl\u00e1ncok megb\u00edzhat\u00f3 v\u00e1laszt\u00e1s a nagy ig\u00e9nybev\u00e9tel\u0171 kik\u00f6t\u00e9shez \u00e9s horgonyz\u00e1shoz, mivel robusztus szerkezet\u00fck \u00e9s kop\u00e1s\u00e1ll\u00f3s\u00e1guk miatt ismertek az ig\u00e9nyes tengeri k\u00f6r\u00fclm\u00e9nyek k\u00f6z\u00f6tt. A v\u00e1s\u00e1rl\u00f3k \u00e1ltal\u00e1ban olyan t\u00e9nyez\u0151kre \u00f6sszpontos\u00edtanak, mint a tart\u00f3ss\u00e1g, a pr\u00f3baterhel\u00e9s \u00e9s a l\u00e1nc azon k\u00e9pess\u00e9ge, hogy hossz\u00fa t\u00e1von ellen\u00e1lljon a nagy ig\u00e9nybev\u00e9telnek. A Qingdao H&amp;F 20 \u00e9ves szak\u00e9rtelemmel rendelkez\u0151 B2B kereskedelmi v\u00e1llalatk\u00e9nt b\u00fcszke arra, hogy versenyk\u00e9pes \u00e1rakat, gyors sz\u00e1ll\u00edt\u00e1si ciklust \u00e9s \u00e1tfog\u00f3 min\u0151s\u00e9gellen\u0151rz\u00e9si jelent\u00e9seket k\u00edn\u00e1l. Egy\u00e9ni \u00fcgyf\u00e9lszolg\u00e1latunk szem\u00e9lyre szabott v\u00e1s\u00e1rl\u00e1si \u00e9lm\u00e9nyt biztos\u00edt, \u00edgy megb\u00edzhat\u00f3 partnerr\u00e9 v\u00e1lunk a kiv\u00e1l\u00f3 min\u0151s\u00e9g\u0171, a szigor\u00fa ipari szabv\u00e1nyoknak megfelel\u0151, szegecs n\u00e9lk\u00fcli horgonyl\u00e1ncok sz\u00e1ll\u00edt\u00e1s\u00e1ban.<\/p>","protected":false},"featured_media":8171,"comment_status":"open","ping_status":"closed","template":"","meta":{"site-sidebar-layout":"default","site-content-layout":"","ast-site-content-layout":"default","site-content-style":"default","site-sidebar-style":"default","ast-global-header-display":"","ast-banner-title-visibility":"","ast-main-header-display":"","ast-hfb-above-header-display":"","ast-hfb-below-header-display":"","ast-hfb-mobile-header-display":"","site-post-title":"","ast-breadcrumbs-content":"","ast-featured-img":"","footer-sml-layout":"","theme-transparent-header-meta":"default","adv-header-id-meta":"","stick-header-meta":"default","header-above-stick-meta":"","header-main-stick-meta":"","header-below-stick-meta":"","astra-migrate-meta-layouts":"set","ast-page-background-enabled":"default","ast-page-background-meta":{"desktop":{"background-color":"","background-image":"","background-repeat":"repeat","background-position":"center center","background-size":"auto","background-attachment":"scroll","background-type":"","background-media":"","overlay-type":"","overlay-color":"","overlay-opacity":"","overlay-gradient":""},"tablet":{"background-color":"","background-image":"","background-repeat":"repeat","background-position":"center center","background-size":"auto","background-attachment":"scroll","background-type":"","background-media":"","overlay-type":"","overlay-color":"","overlay-opacity":"","overlay-gradient":""},"mobile":{"background-color":"","background-image":"","background-repeat":"repeat","background-position":"center center","background-size":"auto","background-attachment":"scroll","background-type":"","background-media":"","overlay-type":"","overlay-color":"","overlay-opacity":"","overlay-gradient":""}},"ast-content-background-meta":{"desktop":{"background-color":"var(--ast-global-color-5)","background-image":"","background-repeat":"repeat","background-position":"center center","background-size":"auto","background-attachment":"scroll","background-type":"","background-media":"","overlay-type":"","overlay-color":"","overlay-opacity":"","overlay-gradient":""},"tablet":{"background-color":"var(--ast-global-color-5)","background-image":"","background-repeat":"repeat","background-position":"center center","background-size":"auto","background-attachment":"scroll","background-type":"","background-media":"","overlay-type":"","overlay-color":"","overlay-opacity":"","overlay-gradient":""},"mobile":{"background-color":"var(--ast-global-color-5)","background-image":"","background-repeat":"repeat","background-position":"center center","background-size":"auto","background-attachment":"scroll","background-type":"","background-media":"","overlay-type":"","overlay-color":"","overlay-opacity":"","overlay-gradient":""}}},"product_brand":[],"product_cat":[38],"product_tag":[],"class_list":{"0":"post-8178","1":"product","2":"type-product","3":"status-publish","4":"has-post-thumbnail","6":"product_cat-chain","7":"desktop-align-left","8":"tablet-align-left","9":"mobile-align-left","10":"ast-product-gallery-layout-horizontal-slider","11":"ast-product-tabs-layout-horizontal","13":"first","14":"instock","15":"shipping-taxable","16":"purchasable","17":"product-type-simple"},"yoast_head":"<!-- This site is optimized with the Yoast SEO plugin v25.2 - https:\/\/yoast.com\/wordpress\/plugins\/seo\/ -->\n<title>Studless Anchor Chain<\/title>\n<meta name=\"description\" content=\"Studless anchor chains are a dependable choice for heavy-duty mooring and anchoring, known for their robust structure and resistance to wear in demanding marine conditions.\" \/>\n<meta name=\"robots\" content=\"index, follow, max-snippet:-1, max-image-preview:large, max-video-preview:-1\" \/>\n<link rel=\"canonical\" href=\"https:\/\/qingdaohf.com\/hu\/termek\/szegecs-nelkuli-horgonylanc\/\" \/>\n<meta property=\"og:locale\" content=\"hu_HU\" \/>\n<meta property=\"og:type\" content=\"article\" \/>\n<meta property=\"og:title\" content=\"Studless Anchor Chain\" \/>\n<meta property=\"og:description\" content=\"Studless anchor chains are a dependable choice for heavy-duty mooring and anchoring, known for their robust structure and resistance to wear in demanding marine conditions.\" \/>\n<meta property=\"og:url\" content=\"https:\/\/qingdaohf.com\/hu\/termek\/szegecs-nelkuli-horgonylanc\/\" \/>\n<meta property=\"og:site_name\" content=\"Concrete Form &amp; Rigging Hardware Supplier\" \/>\n<meta property=\"article:publisher\" content=\"https:\/\/www.facebook.com\/qingdaohf\" \/>\n<meta property=\"article:modified_time\" content=\"2025-11-13T01:02:54+00:00\" \/>\n<meta property=\"og:image\" content=\"https:\/\/qingdaohf.com\/wp-content\/uploads\/2024\/10\/marine-studless-chain_\u526f\u672c.jpg\" \/>\n\t<meta property=\"og:image:width\" content=\"1000\" \/>\n\t<meta property=\"og:image:height\" content=\"1000\" \/>\n\t<meta property=\"og:image:type\" content=\"image\/jpeg\" \/>\n<meta name=\"twitter:card\" content=\"summary_large_image\" \/>\n<meta name=\"twitter:label1\" content=\"Becs\u00fclt olvas\u00e1si id\u0151\" \/>\n\t<meta name=\"twitter:data1\" content=\"5 perc\" \/>\n<script type=\"application\/ld+json\" class=\"yoast-schema-graph\">{\"@context\":\"https:\/\/schema.org\",\"@graph\":[{\"@type\":\"WebPage\",\"@id\":\"https:\/\/qingdaohf.com\/product\/studless-anchor-chain\/\",\"url\":\"https:\/\/qingdaohf.com\/product\/studless-anchor-chain\/\",\"name\":\"Studless Anchor Chain\",\"isPartOf\":{\"@id\":\"https:\/\/qingdaohf.com\/bg\/#website\"},\"primaryImageOfPage\":{\"@id\":\"https:\/\/qingdaohf.com\/product\/studless-anchor-chain\/#primaryimage\"},\"image\":{\"@id\":\"https:\/\/qingdaohf.com\/product\/studless-anchor-chain\/#primaryimage\"},\"thumbnailUrl\":\"https:\/\/qingdaohf.com\/wp-content\/uploads\/2024\/10\/marine-studless-chain_\u526f\u672c.jpg\",\"datePublished\":\"2024-10-29T08:45:43+00:00\",\"dateModified\":\"2025-11-13T01:02:54+00:00\",\"description\":\"Studless anchor chains are a dependable choice for heavy-duty mooring and anchoring, known for their robust structure and resistance to wear in demanding marine conditions.\",\"breadcrumb\":{\"@id\":\"https:\/\/qingdaohf.com\/product\/studless-anchor-chain\/#breadcrumb\"},\"inLanguage\":\"hu\",\"potentialAction\":[{\"@type\":\"ReadAction\",\"target\":[\"https:\/\/qingdaohf.com\/product\/studless-anchor-chain\/\"]}]},{\"@type\":\"ImageObject\",\"inLanguage\":\"hu\",\"@id\":\"https:\/\/qingdaohf.com\/product\/studless-anchor-chain\/#primaryimage\",\"url\":\"https:\/\/qingdaohf.com\/wp-content\/uploads\/2024\/10\/marine-studless-chain_\u526f\u672c.jpg\",\"contentUrl\":\"https:\/\/qingdaohf.com\/wp-content\/uploads\/2024\/10\/marine-studless-chain_\u526f\u672c.jpg\",\"width\":1000,\"height\":1000,\"caption\":\"studless chain\"},{\"@type\":\"BreadcrumbList\",\"@id\":\"https:\/\/qingdaohf.com\/product\/studless-anchor-chain\/#breadcrumb\",\"itemListElement\":[{\"@type\":\"ListItem\",\"position\":1,\"name\":\"Home\",\"item\":\"https:\/\/qingdaohf.com\/\"},{\"@type\":\"ListItem\",\"position\":2,\"name\":\"Concrete Forming Accessories and Rigging Hardware\",\"item\":\"https:\/\/qingdaohf.com\/bg\/?page_id=944\"},{\"@type\":\"ListItem\",\"position\":3,\"name\":\"Studless Anchor Chain\"}]},{\"@type\":\"WebSite\",\"@id\":\"https:\/\/qingdaohf.com\/bg\/#website\",\"url\":\"https:\/\/qingdaohf.com\/bg\/\",\"name\":\"Concrete Form & Rigging Hardware Supplier\",\"description\":\"\",\"publisher\":{\"@id\":\"https:\/\/qingdaohf.com\/bg\/#organization\"},\"potentialAction\":[{\"@type\":\"SearchAction\",\"target\":{\"@type\":\"EntryPoint\",\"urlTemplate\":\"https:\/\/qingdaohf.com\/bg\/?s={search_term_string}\"},\"query-input\":{\"@type\":\"PropertyValueSpecification\",\"valueRequired\":true,\"valueName\":\"search_term_string\"}}],\"inLanguage\":\"hu\"},{\"@type\":\"Organization\",\"@id\":\"https:\/\/qingdaohf.com\/bg\/#organization\",\"name\":\"Qingdao H&F\",\"url\":\"https:\/\/qingdaohf.com\/bg\/\",\"logo\":{\"@type\":\"ImageObject\",\"inLanguage\":\"hu\",\"@id\":\"https:\/\/qingdaohf.com\/bg\/#\/schema\/logo\/image\/\",\"url\":\"https:\/\/qingdaohf.com\/wp-content\/uploads\/2022\/12\/cropped-HF-LOGO.png\",\"contentUrl\":\"https:\/\/qingdaohf.com\/wp-content\/uploads\/2022\/12\/cropped-HF-LOGO.png\",\"width\":391,\"height\":249,\"caption\":\"Qingdao H&F\"},\"image\":{\"@id\":\"https:\/\/qingdaohf.com\/bg\/#\/schema\/logo\/image\/\"},\"sameAs\":[\"https:\/\/www.facebook.com\/qingdaohf\"]}]}<\/script>\n<!-- \/ Yoast SEO plugin. -->","yoast_head_json":{"title":"Studless Anchor Chain","description":"Studless anchor chains are a dependable choice for heavy-duty mooring and anchoring, known for their robust structure and resistance to wear in demanding marine conditions.","robots":{"index":"index","follow":"follow","max-snippet":"max-snippet:-1","max-image-preview":"max-image-preview:large","max-video-preview":"max-video-preview:-1"},"canonical":"https:\/\/qingdaohf.com\/hu\/termek\/szegecs-nelkuli-horgonylanc\/","og_locale":"hu_HU","og_type":"article","og_title":"Studless Anchor Chain","og_description":"Studless anchor chains are a dependable choice for heavy-duty mooring and anchoring, known for their robust structure and resistance to wear in demanding marine conditions.","og_url":"https:\/\/qingdaohf.com\/hu\/termek\/szegecs-nelkuli-horgonylanc\/","og_site_name":"Concrete Form &amp; Rigging Hardware Supplier","article_publisher":"https:\/\/www.facebook.com\/qingdaohf","article_modified_time":"2025-11-13T01:02:54+00:00","og_image":[{"width":1000,"height":1000,"url":"https:\/\/qingdaohf.com\/wp-content\/uploads\/2024\/10\/marine-studless-chain_\u526f\u672c.jpg","type":"image\/jpeg"}],"twitter_card":"summary_large_image","twitter_misc":{"Becs\u00fclt olvas\u00e1si id\u0151":"5 perc"},"schema":{"@context":"https:\/\/schema.org","@graph":[{"@type":"WebPage","@id":"https:\/\/qingdaohf.com\/product\/studless-anchor-chain\/","url":"https:\/\/qingdaohf.com\/product\/studless-anchor-chain\/","name":"Studless Anchor Chain","isPartOf":{"@id":"https:\/\/qingdaohf.com\/bg\/#website"},"primaryImageOfPage":{"@id":"https:\/\/qingdaohf.com\/product\/studless-anchor-chain\/#primaryimage"},"image":{"@id":"https:\/\/qingdaohf.com\/product\/studless-anchor-chain\/#primaryimage"},"thumbnailUrl":"https:\/\/qingdaohf.com\/wp-content\/uploads\/2024\/10\/marine-studless-chain_\u526f\u672c.jpg","datePublished":"2024-10-29T08:45:43+00:00","dateModified":"2025-11-13T01:02:54+00:00","description":"Studless anchor chains are a dependable choice for heavy-duty mooring and anchoring, known for their robust structure and resistance to wear in demanding marine conditions.","breadcrumb":{"@id":"https:\/\/qingdaohf.com\/product\/studless-anchor-chain\/#breadcrumb"},"inLanguage":"hu","potentialAction":[{"@type":"ReadAction","target":["https:\/\/qingdaohf.com\/product\/studless-anchor-chain\/"]}]},{"@type":"ImageObject","inLanguage":"hu","@id":"https:\/\/qingdaohf.com\/product\/studless-anchor-chain\/#primaryimage","url":"https:\/\/qingdaohf.com\/wp-content\/uploads\/2024\/10\/marine-studless-chain_\u526f\u672c.jpg","contentUrl":"https:\/\/qingdaohf.com\/wp-content\/uploads\/2024\/10\/marine-studless-chain_\u526f\u672c.jpg","width":1000,"height":1000,"caption":"studless chain"},{"@type":"BreadcrumbList","@id":"https:\/\/qingdaohf.com\/product\/studless-anchor-chain\/#breadcrumb","itemListElement":[{"@type":"ListItem","position":1,"name":"Home","item":"https:\/\/qingdaohf.com\/"},{"@type":"ListItem","position":2,"name":"Concrete Forming Accessories and Rigging Hardware","item":"https:\/\/qingdaohf.com\/bg\/?page_id=944"},{"@type":"ListItem","position":3,"name":"Studless Anchor Chain"}]},{"@type":"WebSite","@id":"https:\/\/qingdaohf.com\/bg\/#website","url":"https:\/\/qingdaohf.com\/bg\/","name":"Concrete Form & Rigging Hardware Supplier","description":"","publisher":{"@id":"https:\/\/qingdaohf.com\/bg\/#organization"},"potentialAction":[{"@type":"SearchAction","target":{"@type":"EntryPoint","urlTemplate":"https:\/\/qingdaohf.com\/bg\/?s={search_term_string}"},"query-input":{"@type":"PropertyValueSpecification","valueRequired":true,"valueName":"search_term_string"}}],"inLanguage":"hu"},{"@type":"Organization","@id":"https:\/\/qingdaohf.com\/bg\/#organization","name":"Qingdao H&F","url":"https:\/\/qingdaohf.com\/bg\/","logo":{"@type":"ImageObject","inLanguage":"hu","@id":"https:\/\/qingdaohf.com\/bg\/#\/schema\/logo\/image\/","url":"https:\/\/qingdaohf.com\/wp-content\/uploads\/2022\/12\/cropped-HF-LOGO.png","contentUrl":"https:\/\/qingdaohf.com\/wp-content\/uploads\/2022\/12\/cropped-HF-LOGO.png","width":391,"height":249,"caption":"Qingdao H&F"},"image":{"@id":"https:\/\/qingdaohf.com\/bg\/#\/schema\/logo\/image\/"},"sameAs":["https:\/\/www.facebook.com\/qingdaohf"]}]}},"_links":{"self":[{"href":"https:\/\/qingdaohf.com\/hu\/wp-json\/wp\/v2\/product\/8178","targetHints":{"allow":["GET"]}}],"collection":[{"href":"https:\/\/qingdaohf.com\/hu\/wp-json\/wp\/v2\/product"}],"about":[{"href":"https:\/\/qingdaohf.com\/hu\/wp-json\/wp\/v2\/types\/product"}],"replies":[{"embeddable":true,"href":"https:\/\/qingdaohf.com\/hu\/wp-json\/wp\/v2\/comments?post=8178"}],"version-history":[{"count":1,"href":"https:\/\/qingdaohf.com\/hu\/wp-json\/wp\/v2\/product\/8178\/revisions"}],"predecessor-version":[{"id":8180,"href":"https:\/\/qingdaohf.com\/hu\/wp-json\/wp\/v2\/product\/8178\/revisions\/8180"}],"wp:featuredmedia":[{"embeddable":true,"href":"https:\/\/qingdaohf.com\/hu\/wp-json\/wp\/v2\/media\/8171"}],"wp:attachment":[{"href":"https:\/\/qingdaohf.com\/hu\/wp-json\/wp\/v2\/media?parent=8178"}],"wp:term":[{"taxonomy":"product_brand","embeddable":true,"href":"https:\/\/qingdaohf.com\/hu\/wp-json\/wp\/v2\/product_brand?post=8178"},{"taxonomy":"product_cat","embeddable":true,"href":"https:\/\/qingdaohf.com\/hu\/wp-json\/wp\/v2\/product_cat?post=8178"},{"taxonomy":"product_tag","embeddable":true,"href":"https:\/\/qingdaohf.com\/hu\/wp-json\/wp\/v2\/product_tag?post=8178"}],"curies":[{"name":"wp","href":"https:\/\/api.w.org\/{rel}","templated":true}]}}