{"id":8181,"date":"2024-10-29T16:52:37","date_gmt":"2024-10-29T08:52:37","guid":{"rendered":"http:\/\/qingdaohf.com\/?post_type=product&#038;p=8181"},"modified":"2025-11-13T09:02:54","modified_gmt":"2025-11-13T01:02:54","slug":"stud-link-chain","status":"publish","type":"product","link":"https:\/\/qingdaohf.com\/hu\/termek\/szegecses-lanc\/","title":{"rendered":"Stud Link horgonyl\u00e1nc"},"content":{"rendered":"<p><img fetchpriority=\"high\" decoding=\"async\" class=\"alignnone size-full wp-image-8170\" src=\"http:\/\/qingdaohf.com\/wp-content\/uploads\/2024\/10\/stud-link-anchor-chain_2.webp\" alt=\"szegecses horgonyl\u00e1nc\" width=\"842\" height=\"1091\" srcset=\"https:\/\/qingdaohf.com\/wp-content\/uploads\/2024\/10\/stud-link-anchor-chain_2.webp 842w, https:\/\/qingdaohf.com\/wp-content\/uploads\/2024\/10\/stud-link-anchor-chain_2-232x300.webp 232w, https:\/\/qingdaohf.com\/wp-content\/uploads\/2024\/10\/stud-link-anchor-chain_2-790x1024.webp 790w, https:\/\/qingdaohf.com\/wp-content\/uploads\/2024\/10\/stud-link-anchor-chain_2-768x995.webp 768w, https:\/\/qingdaohf.com\/wp-content\/uploads\/2024\/10\/stud-link-anchor-chain_2-9x12.webp 9w\" sizes=\"(max-width: 842px) 100vw, 842px\" \/><\/p>\n<p>Az ipari, tengeri \u00e9s tengeri k\u00f6rnyezetben a Stud Link l\u00e1ncok megb\u00edzhat\u00f3k tart\u00f3ss\u00e1guk \u00e9s teherb\u00edr\u00f3 k\u00e9pess\u00e9g\u00fck miatt, ami ide\u00e1lis horgonyz\u00e1si, kik\u00f6t\u00e9si \u00e9s k\u00fcl\u00f6nb\u00f6z\u0151 neh\u00e9z emel\u00e9si alkalmaz\u00e1sokhoz. Ezek a l\u00e1ncok \u00f6sszekapcsolt l\u00e1ncszemekb\u0151l \u00e1llnak, amelyeknek az egyes l\u00e1ncszemek belsej\u00e9ben szegecsek vannak elhelyezve, ami olyan szerkezeti stabilit\u00e1st k\u00f6lcs\u00f6n\u00f6z, amely seg\u00edt megel\u0151zni a jelent\u0151s terhel\u00e9s alatti deform\u00e1ci\u00f3t. A l\u00e1nc kiv\u00e1laszt\u00e1sakor a v\u00e1s\u00e1rl\u00f3knak olyan specifik\u00e1ci\u00f3kra kell \u00f6sszpontos\u00edtaniuk, mint az \u00e1tm\u00e9r\u0151, a pr\u00f3baterhel\u00e9s \u00e9s az \u00e1ltal\u00e1nos anyagmin\u0151s\u00e9g, mivel ezek a t\u00e9nyez\u0151k k\u00f6zvetlen\u00fcl befoly\u00e1solj\u00e1k a biztons\u00e1got \u00e9s a teljes\u00edtm\u00e9nyt.<\/p>\n<p>A megfelel\u0151 csapszeges l\u00e1nc kiv\u00e1laszt\u00e1s\u00e1nak fontoss\u00e1ga t\u00falmutat az \u00e1ltal\u00e1nos alkalmaz\u00e1son; minden l\u00e1nc specifik\u00e1ci\u00f3j\u00e1nak meg kell felelnie az ipari k\u00f6vetelm\u00e9nyeknek \u00e9s a v\u00e1rhat\u00f3 terhel\u00e9si k\u00f6r\u00fclm\u00e9nyeknek. P\u00e9ld\u00e1ul a l\u00e1ncszemek \u00e1tm\u00e9r\u0151je, amely \u00e1ltal\u00e1ban h\u00fcvelykes m\u00e9retben kaphat\u00f3, d\u00f6nt\u0151 szerepet j\u00e1tszik a l\u00e1nc szil\u00e1rds\u00e1g\u00e1nak \u00e9s k\u00fcl\u00f6nb\u00f6z\u0151 felhaszn\u00e1l\u00e1si c\u00e9lokra val\u00f3 alkalmass\u00e1g\u00e1nak meghat\u00e1roz\u00e1s\u00e1ban. A nemzetk\u00f6zi szabv\u00e1nyoknak, p\u00e9ld\u00e1ul az ISO 1704 \u00e9s az IACS el\u0151\u00edr\u00e1soknak megfelel\u0151 l\u00e1ncok biztos\u00edt\u00e9kot ny\u00fajtanak a v\u00e1s\u00e1rl\u00f3knak arra, hogy e term\u00e9kek min\u0151s\u00e9g\u00e9t \u00e9s rugalmass\u00e1g\u00e1t szigor\u00faan tesztelt\u00e9k. A Qingdao H&amp;F-n\u00e9l felismerj\u00fck a nagy teljes\u00edtm\u00e9ny\u0171 term\u00e9kek \u00e9s a megb\u00edzhat\u00f3 szolg\u00e1ltat\u00e1s ir\u00e1nti ig\u00e9nyt, ez\u00e9rt minden l\u00e1ncot r\u00e9szletes min\u0151s\u00e9gellen\u0151rz\u00e9si jelent\u00e9sekkel k\u00eds\u00e9r\u00fcnk, bele\u00e9rtve a pr\u00f3baterhel\u00e9st, a szak\u00edt\u00f3terhel\u00e9st \u00e9s az anyag\u00f6sszet\u00e9telt. A biztons\u00e1gra \u00e9s a hat\u00e9konys\u00e1gra \u00f6sszpontos\u00edtva, szegecses l\u00e1ncaink biztos\u00edtj\u00e1k a kih\u00edv\u00e1sokkal teli k\u00f6rnyezetben a m\u0171k\u00f6d\u00e9s biztons\u00e1g\u00e1hoz sz\u00fcks\u00e9ges bizalmat.<\/p>\n<h3><strong>A csapszeges l\u00e1ncok szil\u00e1rds\u00e1ga \u00e9s tart\u00f3ss\u00e1ga<\/strong><\/h3>\n<p>A Stud Link l\u00e1ncok kiv\u00e1l\u00f3 min\u0151s\u00e9g\u0171 ac\u00e9lb\u00f3l k\u00e9sz\u00fclnek, ami kiv\u00e9teles szak\u00edt\u00f3szil\u00e1rds\u00e1got \u00e9s korr\u00f3zi\u00f3\u00e1ll\u00f3s\u00e1got biztos\u00edt sz\u00e1mukra - k\u00e9t kritikus tulajdons\u00e1got a tengeri \u00e9s neh\u00e9zipari alkalmaz\u00e1sokban. Az egyes l\u00e1ncszemekben tal\u00e1lhat\u00f3 csap megakad\u00e1lyozza a l\u00e1nc deform\u00e1l\u00f3d\u00e1s\u00e1t az\u00e1ltal, hogy a l\u00e1nc \u00e1ltal\u00e1nos alakj\u00e1t m\u00e9g a nagy terhel\u00e9s s\u00falya alatt is megtartja. Ez a tervez\u00e9si jellemz\u0151 seg\u00edt a hajl\u00edt\u00f3fesz\u00fclts\u00e9g m\u00e9rs\u00e9kl\u00e9s\u00e9ben is, ami gyakori probl\u00e9ma a nagy ig\u00e9nybev\u00e9telnek kitett alkalmaz\u00e1sokban, ez\u00e1ltal meghosszabb\u00edtva a l\u00e1nc \u00e9lettartam\u00e1t.<\/p>\n<p>Minden egyes l\u00e1ncszem gondosan \u00fagy van kialak\u00edtva, hogy a terhel\u00e9st deform\u00e1ci\u00f3 vagy f\u00e1rad\u00e1s n\u00e9lk\u00fcl viselje el, \u00edgy a csapszeges l\u00e1ncok k\u00fcl\u00f6n\u00f6sen \u00e9rt\u00e9kesek a tengeri alkalmaz\u00e1sokban, ahol a stabilit\u00e1s \u00e9s az er\u0151 d\u00f6nt\u0151 fontoss\u00e1g\u00fa. A nagyobb \u00e1tm\u00e9r\u0151j\u0171 l\u00e1ncok nagyobb pr\u00f3baterhel\u00e9st biztos\u00edtanak, ami azt jelenti, hogy jelent\u0151s s\u00falyt k\u00e9pesek elviselni enged\u00e9s n\u00e9lk\u00fcl, \u00edgy ide\u00e1lisak kik\u00f6t\u00e9si rendszerekhez \u00e9s horgonyl\u00e1ncokhoz.<\/p>\n<p>A Qingdao H&amp;F-n\u00e9l a min\u0151s\u00e9g ir\u00e1nti elk\u00f6telezetts\u00e9g\u00fcnk szigor\u00fa tesztel\u00e9si folyamatot foglal mag\u00e1ban, ahol a l\u00e1ncokat a sz\u00e1ll\u00edt\u00e1s el\u0151tt pr\u00f3baterhel\u00e9snek \u00e9s szak\u00edt\u00f3szil\u00e1rds\u00e1g-\u00e9rt\u00e9kel\u00e9snek vetj\u00fck al\u00e1. Ez a gyakorlat biztos\u00edtja, hogy minden egyes term\u00e9k megfelel a k\u00f6vetelm\u00e9nyeknek \u00e9s ellen\u00e1ll az ipari felhaszn\u00e1l\u00e1s kih\u00edv\u00e1st jelent\u0151 k\u00f6r\u00fclm\u00e9nyeinek. Egy\u00e9ni \u00fcgyf\u00e9lszolg\u00e1lati megk\u00f6zel\u00edt\u00e9s\u00fcnk azt is jelenti, hogy a v\u00e1s\u00e1rl\u00f3k szak\u00e9rt\u0151i \u00fatmutat\u00e1st kapnak a megfelel\u0151 l\u00e1ncm\u00e9ret \u00e9s specifik\u00e1ci\u00f3k kiv\u00e1laszt\u00e1s\u00e1hoz az egyedi ig\u00e9nyek alapj\u00e1n, biztos\u00edtva, hogy minden v\u00e1s\u00e1rl\u00e1s megalapozottan t\u00f6rt\u00e9njen.<\/p>\n<h3><strong>Alkalmaz\u00e1sok \u00e9s v\u00e1s\u00e1rl\u00f3i megfontol\u00e1sok a csapszeges l\u00e1ncok eset\u00e9ben<\/strong><\/h3>\n<p>A csapszeges l\u00e1ncokat leggyakrabban tengeri alkalmaz\u00e1sokban alkalmazz\u00e1k, k\u00fcl\u00f6n\u00f6sen horgony- \u00e9s kik\u00f6t\u0151l\u00e1ncokk\u00e9nt, mivel k\u00e9pesek ellen\u00e1llni a tengerv\u00edznek val\u00f3 tart\u00f3s kitetts\u00e9gnek \u00e9s a durva kezel\u00e9snek. A tengeri felhaszn\u00e1l\u00e1s mellett ezek a l\u00e1ncok az \u00e9p\u00edt\u0151iparban, a b\u00e1ny\u00e1szatban \u00e9s az ipari g\u00e9pekben is alkalmaz\u00e1sra ker\u00fclnek, ahol a neh\u00e9z terheket a lehet\u0151 legnagyobb megb\u00edzhat\u00f3s\u00e1ggal kell r\u00f6gz\u00edteni \u00e9s kezelni. A l\u00e1nc \u00e1tm\u00e9r\u0151j\u00e9nek, a csapkialak\u00edt\u00e1snak \u00e9s az anyagoknak a megv\u00e1laszt\u00e1sa azonban d\u00f6nt\u0151 fontoss\u00e1g\u00fa az egyes ipar\u00e1gak saj\u00e1tos ig\u00e9nyeinek kiel\u00e9g\u00edt\u00e9se szempontj\u00e1b\u00f3l.<\/p>\n<p>A Stud Link l\u00e1ncok kiv\u00e1laszt\u00e1sakor a v\u00e1s\u00e1rl\u00f3k t\u00f6bb, a teljes\u00edtm\u00e9nnyel kapcsolatos tulajdons\u00e1got helyeznek el\u0151t\u00e9rbe. Az els\u0151 az anyag szil\u00e1rds\u00e1ga: A nagy szak\u00edt\u00f3szil\u00e1rds\u00e1g\u00fa ac\u00e9l biztos\u00edtja a tengeri alkalmaz\u00e1sokhoz sz\u00fcks\u00e9ges tart\u00f3ss\u00e1got, m\u00edg az \u00f6tv\u00f6z\u00f6tt ac\u00e9l el\u0151nyben r\u00e9szes\u00edthet\u0151 a konstrukci\u00f3ban a nagyobb szil\u00e1rds\u00e1g\/t\u00f6meg ar\u00e1ny miatt. M\u00e1sodszor, a korr\u00f3zi\u00f3\u00e1ll\u00f3s\u00e1g kritikuss\u00e1 v\u00e1lik s\u00f3svizes k\u00f6rnyezetben, mivel az anyagmin\u0151s\u00e9gben val\u00f3 b\u00e1rmilyen kompromisszum a l\u00e1nc korai degrad\u00e1ci\u00f3j\u00e1hoz \u00e9s biztons\u00e1gi kock\u00e1zatokhoz vezethet. A v\u00e1s\u00e1rl\u00f3knak figyelembe kell venni\u00fck a l\u00e1nc pr\u00f3baterhel\u00e9si besorol\u00e1s\u00e1t is, hogy megbirk\u00f3zzon a m\u0171veletek sor\u00e1n elv\u00e1rt konkr\u00e9t s\u00falyterhel\u00e9sekkel.<\/p>\n<p>A Qingdao H&amp;F gyors sz\u00e1ll\u00edt\u00e1si ciklusai lehet\u0151v\u00e9 teszik a v\u00e1llalkoz\u00e1sok sz\u00e1m\u00e1ra, hogy t\u00falzott le\u00e1ll\u00e1sok n\u00e9lk\u00fcl, zavartalanul m\u0171k\u00f6dhessenek. Ezenk\u00edv\u00fcl r\u00e9szletes vizsg\u00e1lati jelent\u00e9seket k\u00edn\u00e1lunk, \u00edgy \u00fcgyfeleinknek a sz\u00e1ll\u00edt\u00e1s el\u0151tt vil\u00e1gos k\u00e9pet kapnak az egyes l\u00e1ncok min\u0151s\u00e9gi param\u00e9tereir\u0151l. Az \u00e1tl\u00e1that\u00f3s\u00e1g ezen szintj\u00e9nek k\u00f6sz\u00f6nhet\u0151en a v\u00e1s\u00e1rl\u00f3k b\u00edzhatnak abban, hogy l\u00e1ncaink nemcsak az ipar\u00e1gi szabv\u00e1nyoknak, hanem az egyes alkalmaz\u00e1sok egyedi k\u00f6vetelm\u00e9nyeinek is megfelelnek, legyen sz\u00f3 tengeri f\u00far\u00f3tornyokr\u00f3l, ipari emel\u00e9sr\u0151l vagy kik\u00f6t\u0151i \u00e9s kik\u00f6t\u0151i m\u0171veletekr\u0151l.<\/p>\n<h3><strong>K\u00f6vetkeztet\u00e9s: Mi\u00e9rt v\u00e1lasszuk a Qingdao H&amp;F Stud Link l\u00e1ncokat?<\/strong><\/h3>\n<p>A szegecses l\u00e1nc kiv\u00e1laszt\u00e1sa a biztons\u00e1g \u00e9s a funkcionalit\u00e1s szempontj\u00e1b\u00f3l fontos d\u00f6nt\u00e9s, mivel ezeknek a l\u00e1ncoknak ellen kell \u00e1llniuk a sz\u00e9ls\u0151s\u00e9ges terhel\u00e9seknek \u00e9s a kih\u00edv\u00e1st jelent\u0151 k\u00f6rnyezetnek. A Qingdao H&amp;F-n\u00e9l a kiv\u00e1l\u00f3 min\u0151s\u00e9g\u0171 l\u00e1ncok egyszer\u0171 sz\u00e1ll\u00edt\u00e1s\u00e1n t\u00falmen\u0151en \u00e1tfog\u00f3 szolg\u00e1ltat\u00e1si \u00e9lm\u00e9nyt ny\u00fajtunk, amely mag\u00e1ban foglalja a szak\u00e9rt\u0151i tan\u00e1csad\u00e1st, a gyors sz\u00e1ll\u00edt\u00e1st \u00e9s a term\u00e9k \u00e1tl\u00e1that\u00f3s\u00e1g\u00e1t az ellen\u0151rz\u00e9si jelent\u00e9seken kereszt\u00fcl. Minden egyes l\u00e1ncunk megfelel a szigor\u00fa vizsg\u00e1lati szabv\u00e1nyoknak, \u00edgy biztos\u00edtva v\u00e1s\u00e1rl\u00f3inkat a min\u0151s\u00e9gr\u0151l \u00e9s a tart\u00f3ss\u00e1gr\u00f3l minden egyes v\u00e1s\u00e1rl\u00e1skor.<\/p>\n<p>A szem\u00e9lyes \u00fcgyf\u00e9lkiszolg\u00e1l\u00e1s ir\u00e1nti elk\u00f6telezetts\u00e9g\u00fcnk azt jelenti, hogy a term\u00e9kv\u00e1laszt\u00e1st\u00f3l az elad\u00e1s ut\u00e1ni \u00e9rdekl\u0151d\u00e9sig minden szakaszban t\u00e1mogatjuk \u00fcgyfeleinket, biztos\u00edtva a lehet\u0151 legjobb v\u00e1s\u00e1rl\u00e1si \u00e9lm\u00e9nyt. Ak\u00e1r tengeri k\u00f6rnyezetben, ipari emel\u00e9sben vagy m\u00e1s nagy terhel\u00e9s\u0171 k\u00f6rnyezetben haszn\u00e1lj\u00e1k, a Qingdao H&amp;F csapszeges l\u00e1ncai nem csak a min\u0151s\u00e9get, hanem a megb\u00edzhat\u00f3s\u00e1got \u00e9s a t\u00e1mogat\u00e1st is biztos\u00edtj\u00e1k, amelyre minden v\u00e1llalkoz\u00e1snak sz\u00fcks\u00e9ge van a sikerhez.<\/p>","protected":false},"excerpt":{"rendered":"<p>A szegecses l\u00e1nc er\u0151s szil\u00e1rds\u00e1got \u00e9s stabilit\u00e1st biztos\u00edt, ide\u00e1lis a nagy ig\u00e9nybev\u00e9tel\u0171 alkalmaz\u00e1sokhoz, ahol a tart\u00f3ss\u00e1g \u00e9s a megb\u00edzhat\u00f3s\u00e1g a legfontosabb. A v\u00e1s\u00e1rl\u00f3k gyakran olyan t\u00e9nyez\u0151ket helyeznek el\u0151t\u00e9rbe, mint az anyagmin\u0151s\u00e9g, a teherb\u00edr\u00f3 k\u00e9pess\u00e9g \u00e9s a zord k\u00f6rnyezetnek val\u00f3 ellen\u00e1ll\u00e1s, amikor egy csapszeges l\u00e1ncot v\u00e1lasztanak. A Qingdao H&amp;F-n\u00e9l priorit\u00e1sk\u00e9nt kezelj\u00fck ezeket az ig\u00e9nyeket az\u00e1ltal, hogy minden l\u00e1nc megfelel a szigor\u00fa min\u0151s\u00e9gi szabv\u00e1nyoknak, \u00e9s r\u00e9szletes vizsg\u00e1lati jelent\u00e9seket biztos\u00edtunk, bele\u00e9rtve a pr\u00f3baterhel\u00e9si \u00e9s szak\u00edt\u00f3szil\u00e1rds\u00e1gi adatokat. Egy szem\u00e9lyre szabott \u00fcgyf\u00e9lszolg\u00e1lati megk\u00f6zel\u00edt\u00e9s\u00fcnkkel \u00e9s hat\u00e9kony sz\u00e1ll\u00edt\u00e1si ciklusunkkal nem csup\u00e1n term\u00e9keket, hanem megb\u00edzhat\u00f3 megold\u00e1sokat k\u00edn\u00e1lunk, amelyek z\u00f6kken\u0151mentesebb \u00e9s biztons\u00e1gosabb m\u0171k\u00f6d\u00e9st tesznek lehet\u0151v\u00e9 v\u00e1llalkoz\u00e1sa sz\u00e1m\u00e1ra.<\/p>","protected":false},"featured_media":4678,"comment_status":"open","ping_status":"closed","template":"","meta":{"site-sidebar-layout":"default","site-content-layout":"","ast-site-content-layout":"default","site-content-style":"default","site-sidebar-style":"default","ast-global-header-display":"","ast-banner-title-visibility":"","ast-main-header-display":"","ast-hfb-above-header-display":"","ast-hfb-below-header-display":"","ast-hfb-mobile-header-display":"","site-post-title":"","ast-breadcrumbs-content":"","ast-featured-img":"","footer-sml-layout":"","theme-transparent-header-meta":"default","adv-header-id-meta":"","stick-header-meta":"default","header-above-stick-meta":"","header-main-stick-meta":"","header-below-stick-meta":"","astra-migrate-meta-layouts":"set","ast-page-background-enabled":"default","ast-page-background-meta":{"desktop":{"background-color":"","background-image":"","background-repeat":"repeat","background-position":"center center","background-size":"auto","background-attachment":"scroll","background-type":"","background-media":"","overlay-type":"","overlay-color":"","overlay-opacity":"","overlay-gradient":""},"tablet":{"background-color":"","background-image":"","background-repeat":"repeat","background-position":"center center","background-size":"auto","background-attachment":"scroll","background-type":"","background-media":"","overlay-type":"","overlay-color":"","overlay-opacity":"","overlay-gradient":""},"mobile":{"background-color":"","background-image":"","background-repeat":"repeat","background-position":"center center","background-size":"auto","background-attachment":"scroll","background-type":"","background-media":"","overlay-type":"","overlay-color":"","overlay-opacity":"","overlay-gradient":""}},"ast-content-background-meta":{"desktop":{"background-color":"var(--ast-global-color-5)","background-image":"","background-repeat":"repeat","background-position":"center center","background-size":"auto","background-attachment":"scroll","background-type":"","background-media":"","overlay-type":"","overlay-color":"","overlay-opacity":"","overlay-gradient":""},"tablet":{"background-color":"var(--ast-global-color-5)","background-image":"","background-repeat":"repeat","background-position":"center center","background-size":"auto","background-attachment":"scroll","background-type":"","background-media":"","overlay-type":"","overlay-color":"","overlay-opacity":"","overlay-gradient":""},"mobile":{"background-color":"var(--ast-global-color-5)","background-image":"","background-repeat":"repeat","background-position":"center center","background-size":"auto","background-attachment":"scroll","background-type":"","background-media":"","overlay-type":"","overlay-color":"","overlay-opacity":"","overlay-gradient":""}}},"product_brand":[],"product_cat":[38],"product_tag":[],"class_list":{"0":"post-8181","1":"product","2":"type-product","3":"status-publish","4":"has-post-thumbnail","6":"product_cat-chain","7":"desktop-align-left","8":"tablet-align-left","9":"mobile-align-left","10":"ast-product-gallery-layout-horizontal-slider","11":"ast-product-tabs-layout-horizontal","13":"first","14":"instock","15":"shipping-taxable","16":"purchasable","17":"product-type-simple"},"yoast_head":"<!-- This site is optimized with the Yoast SEO plugin v25.2 - https:\/\/yoast.com\/wordpress\/plugins\/seo\/ -->\n<title>Stud Link Anchor Chain<\/title>\n<meta name=\"robots\" content=\"index, follow, max-snippet:-1, max-image-preview:large, max-video-preview:-1\" \/>\n<link rel=\"canonical\" href=\"https:\/\/qingdaohf.com\/hu\/termek\/szegecses-lanc\/\" \/>\n<meta property=\"og:locale\" content=\"hu_HU\" \/>\n<meta property=\"og:type\" content=\"article\" \/>\n<meta property=\"og:title\" content=\"Stud Link Anchor Chain\" \/>\n<meta property=\"og:description\" content=\"A Stud Link Chain offers robust strength and stability, ideal for heavy-duty applications where durability and reliability are paramount. Buyers often prioritize factors like material quality, load-bearing capacity, and resistance to harsh environments when selecting a Stud Link Chain. At Qingdao H&amp;F, we prioritize these needs by ensuring every chain meets stringent quality standards and providing detailed inspection reports, including proof load and tensile strength data. With our one-on-one customer service approach and efficient delivery cycle, we deliver not just products but reliable solutions that enable smoother, safer operations for your business.\" \/>\n<meta property=\"og:url\" content=\"https:\/\/qingdaohf.com\/hu\/termek\/szegecses-lanc\/\" \/>\n<meta property=\"og:site_name\" content=\"Concrete Form &amp; Rigging Hardware Supplier\" \/>\n<meta property=\"article:publisher\" content=\"https:\/\/www.facebook.com\/qingdaohf\" \/>\n<meta property=\"article:modified_time\" content=\"2025-11-13T01:02:54+00:00\" \/>\n<meta property=\"og:image\" content=\"https:\/\/qingdaohf.com\/wp-content\/uploads\/2023\/04\/Marine-anchor-chain.jpg\" \/>\n\t<meta property=\"og:image:width\" content=\"1000\" \/>\n\t<meta property=\"og:image:height\" content=\"1000\" \/>\n\t<meta property=\"og:image:type\" content=\"image\/jpeg\" \/>\n<meta name=\"twitter:card\" content=\"summary_large_image\" \/>\n<meta name=\"twitter:label1\" content=\"Becs\u00fclt olvas\u00e1si id\u0151\" \/>\n\t<meta name=\"twitter:data1\" content=\"4 perc\" \/>\n<script type=\"application\/ld+json\" class=\"yoast-schema-graph\">{\"@context\":\"https:\/\/schema.org\",\"@graph\":[{\"@type\":\"WebPage\",\"@id\":\"https:\/\/qingdaohf.com\/product\/stud-link-chain\/\",\"url\":\"https:\/\/qingdaohf.com\/product\/stud-link-chain\/\",\"name\":\"Stud Link Anchor Chain\",\"isPartOf\":{\"@id\":\"https:\/\/qingdaohf.com\/bg\/#website\"},\"primaryImageOfPage\":{\"@id\":\"https:\/\/qingdaohf.com\/product\/stud-link-chain\/#primaryimage\"},\"image\":{\"@id\":\"https:\/\/qingdaohf.com\/product\/stud-link-chain\/#primaryimage\"},\"thumbnailUrl\":\"https:\/\/qingdaohf.com\/wp-content\/uploads\/2023\/04\/Marine-anchor-chain.jpg\",\"datePublished\":\"2024-10-29T08:52:37+00:00\",\"dateModified\":\"2025-11-13T01:02:54+00:00\",\"breadcrumb\":{\"@id\":\"https:\/\/qingdaohf.com\/product\/stud-link-chain\/#breadcrumb\"},\"inLanguage\":\"hu\",\"potentialAction\":[{\"@type\":\"ReadAction\",\"target\":[\"https:\/\/qingdaohf.com\/product\/stud-link-chain\/\"]}]},{\"@type\":\"ImageObject\",\"inLanguage\":\"hu\",\"@id\":\"https:\/\/qingdaohf.com\/product\/stud-link-chain\/#primaryimage\",\"url\":\"https:\/\/qingdaohf.com\/wp-content\/uploads\/2023\/04\/Marine-anchor-chain.jpg\",\"contentUrl\":\"https:\/\/qingdaohf.com\/wp-content\/uploads\/2023\/04\/Marine-anchor-chain.jpg\",\"width\":1000,\"height\":1000,\"caption\":\"Marine anchor chain\"},{\"@type\":\"BreadcrumbList\",\"@id\":\"https:\/\/qingdaohf.com\/product\/stud-link-chain\/#breadcrumb\",\"itemListElement\":[{\"@type\":\"ListItem\",\"position\":1,\"name\":\"Home\",\"item\":\"https:\/\/qingdaohf.com\/\"},{\"@type\":\"ListItem\",\"position\":2,\"name\":\"Concrete Forming Accessories and Rigging Hardware\",\"item\":\"https:\/\/qingdaohf.com\/bg\/?page_id=944\"},{\"@type\":\"ListItem\",\"position\":3,\"name\":\"Stud Link Anchor Chain\"}]},{\"@type\":\"WebSite\",\"@id\":\"https:\/\/qingdaohf.com\/bg\/#website\",\"url\":\"https:\/\/qingdaohf.com\/bg\/\",\"name\":\"Concrete Form & Rigging Hardware Supplier\",\"description\":\"\",\"publisher\":{\"@id\":\"https:\/\/qingdaohf.com\/bg\/#organization\"},\"potentialAction\":[{\"@type\":\"SearchAction\",\"target\":{\"@type\":\"EntryPoint\",\"urlTemplate\":\"https:\/\/qingdaohf.com\/bg\/?s={search_term_string}\"},\"query-input\":{\"@type\":\"PropertyValueSpecification\",\"valueRequired\":true,\"valueName\":\"search_term_string\"}}],\"inLanguage\":\"hu\"},{\"@type\":\"Organization\",\"@id\":\"https:\/\/qingdaohf.com\/bg\/#organization\",\"name\":\"Qingdao H&F\",\"url\":\"https:\/\/qingdaohf.com\/bg\/\",\"logo\":{\"@type\":\"ImageObject\",\"inLanguage\":\"hu\",\"@id\":\"https:\/\/qingdaohf.com\/bg\/#\/schema\/logo\/image\/\",\"url\":\"https:\/\/qingdaohf.com\/wp-content\/uploads\/2022\/12\/cropped-HF-LOGO.png\",\"contentUrl\":\"https:\/\/qingdaohf.com\/wp-content\/uploads\/2022\/12\/cropped-HF-LOGO.png\",\"width\":391,\"height\":249,\"caption\":\"Qingdao H&F\"},\"image\":{\"@id\":\"https:\/\/qingdaohf.com\/bg\/#\/schema\/logo\/image\/\"},\"sameAs\":[\"https:\/\/www.facebook.com\/qingdaohf\"]}]}<\/script>\n<!-- \/ Yoast SEO plugin. -->","yoast_head_json":{"title":"Stud Link Anchor Chain","robots":{"index":"index","follow":"follow","max-snippet":"max-snippet:-1","max-image-preview":"max-image-preview:large","max-video-preview":"max-video-preview:-1"},"canonical":"https:\/\/qingdaohf.com\/hu\/termek\/szegecses-lanc\/","og_locale":"hu_HU","og_type":"article","og_title":"Stud Link Anchor Chain","og_description":"A Stud Link Chain offers robust strength and stability, ideal for heavy-duty applications where durability and reliability are paramount. Buyers often prioritize factors like material quality, load-bearing capacity, and resistance to harsh environments when selecting a Stud Link Chain. At Qingdao H&amp;F, we prioritize these needs by ensuring every chain meets stringent quality standards and providing detailed inspection reports, including proof load and tensile strength data. With our one-on-one customer service approach and efficient delivery cycle, we deliver not just products but reliable solutions that enable smoother, safer operations for your business.","og_url":"https:\/\/qingdaohf.com\/hu\/termek\/szegecses-lanc\/","og_site_name":"Concrete Form &amp; Rigging Hardware Supplier","article_publisher":"https:\/\/www.facebook.com\/qingdaohf","article_modified_time":"2025-11-13T01:02:54+00:00","og_image":[{"width":1000,"height":1000,"url":"https:\/\/qingdaohf.com\/wp-content\/uploads\/2023\/04\/Marine-anchor-chain.jpg","type":"image\/jpeg"}],"twitter_card":"summary_large_image","twitter_misc":{"Becs\u00fclt olvas\u00e1si id\u0151":"4 perc"},"schema":{"@context":"https:\/\/schema.org","@graph":[{"@type":"WebPage","@id":"https:\/\/qingdaohf.com\/product\/stud-link-chain\/","url":"https:\/\/qingdaohf.com\/product\/stud-link-chain\/","name":"Stud Link Anchor Chain","isPartOf":{"@id":"https:\/\/qingdaohf.com\/bg\/#website"},"primaryImageOfPage":{"@id":"https:\/\/qingdaohf.com\/product\/stud-link-chain\/#primaryimage"},"image":{"@id":"https:\/\/qingdaohf.com\/product\/stud-link-chain\/#primaryimage"},"thumbnailUrl":"https:\/\/qingdaohf.com\/wp-content\/uploads\/2023\/04\/Marine-anchor-chain.jpg","datePublished":"2024-10-29T08:52:37+00:00","dateModified":"2025-11-13T01:02:54+00:00","breadcrumb":{"@id":"https:\/\/qingdaohf.com\/product\/stud-link-chain\/#breadcrumb"},"inLanguage":"hu","potentialAction":[{"@type":"ReadAction","target":["https:\/\/qingdaohf.com\/product\/stud-link-chain\/"]}]},{"@type":"ImageObject","inLanguage":"hu","@id":"https:\/\/qingdaohf.com\/product\/stud-link-chain\/#primaryimage","url":"https:\/\/qingdaohf.com\/wp-content\/uploads\/2023\/04\/Marine-anchor-chain.jpg","contentUrl":"https:\/\/qingdaohf.com\/wp-content\/uploads\/2023\/04\/Marine-anchor-chain.jpg","width":1000,"height":1000,"caption":"Marine anchor chain"},{"@type":"BreadcrumbList","@id":"https:\/\/qingdaohf.com\/product\/stud-link-chain\/#breadcrumb","itemListElement":[{"@type":"ListItem","position":1,"name":"Home","item":"https:\/\/qingdaohf.com\/"},{"@type":"ListItem","position":2,"name":"Concrete Forming Accessories and Rigging Hardware","item":"https:\/\/qingdaohf.com\/bg\/?page_id=944"},{"@type":"ListItem","position":3,"name":"Stud Link Anchor Chain"}]},{"@type":"WebSite","@id":"https:\/\/qingdaohf.com\/bg\/#website","url":"https:\/\/qingdaohf.com\/bg\/","name":"Concrete Form & Rigging Hardware Supplier","description":"","publisher":{"@id":"https:\/\/qingdaohf.com\/bg\/#organization"},"potentialAction":[{"@type":"SearchAction","target":{"@type":"EntryPoint","urlTemplate":"https:\/\/qingdaohf.com\/bg\/?s={search_term_string}"},"query-input":{"@type":"PropertyValueSpecification","valueRequired":true,"valueName":"search_term_string"}}],"inLanguage":"hu"},{"@type":"Organization","@id":"https:\/\/qingdaohf.com\/bg\/#organization","name":"Qingdao H&F","url":"https:\/\/qingdaohf.com\/bg\/","logo":{"@type":"ImageObject","inLanguage":"hu","@id":"https:\/\/qingdaohf.com\/bg\/#\/schema\/logo\/image\/","url":"https:\/\/qingdaohf.com\/wp-content\/uploads\/2022\/12\/cropped-HF-LOGO.png","contentUrl":"https:\/\/qingdaohf.com\/wp-content\/uploads\/2022\/12\/cropped-HF-LOGO.png","width":391,"height":249,"caption":"Qingdao H&F"},"image":{"@id":"https:\/\/qingdaohf.com\/bg\/#\/schema\/logo\/image\/"},"sameAs":["https:\/\/www.facebook.com\/qingdaohf"]}]}},"_links":{"self":[{"href":"https:\/\/qingdaohf.com\/hu\/wp-json\/wp\/v2\/product\/8181","targetHints":{"allow":["GET"]}}],"collection":[{"href":"https:\/\/qingdaohf.com\/hu\/wp-json\/wp\/v2\/product"}],"about":[{"href":"https:\/\/qingdaohf.com\/hu\/wp-json\/wp\/v2\/types\/product"}],"replies":[{"embeddable":true,"href":"https:\/\/qingdaohf.com\/hu\/wp-json\/wp\/v2\/comments?post=8181"}],"version-history":[{"count":2,"href":"https:\/\/qingdaohf.com\/hu\/wp-json\/wp\/v2\/product\/8181\/revisions"}],"predecessor-version":[{"id":8341,"href":"https:\/\/qingdaohf.com\/hu\/wp-json\/wp\/v2\/product\/8181\/revisions\/8341"}],"wp:featuredmedia":[{"embeddable":true,"href":"https:\/\/qingdaohf.com\/hu\/wp-json\/wp\/v2\/media\/4678"}],"wp:attachment":[{"href":"https:\/\/qingdaohf.com\/hu\/wp-json\/wp\/v2\/media?parent=8181"}],"wp:term":[{"taxonomy":"product_brand","embeddable":true,"href":"https:\/\/qingdaohf.com\/hu\/wp-json\/wp\/v2\/product_brand?post=8181"},{"taxonomy":"product_cat","embeddable":true,"href":"https:\/\/qingdaohf.com\/hu\/wp-json\/wp\/v2\/product_cat?post=8181"},{"taxonomy":"product_tag","embeddable":true,"href":"https:\/\/qingdaohf.com\/hu\/wp-json\/wp\/v2\/product_tag?post=8181"}],"curies":[{"name":"wp","href":"https:\/\/api.w.org\/{rel}","templated":true}]}}