{"id":8189,"date":"2024-11-05T13:59:31","date_gmt":"2024-11-05T05:59:31","guid":{"rendered":"http:\/\/qingdaohf.com\/?post_type=product&#038;p=8189"},"modified":"2025-11-13T09:02:54","modified_gmt":"2025-11-13T01:02:54","slug":"webbing-sling-1-ton","status":"publish","type":"product","link":"https:\/\/qingdaohf.com\/hu\/termek\/heveder-heveder-1-tonna\/","title":{"rendered":"Lapos heveder heveder 1 tonna poli\u00e9szter dupla duplex"},"content":{"rendered":"<h3><strong>Megb\u00edzhat\u00f3 \u00e9s sokoldal\u00fa 1 tonn\u00e1s heveder a biztons\u00e1gos \u00e9s hat\u00e9kony emel\u00e9shez<\/strong><\/h3>\n<p>A hevederek n\u00e9lk\u00fcl\u00f6zhetetlenek az emel\u00e9sre \u00e9s anyagmozgat\u00e1sra \u00e9p\u00fcl\u0151 ipar\u00e1gakban. Ezek k\u00f6z\u00fcl az 1 tonn\u00e1s hevedereket nagyra \u00e9rt\u00e9kelik a k\u00f6zepes terhek biztons\u00e1gos \u00e9s hat\u00e9kony kezel\u00e9s\u00e9nek k\u00e9pess\u00e9g\u00e9\u00e9rt. A kiv\u00e1l\u00f3 min\u0151s\u00e9g\u0171 szintetikus sz\u00e1lakb\u00f3l k\u00e9sz\u00fclt hevederek e t\u00edpus\u00e1t k\u00fcl\u00f6n\u00f6sen nagyra \u00e9rt\u00e9kelik az er\u0151, a tart\u00f3ss\u00e1g \u00e9s az alkalmazkod\u00f3k\u00e9pess\u00e9g kombin\u00e1ci\u00f3ja miatt. Az 1 tonn\u00e1s hevederek az \u00e9p\u00edtkez\u00e9seken \u00e9s a rakt\u00e1rakban is k\u00f6nnyed\u00e9n \u00e9s megb\u00edzhat\u00f3an megfelelnek a k\u00fcl\u00f6nb\u00f6z\u0151 emel\u00e9si k\u00f6vetelm\u00e9nyeknek.<\/p>\n<p>Az 1 tonn\u00e1s heveder hevederek kialak\u00edt\u00e1s\u00e1t kifejezetten optimaliz\u00e1lt\u00e1k a teherb\u00edr\u00f3 er\u0151 \u00e9s a rugalmass\u00e1g kiegyens\u00falyoz\u00e1s\u00e1ra. Ez az egyens\u00faly lehet\u0151v\u00e9 teszi a terhek biztons\u00e1gos r\u00f6gz\u00edt\u00e9s\u00e9t, m\u00e9g kih\u00edv\u00e1st jelent\u0151 k\u00f6r\u00fclm\u00e9nyek k\u00f6z\u00f6tt is. Az olyan kulcsfontoss\u00e1g\u00fa szempontok, mint a szak\u00edt\u00f3szil\u00e1rds\u00e1g, a terhel\u00e9s alatti ny\u00fal\u00e1s \u00e9s az UV-ellen\u00e1ll\u00e1s, szerves r\u00e9sz\u00e9t k\u00e9pezik e hevederek gy\u00e1rt\u00e1s\u00e1nak, \u00e9s mind a teljes\u00edtm\u00e9nyt, mind a hossz\u00fa \u00e9lettartamot figyelembe veszik, amelyet a v\u00e1s\u00e1rl\u00f3k az emel\u0151eszk\u00f6z\u00f6kben keresnek. Ezenk\u00edv\u00fcl az anyagokat \u00fagy v\u00e1lasztj\u00e1k ki, hogy ellen\u00e1lljanak a kop\u00e1snak \u00e9s a kop\u00e1snak, ami elengedhetetlen az ism\u00e9telt haszn\u00e1lathoz \u00e9s a biztons\u00e1g garant\u00e1l\u00e1s\u00e1hoz.<\/p>\n<p>A Qingdao H&amp;F egyed\u00fcl\u00e1ll\u00f3 el\u0151ny\u00f6ket k\u00edn\u00e1l, amelyek tov\u00e1bb fokozz\u00e1k a hevederek beszerz\u00e9s\u00e9nek \u00e9lm\u00e9ny\u00e9t. Minden heveder szigor\u00fa min\u0151s\u00e9gellen\u0151rz\u00e9sen megy kereszt\u00fcl, amelyet \u00e1tfog\u00f3 vizsg\u00e1lati jelent\u00e9sekkel t\u00e1masztanak al\u00e1, garant\u00e1lva a megb\u00edzhat\u00f3 teljes\u00edtm\u00e9nyt a sz\u00e1ll\u00edt\u00e1skor. Ezen t\u00falmen\u0151en szem\u00e9lyes \u00fcgyf\u00e9lszolg\u00e1latunk biztos\u00edtja, hogy minden \u00fcgyf\u00e9l szem\u00e9lyre szabott t\u00e1mogat\u00e1st kapjon, ak\u00e1r a megfelel\u0151 term\u00e9k kiv\u00e1laszt\u00e1s\u00e1r\u00f3l, ak\u00e1r karbantart\u00e1si tan\u00e1csokr\u00f3l \u00e9rdekl\u0151dik. A gyors sz\u00e1ll\u00edt\u00e1si ciklusnak k\u00f6sz\u00f6nhet\u0151en a Qingdao H&amp;F biztos\u00edtja, hogy ezek a kiv\u00e1l\u00f3 min\u0151s\u00e9g\u0171 hevederek pontosan akkor \u00e1lljanak rendelkez\u00e9sre, amikor sz\u00fcks\u00e9g van r\u00e1juk, hozz\u00e1j\u00e1rulva a projektek z\u00f6kken\u0151mentes \u00fctemez\u00e9s\u00e9hez.<\/p>\n<h3><strong>Kiv\u00e1l\u00f3 min\u0151s\u00e9g\u0171 konstrukci\u00f3 \u00e9s anyagok<\/strong><\/h3>\n<p>Az 1 tonn\u00e1s hevederekhez haszn\u00e1lt anyagokat tart\u00f3ss\u00e1guk \u00e9s rugalmass\u00e1guk miatt v\u00e1lasztjuk ki, amelyek k\u00f6zvetlen\u00fcl hozz\u00e1j\u00e1rulnak a biztons\u00e1ghoz \u00e9s a k\u00f6nny\u0171 kezelhet\u0151s\u00e9ghez. Ezek a hevederek jellemz\u0151en szintetikus sz\u00e1lakb\u00f3l, p\u00e9ld\u00e1ul poli\u00e9szterb\u0151l vagy nejlonb\u00f3l k\u00e9sz\u00fclnek, amelyek sz\u00e1mos el\u0151nnyel j\u00e1rnak. A poli\u00e9szter p\u00e9ld\u00e1ul nagyfok\u00fa ellen\u00e1ll\u00e1st biztos\u00edt a vegyi anyagokkal \u00e9s az UV-sugarakkal szemben, \u00edgy alkalmas k\u00fclt\u00e9ri alkalmaz\u00e1sokhoz. A nejlon hevederek viszont kiv\u00e1l\u00f3 ny\u00fajthat\u00f3s\u00e1got biztos\u00edtanak, ami k\u00fcl\u00f6n\u00f6sen el\u0151ny\u00f6s lehet bizonyos t\u00edpus\u00fa terhek kezel\u00e9s\u00e9n\u00e9l.<\/p>\n<p>A gy\u00e1rt\u00e1s sor\u00e1n gondos figyelmet ford\u00edtanak a sz\u00f6vet sz\u00f6v\u00e9s\u00e9re \u00e9s s\u0171r\u0171s\u00e9g\u00e9re, hogy biztos\u00edts\u00e1k az egyenletes teherb\u00edr\u00e1st. E hevederek szak\u00edt\u00f3szil\u00e1rds\u00e1g\u00e1t szigor\u00faan tesztelik, biztos\u00edtva, hogy minden egyes egys\u00e9g kompromisszumok n\u00e9lk\u00fcl k\u00e9pes biztons\u00e1gosan kezelni ak\u00e1r 1 tonn\u00e1s terheket is. Ez a min\u0151s\u00e9gre ford\u00edtott figyelem \u00f6sszhangban van a v\u00e1s\u00e1rl\u00f3k els\u0151dleges szempontjaival, akik ezekre a hevederekre t\u00e1maszkodnak a teher stabilit\u00e1s\u00e1nak fenntart\u00e1s\u00e1ban \u00e9s a kezel\u0151 biztons\u00e1g\u00e1nak biztos\u00edt\u00e1s\u00e1ban. A tart\u00f3s anyagokba \u00e9s szigor\u00fa gy\u00e1rt\u00e1si szabv\u00e1nyokba val\u00f3 befektet\u00e9ssel a Qingdao H&amp;F olyan hevedereket biztos\u00edt, amelyek \u00fagy vannak kialak\u00edtva, hogy meghaladj\u00e1k az ipar\u00e1gi elv\u00e1r\u00e1sokat, \u00e9s hossz\u00fa t\u00e1v\u00fa, megb\u00edzhat\u00f3 haszn\u00e1latot t\u00e1mogatnak.<\/p>\n<h3><strong>Alkalmaz\u00e1sok \u00e9s el\u0151ny\u00f6k a k\u00fcl\u00f6nb\u00f6z\u0151 ipar\u00e1gakban<\/strong><\/h3>\n<p>Az 1 tonn\u00e1s hevederek alkalmazkod\u00f3k\u00e9pess\u00e9ge miatt sz\u00e1mos \u00e1gazatban, t\u00f6bbek k\u00f6z\u00f6tt az \u00e9p\u00edt\u0151iparban, a haj\u00f3z\u00e1sban, a gy\u00e1rt\u00e1sban \u00e9s a rakt\u00e1roz\u00e1sban is el\u0151szeretettel alkalmazz\u00e1k. A l\u00e1ncokkal vagy dr\u00f3tk\u00f6telekkel ellent\u00e9tben a hevederek k\u00f6nnyebbek \u00e9s k\u00f6nnyebben man\u0151verezhet\u0151k, ami nagyobb pontoss\u00e1got \u00e9s kevesebb f\u00e1radts\u00e1got biztos\u00edt a kezel\u0151 sz\u00e1m\u00e1ra. Az \u00e9p\u00edt\u0151iparban ezek a hevederek megk\u00f6nny\u00edtik az anyagok emel\u00e9s\u00e9t \u00e9s pozicion\u00e1l\u00e1s\u00e1t, \u00edgy l\u00e9tfontoss\u00e1g\u00faak olyan projektekn\u00e9l, amelyek megb\u00edzhat\u00f3 emel\u00e9si megold\u00e1sokat ig\u00e9nyelnek a f\u00e9m alternat\u00edv\u00e1k t\u00f6mege n\u00e9lk\u00fcl. A hevederekben haszn\u00e1lt szintetikus sz\u00f6vet cs\u00f6kkenti a k\u00e9nyes vagy festett fel\u00fcletek megkarcol\u00f3d\u00e1s\u00e1nak vagy s\u00e9r\u00fcl\u00e9s\u00e9nek kock\u00e1zat\u00e1t is, ami el\u0151ny az olyan ipar\u00e1gakban, ahol az anyagok meg\u0151rz\u00e9se alapvet\u0151 fontoss\u00e1g\u00fa.<\/p>\n<p>A Qingdao H&amp;F min\u0151s\u00e9g \u00e9s teljes\u00edtm\u00e9ny ir\u00e1nti elk\u00f6telezetts\u00e9ge t\u00fckr\u00f6z\u0151dik a hevederek k\u00edn\u00e1lat\u00e1ban, amelyek megfelelnek a k\u00fcl\u00f6nb\u00f6z\u0151 emel\u00e9si ig\u00e9nyeknek. Az 1 tonn\u00e1s heveder\u00fcnket olyan jellemz\u0151kkel tervezt\u00fck, amelyek fokozz\u00e1k a m\u0171k\u00f6d\u00e9s egyszer\u0171s\u00e9g\u00e9t \u00e9s biztons\u00e1g\u00e1t, mint p\u00e9ld\u00e1ul a sz\u00ednk\u00f3dolt kapacit\u00e1sjelz\u0151k \u00e9s a meger\u0151s\u00edtett hurkok, amelyek megakad\u00e1lyozz\u00e1k a kop\u00e1st a kulcsfontoss\u00e1g\u00fa stresszpontokon. Ezenk\u00edv\u00fcl minden hevederhez min\u0151s\u00e9gi vizsg\u00e1lati jelent\u00e9s is tartozik, ami bizalmat \u00e9breszt abban, hogy a term\u00e9k megb\u00edzhat\u00f3an fog m\u0171k\u00f6dni az elv\u00e1rt k\u00f6r\u00fclm\u00e9nyek k\u00f6z\u00f6tt. \u00dcgyfeleink sz\u00e1m\u00e1ra el\u0151ny\u00f6s, ha tudj\u00e1k, hogy v\u00e1s\u00e1rl\u00e1suk megfelel a szigor\u00fa min\u0151s\u00e9gi el\u0151\u00edr\u00e1soknak, ami t\u00e1mogatja mind a biztons\u00e1gi el\u0151\u00edr\u00e1sok betart\u00e1s\u00e1t, mind a projektek hat\u00e9kony v\u00e9grehajt\u00e1s\u00e1t.<\/p>\n<h3><strong>A Qingdao H&amp;F \u00edg\u00e9rete: Szolg\u00e1ltat\u00e1s, gyorsas\u00e1g \u00e9s garancia<\/strong><\/h3>\n<p>A Qingdao H&amp;F a kiv\u00e1l\u00f3 min\u0151s\u00e9g\u0171 term\u00e9k mellett kiv\u00e9teles v\u00e1s\u00e1rl\u00e1si \u00e9lm\u00e9nyt is biztos\u00edt. Felismerj\u00fck, hogy a v\u00e1s\u00e1rl\u00f3k nemcsak a term\u00e9kmin\u0151s\u00e9get, hanem a besz\u00e1ll\u00edt\u00f3 \u00e1ltal\u00e1nos megb\u00edzhat\u00f3s\u00e1g\u00e1t is priorit\u00e1sk\u00e9nt kezelik. Ez\u00e9rt megk\u00f6zel\u00edt\u00e9s\u00fcnk k\u00f6z\u00e9ppontj\u00e1ban a term\u00e9ken t\u00falmutat\u00f3 szolg\u00e1ltat\u00e1sok \u00e1llnak, amelyek az \u00fcgyfelek egyedi ig\u00e9nyeit \u00e9s agg\u00e1lyait szolg\u00e1lj\u00e1k ki. A szem\u00e9lyre szabott \u00fcgyf\u00e9lkiszolg\u00e1l\u00e1ssal biztos\u00edtjuk, hogy minden k\u00e9rd\u00e9sre vagy ig\u00e9nyre azonnal \u00e9s hat\u00e9konyan v\u00e1laszolunk, \u00edgy m\u00e1r az els\u0151 kapcsolatfelv\u00e9telt\u0151l kezdve el\u0151seg\u00edtj\u00fck a bizalmat \u00e9s az el\u00e9gedetts\u00e9get.<\/p>\n<p>A gyorsas\u00e1g ir\u00e1nti elk\u00f6telezetts\u00e9g\u00fcnket a gyors sz\u00e1ll\u00edt\u00e1si ciklusok t\u00fckr\u00f6zik. Tudjuk, hogy az id\u0151z\u00edt\u00e9s kulcsfontoss\u00e1g\u00fa, \u00e9s minden k\u00e9sedelem hat\u00e1ssal lehet a termel\u00e9kenys\u00e9gre \u00e9s a menetrendekre. Ez\u00e9rt szorosan egy\u00fcttm\u0171k\u00f6d\u00fcnk logisztikai partnereinkkel a hat\u00e9kony sz\u00e1ll\u00edt\u00e1si folyamatok fenntart\u00e1sa \u00e9rdek\u00e9ben, biztos\u00edtva \u00fcgyfeleink sz\u00e1m\u00e1ra, hogy hevederheveder\u00fck akkor \u00e9rkezik meg, amikor sz\u00fcks\u00e9g van r\u00e1. Ezenk\u00edv\u00fcl alapos min\u0151s\u00e9gellen\u0151rz\u00e9si folyamatunk biztos\u00edtja, hogy minden heveder azonnal haszn\u00e1latra k\u00e9sz legyen, amit olyan jelent\u00e9sekkel t\u00e1masztunk al\u00e1, amelyek r\u00e9szletezik, hogy a term\u00e9k megfelel-e az ipari szabv\u00e1nyoknak. Ez a min\u0151s\u00e9g \u00e9s a szolg\u00e1ltat\u00e1s ir\u00e1nti elk\u00f6telezetts\u00e9g a Qingdao H&amp;F-et a megb\u00edzhat\u00f3 emel\u00e9si megold\u00e1sokat keres\u0151 v\u00e1llalkoz\u00e1sok kiemelt partnerek\u00e9nt k\u00fcl\u00f6nb\u00f6zteti meg.<\/p>\n<p>Az 1 tonn\u00e1s heveder\u00fcnk a teljes\u00edtm\u00e9ny, a biztons\u00e1g \u00e9s a k\u00e9nyelem \u00f6tv\u00f6zet\u00e9t k\u00e9pviseli, amelyet \u00fagy terveztek, hogy megfeleljen a modern ipar szigor\u00fa k\u00f6vetelm\u00e9nyeinek. A Qingdao H&amp;F v\u00e1laszt\u00e1s\u00e1val a v\u00e1s\u00e1rl\u00f3k olyan partners\u00e9gbe fektetnek be, amely \u00e9rt\u00e9keli priorit\u00e1saikat, a term\u00e9k integrit\u00e1s\u00e1t\u00f3l a gyors \u00e9s figyelmes kiszolg\u00e1l\u00e1sig. B\u00fcszk\u00e9k vagyunk arra, hogy nem csak egy term\u00e9ket, hanem egy teljes k\u00f6r\u0171 megold\u00e1st sz\u00e1ll\u00edtunk, amely megfelel \u00fcgyfeleink m\u0171k\u00f6d\u00e9si ig\u00e9nyeinek \u00e9s min\u0151s\u00e9gi szabv\u00e1nyainak.<\/p>","protected":false},"excerpt":{"rendered":"<p>Az 1 tonn\u00e1s heveder\u00fcnk egyes\u00edti az er\u0151t \u00e9s a sokoldal\u00fas\u00e1got a k\u00fcl\u00f6nb\u00f6z\u0151 ipar\u00e1gak emel\u00e9si \u00e9s emel\u00e9si feladataihoz. A v\u00e1s\u00e1rl\u00f3k gyakran a tart\u00f3ss\u00e1got, a biztons\u00e1got \u00e9s a k\u00f6nny\u0171 kezelhet\u0151s\u00e9get helyezik el\u0151t\u00e9rbe, amelyek mindegyik\u00e9t heveder\u00fcnk biztos\u00edtja. Ezek a hevederek a nagy ig\u00e9nybev\u00e9telnek val\u00f3 ellen\u00e1ll\u00e1sra k\u00e9sz\u00fcltek, \u00e9s biztons\u00e1gos emel\u00e9st biztos\u00edtanak, mik\u00f6zben a k\u00fcl\u00f6nb\u00f6z\u0151 alkalmaz\u00e1sokhoz sz\u00fcks\u00e9ges rugalmass\u00e1got fenntartj\u00e1k. Kereskedelmi v\u00e1llalatk\u00e9nt a Qingdao H&amp;F k\u00fcl\u00f6n el\u0151ny\u00f6ket biztos\u00edt, bele\u00e9rtve a szem\u00e9lyes \u00fcgyf\u00e9lszolg\u00e1latot, a gyors sz\u00e1ll\u00edt\u00e1si ciklust \u00e9s az \u00e1tfog\u00f3 min\u0151s\u00e9gellen\u0151rz\u00e9si jelent\u00e9seket, biztos\u00edtva, hogy minden v\u00e1s\u00e1rl\u00e1s megfeleljen a szigor\u00fa biztons\u00e1gi \u00e9s min\u0151s\u00e9gi el\u0151\u00edr\u00e1soknak.<\/p>","protected":false},"featured_media":8190,"comment_status":"open","ping_status":"closed","template":"","meta":{"site-sidebar-layout":"default","site-content-layout":"","ast-site-content-layout":"default","site-content-style":"default","site-sidebar-style":"default","ast-global-header-display":"","ast-banner-title-visibility":"","ast-main-header-display":"","ast-hfb-above-header-display":"","ast-hfb-below-header-display":"","ast-hfb-mobile-header-display":"","site-post-title":"","ast-breadcrumbs-content":"","ast-featured-img":"","footer-sml-layout":"","theme-transparent-header-meta":"default","adv-header-id-meta":"","stick-header-meta":"default","header-above-stick-meta":"","header-main-stick-meta":"","header-below-stick-meta":"","astra-migrate-meta-layouts":"set","ast-page-background-enabled":"default","ast-page-background-meta":{"desktop":{"background-color":"","background-image":"","background-repeat":"repeat","background-position":"center center","background-size":"auto","background-attachment":"scroll","background-type":"","background-media":"","overlay-type":"","overlay-color":"","overlay-opacity":"","overlay-gradient":""},"tablet":{"background-color":"","background-image":"","background-repeat":"repeat","background-position":"center center","background-size":"auto","background-attachment":"scroll","background-type":"","background-media":"","overlay-type":"","overlay-color":"","overlay-opacity":"","overlay-gradient":""},"mobile":{"background-color":"","background-image":"","background-repeat":"repeat","background-position":"center center","background-size":"auto","background-attachment":"scroll","background-type":"","background-media":"","overlay-type":"","overlay-color":"","overlay-opacity":"","overlay-gradient":""}},"ast-content-background-meta":{"desktop":{"background-color":"var(--ast-global-color-5)","background-image":"","background-repeat":"repeat","background-position":"center center","background-size":"auto","background-attachment":"scroll","background-type":"","background-media":"","overlay-type":"","overlay-color":"","overlay-opacity":"","overlay-gradient":""},"tablet":{"background-color":"var(--ast-global-color-5)","background-image":"","background-repeat":"repeat","background-position":"center center","background-size":"auto","background-attachment":"scroll","background-type":"","background-media":"","overlay-type":"","overlay-color":"","overlay-opacity":"","overlay-gradient":""},"mobile":{"background-color":"var(--ast-global-color-5)","background-image":"","background-repeat":"repeat","background-position":"center center","background-size":"auto","background-attachment":"scroll","background-type":"","background-media":"","overlay-type":"","overlay-color":"","overlay-opacity":"","overlay-gradient":""}}},"product_brand":[],"product_cat":[39],"product_tag":[],"class_list":{"0":"post-8189","1":"product","2":"type-product","3":"status-publish","4":"has-post-thumbnail","6":"product_cat-webbing-sling","7":"desktop-align-left","8":"tablet-align-left","9":"mobile-align-left","10":"ast-product-gallery-layout-horizontal-slider","11":"ast-product-gallery-with-no-image","12":"ast-product-tabs-layout-horizontal","14":"first","15":"instock","16":"shipping-taxable","17":"purchasable","18":"product-type-simple"},"yoast_head":"<!-- This site is optimized with the Yoast SEO plugin v25.2 - https:\/\/yoast.com\/wordpress\/plugins\/seo\/ -->\n<title>Flat Webbing Sling 1 Ton Polyester Double Duplex<\/title>\n<meta name=\"robots\" content=\"index, follow, max-snippet:-1, max-image-preview:large, max-video-preview:-1\" \/>\n<link rel=\"canonical\" href=\"https:\/\/qingdaohf.com\/hu\/termek\/heveder-heveder-1-tonna\/\" \/>\n<meta property=\"og:locale\" content=\"hu_HU\" \/>\n<meta property=\"og:type\" content=\"article\" \/>\n<meta property=\"og:title\" content=\"Flat Webbing Sling 1 Ton Polyester Double Duplex\" \/>\n<meta property=\"og:description\" content=\"Our 1-ton webbing sling combines strength and versatility for lifting and hoisting tasks across various industries. Buyers often prioritize durability, safety, and ease of handling, all of which our webbing slings deliver. Made to endure heavy-duty use, these slings ensure secure lifting while maintaining flexibility for different applications. As a trading company, Qingdao H&amp;F provides distinct advantages, including one-on-one customer service, a fast delivery cycle, and comprehensive quality inspection reports, ensuring that every purchase meets rigorous safety and quality standards.\" \/>\n<meta property=\"og:url\" content=\"https:\/\/qingdaohf.com\/hu\/termek\/heveder-heveder-1-tonna\/\" \/>\n<meta property=\"og:site_name\" content=\"Concrete Form &amp; Rigging Hardware Supplier\" \/>\n<meta property=\"article:publisher\" content=\"https:\/\/www.facebook.com\/qingdaohf\" \/>\n<meta property=\"article:modified_time\" content=\"2025-11-13T01:02:54+00:00\" \/>\n<meta property=\"og:image\" content=\"https:\/\/qingdaohf.com\/wp-content\/uploads\/2024\/10\/1ton_1.webp\" \/>\n\t<meta property=\"og:image:width\" content=\"1000\" \/>\n\t<meta property=\"og:image:height\" content=\"1000\" \/>\n\t<meta property=\"og:image:type\" content=\"image\/webp\" \/>\n<meta name=\"twitter:card\" content=\"summary_large_image\" \/>\n<meta name=\"twitter:label1\" content=\"Becs\u00fclt olvas\u00e1si id\u0151\" \/>\n\t<meta name=\"twitter:data1\" content=\"4 perc\" \/>\n<script type=\"application\/ld+json\" class=\"yoast-schema-graph\">{\"@context\":\"https:\/\/schema.org\",\"@graph\":[{\"@type\":\"WebPage\",\"@id\":\"https:\/\/qingdaohf.com\/product\/webbing-sling-1-ton\/\",\"url\":\"https:\/\/qingdaohf.com\/product\/webbing-sling-1-ton\/\",\"name\":\"Flat Webbing Sling 1 Ton Polyester Double Duplex\",\"isPartOf\":{\"@id\":\"https:\/\/qingdaohf.com\/bg\/#website\"},\"primaryImageOfPage\":{\"@id\":\"https:\/\/qingdaohf.com\/product\/webbing-sling-1-ton\/#primaryimage\"},\"image\":{\"@id\":\"https:\/\/qingdaohf.com\/product\/webbing-sling-1-ton\/#primaryimage\"},\"thumbnailUrl\":\"https:\/\/qingdaohf.com\/wp-content\/uploads\/2024\/10\/1ton_1.webp\",\"datePublished\":\"2024-11-05T05:59:31+00:00\",\"dateModified\":\"2025-11-13T01:02:54+00:00\",\"breadcrumb\":{\"@id\":\"https:\/\/qingdaohf.com\/product\/webbing-sling-1-ton\/#breadcrumb\"},\"inLanguage\":\"hu\",\"potentialAction\":[{\"@type\":\"ReadAction\",\"target\":[\"https:\/\/qingdaohf.com\/product\/webbing-sling-1-ton\/\"]}]},{\"@type\":\"ImageObject\",\"inLanguage\":\"hu\",\"@id\":\"https:\/\/qingdaohf.com\/product\/webbing-sling-1-ton\/#primaryimage\",\"url\":\"https:\/\/qingdaohf.com\/wp-content\/uploads\/2024\/10\/1ton_1.webp\",\"contentUrl\":\"https:\/\/qingdaohf.com\/wp-content\/uploads\/2024\/10\/1ton_1.webp\",\"width\":1000,\"height\":1000},{\"@type\":\"BreadcrumbList\",\"@id\":\"https:\/\/qingdaohf.com\/product\/webbing-sling-1-ton\/#breadcrumb\",\"itemListElement\":[{\"@type\":\"ListItem\",\"position\":1,\"name\":\"Home\",\"item\":\"https:\/\/qingdaohf.com\/\"},{\"@type\":\"ListItem\",\"position\":2,\"name\":\"Concrete Forming Accessories and Rigging Hardware\",\"item\":\"https:\/\/qingdaohf.com\/bg\/?page_id=944\"},{\"@type\":\"ListItem\",\"position\":3,\"name\":\"Flat Webbing Sling 1 Ton Polyester Double Duplex\"}]},{\"@type\":\"WebSite\",\"@id\":\"https:\/\/qingdaohf.com\/bg\/#website\",\"url\":\"https:\/\/qingdaohf.com\/bg\/\",\"name\":\"Concrete Form & Rigging Hardware Supplier\",\"description\":\"\",\"publisher\":{\"@id\":\"https:\/\/qingdaohf.com\/bg\/#organization\"},\"potentialAction\":[{\"@type\":\"SearchAction\",\"target\":{\"@type\":\"EntryPoint\",\"urlTemplate\":\"https:\/\/qingdaohf.com\/bg\/?s={search_term_string}\"},\"query-input\":{\"@type\":\"PropertyValueSpecification\",\"valueRequired\":true,\"valueName\":\"search_term_string\"}}],\"inLanguage\":\"hu\"},{\"@type\":\"Organization\",\"@id\":\"https:\/\/qingdaohf.com\/bg\/#organization\",\"name\":\"Qingdao H&F\",\"url\":\"https:\/\/qingdaohf.com\/bg\/\",\"logo\":{\"@type\":\"ImageObject\",\"inLanguage\":\"hu\",\"@id\":\"https:\/\/qingdaohf.com\/bg\/#\/schema\/logo\/image\/\",\"url\":\"https:\/\/qingdaohf.com\/wp-content\/uploads\/2022\/12\/cropped-HF-LOGO.png\",\"contentUrl\":\"https:\/\/qingdaohf.com\/wp-content\/uploads\/2022\/12\/cropped-HF-LOGO.png\",\"width\":391,\"height\":249,\"caption\":\"Qingdao H&F\"},\"image\":{\"@id\":\"https:\/\/qingdaohf.com\/bg\/#\/schema\/logo\/image\/\"},\"sameAs\":[\"https:\/\/www.facebook.com\/qingdaohf\"]}]}<\/script>\n<!-- \/ Yoast SEO plugin. -->","yoast_head_json":{"title":"Flat Webbing Sling 1 Ton Polyester Double Duplex","robots":{"index":"index","follow":"follow","max-snippet":"max-snippet:-1","max-image-preview":"max-image-preview:large","max-video-preview":"max-video-preview:-1"},"canonical":"https:\/\/qingdaohf.com\/hu\/termek\/heveder-heveder-1-tonna\/","og_locale":"hu_HU","og_type":"article","og_title":"Flat Webbing Sling 1 Ton Polyester Double Duplex","og_description":"Our 1-ton webbing sling combines strength and versatility for lifting and hoisting tasks across various industries. Buyers often prioritize durability, safety, and ease of handling, all of which our webbing slings deliver. Made to endure heavy-duty use, these slings ensure secure lifting while maintaining flexibility for different applications. As a trading company, Qingdao H&amp;F provides distinct advantages, including one-on-one customer service, a fast delivery cycle, and comprehensive quality inspection reports, ensuring that every purchase meets rigorous safety and quality standards.","og_url":"https:\/\/qingdaohf.com\/hu\/termek\/heveder-heveder-1-tonna\/","og_site_name":"Concrete Form &amp; Rigging Hardware Supplier","article_publisher":"https:\/\/www.facebook.com\/qingdaohf","article_modified_time":"2025-11-13T01:02:54+00:00","og_image":[{"width":1000,"height":1000,"url":"https:\/\/qingdaohf.com\/wp-content\/uploads\/2024\/10\/1ton_1.webp","type":"image\/webp"}],"twitter_card":"summary_large_image","twitter_misc":{"Becs\u00fclt olvas\u00e1si id\u0151":"4 perc"},"schema":{"@context":"https:\/\/schema.org","@graph":[{"@type":"WebPage","@id":"https:\/\/qingdaohf.com\/product\/webbing-sling-1-ton\/","url":"https:\/\/qingdaohf.com\/product\/webbing-sling-1-ton\/","name":"Flat Webbing Sling 1 Ton Polyester Double Duplex","isPartOf":{"@id":"https:\/\/qingdaohf.com\/bg\/#website"},"primaryImageOfPage":{"@id":"https:\/\/qingdaohf.com\/product\/webbing-sling-1-ton\/#primaryimage"},"image":{"@id":"https:\/\/qingdaohf.com\/product\/webbing-sling-1-ton\/#primaryimage"},"thumbnailUrl":"https:\/\/qingdaohf.com\/wp-content\/uploads\/2024\/10\/1ton_1.webp","datePublished":"2024-11-05T05:59:31+00:00","dateModified":"2025-11-13T01:02:54+00:00","breadcrumb":{"@id":"https:\/\/qingdaohf.com\/product\/webbing-sling-1-ton\/#breadcrumb"},"inLanguage":"hu","potentialAction":[{"@type":"ReadAction","target":["https:\/\/qingdaohf.com\/product\/webbing-sling-1-ton\/"]}]},{"@type":"ImageObject","inLanguage":"hu","@id":"https:\/\/qingdaohf.com\/product\/webbing-sling-1-ton\/#primaryimage","url":"https:\/\/qingdaohf.com\/wp-content\/uploads\/2024\/10\/1ton_1.webp","contentUrl":"https:\/\/qingdaohf.com\/wp-content\/uploads\/2024\/10\/1ton_1.webp","width":1000,"height":1000},{"@type":"BreadcrumbList","@id":"https:\/\/qingdaohf.com\/product\/webbing-sling-1-ton\/#breadcrumb","itemListElement":[{"@type":"ListItem","position":1,"name":"Home","item":"https:\/\/qingdaohf.com\/"},{"@type":"ListItem","position":2,"name":"Concrete Forming Accessories and Rigging Hardware","item":"https:\/\/qingdaohf.com\/bg\/?page_id=944"},{"@type":"ListItem","position":3,"name":"Flat Webbing Sling 1 Ton Polyester Double Duplex"}]},{"@type":"WebSite","@id":"https:\/\/qingdaohf.com\/bg\/#website","url":"https:\/\/qingdaohf.com\/bg\/","name":"Concrete Form & Rigging Hardware Supplier","description":"","publisher":{"@id":"https:\/\/qingdaohf.com\/bg\/#organization"},"potentialAction":[{"@type":"SearchAction","target":{"@type":"EntryPoint","urlTemplate":"https:\/\/qingdaohf.com\/bg\/?s={search_term_string}"},"query-input":{"@type":"PropertyValueSpecification","valueRequired":true,"valueName":"search_term_string"}}],"inLanguage":"hu"},{"@type":"Organization","@id":"https:\/\/qingdaohf.com\/bg\/#organization","name":"Qingdao H&F","url":"https:\/\/qingdaohf.com\/bg\/","logo":{"@type":"ImageObject","inLanguage":"hu","@id":"https:\/\/qingdaohf.com\/bg\/#\/schema\/logo\/image\/","url":"https:\/\/qingdaohf.com\/wp-content\/uploads\/2022\/12\/cropped-HF-LOGO.png","contentUrl":"https:\/\/qingdaohf.com\/wp-content\/uploads\/2022\/12\/cropped-HF-LOGO.png","width":391,"height":249,"caption":"Qingdao H&F"},"image":{"@id":"https:\/\/qingdaohf.com\/bg\/#\/schema\/logo\/image\/"},"sameAs":["https:\/\/www.facebook.com\/qingdaohf"]}]}},"_links":{"self":[{"href":"https:\/\/qingdaohf.com\/hu\/wp-json\/wp\/v2\/product\/8189","targetHints":{"allow":["GET"]}}],"collection":[{"href":"https:\/\/qingdaohf.com\/hu\/wp-json\/wp\/v2\/product"}],"about":[{"href":"https:\/\/qingdaohf.com\/hu\/wp-json\/wp\/v2\/types\/product"}],"replies":[{"embeddable":true,"href":"https:\/\/qingdaohf.com\/hu\/wp-json\/wp\/v2\/comments?post=8189"}],"version-history":[{"count":2,"href":"https:\/\/qingdaohf.com\/hu\/wp-json\/wp\/v2\/product\/8189\/revisions"}],"predecessor-version":[{"id":8340,"href":"https:\/\/qingdaohf.com\/hu\/wp-json\/wp\/v2\/product\/8189\/revisions\/8340"}],"wp:featuredmedia":[{"embeddable":true,"href":"https:\/\/qingdaohf.com\/hu\/wp-json\/wp\/v2\/media\/8190"}],"wp:attachment":[{"href":"https:\/\/qingdaohf.com\/hu\/wp-json\/wp\/v2\/media?parent=8189"}],"wp:term":[{"taxonomy":"product_brand","embeddable":true,"href":"https:\/\/qingdaohf.com\/hu\/wp-json\/wp\/v2\/product_brand?post=8189"},{"taxonomy":"product_cat","embeddable":true,"href":"https:\/\/qingdaohf.com\/hu\/wp-json\/wp\/v2\/product_cat?post=8189"},{"taxonomy":"product_tag","embeddable":true,"href":"https:\/\/qingdaohf.com\/hu\/wp-json\/wp\/v2\/product_tag?post=8189"}],"curies":[{"name":"wp","href":"https:\/\/api.w.org\/{rel}","templated":true}]}}