{"id":8277,"date":"2024-11-05T14:01:41","date_gmt":"2024-11-05T06:01:41","guid":{"rendered":"http:\/\/qingdaohf.com\/?post_type=product&#038;p=8277"},"modified":"2025-11-13T09:02:53","modified_gmt":"2025-11-13T01:02:53","slug":"webbing-sling-2-ton","status":"publish","type":"product","link":"https:\/\/qingdaohf.com\/hu\/termek\/heveder-2-tonnas-heveder\/","title":{"rendered":"Lapos heveder heveder 2 tonna poli\u00e9szter dupla duplex"},"content":{"rendered":"<div class=\"flex max-w-full flex-col flex-grow\">\n<div class=\"min-h-8 text-message flex w-full flex-col items-end gap-2 whitespace-normal break-words [.text-message+&amp;]:mt-5\" dir=\"auto\" data-message-author-role=\"assistant\" data-message-id=\"df1a8cb9-4730-4671-a7fd-4bac8c133d3f\" data-message-model-slug=\"gpt-4o\">\n<div class=\"flex w-full flex-col gap-1 empty:hidden first:pt-[3px]\">\n<div class=\"markdown prose w-full break-words dark:prose-invert light\">\n<h3><strong>Sokoldal\u00fa 2 tonn\u00e1s hevederes heveder a robusztus emel\u00e9si megold\u00e1sokhoz<\/strong><\/h3>\n<p>A 2 tonn\u00e1s heveder a k\u00fcl\u00f6nb\u00f6z\u0151 ipar\u00e1gakban a neh\u00e9z terhek biztons\u00e1gos emel\u00e9s\u00e9hez \u00e9s kezel\u00e9s\u00e9hez elengedhetetlen eszk\u00f6z. A kiv\u00e1l\u00f3 min\u0151s\u00e9g\u0171 szintetikus sz\u00e1lakb\u00f3l k\u00e9sz\u00fclt heveder egyszerre er\u0151s \u00e9s rugalmas, \u00e9s a kih\u00edv\u00e1st jelent\u0151 k\u00f6r\u00fclm\u00e9nyekhez sz\u00fcks\u00e9ges tart\u00f3ss\u00e1got k\u00f6nny\u0171 haszn\u00e1lhat\u00f3s\u00e1ggal kombin\u00e1lja. A 2 tonn\u00e1s teherb\u00edr\u00e1s k\u00f6zepes m\u00e9ret\u0171 terhekhez alkalmas, \u00edgy rendk\u00edv\u00fcl sokoldal\u00faan alkalmazhat\u00f3 olyan \u00e1gazatokban, mint az \u00e9p\u00edt\u0151ipar, a rakt\u00e1roz\u00e1s, a sz\u00e1ll\u00edt\u00e1s \u00e9s a gy\u00e1rt\u00e1s. A Qingdao H&amp;F 2 tonn\u00e1s hevederheveder megb\u00edzhat\u00f3 megold\u00e1st ny\u00fajt, amely megfelel a k\u00fcl\u00f6nb\u00f6z\u0151 ter\u00fcleteken dolgoz\u00f3 szakemberek teljes\u00edtm\u00e9ny- \u00e9s biztons\u00e1gi elv\u00e1r\u00e1sainak.<\/p>\n<p>Azokban az ipar\u00e1gakban, ahol a neh\u00e9z emel\u00e9s szerves r\u00e9sz\u00e9t k\u00e9pezi, a berendez\u00e9sek biztons\u00e1g\u00e1nak \u00e9s megb\u00edzhat\u00f3s\u00e1g\u00e1nak biztos\u00edt\u00e1sa kiemelked\u0151 fontoss\u00e1g\u00fa. A Qingdao H&amp;F 2 tonn\u00e1s heveder\u00e9t kifejezetten \u00fagy tervezt\u00e9k, hogy optim\u00e1lis szil\u00e1rds\u00e1got k\u00edn\u00e1ljon a rugalmass\u00e1g vesz\u00e9lyeztet\u00e9se n\u00e9lk\u00fcl, lehet\u0151v\u00e9 t\u00e9ve a biztons\u00e1gos \u00e9s hat\u00e9kony teherkezel\u00e9st. A v\u00e1s\u00e1rl\u00f3k a nagy teherb\u00edr\u00f3 k\u00e9pess\u00e9g, a tart\u00f3ss\u00e1g \u00e9s a kop\u00e1s\u00e1ll\u00f3s\u00e1g kombin\u00e1ci\u00f3j\u00e1t keresik, amelyek mindegyike gondosan be\u00e9p\u00fclt ennek a hevedernek a tervez\u00e9s\u00e9be. A 2 tonn\u00e1s heveder szintetikus szerkezet\u00e9nek k\u00f6sz\u00f6nhet\u0151en k\u00f6nnyebb \u00e9s kezelhet\u0151bb, mint a f\u00e9m alternat\u00edv\u00e1k, cs\u00f6kkentve a kezel\u0151 f\u00e1radts\u00e1g\u00e1nak val\u00f3sz\u00edn\u0171s\u00e9g\u00e9t \u00e9s n\u00f6velve az \u00e1ltal\u00e1nos biztons\u00e1got.<\/p>\n<p>A Qingdao H&amp;F a hevederek kiv\u00e1l\u00f3 min\u0151s\u00e9g\u00e9t \u00fcgyf\u00e9lk\u00f6zpont\u00fa szolg\u00e1ltat\u00e1sokkal eg\u00e9sz\u00edti ki. Minden term\u00e9k szigor\u00fa ellen\u0151rz\u00e9sen megy kereszt\u00fcl, amelyet \u00e1tfog\u00f3 min\u0151s\u00e9gi jelent\u00e9sek k\u00eds\u00e9rnek, hogy a v\u00e1s\u00e1rl\u00f3k teljes bizalmat \u00e9lvezzenek a v\u00e1s\u00e1rl\u00e1sukkal kapcsolatban. Szem\u00e9lyre szabott \u00fcgyf\u00e9lszolg\u00e1lati megk\u00f6zel\u00edt\u00e9s\u00fcnk biztos\u00edtja, hogy minden egyes vev\u0151 egyedi ig\u00e9nyeit kiel\u00e9g\u00edts\u00fck, hat\u00e9kony sz\u00e1ll\u00edt\u00e1si folyamatunk pedig garant\u00e1lja a projektfolyamatok zavartalan lebonyol\u00edt\u00e1sa \u00e9rdek\u00e9ben az id\u0151ben t\u00f6rt\u00e9n\u0151 meg\u00e9rkez\u00e9st.<\/p>\n<h3><strong>Konstrukci\u00f3 \u00e9s anyagmin\u0151s\u00e9g a hossz\u00fa \u00e9lettartam\u00fa teljes\u00edtm\u00e9ny\u00e9rt<\/strong><\/h3>\n<p>A 2 tonn\u00e1s heveder anyag\u00f6sszet\u00e9tele az egyik meghat\u00e1roz\u00f3 jellemz\u0151je, amelyet \u00fagy v\u00e1lasztottak ki, hogy ig\u00e9nyes k\u00f6r\u00fclm\u00e9nyek k\u00f6z\u00f6tt is ellen\u00e1lljon a t\u00f6bbsz\u00f6ri haszn\u00e1latnak. Jellemz\u0151en poli\u00e9szterb\u0151l vagy nejlonb\u00f3l k\u00e9sz\u00fcl, \u00e9s mindegyik anyag k\u00fcl\u00f6nleges el\u0151ny\u00f6kkel j\u00e1r. A poli\u00e9szter hevederek p\u00e9ld\u00e1ul ellen\u00e1llnak a nedvess\u00e9gnek \u00e9s az UV-sugaraknak, \u00edgy ide\u00e1lisak a k\u00fclt\u00e9ri \u00e9s hossz\u00fa t\u00e1v\u00fa alkalmaz\u00e1sokhoz. A rugalmass\u00e1gukr\u00f3l ismert nejlon hevederek kiv\u00e1l\u00f3 \u00fct\u00e9selnyel\u00e9st biztos\u00edtanak, ami a dinamikus terhel\u00e9sek kezel\u00e9s\u00e9n\u00e9l \u00e9rt\u00e9kes. Anyagt\u00f3l f\u00fcggetlen\u00fcl minden hevedert apr\u00f3l\u00e9kos teszteknek vetnek al\u00e1, hogy meger\u0151s\u00edts\u00e9k, hogy ak\u00e1r 2 tonn\u00e1t is biztons\u00e1gosan elb\u00edr.<\/p>\n<p>A gy\u00e1rt\u00e1si folyamatokat gondosan ellen\u0151rzik az egys\u00e9gess\u00e9g \u00e9s a megb\u00edzhat\u00f3s\u00e1g biztos\u00edt\u00e1sa \u00e9rdek\u00e9ben. A sz\u00e1lak kiv\u00e1laszt\u00e1s\u00e1t\u00f3l a v\u00e9gs\u0151 sz\u00f6v\u00e9sig minden l\u00e9p\u00e9sn\u00e9l a tart\u00f3ss\u00e1got tartjuk szem el\u0151tt, \u00edgy biztos\u00edtva, hogy a heveder hossz\u00fa t\u00e1von is er\u0151s maradjon. A meger\u0151s\u00edtett hurkok \u00e9s a kop\u00e1s\u00e1ll\u00f3 kivitelek tov\u00e1bb n\u00f6velik a term\u00e9k \u00e9lettartam\u00e1t, \u00edgy \u00e9rt\u00e9ket biztos\u00edtanak a nagy teljes\u00edtm\u00e9ny\u0171 \u00e9s k\u00f6lts\u00e9ghat\u00e9kony emel\u00e9si megold\u00e1sokat keres\u0151 v\u00e1s\u00e1rl\u00f3k sz\u00e1m\u00e1ra. A Qingdao H&amp;F minden egyes hevederrel biztos\u00edtja a biztons\u00e1g, megb\u00edzhat\u00f3s\u00e1g \u00e9s hossz\u00fa \u00e9lettartam szempontj\u00e1b\u00f3l tesztelt term\u00e9ket, amely megfelel a megb\u00edzhat\u00f3 emel\u0151berendez\u00e9sekre t\u00e1maszkod\u00f3 ipar\u00e1gak szigor\u00fa k\u00f6vetelm\u00e9nyeinek.<\/p>\n<h3><strong>Alkalmaz\u00e1sok k\u00fcl\u00f6nb\u00f6z\u0151 ipar\u00e1gakban<\/strong><\/h3>\n<p>A 2 tonn\u00e1s heveder alkalmazkod\u00f3k\u00e9pess\u00e9ge miatt a k\u00fcl\u00f6nb\u00f6z\u0151 ter\u00fcleteken, p\u00e9ld\u00e1ul a logisztika, az \u00e9p\u00edt\u0151ipar \u00e9s az ipari karbantart\u00e1s ter\u00fclet\u00e9n is \u00e9rt\u00e9kes. Az \u00e9p\u00edt\u0151iparban p\u00e9ld\u00e1ul ez a teherb\u00edr\u00e1si tartom\u00e1ny alkalmas gerend\u00e1k pozicion\u00e1l\u00e1s\u00e1ra, neh\u00e9zg\u00e9pek r\u00f6gz\u00edt\u00e9s\u00e9re vagy alapvet\u0151 \u00e9p\u00edt\u0151anyagok mozgat\u00e1s\u00e1ra. A hevederhevederek k\u00f6nny\u0171, m\u00e9gis robusztus kialak\u00edt\u00e1sa egyszer\u0171s\u00edti a teher kezel\u00e9s\u00e9t ezekben a helyzetekben, \u00e9s az ac\u00e9ll\u00e1ncokkal ellent\u00e9tben a szintetikus anyag minimaliz\u00e1lja a fel\u00fcleti s\u00e9r\u00fcl\u00e9sek kock\u00e1zat\u00e1t. A logisztik\u00e1ban \u00e9s rakt\u00e1roz\u00e1sban a 2 tonn\u00e1s kapacit\u00e1s k\u00f6zepes s\u00faly\u00fa sz\u00e1ll\u00edtm\u00e1nyok \u00e9s anyagok befogad\u00e1s\u00e1ra alkalmas, ide\u00e1lis a rakom\u00e1ny stabilit\u00e1s\u00e1t \u00e9s gondos kezel\u00e9st egyar\u00e1nt ig\u00e9nyl\u0151 helyzetekben.<\/p>\n<p>Az er\u0151n \u00e9s tart\u00f3ss\u00e1gon t\u00fal a v\u00e1s\u00e1rl\u00f3k gyakran \u00e9rt\u00e9kelik a hagyom\u00e1nyos emel\u0151l\u00e1ncokhoz vagy k\u00f6telekhez k\u00e9pest a hevederek rugalmass\u00e1g\u00e1t. A szintetikus anyag lehet\u0151v\u00e9 teszi a k\u00f6nnyebb man\u0151verez\u00e9st, \u00edgy praktikus a sz\u0171k helyeken vagy egyedi teherkonfigur\u00e1ci\u00f3kban v\u00e9gzett emel\u00e9si m\u0171veletekhez. Ezenk\u00edv\u00fcl a 2 tonn\u00e1s hevederek kialak\u00edt\u00e1sa biztons\u00e1gosabb, stabilabb emel\u00e9seket tesz lehet\u0151v\u00e9, n\u00f6velve a kezel\u0151 bizalm\u00e1t \u00e9s cs\u00f6kkentve a balesetek vagy anyagi k\u00e1rok kock\u00e1zat\u00e1t. A Qingdao H&amp;F a min\u0151s\u00e9gre \u00e9s a teljes\u00edtm\u00e9nyre \u00f6sszpontos\u00edtva minden egyes heveder praktikus, biztons\u00e1gos \u00e9s sokoldal\u00fa megold\u00e1st k\u00edn\u00e1l a k\u00fcl\u00f6nb\u00f6z\u0151 ipar\u00e1gak sz\u00e1m\u00e1ra.<\/p>\n<h3><strong>Qingdao H&amp;F elk\u00f6telezetts\u00e9ge a szolg\u00e1ltat\u00e1s \u00e9s a min\u0151s\u00e9gbiztos\u00edt\u00e1s ir\u00e1nt<\/strong><\/h3>\n<p>A Qingdao H&amp;F nemcsak kiv\u00e1l\u00f3 min\u0151s\u00e9g\u0171 term\u00e9keket k\u00edn\u00e1l, hanem arra is \u00f6sszpontos\u00edt, hogy kiv\u00e9teles v\u00e1s\u00e1rl\u00e1si \u00e9lm\u00e9nyt ny\u00fajtson. A 2 tonn\u00e1s heveder hevederhez \u00e1tfog\u00f3 vizsg\u00e1lati jelent\u00e9s tartozik, amely biztos\u00edtja a term\u00e9kmin\u0151s\u00e9g \u00e1tl\u00e1that\u00f3s\u00e1g\u00e1t \u00e9s az ipari szabv\u00e1nyoknak val\u00f3 megfelel\u00e9st. Minden jelent\u00e9s r\u00e9szletezi a kritikus teljes\u00edtm\u00e9nymutat\u00f3kat, \u00edgy a v\u00e1s\u00e1rl\u00f3k b\u00edznak a befektet\u00e9s\u00fckben. A terhelhet\u0151s\u00e9g ellen\u0151rz\u00e9s\u00e9vel \u00e9s a term\u00e9k tart\u00f3ss\u00e1g\u00e1nak meger\u0151s\u00edt\u00e9s\u00e9vel ezek a jelent\u00e9sek alapvet\u0151 betekint\u00e9st ny\u00fajtanak a biztons\u00e1gos \u00e9s hat\u00e9kony emel\u00e9si megold\u00e1sokat el\u0151t\u00e9rbe helyez\u0151 v\u00e1llalkoz\u00e1sok sz\u00e1m\u00e1ra.<\/p>\n<p>Ezen t\u00falmen\u0151en a Qingdao H&amp;F \u00fcgyf\u00e9lszolg\u00e1lat ir\u00e1nti elk\u00f6telezetts\u00e9ge n\u00f6veli hevedereink \u00e9rt\u00e9k\u00e9t. Csapatunk szem\u00e9lyes t\u00e1mogat\u00e1ssal seg\u00edti \u00fcgyfeleinket a m\u0171k\u00f6d\u00e9si ig\u00e9nyeiknek megfelel\u0151 term\u00e9kek kiv\u00e1laszt\u00e1s\u00e1ban. Ez a szem\u00e9lyre szabott szolg\u00e1ltat\u00e1s a v\u00e1s\u00e1rl\u00e1s ut\u00e1n is folytat\u00f3dik, \u00fatmutat\u00e1st ny\u00fajtva a term\u00e9k \u00e9lettartam\u00e1t meghosszabb\u00edt\u00f3 karbantart\u00e1si gyakorlatokkal kapcsolatban. Tov\u00e1bb\u00e1 gyors sz\u00e1ll\u00edt\u00e1si ciklusaink igazodnak \u00fcgyfeleink id\u0151\u00e9rz\u00e9keny ig\u00e9nyeihez, biztos\u00edtva, hogy a hevedereket azonnal megkapj\u00e1k, \u00e9s \u00edgy elker\u00fclj\u00e9k a k\u00e9sedelmeket a m\u0171k\u00f6d\u00e9s\u00fckben.<\/p>\n<p>A min\u0151s\u00e9gre, megb\u00edzhat\u00f3s\u00e1gra \u00e9s hat\u00e9kony szolg\u00e1ltat\u00e1sra \u00f6sszpontos\u00edt\u00f3 v\u00e1s\u00e1rl\u00f3k sz\u00e1m\u00e1ra a Qingdao H&amp;F \u00e1tfog\u00f3 megold\u00e1st k\u00edn\u00e1l a 2 tonn\u00e1s hevederes hevederrel. Ez a term\u00e9k er\u0151t \u00e9s rugalmass\u00e1got testes\u00edt meg, valamint elk\u00f6telezetts\u00e9get mutat az \u00fcgyfelek logisztikai \u00e9s biztons\u00e1gi ig\u00e9nyeinek kiel\u00e9g\u00edt\u00e9s\u00e9re. Minden egyes heveder hevederrel a v\u00e1s\u00e1rl\u00f3k nemcsak egy cs\u00facsmin\u0151s\u00e9g\u0171 emel\u0151eszk\u00f6zb\u0151l, hanem egy kiv\u00e1l\u00f3s\u00e1g ir\u00e1nt elk\u00f6telezett v\u00e1llalat t\u00e1mogat\u00e1s\u00e1b\u00f3l \u00e9s biztos\u00edt\u00e9k\u00e1b\u00f3l is profit\u00e1lhatnak.<\/p>\n<\/div>\n<\/div>\n<\/div>\n<\/div>\n<div class=\"mb-2 flex gap-3 empty:hidden -ml-2\">\n<div class=\"items-center justify-start rounded-xl p-1 flex\">\n<div class=\"flex items-center\"><\/div>\n<\/div>\n<\/div>","protected":false},"excerpt":{"rendered":"<p>A Qingdao H&amp;F 2 tonn\u00e1s hevederes heveder megb\u00edzhat\u00f3, nagy kapacit\u00e1s\u00fa megold\u00e1s k\u00fcl\u00f6nb\u00f6z\u0151 emel\u00e9si alkalmaz\u00e1sokhoz. A v\u00e1s\u00e1rl\u00f3k gyakran olyan t\u00e9nyez\u0151ket helyeznek el\u0151t\u00e9rbe, mint a teherbiztons\u00e1g, a tart\u00f3ss\u00e1g \u00e9s a k\u00f6nny\u0171 kezelhet\u0151s\u00e9g, amelyeket ez a heveder heveder mind biztos\u00edt. Az er\u0151s szintetikus sz\u00e1lakb\u00f3l k\u00e9sz\u00fclt heveder ellen\u00e1ll az ig\u00e9nyes k\u00f6r\u00fclm\u00e9nyeknek, megb\u00edzhat\u00f3 teljes\u00edtm\u00e9nyt ny\u00fajtva. Kereskedelmi v\u00e1llalatk\u00e9nt a Qingdao H&amp;F jelent\u0151s el\u0151ny\u00f6ket ny\u00fajt, bele\u00e9rtve az egy az egyhez \u00fcgyf\u00e9lszolg\u00e1latot, a gyors sz\u00e1ll\u00edt\u00e1si ciklusokat \u00e9s a r\u00e9szletes min\u0151s\u00e9gellen\u0151rz\u00e9si jelent\u00e9seket, biztos\u00edtva, hogy minden term\u00e9k megfeleljen a szigor\u00fa szabv\u00e1nyoknak \u00e9s a v\u00e1s\u00e1rl\u00f3i elv\u00e1r\u00e1soknak.<\/p>","protected":false},"featured_media":8196,"comment_status":"open","ping_status":"closed","template":"","meta":{"site-sidebar-layout":"default","site-content-layout":"","ast-site-content-layout":"default","site-content-style":"default","site-sidebar-style":"default","ast-global-header-display":"","ast-banner-title-visibility":"","ast-main-header-display":"","ast-hfb-above-header-display":"","ast-hfb-below-header-display":"","ast-hfb-mobile-header-display":"","site-post-title":"","ast-breadcrumbs-content":"","ast-featured-img":"","footer-sml-layout":"","theme-transparent-header-meta":"default","adv-header-id-meta":"","stick-header-meta":"default","header-above-stick-meta":"","header-main-stick-meta":"","header-below-stick-meta":"","astra-migrate-meta-layouts":"set","ast-page-background-enabled":"default","ast-page-background-meta":{"desktop":{"background-color":"","background-image":"","background-repeat":"repeat","background-position":"center center","background-size":"auto","background-attachment":"scroll","background-type":"","background-media":"","overlay-type":"","overlay-color":"","overlay-opacity":"","overlay-gradient":""},"tablet":{"background-color":"","background-image":"","background-repeat":"repeat","background-position":"center center","background-size":"auto","background-attachment":"scroll","background-type":"","background-media":"","overlay-type":"","overlay-color":"","overlay-opacity":"","overlay-gradient":""},"mobile":{"background-color":"","background-image":"","background-repeat":"repeat","background-position":"center center","background-size":"auto","background-attachment":"scroll","background-type":"","background-media":"","overlay-type":"","overlay-color":"","overlay-opacity":"","overlay-gradient":""}},"ast-content-background-meta":{"desktop":{"background-color":"var(--ast-global-color-5)","background-image":"","background-repeat":"repeat","background-position":"center center","background-size":"auto","background-attachment":"scroll","background-type":"","background-media":"","overlay-type":"","overlay-color":"","overlay-opacity":"","overlay-gradient":""},"tablet":{"background-color":"var(--ast-global-color-5)","background-image":"","background-repeat":"repeat","background-position":"center center","background-size":"auto","background-attachment":"scroll","background-type":"","background-media":"","overlay-type":"","overlay-color":"","overlay-opacity":"","overlay-gradient":""},"mobile":{"background-color":"var(--ast-global-color-5)","background-image":"","background-repeat":"repeat","background-position":"center center","background-size":"auto","background-attachment":"scroll","background-type":"","background-media":"","overlay-type":"","overlay-color":"","overlay-opacity":"","overlay-gradient":""}}},"product_brand":[],"product_cat":[39],"product_tag":[],"class_list":{"0":"post-8277","1":"product","2":"type-product","3":"status-publish","4":"has-post-thumbnail","6":"product_cat-webbing-sling","7":"desktop-align-left","8":"tablet-align-left","9":"mobile-align-left","10":"ast-product-gallery-layout-horizontal-slider","11":"ast-product-gallery-with-no-image","12":"ast-product-tabs-layout-horizontal","14":"first","15":"instock","16":"shipping-taxable","17":"purchasable","18":"product-type-simple"},"yoast_head":"<!-- This site is optimized with the Yoast SEO plugin v25.2 - https:\/\/yoast.com\/wordpress\/plugins\/seo\/ -->\n<title>Flat Webbing Sling 2 Ton Polyester Double Duplex<\/title>\n<meta name=\"robots\" content=\"index, follow, max-snippet:-1, max-image-preview:large, max-video-preview:-1\" \/>\n<link rel=\"canonical\" href=\"https:\/\/qingdaohf.com\/hu\/termek\/heveder-2-tonnas-heveder\/\" \/>\n<meta property=\"og:locale\" content=\"hu_HU\" \/>\n<meta property=\"og:type\" content=\"article\" \/>\n<meta property=\"og:title\" content=\"Flat Webbing Sling 2 Ton Polyester Double Duplex\" \/>\n<meta property=\"og:description\" content=\"The 2-ton webbing sling from Qingdao H&amp;F is a dependable, high-capacity solution for various lifting applications. Buyers often prioritize factors like load security, durability, and ease of handling, all of which this webbing sling provides. Crafted with strong synthetic fibers, it withstands demanding conditions, offering reliable performance. As a trading company, Qingdao H&amp;F delivers significant benefits, including one-to-one customer service, rapid delivery cycles, and detailed quality inspection reports, ensuring each product meets rigorous standards and buyer expectations.\" \/>\n<meta property=\"og:url\" content=\"https:\/\/qingdaohf.com\/hu\/termek\/heveder-2-tonnas-heveder\/\" \/>\n<meta property=\"og:site_name\" content=\"Concrete Form &amp; Rigging Hardware Supplier\" \/>\n<meta property=\"article:publisher\" content=\"https:\/\/www.facebook.com\/qingdaohf\" \/>\n<meta property=\"article:modified_time\" content=\"2025-11-13T01:02:53+00:00\" \/>\n<meta property=\"og:image\" content=\"https:\/\/qingdaohf.com\/wp-content\/uploads\/2024\/10\/2-ton_1.webp\" \/>\n\t<meta property=\"og:image:width\" content=\"1000\" \/>\n\t<meta property=\"og:image:height\" content=\"1000\" \/>\n\t<meta property=\"og:image:type\" content=\"image\/webp\" \/>\n<meta name=\"twitter:card\" content=\"summary_large_image\" \/>\n<meta name=\"twitter:label1\" content=\"Becs\u00fclt olvas\u00e1si id\u0151\" \/>\n\t<meta name=\"twitter:data1\" content=\"4 perc\" \/>\n<script type=\"application\/ld+json\" class=\"yoast-schema-graph\">{\"@context\":\"https:\/\/schema.org\",\"@graph\":[{\"@type\":\"WebPage\",\"@id\":\"https:\/\/qingdaohf.com\/product\/webbing-sling-2-ton\/\",\"url\":\"https:\/\/qingdaohf.com\/product\/webbing-sling-2-ton\/\",\"name\":\"Flat Webbing Sling 2 Ton Polyester Double Duplex\",\"isPartOf\":{\"@id\":\"https:\/\/qingdaohf.com\/bg\/#website\"},\"primaryImageOfPage\":{\"@id\":\"https:\/\/qingdaohf.com\/product\/webbing-sling-2-ton\/#primaryimage\"},\"image\":{\"@id\":\"https:\/\/qingdaohf.com\/product\/webbing-sling-2-ton\/#primaryimage\"},\"thumbnailUrl\":\"https:\/\/qingdaohf.com\/wp-content\/uploads\/2024\/10\/2-ton_1.webp\",\"datePublished\":\"2024-11-05T06:01:41+00:00\",\"dateModified\":\"2025-11-13T01:02:53+00:00\",\"breadcrumb\":{\"@id\":\"https:\/\/qingdaohf.com\/product\/webbing-sling-2-ton\/#breadcrumb\"},\"inLanguage\":\"hu\",\"potentialAction\":[{\"@type\":\"ReadAction\",\"target\":[\"https:\/\/qingdaohf.com\/product\/webbing-sling-2-ton\/\"]}]},{\"@type\":\"ImageObject\",\"inLanguage\":\"hu\",\"@id\":\"https:\/\/qingdaohf.com\/product\/webbing-sling-2-ton\/#primaryimage\",\"url\":\"https:\/\/qingdaohf.com\/wp-content\/uploads\/2024\/10\/2-ton_1.webp\",\"contentUrl\":\"https:\/\/qingdaohf.com\/wp-content\/uploads\/2024\/10\/2-ton_1.webp\",\"width\":1000,\"height\":1000,\"caption\":\"webbing sling 2 ton\"},{\"@type\":\"BreadcrumbList\",\"@id\":\"https:\/\/qingdaohf.com\/product\/webbing-sling-2-ton\/#breadcrumb\",\"itemListElement\":[{\"@type\":\"ListItem\",\"position\":1,\"name\":\"Home\",\"item\":\"https:\/\/qingdaohf.com\/\"},{\"@type\":\"ListItem\",\"position\":2,\"name\":\"Concrete Forming Accessories and Rigging Hardware\",\"item\":\"https:\/\/qingdaohf.com\/bg\/?page_id=944\"},{\"@type\":\"ListItem\",\"position\":3,\"name\":\"Flat Webbing Sling 2 Ton Polyester Double Duplex\"}]},{\"@type\":\"WebSite\",\"@id\":\"https:\/\/qingdaohf.com\/bg\/#website\",\"url\":\"https:\/\/qingdaohf.com\/bg\/\",\"name\":\"Concrete Form & Rigging Hardware Supplier\",\"description\":\"\",\"publisher\":{\"@id\":\"https:\/\/qingdaohf.com\/bg\/#organization\"},\"potentialAction\":[{\"@type\":\"SearchAction\",\"target\":{\"@type\":\"EntryPoint\",\"urlTemplate\":\"https:\/\/qingdaohf.com\/bg\/?s={search_term_string}\"},\"query-input\":{\"@type\":\"PropertyValueSpecification\",\"valueRequired\":true,\"valueName\":\"search_term_string\"}}],\"inLanguage\":\"hu\"},{\"@type\":\"Organization\",\"@id\":\"https:\/\/qingdaohf.com\/bg\/#organization\",\"name\":\"Qingdao H&F\",\"url\":\"https:\/\/qingdaohf.com\/bg\/\",\"logo\":{\"@type\":\"ImageObject\",\"inLanguage\":\"hu\",\"@id\":\"https:\/\/qingdaohf.com\/bg\/#\/schema\/logo\/image\/\",\"url\":\"https:\/\/qingdaohf.com\/wp-content\/uploads\/2022\/12\/cropped-HF-LOGO.png\",\"contentUrl\":\"https:\/\/qingdaohf.com\/wp-content\/uploads\/2022\/12\/cropped-HF-LOGO.png\",\"width\":391,\"height\":249,\"caption\":\"Qingdao H&F\"},\"image\":{\"@id\":\"https:\/\/qingdaohf.com\/bg\/#\/schema\/logo\/image\/\"},\"sameAs\":[\"https:\/\/www.facebook.com\/qingdaohf\"]}]}<\/script>\n<!-- \/ Yoast SEO plugin. -->","yoast_head_json":{"title":"Flat Webbing Sling 2 Ton Polyester Double Duplex","robots":{"index":"index","follow":"follow","max-snippet":"max-snippet:-1","max-image-preview":"max-image-preview:large","max-video-preview":"max-video-preview:-1"},"canonical":"https:\/\/qingdaohf.com\/hu\/termek\/heveder-2-tonnas-heveder\/","og_locale":"hu_HU","og_type":"article","og_title":"Flat Webbing Sling 2 Ton Polyester Double Duplex","og_description":"The 2-ton webbing sling from Qingdao H&amp;F is a dependable, high-capacity solution for various lifting applications. Buyers often prioritize factors like load security, durability, and ease of handling, all of which this webbing sling provides. Crafted with strong synthetic fibers, it withstands demanding conditions, offering reliable performance. As a trading company, Qingdao H&amp;F delivers significant benefits, including one-to-one customer service, rapid delivery cycles, and detailed quality inspection reports, ensuring each product meets rigorous standards and buyer expectations.","og_url":"https:\/\/qingdaohf.com\/hu\/termek\/heveder-2-tonnas-heveder\/","og_site_name":"Concrete Form &amp; Rigging Hardware Supplier","article_publisher":"https:\/\/www.facebook.com\/qingdaohf","article_modified_time":"2025-11-13T01:02:53+00:00","og_image":[{"width":1000,"height":1000,"url":"https:\/\/qingdaohf.com\/wp-content\/uploads\/2024\/10\/2-ton_1.webp","type":"image\/webp"}],"twitter_card":"summary_large_image","twitter_misc":{"Becs\u00fclt olvas\u00e1si id\u0151":"4 perc"},"schema":{"@context":"https:\/\/schema.org","@graph":[{"@type":"WebPage","@id":"https:\/\/qingdaohf.com\/product\/webbing-sling-2-ton\/","url":"https:\/\/qingdaohf.com\/product\/webbing-sling-2-ton\/","name":"Flat Webbing Sling 2 Ton Polyester Double Duplex","isPartOf":{"@id":"https:\/\/qingdaohf.com\/bg\/#website"},"primaryImageOfPage":{"@id":"https:\/\/qingdaohf.com\/product\/webbing-sling-2-ton\/#primaryimage"},"image":{"@id":"https:\/\/qingdaohf.com\/product\/webbing-sling-2-ton\/#primaryimage"},"thumbnailUrl":"https:\/\/qingdaohf.com\/wp-content\/uploads\/2024\/10\/2-ton_1.webp","datePublished":"2024-11-05T06:01:41+00:00","dateModified":"2025-11-13T01:02:53+00:00","breadcrumb":{"@id":"https:\/\/qingdaohf.com\/product\/webbing-sling-2-ton\/#breadcrumb"},"inLanguage":"hu","potentialAction":[{"@type":"ReadAction","target":["https:\/\/qingdaohf.com\/product\/webbing-sling-2-ton\/"]}]},{"@type":"ImageObject","inLanguage":"hu","@id":"https:\/\/qingdaohf.com\/product\/webbing-sling-2-ton\/#primaryimage","url":"https:\/\/qingdaohf.com\/wp-content\/uploads\/2024\/10\/2-ton_1.webp","contentUrl":"https:\/\/qingdaohf.com\/wp-content\/uploads\/2024\/10\/2-ton_1.webp","width":1000,"height":1000,"caption":"webbing sling 2 ton"},{"@type":"BreadcrumbList","@id":"https:\/\/qingdaohf.com\/product\/webbing-sling-2-ton\/#breadcrumb","itemListElement":[{"@type":"ListItem","position":1,"name":"Home","item":"https:\/\/qingdaohf.com\/"},{"@type":"ListItem","position":2,"name":"Concrete Forming Accessories and Rigging Hardware","item":"https:\/\/qingdaohf.com\/bg\/?page_id=944"},{"@type":"ListItem","position":3,"name":"Flat Webbing Sling 2 Ton Polyester Double Duplex"}]},{"@type":"WebSite","@id":"https:\/\/qingdaohf.com\/bg\/#website","url":"https:\/\/qingdaohf.com\/bg\/","name":"Concrete Form & Rigging Hardware Supplier","description":"","publisher":{"@id":"https:\/\/qingdaohf.com\/bg\/#organization"},"potentialAction":[{"@type":"SearchAction","target":{"@type":"EntryPoint","urlTemplate":"https:\/\/qingdaohf.com\/bg\/?s={search_term_string}"},"query-input":{"@type":"PropertyValueSpecification","valueRequired":true,"valueName":"search_term_string"}}],"inLanguage":"hu"},{"@type":"Organization","@id":"https:\/\/qingdaohf.com\/bg\/#organization","name":"Qingdao H&F","url":"https:\/\/qingdaohf.com\/bg\/","logo":{"@type":"ImageObject","inLanguage":"hu","@id":"https:\/\/qingdaohf.com\/bg\/#\/schema\/logo\/image\/","url":"https:\/\/qingdaohf.com\/wp-content\/uploads\/2022\/12\/cropped-HF-LOGO.png","contentUrl":"https:\/\/qingdaohf.com\/wp-content\/uploads\/2022\/12\/cropped-HF-LOGO.png","width":391,"height":249,"caption":"Qingdao H&F"},"image":{"@id":"https:\/\/qingdaohf.com\/bg\/#\/schema\/logo\/image\/"},"sameAs":["https:\/\/www.facebook.com\/qingdaohf"]}]}},"_links":{"self":[{"href":"https:\/\/qingdaohf.com\/hu\/wp-json\/wp\/v2\/product\/8277","targetHints":{"allow":["GET"]}}],"collection":[{"href":"https:\/\/qingdaohf.com\/hu\/wp-json\/wp\/v2\/product"}],"about":[{"href":"https:\/\/qingdaohf.com\/hu\/wp-json\/wp\/v2\/types\/product"}],"replies":[{"embeddable":true,"href":"https:\/\/qingdaohf.com\/hu\/wp-json\/wp\/v2\/comments?post=8277"}],"version-history":[{"count":3,"href":"https:\/\/qingdaohf.com\/hu\/wp-json\/wp\/v2\/product\/8277\/revisions"}],"predecessor-version":[{"id":8339,"href":"https:\/\/qingdaohf.com\/hu\/wp-json\/wp\/v2\/product\/8277\/revisions\/8339"}],"wp:featuredmedia":[{"embeddable":true,"href":"https:\/\/qingdaohf.com\/hu\/wp-json\/wp\/v2\/media\/8196"}],"wp:attachment":[{"href":"https:\/\/qingdaohf.com\/hu\/wp-json\/wp\/v2\/media?parent=8277"}],"wp:term":[{"taxonomy":"product_brand","embeddable":true,"href":"https:\/\/qingdaohf.com\/hu\/wp-json\/wp\/v2\/product_brand?post=8277"},{"taxonomy":"product_cat","embeddable":true,"href":"https:\/\/qingdaohf.com\/hu\/wp-json\/wp\/v2\/product_cat?post=8277"},{"taxonomy":"product_tag","embeddable":true,"href":"https:\/\/qingdaohf.com\/hu\/wp-json\/wp\/v2\/product_tag?post=8277"}],"curies":[{"name":"wp","href":"https:\/\/api.w.org\/{rel}","templated":true}]}}