{"id":8285,"date":"2024-11-05T17:54:41","date_gmt":"2024-11-05T09:54:41","guid":{"rendered":"http:\/\/qingdaohf.com\/?post_type=product&#038;p=8285"},"modified":"2025-11-13T09:02:53","modified_gmt":"2025-11-13T01:02:53","slug":"webbing-sling-5-ton","status":"publish","type":"product","link":"https:\/\/qingdaohf.com\/hu\/termek\/heveder-heveder-5-tonna\/","title":{"rendered":"Lapos heveder heveder 5 tonna poli\u00e9szter dupla duplex"},"content":{"rendered":"<h4>Az 5 tonn\u00e1s heveder alapvet\u0151 tulajdons\u00e1gai: Tart\u00f3ss\u00e1g, biztons\u00e1g \u00e9s teljes\u00edtm\u00e9ny<\/h4>\n<p>A Qingdao H &amp; F 5 tonn\u00e1s hevederes hevedert \u00fagy tervezt\u00e9k, hogy ig\u00e9nyes emel\u00e9si alkalmaz\u00e1sokat kezeljen, ahol az er\u0151 \u00e9s a biztons\u00e1g a legfontosabb priorit\u00e1sok. A kiv\u00e1l\u00f3 min\u0151s\u00e9g\u0171 poli\u00e9szterb\u0151l k\u00e9sz\u00fclt heveder kiv\u00e9teles kop\u00e1s\u00e1ll\u00f3s\u00e1got, UV-sug\u00e1rz\u00e1st \u00e9s kop\u00e1st biztos\u00edt, \u00edgy tart\u00f3s megold\u00e1st jelent az ism\u00e9tl\u0151d\u0151 neh\u00e9z emel\u00e9si feladatokhoz. Az 5 tonn\u00e1s teherb\u00edr\u00e1s rugalmass\u00e1got k\u00edn\u00e1l a k\u00fcl\u00f6nb\u00f6z\u0151 ipar\u00e1gak sz\u00e1m\u00e1ra, az \u00e9p\u00edt\u0151ipart\u00f3l \u00e9s a logisztik\u00e1t\u00f3l a sz\u00e1ll\u00edtm\u00e1nyoz\u00e1sig \u00e9s a gy\u00e1rt\u00e1sig, ahol a megb\u00edzhat\u00f3s\u00e1g kulcsfontoss\u00e1g\u00fa.<\/p>\n<p>A term\u00e9kek tart\u00f3ss\u00e1g\u00e1\u00e9rt agg\u00f3d\u00f3 v\u00e1s\u00e1rl\u00f3k a Qingdao H&amp;F min\u0151s\u00e9g ir\u00e1nti elk\u00f6telezetts\u00e9g\u00e9ben biztosak lehetnek. Minden egyes 5 tonn\u00e1s heveder alapos min\u0151s\u00e9gellen\u0151rz\u00e9sen megy kereszt\u00fcl, \u00e9s a mell\u00e9kelt vizsg\u00e1lati jelent\u00e9sekkel ellen\u0151rizhet\u0151, hogy a term\u00e9k megfelel-e az ipari szabv\u00e1nyoknak. A heveder konstrukci\u00f3ja t\u00e1mogatja a teher stabilit\u00e1s\u00e1t \u00e9s megakad\u00e1lyozza az elmozdul\u00e1st, cs\u00f6kkentve a balesetek val\u00f3sz\u00edn\u0171s\u00e9g\u00e9t az emel\u00e9si m\u0171veletek sor\u00e1n. Emellett a Qingdao H&amp;F gyors sz\u00e1ll\u00edt\u00e1sra \u00e9s \u00e9rz\u00e9keny \u00fcgyf\u00e9lszolg\u00e1latra vonatkoz\u00f3 megk\u00f6zel\u00edt\u00e9se biztos\u00edtja, hogy a v\u00e1s\u00e1rl\u00f3k azonnali seg\u00edts\u00e9get kapjanak, \u00e9s k\u00e9sedelem n\u00e9lk\u00fcl megb\u00edzhat\u00f3 berendez\u00e9seket szerezzenek be, megk\u00f6nny\u00edtve a z\u00f6kken\u0151mentes m\u0171k\u00f6d\u00e9st \u00e9s minimaliz\u00e1lva az \u00e1ll\u00e1sid\u0151t.<\/p>\n<h4>Az ipar\u00e1gi ig\u00e9nyeknek val\u00f3 megfelel\u00e9s robusztus biztons\u00e1gi jellemz\u0151kkel<\/h4>\n<p>A biztons\u00e1g kritikus szempont az emel\u0151berendez\u00e9sek kiv\u00e1laszt\u00e1sakor. A Qingdao H&amp;F 5 tonn\u00e1s heveder\u00e9nek tervez\u00e9se az anyagv\u00e1laszt\u00e1s, a konstrukci\u00f3 \u00e9s a tehereloszt\u00f3 mechanizmusok r\u00e9v\u00e9n a biztons\u00e1got helyezi el\u0151t\u00e9rbe. A sz\u00e9les, rugalmas hevederszerkezet alkalmaz\u00e1s\u00e1val ez a heveder sz\u00e9lesebb fel\u00fcleten osztja el a s\u00falyt, megel\u0151zve a nyom\u00e1spontokat, amelyek k\u00e1ros\u00edthatj\u00e1k mind a terhet, mind mag\u00e1t a hevedert. Ez a tulajdons\u00e1g fokozza a stabilit\u00e1st emel\u00e9s k\u00f6zben, cs\u00f6kkentve a hirtelen teherv\u00e1ltoz\u00e1sok kock\u00e1zat\u00e1t \u00e9s biztos\u00edtva az ellen\u0151rz\u00f6tt, biztons\u00e1gos emel\u00e9st.<\/p>\n<p>A szigor\u00fa biztons\u00e1gi megfelel\u00e9st ig\u00e9nyl\u0151 ipar\u00e1gak sz\u00e1m\u00e1ra a Qingdao H&amp;F 5 tonn\u00e1s hevederes heveder\u00e9t \u00fagy gy\u00e1rtj\u00e1k, hogy megfeleljen a nemzetk\u00f6zi emel\u00e9si szabv\u00e1nyoknak. Ez biztos\u00edtja, hogy a heveder ellen\u00e1lljon az ig\u00e9nyes k\u00f6r\u00fclm\u00e9nyeknek, ak\u00e1r robusztus \u00e9p\u00edtkez\u00e9seken, forgalmas logisztikai k\u00f6zpontokban vagy ipari rakt\u00e1rakban haszn\u00e1lj\u00e1k. Az anyagok \u00e9s a formatervez\u00e9si d\u00f6nt\u00e9sek a tart\u00f3ss\u00e1got hangs\u00falyozz\u00e1k an\u00e9lk\u00fcl, hogy a k\u00f6nny\u0171 kezelhet\u0151s\u00e9get fel\u00e1ldozn\u00e1k, lehet\u0151v\u00e9 t\u00e9ve a kezel\u0151k sz\u00e1m\u00e1ra, hogy magabiztosan \u00e9s hat\u00e9konyan dolgozzanak. A biztons\u00e1got el\u0151t\u00e9rbe helyezve ez a hevederes heveder megb\u00edzhat\u00f3 megold\u00e1st jelent a nagy kih\u00edv\u00e1st jelent\u0151 emel\u00e9si feladatokhoz.<\/p>\n<h4>Qingdao H&amp;F: Megb\u00edzhat\u00f3 szolg\u00e1ltat\u00e1s \u00e9s min\u0151s\u00e9gbiztos\u00edt\u00e1s ny\u00fajt\u00e1sa<\/h4>\n<p>A Qingdao H &amp; F B2B kereskedelmi v\u00e1llalatk\u00e9nt szerzett h\u00edrneve a v\u00e1llalkoz\u00e1sok gyakorlati ig\u00e9nyeinek megfelel\u0151 ipari emel\u00e9si megold\u00e1sok ny\u00fajt\u00e1s\u00e1ban szerzett 20 \u00e9ves tapasztalatra \u00e9p\u00fcl. Minden 5 tonn\u00e1s heveder hevederhez r\u00e9szletes min\u0151s\u00e9gellen\u0151rz\u00e9si jelent\u00e9s tartozik, amely kiemeli a Qingdao H&amp;F elk\u00f6telezetts\u00e9g\u00e9t az \u00e1tl\u00e1that\u00f3s\u00e1g \u00e9s a term\u00e9k integrit\u00e1sa ir\u00e1nt. Ezek a jelent\u00e9sek lehet\u0151v\u00e9 teszik a v\u00e1s\u00e1rl\u00f3k sz\u00e1m\u00e1ra, hogy \u00e1ttekints\u00e9k a term\u00e9k vizsg\u00e1lati eredm\u00e9nyeit, biztos\u00edtva a biztons\u00e1gi \u00e9s teljes\u00edtm\u00e9nyszabv\u00e1nyoknak val\u00f3 megfelel\u00e9st. Az ellen\u0151rizhet\u0151 dokument\u00e1ci\u00f3 biztos\u00edt\u00e1s\u00e1val a Qingdao H&amp;F bizalmat ad a v\u00e1s\u00e1rl\u00f3knak a v\u00e1s\u00e1rl\u00e1sukban, n\u00f6velve a bizalmat \u00e9s a megb\u00edzhat\u00f3s\u00e1got.<\/p>\n<p>A Qingdao H&amp;F a kiv\u00e1l\u00f3 min\u0151s\u00e9g\u0171 term\u00e9kek mellett nagy hangs\u00falyt fektet a v\u00e1s\u00e1rl\u00f3i \u00e9lm\u00e9nyre is. Az egyszem\u00e9lyes szolg\u00e1ltat\u00e1si modell lehet\u0151v\u00e9 teszi az \u00fcgyfelek sz\u00e1m\u00e1ra, hogy k\u00f6zvetlen\u00fcl olyan hozz\u00e1\u00e9rt\u0151 k\u00e9pvisel\u0151kkel dolgozzanak egy\u00fctt, akik meg\u00e9rtik egyedi ig\u00e9nyeiket, \u00e9s szem\u00e9lyre szabott tan\u00e1csot adnak a legjobb hevederes hevederhaszn\u00e1lati lehet\u0151s\u00e9gekr\u0151l. Ez a szolg\u00e1ltat\u00e1si megk\u00f6zel\u00edt\u00e9s, a gyors \u00e9s hat\u00e9kony sz\u00e1ll\u00edt\u00e1si ciklussal kombin\u00e1lva, bizony\u00edtja a Qingdao H&amp;F elk\u00f6telezetts\u00e9g\u00e9t az \u00fcgyfelek t\u00e1mogat\u00e1sa ir\u00e1nt a v\u00e1s\u00e1rl\u00e1si folyamat minden szakasz\u00e1ban. A vev\u0151k olyan egyszer\u0171s\u00edtett \u00e9lm\u00e9nyben r\u00e9szes\u00fclnek, amely minimaliz\u00e1lja a v\u00e1rakoz\u00e1si id\u0151t \u00e9s maximaliz\u00e1lja az alapvet\u0151 felszerel\u00e9sek rendelkez\u00e9sre \u00e1ll\u00e1s\u00e1t, lehet\u0151v\u00e9 t\u00e9ve a v\u00e1llalkoz\u00e1sok sz\u00e1m\u00e1ra a m\u0171k\u00f6d\u00e9si hat\u00e9konys\u00e1g fenntart\u00e1s\u00e1t.<\/p>\n<p>A nagy teljes\u00edtm\u00e9ny\u0171 hevederek, az alapos min\u0151s\u00e9gellen\u0151rz\u00e9sek \u00e9s a figyelmes szolg\u00e1ltat\u00e1s kombin\u00e1ci\u00f3j\u00e1val a Qingdao H &amp; F tov\u00e1bbra is megb\u00edzhat\u00f3 szolg\u00e1ltat\u00f3 az ipari emel\u0151piac\u00e1n. Az 5 tonn\u00e1s hevederek j\u00f3l p\u00e9ld\u00e1zz\u00e1k ezt az elk\u00f6telezetts\u00e9get, mivel olyan robusztus, megb\u00edzhat\u00f3 megold\u00e1st k\u00edn\u00e1lnak, amely megfelel a mai ipari k\u00f6rnyezet szigor\u00fa k\u00f6vetelm\u00e9nyeinek.<\/p>","protected":false},"excerpt":{"rendered":"<p>Az 5 tonn\u00e1s hevederes heveder a nagy szil\u00e1rds\u00e1got \u00e9s a rugalmass\u00e1got \u00f6tv\u00f6zi a neh\u00e9z terhek biztons\u00e1gos emel\u00e9s\u00e9hez, \u00e9s megfelel a v\u00e1s\u00e1rl\u00f3knak a tart\u00f3ss\u00e1ggal, biztons\u00e1ggal \u00e9s hat\u00e9konys\u00e1ggal kapcsolatos aggodalmainak. Ez a szigor\u00fa szabv\u00e1nyok szerint gy\u00e1rtott heveder megb\u00edzhat\u00f3an kezeli az 5 tonn\u00e1s s\u00falyt, mik\u00f6zben a k\u00f6nny\u0171 haszn\u00e1lat \u00e9rdek\u00e9ben rugalmas marad. A Qingdao H&amp;F, mint 20 \u00e9ves tapasztalattal rendelkez\u0151 kereskedelmi v\u00e1llalat, biztos\u00edtja, hogy a v\u00e1s\u00e1rl\u00f3k sz\u00e1m\u00e1ra a szem\u00e9lyes \u00fcgyf\u00e9lszolg\u00e1lat, a gyors sz\u00e1ll\u00edt\u00e1si ciklus \u00e9s a r\u00e9szletes min\u0151s\u00e9gellen\u0151rz\u00e9si jelent\u00e9sek el\u0151nyeit \u00e9lvezz\u00e9k. Ez a megk\u00f6zel\u00edt\u00e9s hangs\u00falyozza a min\u0151s\u00e9g, az id\u0151ben t\u00f6rt\u00e9n\u0151 sz\u00e1ll\u00edt\u00e1s \u00e9s az \u00e1tfog\u00f3 t\u00e1mogat\u00e1s ir\u00e1nti elk\u00f6telezetts\u00e9g\u00fcnket, z\u00f6kken\u0151mentes v\u00e1s\u00e1rl\u00e1si \u00e9lm\u00e9nyt biztos\u00edtva.<\/p>","protected":false},"featured_media":8191,"comment_status":"open","ping_status":"closed","template":"","meta":{"site-sidebar-layout":"default","site-content-layout":"","ast-site-content-layout":"default","site-content-style":"default","site-sidebar-style":"default","ast-global-header-display":"","ast-banner-title-visibility":"","ast-main-header-display":"","ast-hfb-above-header-display":"","ast-hfb-below-header-display":"","ast-hfb-mobile-header-display":"","site-post-title":"","ast-breadcrumbs-content":"","ast-featured-img":"","footer-sml-layout":"","theme-transparent-header-meta":"default","adv-header-id-meta":"","stick-header-meta":"default","header-above-stick-meta":"","header-main-stick-meta":"","header-below-stick-meta":"","astra-migrate-meta-layouts":"set","ast-page-background-enabled":"default","ast-page-background-meta":{"desktop":{"background-color":"","background-image":"","background-repeat":"repeat","background-position":"center center","background-size":"auto","background-attachment":"scroll","background-type":"","background-media":"","overlay-type":"","overlay-color":"","overlay-opacity":"","overlay-gradient":""},"tablet":{"background-color":"","background-image":"","background-repeat":"repeat","background-position":"center center","background-size":"auto","background-attachment":"scroll","background-type":"","background-media":"","overlay-type":"","overlay-color":"","overlay-opacity":"","overlay-gradient":""},"mobile":{"background-color":"","background-image":"","background-repeat":"repeat","background-position":"center center","background-size":"auto","background-attachment":"scroll","background-type":"","background-media":"","overlay-type":"","overlay-color":"","overlay-opacity":"","overlay-gradient":""}},"ast-content-background-meta":{"desktop":{"background-color":"var(--ast-global-color-5)","background-image":"","background-repeat":"repeat","background-position":"center center","background-size":"auto","background-attachment":"scroll","background-type":"","background-media":"","overlay-type":"","overlay-color":"","overlay-opacity":"","overlay-gradient":""},"tablet":{"background-color":"var(--ast-global-color-5)","background-image":"","background-repeat":"repeat","background-position":"center center","background-size":"auto","background-attachment":"scroll","background-type":"","background-media":"","overlay-type":"","overlay-color":"","overlay-opacity":"","overlay-gradient":""},"mobile":{"background-color":"var(--ast-global-color-5)","background-image":"","background-repeat":"repeat","background-position":"center center","background-size":"auto","background-attachment":"scroll","background-type":"","background-media":"","overlay-type":"","overlay-color":"","overlay-opacity":"","overlay-gradient":""}}},"product_brand":[],"product_cat":[39],"product_tag":[],"class_list":{"0":"post-8285","1":"product","2":"type-product","3":"status-publish","4":"has-post-thumbnail","6":"product_cat-webbing-sling","7":"desktop-align-left","8":"tablet-align-left","9":"mobile-align-left","10":"ast-product-gallery-layout-horizontal-slider","11":"ast-product-gallery-with-no-image","12":"ast-product-tabs-layout-horizontal","14":"first","15":"instock","16":"shipping-taxable","17":"purchasable","18":"product-type-simple"},"yoast_head":"<!-- This site is optimized with the Yoast SEO plugin v25.2 - https:\/\/yoast.com\/wordpress\/plugins\/seo\/ -->\n<title>Flat Webbing Sling 5 Ton Polyester Double Duplex<\/title>\n<meta name=\"robots\" content=\"index, follow, max-snippet:-1, max-image-preview:large, max-video-preview:-1\" \/>\n<link rel=\"canonical\" href=\"https:\/\/qingdaohf.com\/hu\/termek\/heveder-heveder-5-tonna\/\" \/>\n<meta property=\"og:locale\" content=\"hu_HU\" \/>\n<meta property=\"og:type\" content=\"article\" \/>\n<meta property=\"og:title\" content=\"Flat Webbing Sling 5 Ton Polyester Double Duplex\" \/>\n<meta property=\"og:description\" content=\"5-Ton Webbing Sling combines high strength and resilience to safely lift heavy loads, addressing buyers&#039; concerns about durability, safety, and efficiency. Manufactured to rigorous standards, this webbing sling reliably handles up to 5 tons while maintaining flexibility for ease of use. As an established trading company with 20 years of experience, Qingdao H&amp;F ensures that buyers benefit from one-on-one customer service, a fast delivery cycle, and detailed quality inspection reports. This approach emphasizes our commitment to quality, timely delivery, and comprehensive support, providing a seamless purchasing experience.\" \/>\n<meta property=\"og:url\" content=\"https:\/\/qingdaohf.com\/hu\/termek\/heveder-heveder-5-tonna\/\" \/>\n<meta property=\"og:site_name\" content=\"Concrete Form &amp; Rigging Hardware Supplier\" \/>\n<meta property=\"article:publisher\" content=\"https:\/\/www.facebook.com\/qingdaohf\" \/>\n<meta property=\"article:modified_time\" content=\"2025-11-13T01:02:53+00:00\" \/>\n<meta property=\"og:image\" content=\"https:\/\/qingdaohf.com\/wp-content\/uploads\/2024\/10\/Heavy-Duty-5-ton-webbing-sling_1.webp\" \/>\n\t<meta property=\"og:image:width\" content=\"1000\" \/>\n\t<meta property=\"og:image:height\" content=\"1000\" \/>\n\t<meta property=\"og:image:type\" content=\"image\/webp\" \/>\n<meta name=\"twitter:card\" content=\"summary_large_image\" \/>\n<meta name=\"twitter:label1\" content=\"Becs\u00fclt olvas\u00e1si id\u0151\" \/>\n\t<meta name=\"twitter:data1\" content=\"3 perc\" \/>\n<script type=\"application\/ld+json\" class=\"yoast-schema-graph\">{\"@context\":\"https:\/\/schema.org\",\"@graph\":[{\"@type\":\"WebPage\",\"@id\":\"https:\/\/qingdaohf.com\/product\/webbing-sling-5-ton\/\",\"url\":\"https:\/\/qingdaohf.com\/product\/webbing-sling-5-ton\/\",\"name\":\"Flat Webbing Sling 5 Ton Polyester Double Duplex\",\"isPartOf\":{\"@id\":\"https:\/\/qingdaohf.com\/bg\/#website\"},\"primaryImageOfPage\":{\"@id\":\"https:\/\/qingdaohf.com\/product\/webbing-sling-5-ton\/#primaryimage\"},\"image\":{\"@id\":\"https:\/\/qingdaohf.com\/product\/webbing-sling-5-ton\/#primaryimage\"},\"thumbnailUrl\":\"https:\/\/qingdaohf.com\/wp-content\/uploads\/2024\/10\/Heavy-Duty-5-ton-webbing-sling_1.webp\",\"datePublished\":\"2024-11-05T09:54:41+00:00\",\"dateModified\":\"2025-11-13T01:02:53+00:00\",\"breadcrumb\":{\"@id\":\"https:\/\/qingdaohf.com\/product\/webbing-sling-5-ton\/#breadcrumb\"},\"inLanguage\":\"hu\",\"potentialAction\":[{\"@type\":\"ReadAction\",\"target\":[\"https:\/\/qingdaohf.com\/product\/webbing-sling-5-ton\/\"]}]},{\"@type\":\"ImageObject\",\"inLanguage\":\"hu\",\"@id\":\"https:\/\/qingdaohf.com\/product\/webbing-sling-5-ton\/#primaryimage\",\"url\":\"https:\/\/qingdaohf.com\/wp-content\/uploads\/2024\/10\/Heavy-Duty-5-ton-webbing-sling_1.webp\",\"contentUrl\":\"https:\/\/qingdaohf.com\/wp-content\/uploads\/2024\/10\/Heavy-Duty-5-ton-webbing-sling_1.webp\",\"width\":1000,\"height\":1000,\"caption\":\"webbing sling 5 ton\"},{\"@type\":\"BreadcrumbList\",\"@id\":\"https:\/\/qingdaohf.com\/product\/webbing-sling-5-ton\/#breadcrumb\",\"itemListElement\":[{\"@type\":\"ListItem\",\"position\":1,\"name\":\"Home\",\"item\":\"https:\/\/qingdaohf.com\/\"},{\"@type\":\"ListItem\",\"position\":2,\"name\":\"Concrete Forming Accessories and Rigging Hardware\",\"item\":\"https:\/\/qingdaohf.com\/bg\/?page_id=944\"},{\"@type\":\"ListItem\",\"position\":3,\"name\":\"Flat Webbing Sling 5 Ton Polyester Double Duplex\"}]},{\"@type\":\"WebSite\",\"@id\":\"https:\/\/qingdaohf.com\/bg\/#website\",\"url\":\"https:\/\/qingdaohf.com\/bg\/\",\"name\":\"Concrete Form & Rigging Hardware Supplier\",\"description\":\"\",\"publisher\":{\"@id\":\"https:\/\/qingdaohf.com\/bg\/#organization\"},\"potentialAction\":[{\"@type\":\"SearchAction\",\"target\":{\"@type\":\"EntryPoint\",\"urlTemplate\":\"https:\/\/qingdaohf.com\/bg\/?s={search_term_string}\"},\"query-input\":{\"@type\":\"PropertyValueSpecification\",\"valueRequired\":true,\"valueName\":\"search_term_string\"}}],\"inLanguage\":\"hu\"},{\"@type\":\"Organization\",\"@id\":\"https:\/\/qingdaohf.com\/bg\/#organization\",\"name\":\"Qingdao H&F\",\"url\":\"https:\/\/qingdaohf.com\/bg\/\",\"logo\":{\"@type\":\"ImageObject\",\"inLanguage\":\"hu\",\"@id\":\"https:\/\/qingdaohf.com\/bg\/#\/schema\/logo\/image\/\",\"url\":\"https:\/\/qingdaohf.com\/wp-content\/uploads\/2022\/12\/cropped-HF-LOGO.png\",\"contentUrl\":\"https:\/\/qingdaohf.com\/wp-content\/uploads\/2022\/12\/cropped-HF-LOGO.png\",\"width\":391,\"height\":249,\"caption\":\"Qingdao H&F\"},\"image\":{\"@id\":\"https:\/\/qingdaohf.com\/bg\/#\/schema\/logo\/image\/\"},\"sameAs\":[\"https:\/\/www.facebook.com\/qingdaohf\"]}]}<\/script>\n<!-- \/ Yoast SEO plugin. -->","yoast_head_json":{"title":"Flat Webbing Sling 5 Ton Polyester Double Duplex","robots":{"index":"index","follow":"follow","max-snippet":"max-snippet:-1","max-image-preview":"max-image-preview:large","max-video-preview":"max-video-preview:-1"},"canonical":"https:\/\/qingdaohf.com\/hu\/termek\/heveder-heveder-5-tonna\/","og_locale":"hu_HU","og_type":"article","og_title":"Flat Webbing Sling 5 Ton Polyester Double Duplex","og_description":"5-Ton Webbing Sling combines high strength and resilience to safely lift heavy loads, addressing buyers' concerns about durability, safety, and efficiency. Manufactured to rigorous standards, this webbing sling reliably handles up to 5 tons while maintaining flexibility for ease of use. As an established trading company with 20 years of experience, Qingdao H&amp;F ensures that buyers benefit from one-on-one customer service, a fast delivery cycle, and detailed quality inspection reports. This approach emphasizes our commitment to quality, timely delivery, and comprehensive support, providing a seamless purchasing experience.","og_url":"https:\/\/qingdaohf.com\/hu\/termek\/heveder-heveder-5-tonna\/","og_site_name":"Concrete Form &amp; Rigging Hardware Supplier","article_publisher":"https:\/\/www.facebook.com\/qingdaohf","article_modified_time":"2025-11-13T01:02:53+00:00","og_image":[{"width":1000,"height":1000,"url":"https:\/\/qingdaohf.com\/wp-content\/uploads\/2024\/10\/Heavy-Duty-5-ton-webbing-sling_1.webp","type":"image\/webp"}],"twitter_card":"summary_large_image","twitter_misc":{"Becs\u00fclt olvas\u00e1si id\u0151":"3 perc"},"schema":{"@context":"https:\/\/schema.org","@graph":[{"@type":"WebPage","@id":"https:\/\/qingdaohf.com\/product\/webbing-sling-5-ton\/","url":"https:\/\/qingdaohf.com\/product\/webbing-sling-5-ton\/","name":"Flat Webbing Sling 5 Ton Polyester Double Duplex","isPartOf":{"@id":"https:\/\/qingdaohf.com\/bg\/#website"},"primaryImageOfPage":{"@id":"https:\/\/qingdaohf.com\/product\/webbing-sling-5-ton\/#primaryimage"},"image":{"@id":"https:\/\/qingdaohf.com\/product\/webbing-sling-5-ton\/#primaryimage"},"thumbnailUrl":"https:\/\/qingdaohf.com\/wp-content\/uploads\/2024\/10\/Heavy-Duty-5-ton-webbing-sling_1.webp","datePublished":"2024-11-05T09:54:41+00:00","dateModified":"2025-11-13T01:02:53+00:00","breadcrumb":{"@id":"https:\/\/qingdaohf.com\/product\/webbing-sling-5-ton\/#breadcrumb"},"inLanguage":"hu","potentialAction":[{"@type":"ReadAction","target":["https:\/\/qingdaohf.com\/product\/webbing-sling-5-ton\/"]}]},{"@type":"ImageObject","inLanguage":"hu","@id":"https:\/\/qingdaohf.com\/product\/webbing-sling-5-ton\/#primaryimage","url":"https:\/\/qingdaohf.com\/wp-content\/uploads\/2024\/10\/Heavy-Duty-5-ton-webbing-sling_1.webp","contentUrl":"https:\/\/qingdaohf.com\/wp-content\/uploads\/2024\/10\/Heavy-Duty-5-ton-webbing-sling_1.webp","width":1000,"height":1000,"caption":"webbing sling 5 ton"},{"@type":"BreadcrumbList","@id":"https:\/\/qingdaohf.com\/product\/webbing-sling-5-ton\/#breadcrumb","itemListElement":[{"@type":"ListItem","position":1,"name":"Home","item":"https:\/\/qingdaohf.com\/"},{"@type":"ListItem","position":2,"name":"Concrete Forming Accessories and Rigging Hardware","item":"https:\/\/qingdaohf.com\/bg\/?page_id=944"},{"@type":"ListItem","position":3,"name":"Flat Webbing Sling 5 Ton Polyester Double Duplex"}]},{"@type":"WebSite","@id":"https:\/\/qingdaohf.com\/bg\/#website","url":"https:\/\/qingdaohf.com\/bg\/","name":"Concrete Form & Rigging Hardware Supplier","description":"","publisher":{"@id":"https:\/\/qingdaohf.com\/bg\/#organization"},"potentialAction":[{"@type":"SearchAction","target":{"@type":"EntryPoint","urlTemplate":"https:\/\/qingdaohf.com\/bg\/?s={search_term_string}"},"query-input":{"@type":"PropertyValueSpecification","valueRequired":true,"valueName":"search_term_string"}}],"inLanguage":"hu"},{"@type":"Organization","@id":"https:\/\/qingdaohf.com\/bg\/#organization","name":"Qingdao H&F","url":"https:\/\/qingdaohf.com\/bg\/","logo":{"@type":"ImageObject","inLanguage":"hu","@id":"https:\/\/qingdaohf.com\/bg\/#\/schema\/logo\/image\/","url":"https:\/\/qingdaohf.com\/wp-content\/uploads\/2022\/12\/cropped-HF-LOGO.png","contentUrl":"https:\/\/qingdaohf.com\/wp-content\/uploads\/2022\/12\/cropped-HF-LOGO.png","width":391,"height":249,"caption":"Qingdao H&F"},"image":{"@id":"https:\/\/qingdaohf.com\/bg\/#\/schema\/logo\/image\/"},"sameAs":["https:\/\/www.facebook.com\/qingdaohf"]}]}},"_links":{"self":[{"href":"https:\/\/qingdaohf.com\/hu\/wp-json\/wp\/v2\/product\/8285","targetHints":{"allow":["GET"]}}],"collection":[{"href":"https:\/\/qingdaohf.com\/hu\/wp-json\/wp\/v2\/product"}],"about":[{"href":"https:\/\/qingdaohf.com\/hu\/wp-json\/wp\/v2\/types\/product"}],"replies":[{"embeddable":true,"href":"https:\/\/qingdaohf.com\/hu\/wp-json\/wp\/v2\/comments?post=8285"}],"version-history":[{"count":2,"href":"https:\/\/qingdaohf.com\/hu\/wp-json\/wp\/v2\/product\/8285\/revisions"}],"predecessor-version":[{"id":8336,"href":"https:\/\/qingdaohf.com\/hu\/wp-json\/wp\/v2\/product\/8285\/revisions\/8336"}],"wp:featuredmedia":[{"embeddable":true,"href":"https:\/\/qingdaohf.com\/hu\/wp-json\/wp\/v2\/media\/8191"}],"wp:attachment":[{"href":"https:\/\/qingdaohf.com\/hu\/wp-json\/wp\/v2\/media?parent=8285"}],"wp:term":[{"taxonomy":"product_brand","embeddable":true,"href":"https:\/\/qingdaohf.com\/hu\/wp-json\/wp\/v2\/product_brand?post=8285"},{"taxonomy":"product_cat","embeddable":true,"href":"https:\/\/qingdaohf.com\/hu\/wp-json\/wp\/v2\/product_cat?post=8285"},{"taxonomy":"product_tag","embeddable":true,"href":"https:\/\/qingdaohf.com\/hu\/wp-json\/wp\/v2\/product_tag?post=8285"}],"curies":[{"name":"wp","href":"https:\/\/api.w.org\/{rel}","templated":true}]}}