{"id":8287,"date":"2024-11-05T17:56:32","date_gmt":"2024-11-05T09:56:32","guid":{"rendered":"http:\/\/qingdaohf.com\/?post_type=product&#038;p=8287"},"modified":"2025-11-13T09:02:53","modified_gmt":"2025-11-13T01:02:53","slug":"webbing-sling-6-ton","status":"publish","type":"product","link":"https:\/\/qingdaohf.com\/hu\/termek\/heveder-heveder-6-tonna\/","title":{"rendered":"Lapos heveder heveder 6 tonna poli\u00e9szter dupla duplex"},"content":{"rendered":"<div class=\"flex max-w-full flex-col flex-grow\">\n<div class=\"min-h-8 text-message flex w-full flex-col items-end gap-2 whitespace-normal break-words [.text-message+&amp;]:mt-5\" dir=\"auto\" data-message-author-role=\"assistant\" data-message-id=\"c70e5c25-1016-4fd4-95f4-df6f87317104\" data-message-model-slug=\"gpt-4o\">\n<div class=\"flex w-full flex-col gap-1 empty:hidden first:pt-[3px]\">\n<div class=\"markdown prose w-full break-words dark:prose-invert light\">\n<h4>A 6 tonn\u00e1s hevederes heveder kiv\u00e9teles teherb\u00edr\u00f3 k\u00e9pess\u00e9ge \u00e9s fel\u00e9p\u00edt\u00e9se<\/h4>\n<p>A Qingdao H&amp;F 6 tonn\u00e1s hevederes hevedert olyan alkalmaz\u00e1sokhoz tervezt\u00e9k, ahol az er\u0151, a stabilit\u00e1s \u00e9s a tart\u00f3ss\u00e1g kritikus. A nagy szil\u00e1rds\u00e1g\u00fa poli\u00e9szterb\u0151l k\u00e9sz\u00fclt heveder kiv\u00e9teles teherb\u00edr\u00f3 k\u00e9pess\u00e9get biztos\u00edt, mik\u00f6zben ellen\u00e1ll a k\u00f6rnyezeti kih\u00edv\u00e1soknak, p\u00e9ld\u00e1ul az UV-expoz\u00edci\u00f3nak, a kop\u00e1snak \u00e9s a rendszeres kop\u00e1snak. A 6 tonn\u00e1s teherb\u00edr\u00e1sa alkalmass\u00e1 teszi sz\u00e1mos ig\u00e9nyes ipar\u00e1gban, p\u00e9ld\u00e1ul az \u00e9p\u00edt\u0151iparban, a logisztik\u00e1ban \u00e9s az ipari gy\u00e1rt\u00e1sban, ahol a megb\u00edzhat\u00f3 emel\u0151eszk\u00f6z\u00f6kre sz\u00fcks\u00e9g van.<\/p>\n<p>A Qingdao H&amp;F biztos\u00edtja, hogy minden egyes 6 tonn\u00e1s heveder megfelel a szigor\u00fa min\u0151s\u00e9gi k\u00f6vetelm\u00e9nyeknek. A heveder szigor\u00fa tesztel\u00e9sen esik \u00e1t, \u00e9s min\u0151s\u00e9gellen\u0151rz\u00e9si jelent\u00e9ssel egy\u00fctt \u00e9rkezik, \u00edgy a v\u00e1s\u00e1rl\u00f3k biztosak lehetnek abban, hogy megfelel a nemzetk\u00f6zi biztons\u00e1gi el\u0151\u00edr\u00e1soknak. Az olyan ipar\u00e1gak sz\u00e1m\u00e1ra, ahol a megb\u00edzhat\u00f3s\u00e1gr\u00f3l nem lehet t\u00e1rgyalni, a Qingdao H&amp;F \u00e1ltal ny\u00fajtott min\u0151s\u00e9gbiztos\u00edt\u00e1s megb\u00edzhat\u00f3 v\u00e1laszt\u00e1sk\u00e9nt hat\u00e1rozza meg ezt a hevedert. Tov\u00e1bb\u00e1, a Qingdao H&amp;F gyors sz\u00e1ll\u00edt\u00e1si ciklusa lehet\u0151v\u00e9 teszi a v\u00e1llalkoz\u00e1sok sz\u00e1m\u00e1ra, hogy id\u0151ben biztos\u00edts\u00e1k az alapvet\u0151 fontoss\u00e1g\u00fa berendez\u00e9seket, cs\u00f6kkentve az \u00e1ll\u00e1sid\u0151t \u00e9s biztos\u00edtva a hat\u00e9kony m\u0171k\u00f6d\u00e9st.<\/p>\n<h4>A biztons\u00e1gi szabv\u00e1nyok \u00e9s a teherb\u00edr\u00e1s stabilit\u00e1s\u00e1nak kezel\u00e9se az emel\u00e9si alkalmaz\u00e1sokban<\/h4>\n<p>A biztons\u00e1g a legfontosabb az emel\u00e9si m\u0171veletek sor\u00e1n, \u00e9s a Qingdao H&amp;F 6 tonn\u00e1s heveder heveder\u00e9nek kialak\u00edt\u00e1sa mind a teherbiztons\u00e1got, mind a m\u0171k\u00f6d\u00e9si stabilit\u00e1st hangs\u00falyozza. Ez a sz\u00e9les hevederanyagb\u00f3l k\u00e9sz\u00fclt heveder hat\u00e9konyan osztja el a s\u00falyt, cs\u00f6kkentve a teherre nehezed\u0151 terhel\u00e9st \u00e9s minimaliz\u00e1lva a s\u00e9r\u00fcl\u00e9s lehet\u0151s\u00e9g\u00e9t. Ez a tervez\u00e9si jellemz\u0151 kritikus fontoss\u00e1g\u00fa a z\u00f6kken\u0151mentes, biztons\u00e1gos emel\u00e9sek biztos\u00edt\u00e1s\u00e1hoz, k\u00fcl\u00f6n\u00f6sen k\u00e9nyes vagy terjedelmes t\u00e1rgyak kezel\u00e9se eset\u00e9n. A Qingdao H&amp;F biztons\u00e1g ir\u00e1nti elk\u00f6telezetts\u00e9ge a felhaszn\u00e1lt anyagokban is megmutatkozik, minden egyes heveder \u00fagy k\u00e9sz\u00fclt, hogy megfeleljen vagy meghaladja az ipari biztons\u00e1gi szabv\u00e1nyokat, ez\u00e1ltal t\u00e1mogatva a biztons\u00e1gos munkak\u00f6rnyezetet.<\/p>\n<p>A szigor\u00fa biztons\u00e1gi protokollok betart\u00e1s\u00e1t ig\u00e9nyl\u0151 alkalmaz\u00e1sokban, p\u00e9ld\u00e1ul az \u00e9p\u00edt\u0151iparban \u00e9s a logisztik\u00e1ban a 6 tonn\u00e1s heveder stabilit\u00e1st \u00e9s ir\u00e1ny\u00edt\u00e1st biztos\u00edt, n\u00f6velve a kezel\u0151 bizalm\u00e1t. A Qingdao H&amp;F biztons\u00e1g ir\u00e1nti elk\u00f6telezetts\u00e9ge \u00f6sszhangban van az ipar\u00e1gi k\u00f6vetelm\u00e9nyekkel, \u00e9s minden heveder heveder tesztel\u00e9sen esik \u00e1t, hogy meger\u0151s\u00edts\u00e9k a kapacit\u00e1s\u00e1t \u00e9s teljes\u00edtm\u00e9ny\u00e9t. A biztons\u00e1gi megfelel\u00e9s biztos\u00edt\u00e9k\u00e1val a v\u00e1s\u00e1rl\u00f3k megb\u00edzhatnak a term\u00e9k azon k\u00e9pess\u00e9g\u00e9ben, hogy nagy terheket k\u00e9pes kezelni an\u00e9lk\u00fcl, hogy a megb\u00edzhat\u00f3s\u00e1g ter\u00e9n kompromisszumot k\u00f6tne. A Qingdao H&amp;F \u00e1ltal v\u00e9grehajtott min\u0151s\u00e9gellen\u0151rz\u00e9si int\u00e9zked\u00e9sek tov\u00e1bb er\u0151s\u00edtik a kritikus emel\u00e9si feladatokra val\u00f3 alkalmass\u00e1got.<\/p>\n<h4>Qingdao H &amp; F: Megb\u00edzhat\u00f3 partner a B2B emel\u00e9si megold\u00e1sokban<\/h4>\n<p>T\u00f6bb mint k\u00e9t \u00e9vtizedes tapasztalattal rendelkez\u0151 B2B kereskedelmi v\u00e1llalatk\u00e9nt a Qingdao H &amp; F meg\u00e9rti a megb\u00edzhat\u00f3, kiv\u00e1l\u00f3 min\u0151s\u00e9g\u0171 emel\u00e9si megold\u00e1sok fontoss\u00e1g\u00e1t a k\u00fcl\u00f6nb\u00f6z\u0151 ipar\u00e1gak v\u00e1llalkoz\u00e1sai sz\u00e1m\u00e1ra. A 6 tonn\u00e1s heveder hevederhez r\u00e9szletes vizsg\u00e1lati jelent\u00e9sek tartoznak, amelyek lehet\u0151v\u00e9 teszik a v\u00e1s\u00e1rl\u00f3k sz\u00e1m\u00e1ra a term\u00e9k min\u0151s\u00e9g\u00e9nek \u00e9s megfelel\u0151s\u00e9g\u00e9nek ellen\u0151rz\u00e9s\u00e9t. Ezek a jelent\u00e9sek al\u00e1h\u00fazz\u00e1k a Qingdao H&amp;F \u00e1tl\u00e1that\u00f3s\u00e1g ir\u00e1nti elk\u00f6telezetts\u00e9g\u00e9t, \u00edgy az \u00fcgyfelek nyugodtak lehetnek, hogy minden hevedert alaposan teszteltek, \u00e9s k\u00e9szen \u00e1ll arra, hogy val\u00f3s k\u00f6r\u00fclm\u00e9nyek k\u00f6z\u00f6tt is teljes\u00edtsen.<\/p>\n<p>A term\u00e9kmin\u0151s\u00e9gen t\u00fal a Qingdao H&amp;F hangs\u00falyt fektet az \u00fcgyf\u00e9lk\u00f6zpont\u00fa megk\u00f6zel\u00edt\u00e9sre, a szem\u00e9lyre szabott aj\u00e1nl\u00e1sok \u00e9s a gyors reag\u00e1l\u00e1s\u00fa t\u00e1mogat\u00e1s ny\u00fajt\u00e1s\u00e1ra. Ezt az \u00fcgyf\u00e9lk\u00f6zpont\u00fa szolg\u00e1ltat\u00e1si modellt gyors, megb\u00edzhat\u00f3 sz\u00e1ll\u00edt\u00e1si ciklus eg\u00e9sz\u00edti ki, amely lehet\u0151v\u00e9 teszi a v\u00e1llalkoz\u00e1sok sz\u00e1m\u00e1ra, hogy sz\u00fcks\u00e9gtelen k\u00e9sedelem n\u00e9lk\u00fcl jussanak hozz\u00e1 a sz\u00fcks\u00e9ges berendez\u00e9sekhez. A Qingdao H&amp;F a rakt\u00e1rt\u00f3l rakt\u00e1rig t\u00f6rt\u00e9n\u0151 sz\u00e1ll\u00edt\u00e1ssal racionaliz\u00e1lja a beszerz\u00e9si folyamatot, biztos\u00edtva, hogy a v\u00e1s\u00e1rl\u00f3k gyorsan \u00e9s hat\u00e9konyan kapj\u00e1k meg a term\u00e9keiket.<\/p>\n<p>A Qingdao H&amp;F 6 tonn\u00e1s hevederes hevedere a v\u00e1llalat min\u0151s\u00e9g, biztons\u00e1g \u00e9s szolg\u00e1ltat\u00e1s ir\u00e1nti elk\u00f6telezetts\u00e9g\u00e9t k\u00e9pviseli. Ez a term\u00e9k olyan emel\u00e9si megold\u00e1st k\u00edn\u00e1l a v\u00e1s\u00e1rl\u00f3knak, amely megfelel a mai ipari k\u00f6rnyezetek magas k\u00f6vetelm\u00e9nyeinek, \u00e9s megb\u00edzhat\u00f3 megold\u00e1st k\u00edn\u00e1l a nagy ig\u00e9nybev\u00e9tel\u0171 alkalmaz\u00e1sokhoz. A Qingdao H&amp;F elk\u00f6telezetts\u00e9ge mind a min\u0151s\u00e9g, mind a vev\u0151i el\u00e9gedetts\u00e9g ir\u00e1nt meger\u0151s\u00edti poz\u00edci\u00f3j\u00e1t, mint megb\u00edzhat\u00f3 partner az ipari emel\u00e9si megold\u00e1sok ter\u00e9n.<\/p>\n<\/div>\n<\/div>\n<\/div>\n<\/div>","protected":false},"excerpt":{"rendered":"<p>A 6 tonn\u00e1s hevederes heveder kiv\u00e1l\u00f3 szil\u00e1rds\u00e1got \u00e9s tart\u00f3ss\u00e1got k\u00edn\u00e1l, \u00e9s megfelel a biztons\u00e1gos, nagy teherb\u00edr\u00e1s\u00fa emel\u00e9si megold\u00e1sokat ig\u00e9nyl\u0151 ipar\u00e1gak ig\u00e9nyeinek. A legmagasabb szabv\u00e1nyoknak megfelel\u0151en tervezett heveder 6 tonn\u00e1ig terjed\u0151 terhel\u00e9st is megb\u00edzhat\u00f3an kezel. A Qingdao H&amp;F meg\u00e9rti a v\u00e1s\u00e1rl\u00f3k aggodalmait a term\u00e9kek hossz\u00fa \u00e9lettartam\u00e1val, biztons\u00e1g\u00e1val \u00e9s megfelel\u0151s\u00e9g\u00e9vel kapcsolatban, \u00e9s mint 20 \u00e9ves tapasztalattal rendelkez\u0151 B2B kereskedelmi v\u00e1llalat, szem\u00e9lyes \u00fcgyf\u00e9lszolg\u00e1latot, gyors sz\u00e1ll\u00edt\u00e1si ciklust \u00e9s r\u00e9szletes min\u0151s\u00e9gellen\u0151rz\u00e9si jelent\u00e9seket k\u00edn\u00e1lunk. Ez az elk\u00f6telezetts\u00e9g biztos\u00edtja, hogy az \u00fcgyfelek megb\u00edzhat\u00f3 term\u00e9keket kapjanak alapos t\u00e1mogat\u00e1ssal \u00e9s \u00e1tl\u00e1that\u00f3 min\u0151s\u00e9gbiztos\u00edt\u00e1ssal.<\/p>","protected":false},"featured_media":8194,"comment_status":"open","ping_status":"closed","template":"","meta":{"site-sidebar-layout":"default","site-content-layout":"","ast-site-content-layout":"default","site-content-style":"default","site-sidebar-style":"default","ast-global-header-display":"","ast-banner-title-visibility":"","ast-main-header-display":"","ast-hfb-above-header-display":"","ast-hfb-below-header-display":"","ast-hfb-mobile-header-display":"","site-post-title":"","ast-breadcrumbs-content":"","ast-featured-img":"","footer-sml-layout":"","theme-transparent-header-meta":"default","adv-header-id-meta":"","stick-header-meta":"default","header-above-stick-meta":"","header-main-stick-meta":"","header-below-stick-meta":"","astra-migrate-meta-layouts":"set","ast-page-background-enabled":"default","ast-page-background-meta":{"desktop":{"background-color":"","background-image":"","background-repeat":"repeat","background-position":"center center","background-size":"auto","background-attachment":"scroll","background-type":"","background-media":"","overlay-type":"","overlay-color":"","overlay-opacity":"","overlay-gradient":""},"tablet":{"background-color":"","background-image":"","background-repeat":"repeat","background-position":"center center","background-size":"auto","background-attachment":"scroll","background-type":"","background-media":"","overlay-type":"","overlay-color":"","overlay-opacity":"","overlay-gradient":""},"mobile":{"background-color":"","background-image":"","background-repeat":"repeat","background-position":"center center","background-size":"auto","background-attachment":"scroll","background-type":"","background-media":"","overlay-type":"","overlay-color":"","overlay-opacity":"","overlay-gradient":""}},"ast-content-background-meta":{"desktop":{"background-color":"var(--ast-global-color-5)","background-image":"","background-repeat":"repeat","background-position":"center center","background-size":"auto","background-attachment":"scroll","background-type":"","background-media":"","overlay-type":"","overlay-color":"","overlay-opacity":"","overlay-gradient":""},"tablet":{"background-color":"var(--ast-global-color-5)","background-image":"","background-repeat":"repeat","background-position":"center center","background-size":"auto","background-attachment":"scroll","background-type":"","background-media":"","overlay-type":"","overlay-color":"","overlay-opacity":"","overlay-gradient":""},"mobile":{"background-color":"var(--ast-global-color-5)","background-image":"","background-repeat":"repeat","background-position":"center center","background-size":"auto","background-attachment":"scroll","background-type":"","background-media":"","overlay-type":"","overlay-color":"","overlay-opacity":"","overlay-gradient":""}}},"product_brand":[],"product_cat":[39],"product_tag":[],"class_list":{"0":"post-8287","1":"product","2":"type-product","3":"status-publish","4":"has-post-thumbnail","6":"product_cat-webbing-sling","7":"desktop-align-left","8":"tablet-align-left","9":"mobile-align-left","10":"ast-product-gallery-layout-horizontal-slider","11":"ast-product-gallery-with-no-image","12":"ast-product-tabs-layout-horizontal","14":"first","15":"instock","16":"shipping-taxable","17":"purchasable","18":"product-type-simple"},"yoast_head":"<!-- This site is optimized with the Yoast SEO plugin v25.2 - https:\/\/yoast.com\/wordpress\/plugins\/seo\/ -->\n<title>Flat Webbing Sling 6 Ton Polyester Double Duplex<\/title>\n<meta name=\"robots\" content=\"index, follow, max-snippet:-1, max-image-preview:large, max-video-preview:-1\" \/>\n<link rel=\"canonical\" href=\"https:\/\/qingdaohf.com\/hu\/termek\/heveder-heveder-6-tonna\/\" \/>\n<meta property=\"og:locale\" content=\"hu_HU\" \/>\n<meta property=\"og:type\" content=\"article\" \/>\n<meta property=\"og:title\" content=\"Flat Webbing Sling 6 Ton Polyester Double Duplex\" \/>\n<meta property=\"og:description\" content=\"6-Ton Webbing Sling offers superior strength and durability, catering to the needs of industries requiring secure, heavy-duty lifting solutions. Designed to meet the highest standards, this webbing sling handles loads up to 6 tons with consistent reliability. Qingdao H&amp;F understands buyers\u2019 concerns about product longevity, safety, and compliance, and as a B2B trading company with 20 years of experience, we offer one-on-one customer service, a fast delivery cycle, and detailed quality inspection reports. This commitment ensures clients receive dependable products with thorough support and transparent quality assurance.\" \/>\n<meta property=\"og:url\" content=\"https:\/\/qingdaohf.com\/hu\/termek\/heveder-heveder-6-tonna\/\" \/>\n<meta property=\"og:site_name\" content=\"Concrete Form &amp; Rigging Hardware Supplier\" \/>\n<meta property=\"article:publisher\" content=\"https:\/\/www.facebook.com\/qingdaohf\" \/>\n<meta property=\"article:modified_time\" content=\"2025-11-13T01:02:53+00:00\" \/>\n<meta property=\"og:image\" content=\"https:\/\/qingdaohf.com\/wp-content\/uploads\/2024\/10\/6-ton-webbing-sling_1.webp\" \/>\n\t<meta property=\"og:image:width\" content=\"1000\" \/>\n\t<meta property=\"og:image:height\" content=\"1000\" \/>\n\t<meta property=\"og:image:type\" content=\"image\/webp\" \/>\n<meta name=\"twitter:card\" content=\"summary_large_image\" \/>\n<meta name=\"twitter:label1\" content=\"Becs\u00fclt olvas\u00e1si id\u0151\" \/>\n\t<meta name=\"twitter:data1\" content=\"3 perc\" \/>\n<script type=\"application\/ld+json\" class=\"yoast-schema-graph\">{\"@context\":\"https:\/\/schema.org\",\"@graph\":[{\"@type\":\"WebPage\",\"@id\":\"https:\/\/qingdaohf.com\/product\/webbing-sling-6-ton\/\",\"url\":\"https:\/\/qingdaohf.com\/product\/webbing-sling-6-ton\/\",\"name\":\"Flat Webbing Sling 6 Ton Polyester Double Duplex\",\"isPartOf\":{\"@id\":\"https:\/\/qingdaohf.com\/bg\/#website\"},\"primaryImageOfPage\":{\"@id\":\"https:\/\/qingdaohf.com\/product\/webbing-sling-6-ton\/#primaryimage\"},\"image\":{\"@id\":\"https:\/\/qingdaohf.com\/product\/webbing-sling-6-ton\/#primaryimage\"},\"thumbnailUrl\":\"https:\/\/qingdaohf.com\/wp-content\/uploads\/2024\/10\/6-ton-webbing-sling_1.webp\",\"datePublished\":\"2024-11-05T09:56:32+00:00\",\"dateModified\":\"2025-11-13T01:02:53+00:00\",\"breadcrumb\":{\"@id\":\"https:\/\/qingdaohf.com\/product\/webbing-sling-6-ton\/#breadcrumb\"},\"inLanguage\":\"hu\",\"potentialAction\":[{\"@type\":\"ReadAction\",\"target\":[\"https:\/\/qingdaohf.com\/product\/webbing-sling-6-ton\/\"]}]},{\"@type\":\"ImageObject\",\"inLanguage\":\"hu\",\"@id\":\"https:\/\/qingdaohf.com\/product\/webbing-sling-6-ton\/#primaryimage\",\"url\":\"https:\/\/qingdaohf.com\/wp-content\/uploads\/2024\/10\/6-ton-webbing-sling_1.webp\",\"contentUrl\":\"https:\/\/qingdaohf.com\/wp-content\/uploads\/2024\/10\/6-ton-webbing-sling_1.webp\",\"width\":1000,\"height\":1000,\"caption\":\"6 ton webbing sling\"},{\"@type\":\"BreadcrumbList\",\"@id\":\"https:\/\/qingdaohf.com\/product\/webbing-sling-6-ton\/#breadcrumb\",\"itemListElement\":[{\"@type\":\"ListItem\",\"position\":1,\"name\":\"Home\",\"item\":\"https:\/\/qingdaohf.com\/\"},{\"@type\":\"ListItem\",\"position\":2,\"name\":\"Concrete Forming Accessories and Rigging Hardware\",\"item\":\"https:\/\/qingdaohf.com\/bg\/?page_id=944\"},{\"@type\":\"ListItem\",\"position\":3,\"name\":\"Flat Webbing Sling 6 Ton Polyester Double Duplex\"}]},{\"@type\":\"WebSite\",\"@id\":\"https:\/\/qingdaohf.com\/bg\/#website\",\"url\":\"https:\/\/qingdaohf.com\/bg\/\",\"name\":\"Concrete Form & Rigging Hardware Supplier\",\"description\":\"\",\"publisher\":{\"@id\":\"https:\/\/qingdaohf.com\/bg\/#organization\"},\"potentialAction\":[{\"@type\":\"SearchAction\",\"target\":{\"@type\":\"EntryPoint\",\"urlTemplate\":\"https:\/\/qingdaohf.com\/bg\/?s={search_term_string}\"},\"query-input\":{\"@type\":\"PropertyValueSpecification\",\"valueRequired\":true,\"valueName\":\"search_term_string\"}}],\"inLanguage\":\"hu\"},{\"@type\":\"Organization\",\"@id\":\"https:\/\/qingdaohf.com\/bg\/#organization\",\"name\":\"Qingdao H&F\",\"url\":\"https:\/\/qingdaohf.com\/bg\/\",\"logo\":{\"@type\":\"ImageObject\",\"inLanguage\":\"hu\",\"@id\":\"https:\/\/qingdaohf.com\/bg\/#\/schema\/logo\/image\/\",\"url\":\"https:\/\/qingdaohf.com\/wp-content\/uploads\/2022\/12\/cropped-HF-LOGO.png\",\"contentUrl\":\"https:\/\/qingdaohf.com\/wp-content\/uploads\/2022\/12\/cropped-HF-LOGO.png\",\"width\":391,\"height\":249,\"caption\":\"Qingdao H&F\"},\"image\":{\"@id\":\"https:\/\/qingdaohf.com\/bg\/#\/schema\/logo\/image\/\"},\"sameAs\":[\"https:\/\/www.facebook.com\/qingdaohf\"]}]}<\/script>\n<!-- \/ Yoast SEO plugin. -->","yoast_head_json":{"title":"Flat Webbing Sling 6 Ton Polyester Double Duplex","robots":{"index":"index","follow":"follow","max-snippet":"max-snippet:-1","max-image-preview":"max-image-preview:large","max-video-preview":"max-video-preview:-1"},"canonical":"https:\/\/qingdaohf.com\/hu\/termek\/heveder-heveder-6-tonna\/","og_locale":"hu_HU","og_type":"article","og_title":"Flat Webbing Sling 6 Ton Polyester Double Duplex","og_description":"6-Ton Webbing Sling offers superior strength and durability, catering to the needs of industries requiring secure, heavy-duty lifting solutions. Designed to meet the highest standards, this webbing sling handles loads up to 6 tons with consistent reliability. Qingdao H&amp;F understands buyers\u2019 concerns about product longevity, safety, and compliance, and as a B2B trading company with 20 years of experience, we offer one-on-one customer service, a fast delivery cycle, and detailed quality inspection reports. This commitment ensures clients receive dependable products with thorough support and transparent quality assurance.","og_url":"https:\/\/qingdaohf.com\/hu\/termek\/heveder-heveder-6-tonna\/","og_site_name":"Concrete Form &amp; Rigging Hardware Supplier","article_publisher":"https:\/\/www.facebook.com\/qingdaohf","article_modified_time":"2025-11-13T01:02:53+00:00","og_image":[{"width":1000,"height":1000,"url":"https:\/\/qingdaohf.com\/wp-content\/uploads\/2024\/10\/6-ton-webbing-sling_1.webp","type":"image\/webp"}],"twitter_card":"summary_large_image","twitter_misc":{"Becs\u00fclt olvas\u00e1si id\u0151":"3 perc"},"schema":{"@context":"https:\/\/schema.org","@graph":[{"@type":"WebPage","@id":"https:\/\/qingdaohf.com\/product\/webbing-sling-6-ton\/","url":"https:\/\/qingdaohf.com\/product\/webbing-sling-6-ton\/","name":"Flat Webbing Sling 6 Ton Polyester Double Duplex","isPartOf":{"@id":"https:\/\/qingdaohf.com\/bg\/#website"},"primaryImageOfPage":{"@id":"https:\/\/qingdaohf.com\/product\/webbing-sling-6-ton\/#primaryimage"},"image":{"@id":"https:\/\/qingdaohf.com\/product\/webbing-sling-6-ton\/#primaryimage"},"thumbnailUrl":"https:\/\/qingdaohf.com\/wp-content\/uploads\/2024\/10\/6-ton-webbing-sling_1.webp","datePublished":"2024-11-05T09:56:32+00:00","dateModified":"2025-11-13T01:02:53+00:00","breadcrumb":{"@id":"https:\/\/qingdaohf.com\/product\/webbing-sling-6-ton\/#breadcrumb"},"inLanguage":"hu","potentialAction":[{"@type":"ReadAction","target":["https:\/\/qingdaohf.com\/product\/webbing-sling-6-ton\/"]}]},{"@type":"ImageObject","inLanguage":"hu","@id":"https:\/\/qingdaohf.com\/product\/webbing-sling-6-ton\/#primaryimage","url":"https:\/\/qingdaohf.com\/wp-content\/uploads\/2024\/10\/6-ton-webbing-sling_1.webp","contentUrl":"https:\/\/qingdaohf.com\/wp-content\/uploads\/2024\/10\/6-ton-webbing-sling_1.webp","width":1000,"height":1000,"caption":"6 ton webbing sling"},{"@type":"BreadcrumbList","@id":"https:\/\/qingdaohf.com\/product\/webbing-sling-6-ton\/#breadcrumb","itemListElement":[{"@type":"ListItem","position":1,"name":"Home","item":"https:\/\/qingdaohf.com\/"},{"@type":"ListItem","position":2,"name":"Concrete Forming Accessories and Rigging Hardware","item":"https:\/\/qingdaohf.com\/bg\/?page_id=944"},{"@type":"ListItem","position":3,"name":"Flat Webbing Sling 6 Ton Polyester Double Duplex"}]},{"@type":"WebSite","@id":"https:\/\/qingdaohf.com\/bg\/#website","url":"https:\/\/qingdaohf.com\/bg\/","name":"Concrete Form & Rigging Hardware Supplier","description":"","publisher":{"@id":"https:\/\/qingdaohf.com\/bg\/#organization"},"potentialAction":[{"@type":"SearchAction","target":{"@type":"EntryPoint","urlTemplate":"https:\/\/qingdaohf.com\/bg\/?s={search_term_string}"},"query-input":{"@type":"PropertyValueSpecification","valueRequired":true,"valueName":"search_term_string"}}],"inLanguage":"hu"},{"@type":"Organization","@id":"https:\/\/qingdaohf.com\/bg\/#organization","name":"Qingdao H&F","url":"https:\/\/qingdaohf.com\/bg\/","logo":{"@type":"ImageObject","inLanguage":"hu","@id":"https:\/\/qingdaohf.com\/bg\/#\/schema\/logo\/image\/","url":"https:\/\/qingdaohf.com\/wp-content\/uploads\/2022\/12\/cropped-HF-LOGO.png","contentUrl":"https:\/\/qingdaohf.com\/wp-content\/uploads\/2022\/12\/cropped-HF-LOGO.png","width":391,"height":249,"caption":"Qingdao H&F"},"image":{"@id":"https:\/\/qingdaohf.com\/bg\/#\/schema\/logo\/image\/"},"sameAs":["https:\/\/www.facebook.com\/qingdaohf"]}]}},"_links":{"self":[{"href":"https:\/\/qingdaohf.com\/hu\/wp-json\/wp\/v2\/product\/8287","targetHints":{"allow":["GET"]}}],"collection":[{"href":"https:\/\/qingdaohf.com\/hu\/wp-json\/wp\/v2\/product"}],"about":[{"href":"https:\/\/qingdaohf.com\/hu\/wp-json\/wp\/v2\/types\/product"}],"replies":[{"embeddable":true,"href":"https:\/\/qingdaohf.com\/hu\/wp-json\/wp\/v2\/comments?post=8287"}],"version-history":[{"count":2,"href":"https:\/\/qingdaohf.com\/hu\/wp-json\/wp\/v2\/product\/8287\/revisions"}],"predecessor-version":[{"id":8335,"href":"https:\/\/qingdaohf.com\/hu\/wp-json\/wp\/v2\/product\/8287\/revisions\/8335"}],"wp:featuredmedia":[{"embeddable":true,"href":"https:\/\/qingdaohf.com\/hu\/wp-json\/wp\/v2\/media\/8194"}],"wp:attachment":[{"href":"https:\/\/qingdaohf.com\/hu\/wp-json\/wp\/v2\/media?parent=8287"}],"wp:term":[{"taxonomy":"product_brand","embeddable":true,"href":"https:\/\/qingdaohf.com\/hu\/wp-json\/wp\/v2\/product_brand?post=8287"},{"taxonomy":"product_cat","embeddable":true,"href":"https:\/\/qingdaohf.com\/hu\/wp-json\/wp\/v2\/product_cat?post=8287"},{"taxonomy":"product_tag","embeddable":true,"href":"https:\/\/qingdaohf.com\/hu\/wp-json\/wp\/v2\/product_tag?post=8287"}],"curies":[{"name":"wp","href":"https:\/\/api.w.org\/{rel}","templated":true}]}}