{"id":8291,"date":"2024-11-05T17:59:58","date_gmt":"2024-11-05T09:59:58","guid":{"rendered":"http:\/\/qingdaohf.com\/?post_type=product&#038;p=8291"},"modified":"2025-11-13T09:02:52","modified_gmt":"2025-11-13T01:02:52","slug":"webbing-sling-10-ton","status":"publish","type":"product","link":"https:\/\/qingdaohf.com\/hu\/termek\/heveder-heveder-10-tonna\/","title":{"rendered":"Lapos heveder heveder 10 tonna poli\u00e9szter dupla duplex"},"content":{"rendered":"<h4>Nagy kapacit\u00e1s\u00fa emel\u0151megold\u00e1sok: A 10 tonn\u00e1s heveder tart\u00f3ss\u00e1ga \u00e9s ereje<\/h4>\n<p>Az olyan ipari emel\u00e9si feladatokhoz, ahol biztons\u00e1gos, nagy kapacit\u00e1s\u00fa t\u00e1mogat\u00e1sra van sz\u00fcks\u00e9g, a Qingdao H&amp;F 10 tonn\u00e1s hevederheveder optim\u00e1lis megold\u00e1st k\u00edn\u00e1l. A nagy szil\u00e1rds\u00e1g\u00fa poli\u00e9szterb\u0151l k\u00e9sz\u00fclt heveder ak\u00e1r 10 tonna s\u00falyt is elb\u00edr, \u00edgy ide\u00e1lis az olyan ipar\u00e1gakban, mint az \u00e9p\u00edt\u0151ipar, a logisztika \u00e9s a gy\u00e1rt\u00e1s. A 10 tonn\u00e1s heveder rugalmass\u00e1ga biztos\u00edtja, hogy kih\u00edv\u00e1st jelent\u0151 k\u00f6rnyezetben, ism\u00e9tl\u0151d\u0151, neh\u00e9z terhel\u00e9sek eset\u00e9n is meg\u0151rizze integrit\u00e1s\u00e1t, \u00edgy a v\u00e1llalatoknak tart\u00f3s, k\u00f6lts\u00e9ghat\u00e9kony megold\u00e1st k\u00edn\u00e1l az emel\u00e9si ig\u00e9nyeikhez.<\/p>\n<p>A legmagasabb szint\u0171 megb\u00edzhat\u00f3s\u00e1g \u00e9s biztons\u00e1g \u00e9rdek\u00e9ben minden 10 tonn\u00e1s hevedert szigor\u00fa teszteknek vetnek al\u00e1, \u00e9s a v\u00e1s\u00e1rl\u00f3k min\u0151s\u00e9gellen\u0151rz\u00e9si jelent\u00e9st kapnak, amely igazolja a nemzetk\u00f6zi biztons\u00e1gi \u00e9s teljes\u00edtm\u00e9nyszabv\u00e1nyoknak val\u00f3 megfelel\u00e9st. A Qingdao H&amp;F \u00e1tl\u00e1that\u00f3s\u00e1g ir\u00e1nti elk\u00f6telezetts\u00e9ge megnyugtatja a v\u00e1s\u00e1rl\u00f3kat, hogy olyan term\u00e9kbe fektetnek be, amely megfelel az \u00f6sszes szab\u00e1lyoz\u00e1si k\u00f6vetelm\u00e9nynek. A Qingdao H&amp;F \u00e1ltal k\u00edn\u00e1lt gyors sz\u00e1ll\u00edt\u00e1si ciklus lehet\u0151v\u00e9 teszi az \u00fcgyfelek sz\u00e1m\u00e1ra, hogy azonnal hozz\u00e1f\u00e9rjenek a sz\u00fcks\u00e9ges berendez\u00e9sekhez, minimaliz\u00e1lva a m\u0171veletek k\u00e9sedelm\u00e9t \u00e9s n\u00f6velve az \u00e1ltal\u00e1nos hat\u00e9konys\u00e1got.<\/p>\n<h4>Biztons\u00e1g \u00e9s stabilit\u00e1s a nagy teherb\u00edr\u00e1s\u00fa emel\u00e9si alkalmaz\u00e1sokban<\/h4>\n<p>A nagy kock\u00e1zat\u00fa ipari k\u00f6rnyezetekben az emel\u0151berendez\u00e9sek stabilit\u00e1sa \u00e9s biztons\u00e1ga kulcsfontoss\u00e1g\u00fa mind a biztons\u00e1g, mind a termel\u00e9kenys\u00e9g szempontj\u00e1b\u00f3l. A Qingdao H&amp;F 10 tonn\u00e1s heveder\u00e9t \u00fagy tervezt\u00e9k, hogy kiemelked\u0151 teherb\u00edr\u00e1st biztos\u00edtson, seg\u00edtve a s\u00faly egyenletes eloszl\u00e1s\u00e1t a teherben. Ez a kialak\u00edt\u00e1s cs\u00f6kkenti a nyom\u00e1spontokat, \u00e9s minimaliz\u00e1lja a teher s\u00e9r\u00fcl\u00e9s\u00e9nek vagy elmozdul\u00e1s\u00e1nak kock\u00e1zat\u00e1t az emel\u00e9si m\u0171veletek sor\u00e1n, nyugalmat biztos\u00edtva a kezel\u0151knek. A sz\u00e9les, tart\u00f3s poli\u00e9szter heveder ellen\u00e1ll a kop\u00e1snak, a kop\u00e1snak \u00e9s az UV-expoz\u00edci\u00f3nak, \u00e9s ig\u00e9nyes k\u00f6r\u00fclm\u00e9nyek k\u00f6z\u00f6tt is meg\u0151rzi szil\u00e1rds\u00e1g\u00e1t.<\/p>\n<p>Az emel\u00e9si m\u0171veletek biztons\u00e1g\u00e1t a Qingdao H&amp;F apr\u00f3l\u00e9kos gy\u00e1rt\u00e1si szabv\u00e1nyai fokozz\u00e1k. Minden egyes heveder megfelel vagy meghaladja a nemzetk\u00f6zi ipar\u00e1gi el\u0151\u00edr\u00e1sokat, \u00edgy sz\u00e1mos olyan alkalmaz\u00e1shoz alkalmas, ahol szigor\u00fa biztons\u00e1gi protokollok vannak \u00e9rv\u00e9nyben. A gy\u00e1rt\u00e1s minden szakasz\u00e1ban v\u00e9gzett szigor\u00fa min\u0151s\u00e9gellen\u0151rz\u00e9ssel a Qingdao H&amp;F biztos\u00edtja, hogy a 10 tonn\u00e1s hevederek megb\u00edzhat\u00f3 t\u00e1mogat\u00e1st ny\u00fajtsanak a legnehezebb k\u00f6r\u00fclm\u00e9nyek k\u00f6z\u00f6tt is. Az egyes hevederekhez mell\u00e9kelt r\u00e9szletes min\u0151s\u00e9gellen\u0151rz\u00e9si jelent\u00e9sek bizony\u00edtj\u00e1k ezt az elk\u00f6telezetts\u00e9get, \u00e9s seg\u00edtik a v\u00e1llalkoz\u00e1sokat a biztons\u00e1gi \u00e9s megfelel\u0151s\u00e9gi el\u0151\u00edr\u00e1sok megb\u00edzhat\u00f3 betart\u00e1s\u00e1ban.<\/p>\n<h4>Qingdao H&amp;F: Megb\u00edzhat\u00f3 partner a nagy teljes\u00edtm\u00e9ny\u0171 emel\u00e9si megold\u00e1sokhoz<\/h4>\n<p>A Qingdao H&amp;F k\u00e9t \u00e9vtizedes tapasztalattal rendelkez\u0151, tapasztalt B2B kereskedelmi v\u00e1llalatk\u00e9nt elk\u00f6telezett a v\u00e1llalkoz\u00e1sok t\u00e1mogat\u00e1sa mellett, olyan term\u00e9kekkel, amelyek a min\u0151s\u00e9get, a biztons\u00e1got \u00e9s a szolg\u00e1ltat\u00e1st \u00f6tv\u00f6zik. A 10 tonn\u00e1s hevederes heveder j\u00f3l p\u00e9ld\u00e1zza a Qingdao H&amp;F megk\u00f6zel\u00edt\u00e9s\u00e9t, hogy megb\u00edzhat\u00f3, nagy teljes\u00edtm\u00e9ny\u0171 berendez\u00e9seket k\u00edn\u00e1ljon, amelyek megfelelnek az ipari v\u00e1s\u00e1rl\u00f3k gyakorlati ig\u00e9nyeinek. Minden hevederhez tartozik egy min\u0151s\u00e9gellen\u0151rz\u00e9si jelent\u00e9s, amely a v\u00e1s\u00e1rl\u00f3k sz\u00e1m\u00e1ra vil\u00e1gos k\u00e9pet ny\u00fajt a term\u00e9k specifik\u00e1ci\u00f3ir\u00f3l, \u00e9s teljes \u00e1tl\u00e1that\u00f3s\u00e1got biztos\u00edt a term\u00e9k teljes\u00edtm\u00e9ny\u00e9t illet\u0151en.<\/p>\n<p>A Qingdao H &amp; F egy\u00e9ni \u00fcgyf\u00e9lszolg\u00e1lati modellje lehet\u0151v\u00e9 teszi a v\u00e1s\u00e1rl\u00f3k sz\u00e1m\u00e1ra, hogy szem\u00e9lyre szabott t\u00e1mogat\u00e1st kapjanak a hozz\u00e1\u00e9rt\u0151 k\u00e9pvisel\u0151kt\u0151l, seg\u00edtve \u0151ket az ide\u00e1lis emel\u0151berendez\u00e9sek kiv\u00e1laszt\u00e1s\u00e1ban az egyedi k\u00f6vetelm\u00e9nyekhez. Ez a figyelmes megk\u00f6zel\u00edt\u00e9s, valamint a gyors \u00e9s hat\u00e9kony sz\u00e1ll\u00edt\u00e1si ciklus bizony\u00edtja a Qingdao H&amp;F elk\u00f6telezetts\u00e9g\u00e9t a z\u00f6kken\u0151mentes v\u00e1s\u00e1rl\u00e1si folyamat el\u0151seg\u00edt\u00e9se ir\u00e1nt, amely \u00f6sszhangban van az \u00fcgyfelek m\u0171k\u00f6d\u00e9si \u00fctemterv\u00e9vel. A Qingdao H&amp;F az \u00fcgyfelek el\u00e9gedetts\u00e9g\u00e9re \u00e9s a min\u0151s\u00e9gellen\u0151rz\u00e9sre val\u00f3 \u00f6sszpontos\u00edt\u00e1sa megb\u00edzhat\u00f3 n\u00e9vv\u00e9 tette a v\u00e1llalatot az ipari emel\u0151g\u00e9pek piac\u00e1n.<\/p>\n<p>A Qingdao H&amp;F 10 tonn\u00e1s hevederes hevedere t\u00f6bb mint egy egyszer\u0171 emel\u00e9si megold\u00e1s - megb\u00edzhat\u00f3 partner a biztons\u00e1g, a hat\u00e9konys\u00e1g \u00e9s a nagy teljes\u00edtm\u00e9ny ir\u00e1nt elk\u00f6telezett v\u00e1llalkoz\u00e1sok sz\u00e1m\u00e1ra. A Qingdao H&amp;F minden egyes hevederrel olyan term\u00e9ket sz\u00e1ll\u00edt, amely megfelel az ipar\u00e1gi szabv\u00e1nyoknak, mik\u00f6zben biztons\u00e1gos \u00e9s hat\u00e9kony lehet\u0151s\u00e9get ny\u00fajt a neh\u00e9z emel\u00e9si alkalmaz\u00e1sokhoz.<\/p>","protected":false},"excerpt":{"rendered":"<p>A 10 tonn\u00e1s hevederes hevedert nagy teherb\u00edr\u00e1s\u00fa emel\u00e9sre tervezt\u00e9k, hogy megfeleljen azon ipar\u00e1gak szigor\u00fa k\u00f6vetelm\u00e9nyeinek, ahol a biztons\u00e1gos, nagy kapacit\u00e1s\u00fa emel\u00e9s elengedhetetlen. Ez a tart\u00f3s heveder ak\u00e1r 10 tonn\u00e1t is elb\u00edr, \u00e9s megfelel a v\u00e1s\u00e1rl\u00f3k er\u0151ss\u00e9ggel, biztons\u00e1ggal \u00e9s megb\u00edzhat\u00f3s\u00e1ggal kapcsolatos els\u0151dleges szempontjainak. Tapasztalt B2B kereskedelmi v\u00e1llalatk\u00e9nt a Qingdao H&amp;F szem\u00e9lyes \u00fcgyf\u00e9lszolg\u00e1latot, gyors sz\u00e1ll\u00edt\u00e1st \u00e9s \u00e1tfog\u00f3 min\u0151s\u00e9gellen\u0151rz\u00e9si jelent\u00e9seket biztos\u00edt, biztos\u00edtva a z\u00f6kken\u0151mentes v\u00e1s\u00e1rl\u00e1si \u00e9lm\u00e9nyt, amely az \u00e1tl\u00e1that\u00f3s\u00e1got \u00e9s az \u00fcgyfelek el\u00e9gedetts\u00e9g\u00e9t helyezi el\u0151t\u00e9rbe.<\/p>","protected":false},"featured_media":8192,"comment_status":"open","ping_status":"closed","template":"","meta":{"site-sidebar-layout":"default","site-content-layout":"","ast-site-content-layout":"default","site-content-style":"default","site-sidebar-style":"default","ast-global-header-display":"","ast-banner-title-visibility":"","ast-main-header-display":"","ast-hfb-above-header-display":"","ast-hfb-below-header-display":"","ast-hfb-mobile-header-display":"","site-post-title":"","ast-breadcrumbs-content":"","ast-featured-img":"","footer-sml-layout":"","theme-transparent-header-meta":"default","adv-header-id-meta":"","stick-header-meta":"default","header-above-stick-meta":"","header-main-stick-meta":"","header-below-stick-meta":"","astra-migrate-meta-layouts":"set","ast-page-background-enabled":"default","ast-page-background-meta":{"desktop":{"background-color":"","background-image":"","background-repeat":"repeat","background-position":"center center","background-size":"auto","background-attachment":"scroll","background-type":"","background-media":"","overlay-type":"","overlay-color":"","overlay-opacity":"","overlay-gradient":""},"tablet":{"background-color":"","background-image":"","background-repeat":"repeat","background-position":"center center","background-size":"auto","background-attachment":"scroll","background-type":"","background-media":"","overlay-type":"","overlay-color":"","overlay-opacity":"","overlay-gradient":""},"mobile":{"background-color":"","background-image":"","background-repeat":"repeat","background-position":"center center","background-size":"auto","background-attachment":"scroll","background-type":"","background-media":"","overlay-type":"","overlay-color":"","overlay-opacity":"","overlay-gradient":""}},"ast-content-background-meta":{"desktop":{"background-color":"var(--ast-global-color-5)","background-image":"","background-repeat":"repeat","background-position":"center center","background-size":"auto","background-attachment":"scroll","background-type":"","background-media":"","overlay-type":"","overlay-color":"","overlay-opacity":"","overlay-gradient":""},"tablet":{"background-color":"var(--ast-global-color-5)","background-image":"","background-repeat":"repeat","background-position":"center center","background-size":"auto","background-attachment":"scroll","background-type":"","background-media":"","overlay-type":"","overlay-color":"","overlay-opacity":"","overlay-gradient":""},"mobile":{"background-color":"var(--ast-global-color-5)","background-image":"","background-repeat":"repeat","background-position":"center center","background-size":"auto","background-attachment":"scroll","background-type":"","background-media":"","overlay-type":"","overlay-color":"","overlay-opacity":"","overlay-gradient":""}}},"product_brand":[],"product_cat":[39],"product_tag":[],"class_list":{"0":"post-8291","1":"product","2":"type-product","3":"status-publish","4":"has-post-thumbnail","6":"product_cat-webbing-sling","7":"desktop-align-left","8":"tablet-align-left","9":"mobile-align-left","10":"ast-product-gallery-layout-horizontal-slider","11":"ast-product-gallery-with-no-image","12":"ast-product-tabs-layout-horizontal","14":"first","15":"instock","16":"shipping-taxable","17":"purchasable","18":"product-type-simple"},"yoast_head":"<!-- This site is optimized with the Yoast SEO plugin v25.2 - https:\/\/yoast.com\/wordpress\/plugins\/seo\/ -->\n<title>Flat Webbing Sling 10 Ton Polyester Double Duplex<\/title>\n<meta name=\"robots\" content=\"index, follow, max-snippet:-1, max-image-preview:large, max-video-preview:-1\" \/>\n<link rel=\"canonical\" href=\"https:\/\/qingdaohf.com\/hu\/termek\/heveder-heveder-10-tonna\/\" \/>\n<meta property=\"og:locale\" content=\"hu_HU\" \/>\n<meta property=\"og:type\" content=\"article\" \/>\n<meta property=\"og:title\" content=\"Flat Webbing Sling 10 Ton Polyester Double Duplex\" \/>\n<meta property=\"og:description\" content=\"10-Ton Webbing Sling is built for heavy-duty lifting, designed to meet the stringent demands of industries where secure, high-capacity lifting is essential. This durable sling handles up to 10 tons, addressing buyers&#039; primary concerns about strength, safety, and reliability. As an experienced B2B trading company, Qingdao H&amp;F provides one-on-one customer support, fast delivery, and comprehensive quality inspection reports, ensuring a smooth buying experience that prioritizes transparency and customer satisfaction.\" \/>\n<meta property=\"og:url\" content=\"https:\/\/qingdaohf.com\/hu\/termek\/heveder-heveder-10-tonna\/\" \/>\n<meta property=\"og:site_name\" content=\"Concrete Form &amp; Rigging Hardware Supplier\" \/>\n<meta property=\"article:publisher\" content=\"https:\/\/www.facebook.com\/qingdaohf\" \/>\n<meta property=\"article:modified_time\" content=\"2025-11-13T01:02:52+00:00\" \/>\n<meta property=\"og:image\" content=\"https:\/\/qingdaohf.com\/wp-content\/uploads\/2024\/10\/10-tons_1.webp\" \/>\n\t<meta property=\"og:image:width\" content=\"1000\" \/>\n\t<meta property=\"og:image:height\" content=\"1000\" \/>\n\t<meta property=\"og:image:type\" content=\"image\/webp\" \/>\n<meta name=\"twitter:card\" content=\"summary_large_image\" \/>\n<meta name=\"twitter:label1\" content=\"Becs\u00fclt olvas\u00e1si id\u0151\" \/>\n\t<meta name=\"twitter:data1\" content=\"3 perc\" \/>\n<script type=\"application\/ld+json\" class=\"yoast-schema-graph\">{\"@context\":\"https:\/\/schema.org\",\"@graph\":[{\"@type\":\"WebPage\",\"@id\":\"https:\/\/qingdaohf.com\/product\/webbing-sling-10-ton\/\",\"url\":\"https:\/\/qingdaohf.com\/product\/webbing-sling-10-ton\/\",\"name\":\"Flat Webbing Sling 10 Ton Polyester Double Duplex\",\"isPartOf\":{\"@id\":\"https:\/\/qingdaohf.com\/bg\/#website\"},\"primaryImageOfPage\":{\"@id\":\"https:\/\/qingdaohf.com\/product\/webbing-sling-10-ton\/#primaryimage\"},\"image\":{\"@id\":\"https:\/\/qingdaohf.com\/product\/webbing-sling-10-ton\/#primaryimage\"},\"thumbnailUrl\":\"https:\/\/qingdaohf.com\/wp-content\/uploads\/2024\/10\/10-tons_1.webp\",\"datePublished\":\"2024-11-05T09:59:58+00:00\",\"dateModified\":\"2025-11-13T01:02:52+00:00\",\"breadcrumb\":{\"@id\":\"https:\/\/qingdaohf.com\/product\/webbing-sling-10-ton\/#breadcrumb\"},\"inLanguage\":\"hu\",\"potentialAction\":[{\"@type\":\"ReadAction\",\"target\":[\"https:\/\/qingdaohf.com\/product\/webbing-sling-10-ton\/\"]}]},{\"@type\":\"ImageObject\",\"inLanguage\":\"hu\",\"@id\":\"https:\/\/qingdaohf.com\/product\/webbing-sling-10-ton\/#primaryimage\",\"url\":\"https:\/\/qingdaohf.com\/wp-content\/uploads\/2024\/10\/10-tons_1.webp\",\"contentUrl\":\"https:\/\/qingdaohf.com\/wp-content\/uploads\/2024\/10\/10-tons_1.webp\",\"width\":1000,\"height\":1000,\"caption\":\"Webbing Sling 10 Ton\"},{\"@type\":\"BreadcrumbList\",\"@id\":\"https:\/\/qingdaohf.com\/product\/webbing-sling-10-ton\/#breadcrumb\",\"itemListElement\":[{\"@type\":\"ListItem\",\"position\":1,\"name\":\"Home\",\"item\":\"https:\/\/qingdaohf.com\/\"},{\"@type\":\"ListItem\",\"position\":2,\"name\":\"Concrete Forming Accessories and Rigging Hardware\",\"item\":\"https:\/\/qingdaohf.com\/bg\/?page_id=944\"},{\"@type\":\"ListItem\",\"position\":3,\"name\":\"Flat Webbing Sling 10 Ton Polyester Double Duplex\"}]},{\"@type\":\"WebSite\",\"@id\":\"https:\/\/qingdaohf.com\/bg\/#website\",\"url\":\"https:\/\/qingdaohf.com\/bg\/\",\"name\":\"Concrete Form & Rigging Hardware Supplier\",\"description\":\"\",\"publisher\":{\"@id\":\"https:\/\/qingdaohf.com\/bg\/#organization\"},\"potentialAction\":[{\"@type\":\"SearchAction\",\"target\":{\"@type\":\"EntryPoint\",\"urlTemplate\":\"https:\/\/qingdaohf.com\/bg\/?s={search_term_string}\"},\"query-input\":{\"@type\":\"PropertyValueSpecification\",\"valueRequired\":true,\"valueName\":\"search_term_string\"}}],\"inLanguage\":\"hu\"},{\"@type\":\"Organization\",\"@id\":\"https:\/\/qingdaohf.com\/bg\/#organization\",\"name\":\"Qingdao H&F\",\"url\":\"https:\/\/qingdaohf.com\/bg\/\",\"logo\":{\"@type\":\"ImageObject\",\"inLanguage\":\"hu\",\"@id\":\"https:\/\/qingdaohf.com\/bg\/#\/schema\/logo\/image\/\",\"url\":\"https:\/\/qingdaohf.com\/wp-content\/uploads\/2022\/12\/cropped-HF-LOGO.png\",\"contentUrl\":\"https:\/\/qingdaohf.com\/wp-content\/uploads\/2022\/12\/cropped-HF-LOGO.png\",\"width\":391,\"height\":249,\"caption\":\"Qingdao H&F\"},\"image\":{\"@id\":\"https:\/\/qingdaohf.com\/bg\/#\/schema\/logo\/image\/\"},\"sameAs\":[\"https:\/\/www.facebook.com\/qingdaohf\"]}]}<\/script>\n<!-- \/ Yoast SEO plugin. -->","yoast_head_json":{"title":"Flat Webbing Sling 10 Ton Polyester Double Duplex","robots":{"index":"index","follow":"follow","max-snippet":"max-snippet:-1","max-image-preview":"max-image-preview:large","max-video-preview":"max-video-preview:-1"},"canonical":"https:\/\/qingdaohf.com\/hu\/termek\/heveder-heveder-10-tonna\/","og_locale":"hu_HU","og_type":"article","og_title":"Flat Webbing Sling 10 Ton Polyester Double Duplex","og_description":"10-Ton Webbing Sling is built for heavy-duty lifting, designed to meet the stringent demands of industries where secure, high-capacity lifting is essential. This durable sling handles up to 10 tons, addressing buyers' primary concerns about strength, safety, and reliability. As an experienced B2B trading company, Qingdao H&amp;F provides one-on-one customer support, fast delivery, and comprehensive quality inspection reports, ensuring a smooth buying experience that prioritizes transparency and customer satisfaction.","og_url":"https:\/\/qingdaohf.com\/hu\/termek\/heveder-heveder-10-tonna\/","og_site_name":"Concrete Form &amp; Rigging Hardware Supplier","article_publisher":"https:\/\/www.facebook.com\/qingdaohf","article_modified_time":"2025-11-13T01:02:52+00:00","og_image":[{"width":1000,"height":1000,"url":"https:\/\/qingdaohf.com\/wp-content\/uploads\/2024\/10\/10-tons_1.webp","type":"image\/webp"}],"twitter_card":"summary_large_image","twitter_misc":{"Becs\u00fclt olvas\u00e1si id\u0151":"3 perc"},"schema":{"@context":"https:\/\/schema.org","@graph":[{"@type":"WebPage","@id":"https:\/\/qingdaohf.com\/product\/webbing-sling-10-ton\/","url":"https:\/\/qingdaohf.com\/product\/webbing-sling-10-ton\/","name":"Flat Webbing Sling 10 Ton Polyester Double Duplex","isPartOf":{"@id":"https:\/\/qingdaohf.com\/bg\/#website"},"primaryImageOfPage":{"@id":"https:\/\/qingdaohf.com\/product\/webbing-sling-10-ton\/#primaryimage"},"image":{"@id":"https:\/\/qingdaohf.com\/product\/webbing-sling-10-ton\/#primaryimage"},"thumbnailUrl":"https:\/\/qingdaohf.com\/wp-content\/uploads\/2024\/10\/10-tons_1.webp","datePublished":"2024-11-05T09:59:58+00:00","dateModified":"2025-11-13T01:02:52+00:00","breadcrumb":{"@id":"https:\/\/qingdaohf.com\/product\/webbing-sling-10-ton\/#breadcrumb"},"inLanguage":"hu","potentialAction":[{"@type":"ReadAction","target":["https:\/\/qingdaohf.com\/product\/webbing-sling-10-ton\/"]}]},{"@type":"ImageObject","inLanguage":"hu","@id":"https:\/\/qingdaohf.com\/product\/webbing-sling-10-ton\/#primaryimage","url":"https:\/\/qingdaohf.com\/wp-content\/uploads\/2024\/10\/10-tons_1.webp","contentUrl":"https:\/\/qingdaohf.com\/wp-content\/uploads\/2024\/10\/10-tons_1.webp","width":1000,"height":1000,"caption":"Webbing Sling 10 Ton"},{"@type":"BreadcrumbList","@id":"https:\/\/qingdaohf.com\/product\/webbing-sling-10-ton\/#breadcrumb","itemListElement":[{"@type":"ListItem","position":1,"name":"Home","item":"https:\/\/qingdaohf.com\/"},{"@type":"ListItem","position":2,"name":"Concrete Forming Accessories and Rigging Hardware","item":"https:\/\/qingdaohf.com\/bg\/?page_id=944"},{"@type":"ListItem","position":3,"name":"Flat Webbing Sling 10 Ton Polyester Double Duplex"}]},{"@type":"WebSite","@id":"https:\/\/qingdaohf.com\/bg\/#website","url":"https:\/\/qingdaohf.com\/bg\/","name":"Concrete Form & Rigging Hardware Supplier","description":"","publisher":{"@id":"https:\/\/qingdaohf.com\/bg\/#organization"},"potentialAction":[{"@type":"SearchAction","target":{"@type":"EntryPoint","urlTemplate":"https:\/\/qingdaohf.com\/bg\/?s={search_term_string}"},"query-input":{"@type":"PropertyValueSpecification","valueRequired":true,"valueName":"search_term_string"}}],"inLanguage":"hu"},{"@type":"Organization","@id":"https:\/\/qingdaohf.com\/bg\/#organization","name":"Qingdao H&F","url":"https:\/\/qingdaohf.com\/bg\/","logo":{"@type":"ImageObject","inLanguage":"hu","@id":"https:\/\/qingdaohf.com\/bg\/#\/schema\/logo\/image\/","url":"https:\/\/qingdaohf.com\/wp-content\/uploads\/2022\/12\/cropped-HF-LOGO.png","contentUrl":"https:\/\/qingdaohf.com\/wp-content\/uploads\/2022\/12\/cropped-HF-LOGO.png","width":391,"height":249,"caption":"Qingdao H&F"},"image":{"@id":"https:\/\/qingdaohf.com\/bg\/#\/schema\/logo\/image\/"},"sameAs":["https:\/\/www.facebook.com\/qingdaohf"]}]}},"_links":{"self":[{"href":"https:\/\/qingdaohf.com\/hu\/wp-json\/wp\/v2\/product\/8291","targetHints":{"allow":["GET"]}}],"collection":[{"href":"https:\/\/qingdaohf.com\/hu\/wp-json\/wp\/v2\/product"}],"about":[{"href":"https:\/\/qingdaohf.com\/hu\/wp-json\/wp\/v2\/types\/product"}],"replies":[{"embeddable":true,"href":"https:\/\/qingdaohf.com\/hu\/wp-json\/wp\/v2\/comments?post=8291"}],"version-history":[{"count":2,"href":"https:\/\/qingdaohf.com\/hu\/wp-json\/wp\/v2\/product\/8291\/revisions"}],"predecessor-version":[{"id":8333,"href":"https:\/\/qingdaohf.com\/hu\/wp-json\/wp\/v2\/product\/8291\/revisions\/8333"}],"wp:featuredmedia":[{"embeddable":true,"href":"https:\/\/qingdaohf.com\/hu\/wp-json\/wp\/v2\/media\/8192"}],"wp:attachment":[{"href":"https:\/\/qingdaohf.com\/hu\/wp-json\/wp\/v2\/media?parent=8291"}],"wp:term":[{"taxonomy":"product_brand","embeddable":true,"href":"https:\/\/qingdaohf.com\/hu\/wp-json\/wp\/v2\/product_brand?post=8291"},{"taxonomy":"product_cat","embeddable":true,"href":"https:\/\/qingdaohf.com\/hu\/wp-json\/wp\/v2\/product_cat?post=8291"},{"taxonomy":"product_tag","embeddable":true,"href":"https:\/\/qingdaohf.com\/hu\/wp-json\/wp\/v2\/product_tag?post=8291"}],"curies":[{"name":"wp","href":"https:\/\/api.w.org\/{rel}","templated":true}]}}