{"id":8310,"date":"2024-11-07T14:33:56","date_gmt":"2024-11-07T06:33:56","guid":{"rendered":"http:\/\/qingdaohf.com\/?post_type=product&#038;p=8310"},"modified":"2025-11-13T09:02:52","modified_gmt":"2025-11-13T01:02:52","slug":"spek-anchor-stockless-anchor","status":"publish","type":"product","link":"https:\/\/qingdaohf.com\/hu\/termek\/spek-horgony-stockless-horgony\/","title":{"rendered":"Spek Anchor Stockless horgony"},"content":{"rendered":"<h3>A Spek horgonyok \u00e1ttekint\u00e9se \u00e9s egyedi kialak\u00edt\u00e1sa<\/h3>\n<p>A Spek horgony a tengeri \u00e9s tengeri iparban sz\u00e9les k\u00f6rben kedvelt horgonyt\u00edpus, amelyet a stabilit\u00e1st \u00e9s tart\u00f3ss\u00e1got hangs\u00falyoz\u00f3, jellegzetes kialak\u00edt\u00e1sa miatt v\u00e1lasztottak ki. A Spek horgony, mint az egyik hagyom\u00e1nyosabb horgonyt\u00edpus, h\u00edrnevet szerzett a k\u00fcl\u00f6nb\u00f6z\u0151 tengeri k\u00f6r\u00fclm\u00e9nyek k\u00f6z\u00f6tt val\u00f3 hat\u00e9konys\u00e1g\u00e1r\u00f3l, els\u0151sorban annak k\u00f6sz\u00f6nhet\u0151en, hogy k\u00e9pes gyorsan be\u00e1sni mag\u00e1t a k\u00fcl\u00f6nb\u00f6z\u0151 tengerfen\u00e9kbe. M\u00e1s horgonyokkal \u00f6sszehasonl\u00edtva a Spek horgony szerkezete lehet\u0151v\u00e9 teszi a gyors be\u00e1gyaz\u00f3d\u00e1st a kihelyez\u00e9skor, ami rendk\u00edv\u00fcl k\u00edv\u00e1natos tulajdons\u00e1g azon haj\u00f3k sz\u00e1m\u00e1ra, amelyeknek megb\u00edzhat\u00f3 tart\u00f3er\u0151re van sz\u00fcks\u00e9g\u00fck hosszadalmas horgonyz\u00e1si elj\u00e1r\u00e1sok n\u00e9lk\u00fcl.<\/p>\n<p>Ez a horgonyt\u00edpus egy speci\u00e1lisan kialak\u00edtott sz\u00e1rat \u00e9s sz\u00e1rat tartalmaz, mindkett\u0151t \u00fagy optimaliz\u00e1lt\u00e1k, hogy ellen\u00e1lljon a v\u00edzmozg\u00e1s v\u00e1ltoz\u00e1sai \u00e1ltal okozott forg\u00e1si er\u0151knek. Ez az egyedi forma nemcsak a vonszol\u00e1st minimaliz\u00e1lja, hanem a hirtelen \u00e1raml\u00e1sv\u00e1ltoz\u00e1sok sor\u00e1n is fenntartja a stabilit\u00e1st, \u00edgy nyugalmat ny\u00fajt a k\u00f6vetkezetes tart\u00f3er\u0151re t\u00e1maszkod\u00f3 haj\u00f3sok sz\u00e1m\u00e1ra. A Spek horgony geometri\u00e1ja sz\u00e9les fluke-sz\u00f6get \u00e9s s\u00falyozott sz\u00e1rat tartalmaz, ami seg\u00edt fenntartani a tengerfen\u00e9kbe val\u00f3 kedvez\u0151 behatol\u00e1si sz\u00f6get. Ez a tulajdons\u00e1ga lehet\u0151v\u00e9 teszi, hogy homokos vagy iszapos aljzaton gyorsan le\u00fclepedjen \u00e9s r\u00f6gz\u00fclj\u00f6n, \u00edgy sokoldal\u00faan alkalmazhat\u00f3 a k\u00fcl\u00f6nb\u00f6z\u0151 tengeri k\u00f6rnyezetekben.<\/p>\n<p>A Qingdao H&amp;F-n\u00e9l olyan Spek horgonyokat sz\u00e1ll\u00edtunk, amelyek megfelelnek ezeknek a kritikus teljes\u00edtm\u00e9nynorm\u00e1knak, mik\u00f6zben tov\u00e1bbi t\u00e1mogat\u00e1ssal \u00e9s min\u0151s\u00e9gbiztos\u00edt\u00e1ssal n\u00f6velj\u00fck az \u00fcgyfelek k\u00e9nyelm\u00e9t. Sz\u00e1mos min\u0151s\u00e9gellen\u0151rz\u00e9si jelent\u00e9st ny\u00fajtunk az egyes horgonyok szerkezeti integrit\u00e1s\u00e1nak \u00e9s teljes\u00edtm\u00e9nyk\u00e9pess\u00e9g\u00e9nek \u00e9rv\u00e9nyes\u00edt\u00e9s\u00e9re, biztos\u00edtva a szigor\u00fa tengeri biztons\u00e1gi el\u0151\u00edr\u00e1soknak val\u00f3 megfelel\u00e9st. Egy\u00e9ni \u00fcgyf\u00e9lt\u00e1mogat\u00e1st ny\u00fajtva seg\u00edt\u00fcnk a v\u00e1s\u00e1rl\u00f3knak az adott alkalmaz\u00e1shoz optim\u00e1lis horgonym\u00e9ret \u00e9s -t\u00edpus kiv\u00e1laszt\u00e1s\u00e1ban. Megb\u00edzhat\u00f3 \u00e9s gyors sz\u00e1ll\u00edt\u00e1si folyamatunk biztos\u00edtja tov\u00e1bb\u00e1, hogy az \u00fcgyfelek id\u0151ben megkapj\u00e1k term\u00e9keiket, cs\u00f6kkentve ezzel a m\u0171veletek esetleges k\u00e9sedelmeit.<\/p>\n<p><img fetchpriority=\"high\" decoding=\"async\" class=\"alignnone wp-image-8317 size-full\" src=\"http:\/\/qingdaohf.com\/wp-content\/uploads\/2024\/11\/spek-anchor-1.jpg\" alt=\"\" width=\"640\" height=\"640\" srcset=\"https:\/\/qingdaohf.com\/wp-content\/uploads\/2024\/11\/spek-anchor-1.jpg 640w, https:\/\/qingdaohf.com\/wp-content\/uploads\/2024\/11\/spek-anchor-1-300x300.jpg 300w, https:\/\/qingdaohf.com\/wp-content\/uploads\/2024\/11\/spek-anchor-1-150x150.jpg 150w, https:\/\/qingdaohf.com\/wp-content\/uploads\/2024\/11\/spek-anchor-1-12x12.jpg 12w, https:\/\/qingdaohf.com\/wp-content\/uploads\/2024\/11\/spek-anchor-1-500x500.jpg 500w, https:\/\/qingdaohf.com\/wp-content\/uploads\/2024\/11\/spek-anchor-1-100x100.jpg 100w\" sizes=\"(max-width: 640px) 100vw, 640px\" \/> <img decoding=\"async\" class=\"alignnone wp-image-8318 size-full\" src=\"http:\/\/qingdaohf.com\/wp-content\/uploads\/2024\/11\/spek-anchor-1.png\" alt=\"\" width=\"598\" height=\"727\" srcset=\"https:\/\/qingdaohf.com\/wp-content\/uploads\/2024\/11\/spek-anchor-1.png 598w, https:\/\/qingdaohf.com\/wp-content\/uploads\/2024\/11\/spek-anchor-1-247x300.png 247w, https:\/\/qingdaohf.com\/wp-content\/uploads\/2024\/11\/spek-anchor-1-10x12.png 10w\" sizes=\"(max-width: 598px) 100vw, 598px\" \/><\/p>\n<h3>Spek horgony alkalmaz\u00e1sok \u00e9s sokoldal\u00fas\u00e1g a k\u00fcl\u00f6nb\u00f6z\u0151 tengeri k\u00f6rnyezetekben<\/h3>\n<p>A Spek horgonyt gyakran v\u00e1lasztj\u00e1k kereskedelmi haj\u00f3k, tengeri f\u00far\u00f3tornyok \u00e9s m\u00e1s jelent\u0151s haj\u00f3k sz\u00e1m\u00e1ra, leny\u0171g\u00f6z\u0151 tart\u00f3k\u00e9pess\u00e9ge \u00e9s alkalmazkod\u00f3k\u00e9pess\u00e9ge miatt. A horgony k\u00fcl\u00f6n\u00f6sen hat\u00e9kony a nagyobb haj\u00f3k eset\u00e9ben, ahol a biztons\u00e1gos kik\u00f6t\u00e9s elengedhetetlen a stabilit\u00e1s meg\u0151rz\u00e9s\u00e9hez hosszabb tart\u00f3zkod\u00e1s sor\u00e1n. M\u00e9rs\u00e9kelt vagy er\u0151s tengeri k\u00f6r\u00fclm\u00e9nyek k\u00f6z\u00f6tt a Spek horgony el\u0151ny\u00f6s az oldalir\u00e1ny\u00fa mozg\u00e1sokkal szembeni ellen\u00e1ll\u00e1sa \u00e9s a v\u00e1ltoz\u00f3 \u00e1ramlatokban val\u00f3 tart\u00e1si k\u00e9pess\u00e9ge miatt. Ezek a tulajdons\u00e1gok teszik el\u0151ny\u00f6s v\u00e1laszt\u00e1ss\u00e1 olyan helyzetekben, amikor a kisz\u00e1m\u00edthatatlan k\u00f6rnyezeti felt\u00e9telek ellen\u00e9re is biztons\u00e1gos horgonyz\u00e1sra van sz\u00fcks\u00e9g.<\/p>\n<p>A tengeri \u00e9s offshore szektorban dolgoz\u00f3 v\u00e1s\u00e1rl\u00f3k sz\u00e1m\u00e1ra a tart\u00f3ss\u00e1g, a k\u00f6nny\u0171 telep\u00edthet\u0151s\u00e9g \u00e9s a k\u00f6lts\u00e9ghat\u00e9konys\u00e1g kulcsfontoss\u00e1g\u00fa szempontok. A Spek horgony kialak\u00edt\u00e1sa nemcsak a k\u00f6nny\u0171 haszn\u00e1latot k\u00f6nny\u00edti meg, hanem a horgonyl\u00e1nc \u00e9s a kapcsol\u00f3d\u00f3 berendez\u00e9sek kop\u00e1s\u00e1t is cs\u00f6kkenti az\u00e1ltal, hogy minimaliz\u00e1lja a hirtelen r\u00e1zk\u00f3d\u00e1sokat vagy h\u00faz\u00e1sokat, amelyek a kev\u00e9sb\u00e9 stabil horgonyt\u00edpusokn\u00e1l el\u0151fordulhatnak. A homokos, iszapos vagy ak\u00e1r szikl\u00e1s tengerfen\u00e9kkel rendelkez\u0151 ter\u00fcleteken k\u00f6zleked\u0151 haj\u00f3k sz\u00e1m\u00e1ra el\u0151ny\u00f6s a Spek Anchor gyors \u00e9s megb\u00edzhat\u00f3 be\u00e1ll\u00edt\u00e1sa, mivel j\u00f3l alkalmazkodik a k\u00fcl\u00f6nb\u00f6z\u0151 felsz\u00ednt\u00edpusokhoz.<\/p>\n<p>A Qingdao H&amp;F-n\u00e9l hangs\u00falyt fektet\u00fcnk arra, hogy olyan term\u00e9keket k\u00edn\u00e1ljunk, amelyek megfelelnek ezeknek a m\u0171k\u00f6d\u00e9si ig\u00e9nyeknek, mik\u00f6zben olyan el\u0151ny\u00f6ket is k\u00edn\u00e1lunk, amelyek jav\u00edtj\u00e1k a v\u00e1s\u00e1rl\u00e1si \u00e9lm\u00e9nyt. A gyors sz\u00e1ll\u00edt\u00e1si ciklusok ir\u00e1nti elk\u00f6telezetts\u00e9g\u00fcnk biztos\u00edtja, hogy az \u00fcgyfelek hosszabb v\u00e1rakoz\u00e1si id\u0151 n\u00e9lk\u00fcl, azonnal integr\u00e1lhass\u00e1k az \u00faj berendez\u00e9seket. Ezenk\u00edv\u00fcl minden egyes Spek horgony eset\u00e9ben alapos tesztel\u00e9st v\u00e9gz\u00fcnk, r\u00e9szletes vizsg\u00e1lati jelent\u00e9seket biztos\u00edtunk a horgony tart\u00f3ss\u00e1g\u00e1nak, s\u00faly\u00e1nak \u00e9s teljes\u00edtm\u00e9nyparam\u00e9tereinek igazol\u00e1s\u00e1ra. Ez a min\u0151s\u00e9gi ellen\u0151rz\u00e9si szint k\u00fcl\u00f6n\u00f6sen fontos azon v\u00e1s\u00e1rl\u00f3k sz\u00e1m\u00e1ra, akiknek meg kell felelni\u00fck a tengeri biztons\u00e1gi el\u0151\u00edr\u00e1soknak, \u00e9s egy\u00e9rtelm\u0171 dokument\u00e1ci\u00f3t ig\u00e9nyelnek a berendez\u00e9sek megb\u00edzhat\u00f3s\u00e1g\u00e1nak igazol\u00e1s\u00e1ra.<\/p>\n<h3>A Qingdao H&amp;F Spek horgonyok v\u00e1laszt\u00e1s\u00e1nak el\u0151nyei<\/h3>\n<p>A Qingdao H&amp;F Spek horgony\u00e1nak kiv\u00e1laszt\u00e1sa nem csup\u00e1n egy term\u00e9kbe val\u00f3 befektet\u00e9st jelent, hanem azt is, hogy megb\u00edzhat\u00f3 partnerre tesz szert a tengeri berendez\u00e9sek beszerz\u00e9s\u00e9ben. A nemzetk\u00f6zi kereskedelemben szerzett t\u00f6bb mint 20 \u00e9ves tapasztalat\u00e1val a Qingdao H&amp;F h\u00edrnevet szerzett a megb\u00edzhat\u00f3s\u00e1g \u00e9s az \u00fcgyfelek el\u00e9gedetts\u00e9ge ir\u00e1nti elk\u00f6telezetts\u00e9g ter\u00e9n. Meg\u00e9rtj\u00fck a tenger\u00e9szeti ipar m\u0171k\u00f6d\u00e9si k\u00f6vetelm\u00e9nyeit, \u00e9s arra t\u00f6reksz\u00fcnk, hogy ezekre \u00fagy v\u00e1laszoljunk, hogy minden egyes horgony nemcsak a szigor\u00fa min\u0151s\u00e9gi el\u0151\u00edr\u00e1soknak felel meg, hanem \u00fcgyfeleink egyedi alkalmaz\u00e1si k\u00f6vetelm\u00e9nyeihez is igazodik.<\/p>\n<p>A szem\u00e9lyre szabott \u00fcgyf\u00e9lszolg\u00e1lati modell\u00fcnk megk\u00fcl\u00f6nb\u00f6ztet minket a t\u00f6bbi besz\u00e1ll\u00edt\u00f3t\u00f3l, mivel szem\u00e9lyre szabott megk\u00f6zel\u00edt\u00e9st biztos\u00edt minden egyes tranzakci\u00f3hoz. A kezdeti megkeres\u00e9st\u0151l a sz\u00e1ll\u00edt\u00e1sig az \u00fcgyfelek elk\u00f6telezett seg\u00edts\u00e9get kapnak hozz\u00e1\u00e9rt\u0151 munkat\u00e1rsainkt\u00f3l, akik az ipari szabv\u00e1nyok \u00e9s az alkalmaz\u00e1sspecifikus k\u00f6vetelm\u00e9nyek alapj\u00e1n ny\u00fajtanak \u00fatmutat\u00e1st. P\u00e9ld\u00e1ul tan\u00e1csot adunk a Spek horgony megfelel\u0151 s\u00faly\u00e1nak \u00e9s m\u00e9ret\u00e9nek kiv\u00e1laszt\u00e1s\u00e1hoz a haj\u00f3t\u00edpus \u00e9s a jellemz\u0151 tengeri k\u00f6r\u00fclm\u00e9nyek alapj\u00e1n, biztos\u00edtva, hogy az \u00fcgyfelek megalapozott d\u00f6nt\u00e9seket hozzanak, amelyek n\u00f6velik a m\u0171k\u00f6d\u00e9si biztons\u00e1got \u00e9s hat\u00e9konys\u00e1got.<\/p>\n<p>Az \u00e1tl\u00e1that\u00f3s\u00e1g ir\u00e1nti elk\u00f6telezetts\u00e9g\u00fcnket tov\u00e1bb er\u0151s\u00edti kiterjedt min\u0151s\u00e9gbiztos\u00edt\u00e1si folyamatunk. Minden Spek horgony \u00e1tfog\u00f3 vizsg\u00e1laton megy kereszt\u00fcl, hogy ellen\u0151rizz\u00fck az olyan t\u00e9nyez\u0151ket, mint a szak\u00edt\u00f3szil\u00e1rds\u00e1g, a s\u00faly\u00e1lland\u00f3s\u00e1g \u00e9s a korr\u00f3zi\u00f3\u00e1ll\u00f3s\u00e1g. Ezeket a vizsg\u00e1lati folyamatokat r\u00e9szletes vizsg\u00e1lati jelent\u00e9sekben dokument\u00e1ljuk, amelyeket megosztunk \u00fcgyfeleinkkel, \u00edgy biztos\u00edtva sz\u00e1mukra a term\u00e9k tart\u00f3ss\u00e1g\u00e1ba \u00e9s teljes\u00edtm\u00e9ny\u00e9be vetett bizalmat. Tov\u00e1bb\u00e1, hat\u00e9kony logisztikai \u00e9s rakt\u00e1rr\u00f3l-rakt\u00e1rra sz\u00e1ll\u00edt\u00e1si lehet\u0151s\u00e9geink lehet\u0151v\u00e9 teszik a term\u00e9kek id\u0151ben t\u00f6rt\u00e9n\u0151 meg\u00e9rkez\u00e9s\u00e9t, ami seg\u00edt minimaliz\u00e1lni az \u00fcgyfelek m\u0171k\u00f6d\u00e9s\u00e9nek megszak\u00edt\u00e1s\u00e1t \u00e9s maximaliz\u00e1lja a k\u00e9nyelmet.<\/p>\n<p>A Qingdao H&amp;F szolg\u00e1ltat\u00e1si kiv\u00e1l\u00f3s\u00e1gra \u00e9s term\u00e9kmin\u0151s\u00e9gre val\u00f3 \u00f6sszpontos\u00edt\u00e1sa ide\u00e1lis v\u00e1laszt\u00e1ss\u00e1 tesz minket azon v\u00e1s\u00e1rl\u00f3k sz\u00e1m\u00e1ra, akik nemcsak robusztus, megb\u00edzhat\u00f3 horgonyokat keresnek, hanem z\u00f6kken\u0151mentes v\u00e1s\u00e1rl\u00e1si \u00e9lm\u00e9nyt is.<\/p>","protected":false},"excerpt":{"rendered":"<p>A tengeri alkalmaz\u00e1sokban alapvet\u0151 szerepet j\u00e1tsz\u00f3 Spek horgonyt nagyra \u00e9rt\u00e9kelik azok a v\u00e1s\u00e1rl\u00f3k, akik a megb\u00edzhat\u00f3s\u00e1g \u00e9s a hat\u00e9kony teljes\u00edtm\u00e9ny egyens\u00faly\u00e1t keresik a k\u00fcl\u00f6nb\u00f6z\u0151 \u00f3ce\u00e1ni k\u00f6r\u00fclm\u00e9nyek k\u00f6z\u00f6tt. A robusztus tart\u00f3erej\u00e9r\u0151l \u00e9s stabilit\u00e1s\u00e1r\u00f3l ismert Spek horgony k\u00fcl\u00f6n\u00f6sen alkalmas a m\u00e9rs\u00e9kelt \u00e9s viharos tengeren k\u00f6zleked\u0151 haj\u00f3k sz\u00e1m\u00e1ra. A Qingdao H&amp;F-n\u00e9l m\u00e9g egy l\u00e9p\u00e9ssel tov\u00e1bb megy\u00fcnk, hiszen szem\u00e9lyes \u00fcgyf\u00e9lszolg\u00e1latot biztos\u00edtunk, hogy minden \u00fcgyf\u00e9l az egyedi ig\u00e9nyeire szabott \u00fatmutat\u00e1st kapjon. Gyors sz\u00e1ll\u00edt\u00e1si ciklusunk cs\u00f6kkenti az \u00e1ll\u00e1sid\u0151t, m\u00edg a min\u0151s\u00e9gellen\u0151rz\u00e9si jelent\u00e9sek sora tov\u00e1bbi bizalmat ny\u00fajt a v\u00e1s\u00e1rl\u00f3knak a term\u00e9k megb\u00edzhat\u00f3s\u00e1ga \u00e9s tart\u00f3ss\u00e1ga ir\u00e1nt. A tenger\u00e9szeti szakemberek sz\u00e1m\u00e1ra a kiv\u00e9teles szolg\u00e1ltat\u00e1sra \u00e9s az egyszer\u0171s\u00edtett folyamatokra val\u00f3 \u00f6sszpontos\u00edt\u00e1sunk z\u00f6kken\u0151mentes v\u00e1s\u00e1rl\u00e1si \u00e9lm\u00e9nyt biztos\u00edt.<\/p>","protected":false},"featured_media":8311,"comment_status":"open","ping_status":"closed","template":"","meta":{"site-sidebar-layout":"default","site-content-layout":"","ast-site-content-layout":"default","site-content-style":"default","site-sidebar-style":"default","ast-global-header-display":"","ast-banner-title-visibility":"","ast-main-header-display":"","ast-hfb-above-header-display":"","ast-hfb-below-header-display":"","ast-hfb-mobile-header-display":"","site-post-title":"","ast-breadcrumbs-content":"","ast-featured-img":"","footer-sml-layout":"","theme-transparent-header-meta":"default","adv-header-id-meta":"","stick-header-meta":"default","header-above-stick-meta":"","header-main-stick-meta":"","header-below-stick-meta":"","astra-migrate-meta-layouts":"set","ast-page-background-enabled":"default","ast-page-background-meta":{"desktop":{"background-color":"","background-image":"","background-repeat":"repeat","background-position":"center center","background-size":"auto","background-attachment":"scroll","background-type":"","background-media":"","overlay-type":"","overlay-color":"","overlay-opacity":"","overlay-gradient":""},"tablet":{"background-color":"","background-image":"","background-repeat":"repeat","background-position":"center center","background-size":"auto","background-attachment":"scroll","background-type":"","background-media":"","overlay-type":"","overlay-color":"","overlay-opacity":"","overlay-gradient":""},"mobile":{"background-color":"","background-image":"","background-repeat":"repeat","background-position":"center center","background-size":"auto","background-attachment":"scroll","background-type":"","background-media":"","overlay-type":"","overlay-color":"","overlay-opacity":"","overlay-gradient":""}},"ast-content-background-meta":{"desktop":{"background-color":"var(--ast-global-color-5)","background-image":"","background-repeat":"repeat","background-position":"center center","background-size":"auto","background-attachment":"scroll","background-type":"","background-media":"","overlay-type":"","overlay-color":"","overlay-opacity":"","overlay-gradient":""},"tablet":{"background-color":"var(--ast-global-color-5)","background-image":"","background-repeat":"repeat","background-position":"center center","background-size":"auto","background-attachment":"scroll","background-type":"","background-media":"","overlay-type":"","overlay-color":"","overlay-opacity":"","overlay-gradient":""},"mobile":{"background-color":"var(--ast-global-color-5)","background-image":"","background-repeat":"repeat","background-position":"center center","background-size":"auto","background-attachment":"scroll","background-type":"","background-media":"","overlay-type":"","overlay-color":"","overlay-opacity":"","overlay-gradient":""}}},"product_brand":[],"product_cat":[74],"product_tag":[],"class_list":{"0":"post-8310","1":"product","2":"type-product","3":"status-publish","4":"has-post-thumbnail","6":"product_cat-boat-anchor","7":"desktop-align-left","8":"tablet-align-left","9":"mobile-align-left","10":"ast-product-gallery-layout-horizontal-slider","11":"ast-product-tabs-layout-horizontal","13":"first","14":"instock","15":"shipping-taxable","16":"purchasable","17":"product-type-simple"},"yoast_head":"<!-- This site is optimized with the Yoast SEO plugin v25.2 - https:\/\/yoast.com\/wordpress\/plugins\/seo\/ -->\n<title>Spek Anchor Stockless Anchor<\/title>\n<meta name=\"robots\" content=\"index, follow, max-snippet:-1, max-image-preview:large, max-video-preview:-1\" \/>\n<link rel=\"canonical\" href=\"https:\/\/qingdaohf.com\/hu\/termek\/spek-horgony-stockless-horgony\/\" \/>\n<meta property=\"og:locale\" content=\"hu_HU\" \/>\n<meta property=\"og:type\" content=\"article\" \/>\n<meta property=\"og:title\" content=\"Spek Anchor Stockless Anchor\" \/>\n<meta property=\"og:description\" content=\"The Spek Anchor, a staple in marine applications, is highly valued by buyers seeking a balance of reliability and efficient performance in diverse ocean conditions. Known for its robust holding power and stability, the Spek Anchor is particularly well-suited for vessels in moderate to rough seas. At Qingdao H&amp;F, we go a step further by providing one-on-one customer service to ensure each client receives guidance tailored to their specific requirements. Our fast delivery cycle reduces downtime, while our range of quality inspection reports offers buyers added confidence in product reliability and durability. For marine industry professionals, our focus on exceptional service and streamlined processes ensures a seamless purchasing experience.\" \/>\n<meta property=\"og:url\" content=\"https:\/\/qingdaohf.com\/hu\/termek\/spek-horgony-stockless-horgony\/\" \/>\n<meta property=\"og:site_name\" content=\"Concrete Form &amp; Rigging Hardware Supplier\" \/>\n<meta property=\"article:publisher\" content=\"https:\/\/www.facebook.com\/qingdaohf\" \/>\n<meta property=\"article:modified_time\" content=\"2025-11-13T01:02:52+00:00\" \/>\n<meta property=\"og:image\" content=\"https:\/\/qingdaohf.com\/wp-content\/uploads\/2024\/11\/spek-anchor.jpg\" \/>\n\t<meta property=\"og:image:width\" content=\"1000\" \/>\n\t<meta property=\"og:image:height\" content=\"1000\" \/>\n\t<meta property=\"og:image:type\" content=\"image\/jpeg\" \/>\n<meta name=\"twitter:card\" content=\"summary_large_image\" \/>\n<meta name=\"twitter:label1\" content=\"Becs\u00fclt olvas\u00e1si id\u0151\" \/>\n\t<meta name=\"twitter:data1\" content=\"5 perc\" \/>\n<script type=\"application\/ld+json\" class=\"yoast-schema-graph\">{\"@context\":\"https:\/\/schema.org\",\"@graph\":[{\"@type\":\"WebPage\",\"@id\":\"https:\/\/qingdaohf.com\/product\/spek-anchor-stockless-anchor\/\",\"url\":\"https:\/\/qingdaohf.com\/product\/spek-anchor-stockless-anchor\/\",\"name\":\"Spek Anchor Stockless Anchor\",\"isPartOf\":{\"@id\":\"https:\/\/qingdaohf.com\/bg\/#website\"},\"primaryImageOfPage\":{\"@id\":\"https:\/\/qingdaohf.com\/product\/spek-anchor-stockless-anchor\/#primaryimage\"},\"image\":{\"@id\":\"https:\/\/qingdaohf.com\/product\/spek-anchor-stockless-anchor\/#primaryimage\"},\"thumbnailUrl\":\"https:\/\/qingdaohf.com\/wp-content\/uploads\/2024\/11\/spek-anchor.jpg\",\"datePublished\":\"2024-11-07T06:33:56+00:00\",\"dateModified\":\"2025-11-13T01:02:52+00:00\",\"breadcrumb\":{\"@id\":\"https:\/\/qingdaohf.com\/product\/spek-anchor-stockless-anchor\/#breadcrumb\"},\"inLanguage\":\"hu\",\"potentialAction\":[{\"@type\":\"ReadAction\",\"target\":[\"https:\/\/qingdaohf.com\/product\/spek-anchor-stockless-anchor\/\"]}]},{\"@type\":\"ImageObject\",\"inLanguage\":\"hu\",\"@id\":\"https:\/\/qingdaohf.com\/product\/spek-anchor-stockless-anchor\/#primaryimage\",\"url\":\"https:\/\/qingdaohf.com\/wp-content\/uploads\/2024\/11\/spek-anchor.jpg\",\"contentUrl\":\"https:\/\/qingdaohf.com\/wp-content\/uploads\/2024\/11\/spek-anchor.jpg\",\"width\":1000,\"height\":1000,\"caption\":\"spek anchor\"},{\"@type\":\"BreadcrumbList\",\"@id\":\"https:\/\/qingdaohf.com\/product\/spek-anchor-stockless-anchor\/#breadcrumb\",\"itemListElement\":[{\"@type\":\"ListItem\",\"position\":1,\"name\":\"Home\",\"item\":\"https:\/\/qingdaohf.com\/\"},{\"@type\":\"ListItem\",\"position\":2,\"name\":\"Concrete Forming Accessories and Rigging Hardware\",\"item\":\"https:\/\/qingdaohf.com\/bg\/?page_id=944\"},{\"@type\":\"ListItem\",\"position\":3,\"name\":\"Spek Anchor Stockless Anchor\"}]},{\"@type\":\"WebSite\",\"@id\":\"https:\/\/qingdaohf.com\/bg\/#website\",\"url\":\"https:\/\/qingdaohf.com\/bg\/\",\"name\":\"Concrete Form & Rigging Hardware Supplier\",\"description\":\"\",\"publisher\":{\"@id\":\"https:\/\/qingdaohf.com\/bg\/#organization\"},\"potentialAction\":[{\"@type\":\"SearchAction\",\"target\":{\"@type\":\"EntryPoint\",\"urlTemplate\":\"https:\/\/qingdaohf.com\/bg\/?s={search_term_string}\"},\"query-input\":{\"@type\":\"PropertyValueSpecification\",\"valueRequired\":true,\"valueName\":\"search_term_string\"}}],\"inLanguage\":\"hu\"},{\"@type\":\"Organization\",\"@id\":\"https:\/\/qingdaohf.com\/bg\/#organization\",\"name\":\"Qingdao H&F\",\"url\":\"https:\/\/qingdaohf.com\/bg\/\",\"logo\":{\"@type\":\"ImageObject\",\"inLanguage\":\"hu\",\"@id\":\"https:\/\/qingdaohf.com\/bg\/#\/schema\/logo\/image\/\",\"url\":\"https:\/\/qingdaohf.com\/wp-content\/uploads\/2022\/12\/cropped-HF-LOGO.png\",\"contentUrl\":\"https:\/\/qingdaohf.com\/wp-content\/uploads\/2022\/12\/cropped-HF-LOGO.png\",\"width\":391,\"height\":249,\"caption\":\"Qingdao H&F\"},\"image\":{\"@id\":\"https:\/\/qingdaohf.com\/bg\/#\/schema\/logo\/image\/\"},\"sameAs\":[\"https:\/\/www.facebook.com\/qingdaohf\"]}]}<\/script>\n<!-- \/ Yoast SEO plugin. -->","yoast_head_json":{"title":"Spek Anchor Stockless Anchor","robots":{"index":"index","follow":"follow","max-snippet":"max-snippet:-1","max-image-preview":"max-image-preview:large","max-video-preview":"max-video-preview:-1"},"canonical":"https:\/\/qingdaohf.com\/hu\/termek\/spek-horgony-stockless-horgony\/","og_locale":"hu_HU","og_type":"article","og_title":"Spek Anchor Stockless Anchor","og_description":"The Spek Anchor, a staple in marine applications, is highly valued by buyers seeking a balance of reliability and efficient performance in diverse ocean conditions. Known for its robust holding power and stability, the Spek Anchor is particularly well-suited for vessels in moderate to rough seas. At Qingdao H&amp;F, we go a step further by providing one-on-one customer service to ensure each client receives guidance tailored to their specific requirements. Our fast delivery cycle reduces downtime, while our range of quality inspection reports offers buyers added confidence in product reliability and durability. For marine industry professionals, our focus on exceptional service and streamlined processes ensures a seamless purchasing experience.","og_url":"https:\/\/qingdaohf.com\/hu\/termek\/spek-horgony-stockless-horgony\/","og_site_name":"Concrete Form &amp; Rigging Hardware Supplier","article_publisher":"https:\/\/www.facebook.com\/qingdaohf","article_modified_time":"2025-11-13T01:02:52+00:00","og_image":[{"width":1000,"height":1000,"url":"https:\/\/qingdaohf.com\/wp-content\/uploads\/2024\/11\/spek-anchor.jpg","type":"image\/jpeg"}],"twitter_card":"summary_large_image","twitter_misc":{"Becs\u00fclt olvas\u00e1si id\u0151":"5 perc"},"schema":{"@context":"https:\/\/schema.org","@graph":[{"@type":"WebPage","@id":"https:\/\/qingdaohf.com\/product\/spek-anchor-stockless-anchor\/","url":"https:\/\/qingdaohf.com\/product\/spek-anchor-stockless-anchor\/","name":"Spek Anchor Stockless Anchor","isPartOf":{"@id":"https:\/\/qingdaohf.com\/bg\/#website"},"primaryImageOfPage":{"@id":"https:\/\/qingdaohf.com\/product\/spek-anchor-stockless-anchor\/#primaryimage"},"image":{"@id":"https:\/\/qingdaohf.com\/product\/spek-anchor-stockless-anchor\/#primaryimage"},"thumbnailUrl":"https:\/\/qingdaohf.com\/wp-content\/uploads\/2024\/11\/spek-anchor.jpg","datePublished":"2024-11-07T06:33:56+00:00","dateModified":"2025-11-13T01:02:52+00:00","breadcrumb":{"@id":"https:\/\/qingdaohf.com\/product\/spek-anchor-stockless-anchor\/#breadcrumb"},"inLanguage":"hu","potentialAction":[{"@type":"ReadAction","target":["https:\/\/qingdaohf.com\/product\/spek-anchor-stockless-anchor\/"]}]},{"@type":"ImageObject","inLanguage":"hu","@id":"https:\/\/qingdaohf.com\/product\/spek-anchor-stockless-anchor\/#primaryimage","url":"https:\/\/qingdaohf.com\/wp-content\/uploads\/2024\/11\/spek-anchor.jpg","contentUrl":"https:\/\/qingdaohf.com\/wp-content\/uploads\/2024\/11\/spek-anchor.jpg","width":1000,"height":1000,"caption":"spek anchor"},{"@type":"BreadcrumbList","@id":"https:\/\/qingdaohf.com\/product\/spek-anchor-stockless-anchor\/#breadcrumb","itemListElement":[{"@type":"ListItem","position":1,"name":"Home","item":"https:\/\/qingdaohf.com\/"},{"@type":"ListItem","position":2,"name":"Concrete Forming Accessories and Rigging Hardware","item":"https:\/\/qingdaohf.com\/bg\/?page_id=944"},{"@type":"ListItem","position":3,"name":"Spek Anchor Stockless Anchor"}]},{"@type":"WebSite","@id":"https:\/\/qingdaohf.com\/bg\/#website","url":"https:\/\/qingdaohf.com\/bg\/","name":"Concrete Form & Rigging Hardware Supplier","description":"","publisher":{"@id":"https:\/\/qingdaohf.com\/bg\/#organization"},"potentialAction":[{"@type":"SearchAction","target":{"@type":"EntryPoint","urlTemplate":"https:\/\/qingdaohf.com\/bg\/?s={search_term_string}"},"query-input":{"@type":"PropertyValueSpecification","valueRequired":true,"valueName":"search_term_string"}}],"inLanguage":"hu"},{"@type":"Organization","@id":"https:\/\/qingdaohf.com\/bg\/#organization","name":"Qingdao H&F","url":"https:\/\/qingdaohf.com\/bg\/","logo":{"@type":"ImageObject","inLanguage":"hu","@id":"https:\/\/qingdaohf.com\/bg\/#\/schema\/logo\/image\/","url":"https:\/\/qingdaohf.com\/wp-content\/uploads\/2022\/12\/cropped-HF-LOGO.png","contentUrl":"https:\/\/qingdaohf.com\/wp-content\/uploads\/2022\/12\/cropped-HF-LOGO.png","width":391,"height":249,"caption":"Qingdao H&F"},"image":{"@id":"https:\/\/qingdaohf.com\/bg\/#\/schema\/logo\/image\/"},"sameAs":["https:\/\/www.facebook.com\/qingdaohf"]}]}},"_links":{"self":[{"href":"https:\/\/qingdaohf.com\/hu\/wp-json\/wp\/v2\/product\/8310","targetHints":{"allow":["GET"]}}],"collection":[{"href":"https:\/\/qingdaohf.com\/hu\/wp-json\/wp\/v2\/product"}],"about":[{"href":"https:\/\/qingdaohf.com\/hu\/wp-json\/wp\/v2\/types\/product"}],"replies":[{"embeddable":true,"href":"https:\/\/qingdaohf.com\/hu\/wp-json\/wp\/v2\/comments?post=8310"}],"version-history":[{"count":1,"href":"https:\/\/qingdaohf.com\/hu\/wp-json\/wp\/v2\/product\/8310\/revisions"}],"predecessor-version":[{"id":8319,"href":"https:\/\/qingdaohf.com\/hu\/wp-json\/wp\/v2\/product\/8310\/revisions\/8319"}],"wp:featuredmedia":[{"embeddable":true,"href":"https:\/\/qingdaohf.com\/hu\/wp-json\/wp\/v2\/media\/8311"}],"wp:attachment":[{"href":"https:\/\/qingdaohf.com\/hu\/wp-json\/wp\/v2\/media?parent=8310"}],"wp:term":[{"taxonomy":"product_brand","embeddable":true,"href":"https:\/\/qingdaohf.com\/hu\/wp-json\/wp\/v2\/product_brand?post=8310"},{"taxonomy":"product_cat","embeddable":true,"href":"https:\/\/qingdaohf.com\/hu\/wp-json\/wp\/v2\/product_cat?post=8310"},{"taxonomy":"product_tag","embeddable":true,"href":"https:\/\/qingdaohf.com\/hu\/wp-json\/wp\/v2\/product_tag?post=8310"}],"curies":[{"name":"wp","href":"https:\/\/api.w.org\/{rel}","templated":true}]}}