{"id":8418,"date":"2024-11-29T16:19:54","date_gmt":"2024-11-29T08:19:54","guid":{"rendered":"http:\/\/qingdaohf.com\/?post_type=product&#038;p=8418"},"modified":"2025-11-13T09:02:52","modified_gmt":"2025-11-13T01:02:52","slug":"boat-ladder","status":"publish","type":"product","link":"https:\/\/qingdaohf.com\/hu\/termek\/csonakletra\/","title":{"rendered":"Cs\u00f3nakl\u00e9tra"},"content":{"rendered":"<h3>A haj\u00f3l\u00e9tr\u00e1k szerepe a tengeri biztons\u00e1gban \u00e9s k\u00e9nyelemben<\/h3>\n<p>A cs\u00f3nakl\u00e9tr\u00e1k elengedhetetlen tartoz\u00e9kai a v\u00edzi j\u00e1rm\u0171veknek, hogy minden k\u00f6r\u00fclm\u00e9nyek k\u00f6z\u00f6tt k\u00f6nny\u0171 \u00e9s biztons\u00e1gos hozz\u00e1f\u00e9r\u00e9st biztos\u00edtsanak a haj\u00f3hoz. Legyen sz\u00f3 szabadid\u0151s cs\u00f3nak\u00e1z\u00e1sr\u00f3l, professzion\u00e1lis b\u00fav\u00e1rkod\u00e1sr\u00f3l vagy sporthorg\u00e1szatr\u00f3l, ezek a l\u00e9tr\u00e1k \u00e1thidalj\u00e1k a v\u00edz \u00e9s a fed\u00e9lzet k\u00f6z\u00f6tti szakad\u00e9kot. Tervez\u00e9s\u00fckn\u00e9l figyelembe kell venni a stabilit\u00e1st \u00e9s a k\u00f6nny\u0171szerkezetes \u00e9p\u00edt\u00e9st is, mivel nagym\u00e9rt\u00e9kben ki vannak t\u00e9ve a nedvess\u00e9gnek, az UV-sugaraknak \u00e9s n\u00e9ha igen zord tengeri k\u00f6rnyezetnek. A cs\u00f3nakl\u00e9tra kiv\u00e1laszt\u00e1sa nagyban befoly\u00e1solhatja a cs\u00f3nak\u00e1z\u00e1s teljes \u00e9lm\u00e9ny\u00e9t; a pr\u00e9mium kateg\u00f3ri\u00e1s kialak\u00edt\u00e1s biztos\u00edtja a k\u00f6nny\u0171 haszn\u00e1latot \u00e9s a tart\u00f3s teljes\u00edtm\u00e9nyt.<\/p>\n<p>A Qingdao H&amp;F meg\u00e9rti a funkcionalit\u00e1s \u00e9s a tart\u00f3ss\u00e1g fontoss\u00e1g\u00e1t a haj\u00f3l\u00e9tr\u00e1k eset\u00e9ben. Nagy kereskedelmi h\u00e1l\u00f3zattal \u00e9s szigor\u00fa min\u0151s\u00e9gellen\u0151rz\u00e9si rendszerrel biztos\u00edtjuk, hogy term\u00e9keink a lehet\u0151 legjobb min\u0151s\u00e9g\u0171ek legyenek. V\u00e1ltozatos k\u00edn\u00e1latunk megfelel a k\u00fcl\u00f6nb\u00f6z\u0151 t\u00edpus\u00fa haj\u00f3knak \u00e9s felhaszn\u00e1l\u00f3i ig\u00e9nyeknek, megb\u00edzhat\u00f3 megold\u00e1st ny\u00fajtva a tengeri \u00e1gazatban a professzion\u00e1lis \u00e9s szabadid\u0151s alkalmaz\u00e1sokhoz.<\/p>\n<h3>A cs\u00f3nakl\u00e9tr\u00e1k fajt\u00e1inak felfedez\u00e9se<\/h3>\n<p>Minden konkr\u00e9t c\u00e9lra vannak k\u00fcl\u00f6nb\u00f6z\u0151k\u00e9ppen kialak\u00edtott haj\u00f3l\u00e9tr\u00e1k, amelyeket a k\u00fcl\u00f6nb\u00f6z\u0151 tengeri tev\u00e9kenys\u00e9gekhez terveztek. Az \u00f6sszecsukhat\u00f3 l\u00e9tr\u00e1k p\u00e9ld\u00e1ul kiv\u00e1l\u00f3 helytakar\u00e9kos megold\u00e1st jelentenek a kisebb haj\u00f3k sz\u00e1m\u00e1ra. Kompakt kialak\u00edt\u00e1suk nem k\u00f6t kompromisszumot a funkcionalit\u00e1s ter\u00e9n, stabil l\u00e9pcs\u0151fokokat \u00e9s cs\u00fasz\u00e1sg\u00e1tl\u00f3 funkci\u00f3kat k\u00edn\u00e1lnak a biztons\u00e1gos besz\u00e1ll\u00e1shoz. M\u00e1sr\u00e9szt a teleszk\u00f3pos l\u00e9tr\u00e1k nagy elismer\u00e9st \u00e9lveznek rugalmass\u00e1guk miatt, mivel b\u00e1rmilyen hossz\u00fas\u00e1g\u00fara kih\u00fazhat\u00f3k, de haszn\u00e1laton k\u00edv\u00fcl sz\u00e9pen visszah\u00fazhat\u00f3k. A r\u00f6gz\u00edtett l\u00e9tr\u00e1k, b\u00e1r kev\u00e9sb\u00e9 sokoldal\u00faak, p\u00e1ratlan stabilit\u00e1st ny\u00fajtanak a nagyobb haj\u00f3kon, ahol \u00e1lland\u00f3 telep\u00edt\u00e9sre van lehet\u0151s\u00e9g.<\/p>\n<p>Az anyagv\u00e1laszt\u00e1s itt v\u00e1lik kritikuss\u00e1, \u00e9s a rozsdamentes ac\u00e9l kiemelked\u0151 a korr\u00f3zi\u00f3val \u00e9s kop\u00e1ssal szembeni ellen\u00e1ll\u00f3 tulajdons\u00e1gai miatt. A cs\u00fasz\u00e1smentes text\u00far\u00e1j\u00fa l\u00e9pcs\u0151fokok n\u00f6velik a tapad\u00e1st, cs\u00f6kkentve a cs\u00fasz\u00e1s lehet\u0151s\u00e9g\u00e9t, amikor a l\u00e9pcs\u0151fokok nedvesek lesznek. A legt\u00f6bb v\u00e1s\u00e1rl\u00f3 olyan l\u00e9tr\u00e1kat keres, amelyek egyes\u00edthetik az innovat\u00edv kialak\u00edt\u00e1st \u00e9s a funkcionalit\u00e1st, biztos\u00edtva, hogy megfeleljenek a haj\u00f3k eszt\u00e9tikai \u00e9s funkcion\u00e1lis ig\u00e9nyeinek. Itt a Qingdao H&amp;F-n\u00e9l b\u00fcszk\u00e9k vagyunk arra, hogy meg\u00e9rtj\u00fck ezeket a priorit\u00e1sokat, \u00e9s tart\u00f3s \u00e9s hat\u00e9kony haj\u00f3l\u00e9tr\u00e1kat k\u00edn\u00e1lunk.<\/p>\n<h3>Mi\u00e9rt v\u00e1lassza a Qingdao H&amp;F-et a cs\u00f3nakl\u00e9tr\u00e1k sz\u00e1m\u00e1ra?<\/h3>\n<p>Kereskedelmi v\u00e1llalatunk k\u00fcl\u00f6n\u00e1ll\u00f3, a min\u0151s\u00e9gre \u00e9s az \u00fcgyf\u00e9l el\u00e9gedetts\u00e9g\u00e9re helyezi a hangs\u00falyt minden interakci\u00f3ban. Az els\u0151 konzult\u00e1ci\u00f3t\u00f3l kezdve eg\u00e9szen a v\u00e1s\u00e1rl\u00e1s ut\u00e1ni t\u00e1mogat\u00e1sig szem\u00e9lyre szabott, egyszem\u00e9lyes szolg\u00e1ltat\u00e1st ny\u00fajtunk, hogy a v\u00e1s\u00e1rl\u00f3k megtal\u00e1lj\u00e1k a tengeri ig\u00e9nyeiknek legmegfelel\u0151bbet. Minden l\u00e9tr\u00e1t szigor\u00faan tesztel\u00fcnk, \u00e9s r\u00e9szletes min\u0151s\u00e9gellen\u0151rz\u00e9si jelent\u00e9seket adunk \u00e1t, hogy \u00fcgyfeleinket biztos\u00edtsuk a kiv\u00e1l\u00f3s\u00e1g ir\u00e1nti elk\u00f6telezetts\u00e9g\u00fcnkr\u0151l.<\/p>\n<p>A Qingdao H&amp;F szolg\u00e1ltat\u00e1s\u00e1nak m\u00e1sik jellemz\u0151je a gyors sz\u00e1ll\u00edt\u00e1si ciklus. Egy olyan ipar\u00e1gban, ahol az id\u0151z\u00edt\u00e9s befoly\u00e1solhatja a projektek \u00fctemez\u00e9s\u00e9t \u00e9s a szabadid\u0151s terveket, biztos\u00edtjuk, hogy a term\u00e9kek azonnal eljussanak az \u00fcgyfelekhez. A logisztikai hat\u00e9konys\u00e1gon t\u00fal tov\u00e1bbra is arra \u00f6sszpontos\u00edtunk, hogy tart\u00f3s partners\u00e9get \u00e9p\u00edts\u00fcnk ki az \u00fcgyfelekkel a bizalom, az \u00e1tl\u00e1that\u00f3s\u00e1g \u00e9s a szem\u00e9lyre szabott megold\u00e1sok alapj\u00e1n.<\/p>\n<p>A cs\u00f3nakl\u00e9tr\u00e1k nem csak tartoz\u00e9kok, hanem r\u00e9szei annak, ami a v\u00edzen a biztons\u00e1got \u00e9s a hozz\u00e1f\u00e9rhet\u0151s\u00e9get meghat\u00e1rozza. A funkcion\u00e1lis kialak\u00edt\u00e1s, az er\u0151s anyagok \u00e9s a megb\u00edzhat\u00f3 teljes\u00edtm\u00e9ny kombin\u00e1ci\u00f3ja olyan term\u00e9kcsal\u00e1dot hozott l\u00e9tre, amely a tengeri vil\u00e1g mindenf\u00e9le ig\u00e9ny\u00e9nek megfelel. Legyen partner vel\u00fcnk, \u00e9s biztos lehet benne, hogy a legjobb term\u00e9ket \u00e9s p\u00e1ratlan v\u00e1s\u00e1rl\u00e1si \u00e9lm\u00e9nyt kapja, amit gyors kiszolg\u00e1l\u00e1s \u00e9s megb\u00edzhat\u00f3 min\u0151s\u00e9g t\u00e1maszt al\u00e1.<\/p>","protected":false},"excerpt":{"rendered":"<div class=\"InputContainer_userInputWrapper__WcJ_k\">\n<div class=\"ParaphraseButton_wrapper__7guiI InputContainer_paraphraseButton__Z9w4R\">\n<div class=\"ParaphraseButton_paraphraseContainer__OxC0W\"><span class=\"Editor_t__not_edited__WuRP8\" style=\"font-size: 16px;\">A cs\u00f3nakl\u00e9tr\u00e1k <\/span><span class=\"Editor_t__added__LtuNJ\" style=\"font-size: 16px;\">fontos<\/span><span class=\"Editor_t__not_edited__WuRP8\" style=\"font-size: 16px;\">\u00a0a  oldalon.\u00a0<\/span><span class=\"Editor_t__added__LtuNJ\" style=\"font-size: 16px;\">easy<\/span><span class=\"Editor_t__not_edited__WuRP8\" style=\"font-size: 16px;\">\u00a0<\/span><span class=\"Editor_t__added__LtuNJ\" style=\"font-size: 16px;\">besz\u00e1ll\u00e1s<\/span><span class=\"Editor_t__not_edited__WuRP8\" style=\"font-size: 16px;\">\u00a0\u00e9s\u00a0<\/span><span class=\"Editor_t__added__LtuNJ\" style=\"font-size: 16px;\">kisz\u00e1ll\u00e1s<\/span><span class=\"Editor_t__not_edited_long__JuNNx\" style=\"font-size: 16px;\">, biztons\u00e1got \u00e9s k\u00e9nyelmet ny\u00fajtva a tenger\u00e9szet szerelmeseinek.\u00a0<\/span><span class=\"Editor_t__added__LtuNJ\" style=\"font-size: 16px;\">A jellemz\u0151k k\u00f6z\u00f6tt, amelyek\u00a0<\/span><span class=\"Editor_t__not_edited__WuRP8\" style=\"font-size: 16px;\">v\u00e1s\u00e1rl\u00f3k\u00a0<\/span><span class=\"Editor_t__added__LtuNJ\" style=\"font-size: 16px;\">\u00e1ltal\u00e1ban<\/span><span class=\"Editor_t__not_edited__WuRP8\" style=\"font-size: 16px;\">\u00a0<\/span><span class=\"Editor_t__added__LtuNJ\" style=\"font-size: 16px;\">look<\/span><span class=\"Editor_t__not_edited__WuRP8\" style=\"font-size: 16px;\">\u00a0<\/span><span class=\"Editor_t__added__LtuNJ\" style=\"font-size: 16px;\">a  oldalon.<\/span><span class=\"Editor_t__not_edited__WuRP8\" style=\"font-size: 16px;\">\u00a0<\/span><span class=\"Editor_t__added__LtuNJ\" style=\"font-size: 16px;\">egy term\u00e9kben a tart\u00f3ss\u00e1g<\/span><span class=\"Editor_t__not_edited__WuRP8\" style=\"font-size: 16px;\">, cs\u00fasz\u00e1sg\u00e1tl\u00f3\u00a0<\/span><span class=\"Editor_t__added__LtuNJ\" style=\"font-size: 16px;\">tervez\u00e9s<\/span><span class=\"Editor_t__not_edited__WuRP8\" style=\"font-size: 16px;\">, \u00e9s k\u00f6nny\u0171 t\u00e1rol\u00e1s<\/span><span class=\"Editor_t__added__LtuNJ\" style=\"font-size: 16px;\">,<\/span><span class=\"Editor_t__not_edited__WuRP8\" style=\"font-size: 16px;\">\u00a0<\/span><span class=\"Editor_t__added__LtuNJ\" style=\"font-size: 16px;\">adott<\/span><span class=\"Editor_t__not_edited__WuRP8\" style=\"font-size: 16px;\">\u00a0<\/span><span class=\"Editor_t__not_edited_long__JuNNx\" style=\"font-size: 16px;\">a s\u00f3s v\u00edznek val\u00f3 kitetts\u00e9g \u00e9s a korl\u00e1tozott fed\u00e9lzeti hely kih\u00edv\u00e1sai. Qingdao H&amp;F\u00a0<\/span><span class=\"Editor_t__added__LtuNJ\" style=\"font-size: 16px;\">m\u0171k\u00f6dik<\/span><span class=\"Editor_t__not_edited__WuRP8\" style=\"font-size: 16px;\">\u00a0<\/span><span class=\"Editor_t__added__LtuNJ\" style=\"font-size: 16px;\">annak biztos\u00edt\u00e1sa \u00e9rdek\u00e9ben, hogy\u00a0<\/span><span class=\"Editor_t__not_edited__WuRP8\" style=\"font-size: 16px;\">ezek\u00a0<\/span><span class=\"Editor_t__added__LtuNJ\" style=\"font-size: 16px;\">k\u00f6vetel\u00e9sek<\/span><span class=\"Editor_t__not_edited__WuRP8\" style=\"font-size: 16px;\">\u00a0a\u00a0<\/span><span class=\"Editor_t__added__LtuNJ\" style=\"font-size: 16px;\">el\u00e9gedett<\/span><span class=\"Editor_t__not_edited__WuRP8\" style=\"font-size: 16px;\">\u00a0a\u00a0<\/span><span class=\"Editor_t__added__LtuNJ\" style=\"font-size: 16px;\">a  honlapon.<\/span><span class=\"Editor_t__not_edited__WuRP8\" style=\"font-size: 16px;\">\u00a0<\/span><span class=\"Editor_t__added__LtuNJ\" style=\"font-size: 16px;\">\u00fcgyfelek\u00a0<\/span><span class=\"Editor_t__not_edited__WuRP8\" style=\"font-size: 16px;\">kiv\u00e1l\u00f3 min\u0151s\u00e9g\u0171 cs\u00f3nakl\u00e9tr\u00e1k\u00a0<\/span><span class=\"Editor_t__added__LtuNJ\" style=\"font-size: 16px;\">t\u00e1mogatott<\/span><span class=\"Editor_t__not_edited_long__JuNNx\" style=\"font-size: 16px;\">\u00a0\u00e1tfog\u00f3 min\u0151s\u00e9gellen\u0151rz\u00e9si jelent\u00e9sekkel.\u00a0<\/span><span class=\"Editor_t__added__LtuNJ\" style=\"font-size: 16px;\">A  c\u00edmen<\/span><span class=\"Editor_t__not_edited__WuRP8\" style=\"font-size: 16px;\">\u00a0szem\u00e9lyes \u00fcgyf\u00e9lszolg\u00e1lat<\/span><span class=\"Editor_t__added__LtuNJ\" style=\"font-size: 16px;\">,<\/span><span class=\"Editor_t__not_edited__WuRP8\" style=\"font-size: 16px;\">\u00a0<\/span><span class=\"Editor_t__not_edited__WuRP8\" style=\"font-size: 16px;\">megold\u00e1sok<\/span><span class=\"Editor_t__not_edited__WuRP8\" style=\"font-size: 16px;\">\u00a0<\/span><span class=\"Editor_t__added__LtuNJ\" style=\"font-size: 16px;\">a<\/span><span class=\"Editor_t__not_edited__WuRP8\" style=\"font-size: 16px;\">\u00a0<\/span><span class=\"Editor_t__added__LtuNJ\" style=\"font-size: 16px;\">szem\u00e9lyre szabottan;<\/span><span class=\"Editor_t__not_edited__WuRP8\" style=\"font-size: 16px;\">\u00a0gyors sz\u00e1ll\u00edt\u00e1s\u00a0<\/span><span class=\"Editor_t__added__LtuNJ\" style=\"font-size: 16px;\">ciklusok<\/span><span class=\"Editor_t__not_edited__WuRP8\" style=\"font-size: 16px;\">\u00a0<\/span><span class=\"Editor_t__added__LtuNJ\" style=\"font-size: 16px;\">\u00e1tlagos<\/span><span class=\"Editor_t__not_edited__WuRP8\" style=\"font-size: 16px;\">\u00a0\u00e1ll\u00e1sid\u0151<\/span><span class=\"Editor_t__added__LtuNJ\" style=\"font-size: 16px;\">\u00a0minim\u00e1lis<\/span><span class=\"Editor_t__not_edited__WuRP8\" style=\"font-size: 16px;\">,\u00a0<\/span><span class=\"Editor_t__added__LtuNJ\" style=\"font-size: 16px;\">teh\u00e1t<\/span><span class=\"Editor_t__not_edited__WuRP8\" style=\"font-size: 16px;\">\u00a0minden v\u00e1s\u00e1rl\u00e1s\u00a0<\/span><span class=\"Editor_t__added__LtuNJ\" style=\"font-size: 16px;\">megkapja a  c\u00edmet.<\/span><span class=\"Editor_t__not_edited__WuRP8\" style=\"font-size: 16px;\">\u00a0<\/span><span class=\"Editor_t__added__LtuNJ\" style=\"font-size: 16px;\">a<\/span><span class=\"Editor_t__not_edited__WuRP8\" style=\"font-size: 16px;\">\u00a0<\/span><span class=\"Editor_t__added__LtuNJ\" style=\"font-size: 16px;\">els\u0151 \u00fcgyf\u00e9l\u00a0<\/span><span class=\"Editor_t__not_edited__WuRP8\" style=\"font-size: 16px;\">l\u00e9p\u00e9s\u00a0<\/span><span class=\"Editor_t__added__LtuNJ\" style=\"font-size: 16px;\">k\u00f6zelebb<\/span><span class=\"Editor_t__not_edited__WuRP8\" style=\"font-size: 16px;\">\u00a0<\/span><span class=\"Editor_t__added__LtuNJ\" style=\"font-size: 16px;\">a  c\u00edmre.<\/span><span class=\"Editor_t__not_edited__WuRP8\" style=\"font-size: 16px;\">\u00a0<\/span><span class=\"Editor_t__added__LtuNJ\" style=\"font-size: 16px;\">jobb\u00a0<\/span><span class=\"Editor_t__not_edited__WuRP8\" style=\"font-size: 16px;\">tengeri tapasztalatok.<\/span><\/div>\n<\/div>\n<\/div>","protected":false},"featured_media":8425,"comment_status":"open","ping_status":"closed","template":"","meta":{"site-sidebar-layout":"default","site-content-layout":"","ast-site-content-layout":"default","site-content-style":"default","site-sidebar-style":"default","ast-global-header-display":"","ast-banner-title-visibility":"","ast-main-header-display":"","ast-hfb-above-header-display":"","ast-hfb-below-header-display":"","ast-hfb-mobile-header-display":"","site-post-title":"","ast-breadcrumbs-content":"","ast-featured-img":"","footer-sml-layout":"","theme-transparent-header-meta":"default","adv-header-id-meta":"","stick-header-meta":"default","header-above-stick-meta":"","header-main-stick-meta":"","header-below-stick-meta":"","astra-migrate-meta-layouts":"set","ast-page-background-enabled":"default","ast-page-background-meta":{"desktop":{"background-color":"","background-image":"","background-repeat":"repeat","background-position":"center center","background-size":"auto","background-attachment":"scroll","background-type":"","background-media":"","overlay-type":"","overlay-color":"","overlay-opacity":"","overlay-gradient":""},"tablet":{"background-color":"","background-image":"","background-repeat":"repeat","background-position":"center center","background-size":"auto","background-attachment":"scroll","background-type":"","background-media":"","overlay-type":"","overlay-color":"","overlay-opacity":"","overlay-gradient":""},"mobile":{"background-color":"","background-image":"","background-repeat":"repeat","background-position":"center center","background-size":"auto","background-attachment":"scroll","background-type":"","background-media":"","overlay-type":"","overlay-color":"","overlay-opacity":"","overlay-gradient":""}},"ast-content-background-meta":{"desktop":{"background-color":"var(--ast-global-color-5)","background-image":"","background-repeat":"repeat","background-position":"center center","background-size":"auto","background-attachment":"scroll","background-type":"","background-media":"","overlay-type":"","overlay-color":"","overlay-opacity":"","overlay-gradient":""},"tablet":{"background-color":"var(--ast-global-color-5)","background-image":"","background-repeat":"repeat","background-position":"center center","background-size":"auto","background-attachment":"scroll","background-type":"","background-media":"","overlay-type":"","overlay-color":"","overlay-opacity":"","overlay-gradient":""},"mobile":{"background-color":"var(--ast-global-color-5)","background-image":"","background-repeat":"repeat","background-position":"center center","background-size":"auto","background-attachment":"scroll","background-type":"","background-media":"","overlay-type":"","overlay-color":"","overlay-opacity":"","overlay-gradient":""}}},"product_brand":[],"product_cat":[44],"product_tag":[],"class_list":{"0":"post-8418","1":"product","2":"type-product","3":"status-publish","4":"has-post-thumbnail","6":"product_cat-stainless-steel-poduct","7":"desktop-align-left","8":"tablet-align-left","9":"mobile-align-left","10":"ast-product-gallery-layout-horizontal-slider","11":"ast-product-tabs-layout-horizontal","13":"first","14":"instock","15":"shipping-taxable","16":"purchasable","17":"product-type-simple"},"yoast_head":"<!-- This site is optimized with the Yoast SEO plugin v25.2 - https:\/\/yoast.com\/wordpress\/plugins\/seo\/ -->\n<title>Boat Ladder<\/title>\n<meta name=\"description\" content=\"Boat ladders are important\u00a0for\u00a0easy\u00a0embarkation\u00a0and\u00a0disembarkation, offering both safety and convenience to marine enthusiasts.\u00a0\" \/>\n<meta name=\"robots\" content=\"index, follow, max-snippet:-1, max-image-preview:large, max-video-preview:-1\" \/>\n<link rel=\"canonical\" href=\"https:\/\/qingdaohf.com\/hu\/termek\/csonakletra\/\" \/>\n<meta property=\"og:locale\" content=\"hu_HU\" \/>\n<meta property=\"og:type\" content=\"article\" \/>\n<meta property=\"og:title\" content=\"Boat Ladder\" \/>\n<meta property=\"og:description\" content=\"Boat ladders are important\u00a0for\u00a0easy\u00a0embarkation\u00a0and\u00a0disembarkation, offering both safety and convenience to marine enthusiasts.\u00a0\" \/>\n<meta property=\"og:url\" content=\"https:\/\/qingdaohf.com\/hu\/termek\/csonakletra\/\" \/>\n<meta property=\"og:site_name\" content=\"Concrete Form &amp; Rigging Hardware Supplier\" \/>\n<meta property=\"article:publisher\" content=\"https:\/\/www.facebook.com\/qingdaohf\" \/>\n<meta property=\"article:modified_time\" content=\"2025-11-13T01:02:52+00:00\" \/>\n<meta property=\"og:image\" content=\"https:\/\/qingdaohf.com\/wp-content\/uploads\/2024\/11\/boat-ladder-1.jpg\" \/>\n\t<meta property=\"og:image:width\" content=\"1000\" \/>\n\t<meta property=\"og:image:height\" content=\"1000\" \/>\n\t<meta property=\"og:image:type\" content=\"image\/jpeg\" \/>\n<meta name=\"twitter:card\" content=\"summary_large_image\" \/>\n<meta name=\"twitter:label1\" content=\"Becs\u00fclt olvas\u00e1si id\u0151\" \/>\n\t<meta name=\"twitter:data1\" content=\"3 perc\" \/>\n<script type=\"application\/ld+json\" class=\"yoast-schema-graph\">{\"@context\":\"https:\/\/schema.org\",\"@graph\":[{\"@type\":\"WebPage\",\"@id\":\"https:\/\/qingdaohf.com\/product\/boat-ladder\/\",\"url\":\"https:\/\/qingdaohf.com\/product\/boat-ladder\/\",\"name\":\"Boat Ladder\",\"isPartOf\":{\"@id\":\"https:\/\/qingdaohf.com\/bg\/#website\"},\"primaryImageOfPage\":{\"@id\":\"https:\/\/qingdaohf.com\/product\/boat-ladder\/#primaryimage\"},\"image\":{\"@id\":\"https:\/\/qingdaohf.com\/product\/boat-ladder\/#primaryimage\"},\"thumbnailUrl\":\"https:\/\/qingdaohf.com\/wp-content\/uploads\/2024\/11\/boat-ladder-1.jpg\",\"datePublished\":\"2024-11-29T08:19:54+00:00\",\"dateModified\":\"2025-11-13T01:02:52+00:00\",\"description\":\"Boat ladders are important\u00a0for\u00a0easy\u00a0embarkation\u00a0and\u00a0disembarkation, offering both safety and convenience to marine enthusiasts.\u00a0\",\"breadcrumb\":{\"@id\":\"https:\/\/qingdaohf.com\/product\/boat-ladder\/#breadcrumb\"},\"inLanguage\":\"hu\",\"potentialAction\":[{\"@type\":\"ReadAction\",\"target\":[\"https:\/\/qingdaohf.com\/product\/boat-ladder\/\"]}]},{\"@type\":\"ImageObject\",\"inLanguage\":\"hu\",\"@id\":\"https:\/\/qingdaohf.com\/product\/boat-ladder\/#primaryimage\",\"url\":\"https:\/\/qingdaohf.com\/wp-content\/uploads\/2024\/11\/boat-ladder-1.jpg\",\"contentUrl\":\"https:\/\/qingdaohf.com\/wp-content\/uploads\/2024\/11\/boat-ladder-1.jpg\",\"width\":1000,\"height\":1000,\"caption\":\"boat ladder\"},{\"@type\":\"BreadcrumbList\",\"@id\":\"https:\/\/qingdaohf.com\/product\/boat-ladder\/#breadcrumb\",\"itemListElement\":[{\"@type\":\"ListItem\",\"position\":1,\"name\":\"Home\",\"item\":\"https:\/\/qingdaohf.com\/\"},{\"@type\":\"ListItem\",\"position\":2,\"name\":\"Concrete Forming Accessories and Rigging Hardware\",\"item\":\"https:\/\/qingdaohf.com\/bg\/?page_id=944\"},{\"@type\":\"ListItem\",\"position\":3,\"name\":\"Boat Ladder\"}]},{\"@type\":\"WebSite\",\"@id\":\"https:\/\/qingdaohf.com\/bg\/#website\",\"url\":\"https:\/\/qingdaohf.com\/bg\/\",\"name\":\"Concrete Form & Rigging Hardware Supplier\",\"description\":\"\",\"publisher\":{\"@id\":\"https:\/\/qingdaohf.com\/bg\/#organization\"},\"potentialAction\":[{\"@type\":\"SearchAction\",\"target\":{\"@type\":\"EntryPoint\",\"urlTemplate\":\"https:\/\/qingdaohf.com\/bg\/?s={search_term_string}\"},\"query-input\":{\"@type\":\"PropertyValueSpecification\",\"valueRequired\":true,\"valueName\":\"search_term_string\"}}],\"inLanguage\":\"hu\"},{\"@type\":\"Organization\",\"@id\":\"https:\/\/qingdaohf.com\/bg\/#organization\",\"name\":\"Qingdao H&F\",\"url\":\"https:\/\/qingdaohf.com\/bg\/\",\"logo\":{\"@type\":\"ImageObject\",\"inLanguage\":\"hu\",\"@id\":\"https:\/\/qingdaohf.com\/bg\/#\/schema\/logo\/image\/\",\"url\":\"https:\/\/qingdaohf.com\/wp-content\/uploads\/2022\/12\/cropped-HF-LOGO.png\",\"contentUrl\":\"https:\/\/qingdaohf.com\/wp-content\/uploads\/2022\/12\/cropped-HF-LOGO.png\",\"width\":391,\"height\":249,\"caption\":\"Qingdao H&F\"},\"image\":{\"@id\":\"https:\/\/qingdaohf.com\/bg\/#\/schema\/logo\/image\/\"},\"sameAs\":[\"https:\/\/www.facebook.com\/qingdaohf\"]}]}<\/script>\n<!-- \/ Yoast SEO plugin. -->","yoast_head_json":{"title":"Boat Ladder","description":"Boat ladders are important\u00a0for\u00a0easy\u00a0embarkation\u00a0and\u00a0disembarkation, offering both safety and convenience to marine enthusiasts.\u00a0","robots":{"index":"index","follow":"follow","max-snippet":"max-snippet:-1","max-image-preview":"max-image-preview:large","max-video-preview":"max-video-preview:-1"},"canonical":"https:\/\/qingdaohf.com\/hu\/termek\/csonakletra\/","og_locale":"hu_HU","og_type":"article","og_title":"Boat Ladder","og_description":"Boat ladders are important\u00a0for\u00a0easy\u00a0embarkation\u00a0and\u00a0disembarkation, offering both safety and convenience to marine enthusiasts.\u00a0","og_url":"https:\/\/qingdaohf.com\/hu\/termek\/csonakletra\/","og_site_name":"Concrete Form &amp; Rigging Hardware Supplier","article_publisher":"https:\/\/www.facebook.com\/qingdaohf","article_modified_time":"2025-11-13T01:02:52+00:00","og_image":[{"width":1000,"height":1000,"url":"https:\/\/qingdaohf.com\/wp-content\/uploads\/2024\/11\/boat-ladder-1.jpg","type":"image\/jpeg"}],"twitter_card":"summary_large_image","twitter_misc":{"Becs\u00fclt olvas\u00e1si id\u0151":"3 perc"},"schema":{"@context":"https:\/\/schema.org","@graph":[{"@type":"WebPage","@id":"https:\/\/qingdaohf.com\/product\/boat-ladder\/","url":"https:\/\/qingdaohf.com\/product\/boat-ladder\/","name":"Boat Ladder","isPartOf":{"@id":"https:\/\/qingdaohf.com\/bg\/#website"},"primaryImageOfPage":{"@id":"https:\/\/qingdaohf.com\/product\/boat-ladder\/#primaryimage"},"image":{"@id":"https:\/\/qingdaohf.com\/product\/boat-ladder\/#primaryimage"},"thumbnailUrl":"https:\/\/qingdaohf.com\/wp-content\/uploads\/2024\/11\/boat-ladder-1.jpg","datePublished":"2024-11-29T08:19:54+00:00","dateModified":"2025-11-13T01:02:52+00:00","description":"Boat ladders are important\u00a0for\u00a0easy\u00a0embarkation\u00a0and\u00a0disembarkation, offering both safety and convenience to marine enthusiasts.\u00a0","breadcrumb":{"@id":"https:\/\/qingdaohf.com\/product\/boat-ladder\/#breadcrumb"},"inLanguage":"hu","potentialAction":[{"@type":"ReadAction","target":["https:\/\/qingdaohf.com\/product\/boat-ladder\/"]}]},{"@type":"ImageObject","inLanguage":"hu","@id":"https:\/\/qingdaohf.com\/product\/boat-ladder\/#primaryimage","url":"https:\/\/qingdaohf.com\/wp-content\/uploads\/2024\/11\/boat-ladder-1.jpg","contentUrl":"https:\/\/qingdaohf.com\/wp-content\/uploads\/2024\/11\/boat-ladder-1.jpg","width":1000,"height":1000,"caption":"boat ladder"},{"@type":"BreadcrumbList","@id":"https:\/\/qingdaohf.com\/product\/boat-ladder\/#breadcrumb","itemListElement":[{"@type":"ListItem","position":1,"name":"Home","item":"https:\/\/qingdaohf.com\/"},{"@type":"ListItem","position":2,"name":"Concrete Forming Accessories and Rigging Hardware","item":"https:\/\/qingdaohf.com\/bg\/?page_id=944"},{"@type":"ListItem","position":3,"name":"Boat Ladder"}]},{"@type":"WebSite","@id":"https:\/\/qingdaohf.com\/bg\/#website","url":"https:\/\/qingdaohf.com\/bg\/","name":"Concrete Form & Rigging Hardware Supplier","description":"","publisher":{"@id":"https:\/\/qingdaohf.com\/bg\/#organization"},"potentialAction":[{"@type":"SearchAction","target":{"@type":"EntryPoint","urlTemplate":"https:\/\/qingdaohf.com\/bg\/?s={search_term_string}"},"query-input":{"@type":"PropertyValueSpecification","valueRequired":true,"valueName":"search_term_string"}}],"inLanguage":"hu"},{"@type":"Organization","@id":"https:\/\/qingdaohf.com\/bg\/#organization","name":"Qingdao H&F","url":"https:\/\/qingdaohf.com\/bg\/","logo":{"@type":"ImageObject","inLanguage":"hu","@id":"https:\/\/qingdaohf.com\/bg\/#\/schema\/logo\/image\/","url":"https:\/\/qingdaohf.com\/wp-content\/uploads\/2022\/12\/cropped-HF-LOGO.png","contentUrl":"https:\/\/qingdaohf.com\/wp-content\/uploads\/2022\/12\/cropped-HF-LOGO.png","width":391,"height":249,"caption":"Qingdao H&F"},"image":{"@id":"https:\/\/qingdaohf.com\/bg\/#\/schema\/logo\/image\/"},"sameAs":["https:\/\/www.facebook.com\/qingdaohf"]}]}},"_links":{"self":[{"href":"https:\/\/qingdaohf.com\/hu\/wp-json\/wp\/v2\/product\/8418","targetHints":{"allow":["GET"]}}],"collection":[{"href":"https:\/\/qingdaohf.com\/hu\/wp-json\/wp\/v2\/product"}],"about":[{"href":"https:\/\/qingdaohf.com\/hu\/wp-json\/wp\/v2\/types\/product"}],"replies":[{"embeddable":true,"href":"https:\/\/qingdaohf.com\/hu\/wp-json\/wp\/v2\/comments?post=8418"}],"version-history":[{"count":1,"href":"https:\/\/qingdaohf.com\/hu\/wp-json\/wp\/v2\/product\/8418\/revisions"}],"predecessor-version":[{"id":8426,"href":"https:\/\/qingdaohf.com\/hu\/wp-json\/wp\/v2\/product\/8418\/revisions\/8426"}],"wp:featuredmedia":[{"embeddable":true,"href":"https:\/\/qingdaohf.com\/hu\/wp-json\/wp\/v2\/media\/8425"}],"wp:attachment":[{"href":"https:\/\/qingdaohf.com\/hu\/wp-json\/wp\/v2\/media?parent=8418"}],"wp:term":[{"taxonomy":"product_brand","embeddable":true,"href":"https:\/\/qingdaohf.com\/hu\/wp-json\/wp\/v2\/product_brand?post=8418"},{"taxonomy":"product_cat","embeddable":true,"href":"https:\/\/qingdaohf.com\/hu\/wp-json\/wp\/v2\/product_cat?post=8418"},{"taxonomy":"product_tag","embeddable":true,"href":"https:\/\/qingdaohf.com\/hu\/wp-json\/wp\/v2\/product_tag?post=8418"}],"curies":[{"name":"wp","href":"https:\/\/api.w.org\/{rel}","templated":true}]}}