{"id":8428,"date":"2024-11-29T16:45:52","date_gmt":"2024-11-29T08:45:52","guid":{"rendered":"http:\/\/qingdaohf.com\/?post_type=product&#038;p=8428"},"modified":"2025-11-13T09:02:51","modified_gmt":"2025-11-13T01:02:51","slug":"boat-steering-wheel","status":"publish","type":"product","link":"https:\/\/qingdaohf.com\/hu\/termek\/hajo-kormanykerek\/","title":{"rendered":"Haj\u00f3 korm\u00e1nyker\u00e9k"},"content":{"rendered":"<h4>A megb\u00edzhat\u00f3 haj\u00f3 korm\u00e1nyker\u00e9k fontoss\u00e1ga<\/h4>\n<p>A korm\u00e1nyker\u00e9k t\u00f6bb, mint egy egyszer\u0171 vez\u00e9rl\u0151mechanizmus a haj\u00f3n; ez a navig\u00e1ci\u00f3 \u00e9s a man\u0151verez\u0151k\u00e9pess\u00e9g sz\u00edve. Kialak\u00edt\u00e1sa \u00e9s funkcionalit\u00e1sa k\u00f6zvetlen\u00fcl befoly\u00e1solja a kezel\u0151 azon k\u00e9pess\u00e9g\u00e9t, hogy a haj\u00f3t k\u00fcl\u00f6nb\u00f6z\u0151 v\u00edzviszonyok k\u00f6z\u00f6tt is kezelni tudja. Ak\u00e1r nyugodtan haj\u00f3zik, ak\u00e1r kih\u00edv\u00e1st jelent\u0151 \u00e1ramlatokban navig\u00e1l, a kiv\u00e1l\u00f3 min\u0151s\u00e9g\u0171 korm\u00e1nyker\u00e9k pontos ir\u00e1ny\u00edt\u00e1st biztos\u00edt, hozz\u00e1j\u00e1rulva a biztons\u00e1ghoz \u00e9s a hat\u00e9konys\u00e1ghoz.<\/p>\n<p>A korm\u00e1nyker\u00e9k kiv\u00e1laszt\u00e1sakor a haj\u00f3tulajdonosok gyakran olyan anyagokat helyeznek el\u0151t\u00e9rbe, amelyek ellen\u00e1llnak a tengeri k\u00f6rnyezetnek, bele\u00e9rtve a s\u00f3s v\u00edznek, a p\u00e1ratartalomnak \u00e9s az UV-sugaraknak val\u00f3 kitetts\u00e9get. Az olyan gyakori anyagok, mint a rozsdamentes ac\u00e9l, az alum\u00ednium \u00e9s a tengeri min\u0151s\u00e9g\u0171 m\u0171anyagok k\u00fcl\u00f6nb\u00f6z\u0151 szint\u0171 tart\u00f3ss\u00e1got \u00e9s korr\u00f3zi\u00f3\u00e1ll\u00f3s\u00e1got biztos\u00edtanak. Az ergon\u00f3mia egy m\u00e1sik fontos szempont, mivel a korm\u00e1nyker\u00e9k alakja, fog\u00e1sa \u00e9s m\u00e9rete befoly\u00e1solhatja a k\u00e9nyelmet a hosszabb haszn\u00e1lat sor\u00e1n. A megfelel\u0151 korm\u00e1nyker\u00e9k kiv\u00e1laszt\u00e1sa nem csak a teljes\u00edtm\u00e9ny, hanem az \u00e1ltal\u00e1nos haj\u00f3z\u00e1si \u00e9lm\u00e9ny fokoz\u00e1sa szempontj\u00e1b\u00f3l is alapvet\u0151 fontoss\u00e1g\u00fa.<\/p>\n<h4>A haj\u00f3korm\u00e1nykerekek t\u00edpusai<\/h4>\n<p>A haj\u00f3korm\u00e1nyok k\u00fcl\u00f6nb\u00f6z\u0151 t\u00edpusai l\u00e9teznek, amelyek mindegyike megfelel az adott haj\u00f3kateg\u00f3ri\u00e1knak \u00e9s felhaszn\u00e1l\u00f3i preferenci\u00e1knak. A klasszikus rozsdamentes ac\u00e9lb\u00f3l k\u00e9sz\u00fclt korm\u00e1nykerekek id\u0151t\u00e1ll\u00f3 kialak\u00edt\u00e1suk, kiv\u00e9teles szil\u00e1rds\u00e1guk \u00e9s a durva tengeri elemekkel szembeni ellen\u00e1ll\u00f3 k\u00e9pess\u00e9g\u00fck miatt tov\u00e1bbra is a haj\u00f3sok kedvencei. Ezek a korm\u00e1nykerekek gyakran pol\u00edrozott fel\u00fclet\u0171ek, ami egy kis kifinomults\u00e1got k\u00f6lcs\u00f6n\u00f6z a korm\u00e1nyker\u00e9knek.<\/p>\n<p>A k\u00f6nny\u0171 lehet\u0151s\u00e9geket keres\u0151k sz\u00e1m\u00e1ra az alum\u00edniumb\u00f3l vagy kompozit anyagokb\u00f3l k\u00e9sz\u00fclt kerekek kiv\u00e1l\u00f3 teljes\u00edtm\u00e9nyt ny\u00fajtanak. Az alum\u00ednium modelleket az er\u0151 \u00e9s a s\u00faly egyens\u00falya miatt \u00e9rt\u00e9kelik, \u00edgy kisebb haj\u00f3k vagy kedvtel\u00e9si c\u00e9l\u00fa haj\u00f3k sz\u00e1m\u00e1ra is alkalmasak. A kompozit kerekek viszont ide\u00e1lisak a modern haj\u00f3sok sz\u00e1m\u00e1ra, akik a k\u00f6lts\u00e9ghat\u00e9konys\u00e1got helyezik el\u0151t\u00e9rbe an\u00e9lk\u00fcl, hogy kompromisszumot k\u00f6tn\u00e9nek a tart\u00f3ss\u00e1g ter\u00e9n.<\/p>\n<p>A f\u00e1b\u00f3l k\u00e9sz\u00fclt korm\u00e1nykerekek a hagyom\u00e1nyos eszt\u00e9tik\u00e1t \u00e9s k\u00e9zm\u0171ves munk\u00e1t \u00e9rt\u00e9kel\u0151 rajong\u00f3knak sz\u00f3lnak. A f\u00e1b\u00f3l k\u00e9sz\u00fclt korm\u00e1nykerekek gyakran p\u00e1rosulnak vintage vagy luxusjachtokkal, \u00e9s klasszikus b\u00e1jt sug\u00e1roznak, b\u00e1r f\u00e9m vagy m\u0171anyag t\u00e1rsaikhoz k\u00e9pest t\u00f6bb karbantart\u00e1st ig\u00e9nyelnek. Mindegyik t\u00edpus egyedi c\u00e9lokat szolg\u00e1l, \u00edgy a haj\u00f3tulajdonosok a funkcion\u00e1lis ig\u00e9nyek \u00e9s a st\u00edlusbeli preferenci\u00e1k alapj\u00e1n v\u00e1laszthatnak.<\/p>\n<h4>Mi\u00e9rt v\u00e1lassza cs\u00f3nakkorm\u00e1nykerekeinket<\/h4>\n<p>A haj\u00f3korm\u00e1nyker\u00e9k megfelel\u0151 besz\u00e1ll\u00edt\u00f3j\u00e1nak kiv\u00e1laszt\u00e1sa ugyanolyan fontos, mint maga a term\u00e9k kiv\u00e1laszt\u00e1sa. Kereskedelmi v\u00e1llalatunkn\u00e1l a tengeri tartoz\u00e9kok sz\u00e9les v\u00e1laszt\u00e9k\u00e1n kereszt\u00fcl az \u00e9rt\u00e9k \u00e9s a megb\u00edzhat\u00f3s\u00e1g biztos\u00edt\u00e1s\u00e1t helyezz\u00fck el\u0151t\u00e9rbe. Korm\u00e1nykerekeinket szigor\u00fa min\u0151s\u00e9gi ellen\u0151rz\u00e9seknek vetj\u00fck al\u00e1, biztos\u00edtva az ipar\u00e1gi szabv\u00e1nyoknak val\u00f3 megfelel\u00e9st, \u00e9s nyugalmat ny\u00fajtva \u00fcgyfeleinknek.<\/p>\n<p>Egy\u00e9ni \u00fcgyf\u00e9lszolg\u00e1latunk megk\u00fcl\u00f6nb\u00f6ztet minket a piacon, mivel szorosan egy\u00fcttm\u0171k\u00f6d\u00fcnk az \u00fcgyfelekkel, hogy meg\u00e9rts\u00fck egyedi ig\u00e9nyeiket. Ez a szem\u00e9lyre szabott megk\u00f6zel\u00edt\u00e9s seg\u00edt abban, hogy a haj\u00f3t\u00edpushoz, az \u00fczemeltet\u00e9si felt\u00e9telekhez \u00e9s a k\u00f6lts\u00e9gvet\u00e9shez igazod\u00f3 korm\u00e1nykereket aj\u00e1nljunk. Tov\u00e1bb\u00e1, \u00e9sszer\u0171s\u00edtett logisztik\u00e1nk gyors sz\u00e1ll\u00edt\u00e1si ciklust biztos\u00edt, minimaliz\u00e1lva az \u00e1ll\u00e1sid\u0151t a haj\u00f3sok \u00e9s a forgalmaz\u00f3k sz\u00e1m\u00e1ra egyar\u00e1nt.<\/p>\n<p>Korm\u00e1nykerekeink tart\u00f3ss\u00e1ga a kiv\u00e1l\u00f3s\u00e1g ir\u00e1nti elk\u00f6telezetts\u00e9g\u00fcnk bizony\u00edt\u00e9ka. A pr\u00e9mium min\u0151s\u00e9g\u0171 anyagok felhaszn\u00e1l\u00e1s\u00e1val gy\u00e1rtott korm\u00e1nykerekeket \u00fagy tervezt\u00fck, hogy optim\u00e1lis teljes\u00edtm\u00e9ny\u00fck meg\u0151rz\u00e9se mellett kib\u00edrj\u00e1k a tengeri k\u00f6rnyezetnek val\u00f3 hosszan tart\u00f3 kitetts\u00e9get. Az eszt\u00e9tika, a funkcionalit\u00e1s \u00e9s a megb\u00edzhat\u00f3s\u00e1g kombin\u00e1ci\u00f3j\u00e1val term\u00e9keink megfelelnek mind a szabadid\u0151s, mind a professzion\u00e1lis felhaszn\u00e1l\u00f3k elv\u00e1r\u00e1sainak.<\/p>\n<h4>Az innov\u00e1ci\u00f3 szerepe a korm\u00e1nyker\u00e9k tervez\u00e9s\u00e9ben<\/h4>\n<p>A haj\u00f3korm\u00e1nyker\u00e9k tervez\u00e9s\u00e9nek modern fejleszt\u00e9sei olyan funkci\u00f3kat vezettek be, amelyek jav\u00edtj\u00e1k a haszn\u00e1lhat\u00f3s\u00e1got \u00e9s a k\u00e9nyelmet. Sz\u00e1mos modell m\u00e1r cs\u00fasz\u00e1smentes foganty\u00fakkal rendelkezik, amelyek m\u00e9g nedves k\u00f6r\u00fclm\u00e9nyek k\u00f6z\u00f6tt is jav\u00edtj\u00e1k az ir\u00e1ny\u00edt\u00e1st. Ezenk\u00edv\u00fcl az \u00e1ll\u00edthat\u00f3 d\u0151l\u00e9ssz\u00f6g\u0171 kerekek rugalmass\u00e1got biztos\u00edtanak, \u00e9s alkalmazkodnak a k\u00fcl\u00f6nb\u00f6z\u0151 magass\u00e1g\u00fa \u00e9s preferenci\u00e1j\u00fa kezel\u0151kh\u00f6z.<\/p>\n<p>Az innovat\u00edv anyagok szint\u00e9n jelent\u0151s szerepet j\u00e1tszanak a korm\u00e1nykerekek ellen\u00e1ll\u00f3 k\u00e9pess\u00e9g\u00e9nek \u00e9s \u00e9lettartam\u00e1nak jav\u00edt\u00e1s\u00e1ban. A hozz\u00e1adott bevonatokkal ell\u00e1tott, tengeri min\u0151s\u00e9g\u0171 rozsdamentes ac\u00e9l kiv\u00e1l\u00f3 ellen\u00e1ll\u00e1st biztos\u00edt a lyukad\u00e1ssal \u00e9s rozsd\u00e1sod\u00e1ssal szemben, m\u00edg az UV-stabiliz\u00e1lt m\u0171anyagok megakad\u00e1lyozz\u00e1k a napf\u00e9ny hat\u00e1s\u00e1ra t\u00f6rt\u00e9n\u0151 kifakul\u00e1st \u00e9s repedez\u00e9st. Ezek a fejleszt\u00e9sek nemcsak a term\u00e9k hossz\u00fa \u00e9lettartam\u00e1t biztos\u00edtj\u00e1k, hanem hozz\u00e1j\u00e1rulnak a kezel\u0151 biztons\u00e1g\u00e1hoz \u00e9s k\u00e9nyelm\u00e9hez is.<\/p>\n<p>Egy m\u00e1sik kulcsfontoss\u00e1g\u00fa \u00faj\u00edt\u00e1s a multifunkci\u00f3s kezel\u0151szervek integr\u00e1l\u00e1sa k\u00f6zvetlen\u00fcl a korm\u00e1nyker\u00e9kbe. Az ilyen kialak\u00edt\u00e1sok lehet\u0151v\u00e9 teszik a kezel\u0151k sz\u00e1m\u00e1ra, hogy hozz\u00e1f\u00e9rjenek a kritikus funkci\u00f3khoz, p\u00e9ld\u00e1ul a g\u00e1zped\u00e1l vez\u00e9rl\u00e9s\u00e9hez vagy az elektronikus kijelz\u0151kh\u00f6z, an\u00e9lk\u00fcl, hogy levenn\u00e9k a kez\u00fcket a korm\u00e1nyr\u00f3l. Ezek a funkci\u00f3k egyszer\u0171s\u00edtik a haj\u00f3z\u00e1s \u00e9lm\u00e9ny\u00e9t, intuit\u00edvabb\u00e1 teszik a navig\u00e1ci\u00f3t \u00e9s cs\u00f6kkentik a kezel\u0151 elf\u00e1rad\u00e1s\u00e1nak val\u00f3sz\u00edn\u0171s\u00e9g\u00e9t.<\/p>\n<h4>Hossz\u00fa t\u00e1v\u00fa \u00e9rt\u00e9k biztos\u00edt\u00e1sa<\/h4>\n<p>A j\u00f3 min\u0151s\u00e9g\u0171 haj\u00f3korm\u00e1nyker\u00e9kbe val\u00f3 befektet\u00e9s olyan d\u00f6nt\u00e9s, amely hossz\u00fa t\u00e1von megt\u00e9r\u00fcl. Az azonnali funkcionalit\u00e1son t\u00fal ezek a term\u00e9kek n\u00f6velik a haj\u00f3 \u00e1ltal\u00e1nos \u00e9rt\u00e9k\u00e9t, k\u00fcl\u00f6n\u00f6sen, ha j\u00f3 h\u00edr\u0171 besz\u00e1ll\u00edt\u00f3val p\u00e1rosulnak. Korm\u00e1nykerekeinket a hossz\u00fa \u00e9lettartamot szem el\u0151tt tartva tervezt\u00fck, optim\u00e1lis egyens\u00falyt biztos\u00edtva a teljes\u00edtm\u00e9ny, a tart\u00f3ss\u00e1g \u00e9s az eszt\u00e9tikai vonzer\u0151 k\u00f6z\u00f6tt.<\/p>\n<p>Az \u00fcgyfelek b\u00edzhatnak abban, hogy v\u00e1llalatunk nem csak kiv\u00e9teles term\u00e9keket, hanem \u00e1tfog\u00f3 t\u00e1mogat\u00e1st is ny\u00fajt a v\u00e1s\u00e1rl\u00e1si folyamat sor\u00e1n. A kezdeti konzult\u00e1ci\u00f3kt\u00f3l az \u00e9rt\u00e9kes\u00edt\u00e9s ut\u00e1ni szervizel\u00e9sig igyeksz\u00fcnk tart\u00f3s kapcsolatot ki\u00e9p\u00edteni \u00fcgyfeleinkkel. Ez a kiv\u00e1l\u00f3s\u00e1g ir\u00e1nti elk\u00f6telezetts\u00e9g alapozta meg h\u00edrnev\u00fcnket, mint megb\u00edzhat\u00f3 partner a tengeri kieg\u00e9sz\u00edt\u0151k piac\u00e1n.<\/p>\n<p>A min\u0151s\u00e9g, az innov\u00e1ci\u00f3 \u00e9s a vev\u0151i el\u00e9gedetts\u00e9g el\u0151t\u00e9rbe helyez\u00e9s\u00e9vel igyeksz\u00fcnk fel\u00fclm\u00falni \u00fcgyfeleink elv\u00e1r\u00e1sait. Legyen sz\u00f3 ak\u00e1r az alkalmi haj\u00f3z\u00e1s szerelmeseinek, ak\u00e1r a professzion\u00e1lis haj\u00f3soknak, cs\u00f3nakkorm\u00e1nykerekeink a praktikum \u00e9s a st\u00edlus \u00f6tv\u00f6zet\u00e9t k\u00e9pviselik, biztos\u00edtva a kiv\u00e1l\u00f3 teljes\u00edtm\u00e9nyt a v\u00edzen.<\/p>","protected":false},"excerpt":{"rendered":"<p>A haj\u00f3korm\u00e1nykerekek kulcsfontoss\u00e1g\u00fa szerepet j\u00e1tszanak a z\u00f6kken\u0151mentes navig\u00e1ci\u00f3 \u00e9s a v\u00edzen val\u00f3 ir\u00e1ny\u00edt\u00e1s biztos\u00edt\u00e1s\u00e1ban, \u00edgy minden haj\u00f3 kritikus alkatr\u00e9sze. A korm\u00e1nyker\u00e9k kiv\u00e1laszt\u00e1sakor a v\u00e1s\u00e1rl\u00f3k gyakran olyan t\u00e9nyez\u0151ket helyeznek el\u0151t\u00e9rbe, mint az anyag tart\u00f3ss\u00e1ga, az ergonomikus kialak\u00edt\u00e1s, a k\u00fcl\u00f6nb\u00f6z\u0151 tengeri rendszerekkel val\u00f3 kompatibilit\u00e1s \u00e9s a korr\u00f3zi\u00f3\u00e1ll\u00f3s\u00e1g. Kereskedelmi v\u00e1llalatunk olyan kiv\u00e1l\u00f3 min\u0151s\u00e9g\u0171 haj\u00f3korm\u00e1nykereket k\u00edn\u00e1l, amelyek megfelelnek ezeknek az agg\u00e1lyoknak, valamint szem\u00e9lyre szabott aj\u00e1nl\u00e1sokat biztos\u00edt\u00f3, szem\u00e9lyes \u00fcgyf\u00e9lszolg\u00e1lattal p\u00e1rosulnak. Ezenk\u00edv\u00fcl garant\u00e1ljuk a gyors sz\u00e1ll\u00edt\u00e1si ciklust, \u00e9s alapos min\u0151s\u00e9gellen\u0151rz\u00e9si jelent\u00e9seket biztos\u00edtunk, hogy minden v\u00e1s\u00e1rl\u00e1sn\u00e1l nyugalmat ny\u00fajtsunk.<\/p>","protected":false},"featured_media":8429,"comment_status":"open","ping_status":"closed","template":"","meta":{"site-sidebar-layout":"default","site-content-layout":"","ast-site-content-layout":"default","site-content-style":"default","site-sidebar-style":"default","ast-global-header-display":"","ast-banner-title-visibility":"","ast-main-header-display":"","ast-hfb-above-header-display":"","ast-hfb-below-header-display":"","ast-hfb-mobile-header-display":"","site-post-title":"","ast-breadcrumbs-content":"","ast-featured-img":"","footer-sml-layout":"","theme-transparent-header-meta":"default","adv-header-id-meta":"","stick-header-meta":"default","header-above-stick-meta":"","header-main-stick-meta":"","header-below-stick-meta":"","astra-migrate-meta-layouts":"set","ast-page-background-enabled":"default","ast-page-background-meta":{"desktop":{"background-color":"","background-image":"","background-repeat":"repeat","background-position":"center center","background-size":"auto","background-attachment":"scroll","background-type":"","background-media":"","overlay-type":"","overlay-color":"","overlay-opacity":"","overlay-gradient":""},"tablet":{"background-color":"","background-image":"","background-repeat":"repeat","background-position":"center center","background-size":"auto","background-attachment":"scroll","background-type":"","background-media":"","overlay-type":"","overlay-color":"","overlay-opacity":"","overlay-gradient":""},"mobile":{"background-color":"","background-image":"","background-repeat":"repeat","background-position":"center center","background-size":"auto","background-attachment":"scroll","background-type":"","background-media":"","overlay-type":"","overlay-color":"","overlay-opacity":"","overlay-gradient":""}},"ast-content-background-meta":{"desktop":{"background-color":"var(--ast-global-color-5)","background-image":"","background-repeat":"repeat","background-position":"center center","background-size":"auto","background-attachment":"scroll","background-type":"","background-media":"","overlay-type":"","overlay-color":"","overlay-opacity":"","overlay-gradient":""},"tablet":{"background-color":"var(--ast-global-color-5)","background-image":"","background-repeat":"repeat","background-position":"center center","background-size":"auto","background-attachment":"scroll","background-type":"","background-media":"","overlay-type":"","overlay-color":"","overlay-opacity":"","overlay-gradient":""},"mobile":{"background-color":"var(--ast-global-color-5)","background-image":"","background-repeat":"repeat","background-position":"center center","background-size":"auto","background-attachment":"scroll","background-type":"","background-media":"","overlay-type":"","overlay-color":"","overlay-opacity":"","overlay-gradient":""}}},"product_brand":[],"product_cat":[44],"product_tag":[],"class_list":{"0":"post-8428","1":"product","2":"type-product","3":"status-publish","4":"has-post-thumbnail","6":"product_cat-stainless-steel-poduct","7":"desktop-align-left","8":"tablet-align-left","9":"mobile-align-left","10":"ast-product-gallery-layout-horizontal-slider","11":"ast-product-tabs-layout-horizontal","13":"first","14":"instock","15":"shipping-taxable","16":"purchasable","17":"product-type-simple"},"yoast_head":"<!-- This site is optimized with the Yoast SEO plugin v25.2 - https:\/\/yoast.com\/wordpress\/plugins\/seo\/ -->\n<title>Boat Steering Wheel<\/title>\n<meta name=\"robots\" content=\"index, follow, max-snippet:-1, max-image-preview:large, max-video-preview:-1\" \/>\n<link rel=\"canonical\" href=\"https:\/\/qingdaohf.com\/hu\/termek\/hajo-kormanykerek\/\" \/>\n<meta property=\"og:locale\" content=\"hu_HU\" \/>\n<meta property=\"og:type\" content=\"article\" \/>\n<meta property=\"og:title\" content=\"Boat Steering Wheel\" \/>\n<meta property=\"og:description\" content=\"Boat steering wheels play a pivotal role in ensuring smooth navigation and control on water, making them a critical component for any vessel. Buyers often prioritize factors such as material durability, ergonomic design, compatibility with various marine systems, and corrosion resistance when selecting a steering wheel. Our trading company offers high-quality boat steering wheels that address these concerns, coupled with one-to-one customer service, ensuring tailored recommendations. Additionally, we guarantee a fast delivery cycle and provide thorough quality inspection reports to offer peace of mind with every purchase.\" \/>\n<meta property=\"og:url\" content=\"https:\/\/qingdaohf.com\/hu\/termek\/hajo-kormanykerek\/\" \/>\n<meta property=\"og:site_name\" content=\"Concrete Form &amp; Rigging Hardware Supplier\" \/>\n<meta property=\"article:publisher\" content=\"https:\/\/www.facebook.com\/qingdaohf\" \/>\n<meta property=\"article:modified_time\" content=\"2025-11-13T01:02:51+00:00\" \/>\n<meta property=\"og:image\" content=\"https:\/\/qingdaohf.com\/wp-content\/uploads\/2024\/11\/boat-steering-wheel-5.jpg\" \/>\n\t<meta property=\"og:image:width\" content=\"1000\" \/>\n\t<meta property=\"og:image:height\" content=\"1000\" \/>\n\t<meta property=\"og:image:type\" content=\"image\/jpeg\" \/>\n<meta name=\"twitter:card\" content=\"summary_large_image\" \/>\n<meta name=\"twitter:label1\" content=\"Becs\u00fclt olvas\u00e1si id\u0151\" \/>\n\t<meta name=\"twitter:data1\" content=\"4 perc\" \/>\n<script type=\"application\/ld+json\" class=\"yoast-schema-graph\">{\"@context\":\"https:\/\/schema.org\",\"@graph\":[{\"@type\":\"WebPage\",\"@id\":\"https:\/\/qingdaohf.com\/product\/boat-steering-wheel\/\",\"url\":\"https:\/\/qingdaohf.com\/product\/boat-steering-wheel\/\",\"name\":\"Boat Steering Wheel\",\"isPartOf\":{\"@id\":\"https:\/\/qingdaohf.com\/bg\/#website\"},\"primaryImageOfPage\":{\"@id\":\"https:\/\/qingdaohf.com\/product\/boat-steering-wheel\/#primaryimage\"},\"image\":{\"@id\":\"https:\/\/qingdaohf.com\/product\/boat-steering-wheel\/#primaryimage\"},\"thumbnailUrl\":\"https:\/\/qingdaohf.com\/wp-content\/uploads\/2024\/11\/boat-steering-wheel-5.jpg\",\"datePublished\":\"2024-11-29T08:45:52+00:00\",\"dateModified\":\"2025-11-13T01:02:51+00:00\",\"breadcrumb\":{\"@id\":\"https:\/\/qingdaohf.com\/product\/boat-steering-wheel\/#breadcrumb\"},\"inLanguage\":\"hu\",\"potentialAction\":[{\"@type\":\"ReadAction\",\"target\":[\"https:\/\/qingdaohf.com\/product\/boat-steering-wheel\/\"]}]},{\"@type\":\"ImageObject\",\"inLanguage\":\"hu\",\"@id\":\"https:\/\/qingdaohf.com\/product\/boat-steering-wheel\/#primaryimage\",\"url\":\"https:\/\/qingdaohf.com\/wp-content\/uploads\/2024\/11\/boat-steering-wheel-5.jpg\",\"contentUrl\":\"https:\/\/qingdaohf.com\/wp-content\/uploads\/2024\/11\/boat-steering-wheel-5.jpg\",\"width\":1000,\"height\":1000,\"caption\":\"boat steering wheel\"},{\"@type\":\"BreadcrumbList\",\"@id\":\"https:\/\/qingdaohf.com\/product\/boat-steering-wheel\/#breadcrumb\",\"itemListElement\":[{\"@type\":\"ListItem\",\"position\":1,\"name\":\"Home\",\"item\":\"https:\/\/qingdaohf.com\/\"},{\"@type\":\"ListItem\",\"position\":2,\"name\":\"Concrete Forming Accessories and Rigging Hardware\",\"item\":\"https:\/\/qingdaohf.com\/bg\/?page_id=944\"},{\"@type\":\"ListItem\",\"position\":3,\"name\":\"Boat Steering Wheel\"}]},{\"@type\":\"WebSite\",\"@id\":\"https:\/\/qingdaohf.com\/bg\/#website\",\"url\":\"https:\/\/qingdaohf.com\/bg\/\",\"name\":\"Concrete Form & Rigging Hardware Supplier\",\"description\":\"\",\"publisher\":{\"@id\":\"https:\/\/qingdaohf.com\/bg\/#organization\"},\"potentialAction\":[{\"@type\":\"SearchAction\",\"target\":{\"@type\":\"EntryPoint\",\"urlTemplate\":\"https:\/\/qingdaohf.com\/bg\/?s={search_term_string}\"},\"query-input\":{\"@type\":\"PropertyValueSpecification\",\"valueRequired\":true,\"valueName\":\"search_term_string\"}}],\"inLanguage\":\"hu\"},{\"@type\":\"Organization\",\"@id\":\"https:\/\/qingdaohf.com\/bg\/#organization\",\"name\":\"Qingdao H&F\",\"url\":\"https:\/\/qingdaohf.com\/bg\/\",\"logo\":{\"@type\":\"ImageObject\",\"inLanguage\":\"hu\",\"@id\":\"https:\/\/qingdaohf.com\/bg\/#\/schema\/logo\/image\/\",\"url\":\"https:\/\/qingdaohf.com\/wp-content\/uploads\/2022\/12\/cropped-HF-LOGO.png\",\"contentUrl\":\"https:\/\/qingdaohf.com\/wp-content\/uploads\/2022\/12\/cropped-HF-LOGO.png\",\"width\":391,\"height\":249,\"caption\":\"Qingdao H&F\"},\"image\":{\"@id\":\"https:\/\/qingdaohf.com\/bg\/#\/schema\/logo\/image\/\"},\"sameAs\":[\"https:\/\/www.facebook.com\/qingdaohf\"]}]}<\/script>\n<!-- \/ Yoast SEO plugin. -->","yoast_head_json":{"title":"Boat Steering Wheel","robots":{"index":"index","follow":"follow","max-snippet":"max-snippet:-1","max-image-preview":"max-image-preview:large","max-video-preview":"max-video-preview:-1"},"canonical":"https:\/\/qingdaohf.com\/hu\/termek\/hajo-kormanykerek\/","og_locale":"hu_HU","og_type":"article","og_title":"Boat Steering Wheel","og_description":"Boat steering wheels play a pivotal role in ensuring smooth navigation and control on water, making them a critical component for any vessel. Buyers often prioritize factors such as material durability, ergonomic design, compatibility with various marine systems, and corrosion resistance when selecting a steering wheel. Our trading company offers high-quality boat steering wheels that address these concerns, coupled with one-to-one customer service, ensuring tailored recommendations. Additionally, we guarantee a fast delivery cycle and provide thorough quality inspection reports to offer peace of mind with every purchase.","og_url":"https:\/\/qingdaohf.com\/hu\/termek\/hajo-kormanykerek\/","og_site_name":"Concrete Form &amp; Rigging Hardware Supplier","article_publisher":"https:\/\/www.facebook.com\/qingdaohf","article_modified_time":"2025-11-13T01:02:51+00:00","og_image":[{"width":1000,"height":1000,"url":"https:\/\/qingdaohf.com\/wp-content\/uploads\/2024\/11\/boat-steering-wheel-5.jpg","type":"image\/jpeg"}],"twitter_card":"summary_large_image","twitter_misc":{"Becs\u00fclt olvas\u00e1si id\u0151":"4 perc"},"schema":{"@context":"https:\/\/schema.org","@graph":[{"@type":"WebPage","@id":"https:\/\/qingdaohf.com\/product\/boat-steering-wheel\/","url":"https:\/\/qingdaohf.com\/product\/boat-steering-wheel\/","name":"Boat Steering Wheel","isPartOf":{"@id":"https:\/\/qingdaohf.com\/bg\/#website"},"primaryImageOfPage":{"@id":"https:\/\/qingdaohf.com\/product\/boat-steering-wheel\/#primaryimage"},"image":{"@id":"https:\/\/qingdaohf.com\/product\/boat-steering-wheel\/#primaryimage"},"thumbnailUrl":"https:\/\/qingdaohf.com\/wp-content\/uploads\/2024\/11\/boat-steering-wheel-5.jpg","datePublished":"2024-11-29T08:45:52+00:00","dateModified":"2025-11-13T01:02:51+00:00","breadcrumb":{"@id":"https:\/\/qingdaohf.com\/product\/boat-steering-wheel\/#breadcrumb"},"inLanguage":"hu","potentialAction":[{"@type":"ReadAction","target":["https:\/\/qingdaohf.com\/product\/boat-steering-wheel\/"]}]},{"@type":"ImageObject","inLanguage":"hu","@id":"https:\/\/qingdaohf.com\/product\/boat-steering-wheel\/#primaryimage","url":"https:\/\/qingdaohf.com\/wp-content\/uploads\/2024\/11\/boat-steering-wheel-5.jpg","contentUrl":"https:\/\/qingdaohf.com\/wp-content\/uploads\/2024\/11\/boat-steering-wheel-5.jpg","width":1000,"height":1000,"caption":"boat steering wheel"},{"@type":"BreadcrumbList","@id":"https:\/\/qingdaohf.com\/product\/boat-steering-wheel\/#breadcrumb","itemListElement":[{"@type":"ListItem","position":1,"name":"Home","item":"https:\/\/qingdaohf.com\/"},{"@type":"ListItem","position":2,"name":"Concrete Forming Accessories and Rigging Hardware","item":"https:\/\/qingdaohf.com\/bg\/?page_id=944"},{"@type":"ListItem","position":3,"name":"Boat Steering Wheel"}]},{"@type":"WebSite","@id":"https:\/\/qingdaohf.com\/bg\/#website","url":"https:\/\/qingdaohf.com\/bg\/","name":"Concrete Form & Rigging Hardware Supplier","description":"","publisher":{"@id":"https:\/\/qingdaohf.com\/bg\/#organization"},"potentialAction":[{"@type":"SearchAction","target":{"@type":"EntryPoint","urlTemplate":"https:\/\/qingdaohf.com\/bg\/?s={search_term_string}"},"query-input":{"@type":"PropertyValueSpecification","valueRequired":true,"valueName":"search_term_string"}}],"inLanguage":"hu"},{"@type":"Organization","@id":"https:\/\/qingdaohf.com\/bg\/#organization","name":"Qingdao H&F","url":"https:\/\/qingdaohf.com\/bg\/","logo":{"@type":"ImageObject","inLanguage":"hu","@id":"https:\/\/qingdaohf.com\/bg\/#\/schema\/logo\/image\/","url":"https:\/\/qingdaohf.com\/wp-content\/uploads\/2022\/12\/cropped-HF-LOGO.png","contentUrl":"https:\/\/qingdaohf.com\/wp-content\/uploads\/2022\/12\/cropped-HF-LOGO.png","width":391,"height":249,"caption":"Qingdao H&F"},"image":{"@id":"https:\/\/qingdaohf.com\/bg\/#\/schema\/logo\/image\/"},"sameAs":["https:\/\/www.facebook.com\/qingdaohf"]}]}},"_links":{"self":[{"href":"https:\/\/qingdaohf.com\/hu\/wp-json\/wp\/v2\/product\/8428","targetHints":{"allow":["GET"]}}],"collection":[{"href":"https:\/\/qingdaohf.com\/hu\/wp-json\/wp\/v2\/product"}],"about":[{"href":"https:\/\/qingdaohf.com\/hu\/wp-json\/wp\/v2\/types\/product"}],"replies":[{"embeddable":true,"href":"https:\/\/qingdaohf.com\/hu\/wp-json\/wp\/v2\/comments?post=8428"}],"version-history":[{"count":1,"href":"https:\/\/qingdaohf.com\/hu\/wp-json\/wp\/v2\/product\/8428\/revisions"}],"predecessor-version":[{"id":8436,"href":"https:\/\/qingdaohf.com\/hu\/wp-json\/wp\/v2\/product\/8428\/revisions\/8436"}],"wp:featuredmedia":[{"embeddable":true,"href":"https:\/\/qingdaohf.com\/hu\/wp-json\/wp\/v2\/media\/8429"}],"wp:attachment":[{"href":"https:\/\/qingdaohf.com\/hu\/wp-json\/wp\/v2\/media?parent=8428"}],"wp:term":[{"taxonomy":"product_brand","embeddable":true,"href":"https:\/\/qingdaohf.com\/hu\/wp-json\/wp\/v2\/product_brand?post=8428"},{"taxonomy":"product_cat","embeddable":true,"href":"https:\/\/qingdaohf.com\/hu\/wp-json\/wp\/v2\/product_cat?post=8428"},{"taxonomy":"product_tag","embeddable":true,"href":"https:\/\/qingdaohf.com\/hu\/wp-json\/wp\/v2\/product_tag?post=8428"}],"curies":[{"name":"wp","href":"https:\/\/api.w.org\/{rel}","templated":true}]}}