{"id":8532,"date":"2024-12-16T11:17:22","date_gmt":"2024-12-16T03:17:22","guid":{"rendered":"http:\/\/qingdaohf.com\/?post_type=product&#038;p=8532"},"modified":"2025-11-13T09:02:22","modified_gmt":"2025-11-13T01:02:22","slug":"sandwich-panel-erection-anchor","status":"publish","type":"product","link":"https:\/\/qingdaohf.com\/hu\/termek\/szendvicspanel-felallitasi-horgony\/","title":{"rendered":"Szendvicspanel fel\u00e1ll\u00edt\u00e1si horgony"},"content":{"rendered":"<p class=\"whitespace-pre-wrap break-words\">Az \u00e9p\u00edt\u0151iparban az el\u0151regy\u00e1rtott elemek n\u00f6vekv\u0151 haszn\u00e1lata miatt a szendvicspanel szerel\u0151horgonyok fontosabbak, mint valaha. Ezek a speci\u00e1lis szersz\u00e1mok elengedhetetlenek a szendvicspanelek biztons\u00e1gos emel\u00e9s\u00e9hez, pozicion\u00e1l\u00e1s\u00e1hoz \u00e9s be\u00e9p\u00edt\u00e9s\u00e9hez a falakba, tet\u0151kbe \u00e9s homlokzatokba. Ak\u00e1r gy\u00e1rtja ezeket a horgonyokat, ak\u00e1r a helysz\u00ednen haszn\u00e1lja \u0151ket, fajt\u00e1ik, felhaszn\u00e1l\u00e1suk \u00e9s teljes\u00edtm\u00e9nyt\u00e9nyez\u0151ik meg\u00e9rt\u00e9se alapvet\u0151 fontoss\u00e1g\u00fa.<\/p>\n<h2 class=\"font-600 text-xl font-bold\">A szendvicspanel szerel\u00e9si horgonyok funkci\u00f3ja \u00e9s jelent\u0151s\u00e9ge<\/h2>\n<p class=\"whitespace-pre-wrap break-words\">A szendvicspanel szerel\u00e9si horgonyok els\u0151dleges funkci\u00f3ja a biztons\u00e1g \u00e9s a hat\u00e9konys\u00e1g a szerel\u00e9s sor\u00e1n. Ezek az eszk\u00f6z\u00f6k megb\u00edzhat\u00f3 r\u00f6gz\u00edt\u00e9si pontokat hoznak l\u00e9tre az emel\u0151berendez\u00e9sek sz\u00e1m\u00e1ra, jelent\u0151sen cs\u00f6kkentve a neh\u00e9z panelek kezel\u00e9s\u00e9nek kock\u00e1zat\u00e1t. Azokban a projektekben, ahol az id\u0151 sz\u00e1m\u00edt \u00e9s a pontoss\u00e1g d\u00f6nt\u0151 fontoss\u00e1g\u00fa, ezek a horgonyok egyszer\u0171s\u00edtik az \u00f6sszetett logisztik\u00e1t, mik\u00f6zben megfelelnek a szigor\u00fa biztons\u00e1gi k\u00f6vetelm\u00e9nyeknek.<\/p>\n<p class=\"whitespace-pre-wrap break-words\">Ezek a horgonyok t\u00f6bbet tesznek, mint csak felemelik - seg\u00edtenek biztos\u00edtani, hogy a panelek helyesen illeszkedjenek \u00e9s megfelel\u0151en maradjanak elhelyezve, megel\u0151zve a szerkezeti fesz\u00fclts\u00e9get \u00e9s az elhajl\u00e1st a telep\u00edt\u00e9s sor\u00e1n. Ez a pontoss\u00e1g k\u00fcl\u00f6n\u00f6sen fontos a nagy ipari \u00e9s kereskedelmi \u00e9p\u00edtkez\u00e9sekn\u00e9l, ahol a k\u00f6vetkezetes teljes\u00edtm\u00e9ny az \u00f6sszes komponens eset\u00e9ben meghat\u00e1roz\u00f3 lehet a projekt szempontj\u00e1b\u00f3l. A horgonyok t\u00edpus\u00e1nak megv\u00e1laszt\u00e1sa k\u00f6zvetlen\u00fcl befoly\u00e1solja, hogy mennyire lesz sikeres a projekt.<\/p>\n<h2 class=\"font-600 text-xl font-bold\">A szendvicspanel szerel\u0151horgonyok t\u00edpusai \u00e9s alkalmaz\u00e1sai<\/h2>\n<p class=\"whitespace-pre-wrap break-words\">Az \u00e9p\u00edt\u0151ipari csapatok t\u00f6bbf\u00e9le horgonyt\u00edpus k\u00f6z\u00fcl v\u00e1laszthatnak, amelyek mindegyike meghat\u00e1rozott panels\u00falyokhoz, kialak\u00edt\u00e1sokhoz \u00e9s telep\u00edt\u00e9si ig\u00e9nyekhez lett tervezve. Egyesek a legjobban m\u0171k\u00f6dnek a k\u00f6nnyebb panelekn\u00e9l, m\u00edg m\u00e1sok a meger\u0151s\u00edtett, nehezebb konstrukci\u00f3k kezel\u00e9s\u00e9re k\u00e9sz\u00fcltek.<\/p>\n<p class=\"whitespace-pre-wrap break-words\">A mechanikus horgonyok rugalmass\u00e1guknak \u00e9s egyszer\u0171 telep\u00edt\u00e9si folyamatuknak k\u00f6sz\u00f6nhet\u0151en n\u00e9pszer\u0171ek. Az \u00e9p\u00edt\u0151ipari csapatok nagyra \u00e9rt\u00e9kelik \u0151ket a terhek egyenletes eloszt\u00e1sa miatt az emel\u00e9s sor\u00e1n. Az extra tart\u00f3ss\u00e1got ig\u00e9nyl\u0151 kem\u00e9nyebb k\u00f6rnyezetekben a hegesztett horgonyok fokozott szil\u00e1rds\u00e1got k\u00edn\u00e1lnak.<\/p>\n<p class=\"whitespace-pre-wrap break-words\">Tal\u00e1lhat be\u00e1gyazott horgonyokat is, amelyeket a gy\u00e1rt\u00f3k a gy\u00e1rt\u00e1s sor\u00e1n k\u00f6zvetlen\u00fcl a panelekbe szerelnek. Ezek t\u00f6k\u00e9letesek a z\u00f6kken\u0151mentes integr\u00e1ci\u00f3t ig\u00e9nyl\u0151 projektekhez, minim\u00e1lis helysz\u00edni be\u00e1ll\u00edt\u00e1sokkal. A t\u00edpust\u00f3l f\u00fcggetlen\u00fcl a megfelel\u0151 horgony kiv\u00e1laszt\u00e1sa a projekt ig\u00e9nyeinek gondos m\u00e9rlegel\u00e9s\u00e9t ig\u00e9nyli - a terhel\u00e9si k\u00f6vetelm\u00e9nyekt\u0151l a k\u00f6rnyezeti felt\u00e9telekig \u00e9s az ipari szabv\u00e1nyokig.<\/p>\n<p class=\"whitespace-pre-wrap break-words\">Ezek a horgonyok nem korl\u00e1toz\u00f3dnak egyetlen ipar\u00e1gra sem. Megtal\u00e1lhat\u00f3k a rakt\u00e1r\u00e9p\u00edt\u00e9sben, a gy\u00e1r\u00e9p\u00edt\u00e9sben, az irodafejleszt\u00e9sekben \u00e9s m\u00e9g az otthonokban is. A k\u00fcl\u00f6nb\u00f6z\u0151 panelm\u00e9retekhez \u00e9s anyagokhoz val\u00f3 alkalmazkod\u00f3k\u00e9pess\u00e9g\u00fck miatt mind a kisebb projektekn\u00e9l, mind a nagyobb fejleszt\u00e9sekn\u00e9l \u00e9rt\u00e9kesnek bizonyulnak.<\/p>\n<h2 class=\"font-600 text-xl font-bold\">A szendvicspanel szerel\u00e9si horgonyok kiv\u00e1laszt\u00e1s\u00e1t befoly\u00e1sol\u00f3 t\u00e9nyez\u0151k<\/h2>\n<p class=\"whitespace-pre-wrap break-words\">A megfelel\u0151 merev\u00edt\u0151horgony kiv\u00e1laszt\u00e1sa t\u00f6bb fontos szempontot is mag\u00e1ban foglal. A lista \u00e9l\u00e9n a teherb\u00edr\u00f3 k\u00e9pess\u00e9g \u00e1ll - pontosan tudnia kell, hogy a horgony mekkora s\u00falyt tud biztons\u00e1gosan kezelni. Ehhez pontos sz\u00e1m\u00edt\u00e1sokra van sz\u00fcks\u00e9g a panel specifik\u00e1ci\u00f3i \u00e9s anyagai alapj\u00e1n a t\u00falterhel\u00e9s elker\u00fcl\u00e9se \u00e9rdek\u00e9ben.<\/p>\n<p class=\"whitespace-pre-wrap break-words\">Az anyagmin\u0151s\u00e9g rendk\u00edv\u00fcl fontos. A legt\u00f6bb gy\u00e1rt\u00f3 nagy szil\u00e1rds\u00e1g\u00fa ac\u00e9lt v\u00e1laszt a kiv\u00e1l\u00f3 szak\u00edt\u00f3szil\u00e1rds\u00e1g \u00e9s tart\u00f3ss\u00e1g miatt. Ha p\u00e1r\u00e1s ter\u00fcleteken vagy a tengerpart k\u00f6zel\u00e9ben \u00e9p\u00edtkezik, a korr\u00f3zi\u00f3\u00e1ll\u00f3s\u00e1g kritikuss\u00e1 v\u00e1lik. Sok v\u00e1llalkoz\u00f3 horganyzott vagy bevonatos horgonyokat v\u00e1laszt, hogy meghosszabb\u00edtsa \u00e9lettartamukat.<\/p>\n<p class=\"whitespace-pre-wrap break-words\">A telep\u00edt\u00e9s egyszer\u0171s\u00e9ge \u00e9s a szabv\u00e1nyos emel\u0151berendez\u00e9sekkel val\u00f3 kompatibilit\u00e1s jelent\u0151sen befoly\u00e1solhatja a projekt \u00fctemez\u00e9s\u00e9t \u00e9s k\u00f6lts\u00e9gvet\u00e9s\u00e9t. A megfelel\u0151 horgonyok z\u00f6kken\u0151mentesen egy\u00fcttm\u0171k\u00f6dnek a megl\u00e9v\u0151 rendszerekkel, cs\u00f6kkentve a munkaer\u0151k\u00f6lts\u00e9geket \u00e9s felgyors\u00edtva az \u00e9p\u00edtkez\u00e9st. A nemzetk\u00f6zi biztons\u00e1gi szabv\u00e1nyoknak val\u00f3 megfelel\u00e9s nem opcion\u00e1lis - ez alapvet\u0151 fontoss\u00e1g\u00fa a hat\u00f3s\u00e1gi megfelel\u00e9s \u00e9s a projekt siker\u00e9nek biztos\u00edt\u00e1s\u00e1hoz.<\/p>\n<p class=\"whitespace-pre-wrap break-words\">A Qingdao H&amp;F-n\u00e9l ezek a t\u00e9nyez\u0151k vez\u00e9rlik a term\u00e9kbeszerz\u00e9st \u00e9s a sz\u00e1ll\u00edt\u00e1st. Term\u00e9kv\u00e1laszt\u00e9kunkat \u00fagy alak\u00edtottuk ki, hogy megfeleljen a k\u00fcl\u00f6nb\u00f6z\u0151 glob\u00e1lis k\u00f6vetelm\u00e9nyeknek, \u00e9s mindent alapos min\u0151s\u00e9gellen\u0151rz\u00e9ssel \u00e9s teljes\u00edtm\u00e9nyvizsg\u00e1lattal t\u00e1masztunk al\u00e1. Ez biztos\u00edtja, hogy pontosan azt kapja, amire a projektj\u00e9nek sz\u00fcks\u00e9ge van.<\/p>\n<h2 class=\"font-600 text-xl font-bold\">A szendvicspanel szerel\u00e9si horgonyok \u00e9rt\u00e9k\u00e9nek n\u00f6vel\u00e9se szak\u00e9rt\u0151i t\u00e1mogat\u00e1ssal<\/h2>\n<p class=\"whitespace-pre-wrap break-words\">A szendvicspanel-fel\u00e1ll\u00edt\u00e1si horgonyok maxim\u00e1lis kihaszn\u00e1l\u00e1sa nem csak a hardverr\u0151l sz\u00f3l - hanem a m\u00f6g\u00f6tte l\u00e9v\u0151 t\u00e1mogat\u00e1sr\u00f3l is. Csapatunk a Qingdao H&amp;F-n\u00e9l hisz a vil\u00e1gos kommunik\u00e1ci\u00f3ban \u00e9s a szak\u00e9rt\u0151i \u00fatmutat\u00e1sban. Szorosan egy\u00fcttm\u0171k\u00f6d\u00fcnk minden \u00fcgyf\u00e9llel, hogy meg\u00e9rts\u00fck egyedi ig\u00e9nyeiket, \u00e9s c\u00e9lzott aj\u00e1nl\u00e1sokat adjunk az optim\u00e1lis teljes\u00edtm\u00e9ny \u00e9rdek\u00e9ben.<\/p>\n<p class=\"whitespace-pre-wrap break-words\">Tudjuk, hogy az \u00e9p\u00edt\u00e9si projektek nem engedhetik meg maguknak a k\u00e9sedelmeket, ez\u00e9rt optimaliz\u00e1ltuk sz\u00e1ll\u00edt\u00e1si folyamatunkat. A hat\u00e9kony ell\u00e1t\u00e1si l\u00e1nc menedzsment \u00e9s a strat\u00e9giai partners\u00e9gek r\u00e9v\u00e9n biztos\u00edtjuk, hogy a horgonyok akkor \u00e9rkezzenek meg, amikor sz\u00fcks\u00e9ge van r\u00e1juk, b\u00e1rhol is legyen.<\/p>\n<p class=\"whitespace-pre-wrap break-words\">Minden sz\u00e1ll\u00edtm\u00e1nyt r\u00e9szletes min\u0151s\u00e9gellen\u0151rz\u00e9si jelent\u00e9sekkel l\u00e1tunk el, \u00edgy teljes r\u00e1l\u00e1t\u00e1sa van a term\u00e9k specifik\u00e1ci\u00f3ira \u00e9s a teljes\u00edtm\u00e9nyadatokra. Ez az \u00e1tl\u00e1that\u00f3s\u00e1g t\u00fckr\u00f6zi a kiv\u00e1l\u00f3s\u00e1g ir\u00e1nti elk\u00f6telezetts\u00e9g\u00fcnket.<\/p>\n<h2 class=\"font-600 text-xl font-bold\">El\u0151re tekintve: A szendvicspanel szerel\u00e9si horgonyok j\u00f6v\u0151je<\/h2>\n<p class=\"whitespace-pre-wrap break-words\">Az \u00e9p\u00edt\u0151ipar folyamatosan fejl\u0151dik, \u00e9s ez al\u00f3l a panelek be\u00e9p\u00edt\u00e9si technik\u00e1i sem kiv\u00e9telek. Izgalmas fejleszt\u00e9seket l\u00e1tunk a horgonyz\u00e1si technol\u00f3gi\u00e1ban, bele\u00e9rtve az er\u0151sebb, de k\u00f6nnyebb anyagokat. A j\u00f6v\u0151 intelligens horgonyokat hozhat, amelyek be\u00e9p\u00edtett \u00e9rz\u00e9kel\u0151kkel rendelkeznek a terhel\u00e9sek \u00e9s az igaz\u00edt\u00e1s ellen\u0151rz\u00e9s\u00e9re, \u00faj szintre emelve a biztons\u00e1got \u00e9s a hat\u00e9konys\u00e1got.<\/p>\n<p class=\"whitespace-pre-wrap break-words\">A Qingdao H&amp;F-n\u00e9l az ipar\u00e1gi v\u00e1ltoz\u00e1sok el\u0151tt j\u00e1runk. A leg\u00fajabb fejleszt\u00e9sekkel l\u00e9p\u00e9st tartva biztos\u00edtjuk, hogy \u00fcgyfeleink mindig hozz\u00e1f\u00e9rjenek a legmodernebb megold\u00e1sokhoz. Az innovat\u00edv term\u00e9keket \u00fcgyf\u00e9lk\u00f6zpont\u00fa szolg\u00e1ltat\u00e1ssal kombin\u00e1ljuk, hogy meg\u0151rizz\u00fck piacvezet\u0151 poz\u00edci\u00f3nkat a panelfel\u00e1ll\u00edt\u00e1si horgonymegold\u00e1sok ter\u00e9n.<\/p>\n<p class=\"whitespace-pre-wrap break-words\">V\u00e9gezet\u00fcl, a szendvicspanel szerel\u00e9si horgonyok tov\u00e1bbra is alapvet\u0151 fontoss\u00e1g\u00faak a sikeres modern \u00e9p\u00edt\u00e9shez. A biztons\u00e1gos \u00e9s hat\u00e9kony telep\u00edt\u00e9sben bet\u00f6lt\u00f6tt szerep\u00fck felbecs\u00fclhetetlen \u00e9rt\u00e9k\u0171v\u00e9 teszi \u0151ket az \u00e9p\u00edt\u0151k \u00e9s a kivitelez\u0151k sz\u00e1m\u00e1ra egyar\u00e1nt. A Qingdao H&amp;F-n\u00e9l b\u00fcszk\u00e9k vagyunk arra, hogy megb\u00edzhat\u00f3 partnerek vagyunk ezen a dinamikus ter\u00fcleten, min\u0151s\u00e9get \u00e9s kiv\u00e1l\u00f3s\u00e1got ny\u00fajtva \u00fcgyfeleinknek vil\u00e1gszerte.<\/p>","protected":false},"excerpt":{"rendered":"<p>Az \u00e9p\u00edt\u0151iparban a szendvicspanelek fel\u00e1ll\u00edt\u00e1si horgonyai nagyon fontos eszk\u00f6z\u00f6k, amelyek biztons\u00e1goss\u00e1 \u00e9s hat\u00e9konny\u00e1 teszik a szendvicspanelek emel\u00e9s\u00e9t \u00e9s felszerel\u00e9s\u00e9t. V\u00e1s\u00e1rl\u00f3k\u00e9nt h\u00e1rom kulcsfontoss\u00e1g\u00fa dologra szeretne \u00f6sszpontos\u00edtani: megb\u00edzhat\u00f3s\u00e1g, kompatibilit\u00e1s a k\u00fcl\u00f6nb\u00f6z\u0151 panelt\u00edpusokkal \u00e9s er\u0151s teherb\u00edr\u00f3 k\u00e9pess\u00e9g. Itt a Qingdao H&amp;F-n\u00e9l 20 \u00e9vet t\u00f6lt\u00f6tt\u00fcnk azzal, hogy t\u00f6k\u00e9letes\u00edts\u00fck a megk\u00f6zel\u00edt\u00e9s\u00fcnket: szem\u00e9lyre szabott \u00fcgyf\u00e9lszolg\u00e1latot, gyorsabb sz\u00e1ll\u00edt\u00e1si id\u0151t \u00e9s r\u00e9szletes min\u0151s\u00e9gi jelent\u00e9seket k\u00edn\u00e1lunk minden egyes kisz\u00e1ll\u00edtott megrendel\u00e9shez. Elk\u00f6telezettek vagyunk amellett, hogy \u00fcgyfeleinknek vil\u00e1gszerte a lehet\u0151 legz\u00f6kken\u0151mentesebb v\u00e1s\u00e1rl\u00e1si \u00e9lm\u00e9nyt ny\u00fajtsuk.<\/p>","protected":false},"featured_media":8533,"comment_status":"open","ping_status":"closed","template":"","meta":{"site-sidebar-layout":"default","site-content-layout":"","ast-site-content-layout":"default","site-content-style":"default","site-sidebar-style":"default","ast-global-header-display":"","ast-banner-title-visibility":"","ast-main-header-display":"","ast-hfb-above-header-display":"","ast-hfb-below-header-display":"","ast-hfb-mobile-header-display":"","site-post-title":"","ast-breadcrumbs-content":"","ast-featured-img":"","footer-sml-layout":"","theme-transparent-header-meta":"default","adv-header-id-meta":"","stick-header-meta":"default","header-above-stick-meta":"","header-main-stick-meta":"","header-below-stick-meta":"","astra-migrate-meta-layouts":"set","ast-page-background-enabled":"default","ast-page-background-meta":{"desktop":{"background-color":"","background-image":"","background-repeat":"repeat","background-position":"center center","background-size":"auto","background-attachment":"scroll","background-type":"","background-media":"","overlay-type":"","overlay-color":"","overlay-opacity":"","overlay-gradient":""},"tablet":{"background-color":"","background-image":"","background-repeat":"repeat","background-position":"center center","background-size":"auto","background-attachment":"scroll","background-type":"","background-media":"","overlay-type":"","overlay-color":"","overlay-opacity":"","overlay-gradient":""},"mobile":{"background-color":"","background-image":"","background-repeat":"repeat","background-position":"center center","background-size":"auto","background-attachment":"scroll","background-type":"","background-media":"","overlay-type":"","overlay-color":"","overlay-opacity":"","overlay-gradient":""}},"ast-content-background-meta":{"desktop":{"background-color":"var(--ast-global-color-5)","background-image":"","background-repeat":"repeat","background-position":"center center","background-size":"auto","background-attachment":"scroll","background-type":"","background-media":"","overlay-type":"","overlay-color":"","overlay-opacity":"","overlay-gradient":""},"tablet":{"background-color":"var(--ast-global-color-5)","background-image":"","background-repeat":"repeat","background-position":"center center","background-size":"auto","background-attachment":"scroll","background-type":"","background-media":"","overlay-type":"","overlay-color":"","overlay-opacity":"","overlay-gradient":""},"mobile":{"background-color":"var(--ast-global-color-5)","background-image":"","background-repeat":"repeat","background-position":"center center","background-size":"auto","background-attachment":"scroll","background-type":"","background-media":"","overlay-type":"","overlay-color":"","overlay-opacity":"","overlay-gradient":""}}},"product_brand":[],"product_cat":[30],"product_tag":[],"class_list":{"0":"post-8532","1":"product","2":"type-product","3":"status-publish","4":"has-post-thumbnail","6":"product_cat-lifting-anchor","7":"desktop-align-left","8":"tablet-align-left","9":"mobile-align-left","10":"ast-product-gallery-layout-horizontal-slider","11":"ast-product-tabs-layout-horizontal","13":"first","14":"instock","15":"shipping-taxable","16":"purchasable","17":"product-type-simple"},"yoast_head":"<!-- This site is optimized with the Yoast SEO plugin v25.2 - https:\/\/yoast.com\/wordpress\/plugins\/seo\/ -->\n<title>Sandwich Panel Erection Anchor<\/title>\n<meta name=\"robots\" content=\"index, follow, max-snippet:-1, max-image-preview:large, max-video-preview:-1\" \/>\n<link rel=\"canonical\" href=\"https:\/\/qingdaohf.com\/hu\/termek\/szendvicspanel-felallitasi-horgony\/\" \/>\n<meta property=\"og:locale\" content=\"hu_HU\" \/>\n<meta property=\"og:type\" content=\"article\" \/>\n<meta property=\"og:title\" content=\"Sandwich Panel Erection Anchor\" \/>\n<meta property=\"og:description\" content=\"In construction, sandwich panel erection anchors are very important tools that make the lifting and installation of sandwich panels both safe and efficient. You would want to focus on three key things as a buyer: reliability, compatibility with different panel types, and strong load-bearing capacity. Here at Qingdao H&amp;F, we have spent 20 years perfecting our approach: offering personalized customer service, quicker delivery times, and detailed quality reports for every order shipped. We are committed to giving our clients worldwide the smoothest possible purchasing experience.\" \/>\n<meta property=\"og:url\" content=\"https:\/\/qingdaohf.com\/hu\/termek\/szendvicspanel-felallitasi-horgony\/\" \/>\n<meta property=\"og:site_name\" content=\"Concrete Form &amp; Rigging Hardware Supplier\" \/>\n<meta property=\"article:publisher\" content=\"https:\/\/www.facebook.com\/qingdaohf\" \/>\n<meta property=\"article:modified_time\" content=\"2025-11-13T01:02:22+00:00\" \/>\n<meta property=\"og:image\" content=\"https:\/\/qingdaohf.com\/wp-content\/uploads\/2024\/12\/Erection-Anchor_\u526f\u672c.jpg\" \/>\n\t<meta property=\"og:image:width\" content=\"1000\" \/>\n\t<meta property=\"og:image:height\" content=\"1000\" \/>\n\t<meta property=\"og:image:type\" content=\"image\/jpeg\" \/>\n<meta name=\"twitter:card\" content=\"summary_large_image\" \/>\n<meta name=\"twitter:label1\" content=\"Becs\u00fclt olvas\u00e1si id\u0151\" \/>\n\t<meta name=\"twitter:data1\" content=\"4 perc\" \/>\n<script type=\"application\/ld+json\" class=\"yoast-schema-graph\">{\"@context\":\"https:\/\/schema.org\",\"@graph\":[{\"@type\":\"WebPage\",\"@id\":\"https:\/\/qingdaohf.com\/product\/sandwich-panel-erection-anchor\/\",\"url\":\"https:\/\/qingdaohf.com\/product\/sandwich-panel-erection-anchor\/\",\"name\":\"Sandwich Panel Erection Anchor\",\"isPartOf\":{\"@id\":\"https:\/\/qingdaohf.com\/bg\/#website\"},\"primaryImageOfPage\":{\"@id\":\"https:\/\/qingdaohf.com\/product\/sandwich-panel-erection-anchor\/#primaryimage\"},\"image\":{\"@id\":\"https:\/\/qingdaohf.com\/product\/sandwich-panel-erection-anchor\/#primaryimage\"},\"thumbnailUrl\":\"https:\/\/qingdaohf.com\/wp-content\/uploads\/2024\/12\/Erection-Anchor_\u526f\u672c.jpg\",\"datePublished\":\"2024-12-16T03:17:22+00:00\",\"dateModified\":\"2025-11-13T01:02:22+00:00\",\"breadcrumb\":{\"@id\":\"https:\/\/qingdaohf.com\/product\/sandwich-panel-erection-anchor\/#breadcrumb\"},\"inLanguage\":\"hu\",\"potentialAction\":[{\"@type\":\"ReadAction\",\"target\":[\"https:\/\/qingdaohf.com\/product\/sandwich-panel-erection-anchor\/\"]}]},{\"@type\":\"ImageObject\",\"inLanguage\":\"hu\",\"@id\":\"https:\/\/qingdaohf.com\/product\/sandwich-panel-erection-anchor\/#primaryimage\",\"url\":\"https:\/\/qingdaohf.com\/wp-content\/uploads\/2024\/12\/Erection-Anchor_\u526f\u672c.jpg\",\"contentUrl\":\"https:\/\/qingdaohf.com\/wp-content\/uploads\/2024\/12\/Erection-Anchor_\u526f\u672c.jpg\",\"width\":1000,\"height\":1000,\"caption\":\"sandwich panel Erection Anchor\"},{\"@type\":\"BreadcrumbList\",\"@id\":\"https:\/\/qingdaohf.com\/product\/sandwich-panel-erection-anchor\/#breadcrumb\",\"itemListElement\":[{\"@type\":\"ListItem\",\"position\":1,\"name\":\"Home\",\"item\":\"https:\/\/qingdaohf.com\/\"},{\"@type\":\"ListItem\",\"position\":2,\"name\":\"Concrete Forming Accessories and Rigging Hardware\",\"item\":\"https:\/\/qingdaohf.com\/bg\/?page_id=944\"},{\"@type\":\"ListItem\",\"position\":3,\"name\":\"Sandwich Panel Erection Anchor\"}]},{\"@type\":\"WebSite\",\"@id\":\"https:\/\/qingdaohf.com\/bg\/#website\",\"url\":\"https:\/\/qingdaohf.com\/bg\/\",\"name\":\"Concrete Form & Rigging Hardware Supplier\",\"description\":\"\",\"publisher\":{\"@id\":\"https:\/\/qingdaohf.com\/bg\/#organization\"},\"potentialAction\":[{\"@type\":\"SearchAction\",\"target\":{\"@type\":\"EntryPoint\",\"urlTemplate\":\"https:\/\/qingdaohf.com\/bg\/?s={search_term_string}\"},\"query-input\":{\"@type\":\"PropertyValueSpecification\",\"valueRequired\":true,\"valueName\":\"search_term_string\"}}],\"inLanguage\":\"hu\"},{\"@type\":\"Organization\",\"@id\":\"https:\/\/qingdaohf.com\/bg\/#organization\",\"name\":\"Qingdao H&F\",\"url\":\"https:\/\/qingdaohf.com\/bg\/\",\"logo\":{\"@type\":\"ImageObject\",\"inLanguage\":\"hu\",\"@id\":\"https:\/\/qingdaohf.com\/bg\/#\/schema\/logo\/image\/\",\"url\":\"https:\/\/qingdaohf.com\/wp-content\/uploads\/2022\/12\/cropped-HF-LOGO.png\",\"contentUrl\":\"https:\/\/qingdaohf.com\/wp-content\/uploads\/2022\/12\/cropped-HF-LOGO.png\",\"width\":391,\"height\":249,\"caption\":\"Qingdao H&F\"},\"image\":{\"@id\":\"https:\/\/qingdaohf.com\/bg\/#\/schema\/logo\/image\/\"},\"sameAs\":[\"https:\/\/www.facebook.com\/qingdaohf\"]}]}<\/script>\n<!-- \/ Yoast SEO plugin. -->","yoast_head_json":{"title":"Sandwich Panel Erection Anchor","robots":{"index":"index","follow":"follow","max-snippet":"max-snippet:-1","max-image-preview":"max-image-preview:large","max-video-preview":"max-video-preview:-1"},"canonical":"https:\/\/qingdaohf.com\/hu\/termek\/szendvicspanel-felallitasi-horgony\/","og_locale":"hu_HU","og_type":"article","og_title":"Sandwich Panel Erection Anchor","og_description":"In construction, sandwich panel erection anchors are very important tools that make the lifting and installation of sandwich panels both safe and efficient. You would want to focus on three key things as a buyer: reliability, compatibility with different panel types, and strong load-bearing capacity. Here at Qingdao H&amp;F, we have spent 20 years perfecting our approach: offering personalized customer service, quicker delivery times, and detailed quality reports for every order shipped. We are committed to giving our clients worldwide the smoothest possible purchasing experience.","og_url":"https:\/\/qingdaohf.com\/hu\/termek\/szendvicspanel-felallitasi-horgony\/","og_site_name":"Concrete Form &amp; Rigging Hardware Supplier","article_publisher":"https:\/\/www.facebook.com\/qingdaohf","article_modified_time":"2025-11-13T01:02:22+00:00","og_image":[{"width":1000,"height":1000,"url":"https:\/\/qingdaohf.com\/wp-content\/uploads\/2024\/12\/Erection-Anchor_\u526f\u672c.jpg","type":"image\/jpeg"}],"twitter_card":"summary_large_image","twitter_misc":{"Becs\u00fclt olvas\u00e1si id\u0151":"4 perc"},"schema":{"@context":"https:\/\/schema.org","@graph":[{"@type":"WebPage","@id":"https:\/\/qingdaohf.com\/product\/sandwich-panel-erection-anchor\/","url":"https:\/\/qingdaohf.com\/product\/sandwich-panel-erection-anchor\/","name":"Sandwich Panel Erection Anchor","isPartOf":{"@id":"https:\/\/qingdaohf.com\/bg\/#website"},"primaryImageOfPage":{"@id":"https:\/\/qingdaohf.com\/product\/sandwich-panel-erection-anchor\/#primaryimage"},"image":{"@id":"https:\/\/qingdaohf.com\/product\/sandwich-panel-erection-anchor\/#primaryimage"},"thumbnailUrl":"https:\/\/qingdaohf.com\/wp-content\/uploads\/2024\/12\/Erection-Anchor_\u526f\u672c.jpg","datePublished":"2024-12-16T03:17:22+00:00","dateModified":"2025-11-13T01:02:22+00:00","breadcrumb":{"@id":"https:\/\/qingdaohf.com\/product\/sandwich-panel-erection-anchor\/#breadcrumb"},"inLanguage":"hu","potentialAction":[{"@type":"ReadAction","target":["https:\/\/qingdaohf.com\/product\/sandwich-panel-erection-anchor\/"]}]},{"@type":"ImageObject","inLanguage":"hu","@id":"https:\/\/qingdaohf.com\/product\/sandwich-panel-erection-anchor\/#primaryimage","url":"https:\/\/qingdaohf.com\/wp-content\/uploads\/2024\/12\/Erection-Anchor_\u526f\u672c.jpg","contentUrl":"https:\/\/qingdaohf.com\/wp-content\/uploads\/2024\/12\/Erection-Anchor_\u526f\u672c.jpg","width":1000,"height":1000,"caption":"sandwich panel Erection Anchor"},{"@type":"BreadcrumbList","@id":"https:\/\/qingdaohf.com\/product\/sandwich-panel-erection-anchor\/#breadcrumb","itemListElement":[{"@type":"ListItem","position":1,"name":"Home","item":"https:\/\/qingdaohf.com\/"},{"@type":"ListItem","position":2,"name":"Concrete Forming Accessories and Rigging Hardware","item":"https:\/\/qingdaohf.com\/bg\/?page_id=944"},{"@type":"ListItem","position":3,"name":"Sandwich Panel Erection Anchor"}]},{"@type":"WebSite","@id":"https:\/\/qingdaohf.com\/bg\/#website","url":"https:\/\/qingdaohf.com\/bg\/","name":"Concrete Form & Rigging Hardware Supplier","description":"","publisher":{"@id":"https:\/\/qingdaohf.com\/bg\/#organization"},"potentialAction":[{"@type":"SearchAction","target":{"@type":"EntryPoint","urlTemplate":"https:\/\/qingdaohf.com\/bg\/?s={search_term_string}"},"query-input":{"@type":"PropertyValueSpecification","valueRequired":true,"valueName":"search_term_string"}}],"inLanguage":"hu"},{"@type":"Organization","@id":"https:\/\/qingdaohf.com\/bg\/#organization","name":"Qingdao H&F","url":"https:\/\/qingdaohf.com\/bg\/","logo":{"@type":"ImageObject","inLanguage":"hu","@id":"https:\/\/qingdaohf.com\/bg\/#\/schema\/logo\/image\/","url":"https:\/\/qingdaohf.com\/wp-content\/uploads\/2022\/12\/cropped-HF-LOGO.png","contentUrl":"https:\/\/qingdaohf.com\/wp-content\/uploads\/2022\/12\/cropped-HF-LOGO.png","width":391,"height":249,"caption":"Qingdao H&F"},"image":{"@id":"https:\/\/qingdaohf.com\/bg\/#\/schema\/logo\/image\/"},"sameAs":["https:\/\/www.facebook.com\/qingdaohf"]}]}},"_links":{"self":[{"href":"https:\/\/qingdaohf.com\/hu\/wp-json\/wp\/v2\/product\/8532","targetHints":{"allow":["GET"]}}],"collection":[{"href":"https:\/\/qingdaohf.com\/hu\/wp-json\/wp\/v2\/product"}],"about":[{"href":"https:\/\/qingdaohf.com\/hu\/wp-json\/wp\/v2\/types\/product"}],"replies":[{"embeddable":true,"href":"https:\/\/qingdaohf.com\/hu\/wp-json\/wp\/v2\/comments?post=8532"}],"version-history":[{"count":1,"href":"https:\/\/qingdaohf.com\/hu\/wp-json\/wp\/v2\/product\/8532\/revisions"}],"predecessor-version":[{"id":8534,"href":"https:\/\/qingdaohf.com\/hu\/wp-json\/wp\/v2\/product\/8532\/revisions\/8534"}],"wp:featuredmedia":[{"embeddable":true,"href":"https:\/\/qingdaohf.com\/hu\/wp-json\/wp\/v2\/media\/8533"}],"wp:attachment":[{"href":"https:\/\/qingdaohf.com\/hu\/wp-json\/wp\/v2\/media?parent=8532"}],"wp:term":[{"taxonomy":"product_brand","embeddable":true,"href":"https:\/\/qingdaohf.com\/hu\/wp-json\/wp\/v2\/product_brand?post=8532"},{"taxonomy":"product_cat","embeddable":true,"href":"https:\/\/qingdaohf.com\/hu\/wp-json\/wp\/v2\/product_cat?post=8532"},{"taxonomy":"product_tag","embeddable":true,"href":"https:\/\/qingdaohf.com\/hu\/wp-json\/wp\/v2\/product_tag?post=8532"}],"curies":[{"name":"wp","href":"https:\/\/api.w.org\/{rel}","templated":true}]}}