{"id":8601,"date":"2024-12-27T17:18:28","date_gmt":"2024-12-27T09:18:28","guid":{"rendered":"http:\/\/qingdaohf.com\/?post_type=product&#038;p=8601"},"modified":"2025-11-13T09:02:22","modified_gmt":"2025-11-13T01:02:22","slug":"formwork-water-stop","status":"publish","type":"product","link":"https:\/\/qingdaohf.com\/hu\/termek\/zsaluzasi-vizzaro\/","title":{"rendered":"Zsaluzat v\u00edzmeg\u00e1ll\u00edt\u00f3"},"content":{"rendered":"<p class=\"whitespace-pre-wrap break-words\">A zsaluzat v\u00edzz\u00e1r\u00f3 term\u00e9kei l\u00e9tfontoss\u00e1g\u00faak a beton\u00e9p\u00edt\u00e9s v\u00edzszigetel\u00e9s\u00e9hez \u00e9s a szerkezeti integrit\u00e1s fenntart\u00e1s\u00e1hoz. Ezek az alkatr\u00e9szek a zsaluz\u00e1si tartoz\u00e9kokkal, p\u00e9ld\u00e1ul a k\u00f6t\u0151rudakkal \u00e9s a sz\u00e1rnyas any\u00e1kkal egy\u00fctt m\u0171k\u00f6dnek a v\u00edzsziv\u00e1rg\u00e1s megakad\u00e1lyoz\u00e1sa \u00e9s a betonszerkezetek v\u00e9delme \u00e9rdek\u00e9ben. Vizsg\u00e1ljuk meg, hogyan m\u0171k\u00f6dnek egy\u00fctt ezek az elemek, \u00e9s mi\u00e9rt fontosak az \u00d6n \u00e9p\u00edt\u00e9si projektjei sz\u00e1m\u00e1ra.<\/p>\n<h2 class=\"font-600 text-xl font-bold\">A zsaluzat v\u00edzmeg\u00e1ll\u00f3k meg\u00e9rt\u00e9se<\/h2>\n<p class=\"whitespace-pre-wrap break-words\">Ha betonb\u00f3l \u00e9p\u00edtkezik, elker\u00fclhetetlen\u00fcl tal\u00e1lkozik a k\u00fcl\u00f6nb\u00f6z\u0151 szakaszok k\u00f6z\u00f6tti h\u00e9zagokkal - ezek olyan gyakorlati sz\u00fcks\u00e9gszer\u0171s\u00e9gek miatt jelennek meg, mint az \u00e9p\u00edt\u00e9si sz\u00fcnetek vagy a k\u00fcl\u00f6n\u00e1ll\u00f3 szersz\u00e1mr\u00e9szek haszn\u00e1lata. Mivel a beton term\u00e9szet\u00e9n\u00e9l fogva por\u00f3zus, ezek az illeszt\u00e9sek gyenge pontokk\u00e1 v\u00e1lhatnak, ahol a v\u00edz behatolhat. Itt j\u00f6nnek a k\u00e9pbe a v\u00edzz\u00e1r\u00f3 fug\u00e1k.<\/p>\n<p class=\"whitespace-pre-wrap break-words\">A v\u00edzz\u00e1r\u00f3 elemek olyan anyagokb\u00f3l k\u00e9sz\u00fclnek, amelyek hajl\u00e9konyak \u00e9s egy\u00fctt mozognak a betonnal - jellemz\u0151en PVC, gumi vagy speci\u00e1lis hidrofil vegy\u00fcletek. A kulcs az, hogy olyan anyagot v\u00e1lasszunk, amely meg\u0151rzi hat\u00e9konys\u00e1g\u00e1t, ahogy a beton le\u00fclepedik \u00e9s reag\u00e1l a k\u00f6rnyezeti v\u00e1ltoz\u00e1sokra. Ezeket a betonoz\u00e1s el\u0151tt kell felszerelni, fizikai akad\u00e1lyt k\u00e9pezve a v\u00edz besziv\u00e1rg\u00e1sa ellen. Ez k\u00fcl\u00f6n\u00f6sen fontos az olyan szerkezetekn\u00e9l, mint a pinc\u00e9k, alagutak \u00e9s g\u00e1tak, ahol a v\u00edznyom\u00e1s \u00e1lland\u00f3 aggodalomra ad okot.<\/p>\n<h2 class=\"font-600 text-xl font-bold\">A k\u00f6t\u0151rudak szerepe a zsaluz\u00e1si alkalmaz\u00e1sokban<\/h2>\n<p><img fetchpriority=\"high\" decoding=\"async\" class=\"alignnone wp-image-8579 size-full\" src=\"http:\/\/qingdaohf.com\/wp-content\/uploads\/2024\/12\/tie-rod-92.webp\" alt=\"nyakkend\u0151 r\u00fadrendszer\" width=\"1000\" height=\"1000\" srcset=\"https:\/\/qingdaohf.com\/wp-content\/uploads\/2024\/12\/tie-rod-92.webp 1000w, https:\/\/qingdaohf.com\/wp-content\/uploads\/2024\/12\/tie-rod-92-300x300.webp 300w, https:\/\/qingdaohf.com\/wp-content\/uploads\/2024\/12\/tie-rod-92-150x150.webp 150w, https:\/\/qingdaohf.com\/wp-content\/uploads\/2024\/12\/tie-rod-92-768x768.webp 768w, https:\/\/qingdaohf.com\/wp-content\/uploads\/2024\/12\/tie-rod-92-12x12.webp 12w, https:\/\/qingdaohf.com\/wp-content\/uploads\/2024\/12\/tie-rod-92-500x500.webp 500w, https:\/\/qingdaohf.com\/wp-content\/uploads\/2024\/12\/tie-rod-92-100x100.webp 100w\" sizes=\"(max-width: 1000px) 100vw, 1000px\" \/><\/p>\n<p class=\"whitespace-pre-wrap break-words\">A k\u00f6t\u0151rudak (vagy zsaluk\u00f6t\u0151k) a beton\u00e9p\u00edt\u00e9s meg nem \u00e9nekelt h\u0151sei. Ezek az ac\u00e9lelemek tartj\u00e1k stabilan a zsalupaneleket, mik\u00f6zben a betont ki\u00f6ntik \u00e9s megszil\u00e1rd\u00edtj\u00e1k. Az\u00e1ltal, hogy \u00e1tf\u0171zik a paneleket, \u00e9s mindk\u00e9t v\u00e9g\u00e9n sz\u00e1rnyas any\u00e1kkal r\u00f6gz\u00edtik, biztos\u00edtj\u00e1k a sz\u00fcks\u00e9ges fesz\u00fclts\u00e9get, hogy a nedves beton hatalmas nyom\u00e1sa alatt minden stabil maradjon.<\/p>\n<p class=\"whitespace-pre-wrap break-words\">A v\u00edzmeg\u00e1ll\u00f3k \u00e9s a k\u00f6t\u0151rudak k\u00f6z\u00f6tti kapcsolat d\u00f6nt\u0151 fontoss\u00e1g\u00fa - z\u00f6kken\u0151mentesen kell egy\u00fcttm\u0171k\u00f6dni\u00fck. M\u00edg a k\u00f6t\u0151rudak fenntartj\u00e1k a zsaluzat helyzet\u00e9t, a v\u00edzz\u00e1r\u00f3k biztos\u00edtj\u00e1k a fug\u00e1k t\u00f6m\u00edtetlens\u00e9g\u00e9t. Ha ezt a kombin\u00e1ci\u00f3t j\u00f3l oldjuk meg, megel\u0151zhetj\u00fck a v\u00edz besziv\u00e1rg\u00e1s\u00e1t \u00e9s a k\u00f6lts\u00e9ges j\u00f6v\u0151beli jav\u00edt\u00e1sokat. A beton megszil\u00e1rdul\u00e1sa ut\u00e1n a munk\u00e1sok elt\u00e1vol\u00edtj\u00e1k a k\u00f6t\u0151rudakat \u00e9s a sz\u00e1rnyas any\u00e1kat, \u00e9s megfelel\u0151en v\u00edzszigetelt fug\u00e1kat hagynak maguk ut\u00e1n.<\/p>\n<h2 class=\"font-600 text-xl font-bold\">A sz\u00e1rnyas any\u00e1k jelent\u0151s\u00e9ge a zsaluzat \u00e9p\u00edt\u00e9s\u00e9ben<\/h2>\n<p class=\"whitespace-pre-wrap break-words\">A sz\u00e1rnyas any\u00e1k egyszer\u0171nek t\u0171nhetnek, de n\u00e9lk\u00fcl\u00f6zhetetlenek a zsaluzat telep\u00edt\u00e9s\u00e9nek finomhangol\u00e1s\u00e1hoz. Kialak\u00edt\u00e1suk lehet\u0151v\u00e9 teszi a munk\u00e1sok sz\u00e1m\u00e1ra, hogy k\u00e9zzel \u00e1ll\u00edts\u00e1k be a k\u00f6t\u0151r\u00fad feszess\u00e9g\u00e9t, \u00edgy a betonoz\u00e1s sor\u00e1n k\u00f6nnyed\u00e9n fenntarthatj\u00e1k a panelek megfelel\u0151 be\u00e1ll\u00edt\u00e1s\u00e1t. Ez a pontos ellen\u0151rz\u00e9s seg\u00edt megel\u0151zni a panel elmozdul\u00e1s\u00e1t, amely vesz\u00e9lyeztetheti a v\u00e9gleges szerkezetet.<\/p>\n<p class=\"whitespace-pre-wrap break-words\">Ezek az \u00f6sszetev\u0151k szint\u00e9n kulcsszerepet j\u00e1tszanak a v\u00edzmeg\u00e1ll\u00edt\u00e1s hat\u00e9konys\u00e1g\u00e1ban. Ha a k\u00f6t\u0151rudakat megfelel\u0151en megfesz\u00edtik sz\u00e1rnyasany\u00e1kkal, akkor pontosan ott tartj\u00e1k a zsalupaneleket \u00e9s a v\u00edzz\u00e1r\u00f3kat, ahol lenni\u00fck kell. Megfelel\u0151 sz\u00e1rnyasanya-be\u00e1ll\u00edt\u00e1s n\u00e9lk\u00fcl az \u00f6nt\u00e9s k\u00f6zbeni mozg\u00e1s olyan h\u00e9zagokat hozhat l\u00e9tre, amelyek lehet\u0151v\u00e9 teszik a v\u00edz behatol\u00e1s\u00e1t.<\/p>\n<h2 class=\"font-600 text-xl font-bold\">A zsaluzat v\u00edzmeg\u00e1ll\u00f3k el\u0151nyei a beton v\u00edzszigetel\u00e9s\u00e9ben<\/h2>\n<p class=\"whitespace-pre-wrap break-words\">Az \u00e1lland\u00f3 nedvess\u00e9gnek kitett szerkezetek - mint p\u00e9ld\u00e1ul az alapok \u00e9s a f\u00f6ldalatti alagutak - eset\u00e9ben a megfelel\u0151 v\u00edzszigetel\u00e9sr\u0151l nem lehet sz\u00f3. A v\u00edzz\u00e1r\u00f3k sz\u00e1mos kulcsfontoss\u00e1g\u00fa el\u0151nyt k\u00edn\u00e1lnak:<\/p>\n<p class=\"whitespace-pre-wrap break-words\">Szerkezeti v\u00e9delem: A v\u00edzz\u00e1r\u00f3 fug\u00e1k megakad\u00e1lyozz\u00e1k a v\u00edz besziv\u00e1rg\u00e1s\u00e1t az illeszt\u00e9sekn\u00e9l, \u00edgy elker\u00fclhet\u0151k az olyan gyakori probl\u00e9m\u00e1k, mint a betonkorr\u00f3zi\u00f3 \u00e9s a beton k\u00e1rosod\u00e1sa, amelyek vesz\u00e9lyeztethetik a szerkezet \u00e9ps\u00e9g\u00e9t.<\/p>\n<p class=\"whitespace-pre-wrap break-words\">K\u00f6lts\u00e9gel\u0151ny\u00f6k: B\u00e1r a min\u0151s\u00e9gi v\u00edzmeg\u00e1ll\u00edt\u00e1sok kezdeti beruh\u00e1z\u00e1sa jelent\u0151snek t\u0171nhet, ez sokkal olcs\u00f3bb, mint a k\u00e9s\u0151bbi v\u00edzk\u00e1rjav\u00edt\u00e1s. Ha a v\u00edzszigetel\u00e9st m\u00e1r az \u00e9p\u00edtkez\u00e9s sor\u00e1n megfelel\u0151en elv\u00e9gzi, akkor a k\u00e9s\u0151bbiekben nem lesz sz\u00fcks\u00e9g k\u00f6lts\u00e9ges jav\u00edt\u00e1sokra.<\/p>\n<p class=\"whitespace-pre-wrap break-words\">Fokozott \u00e9lettartam: A megfelel\u0151 v\u00edzz\u00e1r\u00f3 be\u00e9p\u00edt\u00e9s\u0171 szerkezetek \u00e1ltal\u00e1ban hosszabb \u00e9lettartam\u00faak, k\u00fcl\u00f6n\u00f6sen a nagy v\u00edznyom\u00e1s\u00fa vagy korroz\u00edv k\u00f6r\u00fclm\u00e9nyek k\u00f6z\u00f6tt, kih\u00edv\u00e1st jelent\u0151 k\u00f6rnyezetben.<\/p>\n<p class=\"whitespace-pre-wrap break-words\">Szab\u00e1lyoz\u00e1si megfelel\u00e9s: Sz\u00e1mos \u00e9p\u00edt\u00e9si szab\u00e1lyzat \u00edrja el\u0151 a v\u00edzle\u00e1ll\u00edt\u00e1s haszn\u00e1lat\u00e1t, k\u00fcl\u00f6n\u00f6sen a kritikus infrastrukt\u00far\u00e1k eset\u00e9ben. Haszn\u00e1latuk seg\u00edt biztos\u00edtani, hogy projektje megfeleljen a sz\u00fcks\u00e9ges biztons\u00e1gi \u00e9s megb\u00edzhat\u00f3s\u00e1gi el\u0151\u00edr\u00e1soknak.<\/p>\n<p class=\"whitespace-pre-wrap break-words\">K\u00f6rnyezeti felel\u0151ss\u00e9gv\u00e1llal\u00e1s: A hat\u00e9kony v\u00edzszigetel\u00e9s nemcsak a szerkezetet, hanem a k\u00f6rnyez\u0151 k\u00f6rnyezetet is v\u00e9di a sziv\u00e1rg\u00e1sb\u00f3l ered\u0151 esetleges szennyez\u0151d\u00e9st\u0151l.<\/p>\n<h2 class=\"font-600 text-xl font-bold\">Mi\u00e9rt v\u00e1lasszon minket a zsaluz\u00e1si v\u00edzmeg\u00e1ll\u00edt\u00f3 sz\u00fcks\u00e9gleteihez?<\/h2>\n<p class=\"whitespace-pre-wrap break-words\">C\u00e9g\u00fcnk arra szakosodott, hogy az \u00e9p\u00edt\u0151ipari szakemberek sz\u00e1m\u00e1ra kiv\u00e1l\u00f3 min\u0151s\u00e9g\u0171 zsaluz\u00e1si megold\u00e1sokat k\u00edn\u00e1ljon. Meg\u00e9rtj\u00fck, hogy minden projekt egyedi kih\u00edv\u00e1sokkal j\u00e1r, ez\u00e9rt szem\u00e9lyre szabott t\u00e1mogat\u00e1st ny\u00fajtunk a megfelel\u0151 term\u00e9kek kiv\u00e1laszt\u00e1s\u00e1hoz.<\/p>\n<p class=\"whitespace-pre-wrap break-words\">B\u00fcszk\u00e9k vagyunk a gyors sz\u00e1ll\u00edt\u00e1si hat\u00e1rid\u0151kre \u00e9s az \u00e1tfog\u00f3 min\u0151s\u00e9gellen\u0151rz\u00e9si dokument\u00e1ci\u00f3ra. Ak\u00e1r egy nagyobb infrastruktur\u00e1lis projektet, ak\u00e1r egy kisebb fejleszt\u00e9st ir\u00e1ny\u00edt, csapatunk biztos\u00edtja a sz\u00fcks\u00e9ges szak\u00e9rtelmet \u00e9s t\u00e1mogat\u00e1st a projekt sor\u00e1n.<\/p>\n<h2 class=\"font-600 text-xl font-bold\">K\u00f6vetkeztet\u00e9s<\/h2>\n<p class=\"whitespace-pre-wrap break-words\">A beton\u00e9p\u00edt\u00e9s sikere gyakran a r\u00e9szletek helyes megv\u00e1laszt\u00e1s\u00e1n m\u00falik - k\u00fcl\u00f6n\u00f6sen, ha v\u00edzszigetel\u00e9sr\u0151l van sz\u00f3. A v\u00edzz\u00e1r\u00f3k hat\u00e9kony haszn\u00e1lata, valamint a megfelel\u0151en be\u00e9p\u00edtett k\u00f6t\u0151rudak \u00e9s sz\u00e1rnyas any\u00e1k seg\u00edtik a szerkezetek v\u00edzz\u00e1r\u00f3s\u00e1g\u00e1nak \u00e9s tart\u00f3ss\u00e1g\u00e1nak biztos\u00edt\u00e1s\u00e1t. Ha egy olyan megb\u00edzhat\u00f3 besz\u00e1ll\u00edt\u00f3val m\u0171k\u00f6dik egy\u00fctt, mint mi, akkor megkapja a min\u0151s\u00e9gi term\u00e9keket \u00e9s t\u00e1mogat\u00e1st, amelyek sz\u00fcks\u00e9gesek a projektek sikeres befejez\u00e9s\u00e9hez.<\/p>","protected":false},"excerpt":{"rendered":"<p>A zsaluzat v\u00edzz\u00e1r\u00f3 term\u00e9kei n\u00e9lk\u00fcl\u00f6zhetetlenek a beton\u00e9p\u00edt\u00e9sben a v\u00edzz\u00e1r\u00f3 g\u00e1tak l\u00e9trehoz\u00e1s\u00e1hoz, megakad\u00e1lyozva a v\u00edz sziv\u00e1rg\u00e1s\u00e1t a betonszerkezetek fug\u00e1in kereszt\u00fcl. Ezeket a term\u00e9keket \u00fagy tervezt\u00e9k, hogy m\u00e1s zsaluz\u00e1si tartoz\u00e9kokkal, p\u00e9ld\u00e1ul k\u00f6t\u0151rudakkal \u00e9s sz\u00e1rnyas any\u00e1kkal egy\u00fctt haszn\u00e1lhat\u00f3k legyenek a z\u00f6kken\u0151mentes \u00e9s tart\u00f3s \u00e9p\u00edt\u00e9si folyamat biztos\u00edt\u00e1sa \u00e9rdek\u00e9ben. Kereskedelmi v\u00e1llalatk\u00e9nt egyszem\u00e9lyes \u00fcgyf\u00e9lszolg\u00e1latot, gyors sz\u00e1ll\u00edt\u00e1si ciklusokat k\u00edn\u00e1lunk, \u00e9s k\u00fcl\u00f6nb\u00f6z\u0151 min\u0151s\u00e9gellen\u0151rz\u00e9si jelent\u00e9seket biztos\u00edtunk, hogy \u00fcgyfeleink sz\u00e1m\u00e1ra a legmagasabb sz\u00ednvonalat biztos\u00edtsuk. Ak\u00e1r a term\u00e9kle\u00edr\u00e1sokkal kapcsolatos tan\u00e1csad\u00e1sra, ak\u00e1r az id\u0151ben t\u00f6rt\u00e9n\u0151 sz\u00e1ll\u00edt\u00e1sra van sz\u00fcks\u00e9ge, elk\u00f6telezettek vagyunk az \u00d6n ig\u00e9nyeinek hat\u00e9kony \u00e9s megb\u00edzhat\u00f3 kiel\u00e9g\u00edt\u00e9se ir\u00e1nt.<\/p>","protected":false},"featured_media":8599,"comment_status":"open","ping_status":"closed","template":"","meta":{"site-sidebar-layout":"default","site-content-layout":"","ast-site-content-layout":"default","site-content-style":"default","site-sidebar-style":"default","ast-global-header-display":"","ast-banner-title-visibility":"","ast-main-header-display":"","ast-hfb-above-header-display":"","ast-hfb-below-header-display":"","ast-hfb-mobile-header-display":"","site-post-title":"","ast-breadcrumbs-content":"","ast-featured-img":"","footer-sml-layout":"","theme-transparent-header-meta":"default","adv-header-id-meta":"","stick-header-meta":"default","header-above-stick-meta":"","header-main-stick-meta":"","header-below-stick-meta":"","astra-migrate-meta-layouts":"set","ast-page-background-enabled":"default","ast-page-background-meta":{"desktop":{"background-color":"","background-image":"","background-repeat":"repeat","background-position":"center center","background-size":"auto","background-attachment":"scroll","background-type":"","background-media":"","overlay-type":"","overlay-color":"","overlay-opacity":"","overlay-gradient":""},"tablet":{"background-color":"","background-image":"","background-repeat":"repeat","background-position":"center center","background-size":"auto","background-attachment":"scroll","background-type":"","background-media":"","overlay-type":"","overlay-color":"","overlay-opacity":"","overlay-gradient":""},"mobile":{"background-color":"","background-image":"","background-repeat":"repeat","background-position":"center center","background-size":"auto","background-attachment":"scroll","background-type":"","background-media":"","overlay-type":"","overlay-color":"","overlay-opacity":"","overlay-gradient":""}},"ast-content-background-meta":{"desktop":{"background-color":"var(--ast-global-color-5)","background-image":"","background-repeat":"repeat","background-position":"center center","background-size":"auto","background-attachment":"scroll","background-type":"","background-media":"","overlay-type":"","overlay-color":"","overlay-opacity":"","overlay-gradient":""},"tablet":{"background-color":"var(--ast-global-color-5)","background-image":"","background-repeat":"repeat","background-position":"center center","background-size":"auto","background-attachment":"scroll","background-type":"","background-media":"","overlay-type":"","overlay-color":"","overlay-opacity":"","overlay-gradient":""},"mobile":{"background-color":"var(--ast-global-color-5)","background-image":"","background-repeat":"repeat","background-position":"center center","background-size":"auto","background-attachment":"scroll","background-type":"","background-media":"","overlay-type":"","overlay-color":"","overlay-opacity":"","overlay-gradient":""}}},"product_brand":[],"product_cat":[79],"product_tag":[],"class_list":{"0":"post-8601","1":"product","2":"type-product","3":"status-publish","4":"has-post-thumbnail","6":"product_cat-tie-rod-system","7":"desktop-align-left","8":"tablet-align-left","9":"mobile-align-left","10":"ast-product-gallery-layout-horizontal-slider","11":"ast-product-tabs-layout-horizontal","13":"first","14":"instock","15":"shipping-taxable","16":"purchasable","17":"product-type-simple"},"yoast_head":"<!-- This site is optimized with the Yoast SEO plugin v25.2 - https:\/\/yoast.com\/wordpress\/plugins\/seo\/ -->\n<title>Formwork Water Stop<\/title>\n<meta name=\"description\" content=\"Formwork water stop products are essential for creating waterproof barriers in concrete construction, preventing water leakage through joints in concrete structures.\" \/>\n<meta name=\"robots\" content=\"index, follow, max-snippet:-1, max-image-preview:large, max-video-preview:-1\" \/>\n<link rel=\"canonical\" href=\"https:\/\/qingdaohf.com\/hu\/termek\/zsaluzasi-vizzaro\/\" \/>\n<meta property=\"og:locale\" content=\"hu_HU\" \/>\n<meta property=\"og:type\" content=\"article\" \/>\n<meta property=\"og:title\" content=\"Formwork Water Stop\" \/>\n<meta property=\"og:description\" content=\"Formwork water stop products are essential for creating waterproof barriers in concrete construction, preventing water leakage through joints in concrete structures.\" \/>\n<meta property=\"og:url\" content=\"https:\/\/qingdaohf.com\/hu\/termek\/zsaluzasi-vizzaro\/\" \/>\n<meta property=\"og:site_name\" content=\"Concrete Form &amp; Rigging Hardware Supplier\" \/>\n<meta property=\"article:publisher\" content=\"https:\/\/www.facebook.com\/qingdaohf\" \/>\n<meta property=\"article:modified_time\" content=\"2025-11-13T01:02:22+00:00\" \/>\n<meta property=\"og:image\" content=\"https:\/\/qingdaohf.com\/wp-content\/uploads\/2024\/12\/tie-rod-water-stop-9.jpg\" \/>\n\t<meta property=\"og:image:width\" content=\"1000\" \/>\n\t<meta property=\"og:image:height\" content=\"1000\" \/>\n\t<meta property=\"og:image:type\" content=\"image\/jpeg\" \/>\n<meta name=\"twitter:card\" content=\"summary_large_image\" \/>\n<meta name=\"twitter:label1\" content=\"Becs\u00fclt olvas\u00e1si id\u0151\" \/>\n\t<meta name=\"twitter:data1\" content=\"4 perc\" \/>\n<script type=\"application\/ld+json\" class=\"yoast-schema-graph\">{\"@context\":\"https:\/\/schema.org\",\"@graph\":[{\"@type\":\"WebPage\",\"@id\":\"https:\/\/qingdaohf.com\/product\/formwork-water-stop\/\",\"url\":\"https:\/\/qingdaohf.com\/product\/formwork-water-stop\/\",\"name\":\"Formwork Water Stop\",\"isPartOf\":{\"@id\":\"https:\/\/qingdaohf.com\/bg\/#website\"},\"primaryImageOfPage\":{\"@id\":\"https:\/\/qingdaohf.com\/product\/formwork-water-stop\/#primaryimage\"},\"image\":{\"@id\":\"https:\/\/qingdaohf.com\/product\/formwork-water-stop\/#primaryimage\"},\"thumbnailUrl\":\"https:\/\/qingdaohf.com\/wp-content\/uploads\/2024\/12\/tie-rod-water-stop-9.jpg\",\"datePublished\":\"2024-12-27T09:18:28+00:00\",\"dateModified\":\"2025-11-13T01:02:22+00:00\",\"description\":\"Formwork water stop products are essential for creating waterproof barriers in concrete construction, preventing water leakage through joints in concrete structures.\",\"breadcrumb\":{\"@id\":\"https:\/\/qingdaohf.com\/product\/formwork-water-stop\/#breadcrumb\"},\"inLanguage\":\"hu\",\"potentialAction\":[{\"@type\":\"ReadAction\",\"target\":[\"https:\/\/qingdaohf.com\/product\/formwork-water-stop\/\"]}]},{\"@type\":\"ImageObject\",\"inLanguage\":\"hu\",\"@id\":\"https:\/\/qingdaohf.com\/product\/formwork-water-stop\/#primaryimage\",\"url\":\"https:\/\/qingdaohf.com\/wp-content\/uploads\/2024\/12\/tie-rod-water-stop-9.jpg\",\"contentUrl\":\"https:\/\/qingdaohf.com\/wp-content\/uploads\/2024\/12\/tie-rod-water-stop-9.jpg\",\"width\":1000,\"height\":1000},{\"@type\":\"BreadcrumbList\",\"@id\":\"https:\/\/qingdaohf.com\/product\/formwork-water-stop\/#breadcrumb\",\"itemListElement\":[{\"@type\":\"ListItem\",\"position\":1,\"name\":\"Home\",\"item\":\"https:\/\/qingdaohf.com\/\"},{\"@type\":\"ListItem\",\"position\":2,\"name\":\"Concrete Forming Accessories and Rigging Hardware\",\"item\":\"https:\/\/qingdaohf.com\/bg\/?page_id=944\"},{\"@type\":\"ListItem\",\"position\":3,\"name\":\"Formwork Water Stop\"}]},{\"@type\":\"WebSite\",\"@id\":\"https:\/\/qingdaohf.com\/bg\/#website\",\"url\":\"https:\/\/qingdaohf.com\/bg\/\",\"name\":\"Concrete Form & Rigging Hardware Supplier\",\"description\":\"\",\"publisher\":{\"@id\":\"https:\/\/qingdaohf.com\/bg\/#organization\"},\"potentialAction\":[{\"@type\":\"SearchAction\",\"target\":{\"@type\":\"EntryPoint\",\"urlTemplate\":\"https:\/\/qingdaohf.com\/bg\/?s={search_term_string}\"},\"query-input\":{\"@type\":\"PropertyValueSpecification\",\"valueRequired\":true,\"valueName\":\"search_term_string\"}}],\"inLanguage\":\"hu\"},{\"@type\":\"Organization\",\"@id\":\"https:\/\/qingdaohf.com\/bg\/#organization\",\"name\":\"Qingdao H&F\",\"url\":\"https:\/\/qingdaohf.com\/bg\/\",\"logo\":{\"@type\":\"ImageObject\",\"inLanguage\":\"hu\",\"@id\":\"https:\/\/qingdaohf.com\/bg\/#\/schema\/logo\/image\/\",\"url\":\"https:\/\/qingdaohf.com\/wp-content\/uploads\/2022\/12\/cropped-HF-LOGO.png\",\"contentUrl\":\"https:\/\/qingdaohf.com\/wp-content\/uploads\/2022\/12\/cropped-HF-LOGO.png\",\"width\":391,\"height\":249,\"caption\":\"Qingdao H&F\"},\"image\":{\"@id\":\"https:\/\/qingdaohf.com\/bg\/#\/schema\/logo\/image\/\"},\"sameAs\":[\"https:\/\/www.facebook.com\/qingdaohf\"]}]}<\/script>\n<!-- \/ Yoast SEO plugin. -->","yoast_head_json":{"title":"Formwork Water Stop","description":"Formwork water stop products are essential for creating waterproof barriers in concrete construction, preventing water leakage through joints in concrete structures.","robots":{"index":"index","follow":"follow","max-snippet":"max-snippet:-1","max-image-preview":"max-image-preview:large","max-video-preview":"max-video-preview:-1"},"canonical":"https:\/\/qingdaohf.com\/hu\/termek\/zsaluzasi-vizzaro\/","og_locale":"hu_HU","og_type":"article","og_title":"Formwork Water Stop","og_description":"Formwork water stop products are essential for creating waterproof barriers in concrete construction, preventing water leakage through joints in concrete structures.","og_url":"https:\/\/qingdaohf.com\/hu\/termek\/zsaluzasi-vizzaro\/","og_site_name":"Concrete Form &amp; Rigging Hardware Supplier","article_publisher":"https:\/\/www.facebook.com\/qingdaohf","article_modified_time":"2025-11-13T01:02:22+00:00","og_image":[{"width":1000,"height":1000,"url":"https:\/\/qingdaohf.com\/wp-content\/uploads\/2024\/12\/tie-rod-water-stop-9.jpg","type":"image\/jpeg"}],"twitter_card":"summary_large_image","twitter_misc":{"Becs\u00fclt olvas\u00e1si id\u0151":"4 perc"},"schema":{"@context":"https:\/\/schema.org","@graph":[{"@type":"WebPage","@id":"https:\/\/qingdaohf.com\/product\/formwork-water-stop\/","url":"https:\/\/qingdaohf.com\/product\/formwork-water-stop\/","name":"Formwork Water Stop","isPartOf":{"@id":"https:\/\/qingdaohf.com\/bg\/#website"},"primaryImageOfPage":{"@id":"https:\/\/qingdaohf.com\/product\/formwork-water-stop\/#primaryimage"},"image":{"@id":"https:\/\/qingdaohf.com\/product\/formwork-water-stop\/#primaryimage"},"thumbnailUrl":"https:\/\/qingdaohf.com\/wp-content\/uploads\/2024\/12\/tie-rod-water-stop-9.jpg","datePublished":"2024-12-27T09:18:28+00:00","dateModified":"2025-11-13T01:02:22+00:00","description":"Formwork water stop products are essential for creating waterproof barriers in concrete construction, preventing water leakage through joints in concrete structures.","breadcrumb":{"@id":"https:\/\/qingdaohf.com\/product\/formwork-water-stop\/#breadcrumb"},"inLanguage":"hu","potentialAction":[{"@type":"ReadAction","target":["https:\/\/qingdaohf.com\/product\/formwork-water-stop\/"]}]},{"@type":"ImageObject","inLanguage":"hu","@id":"https:\/\/qingdaohf.com\/product\/formwork-water-stop\/#primaryimage","url":"https:\/\/qingdaohf.com\/wp-content\/uploads\/2024\/12\/tie-rod-water-stop-9.jpg","contentUrl":"https:\/\/qingdaohf.com\/wp-content\/uploads\/2024\/12\/tie-rod-water-stop-9.jpg","width":1000,"height":1000},{"@type":"BreadcrumbList","@id":"https:\/\/qingdaohf.com\/product\/formwork-water-stop\/#breadcrumb","itemListElement":[{"@type":"ListItem","position":1,"name":"Home","item":"https:\/\/qingdaohf.com\/"},{"@type":"ListItem","position":2,"name":"Concrete Forming Accessories and Rigging Hardware","item":"https:\/\/qingdaohf.com\/bg\/?page_id=944"},{"@type":"ListItem","position":3,"name":"Formwork Water Stop"}]},{"@type":"WebSite","@id":"https:\/\/qingdaohf.com\/bg\/#website","url":"https:\/\/qingdaohf.com\/bg\/","name":"Concrete Form & Rigging Hardware Supplier","description":"","publisher":{"@id":"https:\/\/qingdaohf.com\/bg\/#organization"},"potentialAction":[{"@type":"SearchAction","target":{"@type":"EntryPoint","urlTemplate":"https:\/\/qingdaohf.com\/bg\/?s={search_term_string}"},"query-input":{"@type":"PropertyValueSpecification","valueRequired":true,"valueName":"search_term_string"}}],"inLanguage":"hu"},{"@type":"Organization","@id":"https:\/\/qingdaohf.com\/bg\/#organization","name":"Qingdao H&F","url":"https:\/\/qingdaohf.com\/bg\/","logo":{"@type":"ImageObject","inLanguage":"hu","@id":"https:\/\/qingdaohf.com\/bg\/#\/schema\/logo\/image\/","url":"https:\/\/qingdaohf.com\/wp-content\/uploads\/2022\/12\/cropped-HF-LOGO.png","contentUrl":"https:\/\/qingdaohf.com\/wp-content\/uploads\/2022\/12\/cropped-HF-LOGO.png","width":391,"height":249,"caption":"Qingdao H&F"},"image":{"@id":"https:\/\/qingdaohf.com\/bg\/#\/schema\/logo\/image\/"},"sameAs":["https:\/\/www.facebook.com\/qingdaohf"]}]}},"_links":{"self":[{"href":"https:\/\/qingdaohf.com\/hu\/wp-json\/wp\/v2\/product\/8601","targetHints":{"allow":["GET"]}}],"collection":[{"href":"https:\/\/qingdaohf.com\/hu\/wp-json\/wp\/v2\/product"}],"about":[{"href":"https:\/\/qingdaohf.com\/hu\/wp-json\/wp\/v2\/types\/product"}],"replies":[{"embeddable":true,"href":"https:\/\/qingdaohf.com\/hu\/wp-json\/wp\/v2\/comments?post=8601"}],"version-history":[{"count":1,"href":"https:\/\/qingdaohf.com\/hu\/wp-json\/wp\/v2\/product\/8601\/revisions"}],"predecessor-version":[{"id":8602,"href":"https:\/\/qingdaohf.com\/hu\/wp-json\/wp\/v2\/product\/8601\/revisions\/8602"}],"wp:featuredmedia":[{"embeddable":true,"href":"https:\/\/qingdaohf.com\/hu\/wp-json\/wp\/v2\/media\/8599"}],"wp:attachment":[{"href":"https:\/\/qingdaohf.com\/hu\/wp-json\/wp\/v2\/media?parent=8601"}],"wp:term":[{"taxonomy":"product_brand","embeddable":true,"href":"https:\/\/qingdaohf.com\/hu\/wp-json\/wp\/v2\/product_brand?post=8601"},{"taxonomy":"product_cat","embeddable":true,"href":"https:\/\/qingdaohf.com\/hu\/wp-json\/wp\/v2\/product_cat?post=8601"},{"taxonomy":"product_tag","embeddable":true,"href":"https:\/\/qingdaohf.com\/hu\/wp-json\/wp\/v2\/product_tag?post=8601"}],"curies":[{"name":"wp","href":"https:\/\/api.w.org\/{rel}","templated":true}]}}