{"id":8612,"date":"2024-12-31T15:41:05","date_gmt":"2024-12-31T07:41:05","guid":{"rendered":"http:\/\/qingdaohf.com\/?post_type=product&#038;p=8612"},"modified":"2025-11-13T09:02:21","modified_gmt":"2025-11-13T01:02:21","slug":"super-plate-combi-nut","status":"publish","type":"product","link":"https:\/\/qingdaohf.com\/hu\/termek\/szuper-lemez-kombinalt-anya\/","title":{"rendered":"Super Plate Combi anya"},"content":{"rendered":"<h2 class=\"font-600 text-2xl font-bold\">Super Plate Combi anya: A t\u00f6k\u00e9letes t\u00e1rs a nyakkend\u0151 r\u00fadrendszerekben<\/h2>\n<p class=\"whitespace-pre-wrap break-words\">Megb\u00edzhat\u00f3 megold\u00e1st keres betonzsaluzat\u00e1hoz? A Super Plate Combi Nut a modern k\u00f6t\u0151r\u00fadrendszerek kulcsfontoss\u00e1g\u00fa alkatr\u00e9szek\u00e9nt szerzett h\u00edrnevet. K\u00f6t\u0151rudakkal \u00e9s v\u00edzz\u00e1r\u00f3kkal p\u00e1ros\u00edtva biztos\u00edtja azt a stabilit\u00e1st \u00e9s szil\u00e1rds\u00e1got, amelyet az ig\u00e9nyes \u00e9p\u00edt\u00e9si projektek megk\u00f6vetelnek. A szigor\u00fa szabv\u00e1nyok szerint gy\u00e1rtott, alapvet\u0151 fontoss\u00e1g\u00fa hardverelem seg\u00edt a kivitelez\u0151knek a sz\u00fcks\u00e9ges szerkezeti integrit\u00e1s el\u00e9r\u00e9s\u00e9ben.<\/p>\n<p class=\"whitespace-pre-wrap break-words\">A Qingdao H&amp;F ezeket a kiv\u00e1l\u00f3 min\u0151s\u00e9g\u0171 \u00e9p\u00edt\u0151ipari alkatr\u00e9szeket sz\u00e1ll\u00edtja az \u00e9p\u00edtkez\u0151knek vil\u00e1gszerte. A nemzetk\u00f6zi szabv\u00e1nyoknak val\u00f3 megfelel\u00e9sen t\u00falmen\u0151en gyors sz\u00e1ll\u00edt\u00e1ssal, szem\u00e9lyre szabott t\u00e1mogat\u00e1ssal \u00e9s r\u00e9szletes min\u0151s\u00e9gi jelent\u00e9sekkel t\u0171nnek ki minden megrendel\u00e9shez. A Super Plate Combi any\u00e1juk az \u00e9p\u00edtkez\u0151k sz\u00e1m\u00e1ra biztos\u00edtja a sz\u00fcks\u00e9ges \u00f6nbizalmat a kih\u00edv\u00e1st jelent\u0151 projektek megold\u00e1s\u00e1hoz.<\/p>\n<h2 class=\"font-600 text-2xl font-bold\">A k\u00f6t\u0151r\u00fadrendszerek szerepe a betonzsaluzatban<\/h2>\n<p class=\"whitespace-pre-wrap break-words\">B\u00e1rki, aki dolgozott m\u00e1r betonnal, tudja, hogy a zsaluzat stabilit\u00e1sa kulcsfontoss\u00e1g\u00fa. Itt j\u00f6nnek a k\u00e9pbe a k\u00f6t\u0151r\u00fadrendszerek - ezek a meg nem \u00e9nekelt h\u0151s\u00f6k, akik a betonoz\u00e1s sor\u00e1n mindent egy vonalban \u00e9s biztons\u00e1gban tartanak. K\u00e9pzelje el a h\u00e1rom kulcsszerepl\u0151 egy\u00fcttes m\u0171k\u00f6d\u00e9s\u00e9t: a k\u00f6t\u0151r\u00fad, a v\u00edzz\u00e1r\u00f3 \u00e9s a Super Plate Combi Nut. Mindegyiknek megvan a maga szerepe az \u00e9p\u00edt\u00e9si siker sziklaszil\u00e1rd alapj\u00e1nak megteremt\u00e9s\u00e9ben.<\/p>\n<p class=\"whitespace-pre-wrap break-words\">Gondoljon \u00fagy a nyakr\u00fadra, mint a rendszer gerinc\u00e9re. Ez tartja \u00f6ssze \u00e9s tartja a zsalupaneleket, \u00e9s k\u00fczd a nedves beton hatalmas nyom\u00e1sa ellen, amely egy\u00e9bk\u00e9nt mindent kil\u00f6kne a hely\u00e9r\u0151l. Ek\u00f6zben a v\u00edzelz\u00e1r\u00f3 \u00fagy m\u0171k\u00f6dik, mint egy \u0151rz\u0151, amely strat\u00e9giailag a k\u00f6t\u0151r\u00fad ment\u00e9n helyezkedik el, hogy megakad\u00e1lyozza a v\u00edz \u00e1tjut\u00e1s\u00e1t az \u00e9p\u00edt\u00e9si h\u00e9zagokon. Ez a v\u00edzz\u00e1r\u00f3 hat\u00e1s d\u00f6nt\u0151 fontoss\u00e1g\u00fa a szerkezet hossz\u00fa t\u00e1v\u00fa eg\u00e9szs\u00e9g\u00e9nek meg\u0151rz\u00e9se szempontj\u00e1b\u00f3l.<\/p>\n<p class=\"whitespace-pre-wrap break-words\">Az eg\u00e9szet a Super Plate Combi Nut foglalja \u00f6ssze. Az anya \u00e9s a sz\u00e9les lemez kombin\u00e1l\u00e1s\u00e1val egy intelligens kialak\u00edt\u00e1sban mindent r\u00f6gz\u00edt, mik\u00f6zben egyenletesen elosztja a nyom\u00e1st. Amikor ez a h\u00e1rom komponens \u00f6sszhangban m\u0171k\u00f6dik, olyan zsalurendszert hoz l\u00e9tre, amely m\u00e9g er\u0151s nyom\u00e1s alatt is a hely\u00e9n marad.<\/p>\n<h2 class=\"font-600 text-2xl font-bold\">Mi\u00e9rt kiemelkedik a Super Plate Combi Nut a nyakkend\u0151 r\u00fadrendszerekben?<\/h2>\n<p class=\"whitespace-pre-wrap break-words\">Mit\u0151l emelkedik ki a Super Plate Combi Nut? Az anyagokkal kezd\u0151dik. A pr\u00e9mium min\u0151s\u00e9g\u0171 ac\u00e9lb\u00f3l k\u00e9sz\u00fclt, \u00edgy olyan \u00fct\u00e9seket is elvisel, amelyek a gyeng\u00e9bb hardverekn\u00e9l eldeform\u00e1l\u00f3dn\u00e1nak. Ez a sz\u00edv\u00f3ss\u00e1g akkor sz\u00e1m\u00edt, amikor a betonoz\u00e1s sor\u00e1n fell\u00e9p\u0151 hatalmas er\u0151kkel kell megk\u00fczdenie.<\/p>\n<p class=\"whitespace-pre-wrap break-words\">Az integr\u00e1lt t\u00e1ny\u00e9r kialak\u00edt\u00e1sa k\u00fcl\u00f6n\u00f6sen okos. Az\u00e1ltal, hogy a terhel\u00e9st nagyobb fel\u00fcleten osztja el, megakad\u00e1lyozza, hogy a fesz\u00fclts\u00e9g egy ponton koncentr\u00e1l\u00f3djon - ez egy gyakori probl\u00e9ma, amely k\u00e1ros\u00edthatja a zsaluzatot. Ez a tervez\u00e9si v\u00e1laszt\u00e1s nemcsak az anyagokat v\u00e9di, hanem azt is jelenti, hogy gyakrabban haszn\u00e1lhatja \u00fajra az alkatr\u00e9szeket, \u00edgy id\u0151vel p\u00e9nzt takar\u00edthat meg.<\/p>\n<p class=\"whitespace-pre-wrap break-words\">A v\u00e1llalkoz\u00f3k nagyra \u00e9rt\u00e9kelik, hogy a Super Plate Combi Nut milyen k\u00f6nnyen illeszkedik a megl\u00e9v\u0151 berendez\u00e9seikhez. A szabv\u00e1nyos k\u00f6t\u0151r\u00fadm\u00e9retekkel \u00e9s v\u00edzmeg\u00e1ll\u00f3kkal m\u0171k\u00f6dik, \u00edgy nem kell speci\u00e1lis szersz\u00e1mokra vagy adapterekre vad\u00e1szni. R\u00e1ad\u00e1sul korr\u00f3zi\u00f3\u00e1ll\u00f3 bevonat\u00e1nak k\u00f6sz\u00f6nhet\u0151en akkor is teljes\u00edt, amikor az id\u0151j\u00e1r\u00e1s \u00e9s a munkak\u00f6r\u00fclm\u00e9nyek rosszra fordulnak.<\/p>\n<h2 class=\"font-600 text-2xl font-bold\">A Qingdao H&amp;F \u00e1ltal t\u00e1mogatott teljes megold\u00e1s<\/h2>\n<p class=\"whitespace-pre-wrap break-words\">A megfelel\u0151 besz\u00e1ll\u00edt\u00f3 megtal\u00e1l\u00e1sa legal\u00e1bb annyira fontos, mint a megfelel\u0151 szersz\u00e1mok kiv\u00e1laszt\u00e1sa. Ez az a ter\u00fclet, ahol a Qingdao H&amp;F ragyog. K\u00e9t \u00e9vtizedes nemzetk\u00f6zi kereskedelmi tapasztalatukkal megtanult\u00e1k, mire van sz\u00fcks\u00e9ge a v\u00e1llalkoz\u00f3knak a sikerhez.<\/p>\n<p class=\"whitespace-pre-wrap break-words\">A teljes csomagot k\u00edn\u00e1lj\u00e1k - \u00f6sszek\u00f6t\u0151 rudak, v\u00edzmeg\u00e1ll\u00f3k \u00e9s Super Plate Combi any\u00e1k, amelyek z\u00f6kken\u0151mentesen m\u0171k\u00f6dnek egy\u00fctt. Gyors sz\u00e1ll\u00edt\u00e1suknak k\u00f6sz\u00f6nhet\u0151en a projektek haladnak, m\u00edg a r\u00e9szletes min\u0151s\u00e9gi jelent\u00e9sek biztos\u00edtj\u00e1k, hogy minden alkatr\u00e9sz az \u00edg\u00e9reteknek megfelel\u0151en teljes\u00edt.<\/p>\n<p class=\"whitespace-pre-wrap break-words\">Ami megk\u00fcl\u00f6nb\u00f6zteti \u0151ket, az az \u00fcgyf\u00e9lszolg\u00e1lat gyakorlatias megk\u00f6zel\u00edt\u00e9se. Ak\u00e1r m\u0171szaki tan\u00e1csad\u00e1sra, ak\u00e1r logisztikai seg\u00edts\u00e9gre van sz\u00fcks\u00e9ge, csapatuk az \u00d6n konkr\u00e9t kih\u00edv\u00e1saira szabott gyakorlati megold\u00e1sokkal \u00e1ll el\u0151.<\/p>\n<p>K\u00f6vetkeztet\u00e9s: Er\u0151 \u00e9s pontoss\u00e1g minden projekthez<\/p>\n<p class=\"whitespace-pre-wrap break-words\">A Super Plate Combi Nut nap mint nap bizony\u00edtja \u00e9rt\u00e9k\u00e9t a munkater\u00fcleteken. Min\u0151s\u00e9gi k\u00f6t\u0151rudakkal \u00e9s v\u00edzz\u00e1r\u00f3kkal kombin\u00e1lva a sikeres betonoz\u00e1shoz sz\u00fcks\u00e9ges megb\u00edzhat\u00f3 teljes\u00edtm\u00e9nyt ny\u00fajt a v\u00e1llalkoz\u00f3knak.<\/p>","protected":false},"excerpt":{"rendered":"<p>A <strong>Super Plate Combi anya<\/strong> egy sokoldal\u00fa, nagy szil\u00e1rds\u00e1g\u00fa kieg\u00e9sz\u00edt\u0151, amelyet betonoz\u00e1si alkalmaz\u00e1sokhoz terveztek, \u00e9s p\u00e1ratlan tart\u00f3ss\u00e1got \u00e9s megb\u00edzhat\u00f3s\u00e1got k\u00edn\u00e1l. Ig\u00e9nyes \u00e9p\u00edt\u00e9si projektekhez k\u00e9sz\u00fclt, \u00e9s olyan kulcsfontoss\u00e1g\u00fa v\u00e1s\u00e1rl\u00f3i szempontokat vesz figyelembe, mint a nagy terhel\u00e9s alatti teljes\u00edtm\u00e9ny, a kop\u00e1s\u00e1ll\u00f3s\u00e1g \u00e9s a szabv\u00e1nyos k\u00f6t\u0151rendszerekkel val\u00f3 kompatibilit\u00e1s. A Qingdao H&amp;F kiv\u00e1l\u00f3s\u00e1g ir\u00e1nti elk\u00f6telezetts\u00e9ge mellett ezt a term\u00e9ket egy az egyben \u00fcgyf\u00e9lszolg\u00e1lat, gyors sz\u00e1ll\u00edt\u00e1si ciklusok \u00e9s r\u00e9szletes min\u0151s\u00e9gellen\u0151rz\u00e9si jelent\u00e9sek eg\u00e9sz\u00edtik ki. Ak\u00e1r gyors \u00e1tfut\u00e1si id\u0151t, ak\u00e1r egyedi specifik\u00e1ci\u00f3kat ig\u00e9nyel a projektje, a Qingdao H&amp;F biztos\u00edtja, hogy akkor kapja meg a sz\u00fcks\u00e9ges eszk\u00f6z\u00f6ket, amikor sz\u00fcks\u00e9ge van r\u00e1juk.<\/p>","protected":false},"featured_media":8611,"comment_status":"open","ping_status":"closed","template":"","meta":{"site-sidebar-layout":"default","site-content-layout":"","ast-site-content-layout":"default","site-content-style":"default","site-sidebar-style":"default","ast-global-header-display":"","ast-banner-title-visibility":"","ast-main-header-display":"","ast-hfb-above-header-display":"","ast-hfb-below-header-display":"","ast-hfb-mobile-header-display":"","site-post-title":"","ast-breadcrumbs-content":"","ast-featured-img":"","footer-sml-layout":"","theme-transparent-header-meta":"default","adv-header-id-meta":"","stick-header-meta":"default","header-above-stick-meta":"","header-main-stick-meta":"","header-below-stick-meta":"","astra-migrate-meta-layouts":"set","ast-page-background-enabled":"default","ast-page-background-meta":{"desktop":{"background-color":"","background-image":"","background-repeat":"repeat","background-position":"center center","background-size":"auto","background-attachment":"scroll","background-type":"","background-media":"","overlay-type":"","overlay-color":"","overlay-opacity":"","overlay-gradient":""},"tablet":{"background-color":"","background-image":"","background-repeat":"repeat","background-position":"center center","background-size":"auto","background-attachment":"scroll","background-type":"","background-media":"","overlay-type":"","overlay-color":"","overlay-opacity":"","overlay-gradient":""},"mobile":{"background-color":"","background-image":"","background-repeat":"repeat","background-position":"center center","background-size":"auto","background-attachment":"scroll","background-type":"","background-media":"","overlay-type":"","overlay-color":"","overlay-opacity":"","overlay-gradient":""}},"ast-content-background-meta":{"desktop":{"background-color":"var(--ast-global-color-5)","background-image":"","background-repeat":"repeat","background-position":"center center","background-size":"auto","background-attachment":"scroll","background-type":"","background-media":"","overlay-type":"","overlay-color":"","overlay-opacity":"","overlay-gradient":""},"tablet":{"background-color":"var(--ast-global-color-5)","background-image":"","background-repeat":"repeat","background-position":"center center","background-size":"auto","background-attachment":"scroll","background-type":"","background-media":"","overlay-type":"","overlay-color":"","overlay-opacity":"","overlay-gradient":""},"mobile":{"background-color":"var(--ast-global-color-5)","background-image":"","background-repeat":"repeat","background-position":"center center","background-size":"auto","background-attachment":"scroll","background-type":"","background-media":"","overlay-type":"","overlay-color":"","overlay-opacity":"","overlay-gradient":""}}},"product_brand":[],"product_cat":[79],"product_tag":[],"class_list":{"0":"post-8612","1":"product","2":"type-product","3":"status-publish","4":"has-post-thumbnail","6":"product_cat-tie-rod-system","7":"desktop-align-left","8":"tablet-align-left","9":"mobile-align-left","10":"ast-product-gallery-layout-horizontal-slider","11":"ast-product-gallery-with-no-image","12":"ast-product-tabs-layout-horizontal","14":"first","15":"instock","16":"shipping-taxable","17":"purchasable","18":"product-type-simple"},"yoast_head":"<!-- This site is optimized with the Yoast SEO plugin v25.2 - https:\/\/yoast.com\/wordpress\/plugins\/seo\/ -->\n<title>Super Plate Combi Nut<\/title>\n<meta name=\"description\" content=\"The Super Plate Combi Nut is a versatile, high-strength accessory designed for concrete forming applications, offering unparalleled durability and reliability.\" \/>\n<meta name=\"robots\" content=\"index, follow, max-snippet:-1, max-image-preview:large, max-video-preview:-1\" \/>\n<link rel=\"canonical\" href=\"https:\/\/qingdaohf.com\/hu\/termek\/szuper-lemez-kombinalt-anya\/\" \/>\n<meta property=\"og:locale\" content=\"hu_HU\" \/>\n<meta property=\"og:type\" content=\"article\" \/>\n<meta property=\"og:title\" content=\"Super Plate Combi Nut\" \/>\n<meta property=\"og:description\" content=\"The Super Plate Combi Nut is a versatile, high-strength accessory designed for concrete forming applications, offering unparalleled durability and reliability.\" \/>\n<meta property=\"og:url\" content=\"https:\/\/qingdaohf.com\/hu\/termek\/szuper-lemez-kombinalt-anya\/\" \/>\n<meta property=\"og:site_name\" content=\"Concrete Form &amp; Rigging Hardware Supplier\" \/>\n<meta property=\"article:publisher\" content=\"https:\/\/www.facebook.com\/qingdaohf\" \/>\n<meta property=\"article:modified_time\" content=\"2025-11-13T01:02:21+00:00\" \/>\n<meta property=\"og:image\" content=\"https:\/\/qingdaohf.com\/wp-content\/uploads\/2024\/12\/Super-Plate-Combi-Nut.jpg\" \/>\n\t<meta property=\"og:image:width\" content=\"1000\" \/>\n\t<meta property=\"og:image:height\" content=\"1000\" \/>\n\t<meta property=\"og:image:type\" content=\"image\/jpeg\" \/>\n<meta name=\"twitter:card\" content=\"summary_large_image\" \/>\n<meta name=\"twitter:label1\" content=\"Becs\u00fclt olvas\u00e1si id\u0151\" \/>\n\t<meta name=\"twitter:data1\" content=\"3 perc\" \/>\n<script type=\"application\/ld+json\" class=\"yoast-schema-graph\">{\"@context\":\"https:\/\/schema.org\",\"@graph\":[{\"@type\":\"WebPage\",\"@id\":\"https:\/\/qingdaohf.com\/product\/super-plate-combi-nut\/\",\"url\":\"https:\/\/qingdaohf.com\/product\/super-plate-combi-nut\/\",\"name\":\"Super Plate Combi Nut\",\"isPartOf\":{\"@id\":\"https:\/\/qingdaohf.com\/bg\/#website\"},\"primaryImageOfPage\":{\"@id\":\"https:\/\/qingdaohf.com\/product\/super-plate-combi-nut\/#primaryimage\"},\"image\":{\"@id\":\"https:\/\/qingdaohf.com\/product\/super-plate-combi-nut\/#primaryimage\"},\"thumbnailUrl\":\"https:\/\/qingdaohf.com\/wp-content\/uploads\/2024\/12\/Super-Plate-Combi-Nut.jpg\",\"datePublished\":\"2024-12-31T07:41:05+00:00\",\"dateModified\":\"2025-11-13T01:02:21+00:00\",\"description\":\"The Super Plate Combi Nut is a versatile, high-strength accessory designed for concrete forming applications, offering unparalleled durability and reliability.\",\"breadcrumb\":{\"@id\":\"https:\/\/qingdaohf.com\/product\/super-plate-combi-nut\/#breadcrumb\"},\"inLanguage\":\"hu\",\"potentialAction\":[{\"@type\":\"ReadAction\",\"target\":[\"https:\/\/qingdaohf.com\/product\/super-plate-combi-nut\/\"]}]},{\"@type\":\"ImageObject\",\"inLanguage\":\"hu\",\"@id\":\"https:\/\/qingdaohf.com\/product\/super-plate-combi-nut\/#primaryimage\",\"url\":\"https:\/\/qingdaohf.com\/wp-content\/uploads\/2024\/12\/Super-Plate-Combi-Nut.jpg\",\"contentUrl\":\"https:\/\/qingdaohf.com\/wp-content\/uploads\/2024\/12\/Super-Plate-Combi-Nut.jpg\",\"width\":1000,\"height\":1000,\"caption\":\"Super Plate Combi Nut\"},{\"@type\":\"BreadcrumbList\",\"@id\":\"https:\/\/qingdaohf.com\/product\/super-plate-combi-nut\/#breadcrumb\",\"itemListElement\":[{\"@type\":\"ListItem\",\"position\":1,\"name\":\"Home\",\"item\":\"https:\/\/qingdaohf.com\/\"},{\"@type\":\"ListItem\",\"position\":2,\"name\":\"Concrete Forming Accessories and Rigging Hardware\",\"item\":\"https:\/\/qingdaohf.com\/bg\/?page_id=944\"},{\"@type\":\"ListItem\",\"position\":3,\"name\":\"Super Plate Combi Nut\"}]},{\"@type\":\"WebSite\",\"@id\":\"https:\/\/qingdaohf.com\/bg\/#website\",\"url\":\"https:\/\/qingdaohf.com\/bg\/\",\"name\":\"Concrete Form & Rigging Hardware Supplier\",\"description\":\"\",\"publisher\":{\"@id\":\"https:\/\/qingdaohf.com\/bg\/#organization\"},\"potentialAction\":[{\"@type\":\"SearchAction\",\"target\":{\"@type\":\"EntryPoint\",\"urlTemplate\":\"https:\/\/qingdaohf.com\/bg\/?s={search_term_string}\"},\"query-input\":{\"@type\":\"PropertyValueSpecification\",\"valueRequired\":true,\"valueName\":\"search_term_string\"}}],\"inLanguage\":\"hu\"},{\"@type\":\"Organization\",\"@id\":\"https:\/\/qingdaohf.com\/bg\/#organization\",\"name\":\"Qingdao H&F\",\"url\":\"https:\/\/qingdaohf.com\/bg\/\",\"logo\":{\"@type\":\"ImageObject\",\"inLanguage\":\"hu\",\"@id\":\"https:\/\/qingdaohf.com\/bg\/#\/schema\/logo\/image\/\",\"url\":\"https:\/\/qingdaohf.com\/wp-content\/uploads\/2022\/12\/cropped-HF-LOGO.png\",\"contentUrl\":\"https:\/\/qingdaohf.com\/wp-content\/uploads\/2022\/12\/cropped-HF-LOGO.png\",\"width\":391,\"height\":249,\"caption\":\"Qingdao H&F\"},\"image\":{\"@id\":\"https:\/\/qingdaohf.com\/bg\/#\/schema\/logo\/image\/\"},\"sameAs\":[\"https:\/\/www.facebook.com\/qingdaohf\"]}]}<\/script>\n<!-- \/ Yoast SEO plugin. -->","yoast_head_json":{"title":"Super Plate Combi Nut","description":"The Super Plate Combi Nut is a versatile, high-strength accessory designed for concrete forming applications, offering unparalleled durability and reliability.","robots":{"index":"index","follow":"follow","max-snippet":"max-snippet:-1","max-image-preview":"max-image-preview:large","max-video-preview":"max-video-preview:-1"},"canonical":"https:\/\/qingdaohf.com\/hu\/termek\/szuper-lemez-kombinalt-anya\/","og_locale":"hu_HU","og_type":"article","og_title":"Super Plate Combi Nut","og_description":"The Super Plate Combi Nut is a versatile, high-strength accessory designed for concrete forming applications, offering unparalleled durability and reliability.","og_url":"https:\/\/qingdaohf.com\/hu\/termek\/szuper-lemez-kombinalt-anya\/","og_site_name":"Concrete Form &amp; Rigging Hardware Supplier","article_publisher":"https:\/\/www.facebook.com\/qingdaohf","article_modified_time":"2025-11-13T01:02:21+00:00","og_image":[{"width":1000,"height":1000,"url":"https:\/\/qingdaohf.com\/wp-content\/uploads\/2024\/12\/Super-Plate-Combi-Nut.jpg","type":"image\/jpeg"}],"twitter_card":"summary_large_image","twitter_misc":{"Becs\u00fclt olvas\u00e1si id\u0151":"3 perc"},"schema":{"@context":"https:\/\/schema.org","@graph":[{"@type":"WebPage","@id":"https:\/\/qingdaohf.com\/product\/super-plate-combi-nut\/","url":"https:\/\/qingdaohf.com\/product\/super-plate-combi-nut\/","name":"Super Plate Combi Nut","isPartOf":{"@id":"https:\/\/qingdaohf.com\/bg\/#website"},"primaryImageOfPage":{"@id":"https:\/\/qingdaohf.com\/product\/super-plate-combi-nut\/#primaryimage"},"image":{"@id":"https:\/\/qingdaohf.com\/product\/super-plate-combi-nut\/#primaryimage"},"thumbnailUrl":"https:\/\/qingdaohf.com\/wp-content\/uploads\/2024\/12\/Super-Plate-Combi-Nut.jpg","datePublished":"2024-12-31T07:41:05+00:00","dateModified":"2025-11-13T01:02:21+00:00","description":"The Super Plate Combi Nut is a versatile, high-strength accessory designed for concrete forming applications, offering unparalleled durability and reliability.","breadcrumb":{"@id":"https:\/\/qingdaohf.com\/product\/super-plate-combi-nut\/#breadcrumb"},"inLanguage":"hu","potentialAction":[{"@type":"ReadAction","target":["https:\/\/qingdaohf.com\/product\/super-plate-combi-nut\/"]}]},{"@type":"ImageObject","inLanguage":"hu","@id":"https:\/\/qingdaohf.com\/product\/super-plate-combi-nut\/#primaryimage","url":"https:\/\/qingdaohf.com\/wp-content\/uploads\/2024\/12\/Super-Plate-Combi-Nut.jpg","contentUrl":"https:\/\/qingdaohf.com\/wp-content\/uploads\/2024\/12\/Super-Plate-Combi-Nut.jpg","width":1000,"height":1000,"caption":"Super Plate Combi Nut"},{"@type":"BreadcrumbList","@id":"https:\/\/qingdaohf.com\/product\/super-plate-combi-nut\/#breadcrumb","itemListElement":[{"@type":"ListItem","position":1,"name":"Home","item":"https:\/\/qingdaohf.com\/"},{"@type":"ListItem","position":2,"name":"Concrete Forming Accessories and Rigging Hardware","item":"https:\/\/qingdaohf.com\/bg\/?page_id=944"},{"@type":"ListItem","position":3,"name":"Super Plate Combi Nut"}]},{"@type":"WebSite","@id":"https:\/\/qingdaohf.com\/bg\/#website","url":"https:\/\/qingdaohf.com\/bg\/","name":"Concrete Form & Rigging Hardware Supplier","description":"","publisher":{"@id":"https:\/\/qingdaohf.com\/bg\/#organization"},"potentialAction":[{"@type":"SearchAction","target":{"@type":"EntryPoint","urlTemplate":"https:\/\/qingdaohf.com\/bg\/?s={search_term_string}"},"query-input":{"@type":"PropertyValueSpecification","valueRequired":true,"valueName":"search_term_string"}}],"inLanguage":"hu"},{"@type":"Organization","@id":"https:\/\/qingdaohf.com\/bg\/#organization","name":"Qingdao H&F","url":"https:\/\/qingdaohf.com\/bg\/","logo":{"@type":"ImageObject","inLanguage":"hu","@id":"https:\/\/qingdaohf.com\/bg\/#\/schema\/logo\/image\/","url":"https:\/\/qingdaohf.com\/wp-content\/uploads\/2022\/12\/cropped-HF-LOGO.png","contentUrl":"https:\/\/qingdaohf.com\/wp-content\/uploads\/2022\/12\/cropped-HF-LOGO.png","width":391,"height":249,"caption":"Qingdao H&F"},"image":{"@id":"https:\/\/qingdaohf.com\/bg\/#\/schema\/logo\/image\/"},"sameAs":["https:\/\/www.facebook.com\/qingdaohf"]}]}},"_links":{"self":[{"href":"https:\/\/qingdaohf.com\/hu\/wp-json\/wp\/v2\/product\/8612","targetHints":{"allow":["GET"]}}],"collection":[{"href":"https:\/\/qingdaohf.com\/hu\/wp-json\/wp\/v2\/product"}],"about":[{"href":"https:\/\/qingdaohf.com\/hu\/wp-json\/wp\/v2\/types\/product"}],"replies":[{"embeddable":true,"href":"https:\/\/qingdaohf.com\/hu\/wp-json\/wp\/v2\/comments?post=8612"}],"version-history":[{"count":1,"href":"https:\/\/qingdaohf.com\/hu\/wp-json\/wp\/v2\/product\/8612\/revisions"}],"predecessor-version":[{"id":8613,"href":"https:\/\/qingdaohf.com\/hu\/wp-json\/wp\/v2\/product\/8612\/revisions\/8613"}],"wp:featuredmedia":[{"embeddable":true,"href":"https:\/\/qingdaohf.com\/hu\/wp-json\/wp\/v2\/media\/8611"}],"wp:attachment":[{"href":"https:\/\/qingdaohf.com\/hu\/wp-json\/wp\/v2\/media?parent=8612"}],"wp:term":[{"taxonomy":"product_brand","embeddable":true,"href":"https:\/\/qingdaohf.com\/hu\/wp-json\/wp\/v2\/product_brand?post=8612"},{"taxonomy":"product_cat","embeddable":true,"href":"https:\/\/qingdaohf.com\/hu\/wp-json\/wp\/v2\/product_cat?post=8612"},{"taxonomy":"product_tag","embeddable":true,"href":"https:\/\/qingdaohf.com\/hu\/wp-json\/wp\/v2\/product_tag?post=8612"}],"curies":[{"name":"wp","href":"https:\/\/api.w.org\/{rel}","templated":true}]}}