{"id":8624,"date":"2025-01-02T15:50:36","date_gmt":"2025-01-02T07:50:36","guid":{"rendered":"http:\/\/qingdaohf.com\/?post_type=product&#038;p=8624"},"modified":"2025-11-13T09:02:21","modified_gmt":"2025-11-13T01:02:21","slug":"steel-tie-rod-cone","status":"publish","type":"product","link":"https:\/\/qingdaohf.com\/hu\/termek\/acel-kotorud-kup\/","title":{"rendered":"Ac\u00e9l nyakkend\u0151 r\u00fad k\u00fap"},"content":{"rendered":"<h2 class=\"whitespace-pre-wrap break-words\">Az ac\u00e9l k\u00f6t\u0151r\u00fad k\u00fapj\u00e1nak \u00e9s az \u00e9p\u00edt\u0151iparban bet\u00f6lt\u00f6tt szerep\u00e9nek meg\u00e9rt\u00e9se<\/h2>\n<p class=\"whitespace-pre-wrap break-words\">Az ac\u00e9l k\u00f6t\u0151r\u00fadk\u00fapok l\u00e9tfontoss\u00e1g\u00fa szerepet j\u00e1tszanak a modern \u00e9p\u00edt\u0151iparban, k\u00fcl\u00f6n\u00f6sen a zsaluz\u00e1s \u00f6sszeszerel\u00e9s\u00e9ben. Ezek az egyszer\u0171, m\u00e9gis l\u00e9tfontoss\u00e1g\u00fa alkatr\u00e9szek a k\u00f6t\u0151r\u00fadv\u00e9geket z\u00e1rj\u00e1k le, \u00e9s alapvet\u0151 kapcsol\u00f3d\u00e1si pontot k\u00e9peznek a zsaluzat \u00e9s a betonszerkezetek k\u00f6z\u00f6tt. A puszta \u00f6sszek\u00f6t\u0151 elemeken t\u00fal v\u00edzz\u00e1r\u00f3 elemk\u00e9nt is szolg\u00e1lnak, \u00e9s pontos t\u00e1vols\u00e1got biztos\u00edtanak, seg\u00edtve az \u00e9p\u00edt\u0151csapatokat a szigor\u00fa szabv\u00e1nyok betart\u00e1s\u00e1ban an\u00e9lk\u00fcl, hogy az \u00e9p\u00edtkez\u00e9s min\u0151s\u00e9ge vagy sebess\u00e9ge cs\u00f6kkenne.<\/p>\n<p class=\"whitespace-pre-wrap break-words\">A betonoz\u00e1s sor\u00e1n a k\u00f6t\u0151r\u00fadk\u00fapok megakad\u00e1lyozz\u00e1k a k\u00f6t\u0151rudak \u00e9s a nedves beton k\u00f6zvetlen \u00e9rintkez\u00e9s\u00e9t, ami v\u00e9di a zsaluzat szerkezeti szil\u00e1rds\u00e1g\u00e1t. Kialak\u00edt\u00e1suk a beton megszil\u00e1rdul\u00e1sa ut\u00e1n a zsaluzat elt\u00e1vol\u00edt\u00e1s\u00e1t is megk\u00f6nny\u00edti, ami a hidakt\u00f3l a felh\u0151karcol\u00f3kig \u00e9s az ipari \u00e9p\u00fcletekig mindenhol haszn\u00e1lt ideiglenes rendszerekn\u00e9l alapvet\u0151 fontoss\u00e1g\u00fa.<\/p>\n<h2 class=\"font-600 text-xl font-bold\">A nyakkend\u0151 r\u00fadrendszer: H\u00e1l\u00f3zat: Egy egy\u00fcttm\u0171k\u00f6d\u0151 h\u00e1l\u00f3zat<\/h2>\n<p class=\"whitespace-pre-wrap break-words\">A k\u00f6t\u0151r\u00fad-k\u00fapok nem \u00f6nmagukban m\u0171k\u00f6dnek - egy integr\u00e1lt rendszer r\u00e9szei, amely mag\u00e1ban foglalja a v\u00edzmeg\u00e1ll\u00f3kat, a k\u00f6t\u0151rudakat, a szuperlemezes kombi any\u00e1kat \u00e9s a lemez al\u00e1t\u00e9teket. Ezek az alkatr\u00e9szek \u00fagy m\u0171k\u00f6dnek egy\u00fctt, mint egy j\u00f3l olajozott g\u00e9pezet, hogy megbirk\u00f3zzanak az \u00e9p\u00edt\u0151ipari munk\u00e1k intenz\u00edv nyom\u00e1s\u00e1val.<\/p>\n<p class=\"whitespace-pre-wrap break-words\">Mindennek a k\u00f6z\u00e9ppontj\u00e1ban a k\u00f6t\u0151r\u00fad \u00e1ll, amely biztos\u00edtja a nedves beton \u00f6nt\u00e9s \u00e9s kikem\u00e9nyed\u00e9s k\u00f6zbeni visszatart\u00e1s\u00e1hoz sz\u00fcks\u00e9ges h\u00faz\u00f3szil\u00e1rds\u00e1got. A v\u00edzz\u00e1r\u00f3elemek l\u00e9tfontoss\u00e1g\u00fa t\u00f6m\u00edt\u00e9seket hoznak l\u00e9tre a nedvess\u00e9ggel szemben - k\u00fcl\u00f6n\u00f6sen fontosak a f\u00f6ldalatti szerkezetekn\u00e9l vagy b\u00e1rmi m\u00e1sn\u00e1l, ahol a vizet meg kell tartani. Az ac\u00e9l k\u00f6t\u0151r\u00fad k\u00fapja fokozza ezt a rendszert, jav\u00edtva mind a szerkezet \u00e9lettartam\u00e1t, mind pedig a teljes\u00edtm\u00e9ny\u00e9t.<\/p>\n<p class=\"whitespace-pre-wrap break-words\">A szuperlemezes kombin\u00e1lt anya mindent szil\u00e1rdan r\u00f6gz\u00edt a hely\u00e9n, fenntartva az egyenletes fesz\u00fclts\u00e9get a rendszerben, \u00e9s megakad\u00e1lyozva a zsaluzat elmozdul\u00e1s\u00e1t. Ek\u00f6zben a k\u00f6t\u0151r\u00fadlemez al\u00e1t\u00e9tek egyenletesen osztj\u00e1k el a terhel\u00e9st a zsalu fel\u00fclet\u00e9n, kik\u00fcsz\u00f6b\u00f6lve a gyenge pontokat, amelyek a k\u00e9s\u0151bbiekben probl\u00e9m\u00e1khoz vezethetnek.<\/p>\n<h2 class=\"font-600 text-xl font-bold\">Az ac\u00e9l k\u00f6t\u0151r\u00fad k\u00fapok haszn\u00e1lat\u00e1nak el\u0151nyei a projektekben<\/h2>\n<p class=\"whitespace-pre-wrap break-words\">Az ac\u00e9l k\u00f6t\u0151r\u00fadk\u00fapok sz\u00e1mos kulcsfontoss\u00e1g\u00fa el\u0151nyt k\u00edn\u00e1lnak az \u00e9p\u00edtkez\u00e9seken. Prec\u00edzi\u00f3s t\u00e1vols\u00e1gtart\u00f3 k\u00e9pess\u00e9g\u00fck biztos\u00edtja, hogy a falvastags\u00e1g egyenletes maradjon, \u00e9s az \u00e9p\u00edt\u00e9szeti el\u0151\u00edr\u00e1sok pontosan teljes\u00fcljenek. T\u00f6k\u00e9letesen illeszkednek m\u00e1s k\u00f6t\u0151r\u00fadrendszer-elemekhez is, ami egyszer\u0171s\u00edti a telep\u00edt\u00e9st \u00e9s cs\u00f6kkenti a munkaer\u0151k\u00f6lts\u00e9geket.<\/p>\n<p class=\"whitespace-pre-wrap break-words\">Ezek a k\u00fapok tart\u00f3sak, kiv\u00e1l\u00f3 min\u0151s\u00e9g\u0171 ac\u00e9lb\u00f3l k\u00e9sz\u00fclnek, amely ellen\u00e1ll a nagy terhel\u00e9snek \u00e9s a zord id\u0151j\u00e1r\u00e1snak. Ez a tart\u00f3ss\u00e1g azt jelenti, hogy az \u00e9p\u00edt\u0151ipari csapatok t\u00f6bbsz\u00f6r is \u00fajra felhaszn\u00e1lhatj\u00e1k \u0151ket, \u00edgy p\u00e9nzt takar\u00edthatnak meg \u00e9s cs\u00f6kkenthetik a hullad\u00e9kot az \u00e9p\u00edt\u00e9si folyamat sor\u00e1n.<\/p>\n<p class=\"whitespace-pre-wrap break-words\">A Qingdao H&amp;F-n\u00e9l minden egyes k\u00fapot szigor\u00fa szil\u00e1rds\u00e1gi \u00e9s m\u00e9retpontoss\u00e1gi teszteknek vetnek al\u00e1. Minden sz\u00e1ll\u00edtm\u00e1nyhoz r\u00e9szletes min\u0151s\u00e9gellen\u0151rz\u00e9si jelent\u00e9st mell\u00e9kel\u00fcnk, \u00edgy \u00fcgyfeleink biztosak lehetnek abban, hogy az \u00e1ltaluk haszn\u00e1lt anyagok megfelelnek az \u00f6sszes biztons\u00e1gi \u00e9s szab\u00e1lyoz\u00e1si k\u00f6vetelm\u00e9nynek. Egy\u00e9ni \u00fcgyf\u00e9lszolg\u00e1latunk seg\u00edt a v\u00e1s\u00e1rl\u00f3knak abban, hogy pontosan a megfelel\u0151 k\u00f6t\u0151r\u00fadrendszer-megold\u00e1sokat tal\u00e1lj\u00e1k meg egyedi projektjeikhez.<\/p>\n<h2 class=\"font-600 text-xl font-bold\">Integr\u00e1ci\u00f3 \u00e9s teljes\u00edtm\u00e9ny: \u00d6sszehozni mindent<\/h2>\n<p class=\"whitespace-pre-wrap break-words\">Az, ahogyan ezek az alkatr\u00e9szek egy\u00fctt m\u0171k\u00f6dnek, j\u00f3l mutatja, hogy mennyire fontos a j\u00f3 tervez\u00e9s \u00e9s a min\u0151s\u00e9gi anyagok. Megfelel\u0151 be\u00e9p\u00edt\u00e9s eset\u00e9n a nyakkivezet\u0151 k\u00fapok, v\u00edzz\u00e1r\u00f3k, nyakkivezet\u0151 rudak, any\u00e1k \u00e9s al\u00e1t\u00e9tek teljes rendszere megb\u00edzhat\u00f3 alapot teremt az \u00e9p\u00edt\u00e9si munk\u00e1khoz.<\/p>\n<p class=\"whitespace-pre-wrap break-words\">Ha mindent megfelel\u0151en igaz\u00edtunk egym\u00e1shoz, a beton megszil\u00e1rdul\u00e1sa k\u00f6zben a zsaluzat stabil marad, ami megakad\u00e1lyozza a sziv\u00e1rg\u00e1sokat, a szerkezeti probl\u00e9m\u00e1kat \u00e9s a projekt k\u00e9sedelm\u00e9t. A rendszer modul\u00e1ris fel\u00e9p\u00edt\u00e9s\u00e9nek k\u00f6sz\u00f6nhet\u0151en el\u00e9g sokoldal\u00faan alkalmazhat\u00f3 mindenf\u00e9le projekthez, az egyszer\u0171 t\u00e1mfalakt\u00f3l a nagyobb infrastruktur\u00e1lis munk\u00e1kig.<\/p>\n<p class=\"whitespace-pre-wrap break-words\">A Qingdao H&amp;F v\u00e1laszt\u00e1sa azt jelenti, hogy kiv\u00e1l\u00f3 min\u0151s\u00e9g\u0171 term\u00e9keket \u00e9s a zsalurendszerek ter\u00e9n szerzett m\u00e9lyrehat\u00f3 szak\u00e9rtelmet kap. B\u00fcszk\u00e9k vagyunk a gyors sz\u00e1ll\u00edt\u00e1sra \u00e9s a szem\u00e9lyre szabott kiszolg\u00e1l\u00e1sra, \u00e9s t\u00e1mogatjuk projektjeit az elej\u00e9t\u0151l a v\u00e9g\u00e9ig. Ak\u00e1r egyetlen munk\u00e1hoz van sz\u00fcks\u00e9ge k\u00f6t\u0151r\u00fad-k\u00fapokra, ak\u00e1r megb\u00edzhat\u00f3, hossz\u00fa t\u00e1v\u00fa besz\u00e1ll\u00edt\u00f3t keres, mi kiv\u00e9teles \u00e9rt\u00e9ket \u00e9s megb\u00edzhat\u00f3s\u00e1got biztos\u00edtunk.<\/p>","protected":false},"excerpt":{"rendered":"<p data-pm-slice=\"1 1 []\">Az ac\u00e9l k\u00f6t\u0151r\u00fad-k\u00fapok kritikus szerepet j\u00e1tszanak a betonszerkezetek kialak\u00edt\u00e1s\u00e1ban, mivel biztos\u00edtj\u00e1k a pontos igaz\u00edt\u00e1st \u00e9s a tart\u00f3ss\u00e1got az \u00e9p\u00edt\u00e9s sor\u00e1n. A vev\u0151k gyakran a k\u00fcl\u00f6nb\u00f6z\u0151 k\u00f6t\u0151r\u00fadrendszerekkel val\u00f3 kompatibilit\u00e1st, a v\u00edz\u00e1ll\u00f3s\u00e1got \u00e9s a robusztus anyagszil\u00e1rds\u00e1got helyezik el\u0151t\u00e9rbe, amikor ezeket a term\u00e9keket \u00e9rt\u00e9kelik. A Qingdao H&amp;F-n\u00e9l ezeket az agg\u00e1lyokat egy-egy \u00fcgyf\u00e9lszolg\u00e1lati megk\u00f6zel\u00edt\u00e9ssel, gyors sz\u00e1ll\u00edt\u00e1si ciklusokkal \u00e9s \u00e1tfog\u00f3 min\u0151s\u00e9gellen\u0151rz\u00e9si jelent\u00e9sekkel kezelj\u00fck. K\u00fclkereskedelmi szak\u00e9rtelm\u00fcnkkel \u00e9s az \u00e9p\u00edt\u0151ipari ig\u00e9nyek m\u00e9ly meg\u00e9rt\u00e9s\u00e9vel olyan term\u00e9keket sz\u00e1ll\u00edtunk, amelyek meghaladj\u00e1k az elv\u00e1r\u00e1sokat.<\/p>","protected":false},"featured_media":8625,"comment_status":"open","ping_status":"closed","template":"","meta":{"site-sidebar-layout":"default","site-content-layout":"","ast-site-content-layout":"default","site-content-style":"default","site-sidebar-style":"default","ast-global-header-display":"","ast-banner-title-visibility":"","ast-main-header-display":"","ast-hfb-above-header-display":"","ast-hfb-below-header-display":"","ast-hfb-mobile-header-display":"","site-post-title":"","ast-breadcrumbs-content":"","ast-featured-img":"","footer-sml-layout":"","theme-transparent-header-meta":"default","adv-header-id-meta":"","stick-header-meta":"default","header-above-stick-meta":"","header-main-stick-meta":"","header-below-stick-meta":"","astra-migrate-meta-layouts":"set","ast-page-background-enabled":"default","ast-page-background-meta":{"desktop":{"background-color":"","background-image":"","background-repeat":"repeat","background-position":"center center","background-size":"auto","background-attachment":"scroll","background-type":"","background-media":"","overlay-type":"","overlay-color":"","overlay-opacity":"","overlay-gradient":""},"tablet":{"background-color":"","background-image":"","background-repeat":"repeat","background-position":"center center","background-size":"auto","background-attachment":"scroll","background-type":"","background-media":"","overlay-type":"","overlay-color":"","overlay-opacity":"","overlay-gradient":""},"mobile":{"background-color":"","background-image":"","background-repeat":"repeat","background-position":"center center","background-size":"auto","background-attachment":"scroll","background-type":"","background-media":"","overlay-type":"","overlay-color":"","overlay-opacity":"","overlay-gradient":""}},"ast-content-background-meta":{"desktop":{"background-color":"var(--ast-global-color-5)","background-image":"","background-repeat":"repeat","background-position":"center center","background-size":"auto","background-attachment":"scroll","background-type":"","background-media":"","overlay-type":"","overlay-color":"","overlay-opacity":"","overlay-gradient":""},"tablet":{"background-color":"var(--ast-global-color-5)","background-image":"","background-repeat":"repeat","background-position":"center center","background-size":"auto","background-attachment":"scroll","background-type":"","background-media":"","overlay-type":"","overlay-color":"","overlay-opacity":"","overlay-gradient":""},"mobile":{"background-color":"var(--ast-global-color-5)","background-image":"","background-repeat":"repeat","background-position":"center center","background-size":"auto","background-attachment":"scroll","background-type":"","background-media":"","overlay-type":"","overlay-color":"","overlay-opacity":"","overlay-gradient":""}}},"product_brand":[],"product_cat":[79],"product_tag":[],"class_list":{"0":"post-8624","1":"product","2":"type-product","3":"status-publish","4":"has-post-thumbnail","6":"product_cat-tie-rod-system","7":"desktop-align-left","8":"tablet-align-left","9":"mobile-align-left","10":"ast-product-gallery-layout-horizontal-slider","11":"ast-product-gallery-with-no-image","12":"ast-product-tabs-layout-horizontal","14":"first","15":"instock","16":"shipping-taxable","17":"purchasable","18":"product-type-simple"},"yoast_head":"<!-- This site is optimized with the Yoast SEO plugin v25.2 - https:\/\/yoast.com\/wordpress\/plugins\/seo\/ -->\n<title>Steel Tie Rod Cone<\/title>\n<meta name=\"description\" content=\"Steel Tie Rod Cones play a critical role in forming concrete structures by ensuring precise alignment and durability in construction.\" \/>\n<meta name=\"robots\" content=\"index, follow, max-snippet:-1, max-image-preview:large, max-video-preview:-1\" \/>\n<link rel=\"canonical\" href=\"https:\/\/qingdaohf.com\/hu\/termek\/acel-kotorud-kup\/\" \/>\n<meta property=\"og:locale\" content=\"hu_HU\" \/>\n<meta property=\"og:type\" content=\"article\" \/>\n<meta property=\"og:title\" content=\"Steel Tie Rod Cone\" \/>\n<meta property=\"og:description\" content=\"Steel Tie Rod Cones play a critical role in forming concrete structures by ensuring precise alignment and durability in construction.\" \/>\n<meta property=\"og:url\" content=\"https:\/\/qingdaohf.com\/hu\/termek\/acel-kotorud-kup\/\" \/>\n<meta property=\"og:site_name\" content=\"Concrete Form &amp; Rigging Hardware Supplier\" \/>\n<meta property=\"article:publisher\" content=\"https:\/\/www.facebook.com\/qingdaohf\" \/>\n<meta property=\"article:modified_time\" content=\"2025-11-13T01:02:21+00:00\" \/>\n<meta property=\"og:image\" content=\"https:\/\/qingdaohf.com\/wp-content\/uploads\/2025\/01\/steel-cone-tie-rod.webp\" \/>\n\t<meta property=\"og:image:width\" content=\"1000\" \/>\n\t<meta property=\"og:image:height\" content=\"1000\" \/>\n\t<meta property=\"og:image:type\" content=\"image\/webp\" \/>\n<meta name=\"twitter:card\" content=\"summary_large_image\" \/>\n<meta name=\"twitter:label1\" content=\"Becs\u00fclt olvas\u00e1si id\u0151\" \/>\n\t<meta name=\"twitter:data1\" content=\"3 perc\" \/>\n<script type=\"application\/ld+json\" class=\"yoast-schema-graph\">{\"@context\":\"https:\/\/schema.org\",\"@graph\":[{\"@type\":\"WebPage\",\"@id\":\"https:\/\/qingdaohf.com\/product\/steel-tie-rod-cone\/\",\"url\":\"https:\/\/qingdaohf.com\/product\/steel-tie-rod-cone\/\",\"name\":\"Steel Tie Rod Cone\",\"isPartOf\":{\"@id\":\"https:\/\/qingdaohf.com\/bg\/#website\"},\"primaryImageOfPage\":{\"@id\":\"https:\/\/qingdaohf.com\/product\/steel-tie-rod-cone\/#primaryimage\"},\"image\":{\"@id\":\"https:\/\/qingdaohf.com\/product\/steel-tie-rod-cone\/#primaryimage\"},\"thumbnailUrl\":\"https:\/\/qingdaohf.com\/wp-content\/uploads\/2025\/01\/steel-cone-tie-rod.webp\",\"datePublished\":\"2025-01-02T07:50:36+00:00\",\"dateModified\":\"2025-11-13T01:02:21+00:00\",\"description\":\"Steel Tie Rod Cones play a critical role in forming concrete structures by ensuring precise alignment and durability in construction.\",\"breadcrumb\":{\"@id\":\"https:\/\/qingdaohf.com\/product\/steel-tie-rod-cone\/#breadcrumb\"},\"inLanguage\":\"hu\",\"potentialAction\":[{\"@type\":\"ReadAction\",\"target\":[\"https:\/\/qingdaohf.com\/product\/steel-tie-rod-cone\/\"]}]},{\"@type\":\"ImageObject\",\"inLanguage\":\"hu\",\"@id\":\"https:\/\/qingdaohf.com\/product\/steel-tie-rod-cone\/#primaryimage\",\"url\":\"https:\/\/qingdaohf.com\/wp-content\/uploads\/2025\/01\/steel-cone-tie-rod.webp\",\"contentUrl\":\"https:\/\/qingdaohf.com\/wp-content\/uploads\/2025\/01\/steel-cone-tie-rod.webp\",\"width\":1000,\"height\":1000,\"caption\":\"steel cone tie rod\"},{\"@type\":\"BreadcrumbList\",\"@id\":\"https:\/\/qingdaohf.com\/product\/steel-tie-rod-cone\/#breadcrumb\",\"itemListElement\":[{\"@type\":\"ListItem\",\"position\":1,\"name\":\"Home\",\"item\":\"https:\/\/qingdaohf.com\/\"},{\"@type\":\"ListItem\",\"position\":2,\"name\":\"Concrete Forming Accessories and Rigging Hardware\",\"item\":\"https:\/\/qingdaohf.com\/bg\/?page_id=944\"},{\"@type\":\"ListItem\",\"position\":3,\"name\":\"Steel Tie Rod Cone\"}]},{\"@type\":\"WebSite\",\"@id\":\"https:\/\/qingdaohf.com\/bg\/#website\",\"url\":\"https:\/\/qingdaohf.com\/bg\/\",\"name\":\"Concrete Form & Rigging Hardware Supplier\",\"description\":\"\",\"publisher\":{\"@id\":\"https:\/\/qingdaohf.com\/bg\/#organization\"},\"potentialAction\":[{\"@type\":\"SearchAction\",\"target\":{\"@type\":\"EntryPoint\",\"urlTemplate\":\"https:\/\/qingdaohf.com\/bg\/?s={search_term_string}\"},\"query-input\":{\"@type\":\"PropertyValueSpecification\",\"valueRequired\":true,\"valueName\":\"search_term_string\"}}],\"inLanguage\":\"hu\"},{\"@type\":\"Organization\",\"@id\":\"https:\/\/qingdaohf.com\/bg\/#organization\",\"name\":\"Qingdao H&F\",\"url\":\"https:\/\/qingdaohf.com\/bg\/\",\"logo\":{\"@type\":\"ImageObject\",\"inLanguage\":\"hu\",\"@id\":\"https:\/\/qingdaohf.com\/bg\/#\/schema\/logo\/image\/\",\"url\":\"https:\/\/qingdaohf.com\/wp-content\/uploads\/2022\/12\/cropped-HF-LOGO.png\",\"contentUrl\":\"https:\/\/qingdaohf.com\/wp-content\/uploads\/2022\/12\/cropped-HF-LOGO.png\",\"width\":391,\"height\":249,\"caption\":\"Qingdao H&F\"},\"image\":{\"@id\":\"https:\/\/qingdaohf.com\/bg\/#\/schema\/logo\/image\/\"},\"sameAs\":[\"https:\/\/www.facebook.com\/qingdaohf\"]}]}<\/script>\n<!-- \/ Yoast SEO plugin. -->","yoast_head_json":{"title":"Steel Tie Rod Cone","description":"Steel Tie Rod Cones play a critical role in forming concrete structures by ensuring precise alignment and durability in construction.","robots":{"index":"index","follow":"follow","max-snippet":"max-snippet:-1","max-image-preview":"max-image-preview:large","max-video-preview":"max-video-preview:-1"},"canonical":"https:\/\/qingdaohf.com\/hu\/termek\/acel-kotorud-kup\/","og_locale":"hu_HU","og_type":"article","og_title":"Steel Tie Rod Cone","og_description":"Steel Tie Rod Cones play a critical role in forming concrete structures by ensuring precise alignment and durability in construction.","og_url":"https:\/\/qingdaohf.com\/hu\/termek\/acel-kotorud-kup\/","og_site_name":"Concrete Form &amp; Rigging Hardware Supplier","article_publisher":"https:\/\/www.facebook.com\/qingdaohf","article_modified_time":"2025-11-13T01:02:21+00:00","og_image":[{"width":1000,"height":1000,"url":"https:\/\/qingdaohf.com\/wp-content\/uploads\/2025\/01\/steel-cone-tie-rod.webp","type":"image\/webp"}],"twitter_card":"summary_large_image","twitter_misc":{"Becs\u00fclt olvas\u00e1si id\u0151":"3 perc"},"schema":{"@context":"https:\/\/schema.org","@graph":[{"@type":"WebPage","@id":"https:\/\/qingdaohf.com\/product\/steel-tie-rod-cone\/","url":"https:\/\/qingdaohf.com\/product\/steel-tie-rod-cone\/","name":"Steel Tie Rod Cone","isPartOf":{"@id":"https:\/\/qingdaohf.com\/bg\/#website"},"primaryImageOfPage":{"@id":"https:\/\/qingdaohf.com\/product\/steel-tie-rod-cone\/#primaryimage"},"image":{"@id":"https:\/\/qingdaohf.com\/product\/steel-tie-rod-cone\/#primaryimage"},"thumbnailUrl":"https:\/\/qingdaohf.com\/wp-content\/uploads\/2025\/01\/steel-cone-tie-rod.webp","datePublished":"2025-01-02T07:50:36+00:00","dateModified":"2025-11-13T01:02:21+00:00","description":"Steel Tie Rod Cones play a critical role in forming concrete structures by ensuring precise alignment and durability in construction.","breadcrumb":{"@id":"https:\/\/qingdaohf.com\/product\/steel-tie-rod-cone\/#breadcrumb"},"inLanguage":"hu","potentialAction":[{"@type":"ReadAction","target":["https:\/\/qingdaohf.com\/product\/steel-tie-rod-cone\/"]}]},{"@type":"ImageObject","inLanguage":"hu","@id":"https:\/\/qingdaohf.com\/product\/steel-tie-rod-cone\/#primaryimage","url":"https:\/\/qingdaohf.com\/wp-content\/uploads\/2025\/01\/steel-cone-tie-rod.webp","contentUrl":"https:\/\/qingdaohf.com\/wp-content\/uploads\/2025\/01\/steel-cone-tie-rod.webp","width":1000,"height":1000,"caption":"steel cone tie rod"},{"@type":"BreadcrumbList","@id":"https:\/\/qingdaohf.com\/product\/steel-tie-rod-cone\/#breadcrumb","itemListElement":[{"@type":"ListItem","position":1,"name":"Home","item":"https:\/\/qingdaohf.com\/"},{"@type":"ListItem","position":2,"name":"Concrete Forming Accessories and Rigging Hardware","item":"https:\/\/qingdaohf.com\/bg\/?page_id=944"},{"@type":"ListItem","position":3,"name":"Steel Tie Rod Cone"}]},{"@type":"WebSite","@id":"https:\/\/qingdaohf.com\/bg\/#website","url":"https:\/\/qingdaohf.com\/bg\/","name":"Concrete Form & Rigging Hardware Supplier","description":"","publisher":{"@id":"https:\/\/qingdaohf.com\/bg\/#organization"},"potentialAction":[{"@type":"SearchAction","target":{"@type":"EntryPoint","urlTemplate":"https:\/\/qingdaohf.com\/bg\/?s={search_term_string}"},"query-input":{"@type":"PropertyValueSpecification","valueRequired":true,"valueName":"search_term_string"}}],"inLanguage":"hu"},{"@type":"Organization","@id":"https:\/\/qingdaohf.com\/bg\/#organization","name":"Qingdao H&F","url":"https:\/\/qingdaohf.com\/bg\/","logo":{"@type":"ImageObject","inLanguage":"hu","@id":"https:\/\/qingdaohf.com\/bg\/#\/schema\/logo\/image\/","url":"https:\/\/qingdaohf.com\/wp-content\/uploads\/2022\/12\/cropped-HF-LOGO.png","contentUrl":"https:\/\/qingdaohf.com\/wp-content\/uploads\/2022\/12\/cropped-HF-LOGO.png","width":391,"height":249,"caption":"Qingdao H&F"},"image":{"@id":"https:\/\/qingdaohf.com\/bg\/#\/schema\/logo\/image\/"},"sameAs":["https:\/\/www.facebook.com\/qingdaohf"]}]}},"_links":{"self":[{"href":"https:\/\/qingdaohf.com\/hu\/wp-json\/wp\/v2\/product\/8624","targetHints":{"allow":["GET"]}}],"collection":[{"href":"https:\/\/qingdaohf.com\/hu\/wp-json\/wp\/v2\/product"}],"about":[{"href":"https:\/\/qingdaohf.com\/hu\/wp-json\/wp\/v2\/types\/product"}],"replies":[{"embeddable":true,"href":"https:\/\/qingdaohf.com\/hu\/wp-json\/wp\/v2\/comments?post=8624"}],"version-history":[{"count":1,"href":"https:\/\/qingdaohf.com\/hu\/wp-json\/wp\/v2\/product\/8624\/revisions"}],"predecessor-version":[{"id":8626,"href":"https:\/\/qingdaohf.com\/hu\/wp-json\/wp\/v2\/product\/8624\/revisions\/8626"}],"wp:featuredmedia":[{"embeddable":true,"href":"https:\/\/qingdaohf.com\/hu\/wp-json\/wp\/v2\/media\/8625"}],"wp:attachment":[{"href":"https:\/\/qingdaohf.com\/hu\/wp-json\/wp\/v2\/media?parent=8624"}],"wp:term":[{"taxonomy":"product_brand","embeddable":true,"href":"https:\/\/qingdaohf.com\/hu\/wp-json\/wp\/v2\/product_brand?post=8624"},{"taxonomy":"product_cat","embeddable":true,"href":"https:\/\/qingdaohf.com\/hu\/wp-json\/wp\/v2\/product_cat?post=8624"},{"taxonomy":"product_tag","embeddable":true,"href":"https:\/\/qingdaohf.com\/hu\/wp-json\/wp\/v2\/product_tag?post=8624"}],"curies":[{"name":"wp","href":"https:\/\/api.w.org\/{rel}","templated":true}]}}