{"id":8837,"date":"2025-01-18T10:11:43","date_gmt":"2025-01-18T02:11:43","guid":{"rendered":"http:\/\/qingdaohf.com\/?post_type=product&#038;p=8837"},"modified":"2025-11-13T09:02:20","modified_gmt":"2025-11-13T01:02:20","slug":"concrete-turnbuckle","status":"publish","type":"product","link":"https:\/\/qingdaohf.com\/hu\/termek\/betoncsatlakozo\/","title":{"rendered":"Beton csavark\u00f6t\u0151"},"content":{"rendered":"<h2 class=\"text-xl font-bold text-text-200 mt-1 -mb-0.5\">A betoncsavarok meg\u00e9rt\u00e9se<\/h2>\n<p class=\"whitespace-pre-wrap break-words\">Az \u00e9p\u00edt\u00e9si projektekn\u00e9l a betoncsavarok d\u00f6nt\u0151 szerepet j\u00e1tszanak a stabilit\u00e1s \u00e9s a pontoss\u00e1g fenntart\u00e1s\u00e1ban. Ezek az alapvet\u0151 fontoss\u00e1g\u00fa alkatr\u00e9szek lehet\u0151v\u00e9 teszik a v\u00e1llalkoz\u00f3k sz\u00e1m\u00e1ra a zsaluzat fesz\u00fclts\u00e9g\u00e9nek be\u00e1ll\u00edt\u00e1s\u00e1t, lehet\u0151v\u00e9 t\u00e9ve a pontos igaz\u00edt\u00e1st a betonoz\u00e1s sor\u00e1n. A H&amp;F-n\u00e9l tudjuk, hogy ezek a l\u00e1tsz\u00f3lag egyszer\u0171 eszk\u00f6z\u00f6k mennyire fontosak - egy projekt siker\u00e9t meghat\u00e1rozhatj\u00e1k vagy meghi\u00fas\u00edthatj\u00e1k.<\/p>\n<p class=\"whitespace-pre-wrap break-words\">Az \u00e9p\u00edt\u0151iparban els\u0151sorban k\u00e9tf\u00e9le betoncsavart haszn\u00e1lnak: hajl\u00edtott lemezes \u00e9s s\u00edk lemezes kivitelben. Mindegyiknek megvannak a maga el\u0151nyei, \u00edgy k\u00fcl\u00f6nb\u00f6z\u0151 t\u00edpus\u00fa projektekhez \u00e9s alkalmaz\u00e1sokhoz alkalmasak.<\/p>\n<div class=\"ast-oembed-container\" style=\"height: 100%;\"><iframe title=\"Beton csavark\u00f6t\u0151 formanyomtatv\u00e1ny igaz\u00edt\u00f3\" width=\"500\" height=\"281\" src=\"https:\/\/www.youtube.com\/embed\/1guP_DQRF1o?feature=oembed\" frameborder=\"0\" allow=\"accelerometer; autoplay; clipboard-write; encrypted-media; gyroscope; picture-in-picture; web-share\" referrerpolicy=\"strict-origin-when-cross-origin\" allowfullscreen><\/iframe><\/div>\n<h2 class=\"text-xl font-bold text-text-200 mt-1 -mb-0.5\">Hajl\u00edtott lemezcsatlakoz\u00f3k<\/h2>\n<p><img fetchpriority=\"high\" decoding=\"async\" class=\"alignnone size-medium wp-image-8806\" src=\"http:\/\/qingdaohf.com\/wp-content\/uploads\/2025\/01\/bent-plate-turnbuckle-9-300x300.jpg\" alt=\"hajl\u00edtott lemezcsatlakoz\u00f3\" width=\"300\" height=\"300\" srcset=\"https:\/\/qingdaohf.com\/wp-content\/uploads\/2025\/01\/bent-plate-turnbuckle-9-300x300.jpg 300w, https:\/\/qingdaohf.com\/wp-content\/uploads\/2025\/01\/bent-plate-turnbuckle-9-150x150.jpg 150w, https:\/\/qingdaohf.com\/wp-content\/uploads\/2025\/01\/bent-plate-turnbuckle-9-768x768.jpg 768w, https:\/\/qingdaohf.com\/wp-content\/uploads\/2025\/01\/bent-plate-turnbuckle-9-12x12.jpg 12w, https:\/\/qingdaohf.com\/wp-content\/uploads\/2025\/01\/bent-plate-turnbuckle-9-500x500.jpg 500w, https:\/\/qingdaohf.com\/wp-content\/uploads\/2025\/01\/bent-plate-turnbuckle-9-100x100.jpg 100w, https:\/\/qingdaohf.com\/wp-content\/uploads\/2025\/01\/bent-plate-turnbuckle-9.jpg 1000w\" sizes=\"(max-width: 300px) 100vw, 300px\" \/><\/p>\n<p class=\"whitespace-pre-wrap break-words\">A hajl\u00edtott lemezcsatlakoz\u00f3k jellegzetes \u00edvelt kialak\u00edt\u00e1ssal rendelkeznek, ami bizonyos alkalmaz\u00e1sokban el\u0151ny\u00f6s. Alakjuk nem csak a l\u00e1tv\u00e1ny kedv\u00e9\u00e9rt van - seg\u00edt az er\u0151 egyenletesebb eloszl\u00e1s\u00e1ban, ami k\u00fcl\u00f6n\u00f6sen \u00e9rt\u00e9kess\u00e9 teszi \u0151ket, ha v\u00e1ltoz\u00f3 terhel\u00e9sekkel vagy szokatlan ig\u00e9nybev\u00e9telekkel kell szemben\u00e9zni. Az \u00e9p\u00edt\u0151ipari csapatok gyakran ezeket a modelleket r\u00e9szes\u00edtik el\u0151nyben, ha gyakori be\u00e1ll\u00edt\u00e1sokat kell v\u00e9gezni\u00fck, mivel \u00e1ltal\u00e1ban k\u00f6nnyebb kezelni \u00e9s menet k\u00f6zben be\u00e1ll\u00edtani \u0151ket.<\/p>\n<p class=\"whitespace-pre-wrap break-words\">A H&amp;F-n\u00e9l a hajl\u00edtott lemezcsatlakoz\u00f3kat cs\u00facsmin\u0151s\u00e9g\u0171 anyagok felhaszn\u00e1l\u00e1s\u00e1val gy\u00e1rtjuk, \u00e9s minden egyes egys\u00e9get szigor\u00fa teszteknek vet\u00fcnk al\u00e1. Minden egyes csavark\u00f6t\u0151h\u00f6z r\u00e9szletes min\u0151s\u00e9gi jelent\u00e9s tartozik, \u00edgy pontosan tudja, hogy mit kap.<\/p>\n<h2 class=\"text-xl font-bold text-text-200 mt-1 -mb-0.5\">Lapos lemez csatol\u00f3karok<\/h2>\n<p><img decoding=\"async\" class=\"alignnone size-medium wp-image-8772\" src=\"http:\/\/qingdaohf.com\/wp-content\/uploads\/2025\/01\/flat-plate-turnbuckle-17-300x300.jpg\" alt=\"lapos lemezcsatlakoz\u00f3 \" width=\"300\" height=\"300\" srcset=\"https:\/\/qingdaohf.com\/wp-content\/uploads\/2025\/01\/flat-plate-turnbuckle-17-300x300.jpg 300w, https:\/\/qingdaohf.com\/wp-content\/uploads\/2025\/01\/flat-plate-turnbuckle-17-150x150.jpg 150w, https:\/\/qingdaohf.com\/wp-content\/uploads\/2025\/01\/flat-plate-turnbuckle-17-768x768.jpg 768w, https:\/\/qingdaohf.com\/wp-content\/uploads\/2025\/01\/flat-plate-turnbuckle-17-12x12.jpg 12w, https:\/\/qingdaohf.com\/wp-content\/uploads\/2025\/01\/flat-plate-turnbuckle-17-500x500.jpg 500w, https:\/\/qingdaohf.com\/wp-content\/uploads\/2025\/01\/flat-plate-turnbuckle-17-100x100.jpg 100w, https:\/\/qingdaohf.com\/wp-content\/uploads\/2025\/01\/flat-plate-turnbuckle-17.jpg 1000w\" sizes=\"(max-width: 300px) 100vw, 300px\" \/><\/p>\n<p class=\"whitespace-pre-wrap break-words\">Ha valami egyszer\u0171bbet keres, akkor a lapos lemezes csavark\u00f6t\u0151k lehetnek a legjobb v\u00e1laszt\u00e1s. Nem t\u00fal egyszer\u0171 kialak\u00edt\u00e1suknak k\u00f6sz\u00f6nhet\u0151en egyszer\u0171 a beszerel\u00e9s\u00fck, \u00e9s a legt\u00f6bb zsalurendszerhez sim\u00e1n illeszkednek. Sok v\u00e1llalkoz\u00f3 v\u00e1lasztja ezeket a modelleket, ha megb\u00edzhat\u00f3 teljes\u00edtm\u00e9nyre van sz\u00fcks\u00e9g\u00fck an\u00e9lk\u00fcl, hogy a bankot megroppantan\u00e1k.<\/p>\n<p class=\"whitespace-pre-wrap break-words\">A lapos lemezes csavark\u00f6t\u0151inket ugyanolyan r\u00e9szletess\u00e9ggel gy\u00e1rtjuk, mint hajl\u00edtott lemezes rokonaikat. K\u00f6zvetlen\u00fcl egy\u00fcttm\u0171k\u00f6d\u00fcnk \u00fcgyfeleinkkel, hogy meg\u00e9rts\u00fck egyedi ig\u00e9nyeiket, \u00edgy biztos\u00edtva, hogy pontosan azt kapj\u00e1k, amire a projektj\u00fcknek sz\u00fcks\u00e9ge van.<\/p>\n<h2 class=\"text-xl font-bold text-text-200 mt-1 -mb-0.5\">Mi\u00e9rt v\u00e1lassza a H&amp;F-et a betoncsavaroz\u00f3khoz?<\/h2>\n<p class=\"whitespace-pre-wrap break-words\">A megfelel\u0151 besz\u00e1ll\u00edt\u00f3 kiv\u00e1laszt\u00e1sa legal\u00e1bb annyira fontos, mint a megfelel\u0151 term\u00e9k kiv\u00e1laszt\u00e1sa. A H&amp;F-n\u00e9l mi nem csak a cs\u0151bilincsek elad\u00e1s\u00e1n t\u00falmutatunk - mi partners\u00e9get \u00e9p\u00edt\u00fcnk. Szem\u00e9lyre szabott megk\u00f6zel\u00edt\u00e9s\u00fcnk azt jelenti, hogy egy elk\u00f6telezett k\u00e9pvisel\u0151vel fog dolgozni, aki meg\u00e9rti az \u00d6n projektj\u00e9nek egyedi kih\u00edv\u00e1sait \u00e9s k\u00f6vetelm\u00e9nyeit.<\/p>\n<p class=\"whitespace-pre-wrap break-words\">Tudjuk, hogy az \u00e9p\u00edt\u00e9si hat\u00e1rid\u0151k szorosak, ez\u00e9rt egyszer\u0171s\u00edtett\u00fck sz\u00e1ll\u00edt\u00e1si folyamatunkat, hogy akkor kapja meg, amire sz\u00fcks\u00e9ge van, amikor sz\u00fcks\u00e9ge van r\u00e1. A k\u00e9s\u00e9sek p\u00e9nzbe ker\u00fclnek, \u00e9s mi elk\u00f6telezettek vagyunk amellett, hogy projektj\u00e9t a tervek szerint tartsuk.<\/p>\n<p class=\"whitespace-pre-wrap break-words\">A min\u0151s\u00e9g sz\u00e1munkra nem csak egy divatos sz\u00f3 - minden tev\u00e9kenys\u00e9g\u00fcnkbe bele van \u00e9p\u00edtve. Minden egyes cs\u0151v\u00e1z \u00e1tfog\u00f3 tesztel\u00e9sen megy kereszt\u00fcl, miel\u0151tt elhagyja a l\u00e9tes\u00edtm\u00e9ny\u00fcnket. R\u00e9szletes vizsg\u00e1lati dokument\u00e1ci\u00f3t biztos\u00edtunk, hogy \u00d6n meggy\u0151z\u0151dhessen arr\u00f3l, hogy minden term\u00e9k megfelel vagy meghaladja az ipari szabv\u00e1nyokat.<\/p>\n<p class=\"whitespace-pre-wrap break-words\">Ak\u00e1r hajl\u00edtott lemezes, ak\u00e1r lapos lemezes csavarcsatokra van sz\u00fcks\u00e9ge, k\u00fcl\u00f6nb\u00f6z\u0151 m\u00e9reteket \u00e9s konfigur\u00e1ci\u00f3kat k\u00edn\u00e1lunk, hogy megfeleljenek az \u00d6n egyedi alkalmaz\u00e1s\u00e1nak. Csapatunk mindig k\u00e9szen \u00e1ll arra, hogy seg\u00edtsen \u00d6nnek kiv\u00e1lasztani a megfelel\u0151 opci\u00f3t, vagy egyedi megold\u00e1st dolgozzon ki az \u00d6n egyedi kih\u00edv\u00e1saira. Meg\u00e9rtj\u00fck, hogy nincs k\u00e9t egyforma \u00e9p\u00edt\u00e9si projekt, \u00e9s mi az\u00e9rt vagyunk itt, hogy az \u00d6n egyedi helyzet\u00e9hez megfelel\u0151 csavarcsapokat biztos\u00edtsunk.<\/p>","protected":false},"excerpt":{"rendered":"<p>A betoncsavarok m\u00e1r j\u00f3 ideje az \u00e9p\u00edt\u0151ipar egyik f\u0151 t\u00e1masza, \u00e9s a zsaluz\u00e1s sor\u00e1n biztos\u00edtj\u00e1k a fesz\u00edt\u00e9s \u00e9s az igaz\u00edt\u00e1s pontoss\u00e1g\u00e1t. A legt\u00f6bb ilyen csavarkulcs v\u00e1s\u00e1rl\u00f3ja a tart\u00f3ss\u00e1g, a k\u00f6nny\u0171 kezelhet\u0151s\u00e9g \u00e9s az optim\u00e1lis teljes\u00edtm\u00e9ny szempontjait veszi figyelembe. A H&amp;F-t\u0151l k\u00fcl\u00f6nb\u00f6z\u0151 projektekhez k\u00edn\u00e1lunk k\u00fcl\u00f6nb\u00f6z\u0151 term\u00e9keket: hajl\u00edtott lemez \u00e9s s\u00edklemez v\u00e1ltozatokat, garant\u00e1lt egy az egyben \u00fcgyf\u00e9lszolg\u00e1lattal, amely lehet\u0151v\u00e9 teszi a term\u00e9kek testre szab\u00e1s\u00e1t, a gyors sz\u00e1ll\u00edt\u00e1si ciklusokat \u00e9s a teljes k\u00f6r\u0171 min\u0151s\u00e9gellen\u0151rz\u00e9si jelent\u00e9seket, amelyek a v\u00e9g\u00e9n biztos\u00edt\u00e9kot adnak.<\/p>","protected":false},"featured_media":9146,"comment_status":"open","ping_status":"closed","template":"","meta":{"site-sidebar-layout":"default","site-content-layout":"","ast-site-content-layout":"default","site-content-style":"default","site-sidebar-style":"default","ast-global-header-display":"","ast-banner-title-visibility":"","ast-main-header-display":"","ast-hfb-above-header-display":"","ast-hfb-below-header-display":"","ast-hfb-mobile-header-display":"","site-post-title":"","ast-breadcrumbs-content":"","ast-featured-img":"","footer-sml-layout":"","theme-transparent-header-meta":"default","adv-header-id-meta":"","stick-header-meta":"default","header-above-stick-meta":"","header-main-stick-meta":"","header-below-stick-meta":"","astra-migrate-meta-layouts":"set","ast-page-background-enabled":"default","ast-page-background-meta":{"desktop":{"background-color":"","background-image":"","background-repeat":"repeat","background-position":"center center","background-size":"auto","background-attachment":"scroll","background-type":"","background-media":"","overlay-type":"","overlay-color":"","overlay-opacity":"","overlay-gradient":""},"tablet":{"background-color":"","background-image":"","background-repeat":"repeat","background-position":"center center","background-size":"auto","background-attachment":"scroll","background-type":"","background-media":"","overlay-type":"","overlay-color":"","overlay-opacity":"","overlay-gradient":""},"mobile":{"background-color":"","background-image":"","background-repeat":"repeat","background-position":"center center","background-size":"auto","background-attachment":"scroll","background-type":"","background-media":"","overlay-type":"","overlay-color":"","overlay-opacity":"","overlay-gradient":""}},"ast-content-background-meta":{"desktop":{"background-color":"var(--ast-global-color-5)","background-image":"","background-repeat":"repeat","background-position":"center center","background-size":"auto","background-attachment":"scroll","background-type":"","background-media":"","overlay-type":"","overlay-color":"","overlay-opacity":"","overlay-gradient":""},"tablet":{"background-color":"var(--ast-global-color-5)","background-image":"","background-repeat":"repeat","background-position":"center center","background-size":"auto","background-attachment":"scroll","background-type":"","background-media":"","overlay-type":"","overlay-color":"","overlay-opacity":"","overlay-gradient":""},"mobile":{"background-color":"var(--ast-global-color-5)","background-image":"","background-repeat":"repeat","background-position":"center center","background-size":"auto","background-attachment":"scroll","background-type":"","background-media":"","overlay-type":"","overlay-color":"","overlay-opacity":"","overlay-gradient":""}}},"product_brand":[],"product_cat":[28],"product_tag":[],"class_list":{"0":"post-8837","1":"product","2":"type-product","3":"status-publish","4":"has-post-thumbnail","6":"product_cat-concrete-forming","7":"desktop-align-left","8":"tablet-align-left","9":"mobile-align-left","10":"ast-product-gallery-layout-horizontal-slider","11":"ast-product-tabs-layout-horizontal","13":"first","14":"instock","15":"shipping-taxable","16":"purchasable","17":"product-type-simple"},"yoast_head":"<!-- This site is optimized with the Yoast SEO plugin v25.2 - https:\/\/yoast.com\/wordpress\/plugins\/seo\/ -->\n<title>Concrete Turnbuckle<\/title>\n<meta name=\"description\" content=\"Concrete turnbuckles have been a mainstay in the construction industry for quite some time and ensure accuracy in tensioning and alignment during formwork.\" \/>\n<meta name=\"robots\" content=\"index, follow, max-snippet:-1, max-image-preview:large, max-video-preview:-1\" \/>\n<link rel=\"canonical\" href=\"https:\/\/qingdaohf.com\/hu\/termek\/betoncsatlakozo\/\" \/>\n<meta property=\"og:locale\" content=\"hu_HU\" \/>\n<meta property=\"og:type\" content=\"article\" \/>\n<meta property=\"og:title\" content=\"Concrete Turnbuckle\" \/>\n<meta property=\"og:description\" content=\"Concrete turnbuckles have been a mainstay in the construction industry for quite some time and ensure accuracy in tensioning and alignment during formwork.\" \/>\n<meta property=\"og:url\" content=\"https:\/\/qingdaohf.com\/hu\/termek\/betoncsatlakozo\/\" \/>\n<meta property=\"og:site_name\" content=\"Concrete Form &amp; Rigging Hardware Supplier\" \/>\n<meta property=\"article:publisher\" content=\"https:\/\/www.facebook.com\/qingdaohf\" \/>\n<meta property=\"article:modified_time\" content=\"2025-11-13T01:02:20+00:00\" \/>\n<meta property=\"og:image\" content=\"https:\/\/qingdaohf.com\/wp-content\/uploads\/2025\/01\/turnbuckle-form-aligner.jpg\" \/>\n\t<meta property=\"og:image:width\" content=\"1000\" \/>\n\t<meta property=\"og:image:height\" content=\"1000\" \/>\n\t<meta property=\"og:image:type\" content=\"image\/jpeg\" \/>\n<meta name=\"twitter:card\" content=\"summary_large_image\" \/>\n<meta name=\"twitter:label1\" content=\"Becs\u00fclt olvas\u00e1si id\u0151\" \/>\n\t<meta name=\"twitter:data1\" content=\"3 perc\" \/>\n<script type=\"application\/ld+json\" class=\"yoast-schema-graph\">{\"@context\":\"https:\/\/schema.org\",\"@graph\":[{\"@type\":\"WebPage\",\"@id\":\"https:\/\/qingdaohf.com\/product\/concrete-turnbuckle\/\",\"url\":\"https:\/\/qingdaohf.com\/product\/concrete-turnbuckle\/\",\"name\":\"Concrete Turnbuckle\",\"isPartOf\":{\"@id\":\"https:\/\/qingdaohf.com\/bg\/#website\"},\"primaryImageOfPage\":{\"@id\":\"https:\/\/qingdaohf.com\/product\/concrete-turnbuckle\/#primaryimage\"},\"image\":{\"@id\":\"https:\/\/qingdaohf.com\/product\/concrete-turnbuckle\/#primaryimage\"},\"thumbnailUrl\":\"https:\/\/qingdaohf.com\/wp-content\/uploads\/2025\/01\/turnbuckle-form-aligner.jpg\",\"datePublished\":\"2025-01-18T02:11:43+00:00\",\"dateModified\":\"2025-11-13T01:02:20+00:00\",\"description\":\"Concrete turnbuckles have been a mainstay in the construction industry for quite some time and ensure accuracy in tensioning and alignment during formwork.\",\"breadcrumb\":{\"@id\":\"https:\/\/qingdaohf.com\/product\/concrete-turnbuckle\/#breadcrumb\"},\"inLanguage\":\"hu\",\"potentialAction\":[{\"@type\":\"ReadAction\",\"target\":[\"https:\/\/qingdaohf.com\/product\/concrete-turnbuckle\/\"]}]},{\"@type\":\"ImageObject\",\"inLanguage\":\"hu\",\"@id\":\"https:\/\/qingdaohf.com\/product\/concrete-turnbuckle\/#primaryimage\",\"url\":\"https:\/\/qingdaohf.com\/wp-content\/uploads\/2025\/01\/turnbuckle-form-aligner.jpg\",\"contentUrl\":\"https:\/\/qingdaohf.com\/wp-content\/uploads\/2025\/01\/turnbuckle-form-aligner.jpg\",\"width\":1000,\"height\":1000,\"caption\":\"turnbuckle form aligner\"},{\"@type\":\"BreadcrumbList\",\"@id\":\"https:\/\/qingdaohf.com\/product\/concrete-turnbuckle\/#breadcrumb\",\"itemListElement\":[{\"@type\":\"ListItem\",\"position\":1,\"name\":\"Home\",\"item\":\"https:\/\/qingdaohf.com\/\"},{\"@type\":\"ListItem\",\"position\":2,\"name\":\"Concrete Forming Accessories and Rigging Hardware\",\"item\":\"https:\/\/qingdaohf.com\/bg\/?page_id=944\"},{\"@type\":\"ListItem\",\"position\":3,\"name\":\"Concrete Turnbuckle\"}]},{\"@type\":\"WebSite\",\"@id\":\"https:\/\/qingdaohf.com\/bg\/#website\",\"url\":\"https:\/\/qingdaohf.com\/bg\/\",\"name\":\"Concrete Form & Rigging Hardware Supplier\",\"description\":\"\",\"publisher\":{\"@id\":\"https:\/\/qingdaohf.com\/bg\/#organization\"},\"potentialAction\":[{\"@type\":\"SearchAction\",\"target\":{\"@type\":\"EntryPoint\",\"urlTemplate\":\"https:\/\/qingdaohf.com\/bg\/?s={search_term_string}\"},\"query-input\":{\"@type\":\"PropertyValueSpecification\",\"valueRequired\":true,\"valueName\":\"search_term_string\"}}],\"inLanguage\":\"hu\"},{\"@type\":\"Organization\",\"@id\":\"https:\/\/qingdaohf.com\/bg\/#organization\",\"name\":\"Qingdao H&F\",\"url\":\"https:\/\/qingdaohf.com\/bg\/\",\"logo\":{\"@type\":\"ImageObject\",\"inLanguage\":\"hu\",\"@id\":\"https:\/\/qingdaohf.com\/bg\/#\/schema\/logo\/image\/\",\"url\":\"https:\/\/qingdaohf.com\/wp-content\/uploads\/2022\/12\/cropped-HF-LOGO.png\",\"contentUrl\":\"https:\/\/qingdaohf.com\/wp-content\/uploads\/2022\/12\/cropped-HF-LOGO.png\",\"width\":391,\"height\":249,\"caption\":\"Qingdao H&F\"},\"image\":{\"@id\":\"https:\/\/qingdaohf.com\/bg\/#\/schema\/logo\/image\/\"},\"sameAs\":[\"https:\/\/www.facebook.com\/qingdaohf\"]}]}<\/script>\n<!-- \/ Yoast SEO plugin. -->","yoast_head_json":{"title":"Concrete Turnbuckle","description":"Concrete turnbuckles have been a mainstay in the construction industry for quite some time and ensure accuracy in tensioning and alignment during formwork.","robots":{"index":"index","follow":"follow","max-snippet":"max-snippet:-1","max-image-preview":"max-image-preview:large","max-video-preview":"max-video-preview:-1"},"canonical":"https:\/\/qingdaohf.com\/hu\/termek\/betoncsatlakozo\/","og_locale":"hu_HU","og_type":"article","og_title":"Concrete Turnbuckle","og_description":"Concrete turnbuckles have been a mainstay in the construction industry for quite some time and ensure accuracy in tensioning and alignment during formwork.","og_url":"https:\/\/qingdaohf.com\/hu\/termek\/betoncsatlakozo\/","og_site_name":"Concrete Form &amp; Rigging Hardware Supplier","article_publisher":"https:\/\/www.facebook.com\/qingdaohf","article_modified_time":"2025-11-13T01:02:20+00:00","og_image":[{"width":1000,"height":1000,"url":"https:\/\/qingdaohf.com\/wp-content\/uploads\/2025\/01\/turnbuckle-form-aligner.jpg","type":"image\/jpeg"}],"twitter_card":"summary_large_image","twitter_misc":{"Becs\u00fclt olvas\u00e1si id\u0151":"3 perc"},"schema":{"@context":"https:\/\/schema.org","@graph":[{"@type":"WebPage","@id":"https:\/\/qingdaohf.com\/product\/concrete-turnbuckle\/","url":"https:\/\/qingdaohf.com\/product\/concrete-turnbuckle\/","name":"Concrete Turnbuckle","isPartOf":{"@id":"https:\/\/qingdaohf.com\/bg\/#website"},"primaryImageOfPage":{"@id":"https:\/\/qingdaohf.com\/product\/concrete-turnbuckle\/#primaryimage"},"image":{"@id":"https:\/\/qingdaohf.com\/product\/concrete-turnbuckle\/#primaryimage"},"thumbnailUrl":"https:\/\/qingdaohf.com\/wp-content\/uploads\/2025\/01\/turnbuckle-form-aligner.jpg","datePublished":"2025-01-18T02:11:43+00:00","dateModified":"2025-11-13T01:02:20+00:00","description":"Concrete turnbuckles have been a mainstay in the construction industry for quite some time and ensure accuracy in tensioning and alignment during formwork.","breadcrumb":{"@id":"https:\/\/qingdaohf.com\/product\/concrete-turnbuckle\/#breadcrumb"},"inLanguage":"hu","potentialAction":[{"@type":"ReadAction","target":["https:\/\/qingdaohf.com\/product\/concrete-turnbuckle\/"]}]},{"@type":"ImageObject","inLanguage":"hu","@id":"https:\/\/qingdaohf.com\/product\/concrete-turnbuckle\/#primaryimage","url":"https:\/\/qingdaohf.com\/wp-content\/uploads\/2025\/01\/turnbuckle-form-aligner.jpg","contentUrl":"https:\/\/qingdaohf.com\/wp-content\/uploads\/2025\/01\/turnbuckle-form-aligner.jpg","width":1000,"height":1000,"caption":"turnbuckle form aligner"},{"@type":"BreadcrumbList","@id":"https:\/\/qingdaohf.com\/product\/concrete-turnbuckle\/#breadcrumb","itemListElement":[{"@type":"ListItem","position":1,"name":"Home","item":"https:\/\/qingdaohf.com\/"},{"@type":"ListItem","position":2,"name":"Concrete Forming Accessories and Rigging Hardware","item":"https:\/\/qingdaohf.com\/bg\/?page_id=944"},{"@type":"ListItem","position":3,"name":"Concrete Turnbuckle"}]},{"@type":"WebSite","@id":"https:\/\/qingdaohf.com\/bg\/#website","url":"https:\/\/qingdaohf.com\/bg\/","name":"Concrete Form & Rigging Hardware Supplier","description":"","publisher":{"@id":"https:\/\/qingdaohf.com\/bg\/#organization"},"potentialAction":[{"@type":"SearchAction","target":{"@type":"EntryPoint","urlTemplate":"https:\/\/qingdaohf.com\/bg\/?s={search_term_string}"},"query-input":{"@type":"PropertyValueSpecification","valueRequired":true,"valueName":"search_term_string"}}],"inLanguage":"hu"},{"@type":"Organization","@id":"https:\/\/qingdaohf.com\/bg\/#organization","name":"Qingdao H&F","url":"https:\/\/qingdaohf.com\/bg\/","logo":{"@type":"ImageObject","inLanguage":"hu","@id":"https:\/\/qingdaohf.com\/bg\/#\/schema\/logo\/image\/","url":"https:\/\/qingdaohf.com\/wp-content\/uploads\/2022\/12\/cropped-HF-LOGO.png","contentUrl":"https:\/\/qingdaohf.com\/wp-content\/uploads\/2022\/12\/cropped-HF-LOGO.png","width":391,"height":249,"caption":"Qingdao H&F"},"image":{"@id":"https:\/\/qingdaohf.com\/bg\/#\/schema\/logo\/image\/"},"sameAs":["https:\/\/www.facebook.com\/qingdaohf"]}]}},"_links":{"self":[{"href":"https:\/\/qingdaohf.com\/hu\/wp-json\/wp\/v2\/product\/8837","targetHints":{"allow":["GET"]}}],"collection":[{"href":"https:\/\/qingdaohf.com\/hu\/wp-json\/wp\/v2\/product"}],"about":[{"href":"https:\/\/qingdaohf.com\/hu\/wp-json\/wp\/v2\/types\/product"}],"replies":[{"embeddable":true,"href":"https:\/\/qingdaohf.com\/hu\/wp-json\/wp\/v2\/comments?post=8837"}],"version-history":[{"count":4,"href":"https:\/\/qingdaohf.com\/hu\/wp-json\/wp\/v2\/product\/8837\/revisions"}],"predecessor-version":[{"id":9147,"href":"https:\/\/qingdaohf.com\/hu\/wp-json\/wp\/v2\/product\/8837\/revisions\/9147"}],"wp:featuredmedia":[{"embeddable":true,"href":"https:\/\/qingdaohf.com\/hu\/wp-json\/wp\/v2\/media\/9146"}],"wp:attachment":[{"href":"https:\/\/qingdaohf.com\/hu\/wp-json\/wp\/v2\/media?parent=8837"}],"wp:term":[{"taxonomy":"product_brand","embeddable":true,"href":"https:\/\/qingdaohf.com\/hu\/wp-json\/wp\/v2\/product_brand?post=8837"},{"taxonomy":"product_cat","embeddable":true,"href":"https:\/\/qingdaohf.com\/hu\/wp-json\/wp\/v2\/product_cat?post=8837"},{"taxonomy":"product_tag","embeddable":true,"href":"https:\/\/qingdaohf.com\/hu\/wp-json\/wp\/v2\/product_tag?post=8837"}],"curies":[{"name":"wp","href":"https:\/\/api.w.org\/{rel}","templated":true}]}}